{"id":7463,"date":"2025-01-31T18:31:17","date_gmt":"2025-01-31T17:31:17","guid":{"rendered":"https:\/\/brillancy.hu\/?post_type=product&#038;p=7463"},"modified":"2025-10-17T10:56:15","modified_gmt":"2025-10-17T09:56:15","slug":"merlin-feherarany-eljegyzesi-gyuru","status":"publish","type":"product","link":"https:\/\/brillancy.hu\/en\/product\/merlin-feherarany-eljegyzesi-gyuru\/","title":{"rendered":"Merlin white gold engagement ring"},"content":{"rendered":"<p>Merlin white gold engagement ring<\/p>\n<p>Exceptional-looking <strong>14 karat white gold<\/strong> gy\u00e9m\u00e1nt gy\u0171r\u0171, minden alkalomra.\u00a0 A <strong>middle<\/strong> triangle shape <strong>0,06 ct<\/strong> weight of gemstones which <strong>page of 3 mm long<\/strong> a shining beauty <strong>natural white diamond<\/strong>.<\/p>\n<p>A k\u00f6z\u00e9ps\u0151 foglalatb\u00f3l kiindulva <strong>4 direction<\/strong> total <strong>52 piece<\/strong> brilliant cut <strong>each 0.8 mm in diameter<\/strong> <strong>white natural diamond shine<\/strong>, which<strong> weight 0,10 ct<\/strong>. <strong>Two pages<\/strong> floating effect to <strong>6 pieces of brilliant cut blue diamonds<\/strong> resplendent that <strong>a total of 0.13 \u00b5m process ct in weight<\/strong>, 2 \u00d7 2 mm 2 x 1,7 mm and 2 x 1.5 mm diamonds are available. <strong>Unique white gold diamond engagement ring.<\/strong><\/p>\n<ul>\n<li><strong>Material: <\/strong>gold<\/li>\n<li><strong>Fineness:<\/strong> 585 thousandth, 14 carat<\/li>\n<li><strong>Gemstone:<\/strong> brilliant and trillion cut diamond<\/li>\n<\/ul>\n<p>Gemstone: natural diamonds<br \/>\nEternal life guarantee: material errors and gems<br \/>\nHow you can save? If you have time you arrive showroom, a 5% discount on the order jewelry price.<br \/>\nPay broken with gold! Damaged, old, or never used gold hiding at home in the cupboards? Bring it in to us and get a discount, trade-in you, the selected ring price.<br \/>\nLike the jewelry, but other gems did you imagine it? It&#039;s not a problem. We like to give you an offer to the expected ideas. Find us with confidence!<\/p>","protected":false},"excerpt":{"rendered":"<p>Merlin feh\u00e9rarany gy\u0171r\u0171 . Kiv\u00e9teles kin\u00e9zet\u0171 14 kar\u00e1tos feh\u00e9rarany gy\u00e9m\u00e1nt gy\u0171r\u0171, minden alkalomra.\u00a0legyen \u00e9vfordul\u00f3, vagy sz\u00fclet\u00e9snap<\/p>","protected":false},"featured_media":11644,"comment_status":"closed","ping_status":"closed","template":"","meta":[],"product_brand":[],"product_cat":[19,32,127],"product_tag":[],"class_list":{"0":"post-7463","1":"product","2":"type-product","3":"status-publish","4":"has-post-thumbnail","6":"product_cat-design-ekszerek","7":"product_cat-modern","8":"product_cat-neo-deco","10":"first","11":"instock","12":"purchasable","13":"product-type-simple"},"yoast_head":"<!-- This site is optimized with the Yoast SEO Premium plugin v27.0 (Yoast SEO v27.0) - https:\/\/yoast.com\/product\/yoast-seo-premium-wordpress\/ -->\n<title>Merlin feh\u00e9rarany eljegyz\u00e9si gy\u0171r\u0171 - Brillancy<\/title>\n<meta name=\"description\" content=\"Merlin feh\u00e9rarany gy\u0171r\u0171 - Kiv\u00e9teles kin\u00e9zet\u0171 14 kar\u00e1tos feh\u00e9rarany gy\u00e9m\u00e1nt gy\u0171r\u0171, minden alkalomra.\u00a0legyen \u00e9vfordul\u00f3, vagy sz\u00fclet\u00e9snap\" \/>\n<meta name=\"robots\" content=\"index, follow, max-snippet:-1, max-image-preview:large, max-video-preview:-1\" \/>\n<link rel=\"canonical\" href=\"https:\/\/brillancy.hu\/en\/product\/merlin-feherarany-eljegyzesi-gyuru\/\" \/>\n<meta property=\"og:locale\" content=\"en_GB\" \/>\n<meta property=\"og:type\" content=\"article\" \/>\n<meta property=\"og:title\" content=\"Merlin feh\u00e9rarany eljegyz\u00e9si gy\u0171r\u0171\" \/>\n<meta property=\"og:description\" content=\"Merlin feh\u00e9rarany gy\u0171r\u0171 - Kiv\u00e9teles kin\u00e9zet\u0171 14 kar\u00e1tos feh\u00e9rarany gy\u00e9m\u00e1nt gy\u0171r\u0171, minden alkalomra.\u00a0legyen \u00e9vfordul\u00f3, vagy sz\u00fclet\u00e9snap\" \/>\n<meta property=\"og:url\" content=\"https:\/\/brillancy.hu\/en\/product\/merlin-feherarany-eljegyzesi-gyuru\/\" \/>\n<meta property=\"og:site_name\" content=\"Brillancy\" \/>\n<meta property=\"article:modified_time\" content=\"2025-10-17T09:56:15+00:00\" \/>\n<meta property=\"og:image\" content=\"https:\/\/brillancy.hu\/wp-content\/uploads\/2025\/01\/merlin.png\" \/>\n\t<meta property=\"og:image:width\" content=\"1024\" \/>\n\t<meta property=\"og:image:height\" content=\"1024\" \/>\n\t<meta property=\"og:image:type\" content=\"image\/png\" \/>\n<meta name=\"twitter:card\" content=\"summary_large_image\" \/>\n<meta name=\"twitter:label1\" content=\"Estimated reading time\" \/>\n\t<meta name=\"twitter:data1\" content=\"2 minutes\" \/>\n<script type=\"application\/ld+json\" class=\"yoast-schema-graph\">{\"@context\":\"https:\/\/schema.org\",\"@graph\":[{\"@type\":\"WebPage\",\"@id\":\"https:\/\/brillancy.hu\/product\/merlin-feherarany-eljegyzesi-gyuru\/\",\"url\":\"https:\/\/brillancy.hu\/product\/merlin-feherarany-eljegyzesi-gyuru\/\",\"name\":\"Merlin feh\u00e9rarany eljegyz\u00e9si gy\u0171r\u0171 - Brillancy\",\"isPartOf\":{\"@id\":\"https:\/\/brillancy.hu\/#website\"},\"primaryImageOfPage\":{\"@id\":\"https:\/\/brillancy.hu\/product\/merlin-feherarany-eljegyzesi-gyuru\/#primaryimage\"},\"image\":{\"@id\":\"https:\/\/brillancy.hu\/product\/merlin-feherarany-eljegyzesi-gyuru\/#primaryimage\"},\"thumbnailUrl\":\"https:\/\/brillancy.hu\/wp-content\/uploads\/2025\/01\/merlin.png\",\"datePublished\":\"2025-01-31T17:31:17+00:00\",\"dateModified\":\"2025-10-17T09:56:15+00:00\",\"description\":\"Merlin feh\u00e9rarany gy\u0171r\u0171 - Kiv\u00e9teles kin\u00e9zet\u0171 14 kar\u00e1tos feh\u00e9rarany gy\u00e9m\u00e1nt gy\u0171r\u0171, minden alkalomra.\u00a0legyen \u00e9vfordul\u00f3, vagy sz\u00fclet\u00e9snap\",\"breadcrumb\":{\"@id\":\"https:\/\/brillancy.hu\/product\/merlin-feherarany-eljegyzesi-gyuru\/#breadcrumb\"},\"inLanguage\":\"en-GB\",\"potentialAction\":[{\"@type\":\"ReadAction\",\"target\":[\"https:\/\/brillancy.hu\/product\/merlin-feherarany-eljegyzesi-gyuru\/\"]}]},{\"@type\":\"ImageObject\",\"inLanguage\":\"en-GB\",\"@id\":\"https:\/\/brillancy.hu\/product\/merlin-feherarany-eljegyzesi-gyuru\/#primaryimage\",\"url\":\"https:\/\/brillancy.hu\/wp-content\/uploads\/2025\/01\/merlin.png\",\"contentUrl\":\"https:\/\/brillancy.hu\/wp-content\/uploads\/2025\/01\/merlin.png\",\"width\":1024,\"height\":1024,\"caption\":\"Merlin feh\u00e9rarany eljegyz\u00e9si gy\u0171r\u0171\"},{\"@type\":\"BreadcrumbList\",\"@id\":\"https:\/\/brillancy.hu\/product\/merlin-feherarany-eljegyzesi-gyuru\/#breadcrumb\",\"itemListElement\":[{\"@type\":\"ListItem\",\"position\":1,\"name\":\"Home\",\"item\":\"https:\/\/brillancy.hu\/\"},{\"@type\":\"ListItem\",\"position\":2,\"name\":\"Term\u00e9kek\",\"item\":\"https:\/\/brillancy.hu\/termekek\/\"},{\"@type\":\"ListItem\",\"position\":3,\"name\":\"Merlin feh\u00e9rarany eljegyz\u00e9si gy\u0171r\u0171\"}]},{\"@type\":\"WebSite\",\"@id\":\"https:\/\/brillancy.hu\/#website\",\"url\":\"https:\/\/brillancy.hu\/\",\"name\":\"Brillancy\",\"description\":\"\",\"potentialAction\":[{\"@type\":\"SearchAction\",\"target\":{\"@type\":\"EntryPoint\",\"urlTemplate\":\"https:\/\/brillancy.hu\/?s={search_term_string}\"},\"query-input\":{\"@type\":\"PropertyValueSpecification\",\"valueRequired\":true,\"valueName\":\"search_term_string\"}}],\"inLanguage\":\"en-GB\"}]}<\/script>\n<!-- \/ Yoast SEO Premium plugin. -->","yoast_head_json":{"title":"Merlin feh\u00e9rarany eljegyz\u00e9si gy\u0171r\u0171 - Brillancy","description":"Merlin feh\u00e9rarany gy\u0171r\u0171 - Kiv\u00e9teles kin\u00e9zet\u0171 14 kar\u00e1tos feh\u00e9rarany gy\u00e9m\u00e1nt gy\u0171r\u0171, minden alkalomra.\u00a0legyen \u00e9vfordul\u00f3, vagy sz\u00fclet\u00e9snap","robots":{"index":"index","follow":"follow","max-snippet":"max-snippet:-1","max-image-preview":"max-image-preview:large","max-video-preview":"max-video-preview:-1"},"canonical":"https:\/\/brillancy.hu\/en\/product\/merlin-feherarany-eljegyzesi-gyuru\/","og_locale":"en_GB","og_type":"article","og_title":"Merlin feh\u00e9rarany eljegyz\u00e9si gy\u0171r\u0171","og_description":"Merlin feh\u00e9rarany gy\u0171r\u0171 - Kiv\u00e9teles kin\u00e9zet\u0171 14 kar\u00e1tos feh\u00e9rarany gy\u00e9m\u00e1nt gy\u0171r\u0171, minden alkalomra.\u00a0legyen \u00e9vfordul\u00f3, vagy sz\u00fclet\u00e9snap","og_url":"https:\/\/brillancy.hu\/en\/product\/merlin-feherarany-eljegyzesi-gyuru\/","og_site_name":"Brillancy","article_modified_time":"2025-10-17T09:56:15+00:00","og_image":[{"width":1024,"height":1024,"url":"https:\/\/brillancy.hu\/wp-content\/uploads\/2025\/01\/merlin.png","type":"image\/png"}],"twitter_card":"summary_large_image","twitter_misc":{"Estimated reading time":"2 minutes"},"schema":{"@context":"https:\/\/schema.org","@graph":[{"@type":"WebPage","@id":"https:\/\/brillancy.hu\/product\/merlin-feherarany-eljegyzesi-gyuru\/","url":"https:\/\/brillancy.hu\/product\/merlin-feherarany-eljegyzesi-gyuru\/","name":"Merlin feh\u00e9rarany eljegyz\u00e9si gy\u0171r\u0171 - Brillancy","isPartOf":{"@id":"https:\/\/brillancy.hu\/#website"},"primaryImageOfPage":{"@id":"https:\/\/brillancy.hu\/product\/merlin-feherarany-eljegyzesi-gyuru\/#primaryimage"},"image":{"@id":"https:\/\/brillancy.hu\/product\/merlin-feherarany-eljegyzesi-gyuru\/#primaryimage"},"thumbnailUrl":"https:\/\/brillancy.hu\/wp-content\/uploads\/2025\/01\/merlin.png","datePublished":"2025-01-31T17:31:17+00:00","dateModified":"2025-10-17T09:56:15+00:00","description":"Merlin feh\u00e9rarany gy\u0171r\u0171 - Kiv\u00e9teles kin\u00e9zet\u0171 14 kar\u00e1tos feh\u00e9rarany gy\u00e9m\u00e1nt gy\u0171r\u0171, minden alkalomra.\u00a0legyen \u00e9vfordul\u00f3, vagy sz\u00fclet\u00e9snap","breadcrumb":{"@id":"https:\/\/brillancy.hu\/product\/merlin-feherarany-eljegyzesi-gyuru\/#breadcrumb"},"inLanguage":"en-GB","potentialAction":[{"@type":"ReadAction","target":["https:\/\/brillancy.hu\/product\/merlin-feherarany-eljegyzesi-gyuru\/"]}]},{"@type":"ImageObject","inLanguage":"en-GB","@id":"https:\/\/brillancy.hu\/product\/merlin-feherarany-eljegyzesi-gyuru\/#primaryimage","url":"https:\/\/brillancy.hu\/wp-content\/uploads\/2025\/01\/merlin.png","contentUrl":"https:\/\/brillancy.hu\/wp-content\/uploads\/2025\/01\/merlin.png","width":1024,"height":1024,"caption":"Merlin feh\u00e9rarany eljegyz\u00e9si gy\u0171r\u0171"},{"@type":"BreadcrumbList","@id":"https:\/\/brillancy.hu\/product\/merlin-feherarany-eljegyzesi-gyuru\/#breadcrumb","itemListElement":[{"@type":"ListItem","position":1,"name":"Home","item":"https:\/\/brillancy.hu\/"},{"@type":"ListItem","position":2,"name":"Term\u00e9kek","item":"https:\/\/brillancy.hu\/termekek\/"},{"@type":"ListItem","position":3,"name":"Merlin feh\u00e9rarany eljegyz\u00e9si gy\u0171r\u0171"}]},{"@type":"WebSite","@id":"https:\/\/brillancy.hu\/#website","url":"https:\/\/brillancy.hu\/","name":"Brillancy","description":"","potentialAction":[{"@type":"SearchAction","target":{"@type":"EntryPoint","urlTemplate":"https:\/\/brillancy.hu\/?s={search_term_string}"},"query-input":{"@type":"PropertyValueSpecification","valueRequired":true,"valueName":"search_term_string"}}],"inLanguage":"en-GB"}]}},"_links":{"self":[{"href":"https:\/\/brillancy.hu\/en\/wp-json\/wp\/v2\/product\/7463","targetHints":{"allow":["GET"]}}],"collection":[{"href":"https:\/\/brillancy.hu\/en\/wp-json\/wp\/v2\/product"}],"about":[{"href":"https:\/\/brillancy.hu\/en\/wp-json\/wp\/v2\/types\/product"}],"replies":[{"embeddable":true,"href":"https:\/\/brillancy.hu\/en\/wp-json\/wp\/v2\/comments?post=7463"}],"wp:featuredmedia":[{"embeddable":true,"href":"https:\/\/brillancy.hu\/en\/wp-json\/wp\/v2\/media\/11644"}],"wp:attachment":[{"href":"https:\/\/brillancy.hu\/en\/wp-json\/wp\/v2\/media?parent=7463"}],"wp:term":[{"taxonomy":"product_brand","embeddable":true,"href":"https:\/\/brillancy.hu\/en\/wp-json\/wp\/v2\/product_brand?post=7463"},{"taxonomy":"product_cat","embeddable":true,"href":"https:\/\/brillancy.hu\/en\/wp-json\/wp\/v2\/product_cat?post=7463"},{"taxonomy":"product_tag","embeddable":true,"href":"https:\/\/brillancy.hu\/en\/wp-json\/wp\/v2\/product_tag?post=7463"}],"curies":[{"name":"wp","href":"https:\/\/api.w.org\/{rel}","templated":true}]}}