{"id":7362,"date":"2025-01-31T18:30:14","date_gmt":"2025-01-31T17:30:14","guid":{"rendered":"https:\/\/brillancy.hu\/?post_type=product&#038;p=7362"},"modified":"2025-10-17T10:56:15","modified_gmt":"2025-10-17T09:56:15","slug":"bernadette-arany-eljegyzesi-gyuru","status":"publish","type":"product","link":"https:\/\/brillancy.hu\/en\/product\/bernadette-arany-eljegyzesi-gyuru\/","title":{"rendered":"Bernadette gold engagement ring"},"content":{"rendered":"<p><strong>Bernadette gold engagement ring<\/strong><\/p>\n<p><strong>The design recommendation<\/strong>:<\/p>\n<p>Extremely elegant, classic-fashioned\u00a0<strong>14 karat gold engagement ring<\/strong>a fabulous, <strong>brilliant cut tangerine<\/strong>. Four-claw slot stable, will participate in the<strong> 0,20 ct mass, dramatic red color ruby<\/strong>t. These strong claws in addition to safe keep the gem, not cover completely, a little to the side let me see.<\/p>\n<p>The f\u00e9ldombor\u00fa gy\u0171r\u0171s\u00edn in the middle, slightly wider at the bottom and toward the slot, and a subtle transition narrows, and the soft curves of the bridge as you arrive in the slot. This graceful design with perfect proportions, a gradual transition consistency room and highlights the magical ruby. Recommended for those ladies who love the classic elegance. Showy yellow gold engagement ring the Brillance of Hungarian Craft jewelry manufactory \u00f6tv\u00f6seit\u0151l!<\/p>\n<ul>\n<li><strong>Material:<\/strong>\u00a0gold<\/li>\n<li><strong>Fineness<\/strong>: 585 thousandth, 14 carat<\/li>\n<li><strong>Gemstone<\/strong>: brilliant cut rubies<\/li>\n<\/ul>\n<p>&nbsp;<\/p>\n<p><strong>Eternal life guarantee:<\/strong>\u00a0the jewelry structure of the material errors and gems<\/p>\n<p><strong>Free renewal:<\/strong>\u00a0We take your engagement ring free scratch-free sales of and purification of five times (once a year) the purchase within five years.<\/p>\n<p><strong>Free size adjustment:\u00a0<\/strong>If you haven&#039;t found the correct size, we will take the ring free size adjustments.<\/p>\n<p><strong>Gift box:\u00a0<\/strong>The ring is a gift in the box set, and several kinds of colors You can pick out!<\/p>\n<p><strong>Pay scrap gold<\/strong>\u00a0Damaged, old, or never used gold hiding at home in the cupboards? Bring it in to us and high count For the selected engagement ring price.<\/p>\n<p><strong>I like the Bernadette gold engagement ring, but a different size<\/strong><strong>maybe a different color gems did you imagine it? It&#039;s not a problem. We like to give an offer to the expected ideas. Find us confidence on the phone +36 30 539 1179 number, or the\u00a0<\/strong><a href=\"mailto:info@brillancy.hu\"><strong>info@brillancy.hu<\/strong><\/a><strong>\u00a0e-mail address.<\/strong><\/p>","protected":false},"excerpt":{"rendered":"<p>Bernadette&#039;s yellow gold engagement ring tangerine \u2013 handcrafted, unique engagement ring, the Brillance jewelry manufactory offer \u2013 reasonable price, eternal life guarantee<\/p>","protected":false},"featured_media":11494,"comment_status":"closed","ping_status":"closed","template":"","meta":[],"product_brand":[],"product_cat":[35,17,22,33,34,44],"product_tag":[],"class_list":{"0":"post-7362","1":"product","2":"type-product","3":"status-publish","4":"has-post-thumbnail","6":"product_cat-egykoves","7":"product_cat-eljegyzesi-gyuruk","8":"product_cat-kerek","9":"product_cat-klasszikus","10":"product_cat-kreativ","11":"product_cat-rubin","13":"first","14":"instock","15":"purchasable","16":"product-type-simple"},"yoast_head":"<!-- This site is optimized with the Yoast SEO Premium plugin v27.0 (Yoast SEO v27.4) - https:\/\/yoast.com\/product\/yoast-seo-premium-wordpress\/ -->\n<title>Bernadette arany eljegyz\u00e9si gy\u0171r\u0171 - Brillancy<\/title>\n<meta name=\"description\" content=\"A Bernadette arany eljegyz\u00e9si gy\u0171r\u0171 egy rendk\u00edv\u00fcl eleg\u00e1ns, klasszikus fazon\u00fa\u00a014 kar\u00e1tos arany eljegyz\u00e9si gy\u0171r\u0171, egy mes\u00e9s, brili\u00e1ns csiszol\u00e1s\u00fa rubinnal.\" \/>\n<meta name=\"robots\" content=\"index, follow, max-snippet:-1, max-image-preview:large, max-video-preview:-1\" \/>\n<link rel=\"canonical\" href=\"https:\/\/brillancy.hu\/en\/product\/bernadette-arany-eljegyzesi-gyuru\/\" \/>\n<meta property=\"og:locale\" content=\"en_GB\" \/>\n<meta property=\"og:type\" content=\"article\" \/>\n<meta property=\"og:title\" content=\"Bernadette arany eljegyz\u00e9si gy\u0171r\u0171\" \/>\n<meta property=\"og:description\" content=\"A Bernadette arany eljegyz\u00e9si gy\u0171r\u0171 egy rendk\u00edv\u00fcl eleg\u00e1ns, klasszikus fazon\u00fa\u00a014 kar\u00e1tos arany eljegyz\u00e9si gy\u0171r\u0171, egy mes\u00e9s, brili\u00e1ns csiszol\u00e1s\u00fa rubinnal.\" \/>\n<meta property=\"og:url\" content=\"https:\/\/brillancy.hu\/en\/product\/bernadette-arany-eljegyzesi-gyuru\/\" \/>\n<meta property=\"og:site_name\" content=\"Brillancy\" \/>\n<meta property=\"article:modified_time\" content=\"2025-10-17T09:56:15+00:00\" \/>\n<meta property=\"og:image\" content=\"https:\/\/brillancy.hu\/wp-content\/uploads\/2025\/01\/bernadett-rubin-gyuru.png\" \/>\n\t<meta property=\"og:image:width\" content=\"1024\" \/>\n\t<meta property=\"og:image:height\" content=\"1024\" \/>\n\t<meta property=\"og:image:type\" content=\"image\/png\" \/>\n<meta name=\"twitter:card\" content=\"summary_large_image\" \/>\n<meta name=\"twitter:label1\" content=\"Estimated reading time\" \/>\n\t<meta name=\"twitter:data1\" content=\"2 minutes\" \/>\n<script type=\"application\/ld+json\" class=\"yoast-schema-graph\">{\"@context\":\"https:\\\/\\\/schema.org\",\"@graph\":[{\"@type\":\"WebPage\",\"@id\":\"https:\\\/\\\/brillancy.hu\\\/product\\\/bernadette-arany-eljegyzesi-gyuru\\\/\",\"url\":\"https:\\\/\\\/brillancy.hu\\\/product\\\/bernadette-arany-eljegyzesi-gyuru\\\/\",\"name\":\"Bernadette arany eljegyz\u00e9si gy\u0171r\u0171 - Brillancy\",\"isPartOf\":{\"@id\":\"https:\\\/\\\/brillancy.hu\\\/#website\"},\"primaryImageOfPage\":{\"@id\":\"https:\\\/\\\/brillancy.hu\\\/product\\\/bernadette-arany-eljegyzesi-gyuru\\\/#primaryimage\"},\"image\":{\"@id\":\"https:\\\/\\\/brillancy.hu\\\/product\\\/bernadette-arany-eljegyzesi-gyuru\\\/#primaryimage\"},\"thumbnailUrl\":\"https:\\\/\\\/brillancy.hu\\\/wp-content\\\/uploads\\\/2025\\\/01\\\/bernadett-rubin-gyuru.png\",\"datePublished\":\"2025-01-31T17:30:14+00:00\",\"dateModified\":\"2025-10-17T09:56:15+00:00\",\"description\":\"A Bernadette arany eljegyz\u00e9si gy\u0171r\u0171 egy rendk\u00edv\u00fcl eleg\u00e1ns, klasszikus fazon\u00fa\u00a014 kar\u00e1tos arany eljegyz\u00e9si gy\u0171r\u0171, egy mes\u00e9s, brili\u00e1ns csiszol\u00e1s\u00fa rubinnal.\",\"breadcrumb\":{\"@id\":\"https:\\\/\\\/brillancy.hu\\\/product\\\/bernadette-arany-eljegyzesi-gyuru\\\/#breadcrumb\"},\"inLanguage\":\"en-GB\",\"potentialAction\":[{\"@type\":\"ReadAction\",\"target\":[\"https:\\\/\\\/brillancy.hu\\\/product\\\/bernadette-arany-eljegyzesi-gyuru\\\/\"]}]},{\"@type\":\"ImageObject\",\"inLanguage\":\"en-GB\",\"@id\":\"https:\\\/\\\/brillancy.hu\\\/product\\\/bernadette-arany-eljegyzesi-gyuru\\\/#primaryimage\",\"url\":\"https:\\\/\\\/brillancy.hu\\\/wp-content\\\/uploads\\\/2025\\\/01\\\/bernadett-rubin-gyuru.png\",\"contentUrl\":\"https:\\\/\\\/brillancy.hu\\\/wp-content\\\/uploads\\\/2025\\\/01\\\/bernadett-rubin-gyuru.png\",\"width\":1024,\"height\":1024,\"caption\":\"Bernadette arany eljegyz\u00e9si gy\u0171r\u0171\"},{\"@type\":\"BreadcrumbList\",\"@id\":\"https:\\\/\\\/brillancy.hu\\\/product\\\/bernadette-arany-eljegyzesi-gyuru\\\/#breadcrumb\",\"itemListElement\":[{\"@type\":\"ListItem\",\"position\":1,\"name\":\"Home\",\"item\":\"https:\\\/\\\/brillancy.hu\\\/\"},{\"@type\":\"ListItem\",\"position\":2,\"name\":\"Term\u00e9kek\",\"item\":\"https:\\\/\\\/brillancy.hu\\\/termekek\\\/\"},{\"@type\":\"ListItem\",\"position\":3,\"name\":\"Bernadette arany eljegyz\u00e9si gy\u0171r\u0171\"}]},{\"@type\":\"WebSite\",\"@id\":\"https:\\\/\\\/brillancy.hu\\\/#website\",\"url\":\"https:\\\/\\\/brillancy.hu\\\/\",\"name\":\"Brillancy\",\"description\":\"\",\"potentialAction\":[{\"@type\":\"SearchAction\",\"target\":{\"@type\":\"EntryPoint\",\"urlTemplate\":\"https:\\\/\\\/brillancy.hu\\\/?s={search_term_string}\"},\"query-input\":{\"@type\":\"PropertyValueSpecification\",\"valueRequired\":true,\"valueName\":\"search_term_string\"}}],\"inLanguage\":\"en-GB\"}]}<\/script>\n<!-- \/ Yoast SEO Premium plugin. -->","yoast_head_json":{"title":"Bernadette arany eljegyz\u00e9si gy\u0171r\u0171 - Brillancy","description":"A Bernadette arany eljegyz\u00e9si gy\u0171r\u0171 egy rendk\u00edv\u00fcl eleg\u00e1ns, klasszikus fazon\u00fa\u00a014 kar\u00e1tos arany eljegyz\u00e9si gy\u0171r\u0171, egy mes\u00e9s, brili\u00e1ns csiszol\u00e1s\u00fa rubinnal.","robots":{"index":"index","follow":"follow","max-snippet":"max-snippet:-1","max-image-preview":"max-image-preview:large","max-video-preview":"max-video-preview:-1"},"canonical":"https:\/\/brillancy.hu\/en\/product\/bernadette-arany-eljegyzesi-gyuru\/","og_locale":"en_GB","og_type":"article","og_title":"Bernadette arany eljegyz\u00e9si gy\u0171r\u0171","og_description":"A Bernadette arany eljegyz\u00e9si gy\u0171r\u0171 egy rendk\u00edv\u00fcl eleg\u00e1ns, klasszikus fazon\u00fa\u00a014 kar\u00e1tos arany eljegyz\u00e9si gy\u0171r\u0171, egy mes\u00e9s, brili\u00e1ns csiszol\u00e1s\u00fa rubinnal.","og_url":"https:\/\/brillancy.hu\/en\/product\/bernadette-arany-eljegyzesi-gyuru\/","og_site_name":"Brillancy","article_modified_time":"2025-10-17T09:56:15+00:00","og_image":[{"width":1024,"height":1024,"url":"https:\/\/brillancy.hu\/wp-content\/uploads\/2025\/01\/bernadett-rubin-gyuru.png","type":"image\/png"}],"twitter_card":"summary_large_image","twitter_misc":{"Estimated reading time":"2 minutes"},"schema":{"@context":"https:\/\/schema.org","@graph":[{"@type":"WebPage","@id":"https:\/\/brillancy.hu\/product\/bernadette-arany-eljegyzesi-gyuru\/","url":"https:\/\/brillancy.hu\/product\/bernadette-arany-eljegyzesi-gyuru\/","name":"Bernadette arany eljegyz\u00e9si gy\u0171r\u0171 - Brillancy","isPartOf":{"@id":"https:\/\/brillancy.hu\/#website"},"primaryImageOfPage":{"@id":"https:\/\/brillancy.hu\/product\/bernadette-arany-eljegyzesi-gyuru\/#primaryimage"},"image":{"@id":"https:\/\/brillancy.hu\/product\/bernadette-arany-eljegyzesi-gyuru\/#primaryimage"},"thumbnailUrl":"https:\/\/brillancy.hu\/wp-content\/uploads\/2025\/01\/bernadett-rubin-gyuru.png","datePublished":"2025-01-31T17:30:14+00:00","dateModified":"2025-10-17T09:56:15+00:00","description":"A Bernadette arany eljegyz\u00e9si gy\u0171r\u0171 egy rendk\u00edv\u00fcl eleg\u00e1ns, klasszikus fazon\u00fa\u00a014 kar\u00e1tos arany eljegyz\u00e9si gy\u0171r\u0171, egy mes\u00e9s, brili\u00e1ns csiszol\u00e1s\u00fa rubinnal.","breadcrumb":{"@id":"https:\/\/brillancy.hu\/product\/bernadette-arany-eljegyzesi-gyuru\/#breadcrumb"},"inLanguage":"en-GB","potentialAction":[{"@type":"ReadAction","target":["https:\/\/brillancy.hu\/product\/bernadette-arany-eljegyzesi-gyuru\/"]}]},{"@type":"ImageObject","inLanguage":"en-GB","@id":"https:\/\/brillancy.hu\/product\/bernadette-arany-eljegyzesi-gyuru\/#primaryimage","url":"https:\/\/brillancy.hu\/wp-content\/uploads\/2025\/01\/bernadett-rubin-gyuru.png","contentUrl":"https:\/\/brillancy.hu\/wp-content\/uploads\/2025\/01\/bernadett-rubin-gyuru.png","width":1024,"height":1024,"caption":"Bernadette arany eljegyz\u00e9si gy\u0171r\u0171"},{"@type":"BreadcrumbList","@id":"https:\/\/brillancy.hu\/product\/bernadette-arany-eljegyzesi-gyuru\/#breadcrumb","itemListElement":[{"@type":"ListItem","position":1,"name":"Home","item":"https:\/\/brillancy.hu\/"},{"@type":"ListItem","position":2,"name":"Term\u00e9kek","item":"https:\/\/brillancy.hu\/termekek\/"},{"@type":"ListItem","position":3,"name":"Bernadette arany eljegyz\u00e9si gy\u0171r\u0171"}]},{"@type":"WebSite","@id":"https:\/\/brillancy.hu\/#website","url":"https:\/\/brillancy.hu\/","name":"Brillancy","description":"","potentialAction":[{"@type":"SearchAction","target":{"@type":"EntryPoint","urlTemplate":"https:\/\/brillancy.hu\/?s={search_term_string}"},"query-input":{"@type":"PropertyValueSpecification","valueRequired":true,"valueName":"search_term_string"}}],"inLanguage":"en-GB"}]}},"_links":{"self":[{"href":"https:\/\/brillancy.hu\/en\/wp-json\/wp\/v2\/product\/7362","targetHints":{"allow":["GET"]}}],"collection":[{"href":"https:\/\/brillancy.hu\/en\/wp-json\/wp\/v2\/product"}],"about":[{"href":"https:\/\/brillancy.hu\/en\/wp-json\/wp\/v2\/types\/product"}],"replies":[{"embeddable":true,"href":"https:\/\/brillancy.hu\/en\/wp-json\/wp\/v2\/comments?post=7362"}],"wp:featuredmedia":[{"embeddable":true,"href":"https:\/\/brillancy.hu\/en\/wp-json\/wp\/v2\/media\/11494"}],"wp:attachment":[{"href":"https:\/\/brillancy.hu\/en\/wp-json\/wp\/v2\/media?parent=7362"}],"wp:term":[{"taxonomy":"product_brand","embeddable":true,"href":"https:\/\/brillancy.hu\/en\/wp-json\/wp\/v2\/product_brand?post=7362"},{"taxonomy":"product_cat","embeddable":true,"href":"https:\/\/brillancy.hu\/en\/wp-json\/wp\/v2\/product_cat?post=7362"},{"taxonomy":"product_tag","embeddable":true,"href":"https:\/\/brillancy.hu\/en\/wp-json\/wp\/v2\/product_tag?post=7362"}],"curies":[{"name":"wp","href":"https:\/\/api.w.org\/{rel}","templated":true}]}}