{"id":7183,"date":"2025-01-31T18:28:49","date_gmt":"2025-01-31T17:28:49","guid":{"rendered":"https:\/\/brillancy.hu\/?post_type=product&#038;p=7183"},"modified":"2025-10-17T10:56:16","modified_gmt":"2025-10-17T09:56:16","slug":"lindsay-smaragd-eljegyzesi-gyuru","status":"publish","type":"product","link":"https:\/\/brillancy.hu\/en\/product\/lindsay-smaragd-eljegyzesi-gyuru\/","title":{"rendered":"Lindsay smaragd eljegyz\u00e9si gy\u0171r\u0171"},"content":{"rendered":"<p>Lindsay smaragd eljegyz\u00e9si gy\u0171r\u0171<\/p>\n<p>This <strong>14 karat white gold<\/strong>from amazing guy <strong>jeweled engagement ring<\/strong>k queen, classic design that never goes out of style, special <strong>smaragddal<\/strong>. <strong>Elegant design, hatkarmos slot of little breakthroughs decorated like a fairy crown. This beautiful slot raise high the brilliant cut, 0,07 ct mass of dazzling emeralds, which is the beauty of life you can enjoy wearer.<\/strong> The rounded gy\u0171r\u0171s\u00edn the bottom is wider, up, and fine-transition narrows, making it even more precious overwhelm. The perfect choice for a lady who has long been all desire, love propose a trendy and stunning engagement ring.<\/p>\n<ul>\n<li><strong>Material:<\/strong> gold<\/li>\n<li><strong>Fineness<\/strong>: 585 thousandth, 14 carat<\/li>\n<li><strong>Gemstone<\/strong>: brilliant cut emerald<\/li>\n<\/ul>\n<p>&nbsp;<\/p>","protected":false},"excerpt":{"rendered":"<p><strong>Lindsay smaragd eljegyz\u00e9si gy\u0171r\u0171 &#8211; \u00c1lomsz\u00e9p 14 kar\u00e1tos feh\u00e9rarany eljegyz\u00e9si gy\u0171r\u0171. Kedvez\u0151 \u00e1r, \u00f6r\u00f6k \u00e9let garancia. V\u00e1logass a Brillancy Magyar K\u00e9zm\u0171ves \u00c9kszermanufakt\u00fara k\u00edn\u00e1lat\u00e1b\u00f3l!<\/strong><\/p>","protected":false},"featured_media":11908,"comment_status":"closed","ping_status":"closed","template":"","meta":[],"product_brand":[],"product_cat":[35,17,22,40],"product_tag":[],"class_list":{"0":"post-7183","1":"product","2":"type-product","3":"status-publish","4":"has-post-thumbnail","6":"product_cat-egykoves","7":"product_cat-eljegyzesi-gyuruk","8":"product_cat-kerek","9":"product_cat-smaragd","11":"first","12":"instock","13":"purchasable","14":"product-type-simple"},"yoast_head":"<!-- This site is optimized with the Yoast SEO Premium plugin v27.0 (Yoast SEO v27.0) - https:\/\/yoast.com\/product\/yoast-seo-premium-wordpress\/ -->\n<title>Lindsay smaragd eljegyz\u00e9si gy\u0171r\u0171 - Brillancy<\/title>\n<meta name=\"description\" content=\"Lindsay smaragd eljegyz\u00e9si gy\u0171r\u0171 - Ez a smaragd eljegyz\u00e9si gy\u0171r\u0171k kir\u00e1lyn\u0151je, klasszikus forma, mely sosem megy ki a divatb\u00f3l, k\u00fcl\u00f6nleges smaragddal.\" \/>\n<meta name=\"robots\" content=\"index, follow, max-snippet:-1, max-image-preview:large, max-video-preview:-1\" \/>\n<link rel=\"canonical\" href=\"https:\/\/brillancy.hu\/en\/product\/lindsay-smaragd-eljegyzesi-gyuru\/\" \/>\n<meta property=\"og:locale\" content=\"en_GB\" \/>\n<meta property=\"og:type\" content=\"article\" \/>\n<meta property=\"og:title\" content=\"Lindsay smaragd eljegyz\u00e9si gy\u0171r\u0171\" \/>\n<meta property=\"og:description\" content=\"Lindsay smaragd eljegyz\u00e9si gy\u0171r\u0171 - Ez a smaragd eljegyz\u00e9si gy\u0171r\u0171k kir\u00e1lyn\u0151je, klasszikus forma, mely sosem megy ki a divatb\u00f3l, k\u00fcl\u00f6nleges smaragddal.\" \/>\n<meta property=\"og:url\" content=\"https:\/\/brillancy.hu\/en\/product\/lindsay-smaragd-eljegyzesi-gyuru\/\" \/>\n<meta property=\"og:site_name\" content=\"Brillancy\" \/>\n<meta property=\"article:modified_time\" content=\"2025-10-17T09:56:16+00:00\" \/>\n<meta property=\"og:image\" content=\"https:\/\/brillancy.hu\/wp-content\/uploads\/2025\/01\/20250928_1005_Elegans-Gyuru-Selyem-Hatterrel_remix_01k67nkd9derkbp9fxd9hnjsjv-1.png\" \/>\n\t<meta property=\"og:image:width\" content=\"1024\" \/>\n\t<meta property=\"og:image:height\" content=\"1024\" \/>\n\t<meta property=\"og:image:type\" content=\"image\/png\" \/>\n<meta name=\"twitter:card\" content=\"summary_large_image\" \/>\n<meta name=\"twitter:label1\" content=\"Estimated reading time\" \/>\n\t<meta name=\"twitter:data1\" content=\"1 minute\" \/>\n<script type=\"application\/ld+json\" class=\"yoast-schema-graph\">{\"@context\":\"https:\/\/schema.org\",\"@graph\":[{\"@type\":\"WebPage\",\"@id\":\"https:\/\/brillancy.hu\/product\/lindsay-smaragd-eljegyzesi-gyuru\/\",\"url\":\"https:\/\/brillancy.hu\/product\/lindsay-smaragd-eljegyzesi-gyuru\/\",\"name\":\"Lindsay smaragd eljegyz\u00e9si gy\u0171r\u0171 - Brillancy\",\"isPartOf\":{\"@id\":\"https:\/\/brillancy.hu\/#website\"},\"primaryImageOfPage\":{\"@id\":\"https:\/\/brillancy.hu\/product\/lindsay-smaragd-eljegyzesi-gyuru\/#primaryimage\"},\"image\":{\"@id\":\"https:\/\/brillancy.hu\/product\/lindsay-smaragd-eljegyzesi-gyuru\/#primaryimage\"},\"thumbnailUrl\":\"https:\/\/brillancy.hu\/wp-content\/uploads\/2025\/01\/20250928_1005_Elegans-Gyuru-Selyem-Hatterrel_remix_01k67nkd9derkbp9fxd9hnjsjv-1.png\",\"datePublished\":\"2025-01-31T17:28:49+00:00\",\"dateModified\":\"2025-10-17T09:56:16+00:00\",\"description\":\"Lindsay smaragd eljegyz\u00e9si gy\u0171r\u0171 - Ez a smaragd eljegyz\u00e9si gy\u0171r\u0171k kir\u00e1lyn\u0151je, klasszikus forma, mely sosem megy ki a divatb\u00f3l, k\u00fcl\u00f6nleges smaragddal.\",\"breadcrumb\":{\"@id\":\"https:\/\/brillancy.hu\/product\/lindsay-smaragd-eljegyzesi-gyuru\/#breadcrumb\"},\"inLanguage\":\"en-GB\",\"potentialAction\":[{\"@type\":\"ReadAction\",\"target\":[\"https:\/\/brillancy.hu\/product\/lindsay-smaragd-eljegyzesi-gyuru\/\"]}]},{\"@type\":\"ImageObject\",\"inLanguage\":\"en-GB\",\"@id\":\"https:\/\/brillancy.hu\/product\/lindsay-smaragd-eljegyzesi-gyuru\/#primaryimage\",\"url\":\"https:\/\/brillancy.hu\/wp-content\/uploads\/2025\/01\/20250928_1005_Elegans-Gyuru-Selyem-Hatterrel_remix_01k67nkd9derkbp9fxd9hnjsjv-1.png\",\"contentUrl\":\"https:\/\/brillancy.hu\/wp-content\/uploads\/2025\/01\/20250928_1005_Elegans-Gyuru-Selyem-Hatterrel_remix_01k67nkd9derkbp9fxd9hnjsjv-1.png\",\"width\":1024,\"height\":1024,\"caption\":\"Lindsay smaragd eljegyz\u00e9si gy\u0171r\u0171\"},{\"@type\":\"BreadcrumbList\",\"@id\":\"https:\/\/brillancy.hu\/product\/lindsay-smaragd-eljegyzesi-gyuru\/#breadcrumb\",\"itemListElement\":[{\"@type\":\"ListItem\",\"position\":1,\"name\":\"Home\",\"item\":\"https:\/\/brillancy.hu\/\"},{\"@type\":\"ListItem\",\"position\":2,\"name\":\"Term\u00e9kek\",\"item\":\"https:\/\/brillancy.hu\/termekek\/\"},{\"@type\":\"ListItem\",\"position\":3,\"name\":\"Lindsay smaragd eljegyz\u00e9si gy\u0171r\u0171\"}]},{\"@type\":\"WebSite\",\"@id\":\"https:\/\/brillancy.hu\/#website\",\"url\":\"https:\/\/brillancy.hu\/\",\"name\":\"Brillancy\",\"description\":\"\",\"potentialAction\":[{\"@type\":\"SearchAction\",\"target\":{\"@type\":\"EntryPoint\",\"urlTemplate\":\"https:\/\/brillancy.hu\/?s={search_term_string}\"},\"query-input\":{\"@type\":\"PropertyValueSpecification\",\"valueRequired\":true,\"valueName\":\"search_term_string\"}}],\"inLanguage\":\"en-GB\"}]}<\/script>\n<!-- \/ Yoast SEO Premium plugin. -->","yoast_head_json":{"title":"Lindsay smaragd eljegyz\u00e9si gy\u0171r\u0171 - Brillancy","description":"Lindsay smaragd eljegyz\u00e9si gy\u0171r\u0171 - Ez a smaragd eljegyz\u00e9si gy\u0171r\u0171k kir\u00e1lyn\u0151je, klasszikus forma, mely sosem megy ki a divatb\u00f3l, k\u00fcl\u00f6nleges smaragddal.","robots":{"index":"index","follow":"follow","max-snippet":"max-snippet:-1","max-image-preview":"max-image-preview:large","max-video-preview":"max-video-preview:-1"},"canonical":"https:\/\/brillancy.hu\/en\/product\/lindsay-smaragd-eljegyzesi-gyuru\/","og_locale":"en_GB","og_type":"article","og_title":"Lindsay smaragd eljegyz\u00e9si gy\u0171r\u0171","og_description":"Lindsay smaragd eljegyz\u00e9si gy\u0171r\u0171 - Ez a smaragd eljegyz\u00e9si gy\u0171r\u0171k kir\u00e1lyn\u0151je, klasszikus forma, mely sosem megy ki a divatb\u00f3l, k\u00fcl\u00f6nleges smaragddal.","og_url":"https:\/\/brillancy.hu\/en\/product\/lindsay-smaragd-eljegyzesi-gyuru\/","og_site_name":"Brillancy","article_modified_time":"2025-10-17T09:56:16+00:00","og_image":[{"width":1024,"height":1024,"url":"https:\/\/brillancy.hu\/wp-content\/uploads\/2025\/01\/20250928_1005_Elegans-Gyuru-Selyem-Hatterrel_remix_01k67nkd9derkbp9fxd9hnjsjv-1.png","type":"image\/png"}],"twitter_card":"summary_large_image","twitter_misc":{"Estimated reading time":"1 minute"},"schema":{"@context":"https:\/\/schema.org","@graph":[{"@type":"WebPage","@id":"https:\/\/brillancy.hu\/product\/lindsay-smaragd-eljegyzesi-gyuru\/","url":"https:\/\/brillancy.hu\/product\/lindsay-smaragd-eljegyzesi-gyuru\/","name":"Lindsay smaragd eljegyz\u00e9si gy\u0171r\u0171 - Brillancy","isPartOf":{"@id":"https:\/\/brillancy.hu\/#website"},"primaryImageOfPage":{"@id":"https:\/\/brillancy.hu\/product\/lindsay-smaragd-eljegyzesi-gyuru\/#primaryimage"},"image":{"@id":"https:\/\/brillancy.hu\/product\/lindsay-smaragd-eljegyzesi-gyuru\/#primaryimage"},"thumbnailUrl":"https:\/\/brillancy.hu\/wp-content\/uploads\/2025\/01\/20250928_1005_Elegans-Gyuru-Selyem-Hatterrel_remix_01k67nkd9derkbp9fxd9hnjsjv-1.png","datePublished":"2025-01-31T17:28:49+00:00","dateModified":"2025-10-17T09:56:16+00:00","description":"Lindsay smaragd eljegyz\u00e9si gy\u0171r\u0171 - Ez a smaragd eljegyz\u00e9si gy\u0171r\u0171k kir\u00e1lyn\u0151je, klasszikus forma, mely sosem megy ki a divatb\u00f3l, k\u00fcl\u00f6nleges smaragddal.","breadcrumb":{"@id":"https:\/\/brillancy.hu\/product\/lindsay-smaragd-eljegyzesi-gyuru\/#breadcrumb"},"inLanguage":"en-GB","potentialAction":[{"@type":"ReadAction","target":["https:\/\/brillancy.hu\/product\/lindsay-smaragd-eljegyzesi-gyuru\/"]}]},{"@type":"ImageObject","inLanguage":"en-GB","@id":"https:\/\/brillancy.hu\/product\/lindsay-smaragd-eljegyzesi-gyuru\/#primaryimage","url":"https:\/\/brillancy.hu\/wp-content\/uploads\/2025\/01\/20250928_1005_Elegans-Gyuru-Selyem-Hatterrel_remix_01k67nkd9derkbp9fxd9hnjsjv-1.png","contentUrl":"https:\/\/brillancy.hu\/wp-content\/uploads\/2025\/01\/20250928_1005_Elegans-Gyuru-Selyem-Hatterrel_remix_01k67nkd9derkbp9fxd9hnjsjv-1.png","width":1024,"height":1024,"caption":"Lindsay smaragd eljegyz\u00e9si gy\u0171r\u0171"},{"@type":"BreadcrumbList","@id":"https:\/\/brillancy.hu\/product\/lindsay-smaragd-eljegyzesi-gyuru\/#breadcrumb","itemListElement":[{"@type":"ListItem","position":1,"name":"Home","item":"https:\/\/brillancy.hu\/"},{"@type":"ListItem","position":2,"name":"Term\u00e9kek","item":"https:\/\/brillancy.hu\/termekek\/"},{"@type":"ListItem","position":3,"name":"Lindsay smaragd eljegyz\u00e9si gy\u0171r\u0171"}]},{"@type":"WebSite","@id":"https:\/\/brillancy.hu\/#website","url":"https:\/\/brillancy.hu\/","name":"Brillancy","description":"","potentialAction":[{"@type":"SearchAction","target":{"@type":"EntryPoint","urlTemplate":"https:\/\/brillancy.hu\/?s={search_term_string}"},"query-input":{"@type":"PropertyValueSpecification","valueRequired":true,"valueName":"search_term_string"}}],"inLanguage":"en-GB"}]}},"_links":{"self":[{"href":"https:\/\/brillancy.hu\/en\/wp-json\/wp\/v2\/product\/7183","targetHints":{"allow":["GET"]}}],"collection":[{"href":"https:\/\/brillancy.hu\/en\/wp-json\/wp\/v2\/product"}],"about":[{"href":"https:\/\/brillancy.hu\/en\/wp-json\/wp\/v2\/types\/product"}],"replies":[{"embeddable":true,"href":"https:\/\/brillancy.hu\/en\/wp-json\/wp\/v2\/comments?post=7183"}],"wp:featuredmedia":[{"embeddable":true,"href":"https:\/\/brillancy.hu\/en\/wp-json\/wp\/v2\/media\/11908"}],"wp:attachment":[{"href":"https:\/\/brillancy.hu\/en\/wp-json\/wp\/v2\/media?parent=7183"}],"wp:term":[{"taxonomy":"product_brand","embeddable":true,"href":"https:\/\/brillancy.hu\/en\/wp-json\/wp\/v2\/product_brand?post=7183"},{"taxonomy":"product_cat","embeddable":true,"href":"https:\/\/brillancy.hu\/en\/wp-json\/wp\/v2\/product_cat?post=7183"},{"taxonomy":"product_tag","embeddable":true,"href":"https:\/\/brillancy.hu\/en\/wp-json\/wp\/v2\/product_tag?post=7183"}],"curies":[{"name":"wp","href":"https:\/\/api.w.org\/{rel}","templated":true}]}}