{"id":7059,"date":"2025-01-31T18:27:42","date_gmt":"2025-01-31T17:27:42","guid":{"rendered":"https:\/\/brillancy.hu\/?post_type=product&#038;p=7059"},"modified":"2025-11-10T15:22:23","modified_gmt":"2025-11-10T14:22:23","slug":"mulan-gyemant-gyuru","status":"publish","type":"product","link":"https:\/\/brillancy.hu\/en\/product\/mulan-gyemant-gyuru\/","title":{"rendered":"Mulan diamond ring"},"content":{"rendered":"<p><strong>Mulan diamond ring<\/strong><\/p>\n<p><strong>Designer&#039;s recommendation:<\/strong><\/p>\n<p>The classic and the modern style of a special alloy of this <strong>14 karat<\/strong> <strong>gold diamond ring<\/strong>. The gy\u0171r\u0171s\u00edn convex, the socket and narrowing towards the form and <strong>four-claw design<\/strong> traditional, diamond square, princess cut and not call an in.<\/p>\n<p>On the contrary, two style of mixing and exciting, and at the same time sleek and harmonious was the end result. The slot can only slightly increase the gy\u0171r\u0171s\u00edn level, nevertheless, the tag design, thanks to admire one of <strong>the 0,17 ct-os, princess cut diamonds<\/strong>. Not only from above, from the side, too much light, so even more to give effect to the beauty and worthy can shine wearer&#039;s finger. This ravishing graceful guy recommended for all those who love the noble simple jewelry, which are seasoned with a pinch of creativity.<\/p>\n<ul>\n<li><b>Material:<\/b>\u00a0gold<\/li>\n<li><b>Fineness<\/b>: 585 thousandth, 14 carat<\/li>\n<li><b>Gemstone<\/b>: princess cut diamond<\/li>\n<\/ul>\n<p>&nbsp;<\/p>\n<p><strong>Eternal life guarantee:<\/strong>\u00a0the jewelry structure of the material errors and gems<\/p>\n<p>The average production time is 10-15 working days. If you have any important date for which you want the product, please contact with us by phone +36 30 539 1179 number, or the info@brillancy.hu e-mail address.<\/p>\n<p><strong>Can be ordered in yellow, white or rose gold colors. The jewel to the gift box optional.<\/strong><\/p>\n<p><strong>I like the Mulan ring, but other size diamonds or colored gems did you imagine it?<\/strong>\u00a0It&#039;s not a problem. We like to give an offer to the expected ideas. Find us confidence on the phone +36 30 539 1179 number, or the info@brillancy.hu e-mail address.<\/p>\n<p><strong>Pay scrap gold<\/strong>\u00a0Damaged, old, or never used gold hiding at home in the cupboards? Bring it in to us and it will be transferred to you the chosen jewellery price.<\/p>","protected":false},"excerpt":{"rendered":"<p>14 karat gold ring with princess cut diamond<\/p>","protected":false},"featured_media":10601,"comment_status":"closed","ping_status":"closed","template":"","meta":[],"product_brand":[],"product_cat":[35,17,39,32,24],"product_tag":[],"class_list":{"0":"post-7059","1":"product","2":"type-product","3":"status-publish","4":"has-post-thumbnail","6":"product_cat-egykoves","7":"product_cat-eljegyzesi-gyuruk","8":"product_cat-gyemant","9":"product_cat-modern","10":"product_cat-szogletes-princess","12":"first","13":"instock","14":"purchasable","15":"product-type-simple"},"yoast_head":"<!-- This site is optimized with the Yoast SEO Premium plugin v27.0 (Yoast SEO v27.0) - https:\/\/yoast.com\/product\/yoast-seo-premium-wordpress\/ -->\n<title>Mulan gy\u00e9m\u00e1nt gy\u0171r\u0171 - Brillancy<\/title>\n<meta name=\"description\" content=\"A klasszikus \u00e9s a modern st\u00edlus k\u00fcl\u00f6nleges \u00f6tv\u00f6z\u00e9s\u00e9vel sz\u00fcletett meg a Mulan gy\u00e9m\u00e1nt gy\u0171r\u0171. 0,17 ct-os, princess csiszol\u00e1s\u00fa gy\u00e9m\u00e1nttal d\u00edsz\u00edtve.\" \/>\n<meta name=\"robots\" content=\"index, follow, max-snippet:-1, max-image-preview:large, max-video-preview:-1\" \/>\n<link rel=\"canonical\" href=\"https:\/\/brillancy.hu\/en\/product\/mulan-gyemant-gyuru\/\" \/>\n<meta property=\"og:locale\" content=\"en_GB\" \/>\n<meta property=\"og:type\" content=\"article\" \/>\n<meta property=\"og:title\" content=\"Mulan gy\u00e9m\u00e1nt gy\u0171r\u0171\" \/>\n<meta property=\"og:description\" content=\"A klasszikus \u00e9s a modern st\u00edlus k\u00fcl\u00f6nleges \u00f6tv\u00f6z\u00e9s\u00e9vel sz\u00fcletett meg a Mulan gy\u00e9m\u00e1nt gy\u0171r\u0171. 0,17 ct-os, princess csiszol\u00e1s\u00fa gy\u00e9m\u00e1nttal d\u00edsz\u00edtve.\" \/>\n<meta property=\"og:url\" content=\"https:\/\/brillancy.hu\/en\/product\/mulan-gyemant-gyuru\/\" \/>\n<meta property=\"og:site_name\" content=\"Brillancy\" \/>\n<meta property=\"article:modified_time\" content=\"2025-11-10T14:22:23+00:00\" \/>\n<meta property=\"og:image\" content=\"https:\/\/brillancy.hu\/wp-content\/uploads\/2025\/06\/mulan.1.png\" \/>\n\t<meta property=\"og:image:width\" content=\"1024\" \/>\n\t<meta property=\"og:image:height\" content=\"1024\" \/>\n\t<meta property=\"og:image:type\" content=\"image\/png\" \/>\n<meta name=\"twitter:card\" content=\"summary_large_image\" \/>\n<meta name=\"twitter:label1\" content=\"Estimated reading time\" \/>\n\t<meta name=\"twitter:data1\" content=\"2 minutes\" \/>\n<script type=\"application\/ld+json\" class=\"yoast-schema-graph\">{\"@context\":\"https:\/\/schema.org\",\"@graph\":[{\"@type\":\"WebPage\",\"@id\":\"https:\/\/brillancy.hu\/product\/mulan-gyemant-gyuru\/\",\"url\":\"https:\/\/brillancy.hu\/product\/mulan-gyemant-gyuru\/\",\"name\":\"Mulan gy\u00e9m\u00e1nt gy\u0171r\u0171 - Brillancy\",\"isPartOf\":{\"@id\":\"https:\/\/brillancy.hu\/#website\"},\"primaryImageOfPage\":{\"@id\":\"https:\/\/brillancy.hu\/product\/mulan-gyemant-gyuru\/#primaryimage\"},\"image\":{\"@id\":\"https:\/\/brillancy.hu\/product\/mulan-gyemant-gyuru\/#primaryimage\"},\"thumbnailUrl\":\"https:\/\/brillancy.hu\/wp-content\/uploads\/2025\/06\/mulan.1.png\",\"datePublished\":\"2025-01-31T17:27:42+00:00\",\"dateModified\":\"2025-11-10T14:22:23+00:00\",\"description\":\"A klasszikus \u00e9s a modern st\u00edlus k\u00fcl\u00f6nleges \u00f6tv\u00f6z\u00e9s\u00e9vel sz\u00fcletett meg a Mulan gy\u00e9m\u00e1nt gy\u0171r\u0171. 0,17 ct-os, princess csiszol\u00e1s\u00fa gy\u00e9m\u00e1nttal d\u00edsz\u00edtve.\",\"breadcrumb\":{\"@id\":\"https:\/\/brillancy.hu\/product\/mulan-gyemant-gyuru\/#breadcrumb\"},\"inLanguage\":\"en-GB\",\"potentialAction\":[{\"@type\":\"ReadAction\",\"target\":[\"https:\/\/brillancy.hu\/product\/mulan-gyemant-gyuru\/\"]}]},{\"@type\":\"ImageObject\",\"inLanguage\":\"en-GB\",\"@id\":\"https:\/\/brillancy.hu\/product\/mulan-gyemant-gyuru\/#primaryimage\",\"url\":\"https:\/\/brillancy.hu\/wp-content\/uploads\/2025\/06\/mulan.1.png\",\"contentUrl\":\"https:\/\/brillancy.hu\/wp-content\/uploads\/2025\/06\/mulan.1.png\",\"width\":1024,\"height\":1024,\"caption\":\"Mulan princess gy\u00e9m\u00e1nt gy\u0171r\u0171\"},{\"@type\":\"BreadcrumbList\",\"@id\":\"https:\/\/brillancy.hu\/product\/mulan-gyemant-gyuru\/#breadcrumb\",\"itemListElement\":[{\"@type\":\"ListItem\",\"position\":1,\"name\":\"Home\",\"item\":\"https:\/\/brillancy.hu\/\"},{\"@type\":\"ListItem\",\"position\":2,\"name\":\"Term\u00e9kek\",\"item\":\"https:\/\/brillancy.hu\/termekek\/\"},{\"@type\":\"ListItem\",\"position\":3,\"name\":\"Mulan gy\u00e9m\u00e1nt gy\u0171r\u0171\"}]},{\"@type\":\"WebSite\",\"@id\":\"https:\/\/brillancy.hu\/#website\",\"url\":\"https:\/\/brillancy.hu\/\",\"name\":\"Brillancy\",\"description\":\"\",\"potentialAction\":[{\"@type\":\"SearchAction\",\"target\":{\"@type\":\"EntryPoint\",\"urlTemplate\":\"https:\/\/brillancy.hu\/?s={search_term_string}\"},\"query-input\":{\"@type\":\"PropertyValueSpecification\",\"valueRequired\":true,\"valueName\":\"search_term_string\"}}],\"inLanguage\":\"en-GB\"}]}<\/script>\n<!-- \/ Yoast SEO Premium plugin. -->","yoast_head_json":{"title":"Mulan gy\u00e9m\u00e1nt gy\u0171r\u0171 - Brillancy","description":"A klasszikus \u00e9s a modern st\u00edlus k\u00fcl\u00f6nleges \u00f6tv\u00f6z\u00e9s\u00e9vel sz\u00fcletett meg a Mulan gy\u00e9m\u00e1nt gy\u0171r\u0171. 0,17 ct-os, princess csiszol\u00e1s\u00fa gy\u00e9m\u00e1nttal d\u00edsz\u00edtve.","robots":{"index":"index","follow":"follow","max-snippet":"max-snippet:-1","max-image-preview":"max-image-preview:large","max-video-preview":"max-video-preview:-1"},"canonical":"https:\/\/brillancy.hu\/en\/product\/mulan-gyemant-gyuru\/","og_locale":"en_GB","og_type":"article","og_title":"Mulan gy\u00e9m\u00e1nt gy\u0171r\u0171","og_description":"A klasszikus \u00e9s a modern st\u00edlus k\u00fcl\u00f6nleges \u00f6tv\u00f6z\u00e9s\u00e9vel sz\u00fcletett meg a Mulan gy\u00e9m\u00e1nt gy\u0171r\u0171. 0,17 ct-os, princess csiszol\u00e1s\u00fa gy\u00e9m\u00e1nttal d\u00edsz\u00edtve.","og_url":"https:\/\/brillancy.hu\/en\/product\/mulan-gyemant-gyuru\/","og_site_name":"Brillancy","article_modified_time":"2025-11-10T14:22:23+00:00","og_image":[{"width":1024,"height":1024,"url":"https:\/\/brillancy.hu\/wp-content\/uploads\/2025\/06\/mulan.1.png","type":"image\/png"}],"twitter_card":"summary_large_image","twitter_misc":{"Estimated reading time":"2 minutes"},"schema":{"@context":"https:\/\/schema.org","@graph":[{"@type":"WebPage","@id":"https:\/\/brillancy.hu\/product\/mulan-gyemant-gyuru\/","url":"https:\/\/brillancy.hu\/product\/mulan-gyemant-gyuru\/","name":"Mulan gy\u00e9m\u00e1nt gy\u0171r\u0171 - Brillancy","isPartOf":{"@id":"https:\/\/brillancy.hu\/#website"},"primaryImageOfPage":{"@id":"https:\/\/brillancy.hu\/product\/mulan-gyemant-gyuru\/#primaryimage"},"image":{"@id":"https:\/\/brillancy.hu\/product\/mulan-gyemant-gyuru\/#primaryimage"},"thumbnailUrl":"https:\/\/brillancy.hu\/wp-content\/uploads\/2025\/06\/mulan.1.png","datePublished":"2025-01-31T17:27:42+00:00","dateModified":"2025-11-10T14:22:23+00:00","description":"A klasszikus \u00e9s a modern st\u00edlus k\u00fcl\u00f6nleges \u00f6tv\u00f6z\u00e9s\u00e9vel sz\u00fcletett meg a Mulan gy\u00e9m\u00e1nt gy\u0171r\u0171. 0,17 ct-os, princess csiszol\u00e1s\u00fa gy\u00e9m\u00e1nttal d\u00edsz\u00edtve.","breadcrumb":{"@id":"https:\/\/brillancy.hu\/product\/mulan-gyemant-gyuru\/#breadcrumb"},"inLanguage":"en-GB","potentialAction":[{"@type":"ReadAction","target":["https:\/\/brillancy.hu\/product\/mulan-gyemant-gyuru\/"]}]},{"@type":"ImageObject","inLanguage":"en-GB","@id":"https:\/\/brillancy.hu\/product\/mulan-gyemant-gyuru\/#primaryimage","url":"https:\/\/brillancy.hu\/wp-content\/uploads\/2025\/06\/mulan.1.png","contentUrl":"https:\/\/brillancy.hu\/wp-content\/uploads\/2025\/06\/mulan.1.png","width":1024,"height":1024,"caption":"Mulan princess gy\u00e9m\u00e1nt gy\u0171r\u0171"},{"@type":"BreadcrumbList","@id":"https:\/\/brillancy.hu\/product\/mulan-gyemant-gyuru\/#breadcrumb","itemListElement":[{"@type":"ListItem","position":1,"name":"Home","item":"https:\/\/brillancy.hu\/"},{"@type":"ListItem","position":2,"name":"Term\u00e9kek","item":"https:\/\/brillancy.hu\/termekek\/"},{"@type":"ListItem","position":3,"name":"Mulan gy\u00e9m\u00e1nt gy\u0171r\u0171"}]},{"@type":"WebSite","@id":"https:\/\/brillancy.hu\/#website","url":"https:\/\/brillancy.hu\/","name":"Brillancy","description":"","potentialAction":[{"@type":"SearchAction","target":{"@type":"EntryPoint","urlTemplate":"https:\/\/brillancy.hu\/?s={search_term_string}"},"query-input":{"@type":"PropertyValueSpecification","valueRequired":true,"valueName":"search_term_string"}}],"inLanguage":"en-GB"}]}},"_links":{"self":[{"href":"https:\/\/brillancy.hu\/en\/wp-json\/wp\/v2\/product\/7059","targetHints":{"allow":["GET"]}}],"collection":[{"href":"https:\/\/brillancy.hu\/en\/wp-json\/wp\/v2\/product"}],"about":[{"href":"https:\/\/brillancy.hu\/en\/wp-json\/wp\/v2\/types\/product"}],"replies":[{"embeddable":true,"href":"https:\/\/brillancy.hu\/en\/wp-json\/wp\/v2\/comments?post=7059"}],"wp:featuredmedia":[{"embeddable":true,"href":"https:\/\/brillancy.hu\/en\/wp-json\/wp\/v2\/media\/10601"}],"wp:attachment":[{"href":"https:\/\/brillancy.hu\/en\/wp-json\/wp\/v2\/media?parent=7059"}],"wp:term":[{"taxonomy":"product_brand","embeddable":true,"href":"https:\/\/brillancy.hu\/en\/wp-json\/wp\/v2\/product_brand?post=7059"},{"taxonomy":"product_cat","embeddable":true,"href":"https:\/\/brillancy.hu\/en\/wp-json\/wp\/v2\/product_cat?post=7059"},{"taxonomy":"product_tag","embeddable":true,"href":"https:\/\/brillancy.hu\/en\/wp-json\/wp\/v2\/product_tag?post=7059"}],"curies":[{"name":"wp","href":"https:\/\/api.w.org\/{rel}","templated":true}]}}