{"id":7017,"date":"2025-01-31T18:27:19","date_gmt":"2025-01-31T17:27:19","guid":{"rendered":"https:\/\/brillancy.hu\/?post_type=product&#038;p=7017"},"modified":"2025-10-17T10:56:16","modified_gmt":"2025-10-17T09:56:16","slug":"antonella-roze-arany-eljegyzesi-gyuru","status":"publish","type":"product","link":"https:\/\/brillancy.hu\/en\/product\/antonella-roze-arany-eljegyzesi-gyuru\/","title":{"rendered":"Antonella rose gold engagement ring"},"content":{"rendered":"<p><strong>Antonella rose gold engagement ring<\/strong><\/p>\n<p>Delightful charming\u00a0<strong>14 carat rose gold<\/strong>\u00a0engagement ring, a handsome black diamond decorated. Beauty elegance in the special color combination of in and the proportion of well-designed harmony of lies.<strong>\u00a0Hatkarmos slot just slightly rises up<\/strong>, \u00edgy nem kell att\u00f3l tartani, hogy b\u00e1rmibe beleakadna.<\/p>\n<p>A foglalat alatt l\u00e9v\u0151 kis \u00e1tt\u00f6r\u00e9sek l\u00e9giess\u00e9get k\u00f6lcs\u00f6n\u00f6znek a gy\u0171r\u0171nek.<strong>\u00a0Best of the brilliant cut, 3 mm diameter 0,10 ct-os\u00a0<\/strong><strong>black diamond.<\/strong>\u00a0Petite nature of graceful, simple, slightly convex line of thanks. We offer all lady&#039;s classic style, discreet appearance of the jewelry you want, that&#039;s a little bold, too.\u00a0<strong>Based on the popular piece of the Brillance of Hungarian Craft jewelry manufactory \u00f6tv\u00f6seinek recommendation!<\/strong><\/p>\n<ul>\n<li><strong>Material:<\/strong>\u00a0gold<\/li>\n<li><strong>Fineness<\/strong>: 585 thousandth, 14 carat<\/li>\n<li><strong>Gemstone<\/strong>: brilliant cut black diamonds<\/li>\n<li><strong>Eternal life guarantee:<\/strong>\u00a0the jewelry structure of the material errors and gems<\/li>\n<\/ul>\n<p><strong>Free renewal:<\/strong>\u00a0We take your engagement ring free scratch-free sales of and purification of five times (once a year) the purchase within five years.<\/p>\n<p><strong>Free size adjustment:\u00a0<\/strong>If you haven&#039;t found the correct size, we will take the ring free size adjustments.<\/p>\n<p><strong>Gift box:\u00a0<\/strong>The ring is a gift in the box set, and several kinds of colors You can pick out!<\/p>\n<p><strong>Pay scrap gold<\/strong>\u00a0Damaged, old, or never used gold hiding at home in the cupboards? Bring it in to us and high count For the selected engagement ring price.<\/p>\n<p><strong>I like that the engagement ring, but larger diamonds, or colorful gems did you imagine it? It&#039;s not a problem. We like to give an offer to the expected ideas. Find us confidence on the phone +36 30 539 1179 number, or the\u00a0<\/strong><a href=\"mailto:info@brillancy.hu\"><strong>info@brillancy.hu<\/strong><\/a><strong>\u00a0e-mail address.<\/strong><\/p>","protected":false},"excerpt":{"rendered":"<p><strong>Antonella roz\u00e9 arany eljegyz\u00e9si gy\u0171r\u0171 &#8211; \u00c1lomsz\u00e9p 14 kar\u00e1tos roz\u00e9 arany eljegyz\u00e9si gy\u0171r\u0171. Kedvez\u0151 \u00e1r, \u00f6r\u00f6k \u00e9let garancia. V\u00e1logass a Brillancy Magyar K\u00e9zm\u0171ves \u00c9kszermanufakt\u00fara k\u00edn\u00e1lat\u00e1b\u00f3l!<\/strong><\/p>","protected":false},"featured_media":11939,"comment_status":"closed","ping_status":"closed","template":"","meta":[],"product_brand":[],"product_cat":[35,17,39,22,32],"product_tag":[],"class_list":{"0":"post-7017","1":"product","2":"type-product","3":"status-publish","4":"has-post-thumbnail","6":"product_cat-egykoves","7":"product_cat-eljegyzesi-gyuruk","8":"product_cat-gyemant","9":"product_cat-kerek","10":"product_cat-modern","12":"first","13":"instock","14":"purchasable","15":"product-type-simple"},"yoast_head":"<!-- This site is optimized with the Yoast SEO Premium plugin v27.0 (Yoast SEO v27.4) - https:\/\/yoast.com\/product\/yoast-seo-premium-wordpress\/ -->\n<title>Antonella roz\u00e9 arany eljegyz\u00e9si gy\u0171r\u0171 - Brillancy<\/title>\n<meta name=\"description\" content=\"Antonella roz\u00e9 arany eljegyz\u00e9si gy\u0171r\u0171 - A tervez\u0151 aj\u00e1nl\u00e1sa: Antonella roz\u00e9 arany eljegyz\u00e9si gy\u0171r\u0171:\u00a0Elb\u0171v\u00f6l\u0151en b\u00e1jos\u00a014 kar...\" \/>\n<meta name=\"robots\" content=\"index, follow, max-snippet:-1, max-image-preview:large, max-video-preview:-1\" \/>\n<link rel=\"canonical\" href=\"https:\/\/brillancy.hu\/en\/product\/antonella-roze-arany-eljegyzesi-gyuru\/\" \/>\n<meta property=\"og:locale\" content=\"en_GB\" \/>\n<meta property=\"og:type\" content=\"article\" \/>\n<meta property=\"og:title\" content=\"Antonella roz\u00e9 arany eljegyz\u00e9si gy\u0171r\u0171\" \/>\n<meta property=\"og:description\" content=\"Antonella roz\u00e9 arany eljegyz\u00e9si gy\u0171r\u0171 - A tervez\u0151 aj\u00e1nl\u00e1sa: Antonella roz\u00e9 arany eljegyz\u00e9si gy\u0171r\u0171:\u00a0Elb\u0171v\u00f6l\u0151en b\u00e1jos\u00a014 kar...\" \/>\n<meta property=\"og:url\" content=\"https:\/\/brillancy.hu\/en\/product\/antonella-roze-arany-eljegyzesi-gyuru\/\" \/>\n<meta property=\"og:site_name\" content=\"Brillancy\" \/>\n<meta property=\"article:modified_time\" content=\"2025-10-17T09:56:16+00:00\" \/>\n<meta property=\"og:image\" content=\"https:\/\/brillancy.hu\/wp-content\/uploads\/2025\/01\/20250928_1830_Elegant-Ring-Display_remix_01k68jgg2rfrsb9dd7m8xwkjqd.png\" \/>\n\t<meta property=\"og:image:width\" content=\"1024\" \/>\n\t<meta property=\"og:image:height\" content=\"1024\" \/>\n\t<meta property=\"og:image:type\" content=\"image\/png\" \/>\n<meta name=\"twitter:card\" content=\"summary_large_image\" \/>\n<meta name=\"twitter:label1\" content=\"Estimated reading time\" \/>\n\t<meta name=\"twitter:data1\" content=\"2 minutes\" \/>\n<script type=\"application\/ld+json\" class=\"yoast-schema-graph\">{\"@context\":\"https:\\\/\\\/schema.org\",\"@graph\":[{\"@type\":\"WebPage\",\"@id\":\"https:\\\/\\\/brillancy.hu\\\/product\\\/antonella-roze-arany-eljegyzesi-gyuru\\\/\",\"url\":\"https:\\\/\\\/brillancy.hu\\\/product\\\/antonella-roze-arany-eljegyzesi-gyuru\\\/\",\"name\":\"Antonella roz\u00e9 arany eljegyz\u00e9si gy\u0171r\u0171 - Brillancy\",\"isPartOf\":{\"@id\":\"https:\\\/\\\/brillancy.hu\\\/#website\"},\"primaryImageOfPage\":{\"@id\":\"https:\\\/\\\/brillancy.hu\\\/product\\\/antonella-roze-arany-eljegyzesi-gyuru\\\/#primaryimage\"},\"image\":{\"@id\":\"https:\\\/\\\/brillancy.hu\\\/product\\\/antonella-roze-arany-eljegyzesi-gyuru\\\/#primaryimage\"},\"thumbnailUrl\":\"https:\\\/\\\/brillancy.hu\\\/wp-content\\\/uploads\\\/2025\\\/01\\\/20250928_1830_Elegant-Ring-Display_remix_01k68jgg2rfrsb9dd7m8xwkjqd.png\",\"datePublished\":\"2025-01-31T17:27:19+00:00\",\"dateModified\":\"2025-10-17T09:56:16+00:00\",\"description\":\"Antonella roz\u00e9 arany eljegyz\u00e9si gy\u0171r\u0171 - A tervez\u0151 aj\u00e1nl\u00e1sa: Antonella roz\u00e9 arany eljegyz\u00e9si gy\u0171r\u0171:\u00a0Elb\u0171v\u00f6l\u0151en b\u00e1jos\u00a014 kar...\",\"breadcrumb\":{\"@id\":\"https:\\\/\\\/brillancy.hu\\\/product\\\/antonella-roze-arany-eljegyzesi-gyuru\\\/#breadcrumb\"},\"inLanguage\":\"en-GB\",\"potentialAction\":[{\"@type\":\"ReadAction\",\"target\":[\"https:\\\/\\\/brillancy.hu\\\/product\\\/antonella-roze-arany-eljegyzesi-gyuru\\\/\"]}]},{\"@type\":\"ImageObject\",\"inLanguage\":\"en-GB\",\"@id\":\"https:\\\/\\\/brillancy.hu\\\/product\\\/antonella-roze-arany-eljegyzesi-gyuru\\\/#primaryimage\",\"url\":\"https:\\\/\\\/brillancy.hu\\\/wp-content\\\/uploads\\\/2025\\\/01\\\/20250928_1830_Elegant-Ring-Display_remix_01k68jgg2rfrsb9dd7m8xwkjqd.png\",\"contentUrl\":\"https:\\\/\\\/brillancy.hu\\\/wp-content\\\/uploads\\\/2025\\\/01\\\/20250928_1830_Elegant-Ring-Display_remix_01k68jgg2rfrsb9dd7m8xwkjqd.png\",\"width\":1024,\"height\":1024,\"caption\":\"Antonella roz\u00e9 arany eljegyz\u00e9si gy\u0171r\u0171\"},{\"@type\":\"BreadcrumbList\",\"@id\":\"https:\\\/\\\/brillancy.hu\\\/product\\\/antonella-roze-arany-eljegyzesi-gyuru\\\/#breadcrumb\",\"itemListElement\":[{\"@type\":\"ListItem\",\"position\":1,\"name\":\"Home\",\"item\":\"https:\\\/\\\/brillancy.hu\\\/\"},{\"@type\":\"ListItem\",\"position\":2,\"name\":\"Term\u00e9kek\",\"item\":\"https:\\\/\\\/brillancy.hu\\\/termekek\\\/\"},{\"@type\":\"ListItem\",\"position\":3,\"name\":\"Antonella roz\u00e9 arany eljegyz\u00e9si gy\u0171r\u0171\"}]},{\"@type\":\"WebSite\",\"@id\":\"https:\\\/\\\/brillancy.hu\\\/#website\",\"url\":\"https:\\\/\\\/brillancy.hu\\\/\",\"name\":\"Brillancy\",\"description\":\"\",\"potentialAction\":[{\"@type\":\"SearchAction\",\"target\":{\"@type\":\"EntryPoint\",\"urlTemplate\":\"https:\\\/\\\/brillancy.hu\\\/?s={search_term_string}\"},\"query-input\":{\"@type\":\"PropertyValueSpecification\",\"valueRequired\":true,\"valueName\":\"search_term_string\"}}],\"inLanguage\":\"en-GB\"}]}<\/script>\n<!-- \/ Yoast SEO Premium plugin. -->","yoast_head_json":{"title":"Antonella roz\u00e9 arany eljegyz\u00e9si gy\u0171r\u0171 - Brillancy","description":"Antonella roz\u00e9 arany eljegyz\u00e9si gy\u0171r\u0171 - A tervez\u0151 aj\u00e1nl\u00e1sa: Antonella roz\u00e9 arany eljegyz\u00e9si gy\u0171r\u0171:\u00a0Elb\u0171v\u00f6l\u0151en b\u00e1jos\u00a014 kar...","robots":{"index":"index","follow":"follow","max-snippet":"max-snippet:-1","max-image-preview":"max-image-preview:large","max-video-preview":"max-video-preview:-1"},"canonical":"https:\/\/brillancy.hu\/en\/product\/antonella-roze-arany-eljegyzesi-gyuru\/","og_locale":"en_GB","og_type":"article","og_title":"Antonella roz\u00e9 arany eljegyz\u00e9si gy\u0171r\u0171","og_description":"Antonella roz\u00e9 arany eljegyz\u00e9si gy\u0171r\u0171 - A tervez\u0151 aj\u00e1nl\u00e1sa: Antonella roz\u00e9 arany eljegyz\u00e9si gy\u0171r\u0171:\u00a0Elb\u0171v\u00f6l\u0151en b\u00e1jos\u00a014 kar...","og_url":"https:\/\/brillancy.hu\/en\/product\/antonella-roze-arany-eljegyzesi-gyuru\/","og_site_name":"Brillancy","article_modified_time":"2025-10-17T09:56:16+00:00","og_image":[{"width":1024,"height":1024,"url":"https:\/\/brillancy.hu\/wp-content\/uploads\/2025\/01\/20250928_1830_Elegant-Ring-Display_remix_01k68jgg2rfrsb9dd7m8xwkjqd.png","type":"image\/png"}],"twitter_card":"summary_large_image","twitter_misc":{"Estimated reading time":"2 minutes"},"schema":{"@context":"https:\/\/schema.org","@graph":[{"@type":"WebPage","@id":"https:\/\/brillancy.hu\/product\/antonella-roze-arany-eljegyzesi-gyuru\/","url":"https:\/\/brillancy.hu\/product\/antonella-roze-arany-eljegyzesi-gyuru\/","name":"Antonella roz\u00e9 arany eljegyz\u00e9si gy\u0171r\u0171 - Brillancy","isPartOf":{"@id":"https:\/\/brillancy.hu\/#website"},"primaryImageOfPage":{"@id":"https:\/\/brillancy.hu\/product\/antonella-roze-arany-eljegyzesi-gyuru\/#primaryimage"},"image":{"@id":"https:\/\/brillancy.hu\/product\/antonella-roze-arany-eljegyzesi-gyuru\/#primaryimage"},"thumbnailUrl":"https:\/\/brillancy.hu\/wp-content\/uploads\/2025\/01\/20250928_1830_Elegant-Ring-Display_remix_01k68jgg2rfrsb9dd7m8xwkjqd.png","datePublished":"2025-01-31T17:27:19+00:00","dateModified":"2025-10-17T09:56:16+00:00","description":"Antonella roz\u00e9 arany eljegyz\u00e9si gy\u0171r\u0171 - A tervez\u0151 aj\u00e1nl\u00e1sa: Antonella roz\u00e9 arany eljegyz\u00e9si gy\u0171r\u0171:\u00a0Elb\u0171v\u00f6l\u0151en b\u00e1jos\u00a014 kar...","breadcrumb":{"@id":"https:\/\/brillancy.hu\/product\/antonella-roze-arany-eljegyzesi-gyuru\/#breadcrumb"},"inLanguage":"en-GB","potentialAction":[{"@type":"ReadAction","target":["https:\/\/brillancy.hu\/product\/antonella-roze-arany-eljegyzesi-gyuru\/"]}]},{"@type":"ImageObject","inLanguage":"en-GB","@id":"https:\/\/brillancy.hu\/product\/antonella-roze-arany-eljegyzesi-gyuru\/#primaryimage","url":"https:\/\/brillancy.hu\/wp-content\/uploads\/2025\/01\/20250928_1830_Elegant-Ring-Display_remix_01k68jgg2rfrsb9dd7m8xwkjqd.png","contentUrl":"https:\/\/brillancy.hu\/wp-content\/uploads\/2025\/01\/20250928_1830_Elegant-Ring-Display_remix_01k68jgg2rfrsb9dd7m8xwkjqd.png","width":1024,"height":1024,"caption":"Antonella roz\u00e9 arany eljegyz\u00e9si gy\u0171r\u0171"},{"@type":"BreadcrumbList","@id":"https:\/\/brillancy.hu\/product\/antonella-roze-arany-eljegyzesi-gyuru\/#breadcrumb","itemListElement":[{"@type":"ListItem","position":1,"name":"Home","item":"https:\/\/brillancy.hu\/"},{"@type":"ListItem","position":2,"name":"Term\u00e9kek","item":"https:\/\/brillancy.hu\/termekek\/"},{"@type":"ListItem","position":3,"name":"Antonella roz\u00e9 arany eljegyz\u00e9si gy\u0171r\u0171"}]},{"@type":"WebSite","@id":"https:\/\/brillancy.hu\/#website","url":"https:\/\/brillancy.hu\/","name":"Brillancy","description":"","potentialAction":[{"@type":"SearchAction","target":{"@type":"EntryPoint","urlTemplate":"https:\/\/brillancy.hu\/?s={search_term_string}"},"query-input":{"@type":"PropertyValueSpecification","valueRequired":true,"valueName":"search_term_string"}}],"inLanguage":"en-GB"}]}},"_links":{"self":[{"href":"https:\/\/brillancy.hu\/en\/wp-json\/wp\/v2\/product\/7017","targetHints":{"allow":["GET"]}}],"collection":[{"href":"https:\/\/brillancy.hu\/en\/wp-json\/wp\/v2\/product"}],"about":[{"href":"https:\/\/brillancy.hu\/en\/wp-json\/wp\/v2\/types\/product"}],"replies":[{"embeddable":true,"href":"https:\/\/brillancy.hu\/en\/wp-json\/wp\/v2\/comments?post=7017"}],"wp:featuredmedia":[{"embeddable":true,"href":"https:\/\/brillancy.hu\/en\/wp-json\/wp\/v2\/media\/11939"}],"wp:attachment":[{"href":"https:\/\/brillancy.hu\/en\/wp-json\/wp\/v2\/media?parent=7017"}],"wp:term":[{"taxonomy":"product_brand","embeddable":true,"href":"https:\/\/brillancy.hu\/en\/wp-json\/wp\/v2\/product_brand?post=7017"},{"taxonomy":"product_cat","embeddable":true,"href":"https:\/\/brillancy.hu\/en\/wp-json\/wp\/v2\/product_cat?post=7017"},{"taxonomy":"product_tag","embeddable":true,"href":"https:\/\/brillancy.hu\/en\/wp-json\/wp\/v2\/product_tag?post=7017"}],"curies":[{"name":"wp","href":"https:\/\/api.w.org\/{rel}","templated":true}]}}