{"id":6821,"date":"2025-01-31T18:25:14","date_gmt":"2025-01-31T17:25:14","guid":{"rendered":"https:\/\/brillancy.hu\/?post_type=product&#038;p=6821"},"modified":"2025-10-17T10:56:16","modified_gmt":"2025-10-17T09:56:16","slug":"trinidad-gyemant-gyuru","status":"publish","type":"product","link":"https:\/\/brillancy.hu\/en\/product\/trinidad-gyemant-gyuru\/","title":{"rendered":"Trinidad diamond ring"},"content":{"rendered":"<p>Trinidad diamond ring<\/p>\n<p>Spectacular design <strong>14 karat white gold<\/strong> diamond ring which <strong>four gems jeweled us, three brilliant cut white diamond and a blue triangle-shaped beautiful topaz<\/strong>. The diamond weight of <strong>total 0,09 ct<\/strong>, <strong>with a diameter of 1.7 mm, 2 mm and 2,2 mm. The special trillion cut topaz 0,5 ct-os. <\/strong>This\u00a0<strong>modern in appearance, white gold engagement ring<\/strong>\u00a0a great choice if you like the special, an unusual jewelry.<\/p>\n<ul>\n<li><strong>Material:<\/strong>\u00a0gold<\/li>\n<li><strong>Fineness<\/strong>: 585 thousandth, 14 carat<\/li>\n<li><strong>Gemstone<\/strong>: brilliant cut diamonds and trillion cut topaz<\/li>\n<li><strong>Eternal life guarantee:<\/strong>\u00a0the jewelry structure of the material errors and gems<\/li>\n<li><strong>Free renewal:<\/strong>\u00a0We take your diamond ring, free scratch-free sales of and purification of five times (once a year) the purchase within five years.<\/li>\n<\/ul>\n<p><strong>Free size adjustment:\u00a0<\/strong>If you haven&#039;t found the correct size, we will take the ring free size adjustments.<\/p>\n<p><strong>Gift box:\u00a0<\/strong>The ring is a gift in the box set, and several kinds of colors You can pick out!<\/p>\n<p><strong>Pay scrap gold<\/strong>\u00a0Damaged, old, or never used gold hiding at home in the cupboards? Bring it in to us and high count For the selected diamond ring price.<\/p>\n<p><strong>I like the diamond ring, but larger diamonds, or colorful gems did you imagine it? It&#039;s not a problem. We like to give an offer to the expected ideas. Find us confidence on the phone +36 30 539 1179 number, or the\u00a0<\/strong><a href=\"mailto:info@brillancy.hu\"><strong>info@brillancy.hu<\/strong><\/a><strong>\u00a0e-mail address.<\/strong><\/p>","protected":false},"excerpt":{"rendered":"<p>Trinidad diamond ring \u2013 a Bold Creative \u2013 white gold ring trillion cut topaz with and brilliant cut diamonds the Brillance jewelry manufactory offer \u2013 reasonable price, eternal life guarantee<\/p>","protected":false},"featured_media":6898,"comment_status":"open","ping_status":"closed","template":"","meta":[],"product_brand":[],"product_cat":[17,39,34,37,41],"product_tag":[],"class_list":{"0":"post-6821","1":"product","2":"type-product","3":"status-publish","4":"has-post-thumbnail","6":"product_cat-eljegyzesi-gyuruk","7":"product_cat-gyemant","8":"product_cat-kreativ","9":"product_cat-tobb-koves","10":"product_cat-topaz","12":"first","13":"instock","14":"shipping-taxable","15":"purchasable","16":"product-type-simple"},"yoast_head":"<!-- This site is optimized with the Yoast SEO Premium plugin v27.0 (Yoast SEO v27.4) - https:\/\/yoast.com\/product\/yoast-seo-premium-wordpress\/ -->\n<title>Trinidad gy\u00e9m\u00e1nt gy\u0171r\u0171 - Brillancy<\/title>\n<meta name=\"description\" content=\"feh\u00e9rarany gy\u00e9m\u00e1nt gy\u0171r\u0171 melyet n\u00e9gy dr\u00e1gak\u0151 \u00e9kes\u00edt, h\u00e1rom brili\u00e1ns csiszol\u00e1s\u00fa feh\u00e9r gy\u00e9m\u00e1nt\u00a0\u00e9s egy k\u00e9k\u00a0sz\u00edn\u0171\u00a0h\u00e1romsz\u00f6g form\u00e1j\u00fa gy\u00f6ny\u00f6r\u0171 top\u00e1z\" \/>\n<meta name=\"robots\" content=\"index, follow, max-snippet:-1, max-image-preview:large, max-video-preview:-1\" \/>\n<link rel=\"canonical\" href=\"https:\/\/brillancy.hu\/en\/product\/trinidad-gyemant-gyuru\/\" \/>\n<meta property=\"og:locale\" content=\"en_GB\" \/>\n<meta property=\"og:type\" content=\"article\" \/>\n<meta property=\"og:title\" content=\"Trinidad gy\u00e9m\u00e1nt gy\u0171r\u0171\" \/>\n<meta property=\"og:description\" content=\"feh\u00e9rarany gy\u00e9m\u00e1nt gy\u0171r\u0171 melyet n\u00e9gy dr\u00e1gak\u0151 \u00e9kes\u00edt, h\u00e1rom brili\u00e1ns csiszol\u00e1s\u00fa feh\u00e9r gy\u00e9m\u00e1nt\u00a0\u00e9s egy k\u00e9k\u00a0sz\u00edn\u0171\u00a0h\u00e1romsz\u00f6g form\u00e1j\u00fa gy\u00f6ny\u00f6r\u0171 top\u00e1z\" \/>\n<meta property=\"og:url\" content=\"https:\/\/brillancy.hu\/en\/product\/trinidad-gyemant-gyuru\/\" \/>\n<meta property=\"og:site_name\" content=\"Brillancy\" \/>\n<meta property=\"article:modified_time\" content=\"2025-10-17T09:56:16+00:00\" \/>\n<meta property=\"og:image\" content=\"https:\/\/brillancy.hu\/wp-content\/uploads\/2025\/01\/Trinidad_gyemant_gyuru_1.jpg\" \/>\n\t<meta property=\"og:image:width\" content=\"640\" \/>\n\t<meta property=\"og:image:height\" content=\"480\" \/>\n\t<meta property=\"og:image:type\" content=\"image\/jpeg\" \/>\n<meta name=\"twitter:card\" content=\"summary_large_image\" \/>\n<meta name=\"twitter:label1\" content=\"Estimated reading time\" \/>\n\t<meta name=\"twitter:data1\" content=\"2 minutes\" \/>\n<script type=\"application\/ld+json\" class=\"yoast-schema-graph\">{\"@context\":\"https:\\\/\\\/schema.org\",\"@graph\":[{\"@type\":\"WebPage\",\"@id\":\"https:\\\/\\\/brillancy.hu\\\/product\\\/trinidad-gyemant-gyuru\\\/\",\"url\":\"https:\\\/\\\/brillancy.hu\\\/product\\\/trinidad-gyemant-gyuru\\\/\",\"name\":\"Trinidad gy\u00e9m\u00e1nt gy\u0171r\u0171 - Brillancy\",\"isPartOf\":{\"@id\":\"https:\\\/\\\/brillancy.hu\\\/#website\"},\"primaryImageOfPage\":{\"@id\":\"https:\\\/\\\/brillancy.hu\\\/product\\\/trinidad-gyemant-gyuru\\\/#primaryimage\"},\"image\":{\"@id\":\"https:\\\/\\\/brillancy.hu\\\/product\\\/trinidad-gyemant-gyuru\\\/#primaryimage\"},\"thumbnailUrl\":\"https:\\\/\\\/brillancy.hu\\\/wp-content\\\/uploads\\\/2025\\\/01\\\/Trinidad_gyemant_gyuru_1.jpg\",\"datePublished\":\"2025-01-31T17:25:14+00:00\",\"dateModified\":\"2025-10-17T09:56:16+00:00\",\"description\":\"feh\u00e9rarany gy\u00e9m\u00e1nt gy\u0171r\u0171 melyet n\u00e9gy dr\u00e1gak\u0151 \u00e9kes\u00edt, h\u00e1rom brili\u00e1ns csiszol\u00e1s\u00fa feh\u00e9r gy\u00e9m\u00e1nt\u00a0\u00e9s egy k\u00e9k\u00a0sz\u00edn\u0171\u00a0h\u00e1romsz\u00f6g form\u00e1j\u00fa gy\u00f6ny\u00f6r\u0171 top\u00e1z\",\"breadcrumb\":{\"@id\":\"https:\\\/\\\/brillancy.hu\\\/product\\\/trinidad-gyemant-gyuru\\\/#breadcrumb\"},\"inLanguage\":\"en-GB\",\"potentialAction\":[{\"@type\":\"ReadAction\",\"target\":[\"https:\\\/\\\/brillancy.hu\\\/product\\\/trinidad-gyemant-gyuru\\\/\"]}]},{\"@type\":\"ImageObject\",\"inLanguage\":\"en-GB\",\"@id\":\"https:\\\/\\\/brillancy.hu\\\/product\\\/trinidad-gyemant-gyuru\\\/#primaryimage\",\"url\":\"https:\\\/\\\/brillancy.hu\\\/wp-content\\\/uploads\\\/2025\\\/01\\\/Trinidad_gyemant_gyuru_1.jpg\",\"contentUrl\":\"https:\\\/\\\/brillancy.hu\\\/wp-content\\\/uploads\\\/2025\\\/01\\\/Trinidad_gyemant_gyuru_1.jpg\",\"width\":640,\"height\":480,\"caption\":\"Trinidad gy\u00e9m\u00e1nt gy\u0171r\u0171\"},{\"@type\":\"BreadcrumbList\",\"@id\":\"https:\\\/\\\/brillancy.hu\\\/product\\\/trinidad-gyemant-gyuru\\\/#breadcrumb\",\"itemListElement\":[{\"@type\":\"ListItem\",\"position\":1,\"name\":\"Home\",\"item\":\"https:\\\/\\\/brillancy.hu\\\/\"},{\"@type\":\"ListItem\",\"position\":2,\"name\":\"Term\u00e9kek\",\"item\":\"https:\\\/\\\/brillancy.hu\\\/termekek\\\/\"},{\"@type\":\"ListItem\",\"position\":3,\"name\":\"Trinidad gy\u00e9m\u00e1nt gy\u0171r\u0171\"}]},{\"@type\":\"WebSite\",\"@id\":\"https:\\\/\\\/brillancy.hu\\\/#website\",\"url\":\"https:\\\/\\\/brillancy.hu\\\/\",\"name\":\"Brillancy\",\"description\":\"\",\"potentialAction\":[{\"@type\":\"SearchAction\",\"target\":{\"@type\":\"EntryPoint\",\"urlTemplate\":\"https:\\\/\\\/brillancy.hu\\\/?s={search_term_string}\"},\"query-input\":{\"@type\":\"PropertyValueSpecification\",\"valueRequired\":true,\"valueName\":\"search_term_string\"}}],\"inLanguage\":\"en-GB\"}]}<\/script>\n<!-- \/ Yoast SEO Premium plugin. -->","yoast_head_json":{"title":"Trinidad gy\u00e9m\u00e1nt gy\u0171r\u0171 - Brillancy","description":"feh\u00e9rarany gy\u00e9m\u00e1nt gy\u0171r\u0171 melyet n\u00e9gy dr\u00e1gak\u0151 \u00e9kes\u00edt, h\u00e1rom brili\u00e1ns csiszol\u00e1s\u00fa feh\u00e9r gy\u00e9m\u00e1nt\u00a0\u00e9s egy k\u00e9k\u00a0sz\u00edn\u0171\u00a0h\u00e1romsz\u00f6g form\u00e1j\u00fa gy\u00f6ny\u00f6r\u0171 top\u00e1z","robots":{"index":"index","follow":"follow","max-snippet":"max-snippet:-1","max-image-preview":"max-image-preview:large","max-video-preview":"max-video-preview:-1"},"canonical":"https:\/\/brillancy.hu\/en\/product\/trinidad-gyemant-gyuru\/","og_locale":"en_GB","og_type":"article","og_title":"Trinidad gy\u00e9m\u00e1nt gy\u0171r\u0171","og_description":"feh\u00e9rarany gy\u00e9m\u00e1nt gy\u0171r\u0171 melyet n\u00e9gy dr\u00e1gak\u0151 \u00e9kes\u00edt, h\u00e1rom brili\u00e1ns csiszol\u00e1s\u00fa feh\u00e9r gy\u00e9m\u00e1nt\u00a0\u00e9s egy k\u00e9k\u00a0sz\u00edn\u0171\u00a0h\u00e1romsz\u00f6g form\u00e1j\u00fa gy\u00f6ny\u00f6r\u0171 top\u00e1z","og_url":"https:\/\/brillancy.hu\/en\/product\/trinidad-gyemant-gyuru\/","og_site_name":"Brillancy","article_modified_time":"2025-10-17T09:56:16+00:00","og_image":[{"width":640,"height":480,"url":"https:\/\/brillancy.hu\/wp-content\/uploads\/2025\/01\/Trinidad_gyemant_gyuru_1.jpg","type":"image\/jpeg"}],"twitter_card":"summary_large_image","twitter_misc":{"Estimated reading time":"2 minutes"},"schema":{"@context":"https:\/\/schema.org","@graph":[{"@type":"WebPage","@id":"https:\/\/brillancy.hu\/product\/trinidad-gyemant-gyuru\/","url":"https:\/\/brillancy.hu\/product\/trinidad-gyemant-gyuru\/","name":"Trinidad gy\u00e9m\u00e1nt gy\u0171r\u0171 - Brillancy","isPartOf":{"@id":"https:\/\/brillancy.hu\/#website"},"primaryImageOfPage":{"@id":"https:\/\/brillancy.hu\/product\/trinidad-gyemant-gyuru\/#primaryimage"},"image":{"@id":"https:\/\/brillancy.hu\/product\/trinidad-gyemant-gyuru\/#primaryimage"},"thumbnailUrl":"https:\/\/brillancy.hu\/wp-content\/uploads\/2025\/01\/Trinidad_gyemant_gyuru_1.jpg","datePublished":"2025-01-31T17:25:14+00:00","dateModified":"2025-10-17T09:56:16+00:00","description":"feh\u00e9rarany gy\u00e9m\u00e1nt gy\u0171r\u0171 melyet n\u00e9gy dr\u00e1gak\u0151 \u00e9kes\u00edt, h\u00e1rom brili\u00e1ns csiszol\u00e1s\u00fa feh\u00e9r gy\u00e9m\u00e1nt\u00a0\u00e9s egy k\u00e9k\u00a0sz\u00edn\u0171\u00a0h\u00e1romsz\u00f6g form\u00e1j\u00fa gy\u00f6ny\u00f6r\u0171 top\u00e1z","breadcrumb":{"@id":"https:\/\/brillancy.hu\/product\/trinidad-gyemant-gyuru\/#breadcrumb"},"inLanguage":"en-GB","potentialAction":[{"@type":"ReadAction","target":["https:\/\/brillancy.hu\/product\/trinidad-gyemant-gyuru\/"]}]},{"@type":"ImageObject","inLanguage":"en-GB","@id":"https:\/\/brillancy.hu\/product\/trinidad-gyemant-gyuru\/#primaryimage","url":"https:\/\/brillancy.hu\/wp-content\/uploads\/2025\/01\/Trinidad_gyemant_gyuru_1.jpg","contentUrl":"https:\/\/brillancy.hu\/wp-content\/uploads\/2025\/01\/Trinidad_gyemant_gyuru_1.jpg","width":640,"height":480,"caption":"Trinidad gy\u00e9m\u00e1nt gy\u0171r\u0171"},{"@type":"BreadcrumbList","@id":"https:\/\/brillancy.hu\/product\/trinidad-gyemant-gyuru\/#breadcrumb","itemListElement":[{"@type":"ListItem","position":1,"name":"Home","item":"https:\/\/brillancy.hu\/"},{"@type":"ListItem","position":2,"name":"Term\u00e9kek","item":"https:\/\/brillancy.hu\/termekek\/"},{"@type":"ListItem","position":3,"name":"Trinidad gy\u00e9m\u00e1nt gy\u0171r\u0171"}]},{"@type":"WebSite","@id":"https:\/\/brillancy.hu\/#website","url":"https:\/\/brillancy.hu\/","name":"Brillancy","description":"","potentialAction":[{"@type":"SearchAction","target":{"@type":"EntryPoint","urlTemplate":"https:\/\/brillancy.hu\/?s={search_term_string}"},"query-input":{"@type":"PropertyValueSpecification","valueRequired":true,"valueName":"search_term_string"}}],"inLanguage":"en-GB"}]}},"_links":{"self":[{"href":"https:\/\/brillancy.hu\/en\/wp-json\/wp\/v2\/product\/6821","targetHints":{"allow":["GET"]}}],"collection":[{"href":"https:\/\/brillancy.hu\/en\/wp-json\/wp\/v2\/product"}],"about":[{"href":"https:\/\/brillancy.hu\/en\/wp-json\/wp\/v2\/types\/product"}],"replies":[{"embeddable":true,"href":"https:\/\/brillancy.hu\/en\/wp-json\/wp\/v2\/comments?post=6821"}],"wp:featuredmedia":[{"embeddable":true,"href":"https:\/\/brillancy.hu\/en\/wp-json\/wp\/v2\/media\/6898"}],"wp:attachment":[{"href":"https:\/\/brillancy.hu\/en\/wp-json\/wp\/v2\/media?parent=6821"}],"wp:term":[{"taxonomy":"product_brand","embeddable":true,"href":"https:\/\/brillancy.hu\/en\/wp-json\/wp\/v2\/product_brand?post=6821"},{"taxonomy":"product_cat","embeddable":true,"href":"https:\/\/brillancy.hu\/en\/wp-json\/wp\/v2\/product_cat?post=6821"},{"taxonomy":"product_tag","embeddable":true,"href":"https:\/\/brillancy.hu\/en\/wp-json\/wp\/v2\/product_tag?post=6821"}],"curies":[{"name":"wp","href":"https:\/\/api.w.org\/{rel}","templated":true}]}}