{"id":6820,"date":"2025-01-31T18:25:14","date_gmt":"2025-01-31T17:25:14","guid":{"rendered":"https:\/\/brillancy.hu\/?post_type=product&#038;p=6820"},"modified":"2025-11-10T16:23:01","modified_gmt":"2025-11-10T15:23:01","slug":"seven-gyemant-gyuru","status":"publish","type":"product","link":"https:\/\/brillancy.hu\/en\/product\/seven-gyemant-gyuru\/","title":{"rendered":"Seven diamond ring"},"content":{"rendered":"<p><strong>Seven diamond ring:<\/strong><\/p>\n<p>Amazing beauty\u00a0<strong>14 karat white gold engagement ring, seven brilliant cut natural diamond decorated<\/strong>. The ring is beautiful ornament\u00a0<strong>the focus was placed 0,40 ct of diamonds<\/strong>which six arms kept me safe.\u00a0<strong>By closely 3-3 pieces one by one 0,015 ct-os, 1.5 mm diameter place<\/strong>. The smaller diamonds are a special arrangement of a small playful leave the jewelry elegance in the central gem to control the look and presence even more elevate your glow. The narrow, slightly convex gy\u0171r\u0171s\u00edn leave to enforce these beautiful diamonds. We recommend it to those who are the sophisticated look you prefer, and love the spotlight.<\/p>\n<ul>\n<li><strong>Material:<\/strong> gold<\/li>\n<li><strong>Fineness<\/strong>: 585 thousandth, 14 carat<\/li>\n<li><strong>Gemstone<\/strong>: brilliant cut natural diamonds<\/li>\n<li><strong>Eternal life guarantee:<\/strong> the jewelry structure of the material errors and gems<\/li>\n<li><strong>Free renewal:<\/strong> We take your diamond ring, free scratch-free sales of and purification of five times (once a year) the purchase within five years.<\/li>\n<\/ul>\n<p><strong>Free size adjustment:\u00a0<\/strong>If you haven&#039;t found the correct size, we will take the ring free size adjustments.<\/p>\n<p><strong>Gift box:\u00a0<\/strong>The ring is a gift in the box set, and several kinds of colors You can pick out!<\/p>\n<p><strong>Pay scrap gold<\/strong> Damaged, old, or never used gold hiding at home in the cupboards? Bring it in to us and high count For the selected diamond ring price.<\/p>\n<p><strong>I like the diamond ring, but larger diamonds, or colorful gems did you imagine it? It&#039;s not a problem. We like to give an offer to the expected ideas. Find us confidence on the phone +36 30 539 1179 number, or the <\/strong><a href=\"mailto:info@brillancy.hu\"><strong>info@brillancy.hu<\/strong><\/a><strong>\u00a0e-mail address.<\/strong><\/p>","protected":false},"excerpt":{"rendered":"<p>Seven diamond ring \u2013 a Bold Creative \u2013 white gold ring brilliant cut diamond in Brillance jewelry manufactory offer \u2013 reasonable price, eternal life guarantee<\/p>","protected":false},"featured_media":10545,"comment_status":"open","ping_status":"closed","template":"","meta":[],"product_brand":[],"product_cat":[17,39,22,33,32,37],"product_tag":[],"class_list":{"0":"post-6820","1":"product","2":"type-product","3":"status-publish","4":"has-post-thumbnail","6":"product_cat-eljegyzesi-gyuruk","7":"product_cat-gyemant","8":"product_cat-kerek","9":"product_cat-klasszikus","10":"product_cat-modern","11":"product_cat-tobb-koves","13":"first","14":"instock","15":"shipping-taxable","16":"purchasable","17":"product-type-variable"},"yoast_head":"<!-- This site is optimized with the Yoast SEO Premium plugin v27.0 (Yoast SEO v27.0) - https:\/\/yoast.com\/product\/yoast-seo-premium-wordpress\/ -->\n<title>Seven gy\u00e9m\u00e1nt gy\u0171r\u0171 - Brillancy<\/title>\n<meta name=\"description\" content=\"Seven gy\u00e9m\u00e1nt gy\u0171r\u0171:\u00a0B\u00e1mulatos sz\u00e9ps\u00e9g\u0171\u00a014 kar\u00e1tos feh\u00e9r arany eljegyz\u00e9si gy\u0171r\u0171, h\u00e9t darab brili\u00e1ns csiszol\u00e1s\u00fa term\u00e9szetes gy\u00e9m\u00e1nttal d\u00edsz\u00edtve.\" \/>\n<meta name=\"robots\" content=\"index, follow, max-snippet:-1, max-image-preview:large, max-video-preview:-1\" \/>\n<link rel=\"canonical\" href=\"https:\/\/brillancy.hu\/en\/product\/seven-gyemant-gyuru\/\" \/>\n<meta property=\"og:locale\" content=\"en_GB\" \/>\n<meta property=\"og:type\" content=\"article\" \/>\n<meta property=\"og:title\" content=\"Seven gy\u00e9m\u00e1nt gy\u0171r\u0171\" \/>\n<meta property=\"og:description\" content=\"Seven gy\u00e9m\u00e1nt gy\u0171r\u0171:\u00a0B\u00e1mulatos sz\u00e9ps\u00e9g\u0171\u00a014 kar\u00e1tos feh\u00e9r arany eljegyz\u00e9si gy\u0171r\u0171, h\u00e9t darab brili\u00e1ns csiszol\u00e1s\u00fa term\u00e9szetes gy\u00e9m\u00e1nttal d\u00edsz\u00edtve.\" \/>\n<meta property=\"og:url\" content=\"https:\/\/brillancy.hu\/en\/product\/seven-gyemant-gyuru\/\" \/>\n<meta property=\"og:site_name\" content=\"Brillancy\" \/>\n<meta property=\"article:modified_time\" content=\"2025-11-10T15:23:01+00:00\" \/>\n<meta property=\"og:image\" content=\"https:\/\/brillancy.hu\/wp-content\/uploads\/2025\/01\/20250613_1146_Ring-with-White-Background_remix_01jxmawm6yf23r18jy7n80cs2y.png\" \/>\n\t<meta property=\"og:image:width\" content=\"1024\" \/>\n\t<meta property=\"og:image:height\" content=\"1024\" \/>\n\t<meta property=\"og:image:type\" content=\"image\/png\" \/>\n<meta name=\"twitter:card\" content=\"summary_large_image\" \/>\n<meta name=\"twitter:label1\" content=\"Estimated reading time\" \/>\n\t<meta name=\"twitter:data1\" content=\"2 minutes\" \/>\n<script type=\"application\/ld+json\" class=\"yoast-schema-graph\">{\"@context\":\"https:\/\/schema.org\",\"@graph\":[{\"@type\":\"WebPage\",\"@id\":\"https:\/\/brillancy.hu\/product\/seven-gyemant-gyuru\/\",\"url\":\"https:\/\/brillancy.hu\/product\/seven-gyemant-gyuru\/\",\"name\":\"Seven gy\u00e9m\u00e1nt gy\u0171r\u0171 - Brillancy\",\"isPartOf\":{\"@id\":\"https:\/\/brillancy.hu\/#website\"},\"primaryImageOfPage\":{\"@id\":\"https:\/\/brillancy.hu\/product\/seven-gyemant-gyuru\/#primaryimage\"},\"image\":{\"@id\":\"https:\/\/brillancy.hu\/product\/seven-gyemant-gyuru\/#primaryimage\"},\"thumbnailUrl\":\"https:\/\/brillancy.hu\/wp-content\/uploads\/2025\/01\/20250613_1146_Ring-with-White-Background_remix_01jxmawm6yf23r18jy7n80cs2y.png\",\"datePublished\":\"2025-01-31T17:25:14+00:00\",\"dateModified\":\"2025-11-10T15:23:01+00:00\",\"description\":\"Seven gy\u00e9m\u00e1nt gy\u0171r\u0171:\u00a0B\u00e1mulatos sz\u00e9ps\u00e9g\u0171\u00a014 kar\u00e1tos feh\u00e9r arany eljegyz\u00e9si gy\u0171r\u0171, h\u00e9t darab brili\u00e1ns csiszol\u00e1s\u00fa term\u00e9szetes gy\u00e9m\u00e1nttal d\u00edsz\u00edtve.\",\"breadcrumb\":{\"@id\":\"https:\/\/brillancy.hu\/product\/seven-gyemant-gyuru\/#breadcrumb\"},\"inLanguage\":\"en-GB\",\"potentialAction\":[{\"@type\":\"ReadAction\",\"target\":[\"https:\/\/brillancy.hu\/product\/seven-gyemant-gyuru\/\"]}]},{\"@type\":\"ImageObject\",\"inLanguage\":\"en-GB\",\"@id\":\"https:\/\/brillancy.hu\/product\/seven-gyemant-gyuru\/#primaryimage\",\"url\":\"https:\/\/brillancy.hu\/wp-content\/uploads\/2025\/01\/20250613_1146_Ring-with-White-Background_remix_01jxmawm6yf23r18jy7n80cs2y.png\",\"contentUrl\":\"https:\/\/brillancy.hu\/wp-content\/uploads\/2025\/01\/20250613_1146_Ring-with-White-Background_remix_01jxmawm6yf23r18jy7n80cs2y.png\",\"width\":1024,\"height\":1024,\"caption\":\"Seven gy\u00e9m\u00e1nt gy\u0171r\u0171\"},{\"@type\":\"BreadcrumbList\",\"@id\":\"https:\/\/brillancy.hu\/product\/seven-gyemant-gyuru\/#breadcrumb\",\"itemListElement\":[{\"@type\":\"ListItem\",\"position\":1,\"name\":\"Home\",\"item\":\"https:\/\/brillancy.hu\/\"},{\"@type\":\"ListItem\",\"position\":2,\"name\":\"Term\u00e9kek\",\"item\":\"https:\/\/brillancy.hu\/termekek\/\"},{\"@type\":\"ListItem\",\"position\":3,\"name\":\"Seven gy\u00e9m\u00e1nt gy\u0171r\u0171\"}]},{\"@type\":\"WebSite\",\"@id\":\"https:\/\/brillancy.hu\/#website\",\"url\":\"https:\/\/brillancy.hu\/\",\"name\":\"Brillancy\",\"description\":\"\",\"potentialAction\":[{\"@type\":\"SearchAction\",\"target\":{\"@type\":\"EntryPoint\",\"urlTemplate\":\"https:\/\/brillancy.hu\/?s={search_term_string}\"},\"query-input\":{\"@type\":\"PropertyValueSpecification\",\"valueRequired\":true,\"valueName\":\"search_term_string\"}}],\"inLanguage\":\"en-GB\"}]}<\/script>\n<!-- \/ Yoast SEO Premium plugin. -->","yoast_head_json":{"title":"Seven gy\u00e9m\u00e1nt gy\u0171r\u0171 - Brillancy","description":"Seven gy\u00e9m\u00e1nt gy\u0171r\u0171:\u00a0B\u00e1mulatos sz\u00e9ps\u00e9g\u0171\u00a014 kar\u00e1tos feh\u00e9r arany eljegyz\u00e9si gy\u0171r\u0171, h\u00e9t darab brili\u00e1ns csiszol\u00e1s\u00fa term\u00e9szetes gy\u00e9m\u00e1nttal d\u00edsz\u00edtve.","robots":{"index":"index","follow":"follow","max-snippet":"max-snippet:-1","max-image-preview":"max-image-preview:large","max-video-preview":"max-video-preview:-1"},"canonical":"https:\/\/brillancy.hu\/en\/product\/seven-gyemant-gyuru\/","og_locale":"en_GB","og_type":"article","og_title":"Seven gy\u00e9m\u00e1nt gy\u0171r\u0171","og_description":"Seven gy\u00e9m\u00e1nt gy\u0171r\u0171:\u00a0B\u00e1mulatos sz\u00e9ps\u00e9g\u0171\u00a014 kar\u00e1tos feh\u00e9r arany eljegyz\u00e9si gy\u0171r\u0171, h\u00e9t darab brili\u00e1ns csiszol\u00e1s\u00fa term\u00e9szetes gy\u00e9m\u00e1nttal d\u00edsz\u00edtve.","og_url":"https:\/\/brillancy.hu\/en\/product\/seven-gyemant-gyuru\/","og_site_name":"Brillancy","article_modified_time":"2025-11-10T15:23:01+00:00","og_image":[{"width":1024,"height":1024,"url":"https:\/\/brillancy.hu\/wp-content\/uploads\/2025\/01\/20250613_1146_Ring-with-White-Background_remix_01jxmawm6yf23r18jy7n80cs2y.png","type":"image\/png"}],"twitter_card":"summary_large_image","twitter_misc":{"Estimated reading time":"2 minutes"},"schema":{"@context":"https:\/\/schema.org","@graph":[{"@type":"WebPage","@id":"https:\/\/brillancy.hu\/product\/seven-gyemant-gyuru\/","url":"https:\/\/brillancy.hu\/product\/seven-gyemant-gyuru\/","name":"Seven gy\u00e9m\u00e1nt gy\u0171r\u0171 - Brillancy","isPartOf":{"@id":"https:\/\/brillancy.hu\/#website"},"primaryImageOfPage":{"@id":"https:\/\/brillancy.hu\/product\/seven-gyemant-gyuru\/#primaryimage"},"image":{"@id":"https:\/\/brillancy.hu\/product\/seven-gyemant-gyuru\/#primaryimage"},"thumbnailUrl":"https:\/\/brillancy.hu\/wp-content\/uploads\/2025\/01\/20250613_1146_Ring-with-White-Background_remix_01jxmawm6yf23r18jy7n80cs2y.png","datePublished":"2025-01-31T17:25:14+00:00","dateModified":"2025-11-10T15:23:01+00:00","description":"Seven gy\u00e9m\u00e1nt gy\u0171r\u0171:\u00a0B\u00e1mulatos sz\u00e9ps\u00e9g\u0171\u00a014 kar\u00e1tos feh\u00e9r arany eljegyz\u00e9si gy\u0171r\u0171, h\u00e9t darab brili\u00e1ns csiszol\u00e1s\u00fa term\u00e9szetes gy\u00e9m\u00e1nttal d\u00edsz\u00edtve.","breadcrumb":{"@id":"https:\/\/brillancy.hu\/product\/seven-gyemant-gyuru\/#breadcrumb"},"inLanguage":"en-GB","potentialAction":[{"@type":"ReadAction","target":["https:\/\/brillancy.hu\/product\/seven-gyemant-gyuru\/"]}]},{"@type":"ImageObject","inLanguage":"en-GB","@id":"https:\/\/brillancy.hu\/product\/seven-gyemant-gyuru\/#primaryimage","url":"https:\/\/brillancy.hu\/wp-content\/uploads\/2025\/01\/20250613_1146_Ring-with-White-Background_remix_01jxmawm6yf23r18jy7n80cs2y.png","contentUrl":"https:\/\/brillancy.hu\/wp-content\/uploads\/2025\/01\/20250613_1146_Ring-with-White-Background_remix_01jxmawm6yf23r18jy7n80cs2y.png","width":1024,"height":1024,"caption":"Seven gy\u00e9m\u00e1nt gy\u0171r\u0171"},{"@type":"BreadcrumbList","@id":"https:\/\/brillancy.hu\/product\/seven-gyemant-gyuru\/#breadcrumb","itemListElement":[{"@type":"ListItem","position":1,"name":"Home","item":"https:\/\/brillancy.hu\/"},{"@type":"ListItem","position":2,"name":"Term\u00e9kek","item":"https:\/\/brillancy.hu\/termekek\/"},{"@type":"ListItem","position":3,"name":"Seven gy\u00e9m\u00e1nt gy\u0171r\u0171"}]},{"@type":"WebSite","@id":"https:\/\/brillancy.hu\/#website","url":"https:\/\/brillancy.hu\/","name":"Brillancy","description":"","potentialAction":[{"@type":"SearchAction","target":{"@type":"EntryPoint","urlTemplate":"https:\/\/brillancy.hu\/?s={search_term_string}"},"query-input":{"@type":"PropertyValueSpecification","valueRequired":true,"valueName":"search_term_string"}}],"inLanguage":"en-GB"}]}},"_links":{"self":[{"href":"https:\/\/brillancy.hu\/en\/wp-json\/wp\/v2\/product\/6820","targetHints":{"allow":["GET"]}}],"collection":[{"href":"https:\/\/brillancy.hu\/en\/wp-json\/wp\/v2\/product"}],"about":[{"href":"https:\/\/brillancy.hu\/en\/wp-json\/wp\/v2\/types\/product"}],"replies":[{"embeddable":true,"href":"https:\/\/brillancy.hu\/en\/wp-json\/wp\/v2\/comments?post=6820"}],"wp:featuredmedia":[{"embeddable":true,"href":"https:\/\/brillancy.hu\/en\/wp-json\/wp\/v2\/media\/10545"}],"wp:attachment":[{"href":"https:\/\/brillancy.hu\/en\/wp-json\/wp\/v2\/media?parent=6820"}],"wp:term":[{"taxonomy":"product_brand","embeddable":true,"href":"https:\/\/brillancy.hu\/en\/wp-json\/wp\/v2\/product_brand?post=6820"},{"taxonomy":"product_cat","embeddable":true,"href":"https:\/\/brillancy.hu\/en\/wp-json\/wp\/v2\/product_cat?post=6820"},{"taxonomy":"product_tag","embeddable":true,"href":"https:\/\/brillancy.hu\/en\/wp-json\/wp\/v2\/product_tag?post=6820"}],"curies":[{"name":"wp","href":"https:\/\/api.w.org\/{rel}","templated":true}]}}