{"id":6811,"date":"2025-01-31T18:25:14","date_gmt":"2025-01-31T17:25:14","guid":{"rendered":"https:\/\/brillancy.hu\/?post_type=product&#038;p=6811"},"modified":"2025-11-10T15:23:26","modified_gmt":"2025-11-10T14:23:26","slug":"pocahontas-gyemant-gyuru","status":"publish","type":"product","link":"https:\/\/brillancy.hu\/en\/product\/pocahontas-gyemant-gyuru\/","title":{"rendered":"Pocahontas Diamond ring"},"content":{"rendered":"<p dir=\"ltr\" style=\"line-height: 1.38,margin-top:0pt,margin-bottom:0pt,;\"><span id=\"docs-internal-guid-f5a8061b-004e-18be-d947-a59e1c01affc\"><strong>Pocahontas diamond ring<\/strong><\/span><\/p>\n<p dir=\"ltr\" style=\"line-height: 1.38,margin-top:0pt,margin-bottom:0pt,;\"><span id=\"docs-internal-guid-f5a8061b-004e-18be-d947-a59e1c01affc\"> If you like the rectangular form, this <strong>14-karat gold diamond ring<\/strong>you found out. The gy\u0171r\u0171s\u00edn simplicity and fits perfectly in the <strong>princess cut diamonds<\/strong> fairytale threesome that&#039;s irresistible sparkle and special make this beautiful jewelry.<strong> In the middle of a larger, 2.5 mm side length of, 0,10 ct-os, with her tight, two small, 2 mm side length of, 0,05 ct-os location. Thus, a total of 0.20 ct weight natural diamond in the ring. <\/strong><\/span><span id=\"docs-internal-guid-f5a8061b-004e-18be-d947-a59e1c01affc\">We offer all lady&#039;s finger, who is a big fan of the princess diamonds, the clean lines of design and the white gold is an elegant color for.<\/span><\/p>\n<ul>\n<li dir=\"ltr\" style=\"line-height: 1.38,margin-top:0pt,margin-bottom:0pt,;\"><strong>Material:<\/strong> gold<\/li>\n<li dir=\"ltr\" style=\"line-height: 1.38,margin-top:0pt,margin-bottom:0pt,;\"><strong>Fineness<\/strong>: 585 thousandth, 14 carat<\/li>\n<li dir=\"ltr\" style=\"line-height: 1.38,margin-top:0pt,margin-bottom:0pt,;\"><strong>Gemstone<\/strong>: princess cut natural diamond<\/li>\n<li dir=\"ltr\" style=\"line-height: 1.38,margin-top:0pt,margin-bottom:0pt,;\"><strong>Eternal life guarantee:<\/strong>\u00a0the jewelry structure of the material errors and gems<\/li>\n<\/ul>\n<p><strong>Free renewal:<\/strong>\u00a0We take your diamond ring, free scratch-free sales of and purification of five times (once a year) the purchase within five years.<\/p>\n<p><strong>Free size adjustment:\u00a0<\/strong>If you haven&#039;t found the correct size, we will take the ring free size adjustments.<\/p>\n<p><strong>Gift box:\u00a0<\/strong>The ring is a gift in the box set, and several kinds of colors You can pick out!<\/p>\n<p><strong>Pay scrap gold<\/strong>\u00a0Damaged, old, or never used gold hiding at home in the cupboards? Bring it in to us and high count For the selected diamond ring price.<\/p>\n<p><strong>I like the diamond ring, but larger diamonds, or colorful gems did you imagine it? It&#039;s not a problem. We like to give an offer to the expected ideas. Find us confidence on the phone +36 30 539 1179 number, or the\u00a0<\/strong><a href=\"mailto:info@brillancy.hu\"><strong>info@brillancy.hu<\/strong><\/a><strong>\u00a0e-mail address.<\/strong><\/p>","protected":false},"excerpt":{"rendered":"<p>Pocahontas diamond ring \u2013 Modern ring \u2013 gold ring with princess cut diamonds the Brillance jewelry manufactory offer \u2013 reasonable price, eternal life guarantee<\/p>","protected":false},"featured_media":10613,"comment_status":"closed","ping_status":"closed","template":"","meta":[],"product_brand":[],"product_cat":[17,39,36,33,32,24],"product_tag":[],"class_list":{"0":"post-6811","1":"product","2":"type-product","3":"status-publish","4":"has-post-thumbnail","6":"product_cat-eljegyzesi-gyuruk","7":"product_cat-gyemant","8":"product_cat-haromkoves","9":"product_cat-klasszikus","10":"product_cat-modern","11":"product_cat-szogletes-princess","13":"first","14":"instock","15":"purchasable","16":"product-type-simple"},"yoast_head":"<!-- This site is optimized with the Yoast SEO Premium plugin v27.0 (Yoast SEO v27.0) - https:\/\/yoast.com\/product\/yoast-seo-premium-wordpress\/ -->\n<title>Pocahontas Gy\u00e9m\u00e1nt gy\u0171r\u0171 - Brillancy<\/title>\n<meta name=\"description\" content=\"Pocahontas Gy\u00e9m\u00e1nt gy\u0171r\u0171 : Ha tetszenek a sz\u00f6gletes form\u00e1k, ezt a 14 kar\u00e1tos arany gy\u0171r\u0171t Neked tal\u00e1ltuk ki. A gy\u0171r\u0171s\u00edn egyszer\u0171s\u00e9g\u00e9hez remek\u00fcl illik\" \/>\n<meta name=\"robots\" content=\"index, follow, max-snippet:-1, max-image-preview:large, max-video-preview:-1\" \/>\n<link rel=\"canonical\" href=\"https:\/\/brillancy.hu\/en\/product\/pocahontas-gyemant-gyuru\/\" \/>\n<meta property=\"og:locale\" content=\"en_GB\" \/>\n<meta property=\"og:type\" content=\"article\" \/>\n<meta property=\"og:title\" content=\"Pocahontas Gy\u00e9m\u00e1nt gy\u0171r\u0171\" \/>\n<meta property=\"og:description\" content=\"Pocahontas Gy\u00e9m\u00e1nt gy\u0171r\u0171 : Ha tetszenek a sz\u00f6gletes form\u00e1k, ezt a 14 kar\u00e1tos arany gy\u0171r\u0171t Neked tal\u00e1ltuk ki. A gy\u0171r\u0171s\u00edn egyszer\u0171s\u00e9g\u00e9hez remek\u00fcl illik\" \/>\n<meta property=\"og:url\" content=\"https:\/\/brillancy.hu\/en\/product\/pocahontas-gyemant-gyuru\/\" \/>\n<meta property=\"og:site_name\" content=\"Brillancy\" \/>\n<meta property=\"article:modified_time\" content=\"2025-11-10T14:23:26+00:00\" \/>\n<meta property=\"og:image\" content=\"https:\/\/brillancy.hu\/wp-content\/uploads\/2025\/06\/20250616_1240_Elegant-Diamond-Ring_remix_01jxw55k4ze7fst45cbrap3zkd.png\" \/>\n\t<meta property=\"og:image:width\" content=\"1024\" \/>\n\t<meta property=\"og:image:height\" content=\"1024\" \/>\n\t<meta property=\"og:image:type\" content=\"image\/png\" \/>\n<meta name=\"twitter:card\" content=\"summary_large_image\" \/>\n<meta name=\"twitter:label1\" content=\"Estimated reading time\" \/>\n\t<meta name=\"twitter:data1\" content=\"2 minutes\" \/>\n<script type=\"application\/ld+json\" class=\"yoast-schema-graph\">{\"@context\":\"https:\/\/schema.org\",\"@graph\":[{\"@type\":\"WebPage\",\"@id\":\"https:\/\/brillancy.hu\/product\/pocahontas-gyemant-gyuru\/\",\"url\":\"https:\/\/brillancy.hu\/product\/pocahontas-gyemant-gyuru\/\",\"name\":\"Pocahontas Gy\u00e9m\u00e1nt gy\u0171r\u0171 - Brillancy\",\"isPartOf\":{\"@id\":\"https:\/\/brillancy.hu\/#website\"},\"primaryImageOfPage\":{\"@id\":\"https:\/\/brillancy.hu\/product\/pocahontas-gyemant-gyuru\/#primaryimage\"},\"image\":{\"@id\":\"https:\/\/brillancy.hu\/product\/pocahontas-gyemant-gyuru\/#primaryimage\"},\"thumbnailUrl\":\"https:\/\/brillancy.hu\/wp-content\/uploads\/2025\/06\/20250616_1240_Elegant-Diamond-Ring_remix_01jxw55k4ze7fst45cbrap3zkd.png\",\"datePublished\":\"2025-01-31T17:25:14+00:00\",\"dateModified\":\"2025-11-10T14:23:26+00:00\",\"description\":\"Pocahontas Gy\u00e9m\u00e1nt gy\u0171r\u0171 : Ha tetszenek a sz\u00f6gletes form\u00e1k, ezt a 14 kar\u00e1tos arany gy\u0171r\u0171t Neked tal\u00e1ltuk ki. A gy\u0171r\u0171s\u00edn egyszer\u0171s\u00e9g\u00e9hez remek\u00fcl illik\",\"breadcrumb\":{\"@id\":\"https:\/\/brillancy.hu\/product\/pocahontas-gyemant-gyuru\/#breadcrumb\"},\"inLanguage\":\"en-GB\",\"potentialAction\":[{\"@type\":\"ReadAction\",\"target\":[\"https:\/\/brillancy.hu\/product\/pocahontas-gyemant-gyuru\/\"]}]},{\"@type\":\"ImageObject\",\"inLanguage\":\"en-GB\",\"@id\":\"https:\/\/brillancy.hu\/product\/pocahontas-gyemant-gyuru\/#primaryimage\",\"url\":\"https:\/\/brillancy.hu\/wp-content\/uploads\/2025\/06\/20250616_1240_Elegant-Diamond-Ring_remix_01jxw55k4ze7fst45cbrap3zkd.png\",\"contentUrl\":\"https:\/\/brillancy.hu\/wp-content\/uploads\/2025\/06\/20250616_1240_Elegant-Diamond-Ring_remix_01jxw55k4ze7fst45cbrap3zkd.png\",\"width\":1024,\"height\":1024,\"caption\":\"Pocahontas gy\u00e9m\u00e1nt gy\u0171r\u0171\"},{\"@type\":\"BreadcrumbList\",\"@id\":\"https:\/\/brillancy.hu\/product\/pocahontas-gyemant-gyuru\/#breadcrumb\",\"itemListElement\":[{\"@type\":\"ListItem\",\"position\":1,\"name\":\"Home\",\"item\":\"https:\/\/brillancy.hu\/\"},{\"@type\":\"ListItem\",\"position\":2,\"name\":\"Term\u00e9kek\",\"item\":\"https:\/\/brillancy.hu\/termekek\/\"},{\"@type\":\"ListItem\",\"position\":3,\"name\":\"Pocahontas Gy\u00e9m\u00e1nt gy\u0171r\u0171\"}]},{\"@type\":\"WebSite\",\"@id\":\"https:\/\/brillancy.hu\/#website\",\"url\":\"https:\/\/brillancy.hu\/\",\"name\":\"Brillancy\",\"description\":\"\",\"potentialAction\":[{\"@type\":\"SearchAction\",\"target\":{\"@type\":\"EntryPoint\",\"urlTemplate\":\"https:\/\/brillancy.hu\/?s={search_term_string}\"},\"query-input\":{\"@type\":\"PropertyValueSpecification\",\"valueRequired\":true,\"valueName\":\"search_term_string\"}}],\"inLanguage\":\"en-GB\"}]}<\/script>\n<!-- \/ Yoast SEO Premium plugin. -->","yoast_head_json":{"title":"Pocahontas Gy\u00e9m\u00e1nt gy\u0171r\u0171 - Brillancy","description":"Pocahontas Gy\u00e9m\u00e1nt gy\u0171r\u0171 : Ha tetszenek a sz\u00f6gletes form\u00e1k, ezt a 14 kar\u00e1tos arany gy\u0171r\u0171t Neked tal\u00e1ltuk ki. A gy\u0171r\u0171s\u00edn egyszer\u0171s\u00e9g\u00e9hez remek\u00fcl illik","robots":{"index":"index","follow":"follow","max-snippet":"max-snippet:-1","max-image-preview":"max-image-preview:large","max-video-preview":"max-video-preview:-1"},"canonical":"https:\/\/brillancy.hu\/en\/product\/pocahontas-gyemant-gyuru\/","og_locale":"en_GB","og_type":"article","og_title":"Pocahontas Gy\u00e9m\u00e1nt gy\u0171r\u0171","og_description":"Pocahontas Gy\u00e9m\u00e1nt gy\u0171r\u0171 : Ha tetszenek a sz\u00f6gletes form\u00e1k, ezt a 14 kar\u00e1tos arany gy\u0171r\u0171t Neked tal\u00e1ltuk ki. A gy\u0171r\u0171s\u00edn egyszer\u0171s\u00e9g\u00e9hez remek\u00fcl illik","og_url":"https:\/\/brillancy.hu\/en\/product\/pocahontas-gyemant-gyuru\/","og_site_name":"Brillancy","article_modified_time":"2025-11-10T14:23:26+00:00","og_image":[{"width":1024,"height":1024,"url":"https:\/\/brillancy.hu\/wp-content\/uploads\/2025\/06\/20250616_1240_Elegant-Diamond-Ring_remix_01jxw55k4ze7fst45cbrap3zkd.png","type":"image\/png"}],"twitter_card":"summary_large_image","twitter_misc":{"Estimated reading time":"2 minutes"},"schema":{"@context":"https:\/\/schema.org","@graph":[{"@type":"WebPage","@id":"https:\/\/brillancy.hu\/product\/pocahontas-gyemant-gyuru\/","url":"https:\/\/brillancy.hu\/product\/pocahontas-gyemant-gyuru\/","name":"Pocahontas Gy\u00e9m\u00e1nt gy\u0171r\u0171 - Brillancy","isPartOf":{"@id":"https:\/\/brillancy.hu\/#website"},"primaryImageOfPage":{"@id":"https:\/\/brillancy.hu\/product\/pocahontas-gyemant-gyuru\/#primaryimage"},"image":{"@id":"https:\/\/brillancy.hu\/product\/pocahontas-gyemant-gyuru\/#primaryimage"},"thumbnailUrl":"https:\/\/brillancy.hu\/wp-content\/uploads\/2025\/06\/20250616_1240_Elegant-Diamond-Ring_remix_01jxw55k4ze7fst45cbrap3zkd.png","datePublished":"2025-01-31T17:25:14+00:00","dateModified":"2025-11-10T14:23:26+00:00","description":"Pocahontas Gy\u00e9m\u00e1nt gy\u0171r\u0171 : Ha tetszenek a sz\u00f6gletes form\u00e1k, ezt a 14 kar\u00e1tos arany gy\u0171r\u0171t Neked tal\u00e1ltuk ki. A gy\u0171r\u0171s\u00edn egyszer\u0171s\u00e9g\u00e9hez remek\u00fcl illik","breadcrumb":{"@id":"https:\/\/brillancy.hu\/product\/pocahontas-gyemant-gyuru\/#breadcrumb"},"inLanguage":"en-GB","potentialAction":[{"@type":"ReadAction","target":["https:\/\/brillancy.hu\/product\/pocahontas-gyemant-gyuru\/"]}]},{"@type":"ImageObject","inLanguage":"en-GB","@id":"https:\/\/brillancy.hu\/product\/pocahontas-gyemant-gyuru\/#primaryimage","url":"https:\/\/brillancy.hu\/wp-content\/uploads\/2025\/06\/20250616_1240_Elegant-Diamond-Ring_remix_01jxw55k4ze7fst45cbrap3zkd.png","contentUrl":"https:\/\/brillancy.hu\/wp-content\/uploads\/2025\/06\/20250616_1240_Elegant-Diamond-Ring_remix_01jxw55k4ze7fst45cbrap3zkd.png","width":1024,"height":1024,"caption":"Pocahontas gy\u00e9m\u00e1nt gy\u0171r\u0171"},{"@type":"BreadcrumbList","@id":"https:\/\/brillancy.hu\/product\/pocahontas-gyemant-gyuru\/#breadcrumb","itemListElement":[{"@type":"ListItem","position":1,"name":"Home","item":"https:\/\/brillancy.hu\/"},{"@type":"ListItem","position":2,"name":"Term\u00e9kek","item":"https:\/\/brillancy.hu\/termekek\/"},{"@type":"ListItem","position":3,"name":"Pocahontas Gy\u00e9m\u00e1nt gy\u0171r\u0171"}]},{"@type":"WebSite","@id":"https:\/\/brillancy.hu\/#website","url":"https:\/\/brillancy.hu\/","name":"Brillancy","description":"","potentialAction":[{"@type":"SearchAction","target":{"@type":"EntryPoint","urlTemplate":"https:\/\/brillancy.hu\/?s={search_term_string}"},"query-input":{"@type":"PropertyValueSpecification","valueRequired":true,"valueName":"search_term_string"}}],"inLanguage":"en-GB"}]}},"_links":{"self":[{"href":"https:\/\/brillancy.hu\/en\/wp-json\/wp\/v2\/product\/6811","targetHints":{"allow":["GET"]}}],"collection":[{"href":"https:\/\/brillancy.hu\/en\/wp-json\/wp\/v2\/product"}],"about":[{"href":"https:\/\/brillancy.hu\/en\/wp-json\/wp\/v2\/types\/product"}],"replies":[{"embeddable":true,"href":"https:\/\/brillancy.hu\/en\/wp-json\/wp\/v2\/comments?post=6811"}],"wp:featuredmedia":[{"embeddable":true,"href":"https:\/\/brillancy.hu\/en\/wp-json\/wp\/v2\/media\/10613"}],"wp:attachment":[{"href":"https:\/\/brillancy.hu\/en\/wp-json\/wp\/v2\/media?parent=6811"}],"wp:term":[{"taxonomy":"product_brand","embeddable":true,"href":"https:\/\/brillancy.hu\/en\/wp-json\/wp\/v2\/product_brand?post=6811"},{"taxonomy":"product_cat","embeddable":true,"href":"https:\/\/brillancy.hu\/en\/wp-json\/wp\/v2\/product_cat?post=6811"},{"taxonomy":"product_tag","embeddable":true,"href":"https:\/\/brillancy.hu\/en\/wp-json\/wp\/v2\/product_tag?post=6811"}],"curies":[{"name":"wp","href":"https:\/\/api.w.org\/{rel}","templated":true}]}}