{"id":6784,"date":"2025-01-31T18:24:52","date_gmt":"2025-01-31T17:24:52","guid":{"rendered":"https:\/\/brillancy.hu\/?post_type=product&#038;p=6784"},"modified":"2025-11-11T15:11:00","modified_gmt":"2025-11-11T14:11:00","slug":"belle-gyemant-gyuru","status":"publish","type":"product","link":"https:\/\/brillancy.hu\/en\/product\/belle-gyemant-gyuru\/","title":{"rendered":"belle Diamond ring"},"content":{"rendered":"<p><strong>Belle gy\u00e9m\u00e1nt gy\u0171r\u0171<\/strong><\/p>\n<p>The restrained design and the dazzling glitter meeting of what we are seeing these white gold beautiful diamond ring. The sleek lines of gy\u0171r\u0171s\u00edn the bottom is wider, up and gradually gets smaller. <strong>In the middle of a 0,17 ct-os, tight with a 0,06 ct of brilliant cut natural diamond set by four-claw slot keeps you safe.<\/strong> Amplify each other&#039;s glow, so we recommend it to those who specifically love the sparkly jewelry, which form a world of noble simple. The three-stone is a symbol of the past-present-future, with which this ring is perfect to express all for a lifetime.<\/p>\n<ul>\n<li><strong>Material:<\/strong>\u00a0gold<\/li>\n<li><strong>Fineness<\/strong>: 585 thousandth, 14 carat<\/li>\n<li><strong>Gemstone<\/strong>: brilliant cut natural diamonds<\/li>\n<li><strong>Eternal life guarantee:<\/strong>\u00a0the jewelry structure of the material errors and gems<\/li>\n<li><strong>Free renewal:<\/strong>\u00a0We take your diamond ring, free scratch-free sales of and purification of five times (once a year) the purchase within five years.<\/li>\n<\/ul>\n<p><strong>Free size adjustment:\u00a0<\/strong>If you haven&#039;t found the correct size, we will take the ring free size adjustments.<\/p>\n<p><strong>Gift box:\u00a0<\/strong>The ring is a gift in the box set, and several kinds of colors You can pick out!<\/p>\n<p><strong>Pay scrap gold<\/strong>\u00a0Damaged, old, or never used gold hiding at home in the cupboards? Bring it in to us and high count For the selected diamond ring price.<\/p>\n<p><strong>I like the diamond ring, but a different size diamonds, or colorful gems did you imagine it? It&#039;s not a problem. We like to give an offer to the expected ideas. Find us confidence on the phone +36 30 539 1179 number, or the\u00a0<\/strong><a href=\"mailto:info@brillancy.hu\"><strong>info@brillancy.hu<\/strong><\/a><strong>\u00a0e-mail address.<\/strong><\/p>","protected":false},"excerpt":{"rendered":"<p>Belle diamond ring \u2013 a Bold Creative \u2013 Unique white gold diamond ring the Brillance jewelry manufactory offer \u2013 reasonable price, eternal life guarantee<\/p>","protected":false},"featured_media":11328,"comment_status":"closed","ping_status":"closed","template":"","meta":[],"product_brand":[],"product_cat":[17,39,36,22,33],"product_tag":[],"class_list":{"0":"post-6784","1":"product","2":"type-product","3":"status-publish","4":"has-post-thumbnail","6":"product_cat-eljegyzesi-gyuruk","7":"product_cat-gyemant","8":"product_cat-haromkoves","9":"product_cat-kerek","10":"product_cat-klasszikus","12":"first","13":"instock","14":"purchasable","15":"product-type-simple"},"yoast_head":"<!-- This site is optimized with the Yoast SEO Premium plugin v27.0 (Yoast SEO v27.0) - https:\/\/yoast.com\/product\/yoast-seo-premium-wordpress\/ -->\n<title>belle Gy\u00e9m\u00e1nt gy\u0171r\u0171 - Brillancy<\/title>\n<meta name=\"description\" content=\"belle Gy\u00e9m\u00e1nt gy\u0171r\u0171 - A tervez\u0151 aj\u00e1nl\u00e1sa: Belle gy\u00e9m\u00e1nt gy\u0171r\u0171: A visszafogott formatervez\u00e9s \u00e9s a k\u00e1pr\u00e1zatos csillog\u00e1s tal\u00e1...\" \/>\n<meta name=\"robots\" content=\"index, follow, max-snippet:-1, max-image-preview:large, max-video-preview:-1\" \/>\n<link rel=\"canonical\" href=\"https:\/\/brillancy.hu\/en\/product\/belle-gyemant-gyuru\/\" \/>\n<meta property=\"og:locale\" content=\"en_GB\" \/>\n<meta property=\"og:type\" content=\"article\" \/>\n<meta property=\"og:title\" content=\"belle Gy\u00e9m\u00e1nt gy\u0171r\u0171\" \/>\n<meta property=\"og:description\" content=\"belle Gy\u00e9m\u00e1nt gy\u0171r\u0171 - A tervez\u0151 aj\u00e1nl\u00e1sa: Belle gy\u00e9m\u00e1nt gy\u0171r\u0171: A visszafogott formatervez\u00e9s \u00e9s a k\u00e1pr\u00e1zatos csillog\u00e1s tal\u00e1...\" \/>\n<meta property=\"og:url\" content=\"https:\/\/brillancy.hu\/en\/product\/belle-gyemant-gyuru\/\" \/>\n<meta property=\"og:site_name\" content=\"Brillancy\" \/>\n<meta property=\"article:modified_time\" content=\"2025-11-11T14:11:00+00:00\" \/>\n<meta property=\"og:image\" content=\"https:\/\/brillancy.hu\/wp-content\/uploads\/2025\/01\/belle.png\" \/>\n\t<meta property=\"og:image:width\" content=\"1024\" \/>\n\t<meta property=\"og:image:height\" content=\"1024\" \/>\n\t<meta property=\"og:image:type\" content=\"image\/png\" \/>\n<meta name=\"twitter:card\" content=\"summary_large_image\" \/>\n<meta name=\"twitter:label1\" content=\"Estimated reading time\" \/>\n\t<meta name=\"twitter:data1\" content=\"2 minutes\" \/>\n<script type=\"application\/ld+json\" class=\"yoast-schema-graph\">{\"@context\":\"https:\/\/schema.org\",\"@graph\":[{\"@type\":\"WebPage\",\"@id\":\"https:\/\/brillancy.hu\/product\/belle-gyemant-gyuru\/\",\"url\":\"https:\/\/brillancy.hu\/product\/belle-gyemant-gyuru\/\",\"name\":\"belle Gy\u00e9m\u00e1nt gy\u0171r\u0171 - Brillancy\",\"isPartOf\":{\"@id\":\"https:\/\/brillancy.hu\/#website\"},\"primaryImageOfPage\":{\"@id\":\"https:\/\/brillancy.hu\/product\/belle-gyemant-gyuru\/#primaryimage\"},\"image\":{\"@id\":\"https:\/\/brillancy.hu\/product\/belle-gyemant-gyuru\/#primaryimage\"},\"thumbnailUrl\":\"https:\/\/brillancy.hu\/wp-content\/uploads\/2025\/01\/belle.png\",\"datePublished\":\"2025-01-31T17:24:52+00:00\",\"dateModified\":\"2025-11-11T14:11:00+00:00\",\"description\":\"belle Gy\u00e9m\u00e1nt gy\u0171r\u0171 - A tervez\u0151 aj\u00e1nl\u00e1sa: Belle gy\u00e9m\u00e1nt gy\u0171r\u0171: A visszafogott formatervez\u00e9s \u00e9s a k\u00e1pr\u00e1zatos csillog\u00e1s tal\u00e1...\",\"breadcrumb\":{\"@id\":\"https:\/\/brillancy.hu\/product\/belle-gyemant-gyuru\/#breadcrumb\"},\"inLanguage\":\"en-GB\",\"potentialAction\":[{\"@type\":\"ReadAction\",\"target\":[\"https:\/\/brillancy.hu\/product\/belle-gyemant-gyuru\/\"]}]},{\"@type\":\"ImageObject\",\"inLanguage\":\"en-GB\",\"@id\":\"https:\/\/brillancy.hu\/product\/belle-gyemant-gyuru\/#primaryimage\",\"url\":\"https:\/\/brillancy.hu\/wp-content\/uploads\/2025\/01\/belle.png\",\"contentUrl\":\"https:\/\/brillancy.hu\/wp-content\/uploads\/2025\/01\/belle.png\",\"width\":1024,\"height\":1024,\"caption\":\"belle Gy\u00e9m\u00e1nt gy\u0171r\u0171\"},{\"@type\":\"BreadcrumbList\",\"@id\":\"https:\/\/brillancy.hu\/product\/belle-gyemant-gyuru\/#breadcrumb\",\"itemListElement\":[{\"@type\":\"ListItem\",\"position\":1,\"name\":\"Home\",\"item\":\"https:\/\/brillancy.hu\/\"},{\"@type\":\"ListItem\",\"position\":2,\"name\":\"Term\u00e9kek\",\"item\":\"https:\/\/brillancy.hu\/termekek\/\"},{\"@type\":\"ListItem\",\"position\":3,\"name\":\"belle Gy\u00e9m\u00e1nt gy\u0171r\u0171\"}]},{\"@type\":\"WebSite\",\"@id\":\"https:\/\/brillancy.hu\/#website\",\"url\":\"https:\/\/brillancy.hu\/\",\"name\":\"Brillancy\",\"description\":\"\",\"potentialAction\":[{\"@type\":\"SearchAction\",\"target\":{\"@type\":\"EntryPoint\",\"urlTemplate\":\"https:\/\/brillancy.hu\/?s={search_term_string}\"},\"query-input\":{\"@type\":\"PropertyValueSpecification\",\"valueRequired\":true,\"valueName\":\"search_term_string\"}}],\"inLanguage\":\"en-GB\"}]}<\/script>\n<!-- \/ Yoast SEO Premium plugin. -->","yoast_head_json":{"title":"belle Gy\u00e9m\u00e1nt gy\u0171r\u0171 - Brillancy","description":"belle Gy\u00e9m\u00e1nt gy\u0171r\u0171 - A tervez\u0151 aj\u00e1nl\u00e1sa: Belle gy\u00e9m\u00e1nt gy\u0171r\u0171: A visszafogott formatervez\u00e9s \u00e9s a k\u00e1pr\u00e1zatos csillog\u00e1s tal\u00e1...","robots":{"index":"index","follow":"follow","max-snippet":"max-snippet:-1","max-image-preview":"max-image-preview:large","max-video-preview":"max-video-preview:-1"},"canonical":"https:\/\/brillancy.hu\/en\/product\/belle-gyemant-gyuru\/","og_locale":"en_GB","og_type":"article","og_title":"belle Gy\u00e9m\u00e1nt gy\u0171r\u0171","og_description":"belle Gy\u00e9m\u00e1nt gy\u0171r\u0171 - A tervez\u0151 aj\u00e1nl\u00e1sa: Belle gy\u00e9m\u00e1nt gy\u0171r\u0171: A visszafogott formatervez\u00e9s \u00e9s a k\u00e1pr\u00e1zatos csillog\u00e1s tal\u00e1...","og_url":"https:\/\/brillancy.hu\/en\/product\/belle-gyemant-gyuru\/","og_site_name":"Brillancy","article_modified_time":"2025-11-11T14:11:00+00:00","og_image":[{"width":1024,"height":1024,"url":"https:\/\/brillancy.hu\/wp-content\/uploads\/2025\/01\/belle.png","type":"image\/png"}],"twitter_card":"summary_large_image","twitter_misc":{"Estimated reading time":"2 minutes"},"schema":{"@context":"https:\/\/schema.org","@graph":[{"@type":"WebPage","@id":"https:\/\/brillancy.hu\/product\/belle-gyemant-gyuru\/","url":"https:\/\/brillancy.hu\/product\/belle-gyemant-gyuru\/","name":"belle Gy\u00e9m\u00e1nt gy\u0171r\u0171 - Brillancy","isPartOf":{"@id":"https:\/\/brillancy.hu\/#website"},"primaryImageOfPage":{"@id":"https:\/\/brillancy.hu\/product\/belle-gyemant-gyuru\/#primaryimage"},"image":{"@id":"https:\/\/brillancy.hu\/product\/belle-gyemant-gyuru\/#primaryimage"},"thumbnailUrl":"https:\/\/brillancy.hu\/wp-content\/uploads\/2025\/01\/belle.png","datePublished":"2025-01-31T17:24:52+00:00","dateModified":"2025-11-11T14:11:00+00:00","description":"belle Gy\u00e9m\u00e1nt gy\u0171r\u0171 - A tervez\u0151 aj\u00e1nl\u00e1sa: Belle gy\u00e9m\u00e1nt gy\u0171r\u0171: A visszafogott formatervez\u00e9s \u00e9s a k\u00e1pr\u00e1zatos csillog\u00e1s tal\u00e1...","breadcrumb":{"@id":"https:\/\/brillancy.hu\/product\/belle-gyemant-gyuru\/#breadcrumb"},"inLanguage":"en-GB","potentialAction":[{"@type":"ReadAction","target":["https:\/\/brillancy.hu\/product\/belle-gyemant-gyuru\/"]}]},{"@type":"ImageObject","inLanguage":"en-GB","@id":"https:\/\/brillancy.hu\/product\/belle-gyemant-gyuru\/#primaryimage","url":"https:\/\/brillancy.hu\/wp-content\/uploads\/2025\/01\/belle.png","contentUrl":"https:\/\/brillancy.hu\/wp-content\/uploads\/2025\/01\/belle.png","width":1024,"height":1024,"caption":"belle Gy\u00e9m\u00e1nt gy\u0171r\u0171"},{"@type":"BreadcrumbList","@id":"https:\/\/brillancy.hu\/product\/belle-gyemant-gyuru\/#breadcrumb","itemListElement":[{"@type":"ListItem","position":1,"name":"Home","item":"https:\/\/brillancy.hu\/"},{"@type":"ListItem","position":2,"name":"Term\u00e9kek","item":"https:\/\/brillancy.hu\/termekek\/"},{"@type":"ListItem","position":3,"name":"belle Gy\u00e9m\u00e1nt gy\u0171r\u0171"}]},{"@type":"WebSite","@id":"https:\/\/brillancy.hu\/#website","url":"https:\/\/brillancy.hu\/","name":"Brillancy","description":"","potentialAction":[{"@type":"SearchAction","target":{"@type":"EntryPoint","urlTemplate":"https:\/\/brillancy.hu\/?s={search_term_string}"},"query-input":{"@type":"PropertyValueSpecification","valueRequired":true,"valueName":"search_term_string"}}],"inLanguage":"en-GB"}]}},"_links":{"self":[{"href":"https:\/\/brillancy.hu\/en\/wp-json\/wp\/v2\/product\/6784","targetHints":{"allow":["GET"]}}],"collection":[{"href":"https:\/\/brillancy.hu\/en\/wp-json\/wp\/v2\/product"}],"about":[{"href":"https:\/\/brillancy.hu\/en\/wp-json\/wp\/v2\/types\/product"}],"replies":[{"embeddable":true,"href":"https:\/\/brillancy.hu\/en\/wp-json\/wp\/v2\/comments?post=6784"}],"wp:featuredmedia":[{"embeddable":true,"href":"https:\/\/brillancy.hu\/en\/wp-json\/wp\/v2\/media\/11328"}],"wp:attachment":[{"href":"https:\/\/brillancy.hu\/en\/wp-json\/wp\/v2\/media?parent=6784"}],"wp:term":[{"taxonomy":"product_brand","embeddable":true,"href":"https:\/\/brillancy.hu\/en\/wp-json\/wp\/v2\/product_brand?post=6784"},{"taxonomy":"product_cat","embeddable":true,"href":"https:\/\/brillancy.hu\/en\/wp-json\/wp\/v2\/product_cat?post=6784"},{"taxonomy":"product_tag","embeddable":true,"href":"https:\/\/brillancy.hu\/en\/wp-json\/wp\/v2\/product_tag?post=6784"}],"curies":[{"name":"wp","href":"https:\/\/api.w.org\/{rel}","templated":true}]}}