{"id":6780,"date":"2025-01-31T18:24:52","date_gmt":"2025-01-31T17:24:52","guid":{"rendered":"https:\/\/brillancy.hu\/?post_type=product&#038;p=6780"},"modified":"2025-10-17T10:56:16","modified_gmt":"2025-10-17T09:56:16","slug":"pandora-gyemant-gyuru","status":"publish","type":"product","link":"https:\/\/brillancy.hu\/en\/product\/pandora-gyemant-gyuru\/","title":{"rendered":"Pandora-Diamond ring"},"content":{"rendered":"<p style=\"font-weight: 400\">The designer&#039;s recommendation:<\/p>\n<p style=\"font-weight: 400\"><b><strong>Pandora diamond ring:<\/strong><\/b> Eye-catching<strong> 14 karat rose gold diamond ring<\/strong>which is the real guy friends. <b><strong>The central gem is a 4 mm diameter, brilliant cut diamond, with two small, 2 mm in diameter, and a special curved, U-shaped four-claw socket. Diamonds can never have enough, that is why the ring is set on a total of 24 pieces small brill was implanted<\/strong><\/b>side view is also awesome glitter is revealed to the eye. <strong>A total of 0,406 ct weight gemstone decorates the jewel.<\/strong> The center is located diamonds tale threesome and many small white brill and a rose gold warm color makes a really exceptional make this a gorgeous piece of jewelry, which works perfectly for any occasion.<\/p>\n<p style=\"font-weight: 400\"><b><strong>Material:<\/strong><\/b>\u00a0gold<\/p>\n<p><b><strong>Fineness<\/strong><\/b>: 585 thousandth, 14 carat<\/p>\n<p><b><strong>Gemstone<\/strong><\/b>: brilliant cut natural diamonds<\/p>\n<p style=\"font-weight: 400\"><b><strong>Eternal life guarantee:<\/strong><\/b>\u00a0the jewelry structure of the material errors and gems<\/p>\n<p style=\"font-weight: 400\"><b><strong>Free renewal:<\/strong><\/b>\u00a0We take your diamond ring, free scratch-free sales of and purification of five times (once a year) the purchase within five years.<\/p>\n<p style=\"font-weight: 400\"><b><strong>Free size adjustment:\u00a0<\/strong><\/b>If you haven&#039;t found the correct size, we will take the ring free size adjustments.<\/p>\n<p style=\"font-weight: 400\"><b><strong>Gift box:\u00a0<\/strong><\/b>The ring is a gift in the box set, and several kinds of colors You can pick out!<\/p>\n<p style=\"font-weight: 400\"><b><strong>Pay scrap gold<\/strong><\/b>\u00a0Damaged, old, or never used gold hiding at home in the cupboards? Bring it in to us and high count For the selected diamond ring price.<\/p>\n<p style=\"font-weight: 400\"><b><strong>I like the diamond ring, but a different size diamonds, or colorful gems did you imagine it? It&#039;s not a problem. We like to give an offer to the expected ideas. Find us confidence on the phone +36 30 539 1179 number, or the\u00a0<\/strong><\/b><a href=\"mailto:info@brillancy.hu\"><b><strong>info@brillancy.hu<\/strong><\/b><\/a><b><strong>\u00a0e-mail address.<\/strong><\/b><\/p>","protected":false},"excerpt":{"rendered":"<p>Pandora-diamond ring \u2013 Artfully sensual \u2013 handmade, unique rose gold ring Brillance jewelry manufactory offer \u2013 reasonable price, eternal life guarantee<\/p>","protected":false},"featured_media":6958,"comment_status":"closed","ping_status":"closed","template":"","meta":[],"product_brand":[],"product_cat":[17,39,22,33,37],"product_tag":[],"class_list":{"0":"post-6780","1":"product","2":"type-product","3":"status-publish","4":"has-post-thumbnail","6":"product_cat-eljegyzesi-gyuruk","7":"product_cat-gyemant","8":"product_cat-kerek","9":"product_cat-klasszikus","10":"product_cat-tobb-koves","12":"first","13":"instock","14":"purchasable","15":"product-type-simple"},"yoast_head":"<!-- This site is optimized with the Yoast SEO Premium plugin v27.0 (Yoast SEO v27.0) - https:\/\/yoast.com\/product\/yoast-seo-premium-wordpress\/ -->\n<title>Pandora Gy\u00e9m\u00e1nt gy\u0171r\u0171 - Brillancy<\/title>\n<meta name=\"robots\" content=\"index, follow, max-snippet:-1, max-image-preview:large, max-video-preview:-1\" \/>\n<link rel=\"canonical\" href=\"https:\/\/brillancy.hu\/en\/product\/pandora-gyemant-gyuru\/\" \/>\n<meta property=\"og:locale\" content=\"en_GB\" \/>\n<meta property=\"og:type\" content=\"article\" \/>\n<meta property=\"og:title\" content=\"Pandora Gy\u00e9m\u00e1nt gy\u0171r\u0171\" \/>\n<meta property=\"og:description\" content=\"Pandora gy\u00e9m\u00e1nt gy\u0171r\u0171 \u2013 M\u0171v\u00e9szien \u00e9rz\u00e9ki \u2013 K\u00e9zzel k\u00e9sz\u00fclt, egyedi roz\u00e9 arany gy\u0171r\u0171 a Brillancy \u00c9kszermanufakt\u00fara k\u00edn\u00e1lat\u00e1b\u00f3l \u2013 Kedvez\u0151 \u00e1r, \u00f6r\u00f6k \u00e9let garancia\" \/>\n<meta property=\"og:url\" content=\"https:\/\/brillancy.hu\/en\/product\/pandora-gyemant-gyuru\/\" \/>\n<meta property=\"og:site_name\" content=\"Brillancy\" \/>\n<meta property=\"article:modified_time\" content=\"2025-10-17T09:56:16+00:00\" \/>\n<meta property=\"og:image\" content=\"https:\/\/brillancy.hu\/wp-content\/uploads\/2025\/01\/Pandora_gyemant_gyuru_1.jpg\" \/>\n\t<meta property=\"og:image:width\" content=\"640\" \/>\n\t<meta property=\"og:image:height\" content=\"480\" \/>\n\t<meta property=\"og:image:type\" content=\"image\/jpeg\" \/>\n<meta name=\"twitter:card\" content=\"summary_large_image\" \/>\n<meta name=\"twitter:label1\" content=\"Estimated reading time\" \/>\n\t<meta name=\"twitter:data1\" content=\"2 minutes\" \/>\n<script type=\"application\/ld+json\" class=\"yoast-schema-graph\">{\"@context\":\"https:\/\/schema.org\",\"@graph\":[{\"@type\":\"WebPage\",\"@id\":\"https:\/\/brillancy.hu\/product\/pandora-gyemant-gyuru\/\",\"url\":\"https:\/\/brillancy.hu\/product\/pandora-gyemant-gyuru\/\",\"name\":\"Pandora Gy\u00e9m\u00e1nt gy\u0171r\u0171 - Brillancy\",\"isPartOf\":{\"@id\":\"https:\/\/brillancy.hu\/#website\"},\"primaryImageOfPage\":{\"@id\":\"https:\/\/brillancy.hu\/product\/pandora-gyemant-gyuru\/#primaryimage\"},\"image\":{\"@id\":\"https:\/\/brillancy.hu\/product\/pandora-gyemant-gyuru\/#primaryimage\"},\"thumbnailUrl\":\"https:\/\/brillancy.hu\/wp-content\/uploads\/2025\/01\/Pandora_gyemant_gyuru_1.jpg\",\"datePublished\":\"2025-01-31T17:24:52+00:00\",\"dateModified\":\"2025-10-17T09:56:16+00:00\",\"breadcrumb\":{\"@id\":\"https:\/\/brillancy.hu\/product\/pandora-gyemant-gyuru\/#breadcrumb\"},\"inLanguage\":\"en-GB\",\"potentialAction\":[{\"@type\":\"ReadAction\",\"target\":[\"https:\/\/brillancy.hu\/product\/pandora-gyemant-gyuru\/\"]}]},{\"@type\":\"ImageObject\",\"inLanguage\":\"en-GB\",\"@id\":\"https:\/\/brillancy.hu\/product\/pandora-gyemant-gyuru\/#primaryimage\",\"url\":\"https:\/\/brillancy.hu\/wp-content\/uploads\/2025\/01\/Pandora_gyemant_gyuru_1.jpg\",\"contentUrl\":\"https:\/\/brillancy.hu\/wp-content\/uploads\/2025\/01\/Pandora_gyemant_gyuru_1.jpg\",\"width\":640,\"height\":480,\"caption\":\"Pandora Gy\u00e9m\u00e1nt gy\u0171r\u0171\"},{\"@type\":\"BreadcrumbList\",\"@id\":\"https:\/\/brillancy.hu\/product\/pandora-gyemant-gyuru\/#breadcrumb\",\"itemListElement\":[{\"@type\":\"ListItem\",\"position\":1,\"name\":\"Home\",\"item\":\"https:\/\/brillancy.hu\/\"},{\"@type\":\"ListItem\",\"position\":2,\"name\":\"Term\u00e9kek\",\"item\":\"https:\/\/brillancy.hu\/termekek\/\"},{\"@type\":\"ListItem\",\"position\":3,\"name\":\"Pandora Gy\u00e9m\u00e1nt gy\u0171r\u0171\"}]},{\"@type\":\"WebSite\",\"@id\":\"https:\/\/brillancy.hu\/#website\",\"url\":\"https:\/\/brillancy.hu\/\",\"name\":\"Brillancy\",\"description\":\"\",\"potentialAction\":[{\"@type\":\"SearchAction\",\"target\":{\"@type\":\"EntryPoint\",\"urlTemplate\":\"https:\/\/brillancy.hu\/?s={search_term_string}\"},\"query-input\":{\"@type\":\"PropertyValueSpecification\",\"valueRequired\":true,\"valueName\":\"search_term_string\"}}],\"inLanguage\":\"en-GB\"}]}<\/script>\n<!-- \/ Yoast SEO Premium plugin. -->","yoast_head_json":{"title":"Pandora Gy\u00e9m\u00e1nt gy\u0171r\u0171 - Brillancy","robots":{"index":"index","follow":"follow","max-snippet":"max-snippet:-1","max-image-preview":"max-image-preview:large","max-video-preview":"max-video-preview:-1"},"canonical":"https:\/\/brillancy.hu\/en\/product\/pandora-gyemant-gyuru\/","og_locale":"en_GB","og_type":"article","og_title":"Pandora Gy\u00e9m\u00e1nt gy\u0171r\u0171","og_description":"Pandora gy\u00e9m\u00e1nt gy\u0171r\u0171 \u2013 M\u0171v\u00e9szien \u00e9rz\u00e9ki \u2013 K\u00e9zzel k\u00e9sz\u00fclt, egyedi roz\u00e9 arany gy\u0171r\u0171 a Brillancy \u00c9kszermanufakt\u00fara k\u00edn\u00e1lat\u00e1b\u00f3l \u2013 Kedvez\u0151 \u00e1r, \u00f6r\u00f6k \u00e9let garancia","og_url":"https:\/\/brillancy.hu\/en\/product\/pandora-gyemant-gyuru\/","og_site_name":"Brillancy","article_modified_time":"2025-10-17T09:56:16+00:00","og_image":[{"width":640,"height":480,"url":"https:\/\/brillancy.hu\/wp-content\/uploads\/2025\/01\/Pandora_gyemant_gyuru_1.jpg","type":"image\/jpeg"}],"twitter_card":"summary_large_image","twitter_misc":{"Estimated reading time":"2 minutes"},"schema":{"@context":"https:\/\/schema.org","@graph":[{"@type":"WebPage","@id":"https:\/\/brillancy.hu\/product\/pandora-gyemant-gyuru\/","url":"https:\/\/brillancy.hu\/product\/pandora-gyemant-gyuru\/","name":"Pandora Gy\u00e9m\u00e1nt gy\u0171r\u0171 - Brillancy","isPartOf":{"@id":"https:\/\/brillancy.hu\/#website"},"primaryImageOfPage":{"@id":"https:\/\/brillancy.hu\/product\/pandora-gyemant-gyuru\/#primaryimage"},"image":{"@id":"https:\/\/brillancy.hu\/product\/pandora-gyemant-gyuru\/#primaryimage"},"thumbnailUrl":"https:\/\/brillancy.hu\/wp-content\/uploads\/2025\/01\/Pandora_gyemant_gyuru_1.jpg","datePublished":"2025-01-31T17:24:52+00:00","dateModified":"2025-10-17T09:56:16+00:00","breadcrumb":{"@id":"https:\/\/brillancy.hu\/product\/pandora-gyemant-gyuru\/#breadcrumb"},"inLanguage":"en-GB","potentialAction":[{"@type":"ReadAction","target":["https:\/\/brillancy.hu\/product\/pandora-gyemant-gyuru\/"]}]},{"@type":"ImageObject","inLanguage":"en-GB","@id":"https:\/\/brillancy.hu\/product\/pandora-gyemant-gyuru\/#primaryimage","url":"https:\/\/brillancy.hu\/wp-content\/uploads\/2025\/01\/Pandora_gyemant_gyuru_1.jpg","contentUrl":"https:\/\/brillancy.hu\/wp-content\/uploads\/2025\/01\/Pandora_gyemant_gyuru_1.jpg","width":640,"height":480,"caption":"Pandora Gy\u00e9m\u00e1nt gy\u0171r\u0171"},{"@type":"BreadcrumbList","@id":"https:\/\/brillancy.hu\/product\/pandora-gyemant-gyuru\/#breadcrumb","itemListElement":[{"@type":"ListItem","position":1,"name":"Home","item":"https:\/\/brillancy.hu\/"},{"@type":"ListItem","position":2,"name":"Term\u00e9kek","item":"https:\/\/brillancy.hu\/termekek\/"},{"@type":"ListItem","position":3,"name":"Pandora Gy\u00e9m\u00e1nt gy\u0171r\u0171"}]},{"@type":"WebSite","@id":"https:\/\/brillancy.hu\/#website","url":"https:\/\/brillancy.hu\/","name":"Brillancy","description":"","potentialAction":[{"@type":"SearchAction","target":{"@type":"EntryPoint","urlTemplate":"https:\/\/brillancy.hu\/?s={search_term_string}"},"query-input":{"@type":"PropertyValueSpecification","valueRequired":true,"valueName":"search_term_string"}}],"inLanguage":"en-GB"}]}},"_links":{"self":[{"href":"https:\/\/brillancy.hu\/en\/wp-json\/wp\/v2\/product\/6780","targetHints":{"allow":["GET"]}}],"collection":[{"href":"https:\/\/brillancy.hu\/en\/wp-json\/wp\/v2\/product"}],"about":[{"href":"https:\/\/brillancy.hu\/en\/wp-json\/wp\/v2\/types\/product"}],"replies":[{"embeddable":true,"href":"https:\/\/brillancy.hu\/en\/wp-json\/wp\/v2\/comments?post=6780"}],"wp:featuredmedia":[{"embeddable":true,"href":"https:\/\/brillancy.hu\/en\/wp-json\/wp\/v2\/media\/6958"}],"wp:attachment":[{"href":"https:\/\/brillancy.hu\/en\/wp-json\/wp\/v2\/media?parent=6780"}],"wp:term":[{"taxonomy":"product_brand","embeddable":true,"href":"https:\/\/brillancy.hu\/en\/wp-json\/wp\/v2\/product_brand?post=6780"},{"taxonomy":"product_cat","embeddable":true,"href":"https:\/\/brillancy.hu\/en\/wp-json\/wp\/v2\/product_cat?post=6780"},{"taxonomy":"product_tag","embeddable":true,"href":"https:\/\/brillancy.hu\/en\/wp-json\/wp\/v2\/product_tag?post=6780"}],"curies":[{"name":"wp","href":"https:\/\/api.w.org\/{rel}","templated":true}]}}