{"id":6707,"date":"2025-01-31T18:24:10","date_gmt":"2025-01-31T17:24:10","guid":{"rendered":"https:\/\/brillancy.hu\/?post_type=product&#038;p=6707"},"modified":"2025-10-17T10:56:16","modified_gmt":"2025-10-17T09:56:16","slug":"puerto-rico-zafir-gyuru","status":"publish","type":"product","link":"https:\/\/brillancy.hu\/en\/product\/puerto-rico-zafir-gyuru\/","title":{"rendered":"Puerto Rico Sapphire ring"},"content":{"rendered":"<p><strong>Puerto Rico sapphire ring<\/strong><\/p>\n<p><strong>Designer&#039;s recommendation:<\/strong><\/p>\n<p>Easy, playful way world of <strong>14 karat gold ring<\/strong>that special condition and beautiful deservedly popular pieces. The character has curved branches 2<strong> piece of fabulous blue brilliant cut sapphire<\/strong>t is inserted in a closed, protected in a housing. <strong>The gems total weight of 0.05 ct. The greater than 2 mm, less than 1 mm in diameter<\/strong>. The color blue has a calm, elegance and fun broadcast. Those we recommend this sapphire ring, who want a spectacular, at the same time comfortable piece to wear. With the convenience of the jewelry ergonomic design give you, the everyday look, despite, hung down over her finger, there&#039;s highly a prominent part.<\/p>\n<ul>\n<li><b>Material:<\/b>\u00a0gold<\/li>\n<li><b>Fineness<\/b>: 585 thousandth, 14 carat<\/li>\n<li><b>Gemstone<\/b>: brilliant cut sapphire<\/li>\n<\/ul>\n<p>&nbsp;<\/p>\n<p><strong>Eternal life guarantee:<\/strong>\u00a0the jewelry structure of the material errors and gems<\/p>\n<p>The average production time is 10-15 working days. If you have any important date for which you want the product, please contact with us by phone +36 30 539 1179 number, or the info@brillancy.hu e-mail address.<\/p>\n<p><strong>Can be ordered in yellow, white or rose gold colors. The jewel to the gift box optional.<\/strong><\/p>\n<p><strong>Like the Puerto Rico sapphire ring, but different color sapphire did you imagine it?<\/strong>\u00a0It&#039;s not a problem. We like to give an offer to the expected ideas. Find us confidence on the phone +36 30 539 1179 number, or the info@brillancy.hu e-mail address.<\/p>\n<p><strong>Pay scrap gold<\/strong>\u00a0Damaged, old, or never used gold hiding at home in the cupboards? Bring it in to us and it will be transferred to you the chosen jewellery price.<\/p>","protected":false},"excerpt":{"rendered":"<p>14 karat gold ring with brilliant cut blue sapphires with decorated<\/p>","protected":false},"featured_media":11715,"comment_status":"closed","ping_status":"closed","template":"","meta":[],"product_brand":[],"product_cat":[17,22,34,32,42],"product_tag":[],"class_list":{"0":"post-6707","1":"product","2":"type-product","3":"status-publish","4":"has-post-thumbnail","6":"product_cat-eljegyzesi-gyuruk","7":"product_cat-kerek","8":"product_cat-kreativ","9":"product_cat-modern","10":"product_cat-zafir","12":"first","13":"instock","14":"purchasable","15":"product-type-simple"},"yoast_head":"<!-- This site is optimized with the Yoast SEO Premium plugin v27.0 (Yoast SEO v27.0) - https:\/\/yoast.com\/product\/yoast-seo-premium-wordpress\/ -->\n<title>Puerto Rico Zaf\u00edr gy\u0171r\u0171 - Brillancy<\/title>\n<meta name=\"description\" content=\"A Puerto Rico zaf\u00edr gy\u0171r\u0171 k\u00f6nnyed, j\u00e1t\u00e9kos formavil\u00e1g\u00fa, 14 kar\u00e1tos aranyb\u00f3l k\u00e9sz\u00fclt gy\u0171r\u0171, mely k\u00fcl\u00f6nlegess\u00e9g\u00e9vel \u00e9s sz\u00e9ps\u00e9g\u00e9v\u00e9vel m\u00e9lt\u00e1n n\u00e9pszer\u0171 darab.\" \/>\n<meta name=\"robots\" content=\"index, follow, max-snippet:-1, max-image-preview:large, max-video-preview:-1\" \/>\n<link rel=\"canonical\" href=\"https:\/\/brillancy.hu\/en\/product\/puerto-rico-zafir-gyuru\/\" \/>\n<meta property=\"og:locale\" content=\"en_GB\" \/>\n<meta property=\"og:type\" content=\"article\" \/>\n<meta property=\"og:title\" content=\"Puerto Rico Zaf\u00edr gy\u0171r\u0171\" \/>\n<meta property=\"og:description\" content=\"A Puerto Rico zaf\u00edr gy\u0171r\u0171 k\u00f6nnyed, j\u00e1t\u00e9kos formavil\u00e1g\u00fa, 14 kar\u00e1tos aranyb\u00f3l k\u00e9sz\u00fclt gy\u0171r\u0171, mely k\u00fcl\u00f6nlegess\u00e9g\u00e9vel \u00e9s sz\u00e9ps\u00e9g\u00e9v\u00e9vel m\u00e9lt\u00e1n n\u00e9pszer\u0171 darab.\" \/>\n<meta property=\"og:url\" content=\"https:\/\/brillancy.hu\/en\/product\/puerto-rico-zafir-gyuru\/\" \/>\n<meta property=\"og:site_name\" content=\"Brillancy\" \/>\n<meta property=\"article:modified_time\" content=\"2025-10-17T09:56:16+00:00\" \/>\n<meta property=\"og:image\" content=\"https:\/\/brillancy.hu\/wp-content\/uploads\/2025\/01\/puerto-rico.png\" \/>\n\t<meta property=\"og:image:width\" content=\"1024\" \/>\n\t<meta property=\"og:image:height\" content=\"1024\" \/>\n\t<meta property=\"og:image:type\" content=\"image\/png\" \/>\n<meta name=\"twitter:card\" content=\"summary_large_image\" \/>\n<meta name=\"twitter:label1\" content=\"Estimated reading time\" \/>\n\t<meta name=\"twitter:data1\" content=\"2 minutes\" \/>\n<script type=\"application\/ld+json\" class=\"yoast-schema-graph\">{\"@context\":\"https:\/\/schema.org\",\"@graph\":[{\"@type\":\"WebPage\",\"@id\":\"https:\/\/brillancy.hu\/product\/puerto-rico-zafir-gyuru\/\",\"url\":\"https:\/\/brillancy.hu\/product\/puerto-rico-zafir-gyuru\/\",\"name\":\"Puerto Rico Zaf\u00edr gy\u0171r\u0171 - Brillancy\",\"isPartOf\":{\"@id\":\"https:\/\/brillancy.hu\/#website\"},\"primaryImageOfPage\":{\"@id\":\"https:\/\/brillancy.hu\/product\/puerto-rico-zafir-gyuru\/#primaryimage\"},\"image\":{\"@id\":\"https:\/\/brillancy.hu\/product\/puerto-rico-zafir-gyuru\/#primaryimage\"},\"thumbnailUrl\":\"https:\/\/brillancy.hu\/wp-content\/uploads\/2025\/01\/puerto-rico.png\",\"datePublished\":\"2025-01-31T17:24:10+00:00\",\"dateModified\":\"2025-10-17T09:56:16+00:00\",\"description\":\"A Puerto Rico zaf\u00edr gy\u0171r\u0171 k\u00f6nnyed, j\u00e1t\u00e9kos formavil\u00e1g\u00fa, 14 kar\u00e1tos aranyb\u00f3l k\u00e9sz\u00fclt gy\u0171r\u0171, mely k\u00fcl\u00f6nlegess\u00e9g\u00e9vel \u00e9s sz\u00e9ps\u00e9g\u00e9v\u00e9vel m\u00e9lt\u00e1n n\u00e9pszer\u0171 darab.\",\"breadcrumb\":{\"@id\":\"https:\/\/brillancy.hu\/product\/puerto-rico-zafir-gyuru\/#breadcrumb\"},\"inLanguage\":\"en-GB\",\"potentialAction\":[{\"@type\":\"ReadAction\",\"target\":[\"https:\/\/brillancy.hu\/product\/puerto-rico-zafir-gyuru\/\"]}]},{\"@type\":\"ImageObject\",\"inLanguage\":\"en-GB\",\"@id\":\"https:\/\/brillancy.hu\/product\/puerto-rico-zafir-gyuru\/#primaryimage\",\"url\":\"https:\/\/brillancy.hu\/wp-content\/uploads\/2025\/01\/puerto-rico.png\",\"contentUrl\":\"https:\/\/brillancy.hu\/wp-content\/uploads\/2025\/01\/puerto-rico.png\",\"width\":1024,\"height\":1024,\"caption\":\"Puerto Rico Zaf\u00edr gy\u0171r\u0171\"},{\"@type\":\"BreadcrumbList\",\"@id\":\"https:\/\/brillancy.hu\/product\/puerto-rico-zafir-gyuru\/#breadcrumb\",\"itemListElement\":[{\"@type\":\"ListItem\",\"position\":1,\"name\":\"Home\",\"item\":\"https:\/\/brillancy.hu\/\"},{\"@type\":\"ListItem\",\"position\":2,\"name\":\"Term\u00e9kek\",\"item\":\"https:\/\/brillancy.hu\/termekek\/\"},{\"@type\":\"ListItem\",\"position\":3,\"name\":\"Puerto Rico Zaf\u00edr gy\u0171r\u0171\"}]},{\"@type\":\"WebSite\",\"@id\":\"https:\/\/brillancy.hu\/#website\",\"url\":\"https:\/\/brillancy.hu\/\",\"name\":\"Brillancy\",\"description\":\"\",\"potentialAction\":[{\"@type\":\"SearchAction\",\"target\":{\"@type\":\"EntryPoint\",\"urlTemplate\":\"https:\/\/brillancy.hu\/?s={search_term_string}\"},\"query-input\":{\"@type\":\"PropertyValueSpecification\",\"valueRequired\":true,\"valueName\":\"search_term_string\"}}],\"inLanguage\":\"en-GB\"}]}<\/script>\n<!-- \/ Yoast SEO Premium plugin. -->","yoast_head_json":{"title":"Puerto Rico Zaf\u00edr gy\u0171r\u0171 - Brillancy","description":"A Puerto Rico zaf\u00edr gy\u0171r\u0171 k\u00f6nnyed, j\u00e1t\u00e9kos formavil\u00e1g\u00fa, 14 kar\u00e1tos aranyb\u00f3l k\u00e9sz\u00fclt gy\u0171r\u0171, mely k\u00fcl\u00f6nlegess\u00e9g\u00e9vel \u00e9s sz\u00e9ps\u00e9g\u00e9v\u00e9vel m\u00e9lt\u00e1n n\u00e9pszer\u0171 darab.","robots":{"index":"index","follow":"follow","max-snippet":"max-snippet:-1","max-image-preview":"max-image-preview:large","max-video-preview":"max-video-preview:-1"},"canonical":"https:\/\/brillancy.hu\/en\/product\/puerto-rico-zafir-gyuru\/","og_locale":"en_GB","og_type":"article","og_title":"Puerto Rico Zaf\u00edr gy\u0171r\u0171","og_description":"A Puerto Rico zaf\u00edr gy\u0171r\u0171 k\u00f6nnyed, j\u00e1t\u00e9kos formavil\u00e1g\u00fa, 14 kar\u00e1tos aranyb\u00f3l k\u00e9sz\u00fclt gy\u0171r\u0171, mely k\u00fcl\u00f6nlegess\u00e9g\u00e9vel \u00e9s sz\u00e9ps\u00e9g\u00e9v\u00e9vel m\u00e9lt\u00e1n n\u00e9pszer\u0171 darab.","og_url":"https:\/\/brillancy.hu\/en\/product\/puerto-rico-zafir-gyuru\/","og_site_name":"Brillancy","article_modified_time":"2025-10-17T09:56:16+00:00","og_image":[{"width":1024,"height":1024,"url":"https:\/\/brillancy.hu\/wp-content\/uploads\/2025\/01\/puerto-rico.png","type":"image\/png"}],"twitter_card":"summary_large_image","twitter_misc":{"Estimated reading time":"2 minutes"},"schema":{"@context":"https:\/\/schema.org","@graph":[{"@type":"WebPage","@id":"https:\/\/brillancy.hu\/product\/puerto-rico-zafir-gyuru\/","url":"https:\/\/brillancy.hu\/product\/puerto-rico-zafir-gyuru\/","name":"Puerto Rico Zaf\u00edr gy\u0171r\u0171 - Brillancy","isPartOf":{"@id":"https:\/\/brillancy.hu\/#website"},"primaryImageOfPage":{"@id":"https:\/\/brillancy.hu\/product\/puerto-rico-zafir-gyuru\/#primaryimage"},"image":{"@id":"https:\/\/brillancy.hu\/product\/puerto-rico-zafir-gyuru\/#primaryimage"},"thumbnailUrl":"https:\/\/brillancy.hu\/wp-content\/uploads\/2025\/01\/puerto-rico.png","datePublished":"2025-01-31T17:24:10+00:00","dateModified":"2025-10-17T09:56:16+00:00","description":"A Puerto Rico zaf\u00edr gy\u0171r\u0171 k\u00f6nnyed, j\u00e1t\u00e9kos formavil\u00e1g\u00fa, 14 kar\u00e1tos aranyb\u00f3l k\u00e9sz\u00fclt gy\u0171r\u0171, mely k\u00fcl\u00f6nlegess\u00e9g\u00e9vel \u00e9s sz\u00e9ps\u00e9g\u00e9v\u00e9vel m\u00e9lt\u00e1n n\u00e9pszer\u0171 darab.","breadcrumb":{"@id":"https:\/\/brillancy.hu\/product\/puerto-rico-zafir-gyuru\/#breadcrumb"},"inLanguage":"en-GB","potentialAction":[{"@type":"ReadAction","target":["https:\/\/brillancy.hu\/product\/puerto-rico-zafir-gyuru\/"]}]},{"@type":"ImageObject","inLanguage":"en-GB","@id":"https:\/\/brillancy.hu\/product\/puerto-rico-zafir-gyuru\/#primaryimage","url":"https:\/\/brillancy.hu\/wp-content\/uploads\/2025\/01\/puerto-rico.png","contentUrl":"https:\/\/brillancy.hu\/wp-content\/uploads\/2025\/01\/puerto-rico.png","width":1024,"height":1024,"caption":"Puerto Rico Zaf\u00edr gy\u0171r\u0171"},{"@type":"BreadcrumbList","@id":"https:\/\/brillancy.hu\/product\/puerto-rico-zafir-gyuru\/#breadcrumb","itemListElement":[{"@type":"ListItem","position":1,"name":"Home","item":"https:\/\/brillancy.hu\/"},{"@type":"ListItem","position":2,"name":"Term\u00e9kek","item":"https:\/\/brillancy.hu\/termekek\/"},{"@type":"ListItem","position":3,"name":"Puerto Rico Zaf\u00edr gy\u0171r\u0171"}]},{"@type":"WebSite","@id":"https:\/\/brillancy.hu\/#website","url":"https:\/\/brillancy.hu\/","name":"Brillancy","description":"","potentialAction":[{"@type":"SearchAction","target":{"@type":"EntryPoint","urlTemplate":"https:\/\/brillancy.hu\/?s={search_term_string}"},"query-input":{"@type":"PropertyValueSpecification","valueRequired":true,"valueName":"search_term_string"}}],"inLanguage":"en-GB"}]}},"_links":{"self":[{"href":"https:\/\/brillancy.hu\/en\/wp-json\/wp\/v2\/product\/6707","targetHints":{"allow":["GET"]}}],"collection":[{"href":"https:\/\/brillancy.hu\/en\/wp-json\/wp\/v2\/product"}],"about":[{"href":"https:\/\/brillancy.hu\/en\/wp-json\/wp\/v2\/types\/product"}],"replies":[{"embeddable":true,"href":"https:\/\/brillancy.hu\/en\/wp-json\/wp\/v2\/comments?post=6707"}],"wp:featuredmedia":[{"embeddable":true,"href":"https:\/\/brillancy.hu\/en\/wp-json\/wp\/v2\/media\/11715"}],"wp:attachment":[{"href":"https:\/\/brillancy.hu\/en\/wp-json\/wp\/v2\/media?parent=6707"}],"wp:term":[{"taxonomy":"product_brand","embeddable":true,"href":"https:\/\/brillancy.hu\/en\/wp-json\/wp\/v2\/product_brand?post=6707"},{"taxonomy":"product_cat","embeddable":true,"href":"https:\/\/brillancy.hu\/en\/wp-json\/wp\/v2\/product_cat?post=6707"},{"taxonomy":"product_tag","embeddable":true,"href":"https:\/\/brillancy.hu\/en\/wp-json\/wp\/v2\/product_tag?post=6707"}],"curies":[{"name":"wp","href":"https:\/\/api.w.org\/{rel}","templated":true}]}}