{"id":6594,"date":"2025-01-31T18:23:04","date_gmt":"2025-01-31T17:23:04","guid":{"rendered":"https:\/\/brillancy.hu\/?post_type=product&#038;p=6594"},"modified":"2025-10-17T10:56:16","modified_gmt":"2025-10-17T09:56:16","slug":"daria-sarga-arany-eljegyzesi-gyuru","status":"publish","type":"product","link":"https:\/\/brillancy.hu\/en\/product\/daria-sarga-arany-eljegyzesi-gyuru\/","title":{"rendered":"Daria yellow gold engagement ring"},"content":{"rendered":"<p>Daria s\u00e1rga arany zaf\u00edr gy\u0171r\u0171<\/p>\n<p><strong>Daria:<\/strong> Modern style, a special appearance of the <strong>14 kar\u00e1tos s\u00e1rga arany zaf\u00edr gy\u0171r\u0171t<\/strong>. A line of simple and sleek, modern elegance, his representative, which became a fool of the gold shining yellow and sapphire is a beautiful deep blue on. Open gy\u0171r\u0171s\u00ednje the four-claw slot located in jewels to the eyes, which is a <strong>brilliant cut, 0,08 ct of blue sapphires. <\/strong>The perfect choice for all those who are an elegant, yet bold and badass-looking ring I would like to surprise your beloved ones!<\/p>\n<ul>\n<li><strong>The<\/strong><strong>bother of:<\/strong> gold<\/li>\n<li><strong>Fineness<\/strong>: 585 thousandth, 14 carat<\/li>\n<li><strong>Gemstone<\/strong>: brilliant cut blue sapphire<\/li>\n<\/ul>\n<p>Don&#039;t be afraid, don&#039;t snag it on anything! For those ladies who are discreet, yet special jewelry they want, and who are comfortable to wear is also important. This lovely diamond ring is a good choice if you want every day emphasized more to do!<\/p>\n<p><strong>Gift box:\u00a0<\/strong>The ring is a gift in the box set, and several kinds of colors You can pick out!<\/p>\n<p><strong>Pay scrap gold<\/strong>\u00a0Damaged, old, or never used gold hiding at home in the cupboards? Bring it in to us and high count For the selected diamond ring price.<\/p>\n<p><strong>Tetszik ez a gy\u0171r\u0171, de m\u00e1s m\u00e9ret\u0171 gy\u00e9m\u00e1nttal, esetleg sz\u00ednes dr\u00e1gak\u0151vel k\u00e9pzelted el? N\u00e1lunk ez nem gond. Sz\u00edvesen adunk aj\u00e1nlatot a meg\u00e1lmodott \u00f6tleteidre. Keress minket bizalommal telefonon a +36 30 539 1179 sz\u00e1mon, vagy az\u00a0<\/strong><a href=\"mailto:info@brillancy.hu\"><strong>info@brillancy.hu<\/strong><\/a><strong>\u00a0e-mail address.<\/strong><\/p>\n<p>JElenleg ez a modell nem tal\u00e1lhat\u00f3 neg bemutat\u00f3term\u00fcnkben. AMennyiben meg szeretn\u00e9d tekinteni \u00e9l\u0151ben is az \u00e9kszert, jelezd fel\u00e9nk, \u00e9s k\u00e9sz\u00edt\u00fcnk bel\u0151le mintadarabot.<\/p>\n<p>MInden \u00e9kszer\u00fcnkh\u00f6z certifik\u00e1tot biztos\u00edtunk, mely garant\u00e1lja a dr\u00e1gak\u00f6vek min\u00f6s\u00e9g\u00e9t. Amennyiben egyedi csiszol\u00e1s\u00fa, vagy m\u00e1s t\u00edpus\u00fa dr\u00e1gak\u0151vel szeretn\u00e9tek a gy\u0171r\u0171t, jelezz\u00e9tek fel\u00e9nk, \u00e9s v\u00e1logathattok speci\u00e1lis dr\u00e1gak\u00f6veink k\u00f6z\u00fcl.<\/p>","protected":false},"excerpt":{"rendered":"<p><strong>Daria s\u00e1rga arany eljegyz\u00e9si gy\u0171r\u0171 &#8211; \u00c1lomsz\u00e9p 14 kar\u00e1tos s\u00e1rga arany zaf\u00edr gy\u0171r\u0171. Kedvez\u0151 \u00e1r, \u00f6r\u00f6k \u00e9let garancia. V\u00e1logass a Brillancy Magyar K\u00e9zm\u0171ves \u00c9kszermanufakt\u00fara k\u00e9zzel k\u00e9sz\u00fclt \u00e9kszereinek k\u00edn\u00e1lat\u00e1b\u00f3l!<\/strong><\/p>","protected":false},"featured_media":11935,"comment_status":"closed","ping_status":"closed","template":"","meta":[],"product_brand":[],"product_cat":[35,17,22,32,42],"product_tag":[],"class_list":{"0":"post-6594","1":"product","2":"type-product","3":"status-publish","4":"has-post-thumbnail","6":"product_cat-egykoves","7":"product_cat-eljegyzesi-gyuruk","8":"product_cat-kerek","9":"product_cat-modern","10":"product_cat-zafir","12":"first","13":"instock","14":"purchasable","15":"product-type-simple"},"yoast_head":"<!-- This site is optimized with the Yoast SEO Premium plugin v27.0 (Yoast SEO v27.4) - https:\/\/yoast.com\/product\/yoast-seo-premium-wordpress\/ -->\n<title>Daria s\u00e1rga arany eljegyz\u00e9si gy\u0171r\u0171 - Brillancy<\/title>\n<meta name=\"description\" content=\"Daria s\u00e1rga arany eljegyz\u00e9si gy\u0171r\u0171- \u00c1lomsz\u00e9p 14 kar\u00e1tos s\u00e1rga arany zaf\u00edr gy\u0171r\u0171. Kedvez\u0151 \u00e1r, \u00f6r\u00f6k \u00e9let garancia. v\u00e1laszd ak\u00e1r zaf\u00edrral, vagy m\u00e1s\" \/>\n<meta name=\"robots\" content=\"index, follow, max-snippet:-1, max-image-preview:large, max-video-preview:-1\" \/>\n<link rel=\"canonical\" href=\"https:\/\/brillancy.hu\/en\/product\/daria-sarga-arany-eljegyzesi-gyuru\/\" \/>\n<meta property=\"og:locale\" content=\"en_GB\" \/>\n<meta property=\"og:type\" content=\"article\" \/>\n<meta property=\"og:title\" content=\"Daria s\u00e1rga arany eljegyz\u00e9si gy\u0171r\u0171\" \/>\n<meta property=\"og:description\" content=\"Daria s\u00e1rga arany eljegyz\u00e9si gy\u0171r\u0171- \u00c1lomsz\u00e9p 14 kar\u00e1tos s\u00e1rga arany zaf\u00edr gy\u0171r\u0171. Kedvez\u0151 \u00e1r, \u00f6r\u00f6k \u00e9let garancia. v\u00e1laszd ak\u00e1r zaf\u00edrral, vagy m\u00e1s\" \/>\n<meta property=\"og:url\" content=\"https:\/\/brillancy.hu\/en\/product\/daria-sarga-arany-eljegyzesi-gyuru\/\" \/>\n<meta property=\"og:site_name\" content=\"Brillancy\" \/>\n<meta property=\"article:modified_time\" content=\"2025-10-17T09:56:16+00:00\" \/>\n<meta property=\"og:image\" content=\"https:\/\/brillancy.hu\/wp-content\/uploads\/2025\/01\/20250928_1822_Gold-Ring-Elegance_remix_01k68j2340e9as2pzmsqgss02f.png\" \/>\n\t<meta property=\"og:image:width\" content=\"1024\" \/>\n\t<meta property=\"og:image:height\" content=\"1024\" \/>\n\t<meta property=\"og:image:type\" content=\"image\/png\" \/>\n<meta name=\"twitter:card\" content=\"summary_large_image\" \/>\n<meta name=\"twitter:label1\" content=\"Estimated reading time\" \/>\n\t<meta name=\"twitter:data1\" content=\"2 minutes\" \/>\n<script type=\"application\/ld+json\" class=\"yoast-schema-graph\">{\"@context\":\"https:\\\/\\\/schema.org\",\"@graph\":[{\"@type\":\"WebPage\",\"@id\":\"https:\\\/\\\/brillancy.hu\\\/product\\\/daria-sarga-arany-eljegyzesi-gyuru\\\/\",\"url\":\"https:\\\/\\\/brillancy.hu\\\/product\\\/daria-sarga-arany-eljegyzesi-gyuru\\\/\",\"name\":\"Daria s\u00e1rga arany eljegyz\u00e9si gy\u0171r\u0171 - Brillancy\",\"isPartOf\":{\"@id\":\"https:\\\/\\\/brillancy.hu\\\/#website\"},\"primaryImageOfPage\":{\"@id\":\"https:\\\/\\\/brillancy.hu\\\/product\\\/daria-sarga-arany-eljegyzesi-gyuru\\\/#primaryimage\"},\"image\":{\"@id\":\"https:\\\/\\\/brillancy.hu\\\/product\\\/daria-sarga-arany-eljegyzesi-gyuru\\\/#primaryimage\"},\"thumbnailUrl\":\"https:\\\/\\\/brillancy.hu\\\/wp-content\\\/uploads\\\/2025\\\/01\\\/20250928_1822_Gold-Ring-Elegance_remix_01k68j2340e9as2pzmsqgss02f.png\",\"datePublished\":\"2025-01-31T17:23:04+00:00\",\"dateModified\":\"2025-10-17T09:56:16+00:00\",\"description\":\"Daria s\u00e1rga arany eljegyz\u00e9si gy\u0171r\u0171- \u00c1lomsz\u00e9p 14 kar\u00e1tos s\u00e1rga arany zaf\u00edr gy\u0171r\u0171. Kedvez\u0151 \u00e1r, \u00f6r\u00f6k \u00e9let garancia. v\u00e1laszd ak\u00e1r zaf\u00edrral, vagy m\u00e1s\",\"breadcrumb\":{\"@id\":\"https:\\\/\\\/brillancy.hu\\\/product\\\/daria-sarga-arany-eljegyzesi-gyuru\\\/#breadcrumb\"},\"inLanguage\":\"en-GB\",\"potentialAction\":[{\"@type\":\"ReadAction\",\"target\":[\"https:\\\/\\\/brillancy.hu\\\/product\\\/daria-sarga-arany-eljegyzesi-gyuru\\\/\"]}]},{\"@type\":\"ImageObject\",\"inLanguage\":\"en-GB\",\"@id\":\"https:\\\/\\\/brillancy.hu\\\/product\\\/daria-sarga-arany-eljegyzesi-gyuru\\\/#primaryimage\",\"url\":\"https:\\\/\\\/brillancy.hu\\\/wp-content\\\/uploads\\\/2025\\\/01\\\/20250928_1822_Gold-Ring-Elegance_remix_01k68j2340e9as2pzmsqgss02f.png\",\"contentUrl\":\"https:\\\/\\\/brillancy.hu\\\/wp-content\\\/uploads\\\/2025\\\/01\\\/20250928_1822_Gold-Ring-Elegance_remix_01k68j2340e9as2pzmsqgss02f.png\",\"width\":1024,\"height\":1024,\"caption\":\"Daria s\u00e1rga arany eljegyz\u00e9si gy\u0171r\u0171\"},{\"@type\":\"BreadcrumbList\",\"@id\":\"https:\\\/\\\/brillancy.hu\\\/product\\\/daria-sarga-arany-eljegyzesi-gyuru\\\/#breadcrumb\",\"itemListElement\":[{\"@type\":\"ListItem\",\"position\":1,\"name\":\"Home\",\"item\":\"https:\\\/\\\/brillancy.hu\\\/\"},{\"@type\":\"ListItem\",\"position\":2,\"name\":\"Term\u00e9kek\",\"item\":\"https:\\\/\\\/brillancy.hu\\\/termekek\\\/\"},{\"@type\":\"ListItem\",\"position\":3,\"name\":\"Daria s\u00e1rga arany eljegyz\u00e9si gy\u0171r\u0171\"}]},{\"@type\":\"WebSite\",\"@id\":\"https:\\\/\\\/brillancy.hu\\\/#website\",\"url\":\"https:\\\/\\\/brillancy.hu\\\/\",\"name\":\"Brillancy\",\"description\":\"\",\"potentialAction\":[{\"@type\":\"SearchAction\",\"target\":{\"@type\":\"EntryPoint\",\"urlTemplate\":\"https:\\\/\\\/brillancy.hu\\\/?s={search_term_string}\"},\"query-input\":{\"@type\":\"PropertyValueSpecification\",\"valueRequired\":true,\"valueName\":\"search_term_string\"}}],\"inLanguage\":\"en-GB\"}]}<\/script>\n<!-- \/ Yoast SEO Premium plugin. -->","yoast_head_json":{"title":"Daria s\u00e1rga arany eljegyz\u00e9si gy\u0171r\u0171 - Brillancy","description":"Daria s\u00e1rga arany eljegyz\u00e9si gy\u0171r\u0171- \u00c1lomsz\u00e9p 14 kar\u00e1tos s\u00e1rga arany zaf\u00edr gy\u0171r\u0171. Kedvez\u0151 \u00e1r, \u00f6r\u00f6k \u00e9let garancia. v\u00e1laszd ak\u00e1r zaf\u00edrral, vagy m\u00e1s","robots":{"index":"index","follow":"follow","max-snippet":"max-snippet:-1","max-image-preview":"max-image-preview:large","max-video-preview":"max-video-preview:-1"},"canonical":"https:\/\/brillancy.hu\/en\/product\/daria-sarga-arany-eljegyzesi-gyuru\/","og_locale":"en_GB","og_type":"article","og_title":"Daria s\u00e1rga arany eljegyz\u00e9si gy\u0171r\u0171","og_description":"Daria s\u00e1rga arany eljegyz\u00e9si gy\u0171r\u0171- \u00c1lomsz\u00e9p 14 kar\u00e1tos s\u00e1rga arany zaf\u00edr gy\u0171r\u0171. Kedvez\u0151 \u00e1r, \u00f6r\u00f6k \u00e9let garancia. v\u00e1laszd ak\u00e1r zaf\u00edrral, vagy m\u00e1s","og_url":"https:\/\/brillancy.hu\/en\/product\/daria-sarga-arany-eljegyzesi-gyuru\/","og_site_name":"Brillancy","article_modified_time":"2025-10-17T09:56:16+00:00","og_image":[{"width":1024,"height":1024,"url":"https:\/\/brillancy.hu\/wp-content\/uploads\/2025\/01\/20250928_1822_Gold-Ring-Elegance_remix_01k68j2340e9as2pzmsqgss02f.png","type":"image\/png"}],"twitter_card":"summary_large_image","twitter_misc":{"Estimated reading time":"2 minutes"},"schema":{"@context":"https:\/\/schema.org","@graph":[{"@type":"WebPage","@id":"https:\/\/brillancy.hu\/product\/daria-sarga-arany-eljegyzesi-gyuru\/","url":"https:\/\/brillancy.hu\/product\/daria-sarga-arany-eljegyzesi-gyuru\/","name":"Daria s\u00e1rga arany eljegyz\u00e9si gy\u0171r\u0171 - Brillancy","isPartOf":{"@id":"https:\/\/brillancy.hu\/#website"},"primaryImageOfPage":{"@id":"https:\/\/brillancy.hu\/product\/daria-sarga-arany-eljegyzesi-gyuru\/#primaryimage"},"image":{"@id":"https:\/\/brillancy.hu\/product\/daria-sarga-arany-eljegyzesi-gyuru\/#primaryimage"},"thumbnailUrl":"https:\/\/brillancy.hu\/wp-content\/uploads\/2025\/01\/20250928_1822_Gold-Ring-Elegance_remix_01k68j2340e9as2pzmsqgss02f.png","datePublished":"2025-01-31T17:23:04+00:00","dateModified":"2025-10-17T09:56:16+00:00","description":"Daria s\u00e1rga arany eljegyz\u00e9si gy\u0171r\u0171- \u00c1lomsz\u00e9p 14 kar\u00e1tos s\u00e1rga arany zaf\u00edr gy\u0171r\u0171. Kedvez\u0151 \u00e1r, \u00f6r\u00f6k \u00e9let garancia. v\u00e1laszd ak\u00e1r zaf\u00edrral, vagy m\u00e1s","breadcrumb":{"@id":"https:\/\/brillancy.hu\/product\/daria-sarga-arany-eljegyzesi-gyuru\/#breadcrumb"},"inLanguage":"en-GB","potentialAction":[{"@type":"ReadAction","target":["https:\/\/brillancy.hu\/product\/daria-sarga-arany-eljegyzesi-gyuru\/"]}]},{"@type":"ImageObject","inLanguage":"en-GB","@id":"https:\/\/brillancy.hu\/product\/daria-sarga-arany-eljegyzesi-gyuru\/#primaryimage","url":"https:\/\/brillancy.hu\/wp-content\/uploads\/2025\/01\/20250928_1822_Gold-Ring-Elegance_remix_01k68j2340e9as2pzmsqgss02f.png","contentUrl":"https:\/\/brillancy.hu\/wp-content\/uploads\/2025\/01\/20250928_1822_Gold-Ring-Elegance_remix_01k68j2340e9as2pzmsqgss02f.png","width":1024,"height":1024,"caption":"Daria s\u00e1rga arany eljegyz\u00e9si gy\u0171r\u0171"},{"@type":"BreadcrumbList","@id":"https:\/\/brillancy.hu\/product\/daria-sarga-arany-eljegyzesi-gyuru\/#breadcrumb","itemListElement":[{"@type":"ListItem","position":1,"name":"Home","item":"https:\/\/brillancy.hu\/"},{"@type":"ListItem","position":2,"name":"Term\u00e9kek","item":"https:\/\/brillancy.hu\/termekek\/"},{"@type":"ListItem","position":3,"name":"Daria s\u00e1rga arany eljegyz\u00e9si gy\u0171r\u0171"}]},{"@type":"WebSite","@id":"https:\/\/brillancy.hu\/#website","url":"https:\/\/brillancy.hu\/","name":"Brillancy","description":"","potentialAction":[{"@type":"SearchAction","target":{"@type":"EntryPoint","urlTemplate":"https:\/\/brillancy.hu\/?s={search_term_string}"},"query-input":{"@type":"PropertyValueSpecification","valueRequired":true,"valueName":"search_term_string"}}],"inLanguage":"en-GB"}]}},"_links":{"self":[{"href":"https:\/\/brillancy.hu\/en\/wp-json\/wp\/v2\/product\/6594","targetHints":{"allow":["GET"]}}],"collection":[{"href":"https:\/\/brillancy.hu\/en\/wp-json\/wp\/v2\/product"}],"about":[{"href":"https:\/\/brillancy.hu\/en\/wp-json\/wp\/v2\/types\/product"}],"replies":[{"embeddable":true,"href":"https:\/\/brillancy.hu\/en\/wp-json\/wp\/v2\/comments?post=6594"}],"wp:featuredmedia":[{"embeddable":true,"href":"https:\/\/brillancy.hu\/en\/wp-json\/wp\/v2\/media\/11935"}],"wp:attachment":[{"href":"https:\/\/brillancy.hu\/en\/wp-json\/wp\/v2\/media?parent=6594"}],"wp:term":[{"taxonomy":"product_brand","embeddable":true,"href":"https:\/\/brillancy.hu\/en\/wp-json\/wp\/v2\/product_brand?post=6594"},{"taxonomy":"product_cat","embeddable":true,"href":"https:\/\/brillancy.hu\/en\/wp-json\/wp\/v2\/product_cat?post=6594"},{"taxonomy":"product_tag","embeddable":true,"href":"https:\/\/brillancy.hu\/en\/wp-json\/wp\/v2\/product_tag?post=6594"}],"curies":[{"name":"wp","href":"https:\/\/api.w.org\/{rel}","templated":true}]}}