{"id":6490,"date":"2025-01-31T18:22:02","date_gmt":"2025-01-31T17:22:02","guid":{"rendered":"https:\/\/brillancy.hu\/?post_type=product&#038;p=6490"},"modified":"2025-11-04T12:49:06","modified_gmt":"2025-11-04T11:49:06","slug":"pissarro-arany-gyuru","status":"publish","type":"product","link":"https:\/\/brillancy.hu\/en\/product\/pissarro-arany-gyuru\/","title":{"rendered":"Pissarro Gold ring"},"content":{"rendered":"<p>Pissarro gold ring<\/p>\n<p>: Extremely elegant, classic-fashioned\u00a0<strong>14-karat yellow gold engagement ring<\/strong>a gorgeous,\u00a0<strong>brilliant cut natural diamonds<\/strong>. Four-claw slot stable, will participate for the<strong>\u00a00,17 ct weight of 3.5 mm diameter white diamonds.\u00a0<\/strong>These strong claws in addition to safe keep the gem, not cover completely, a little to the side let me see. The f\u00e9ldombor\u00fa gy\u0171r\u0171s\u00edn in the middle, slightly wider at the bottom and toward the slot, and a subtle transition narrows, and the soft curves of the bridge as you arrive in the slot. This graceful design with perfect proportions, a gradual transition consistency room and highlights the glamorous diamond. Recommended for those ladies who love the classic elegance. Showy yellow gold engagement ring the Brillance of Hungarian Craft jewelry manufactory \u00f6tv\u00f6seit\u0151l!<\/p>\n<ul>\n<li><strong>Material:<\/strong>\u00a0gold<\/li>\n<li><strong>Fineness<\/strong>: 585 thousandth, 14 carat<\/li>\n<li><strong>Gemstone<\/strong>: brilliant cut diamond<\/li>\n<li><strong>Eternal life guarantee:<\/strong>\u00a0the jewelry structure of the material errors and gems<\/li>\n<\/ul>\n<p><strong>Free renewal:<\/strong>\u00a0We take the we have prepared gold ring free scratch-free sales of and purification of five times (once a year) the purchase within five years.<\/p>\n<p><strong>Free size adjustment:\u00a0<\/strong>If you haven&#039;t found the correct size, we will take the ring free size adjustments.<\/p>\n<p><strong>Gift box:\u00a0<\/strong>The ring is a gift in the box set, and several kinds of colors You can pick out!<\/p>\n<p><strong>Pay scrap gold<\/strong>\u00a0Damaged, old, or never used gold hiding at home in the cupboards? Bring it in to us and high count For the selected gold ring price.<\/p>\n<p><strong>I like the gold ring, but a different size diamonds, or colorful gems did you imagine it? It&#039;s not a problem. We like to give an offer to the expected ideas. Find us confidence on the phone +36 30 539 1179 number, or the\u00a0<\/strong><a href=\"mailto:info@brillancy.hu\"><strong>info@brillancy.hu<\/strong><\/a><strong>\u00a0e-mail address.<\/strong><\/p>","protected":false},"excerpt":{"rendered":"<p>Pissarro gold ring with diamonds \u2013 Classic elegant Hand \u2013 made, unique gold ring, the Brillance jewelry manufactory offer \u2013 reasonable price, eternal life guarantee<\/p>","protected":false},"featured_media":11308,"comment_status":"closed","ping_status":"closed","template":"","meta":[],"product_brand":[],"product_cat":[35,17,39,22,33],"product_tag":[],"class_list":{"0":"post-6490","1":"product","2":"type-product","3":"status-publish","4":"has-post-thumbnail","6":"product_cat-egykoves","7":"product_cat-eljegyzesi-gyuruk","8":"product_cat-gyemant","9":"product_cat-kerek","10":"product_cat-klasszikus","12":"first","13":"instock","14":"purchasable","15":"product-type-variable"},"yoast_head":"<!-- This site is optimized with the Yoast SEO Premium plugin v27.0 (Yoast SEO v27.4) - https:\/\/yoast.com\/product\/yoast-seo-premium-wordpress\/ -->\n<title>Pissarro Arany gy\u0171r\u0171 - Brillancy<\/title>\n<meta name=\"description\" content=\"Pissarro Arany gy\u0171r\u0171 - A tervez\u0151 aj\u00e1nl\u00e1sa: Pissarro arany gy\u0171r\u0171: Rendk\u00edv\u00fcl eleg\u00e1ns, klasszikus fazon\u00fa\u00a014 kar\u00e1tos s\u00e1rga arany ...\" \/>\n<meta name=\"robots\" content=\"index, follow, max-snippet:-1, max-image-preview:large, max-video-preview:-1\" \/>\n<link rel=\"canonical\" href=\"https:\/\/brillancy.hu\/en\/product\/pissarro-arany-gyuru\/\" \/>\n<meta property=\"og:locale\" content=\"en_GB\" \/>\n<meta property=\"og:type\" content=\"article\" \/>\n<meta property=\"og:title\" content=\"Pissarro Arany gy\u0171r\u0171\" \/>\n<meta property=\"og:description\" content=\"Pissarro Arany gy\u0171r\u0171 - A tervez\u0151 aj\u00e1nl\u00e1sa: Pissarro arany gy\u0171r\u0171: Rendk\u00edv\u00fcl eleg\u00e1ns, klasszikus fazon\u00fa\u00a014 kar\u00e1tos s\u00e1rga arany ...\" \/>\n<meta property=\"og:url\" content=\"https:\/\/brillancy.hu\/en\/product\/pissarro-arany-gyuru\/\" \/>\n<meta property=\"og:site_name\" content=\"Brillancy\" \/>\n<meta property=\"article:modified_time\" content=\"2025-11-04T11:49:06+00:00\" \/>\n<meta property=\"og:image\" content=\"https:\/\/brillancy.hu\/wp-content\/uploads\/2025\/01\/pisarro.png\" \/>\n\t<meta property=\"og:image:width\" content=\"1024\" \/>\n\t<meta property=\"og:image:height\" content=\"1024\" \/>\n\t<meta property=\"og:image:type\" content=\"image\/png\" \/>\n<meta name=\"twitter:card\" content=\"summary_large_image\" \/>\n<meta name=\"twitter:label1\" content=\"Estimated reading time\" \/>\n\t<meta name=\"twitter:data1\" content=\"2 minutes\" \/>\n<script type=\"application\/ld+json\" class=\"yoast-schema-graph\">{\"@context\":\"https:\\\/\\\/schema.org\",\"@graph\":[{\"@type\":\"WebPage\",\"@id\":\"https:\\\/\\\/brillancy.hu\\\/product\\\/pissarro-arany-gyuru\\\/\",\"url\":\"https:\\\/\\\/brillancy.hu\\\/product\\\/pissarro-arany-gyuru\\\/\",\"name\":\"Pissarro Arany gy\u0171r\u0171 - Brillancy\",\"isPartOf\":{\"@id\":\"https:\\\/\\\/brillancy.hu\\\/#website\"},\"primaryImageOfPage\":{\"@id\":\"https:\\\/\\\/brillancy.hu\\\/product\\\/pissarro-arany-gyuru\\\/#primaryimage\"},\"image\":{\"@id\":\"https:\\\/\\\/brillancy.hu\\\/product\\\/pissarro-arany-gyuru\\\/#primaryimage\"},\"thumbnailUrl\":\"https:\\\/\\\/brillancy.hu\\\/wp-content\\\/uploads\\\/2025\\\/01\\\/pisarro.png\",\"datePublished\":\"2025-01-31T17:22:02+00:00\",\"dateModified\":\"2025-11-04T11:49:06+00:00\",\"description\":\"Pissarro Arany gy\u0171r\u0171 - A tervez\u0151 aj\u00e1nl\u00e1sa: Pissarro arany gy\u0171r\u0171: Rendk\u00edv\u00fcl eleg\u00e1ns, klasszikus fazon\u00fa\u00a014 kar\u00e1tos s\u00e1rga arany ...\",\"breadcrumb\":{\"@id\":\"https:\\\/\\\/brillancy.hu\\\/product\\\/pissarro-arany-gyuru\\\/#breadcrumb\"},\"inLanguage\":\"en-GB\",\"potentialAction\":[{\"@type\":\"ReadAction\",\"target\":[\"https:\\\/\\\/brillancy.hu\\\/product\\\/pissarro-arany-gyuru\\\/\"]}]},{\"@type\":\"ImageObject\",\"inLanguage\":\"en-GB\",\"@id\":\"https:\\\/\\\/brillancy.hu\\\/product\\\/pissarro-arany-gyuru\\\/#primaryimage\",\"url\":\"https:\\\/\\\/brillancy.hu\\\/wp-content\\\/uploads\\\/2025\\\/01\\\/pisarro.png\",\"contentUrl\":\"https:\\\/\\\/brillancy.hu\\\/wp-content\\\/uploads\\\/2025\\\/01\\\/pisarro.png\",\"width\":1024,\"height\":1024,\"caption\":\"Pissarro Arany gy\u0171r\u0171\"},{\"@type\":\"BreadcrumbList\",\"@id\":\"https:\\\/\\\/brillancy.hu\\\/product\\\/pissarro-arany-gyuru\\\/#breadcrumb\",\"itemListElement\":[{\"@type\":\"ListItem\",\"position\":1,\"name\":\"Home\",\"item\":\"https:\\\/\\\/brillancy.hu\\\/\"},{\"@type\":\"ListItem\",\"position\":2,\"name\":\"Term\u00e9kek\",\"item\":\"https:\\\/\\\/brillancy.hu\\\/termekek\\\/\"},{\"@type\":\"ListItem\",\"position\":3,\"name\":\"Pissarro Arany gy\u0171r\u0171\"}]},{\"@type\":\"WebSite\",\"@id\":\"https:\\\/\\\/brillancy.hu\\\/#website\",\"url\":\"https:\\\/\\\/brillancy.hu\\\/\",\"name\":\"Brillancy\",\"description\":\"\",\"potentialAction\":[{\"@type\":\"SearchAction\",\"target\":{\"@type\":\"EntryPoint\",\"urlTemplate\":\"https:\\\/\\\/brillancy.hu\\\/?s={search_term_string}\"},\"query-input\":{\"@type\":\"PropertyValueSpecification\",\"valueRequired\":true,\"valueName\":\"search_term_string\"}}],\"inLanguage\":\"en-GB\"}]}<\/script>\n<!-- \/ Yoast SEO Premium plugin. -->","yoast_head_json":{"title":"Pissarro Arany gy\u0171r\u0171 - Brillancy","description":"Pissarro Arany gy\u0171r\u0171 - A tervez\u0151 aj\u00e1nl\u00e1sa: Pissarro arany gy\u0171r\u0171: Rendk\u00edv\u00fcl eleg\u00e1ns, klasszikus fazon\u00fa\u00a014 kar\u00e1tos s\u00e1rga arany ...","robots":{"index":"index","follow":"follow","max-snippet":"max-snippet:-1","max-image-preview":"max-image-preview:large","max-video-preview":"max-video-preview:-1"},"canonical":"https:\/\/brillancy.hu\/en\/product\/pissarro-arany-gyuru\/","og_locale":"en_GB","og_type":"article","og_title":"Pissarro Arany gy\u0171r\u0171","og_description":"Pissarro Arany gy\u0171r\u0171 - A tervez\u0151 aj\u00e1nl\u00e1sa: Pissarro arany gy\u0171r\u0171: Rendk\u00edv\u00fcl eleg\u00e1ns, klasszikus fazon\u00fa\u00a014 kar\u00e1tos s\u00e1rga arany ...","og_url":"https:\/\/brillancy.hu\/en\/product\/pissarro-arany-gyuru\/","og_site_name":"Brillancy","article_modified_time":"2025-11-04T11:49:06+00:00","og_image":[{"width":1024,"height":1024,"url":"https:\/\/brillancy.hu\/wp-content\/uploads\/2025\/01\/pisarro.png","type":"image\/png"}],"twitter_card":"summary_large_image","twitter_misc":{"Estimated reading time":"2 minutes"},"schema":{"@context":"https:\/\/schema.org","@graph":[{"@type":"WebPage","@id":"https:\/\/brillancy.hu\/product\/pissarro-arany-gyuru\/","url":"https:\/\/brillancy.hu\/product\/pissarro-arany-gyuru\/","name":"Pissarro Arany gy\u0171r\u0171 - Brillancy","isPartOf":{"@id":"https:\/\/brillancy.hu\/#website"},"primaryImageOfPage":{"@id":"https:\/\/brillancy.hu\/product\/pissarro-arany-gyuru\/#primaryimage"},"image":{"@id":"https:\/\/brillancy.hu\/product\/pissarro-arany-gyuru\/#primaryimage"},"thumbnailUrl":"https:\/\/brillancy.hu\/wp-content\/uploads\/2025\/01\/pisarro.png","datePublished":"2025-01-31T17:22:02+00:00","dateModified":"2025-11-04T11:49:06+00:00","description":"Pissarro Arany gy\u0171r\u0171 - A tervez\u0151 aj\u00e1nl\u00e1sa: Pissarro arany gy\u0171r\u0171: Rendk\u00edv\u00fcl eleg\u00e1ns, klasszikus fazon\u00fa\u00a014 kar\u00e1tos s\u00e1rga arany ...","breadcrumb":{"@id":"https:\/\/brillancy.hu\/product\/pissarro-arany-gyuru\/#breadcrumb"},"inLanguage":"en-GB","potentialAction":[{"@type":"ReadAction","target":["https:\/\/brillancy.hu\/product\/pissarro-arany-gyuru\/"]}]},{"@type":"ImageObject","inLanguage":"en-GB","@id":"https:\/\/brillancy.hu\/product\/pissarro-arany-gyuru\/#primaryimage","url":"https:\/\/brillancy.hu\/wp-content\/uploads\/2025\/01\/pisarro.png","contentUrl":"https:\/\/brillancy.hu\/wp-content\/uploads\/2025\/01\/pisarro.png","width":1024,"height":1024,"caption":"Pissarro Arany gy\u0171r\u0171"},{"@type":"BreadcrumbList","@id":"https:\/\/brillancy.hu\/product\/pissarro-arany-gyuru\/#breadcrumb","itemListElement":[{"@type":"ListItem","position":1,"name":"Home","item":"https:\/\/brillancy.hu\/"},{"@type":"ListItem","position":2,"name":"Term\u00e9kek","item":"https:\/\/brillancy.hu\/termekek\/"},{"@type":"ListItem","position":3,"name":"Pissarro Arany gy\u0171r\u0171"}]},{"@type":"WebSite","@id":"https:\/\/brillancy.hu\/#website","url":"https:\/\/brillancy.hu\/","name":"Brillancy","description":"","potentialAction":[{"@type":"SearchAction","target":{"@type":"EntryPoint","urlTemplate":"https:\/\/brillancy.hu\/?s={search_term_string}"},"query-input":{"@type":"PropertyValueSpecification","valueRequired":true,"valueName":"search_term_string"}}],"inLanguage":"en-GB"}]}},"_links":{"self":[{"href":"https:\/\/brillancy.hu\/en\/wp-json\/wp\/v2\/product\/6490","targetHints":{"allow":["GET"]}}],"collection":[{"href":"https:\/\/brillancy.hu\/en\/wp-json\/wp\/v2\/product"}],"about":[{"href":"https:\/\/brillancy.hu\/en\/wp-json\/wp\/v2\/types\/product"}],"replies":[{"embeddable":true,"href":"https:\/\/brillancy.hu\/en\/wp-json\/wp\/v2\/comments?post=6490"}],"wp:featuredmedia":[{"embeddable":true,"href":"https:\/\/brillancy.hu\/en\/wp-json\/wp\/v2\/media\/11308"}],"wp:attachment":[{"href":"https:\/\/brillancy.hu\/en\/wp-json\/wp\/v2\/media?parent=6490"}],"wp:term":[{"taxonomy":"product_brand","embeddable":true,"href":"https:\/\/brillancy.hu\/en\/wp-json\/wp\/v2\/product_brand?post=6490"},{"taxonomy":"product_cat","embeddable":true,"href":"https:\/\/brillancy.hu\/en\/wp-json\/wp\/v2\/product_cat?post=6490"},{"taxonomy":"product_tag","embeddable":true,"href":"https:\/\/brillancy.hu\/en\/wp-json\/wp\/v2\/product_tag?post=6490"}],"curies":[{"name":"wp","href":"https:\/\/api.w.org\/{rel}","templated":true}]}}