{"id":6455,"date":"2025-01-31T18:21:40","date_gmt":"2025-01-31T17:21:40","guid":{"rendered":"https:\/\/brillancy.hu\/?post_type=product&#038;p=6455"},"modified":"2025-10-17T10:56:16","modified_gmt":"2025-10-17T09:56:16","slug":"soraya-rubin-eljegyzesi-gyuru","status":"publish","type":"product","link":"https:\/\/brillancy.hu\/en\/product\/soraya-rubin-eljegyzesi-gyuru\/","title":{"rendered":"Soraya ruby engagement ring"},"content":{"rendered":"<p><strong>Soraya ruby engagement ring<\/strong><\/p>\n<p><strong>Designer&#039;s recommendation:<\/strong><\/p>\n<p>Classic form <strong>14 karat gold engagement ring<\/strong>, lascivious wild<strong> red tangerine<\/strong> created by. Elegant in design, the six-clawed slot securely holds your charming<strong> brilliant csizol\u00e1s\u00fa 0,20 ct of rubies.<\/strong> The slightly convex gy\u0171r\u0171s\u00edn in the middle wider, down and up, and it gets smaller, and the soft curves of as a bridge connected to the socket. This design, which is perfect for smooth transition with consistency creates a wider and narrower forms are among the highlights of the gems shining beauty. Recommended for those ladies who have this exceptional design ensures rugged and at the same time graceful ring you want to wear, love the clean lines of a world of jewelry and the rebellious elegance.<\/p>\n<ul>\n<li><strong>Material:<\/strong>\u00a0gold<\/li>\n<li><strong>Fineness<\/strong>: 585 thousandth, 14 carat<\/li>\n<li><strong>Gemstone<\/strong>: brilliant cut rubies<\/li>\n<\/ul>\n<p>&nbsp;<\/p>\n<p><strong>Eternal life guarantee:<\/strong>\u00a0the jewelry structure of the material errors and gems<\/p>\n<p><strong>Free renewal:<\/strong>\u00a0We take your engagement ring free scratch-free sales of and purification of five times (once a year) the purchase within five years.<\/p>\n<p><strong>Free size adjustment:\u00a0<\/strong>If you haven&#039;t found the correct size, we will take the ring free size adjustments.<\/p>\n<p><strong>Gift box:\u00a0<\/strong>The ring is a gift in the box set, and several kinds of colors You can pick out!<\/p>\n<p><strong>Pay scrap gold<\/strong>\u00a0Damaged, old, or never used gold hiding at home in the cupboards? Bring it in to us and high count For the selected engagement ring price.<\/p>\n<p><strong>I like the Soraya ruby engagement ring, but a different size<\/strong><strong>maybe a different color gems did you imagine it? It&#039;s not a problem. We like to give an offer to the expected ideas. Find us confidence on the phone +36 30 539 1179 number, or the\u00a0<\/strong><a href=\"mailto:info@brillancy.hu\"><strong>info@brillancy.hu<\/strong><\/a><strong>\u00a0e-mail address.<\/strong><\/p>","protected":false},"excerpt":{"rendered":"<p>Soraya ruby engagement ring: Classic shaped 14 karat gold engagement ring, lascivious wild red tangerine built.<\/p>","protected":false},"featured_media":11491,"comment_status":"closed","ping_status":"closed","template":"","meta":[],"product_brand":[],"product_cat":[35,17,22,33,44],"product_tag":[],"class_list":{"0":"post-6455","1":"product","2":"type-product","3":"status-publish","4":"has-post-thumbnail","6":"product_cat-egykoves","7":"product_cat-eljegyzesi-gyuruk","8":"product_cat-kerek","9":"product_cat-klasszikus","10":"product_cat-rubin","12":"first","13":"instock","14":"purchasable","15":"product-type-simple"},"yoast_head":"<!-- This site is optimized with the Yoast SEO Premium plugin v27.0 (Yoast SEO v27.0) - https:\/\/yoast.com\/product\/yoast-seo-premium-wordpress\/ -->\n<title>Soraya rubin eljegyz\u00e9si gy\u0171r\u0171 - Brillancy<\/title>\n<meta name=\"description\" content=\"Soraya rubin eljegyz\u00e9si gy\u0171r\u0171: A klasszikus form\u00e1j\u00fa 14 kar\u00e1tos arany eljegyz\u00e9si gy\u0171r\u0171, \u00e9rz\u00e9kien vad v\u00f6r\u00f6s rubinnal megalkotva.\" \/>\n<meta name=\"robots\" content=\"index, follow, max-snippet:-1, max-image-preview:large, max-video-preview:-1\" \/>\n<link rel=\"canonical\" href=\"https:\/\/brillancy.hu\/en\/product\/soraya-rubin-eljegyzesi-gyuru\/\" \/>\n<meta property=\"og:locale\" content=\"en_GB\" \/>\n<meta property=\"og:type\" content=\"article\" \/>\n<meta property=\"og:title\" content=\"Soraya rubin eljegyz\u00e9si gy\u0171r\u0171\" \/>\n<meta property=\"og:description\" content=\"Soraya rubin eljegyz\u00e9si gy\u0171r\u0171: A klasszikus form\u00e1j\u00fa 14 kar\u00e1tos arany eljegyz\u00e9si gy\u0171r\u0171, \u00e9rz\u00e9kien vad v\u00f6r\u00f6s rubinnal megalkotva.\" \/>\n<meta property=\"og:url\" content=\"https:\/\/brillancy.hu\/en\/product\/soraya-rubin-eljegyzesi-gyuru\/\" \/>\n<meta property=\"og:site_name\" content=\"Brillancy\" \/>\n<meta property=\"article:modified_time\" content=\"2025-10-17T09:56:16+00:00\" \/>\n<meta property=\"og:image\" content=\"https:\/\/brillancy.hu\/wp-content\/uploads\/2025\/01\/soraya.png\" \/>\n\t<meta property=\"og:image:width\" content=\"1024\" \/>\n\t<meta property=\"og:image:height\" content=\"1024\" \/>\n\t<meta property=\"og:image:type\" content=\"image\/png\" \/>\n<meta name=\"twitter:card\" content=\"summary_large_image\" \/>\n<meta name=\"twitter:label1\" content=\"Estimated reading time\" \/>\n\t<meta name=\"twitter:data1\" content=\"2 minutes\" \/>\n<script type=\"application\/ld+json\" class=\"yoast-schema-graph\">{\"@context\":\"https:\/\/schema.org\",\"@graph\":[{\"@type\":\"WebPage\",\"@id\":\"https:\/\/brillancy.hu\/product\/soraya-rubin-eljegyzesi-gyuru\/\",\"url\":\"https:\/\/brillancy.hu\/product\/soraya-rubin-eljegyzesi-gyuru\/\",\"name\":\"Soraya rubin eljegyz\u00e9si gy\u0171r\u0171 - Brillancy\",\"isPartOf\":{\"@id\":\"https:\/\/brillancy.hu\/#website\"},\"primaryImageOfPage\":{\"@id\":\"https:\/\/brillancy.hu\/product\/soraya-rubin-eljegyzesi-gyuru\/#primaryimage\"},\"image\":{\"@id\":\"https:\/\/brillancy.hu\/product\/soraya-rubin-eljegyzesi-gyuru\/#primaryimage\"},\"thumbnailUrl\":\"https:\/\/brillancy.hu\/wp-content\/uploads\/2025\/01\/soraya.png\",\"datePublished\":\"2025-01-31T17:21:40+00:00\",\"dateModified\":\"2025-10-17T09:56:16+00:00\",\"description\":\"Soraya rubin eljegyz\u00e9si gy\u0171r\u0171: A klasszikus form\u00e1j\u00fa 14 kar\u00e1tos arany eljegyz\u00e9si gy\u0171r\u0171, \u00e9rz\u00e9kien vad v\u00f6r\u00f6s rubinnal megalkotva.\",\"breadcrumb\":{\"@id\":\"https:\/\/brillancy.hu\/product\/soraya-rubin-eljegyzesi-gyuru\/#breadcrumb\"},\"inLanguage\":\"en-GB\",\"potentialAction\":[{\"@type\":\"ReadAction\",\"target\":[\"https:\/\/brillancy.hu\/product\/soraya-rubin-eljegyzesi-gyuru\/\"]}]},{\"@type\":\"ImageObject\",\"inLanguage\":\"en-GB\",\"@id\":\"https:\/\/brillancy.hu\/product\/soraya-rubin-eljegyzesi-gyuru\/#primaryimage\",\"url\":\"https:\/\/brillancy.hu\/wp-content\/uploads\/2025\/01\/soraya.png\",\"contentUrl\":\"https:\/\/brillancy.hu\/wp-content\/uploads\/2025\/01\/soraya.png\",\"width\":1024,\"height\":1024,\"caption\":\"Soraya rubin eljegyz\u00e9si gy\u0171r\u0171\"},{\"@type\":\"BreadcrumbList\",\"@id\":\"https:\/\/brillancy.hu\/product\/soraya-rubin-eljegyzesi-gyuru\/#breadcrumb\",\"itemListElement\":[{\"@type\":\"ListItem\",\"position\":1,\"name\":\"Home\",\"item\":\"https:\/\/brillancy.hu\/\"},{\"@type\":\"ListItem\",\"position\":2,\"name\":\"Term\u00e9kek\",\"item\":\"https:\/\/brillancy.hu\/termekek\/\"},{\"@type\":\"ListItem\",\"position\":3,\"name\":\"Soraya rubin eljegyz\u00e9si gy\u0171r\u0171\"}]},{\"@type\":\"WebSite\",\"@id\":\"https:\/\/brillancy.hu\/#website\",\"url\":\"https:\/\/brillancy.hu\/\",\"name\":\"Brillancy\",\"description\":\"\",\"potentialAction\":[{\"@type\":\"SearchAction\",\"target\":{\"@type\":\"EntryPoint\",\"urlTemplate\":\"https:\/\/brillancy.hu\/?s={search_term_string}\"},\"query-input\":{\"@type\":\"PropertyValueSpecification\",\"valueRequired\":true,\"valueName\":\"search_term_string\"}}],\"inLanguage\":\"en-GB\"}]}<\/script>\n<!-- \/ Yoast SEO Premium plugin. -->","yoast_head_json":{"title":"Soraya rubin eljegyz\u00e9si gy\u0171r\u0171 - Brillancy","description":"Soraya rubin eljegyz\u00e9si gy\u0171r\u0171: A klasszikus form\u00e1j\u00fa 14 kar\u00e1tos arany eljegyz\u00e9si gy\u0171r\u0171, \u00e9rz\u00e9kien vad v\u00f6r\u00f6s rubinnal megalkotva.","robots":{"index":"index","follow":"follow","max-snippet":"max-snippet:-1","max-image-preview":"max-image-preview:large","max-video-preview":"max-video-preview:-1"},"canonical":"https:\/\/brillancy.hu\/en\/product\/soraya-rubin-eljegyzesi-gyuru\/","og_locale":"en_GB","og_type":"article","og_title":"Soraya rubin eljegyz\u00e9si gy\u0171r\u0171","og_description":"Soraya rubin eljegyz\u00e9si gy\u0171r\u0171: A klasszikus form\u00e1j\u00fa 14 kar\u00e1tos arany eljegyz\u00e9si gy\u0171r\u0171, \u00e9rz\u00e9kien vad v\u00f6r\u00f6s rubinnal megalkotva.","og_url":"https:\/\/brillancy.hu\/en\/product\/soraya-rubin-eljegyzesi-gyuru\/","og_site_name":"Brillancy","article_modified_time":"2025-10-17T09:56:16+00:00","og_image":[{"width":1024,"height":1024,"url":"https:\/\/brillancy.hu\/wp-content\/uploads\/2025\/01\/soraya.png","type":"image\/png"}],"twitter_card":"summary_large_image","twitter_misc":{"Estimated reading time":"2 minutes"},"schema":{"@context":"https:\/\/schema.org","@graph":[{"@type":"WebPage","@id":"https:\/\/brillancy.hu\/product\/soraya-rubin-eljegyzesi-gyuru\/","url":"https:\/\/brillancy.hu\/product\/soraya-rubin-eljegyzesi-gyuru\/","name":"Soraya rubin eljegyz\u00e9si gy\u0171r\u0171 - Brillancy","isPartOf":{"@id":"https:\/\/brillancy.hu\/#website"},"primaryImageOfPage":{"@id":"https:\/\/brillancy.hu\/product\/soraya-rubin-eljegyzesi-gyuru\/#primaryimage"},"image":{"@id":"https:\/\/brillancy.hu\/product\/soraya-rubin-eljegyzesi-gyuru\/#primaryimage"},"thumbnailUrl":"https:\/\/brillancy.hu\/wp-content\/uploads\/2025\/01\/soraya.png","datePublished":"2025-01-31T17:21:40+00:00","dateModified":"2025-10-17T09:56:16+00:00","description":"Soraya rubin eljegyz\u00e9si gy\u0171r\u0171: A klasszikus form\u00e1j\u00fa 14 kar\u00e1tos arany eljegyz\u00e9si gy\u0171r\u0171, \u00e9rz\u00e9kien vad v\u00f6r\u00f6s rubinnal megalkotva.","breadcrumb":{"@id":"https:\/\/brillancy.hu\/product\/soraya-rubin-eljegyzesi-gyuru\/#breadcrumb"},"inLanguage":"en-GB","potentialAction":[{"@type":"ReadAction","target":["https:\/\/brillancy.hu\/product\/soraya-rubin-eljegyzesi-gyuru\/"]}]},{"@type":"ImageObject","inLanguage":"en-GB","@id":"https:\/\/brillancy.hu\/product\/soraya-rubin-eljegyzesi-gyuru\/#primaryimage","url":"https:\/\/brillancy.hu\/wp-content\/uploads\/2025\/01\/soraya.png","contentUrl":"https:\/\/brillancy.hu\/wp-content\/uploads\/2025\/01\/soraya.png","width":1024,"height":1024,"caption":"Soraya rubin eljegyz\u00e9si gy\u0171r\u0171"},{"@type":"BreadcrumbList","@id":"https:\/\/brillancy.hu\/product\/soraya-rubin-eljegyzesi-gyuru\/#breadcrumb","itemListElement":[{"@type":"ListItem","position":1,"name":"Home","item":"https:\/\/brillancy.hu\/"},{"@type":"ListItem","position":2,"name":"Term\u00e9kek","item":"https:\/\/brillancy.hu\/termekek\/"},{"@type":"ListItem","position":3,"name":"Soraya rubin eljegyz\u00e9si gy\u0171r\u0171"}]},{"@type":"WebSite","@id":"https:\/\/brillancy.hu\/#website","url":"https:\/\/brillancy.hu\/","name":"Brillancy","description":"","potentialAction":[{"@type":"SearchAction","target":{"@type":"EntryPoint","urlTemplate":"https:\/\/brillancy.hu\/?s={search_term_string}"},"query-input":{"@type":"PropertyValueSpecification","valueRequired":true,"valueName":"search_term_string"}}],"inLanguage":"en-GB"}]}},"_links":{"self":[{"href":"https:\/\/brillancy.hu\/en\/wp-json\/wp\/v2\/product\/6455","targetHints":{"allow":["GET"]}}],"collection":[{"href":"https:\/\/brillancy.hu\/en\/wp-json\/wp\/v2\/product"}],"about":[{"href":"https:\/\/brillancy.hu\/en\/wp-json\/wp\/v2\/types\/product"}],"replies":[{"embeddable":true,"href":"https:\/\/brillancy.hu\/en\/wp-json\/wp\/v2\/comments?post=6455"}],"wp:featuredmedia":[{"embeddable":true,"href":"https:\/\/brillancy.hu\/en\/wp-json\/wp\/v2\/media\/11491"}],"wp:attachment":[{"href":"https:\/\/brillancy.hu\/en\/wp-json\/wp\/v2\/media?parent=6455"}],"wp:term":[{"taxonomy":"product_brand","embeddable":true,"href":"https:\/\/brillancy.hu\/en\/wp-json\/wp\/v2\/product_brand?post=6455"},{"taxonomy":"product_cat","embeddable":true,"href":"https:\/\/brillancy.hu\/en\/wp-json\/wp\/v2\/product_cat?post=6455"},{"taxonomy":"product_tag","embeddable":true,"href":"https:\/\/brillancy.hu\/en\/wp-json\/wp\/v2\/product_tag?post=6455"}],"curies":[{"name":"wp","href":"https:\/\/api.w.org\/{rel}","templated":true}]}}