{"id":6451,"date":"2025-01-31T18:21:40","date_gmt":"2025-01-31T17:21:40","guid":{"rendered":"https:\/\/brillancy.hu\/?post_type=product&#038;p=6451"},"modified":"2025-11-11T15:10:38","modified_gmt":"2025-11-11T14:10:38","slug":"monet-arany-gyuru","status":"publish","type":"product","link":"https:\/\/brillancy.hu\/en\/product\/monet-arany-gyuru\/","title":{"rendered":"Monet Gold ring"},"content":{"rendered":"<p>Monet Gold ring<\/p>\n<p><strong>Monet gold ring:<\/strong>\u00a0The classic style is representative of this\u00a0<strong>14-karat yellow gold engagement ring<\/strong>.\u00a0<strong>Elegant in design, the six-clawed slot securely holds the sparkling brilliant cut, 0,17 ct-os, 3.5 mm-diameter natural diamond.<\/strong> Az enyh\u00e9n dombor\u00fa gy\u0171r\u0171s\u00edn k\u00f6z\u00e9pen sz\u00e9lesebb, az als\u00f3 r\u00e9szen \u00e9s a foglalat fel\u00e9 pedig keskenyedik, majd l\u00e1gyan \u00edvel\u0151 h\u00eddk\u00e9nt kapcsol\u00f3dik a foglalathoz.<\/p>\n<p>Ez a kialak\u00edt\u00e1s, mely t\u00f6k\u00e9letes, finom \u00e1tmenettel \u00f6sszhangot teremt a sz\u00e9lesebb \u00e9s keskenyebb form\u00e1k k\u00f6z\u00f6tt, kiemeli a gy\u00e9m\u00e1nt ragyog\u00f3 sz\u00e9ps\u00e9g\u00e9t. Aj\u00e1nljuk azoknak a h\u00f6lgyeknek, akik ennek a kiv\u00e9teles megjelen\u00e9snek k\u00f6sz\u00f6nhet\u0151en massz\u00edv \u00e9s egyszerre kecses gy\u0171r\u0171t szeretn\u00e9nek viselni, szeretik a letisztult formavil\u00e1g\u00fa \u00e9kszereket \u00e9s az eleganci\u00e1t.<\/p>\n<ul>\n<li><strong>Material:<\/strong>\u00a0gold<\/li>\n<li><strong>Fineness<\/strong>: 585 thousandth, 14 carat<\/li>\n<li><strong>Gemstone<\/strong>: brilliant cut natural diamonds<\/li>\n<li><strong>Eternal life guarantee:<\/strong>\u00a0the jewelry structure of the material errors and gems<\/li>\n<\/ul>\n<p><strong>Free renewal:<\/strong>\u00a0We take the we have prepared gold ring free scratch-free sales of and purification of five times (once a year) the purchase within five years.<\/p>\n<p><strong>Free size adjustment:\u00a0<\/strong>If you haven&#039;t found the correct size, we will take the ring free size adjustments.<\/p>\n<p><strong>Gift box:\u00a0<\/strong>The ring is a gift in the box set, and several kinds of colors You can pick out!<\/p>\n<p><strong>Pay scrap gold<\/strong>\u00a0Damaged, old, or never used gold hiding at home in the cupboards? Bring it in to us and high count For the selected gold ring price.<\/p>\n<p><strong>I like the gold ring, but a different size diamonds, or colorful gems did you imagine it? It&#039;s not a problem. We like to give an offer to the expected ideas. Find us confidence on the phone +36 30 539 1179 number, or the\u00a0<\/strong><a href=\"mailto:info@brillancy.hu\"><strong>info@brillancy.hu<\/strong><\/a><strong>\u00a0e-mail address.<\/strong><\/p>","protected":false},"excerpt":{"rendered":"<p>Monet gold ring with diamonds \u2013 Classic elegant Hand \u2013 made, unique gold ring, the Brillance jewelry manufactory offer \u2013 reasonable price, eternal life guarantee<\/p>","protected":false},"featured_media":6546,"comment_status":"closed","ping_status":"closed","template":"","meta":[],"product_brand":[],"product_cat":[35,17,39,22,33],"product_tag":[],"class_list":{"0":"post-6451","1":"product","2":"type-product","3":"status-publish","4":"has-post-thumbnail","6":"product_cat-egykoves","7":"product_cat-eljegyzesi-gyuruk","8":"product_cat-gyemant","9":"product_cat-kerek","10":"product_cat-klasszikus","12":"first","13":"instock","14":"purchasable","15":"product-type-simple"},"yoast_head":"<!-- This site is optimized with the Yoast SEO Premium plugin v27.0 (Yoast SEO v27.4) - https:\/\/yoast.com\/product\/yoast-seo-premium-wordpress\/ -->\n<title>Monet Arany gy\u0171r\u0171 - Brillancy<\/title>\n<meta name=\"description\" content=\"Monet Arany gy\u0171r\u0171 - A tervez\u0151 aj\u00e1nl\u00e1sa: Monet arany gy\u0171r\u0171:\u00a0A klasszikus st\u00edlus k\u00e9pvisel\u0151je ez a\u00a014 kar\u00e1tos s\u00e1rga arany eljegy...\" \/>\n<meta name=\"robots\" content=\"index, follow, max-snippet:-1, max-image-preview:large, max-video-preview:-1\" \/>\n<link rel=\"canonical\" href=\"https:\/\/brillancy.hu\/en\/product\/monet-arany-gyuru\/\" \/>\n<meta property=\"og:locale\" content=\"en_GB\" \/>\n<meta property=\"og:type\" content=\"article\" \/>\n<meta property=\"og:title\" content=\"Monet Arany gy\u0171r\u0171\" \/>\n<meta property=\"og:description\" content=\"Monet Arany gy\u0171r\u0171 - A tervez\u0151 aj\u00e1nl\u00e1sa: Monet arany gy\u0171r\u0171:\u00a0A klasszikus st\u00edlus k\u00e9pvisel\u0151je ez a\u00a014 kar\u00e1tos s\u00e1rga arany eljegy...\" \/>\n<meta property=\"og:url\" content=\"https:\/\/brillancy.hu\/en\/product\/monet-arany-gyuru\/\" \/>\n<meta property=\"og:site_name\" content=\"Brillancy\" \/>\n<meta property=\"article:modified_time\" content=\"2025-11-11T14:10:38+00:00\" \/>\n<meta property=\"og:image\" content=\"https:\/\/brillancy.hu\/wp-content\/uploads\/2025\/01\/Monet-Arany-gyuru-allo.jpg\" \/>\n\t<meta property=\"og:image:width\" content=\"640\" \/>\n\t<meta property=\"og:image:height\" content=\"480\" \/>\n\t<meta property=\"og:image:type\" content=\"image\/jpeg\" \/>\n<meta name=\"twitter:card\" content=\"summary_large_image\" \/>\n<meta name=\"twitter:label1\" content=\"Estimated reading time\" \/>\n\t<meta name=\"twitter:data1\" content=\"2 minutes\" \/>\n<script type=\"application\/ld+json\" class=\"yoast-schema-graph\">{\"@context\":\"https:\\\/\\\/schema.org\",\"@graph\":[{\"@type\":\"WebPage\",\"@id\":\"https:\\\/\\\/brillancy.hu\\\/product\\\/monet-arany-gyuru\\\/\",\"url\":\"https:\\\/\\\/brillancy.hu\\\/product\\\/monet-arany-gyuru\\\/\",\"name\":\"Monet Arany gy\u0171r\u0171 - Brillancy\",\"isPartOf\":{\"@id\":\"https:\\\/\\\/brillancy.hu\\\/#website\"},\"primaryImageOfPage\":{\"@id\":\"https:\\\/\\\/brillancy.hu\\\/product\\\/monet-arany-gyuru\\\/#primaryimage\"},\"image\":{\"@id\":\"https:\\\/\\\/brillancy.hu\\\/product\\\/monet-arany-gyuru\\\/#primaryimage\"},\"thumbnailUrl\":\"https:\\\/\\\/brillancy.hu\\\/wp-content\\\/uploads\\\/2025\\\/01\\\/Monet-Arany-gyuru-allo.jpg\",\"datePublished\":\"2025-01-31T17:21:40+00:00\",\"dateModified\":\"2025-11-11T14:10:38+00:00\",\"description\":\"Monet Arany gy\u0171r\u0171 - A tervez\u0151 aj\u00e1nl\u00e1sa: Monet arany gy\u0171r\u0171:\u00a0A klasszikus st\u00edlus k\u00e9pvisel\u0151je ez a\u00a014 kar\u00e1tos s\u00e1rga arany eljegy...\",\"breadcrumb\":{\"@id\":\"https:\\\/\\\/brillancy.hu\\\/product\\\/monet-arany-gyuru\\\/#breadcrumb\"},\"inLanguage\":\"en-GB\",\"potentialAction\":[{\"@type\":\"ReadAction\",\"target\":[\"https:\\\/\\\/brillancy.hu\\\/product\\\/monet-arany-gyuru\\\/\"]}]},{\"@type\":\"ImageObject\",\"inLanguage\":\"en-GB\",\"@id\":\"https:\\\/\\\/brillancy.hu\\\/product\\\/monet-arany-gyuru\\\/#primaryimage\",\"url\":\"https:\\\/\\\/brillancy.hu\\\/wp-content\\\/uploads\\\/2025\\\/01\\\/Monet-Arany-gyuru-allo.jpg\",\"contentUrl\":\"https:\\\/\\\/brillancy.hu\\\/wp-content\\\/uploads\\\/2025\\\/01\\\/Monet-Arany-gyuru-allo.jpg\",\"width\":640,\"height\":480,\"caption\":\"Monet Arany gy\u0171r\u0171\"},{\"@type\":\"BreadcrumbList\",\"@id\":\"https:\\\/\\\/brillancy.hu\\\/product\\\/monet-arany-gyuru\\\/#breadcrumb\",\"itemListElement\":[{\"@type\":\"ListItem\",\"position\":1,\"name\":\"Home\",\"item\":\"https:\\\/\\\/brillancy.hu\\\/\"},{\"@type\":\"ListItem\",\"position\":2,\"name\":\"Term\u00e9kek\",\"item\":\"https:\\\/\\\/brillancy.hu\\\/termekek\\\/\"},{\"@type\":\"ListItem\",\"position\":3,\"name\":\"Monet Arany gy\u0171r\u0171\"}]},{\"@type\":\"WebSite\",\"@id\":\"https:\\\/\\\/brillancy.hu\\\/#website\",\"url\":\"https:\\\/\\\/brillancy.hu\\\/\",\"name\":\"Brillancy\",\"description\":\"\",\"potentialAction\":[{\"@type\":\"SearchAction\",\"target\":{\"@type\":\"EntryPoint\",\"urlTemplate\":\"https:\\\/\\\/brillancy.hu\\\/?s={search_term_string}\"},\"query-input\":{\"@type\":\"PropertyValueSpecification\",\"valueRequired\":true,\"valueName\":\"search_term_string\"}}],\"inLanguage\":\"en-GB\"}]}<\/script>\n<!-- \/ Yoast SEO Premium plugin. -->","yoast_head_json":{"title":"Monet Arany gy\u0171r\u0171 - Brillancy","description":"Monet Arany gy\u0171r\u0171 - A tervez\u0151 aj\u00e1nl\u00e1sa: Monet arany gy\u0171r\u0171:\u00a0A klasszikus st\u00edlus k\u00e9pvisel\u0151je ez a\u00a014 kar\u00e1tos s\u00e1rga arany eljegy...","robots":{"index":"index","follow":"follow","max-snippet":"max-snippet:-1","max-image-preview":"max-image-preview:large","max-video-preview":"max-video-preview:-1"},"canonical":"https:\/\/brillancy.hu\/en\/product\/monet-arany-gyuru\/","og_locale":"en_GB","og_type":"article","og_title":"Monet Arany gy\u0171r\u0171","og_description":"Monet Arany gy\u0171r\u0171 - A tervez\u0151 aj\u00e1nl\u00e1sa: Monet arany gy\u0171r\u0171:\u00a0A klasszikus st\u00edlus k\u00e9pvisel\u0151je ez a\u00a014 kar\u00e1tos s\u00e1rga arany eljegy...","og_url":"https:\/\/brillancy.hu\/en\/product\/monet-arany-gyuru\/","og_site_name":"Brillancy","article_modified_time":"2025-11-11T14:10:38+00:00","og_image":[{"width":640,"height":480,"url":"https:\/\/brillancy.hu\/wp-content\/uploads\/2025\/01\/Monet-Arany-gyuru-allo.jpg","type":"image\/jpeg"}],"twitter_card":"summary_large_image","twitter_misc":{"Estimated reading time":"2 minutes"},"schema":{"@context":"https:\/\/schema.org","@graph":[{"@type":"WebPage","@id":"https:\/\/brillancy.hu\/product\/monet-arany-gyuru\/","url":"https:\/\/brillancy.hu\/product\/monet-arany-gyuru\/","name":"Monet Arany gy\u0171r\u0171 - Brillancy","isPartOf":{"@id":"https:\/\/brillancy.hu\/#website"},"primaryImageOfPage":{"@id":"https:\/\/brillancy.hu\/product\/monet-arany-gyuru\/#primaryimage"},"image":{"@id":"https:\/\/brillancy.hu\/product\/monet-arany-gyuru\/#primaryimage"},"thumbnailUrl":"https:\/\/brillancy.hu\/wp-content\/uploads\/2025\/01\/Monet-Arany-gyuru-allo.jpg","datePublished":"2025-01-31T17:21:40+00:00","dateModified":"2025-11-11T14:10:38+00:00","description":"Monet Arany gy\u0171r\u0171 - A tervez\u0151 aj\u00e1nl\u00e1sa: Monet arany gy\u0171r\u0171:\u00a0A klasszikus st\u00edlus k\u00e9pvisel\u0151je ez a\u00a014 kar\u00e1tos s\u00e1rga arany eljegy...","breadcrumb":{"@id":"https:\/\/brillancy.hu\/product\/monet-arany-gyuru\/#breadcrumb"},"inLanguage":"en-GB","potentialAction":[{"@type":"ReadAction","target":["https:\/\/brillancy.hu\/product\/monet-arany-gyuru\/"]}]},{"@type":"ImageObject","inLanguage":"en-GB","@id":"https:\/\/brillancy.hu\/product\/monet-arany-gyuru\/#primaryimage","url":"https:\/\/brillancy.hu\/wp-content\/uploads\/2025\/01\/Monet-Arany-gyuru-allo.jpg","contentUrl":"https:\/\/brillancy.hu\/wp-content\/uploads\/2025\/01\/Monet-Arany-gyuru-allo.jpg","width":640,"height":480,"caption":"Monet Arany gy\u0171r\u0171"},{"@type":"BreadcrumbList","@id":"https:\/\/brillancy.hu\/product\/monet-arany-gyuru\/#breadcrumb","itemListElement":[{"@type":"ListItem","position":1,"name":"Home","item":"https:\/\/brillancy.hu\/"},{"@type":"ListItem","position":2,"name":"Term\u00e9kek","item":"https:\/\/brillancy.hu\/termekek\/"},{"@type":"ListItem","position":3,"name":"Monet Arany gy\u0171r\u0171"}]},{"@type":"WebSite","@id":"https:\/\/brillancy.hu\/#website","url":"https:\/\/brillancy.hu\/","name":"Brillancy","description":"","potentialAction":[{"@type":"SearchAction","target":{"@type":"EntryPoint","urlTemplate":"https:\/\/brillancy.hu\/?s={search_term_string}"},"query-input":{"@type":"PropertyValueSpecification","valueRequired":true,"valueName":"search_term_string"}}],"inLanguage":"en-GB"}]}},"_links":{"self":[{"href":"https:\/\/brillancy.hu\/en\/wp-json\/wp\/v2\/product\/6451","targetHints":{"allow":["GET"]}}],"collection":[{"href":"https:\/\/brillancy.hu\/en\/wp-json\/wp\/v2\/product"}],"about":[{"href":"https:\/\/brillancy.hu\/en\/wp-json\/wp\/v2\/types\/product"}],"replies":[{"embeddable":true,"href":"https:\/\/brillancy.hu\/en\/wp-json\/wp\/v2\/comments?post=6451"}],"wp:featuredmedia":[{"embeddable":true,"href":"https:\/\/brillancy.hu\/en\/wp-json\/wp\/v2\/media\/6546"}],"wp:attachment":[{"href":"https:\/\/brillancy.hu\/en\/wp-json\/wp\/v2\/media?parent=6451"}],"wp:term":[{"taxonomy":"product_brand","embeddable":true,"href":"https:\/\/brillancy.hu\/en\/wp-json\/wp\/v2\/product_brand?post=6451"},{"taxonomy":"product_cat","embeddable":true,"href":"https:\/\/brillancy.hu\/en\/wp-json\/wp\/v2\/product_cat?post=6451"},{"taxonomy":"product_tag","embeddable":true,"href":"https:\/\/brillancy.hu\/en\/wp-json\/wp\/v2\/product_tag?post=6451"}],"curies":[{"name":"wp","href":"https:\/\/api.w.org\/{rel}","templated":true}]}}