{"id":6449,"date":"2025-01-31T18:21:40","date_gmt":"2025-01-31T17:21:40","guid":{"rendered":"https:\/\/brillancy.hu\/?post_type=product&#038;p=6449"},"modified":"2025-10-17T10:56:16","modified_gmt":"2025-10-17T09:56:16","slug":"degas-arany-gyuru","status":"publish","type":"product","link":"https:\/\/brillancy.hu\/en\/product\/degas-arany-gyuru\/","title":{"rendered":"Degas Gold ring"},"content":{"rendered":"<p><strong>Degas arany gy\u0171r\u0171<\/strong><\/p>\n<p>Form of the classical style representative of this <strong>14-karat yellow gold engagement ring<\/strong>but the black color a little kac\u00e9rs\u00e1g also, we took the guise of.\u00a0<strong>Elegant in design, the six-clawed slot securely holds the brilliant cut, 0,17 ct-os, 3.5 mm-diameter black diamond.<\/strong><\/p>\n<p>The slightly convex gy\u0171r\u0171s\u00edn in the middle is wider at the bottom and toward the slot and it gets smaller, and the soft curves of as a bridge connected to the socket. This design, which is perfect for smooth transition with consistency creates a wider and narrower forms are among the highlights of the diamond&#039;s beauty. Recommended for those ladies who have this exceptional design, thanks to massive and at the same time graceful ring you want to wear, love the sleek jewelry and the non-everyday, more daring color world.<\/p>\n<ul>\n<li><strong>Material:<\/strong>\u00a0gold<\/li>\n<li><strong>Fineness<\/strong>: 585 thousandth, 14 carat<\/li>\n<li><strong>Gemstone<\/strong>: brilliant cut black diamonds<\/li>\n<li><strong>Eternal life guarantee:<\/strong>\u00a0the jewelry structure of the material errors and gems<\/li>\n<\/ul>\n<p><strong>Free renewal:<\/strong>\u00a0We take the we have prepared gold ring free scratch-free sales of and purification of five times (once a year) the purchase within five years.<\/p>\n<p><strong>Free size adjustment:\u00a0<\/strong>If you haven&#039;t found the correct size, we will take the ring free size adjustments.<\/p>\n<p><strong>Gift box:\u00a0<\/strong>The ring is a gift in the box set, and several kinds of colors You can pick out!<\/p>\n<p><strong>Pay scrap gold<\/strong>\u00a0Damaged, old, or never used gold hiding at home in the cupboards? Bring it in to us and high count For the selected gold ring price.<\/p>\n<p><strong>I like the gold ring, but a different size diamonds, or colorful gems did you imagine it? It&#039;s not a problem. We like to give an offer to the expected ideas. Find us confidence on the phone +36 30 539 1179 number, or the\u00a0<\/strong><a href=\"mailto:info@brillancy.hu\"><strong>info@brillancy.hu<\/strong><\/a><strong>\u00a0e-mail address.<\/strong><\/p>","protected":false},"excerpt":{"rendered":"<p>Degas gold ring with a black diamond \u2013 Classic elegant Hand \u2013 made, unique gold ring, the Brillance jewelry manufactory offer \u2013 reasonable price, eternal life guarantee<\/p>","protected":false},"featured_media":11915,"comment_status":"closed","ping_status":"closed","template":"","meta":[],"product_brand":[],"product_cat":[35,17,39,22,32],"product_tag":[],"class_list":{"0":"post-6449","1":"product","2":"type-product","3":"status-publish","4":"has-post-thumbnail","6":"product_cat-egykoves","7":"product_cat-eljegyzesi-gyuruk","8":"product_cat-gyemant","9":"product_cat-kerek","10":"product_cat-modern","12":"first","13":"instock","14":"purchasable","15":"product-type-simple"},"yoast_head":"<!-- This site is optimized with the Yoast SEO Premium plugin v27.0 (Yoast SEO v27.4) - https:\/\/yoast.com\/product\/yoast-seo-premium-wordpress\/ -->\n<title>Degas Arany gy\u0171r\u0171 - Brillancy<\/title>\n<meta name=\"description\" content=\"Degas Arany gy\u0171r\u0171 - A tervez\u0151 aj\u00e1nl\u00e1sa: Degas arany gy\u0171r\u0171: Form\u00e1ban a klasszikus st\u00edlus k\u00e9pvisel\u0151je ez a 14 kar\u00e1tos s\u00e1rga aran...\" \/>\n<meta name=\"robots\" content=\"index, follow, max-snippet:-1, max-image-preview:large, max-video-preview:-1\" \/>\n<link rel=\"canonical\" href=\"https:\/\/brillancy.hu\/en\/product\/degas-arany-gyuru\/\" \/>\n<meta property=\"og:locale\" content=\"en_GB\" \/>\n<meta property=\"og:type\" content=\"article\" \/>\n<meta property=\"og:title\" content=\"Degas Arany gy\u0171r\u0171\" \/>\n<meta property=\"og:description\" content=\"Degas Arany gy\u0171r\u0171 - A tervez\u0151 aj\u00e1nl\u00e1sa: Degas arany gy\u0171r\u0171: Form\u00e1ban a klasszikus st\u00edlus k\u00e9pvisel\u0151je ez a 14 kar\u00e1tos s\u00e1rga aran...\" \/>\n<meta property=\"og:url\" content=\"https:\/\/brillancy.hu\/en\/product\/degas-arany-gyuru\/\" \/>\n<meta property=\"og:site_name\" content=\"Brillancy\" \/>\n<meta property=\"article:modified_time\" content=\"2025-10-17T09:56:16+00:00\" \/>\n<meta property=\"og:image\" content=\"https:\/\/brillancy.hu\/wp-content\/uploads\/2025\/01\/20250928_1207_Gyuru-feher-dobozban_remix_01k67wm05gfe2rrv3w0fr61v72.png\" \/>\n\t<meta property=\"og:image:width\" content=\"1024\" \/>\n\t<meta property=\"og:image:height\" content=\"1024\" \/>\n\t<meta property=\"og:image:type\" content=\"image\/png\" \/>\n<meta name=\"twitter:card\" content=\"summary_large_image\" \/>\n<meta name=\"twitter:label1\" content=\"Estimated reading time\" \/>\n\t<meta name=\"twitter:data1\" content=\"2 minutes\" \/>\n<script type=\"application\/ld+json\" class=\"yoast-schema-graph\">{\"@context\":\"https:\\\/\\\/schema.org\",\"@graph\":[{\"@type\":\"WebPage\",\"@id\":\"https:\\\/\\\/brillancy.hu\\\/product\\\/degas-arany-gyuru\\\/\",\"url\":\"https:\\\/\\\/brillancy.hu\\\/product\\\/degas-arany-gyuru\\\/\",\"name\":\"Degas Arany gy\u0171r\u0171 - Brillancy\",\"isPartOf\":{\"@id\":\"https:\\\/\\\/brillancy.hu\\\/#website\"},\"primaryImageOfPage\":{\"@id\":\"https:\\\/\\\/brillancy.hu\\\/product\\\/degas-arany-gyuru\\\/#primaryimage\"},\"image\":{\"@id\":\"https:\\\/\\\/brillancy.hu\\\/product\\\/degas-arany-gyuru\\\/#primaryimage\"},\"thumbnailUrl\":\"https:\\\/\\\/brillancy.hu\\\/wp-content\\\/uploads\\\/2025\\\/01\\\/20250928_1207_Gyuru-feher-dobozban_remix_01k67wm05gfe2rrv3w0fr61v72.png\",\"datePublished\":\"2025-01-31T17:21:40+00:00\",\"dateModified\":\"2025-10-17T09:56:16+00:00\",\"description\":\"Degas Arany gy\u0171r\u0171 - A tervez\u0151 aj\u00e1nl\u00e1sa: Degas arany gy\u0171r\u0171: Form\u00e1ban a klasszikus st\u00edlus k\u00e9pvisel\u0151je ez a 14 kar\u00e1tos s\u00e1rga aran...\",\"breadcrumb\":{\"@id\":\"https:\\\/\\\/brillancy.hu\\\/product\\\/degas-arany-gyuru\\\/#breadcrumb\"},\"inLanguage\":\"en-GB\",\"potentialAction\":[{\"@type\":\"ReadAction\",\"target\":[\"https:\\\/\\\/brillancy.hu\\\/product\\\/degas-arany-gyuru\\\/\"]}]},{\"@type\":\"ImageObject\",\"inLanguage\":\"en-GB\",\"@id\":\"https:\\\/\\\/brillancy.hu\\\/product\\\/degas-arany-gyuru\\\/#primaryimage\",\"url\":\"https:\\\/\\\/brillancy.hu\\\/wp-content\\\/uploads\\\/2025\\\/01\\\/20250928_1207_Gyuru-feher-dobozban_remix_01k67wm05gfe2rrv3w0fr61v72.png\",\"contentUrl\":\"https:\\\/\\\/brillancy.hu\\\/wp-content\\\/uploads\\\/2025\\\/01\\\/20250928_1207_Gyuru-feher-dobozban_remix_01k67wm05gfe2rrv3w0fr61v72.png\",\"width\":1024,\"height\":1024,\"caption\":\"Degas Arany gy\u0171r\u0171\"},{\"@type\":\"BreadcrumbList\",\"@id\":\"https:\\\/\\\/brillancy.hu\\\/product\\\/degas-arany-gyuru\\\/#breadcrumb\",\"itemListElement\":[{\"@type\":\"ListItem\",\"position\":1,\"name\":\"Home\",\"item\":\"https:\\\/\\\/brillancy.hu\\\/\"},{\"@type\":\"ListItem\",\"position\":2,\"name\":\"Term\u00e9kek\",\"item\":\"https:\\\/\\\/brillancy.hu\\\/termekek\\\/\"},{\"@type\":\"ListItem\",\"position\":3,\"name\":\"Degas Arany gy\u0171r\u0171\"}]},{\"@type\":\"WebSite\",\"@id\":\"https:\\\/\\\/brillancy.hu\\\/#website\",\"url\":\"https:\\\/\\\/brillancy.hu\\\/\",\"name\":\"Brillancy\",\"description\":\"\",\"potentialAction\":[{\"@type\":\"SearchAction\",\"target\":{\"@type\":\"EntryPoint\",\"urlTemplate\":\"https:\\\/\\\/brillancy.hu\\\/?s={search_term_string}\"},\"query-input\":{\"@type\":\"PropertyValueSpecification\",\"valueRequired\":true,\"valueName\":\"search_term_string\"}}],\"inLanguage\":\"en-GB\"}]}<\/script>\n<!-- \/ Yoast SEO Premium plugin. -->","yoast_head_json":{"title":"Degas Arany gy\u0171r\u0171 - Brillancy","description":"Degas Arany gy\u0171r\u0171 - A tervez\u0151 aj\u00e1nl\u00e1sa: Degas arany gy\u0171r\u0171: Form\u00e1ban a klasszikus st\u00edlus k\u00e9pvisel\u0151je ez a 14 kar\u00e1tos s\u00e1rga aran...","robots":{"index":"index","follow":"follow","max-snippet":"max-snippet:-1","max-image-preview":"max-image-preview:large","max-video-preview":"max-video-preview:-1"},"canonical":"https:\/\/brillancy.hu\/en\/product\/degas-arany-gyuru\/","og_locale":"en_GB","og_type":"article","og_title":"Degas Arany gy\u0171r\u0171","og_description":"Degas Arany gy\u0171r\u0171 - A tervez\u0151 aj\u00e1nl\u00e1sa: Degas arany gy\u0171r\u0171: Form\u00e1ban a klasszikus st\u00edlus k\u00e9pvisel\u0151je ez a 14 kar\u00e1tos s\u00e1rga aran...","og_url":"https:\/\/brillancy.hu\/en\/product\/degas-arany-gyuru\/","og_site_name":"Brillancy","article_modified_time":"2025-10-17T09:56:16+00:00","og_image":[{"width":1024,"height":1024,"url":"https:\/\/brillancy.hu\/wp-content\/uploads\/2025\/01\/20250928_1207_Gyuru-feher-dobozban_remix_01k67wm05gfe2rrv3w0fr61v72.png","type":"image\/png"}],"twitter_card":"summary_large_image","twitter_misc":{"Estimated reading time":"2 minutes"},"schema":{"@context":"https:\/\/schema.org","@graph":[{"@type":"WebPage","@id":"https:\/\/brillancy.hu\/product\/degas-arany-gyuru\/","url":"https:\/\/brillancy.hu\/product\/degas-arany-gyuru\/","name":"Degas Arany gy\u0171r\u0171 - Brillancy","isPartOf":{"@id":"https:\/\/brillancy.hu\/#website"},"primaryImageOfPage":{"@id":"https:\/\/brillancy.hu\/product\/degas-arany-gyuru\/#primaryimage"},"image":{"@id":"https:\/\/brillancy.hu\/product\/degas-arany-gyuru\/#primaryimage"},"thumbnailUrl":"https:\/\/brillancy.hu\/wp-content\/uploads\/2025\/01\/20250928_1207_Gyuru-feher-dobozban_remix_01k67wm05gfe2rrv3w0fr61v72.png","datePublished":"2025-01-31T17:21:40+00:00","dateModified":"2025-10-17T09:56:16+00:00","description":"Degas Arany gy\u0171r\u0171 - A tervez\u0151 aj\u00e1nl\u00e1sa: Degas arany gy\u0171r\u0171: Form\u00e1ban a klasszikus st\u00edlus k\u00e9pvisel\u0151je ez a 14 kar\u00e1tos s\u00e1rga aran...","breadcrumb":{"@id":"https:\/\/brillancy.hu\/product\/degas-arany-gyuru\/#breadcrumb"},"inLanguage":"en-GB","potentialAction":[{"@type":"ReadAction","target":["https:\/\/brillancy.hu\/product\/degas-arany-gyuru\/"]}]},{"@type":"ImageObject","inLanguage":"en-GB","@id":"https:\/\/brillancy.hu\/product\/degas-arany-gyuru\/#primaryimage","url":"https:\/\/brillancy.hu\/wp-content\/uploads\/2025\/01\/20250928_1207_Gyuru-feher-dobozban_remix_01k67wm05gfe2rrv3w0fr61v72.png","contentUrl":"https:\/\/brillancy.hu\/wp-content\/uploads\/2025\/01\/20250928_1207_Gyuru-feher-dobozban_remix_01k67wm05gfe2rrv3w0fr61v72.png","width":1024,"height":1024,"caption":"Degas Arany gy\u0171r\u0171"},{"@type":"BreadcrumbList","@id":"https:\/\/brillancy.hu\/product\/degas-arany-gyuru\/#breadcrumb","itemListElement":[{"@type":"ListItem","position":1,"name":"Home","item":"https:\/\/brillancy.hu\/"},{"@type":"ListItem","position":2,"name":"Term\u00e9kek","item":"https:\/\/brillancy.hu\/termekek\/"},{"@type":"ListItem","position":3,"name":"Degas Arany gy\u0171r\u0171"}]},{"@type":"WebSite","@id":"https:\/\/brillancy.hu\/#website","url":"https:\/\/brillancy.hu\/","name":"Brillancy","description":"","potentialAction":[{"@type":"SearchAction","target":{"@type":"EntryPoint","urlTemplate":"https:\/\/brillancy.hu\/?s={search_term_string}"},"query-input":{"@type":"PropertyValueSpecification","valueRequired":true,"valueName":"search_term_string"}}],"inLanguage":"en-GB"}]}},"_links":{"self":[{"href":"https:\/\/brillancy.hu\/en\/wp-json\/wp\/v2\/product\/6449","targetHints":{"allow":["GET"]}}],"collection":[{"href":"https:\/\/brillancy.hu\/en\/wp-json\/wp\/v2\/product"}],"about":[{"href":"https:\/\/brillancy.hu\/en\/wp-json\/wp\/v2\/types\/product"}],"replies":[{"embeddable":true,"href":"https:\/\/brillancy.hu\/en\/wp-json\/wp\/v2\/comments?post=6449"}],"wp:featuredmedia":[{"embeddable":true,"href":"https:\/\/brillancy.hu\/en\/wp-json\/wp\/v2\/media\/11915"}],"wp:attachment":[{"href":"https:\/\/brillancy.hu\/en\/wp-json\/wp\/v2\/media?parent=6449"}],"wp:term":[{"taxonomy":"product_brand","embeddable":true,"href":"https:\/\/brillancy.hu\/en\/wp-json\/wp\/v2\/product_brand?post=6449"},{"taxonomy":"product_cat","embeddable":true,"href":"https:\/\/brillancy.hu\/en\/wp-json\/wp\/v2\/product_cat?post=6449"},{"taxonomy":"product_tag","embeddable":true,"href":"https:\/\/brillancy.hu\/en\/wp-json\/wp\/v2\/product_tag?post=6449"}],"curies":[{"name":"wp","href":"https:\/\/api.w.org\/{rel}","templated":true}]}}