{"id":6444,"date":"2025-01-31T18:21:40","date_gmt":"2025-01-31T17:21:40","guid":{"rendered":"https:\/\/brillancy.hu\/?post_type=product&#038;p=6444"},"modified":"2026-01-28T20:00:29","modified_gmt":"2026-01-28T19:00:29","slug":"cinderella-gyemant-gyuru","status":"publish","type":"product","link":"https:\/\/brillancy.hu\/en\/product\/cinderella-gyemant-gyuru\/","title":{"rendered":"Cinderella Diamond ring"},"content":{"rendered":"<p><strong>Cinderella diamond ring<\/strong><\/p>\n<p><strong>The designer&#039;s recommendation:<\/strong><\/p>\n<p>Classic and modern style, and round and square shapes blending created this dazzling<strong> 14-karat gold diamond ring<\/strong>. While the ring yoke of eyes after sitting in a row on the<strong> round, brilliant cut diamonds,<\/strong> the central gem is a fabulous square<strong>princess cut diamond.<\/strong> <strong>The princess diamond<\/strong> <strong>length of the sides of 3,2 mm, weight 0,24 ct, little brill are 1-1,2 mm in diameter<\/strong>.<\/p>\n<p>The lines are clear of the small diamonds layout, gy\u0171r\u0171s\u00edn mild narrowing of the four-claw mount-all contribute to the largest gemstone leads to the gaze. Way to become a true main character made. Elegant, spectacular and at the same time light, comfortable to wear. <strong>A total of 0,304 ct weight diamond<\/strong> this rings a lot of lady might be the big dream, which every day as a princess can shine.<\/p>\n<ul>\n<li><b>Material:<\/b>\u00a0gold<\/li>\n<li><b>Fineness<\/b>: 585 thousandth, 14 carat<\/li>\n<li><b>Gemstone<\/b>: princess and brilliant cut diamonds<\/li>\n<\/ul>\n<p>&nbsp;<\/p>\n<p><strong>Eternal life guarantee:<\/strong>\u00a0the jewelry structure of the material errors and gems<\/p>\n<p>The average production time is 10-15 working days. If you have any important date for which you want the product, please contact with us by phone +36 30 539 1179 number, or the info@brillancy.hu e-mail address.<\/p>\n<p><strong>Can be ordered in yellow, white or rose gold colors. The jewel to the gift box optional.<\/strong><\/p>\n<p><strong>I like the Cinderella diamond ring, but other size diamonds or colored gems did you imagine it?<\/strong>\u00a0It&#039;s not a problem. We like to give an offer to the expected ideas. Find us confidence on the phone +36 30 539 1179 number, or the info@brillancy.hu e-mail address.<\/p>\n<p><strong>Pay scrap gold<\/strong>\u00a0Damaged, old, or never used gold hiding at home in the cupboards? Bring it in to us and it will be transferred to you the chosen jewellery price.<\/p>","protected":false},"excerpt":{"rendered":"<p>Cinderella diamond ring \u2013 Dynamically Modern gold ring, princess and brilliant cut diamonds \u2013 handmade, unique diamond ring<\/p>","protected":false},"featured_media":10546,"comment_status":"closed","ping_status":"closed","template":"","meta":[],"product_brand":[],"product_cat":[17,39,32,24,37],"product_tag":[],"class_list":{"0":"post-6444","1":"product","2":"type-product","3":"status-publish","4":"has-post-thumbnail","6":"product_cat-eljegyzesi-gyuruk","7":"product_cat-gyemant","8":"product_cat-modern","9":"product_cat-szogletes-princess","10":"product_cat-tobb-koves","12":"first","13":"instock","14":"purchasable","15":"product-type-simple"},"yoast_head":"<!-- This site is optimized with the Yoast SEO Premium plugin v27.0 (Yoast SEO v27.0) - https:\/\/yoast.com\/product\/yoast-seo-premium-wordpress\/ -->\n<title>Cinderella Gy\u00e9m\u00e1nt gy\u0171r\u0171 - Brillancy<\/title>\n<meta name=\"description\" content=\"Klasszikus \u00e9s modern st\u00edlusjegyek, illetve kerek \u00e9s sz\u00f6gletes form\u00e1k \u00f6tv\u00f6z\u00e9s\u00e9vel j\u00f6tt l\u00e9tre ez a k\u00e1pr\u00e1zatos 14 kar\u00e1tos arany, Cinderella gy\u00e9m\u00e1nt gy\u0171r\u0171.\" \/>\n<meta name=\"robots\" content=\"index, follow, max-snippet:-1, max-image-preview:large, max-video-preview:-1\" \/>\n<link rel=\"canonical\" href=\"https:\/\/brillancy.hu\/en\/product\/cinderella-gyemant-gyuru\/\" \/>\n<meta property=\"og:locale\" content=\"en_GB\" \/>\n<meta property=\"og:type\" content=\"article\" \/>\n<meta property=\"og:title\" content=\"Cinderella Gy\u00e9m\u00e1nt gy\u0171r\u0171\" \/>\n<meta property=\"og:description\" content=\"Klasszikus \u00e9s modern st\u00edlusjegyek, illetve kerek \u00e9s sz\u00f6gletes form\u00e1k \u00f6tv\u00f6z\u00e9s\u00e9vel j\u00f6tt l\u00e9tre ez a k\u00e1pr\u00e1zatos 14 kar\u00e1tos arany, Cinderella gy\u00e9m\u00e1nt gy\u0171r\u0171.\" \/>\n<meta property=\"og:url\" content=\"https:\/\/brillancy.hu\/en\/product\/cinderella-gyemant-gyuru\/\" \/>\n<meta property=\"og:site_name\" content=\"Brillancy\" \/>\n<meta property=\"article:modified_time\" content=\"2026-01-28T19:00:29+00:00\" \/>\n<meta property=\"og:image\" content=\"https:\/\/brillancy.hu\/wp-content\/uploads\/2025\/01\/20250613_1151_Elegant-Diamond-Ring_remix_01jxmb5gfze248sxahjd0xeek7.png\" \/>\n\t<meta property=\"og:image:width\" content=\"1024\" \/>\n\t<meta property=\"og:image:height\" content=\"1024\" \/>\n\t<meta property=\"og:image:type\" content=\"image\/png\" \/>\n<meta name=\"twitter:card\" content=\"summary_large_image\" \/>\n<meta name=\"twitter:label1\" content=\"Estimated reading time\" \/>\n\t<meta name=\"twitter:data1\" content=\"2 minutes\" \/>\n<script type=\"application\/ld+json\" class=\"yoast-schema-graph\">{\"@context\":\"https:\/\/schema.org\",\"@graph\":[{\"@type\":\"WebPage\",\"@id\":\"https:\/\/brillancy.hu\/product\/cinderella-gyemant-gyuru\/\",\"url\":\"https:\/\/brillancy.hu\/product\/cinderella-gyemant-gyuru\/\",\"name\":\"Cinderella Gy\u00e9m\u00e1nt gy\u0171r\u0171 - Brillancy\",\"isPartOf\":{\"@id\":\"https:\/\/brillancy.hu\/#website\"},\"primaryImageOfPage\":{\"@id\":\"https:\/\/brillancy.hu\/product\/cinderella-gyemant-gyuru\/#primaryimage\"},\"image\":{\"@id\":\"https:\/\/brillancy.hu\/product\/cinderella-gyemant-gyuru\/#primaryimage\"},\"thumbnailUrl\":\"https:\/\/brillancy.hu\/wp-content\/uploads\/2025\/01\/20250613_1151_Elegant-Diamond-Ring_remix_01jxmb5gfze248sxahjd0xeek7.png\",\"datePublished\":\"2025-01-31T17:21:40+00:00\",\"dateModified\":\"2026-01-28T19:00:29+00:00\",\"description\":\"Klasszikus \u00e9s modern st\u00edlusjegyek, illetve kerek \u00e9s sz\u00f6gletes form\u00e1k \u00f6tv\u00f6z\u00e9s\u00e9vel j\u00f6tt l\u00e9tre ez a k\u00e1pr\u00e1zatos 14 kar\u00e1tos arany, Cinderella gy\u00e9m\u00e1nt gy\u0171r\u0171.\",\"breadcrumb\":{\"@id\":\"https:\/\/brillancy.hu\/product\/cinderella-gyemant-gyuru\/#breadcrumb\"},\"inLanguage\":\"en-GB\",\"potentialAction\":[{\"@type\":\"ReadAction\",\"target\":[\"https:\/\/brillancy.hu\/product\/cinderella-gyemant-gyuru\/\"]}]},{\"@type\":\"ImageObject\",\"inLanguage\":\"en-GB\",\"@id\":\"https:\/\/brillancy.hu\/product\/cinderella-gyemant-gyuru\/#primaryimage\",\"url\":\"https:\/\/brillancy.hu\/wp-content\/uploads\/2025\/01\/20250613_1151_Elegant-Diamond-Ring_remix_01jxmb5gfze248sxahjd0xeek7.png\",\"contentUrl\":\"https:\/\/brillancy.hu\/wp-content\/uploads\/2025\/01\/20250613_1151_Elegant-Diamond-Ring_remix_01jxmb5gfze248sxahjd0xeek7.png\",\"width\":1024,\"height\":1024,\"caption\":\"Cinderella Gy\u00e9m\u00e1nt gy\u0171r\u0171\"},{\"@type\":\"BreadcrumbList\",\"@id\":\"https:\/\/brillancy.hu\/product\/cinderella-gyemant-gyuru\/#breadcrumb\",\"itemListElement\":[{\"@type\":\"ListItem\",\"position\":1,\"name\":\"Home\",\"item\":\"https:\/\/brillancy.hu\/\"},{\"@type\":\"ListItem\",\"position\":2,\"name\":\"Term\u00e9kek\",\"item\":\"https:\/\/brillancy.hu\/termekek\/\"},{\"@type\":\"ListItem\",\"position\":3,\"name\":\"Cinderella Gy\u00e9m\u00e1nt gy\u0171r\u0171\"}]},{\"@type\":\"WebSite\",\"@id\":\"https:\/\/brillancy.hu\/#website\",\"url\":\"https:\/\/brillancy.hu\/\",\"name\":\"Brillancy\",\"description\":\"\",\"potentialAction\":[{\"@type\":\"SearchAction\",\"target\":{\"@type\":\"EntryPoint\",\"urlTemplate\":\"https:\/\/brillancy.hu\/?s={search_term_string}\"},\"query-input\":{\"@type\":\"PropertyValueSpecification\",\"valueRequired\":true,\"valueName\":\"search_term_string\"}}],\"inLanguage\":\"en-GB\"}]}<\/script>\n<!-- \/ Yoast SEO Premium plugin. -->","yoast_head_json":{"title":"Cinderella Gy\u00e9m\u00e1nt gy\u0171r\u0171 - Brillancy","description":"Klasszikus \u00e9s modern st\u00edlusjegyek, illetve kerek \u00e9s sz\u00f6gletes form\u00e1k \u00f6tv\u00f6z\u00e9s\u00e9vel j\u00f6tt l\u00e9tre ez a k\u00e1pr\u00e1zatos 14 kar\u00e1tos arany, Cinderella gy\u00e9m\u00e1nt gy\u0171r\u0171.","robots":{"index":"index","follow":"follow","max-snippet":"max-snippet:-1","max-image-preview":"max-image-preview:large","max-video-preview":"max-video-preview:-1"},"canonical":"https:\/\/brillancy.hu\/en\/product\/cinderella-gyemant-gyuru\/","og_locale":"en_GB","og_type":"article","og_title":"Cinderella Gy\u00e9m\u00e1nt gy\u0171r\u0171","og_description":"Klasszikus \u00e9s modern st\u00edlusjegyek, illetve kerek \u00e9s sz\u00f6gletes form\u00e1k \u00f6tv\u00f6z\u00e9s\u00e9vel j\u00f6tt l\u00e9tre ez a k\u00e1pr\u00e1zatos 14 kar\u00e1tos arany, Cinderella gy\u00e9m\u00e1nt gy\u0171r\u0171.","og_url":"https:\/\/brillancy.hu\/en\/product\/cinderella-gyemant-gyuru\/","og_site_name":"Brillancy","article_modified_time":"2026-01-28T19:00:29+00:00","og_image":[{"width":1024,"height":1024,"url":"https:\/\/brillancy.hu\/wp-content\/uploads\/2025\/01\/20250613_1151_Elegant-Diamond-Ring_remix_01jxmb5gfze248sxahjd0xeek7.png","type":"image\/png"}],"twitter_card":"summary_large_image","twitter_misc":{"Estimated reading time":"2 minutes"},"schema":{"@context":"https:\/\/schema.org","@graph":[{"@type":"WebPage","@id":"https:\/\/brillancy.hu\/product\/cinderella-gyemant-gyuru\/","url":"https:\/\/brillancy.hu\/product\/cinderella-gyemant-gyuru\/","name":"Cinderella Gy\u00e9m\u00e1nt gy\u0171r\u0171 - Brillancy","isPartOf":{"@id":"https:\/\/brillancy.hu\/#website"},"primaryImageOfPage":{"@id":"https:\/\/brillancy.hu\/product\/cinderella-gyemant-gyuru\/#primaryimage"},"image":{"@id":"https:\/\/brillancy.hu\/product\/cinderella-gyemant-gyuru\/#primaryimage"},"thumbnailUrl":"https:\/\/brillancy.hu\/wp-content\/uploads\/2025\/01\/20250613_1151_Elegant-Diamond-Ring_remix_01jxmb5gfze248sxahjd0xeek7.png","datePublished":"2025-01-31T17:21:40+00:00","dateModified":"2026-01-28T19:00:29+00:00","description":"Klasszikus \u00e9s modern st\u00edlusjegyek, illetve kerek \u00e9s sz\u00f6gletes form\u00e1k \u00f6tv\u00f6z\u00e9s\u00e9vel j\u00f6tt l\u00e9tre ez a k\u00e1pr\u00e1zatos 14 kar\u00e1tos arany, Cinderella gy\u00e9m\u00e1nt gy\u0171r\u0171.","breadcrumb":{"@id":"https:\/\/brillancy.hu\/product\/cinderella-gyemant-gyuru\/#breadcrumb"},"inLanguage":"en-GB","potentialAction":[{"@type":"ReadAction","target":["https:\/\/brillancy.hu\/product\/cinderella-gyemant-gyuru\/"]}]},{"@type":"ImageObject","inLanguage":"en-GB","@id":"https:\/\/brillancy.hu\/product\/cinderella-gyemant-gyuru\/#primaryimage","url":"https:\/\/brillancy.hu\/wp-content\/uploads\/2025\/01\/20250613_1151_Elegant-Diamond-Ring_remix_01jxmb5gfze248sxahjd0xeek7.png","contentUrl":"https:\/\/brillancy.hu\/wp-content\/uploads\/2025\/01\/20250613_1151_Elegant-Diamond-Ring_remix_01jxmb5gfze248sxahjd0xeek7.png","width":1024,"height":1024,"caption":"Cinderella Gy\u00e9m\u00e1nt gy\u0171r\u0171"},{"@type":"BreadcrumbList","@id":"https:\/\/brillancy.hu\/product\/cinderella-gyemant-gyuru\/#breadcrumb","itemListElement":[{"@type":"ListItem","position":1,"name":"Home","item":"https:\/\/brillancy.hu\/"},{"@type":"ListItem","position":2,"name":"Term\u00e9kek","item":"https:\/\/brillancy.hu\/termekek\/"},{"@type":"ListItem","position":3,"name":"Cinderella Gy\u00e9m\u00e1nt gy\u0171r\u0171"}]},{"@type":"WebSite","@id":"https:\/\/brillancy.hu\/#website","url":"https:\/\/brillancy.hu\/","name":"Brillancy","description":"","potentialAction":[{"@type":"SearchAction","target":{"@type":"EntryPoint","urlTemplate":"https:\/\/brillancy.hu\/?s={search_term_string}"},"query-input":{"@type":"PropertyValueSpecification","valueRequired":true,"valueName":"search_term_string"}}],"inLanguage":"en-GB"}]}},"_links":{"self":[{"href":"https:\/\/brillancy.hu\/en\/wp-json\/wp\/v2\/product\/6444","targetHints":{"allow":["GET"]}}],"collection":[{"href":"https:\/\/brillancy.hu\/en\/wp-json\/wp\/v2\/product"}],"about":[{"href":"https:\/\/brillancy.hu\/en\/wp-json\/wp\/v2\/types\/product"}],"replies":[{"embeddable":true,"href":"https:\/\/brillancy.hu\/en\/wp-json\/wp\/v2\/comments?post=6444"}],"wp:featuredmedia":[{"embeddable":true,"href":"https:\/\/brillancy.hu\/en\/wp-json\/wp\/v2\/media\/10546"}],"wp:attachment":[{"href":"https:\/\/brillancy.hu\/en\/wp-json\/wp\/v2\/media?parent=6444"}],"wp:term":[{"taxonomy":"product_brand","embeddable":true,"href":"https:\/\/brillancy.hu\/en\/wp-json\/wp\/v2\/product_brand?post=6444"},{"taxonomy":"product_cat","embeddable":true,"href":"https:\/\/brillancy.hu\/en\/wp-json\/wp\/v2\/product_cat?post=6444"},{"taxonomy":"product_tag","embeddable":true,"href":"https:\/\/brillancy.hu\/en\/wp-json\/wp\/v2\/product_tag?post=6444"}],"curies":[{"name":"wp","href":"https:\/\/api.w.org\/{rel}","templated":true}]}}