{"id":6443,"date":"2025-01-31T18:21:40","date_gmt":"2025-01-31T17:21:40","guid":{"rendered":"https:\/\/brillancy.hu\/?post_type=product&#038;p=6443"},"modified":"2025-11-10T16:16:47","modified_gmt":"2025-11-10T15:16:47","slug":"aurora-gyemant-gyuru","status":"publish","type":"product","link":"https:\/\/brillancy.hu\/en\/product\/aurora-gyemant-gyuru\/","title":{"rendered":"Aurora Diamond ring"},"content":{"rendered":"<p><strong>Aurora diamond ring:<\/strong><\/p>\n<p>Odd form world and exciting, special slot makes it mysterious that the <strong>14-karat gold diamond engagement ring<\/strong>t. The wide, straight profile ring splint on a small level differences can be observed in the middle of the slot at. One part slightly stands out, the other part, and in two open side and re-fused.<\/p>\n<p>The resulting small break in<strong> treasure from the brilliant cut, 0,04 ct-os, 2,2 mm diameter sparkling natural diamonds.<\/strong> Three points is wrapped in white gold the gem, which is a very effective, unconventional solution. Since this is not a skinny guy, a little wider finger on a great show. Cool, confident women is recommended, since this conveys this modern, clean and at the same time-character jewelry-special.<\/p>\n<ul>\n<li><strong>Material:<\/strong> gold can be ordered in any color gold<\/li>\n<li><strong>-Fineness<\/strong>: 585 thousandth, 14 carat<\/li>\n<li><strong>Gemstone<\/strong>: brilliant cut natural diamonds<\/li>\n<li><strong>Eternal life guarantee:<\/strong>\u00a0the jewelry structure of the material errors and gems<\/li>\n<li><strong>Free renewal:<\/strong>\u00a0We take your diamond ring, free scratch-free sales of and purification of five times (once a year) the purchase within five years.<\/li>\n<li><strong>Free size adjustment: <\/strong>If you haven&#039;t found the correct size, we will take the ring free size adjustments.<\/li>\n<\/ul>\n<p><strong>Gift box:\u00a0<\/strong>The ring is a gift in the box set, and several kinds of colors You can pick out!<\/p>\n<p><strong>Pay scrap gold<\/strong>\u00a0Damaged, old, or never used gold hiding at home in the cupboards? Bring it in to us and high count For the selected diamond ring price.<\/p>\n<p><strong>I like the diamond ring, but larger diamonds, or colorful gems did you imagine it? It&#039;s not a problem. We like to give an offer to the expected ideas. Find us confidence on the phone +36 30 539 1179 number, or the\u00a0<\/strong><a href=\"mailto:info@brillancy.hu\"><strong>info@brillancy.hu<\/strong><\/a><strong>\u00a0e-mail address.<\/strong><\/p>","protected":false},"excerpt":{"rendered":"<p>Aurora diamond ring \u2013 Dynamically Modern - \u2013 Hand made, white gold diamond ring the Brillance jewelry manufactory offer \u2013 reasonable price, eternal life guarantee<\/p>","protected":false},"featured_media":10670,"comment_status":"closed","ping_status":"closed","template":"","meta":[],"product_brand":[],"product_cat":[35,17,39,22,32],"product_tag":[],"class_list":{"0":"post-6443","1":"product","2":"type-product","3":"status-publish","4":"has-post-thumbnail","6":"product_cat-egykoves","7":"product_cat-eljegyzesi-gyuruk","8":"product_cat-gyemant","9":"product_cat-kerek","10":"product_cat-modern","12":"first","13":"instock","14":"purchasable","15":"product-type-simple"},"yoast_head":"<!-- This site is optimized with the Yoast SEO Premium plugin v27.0 (Yoast SEO v27.0) - https:\/\/yoast.com\/product\/yoast-seo-premium-wordpress\/ -->\n<title>Aurora Gy\u00e9m\u00e1nt gy\u0171r\u0171 - Brillancy<\/title>\n<meta name=\"description\" content=\"Aurora Gy\u00e9m\u00e1nt gy\u0171r\u0171: Dinamikusan Modern \u2013 K\u00e9zzel k\u00e9sz\u00fclt, feh\u00e9rarany gy\u00e9m\u00e1nt gy\u0171r\u0171 a Brillancy \u00c9kszermanufakt\u00fara k\u00edn\u00e1lat\u00e1b\u00f3l \u2013\" \/>\n<meta name=\"robots\" content=\"index, follow, max-snippet:-1, max-image-preview:large, max-video-preview:-1\" \/>\n<link rel=\"canonical\" href=\"https:\/\/brillancy.hu\/en\/product\/aurora-gyemant-gyuru\/\" \/>\n<meta property=\"og:locale\" content=\"en_GB\" \/>\n<meta property=\"og:type\" content=\"article\" \/>\n<meta property=\"og:title\" content=\"Aurora Gy\u00e9m\u00e1nt gy\u0171r\u0171\" \/>\n<meta property=\"og:description\" content=\"Aurora Gy\u00e9m\u00e1nt gy\u0171r\u0171: Dinamikusan Modern \u2013 K\u00e9zzel k\u00e9sz\u00fclt, feh\u00e9rarany gy\u00e9m\u00e1nt gy\u0171r\u0171 a Brillancy \u00c9kszermanufakt\u00fara k\u00edn\u00e1lat\u00e1b\u00f3l \u2013\" \/>\n<meta property=\"og:url\" content=\"https:\/\/brillancy.hu\/en\/product\/aurora-gyemant-gyuru\/\" \/>\n<meta property=\"og:site_name\" content=\"Brillancy\" \/>\n<meta property=\"article:modified_time\" content=\"2025-11-10T15:16:47+00:00\" \/>\n<meta property=\"og:image\" content=\"https:\/\/brillancy.hu\/wp-content\/uploads\/2025\/01\/20250616_1731_Elegant-Diamond-Ring_remix_01jxwns9pdfrvt3s606cpv6k39-1.png\" \/>\n\t<meta property=\"og:image:width\" content=\"1024\" \/>\n\t<meta property=\"og:image:height\" content=\"1024\" \/>\n\t<meta property=\"og:image:type\" content=\"image\/png\" \/>\n<meta name=\"twitter:card\" content=\"summary_large_image\" \/>\n<meta name=\"twitter:label1\" content=\"Estimated reading time\" \/>\n\t<meta name=\"twitter:data1\" content=\"2 minutes\" \/>\n<script type=\"application\/ld+json\" class=\"yoast-schema-graph\">{\"@context\":\"https:\/\/schema.org\",\"@graph\":[{\"@type\":\"WebPage\",\"@id\":\"https:\/\/brillancy.hu\/product\/aurora-gyemant-gyuru\/\",\"url\":\"https:\/\/brillancy.hu\/product\/aurora-gyemant-gyuru\/\",\"name\":\"Aurora Gy\u00e9m\u00e1nt gy\u0171r\u0171 - Brillancy\",\"isPartOf\":{\"@id\":\"https:\/\/brillancy.hu\/#website\"},\"primaryImageOfPage\":{\"@id\":\"https:\/\/brillancy.hu\/product\/aurora-gyemant-gyuru\/#primaryimage\"},\"image\":{\"@id\":\"https:\/\/brillancy.hu\/product\/aurora-gyemant-gyuru\/#primaryimage\"},\"thumbnailUrl\":\"https:\/\/brillancy.hu\/wp-content\/uploads\/2025\/01\/20250616_1731_Elegant-Diamond-Ring_remix_01jxwns9pdfrvt3s606cpv6k39-1.png\",\"datePublished\":\"2025-01-31T17:21:40+00:00\",\"dateModified\":\"2025-11-10T15:16:47+00:00\",\"description\":\"Aurora Gy\u00e9m\u00e1nt gy\u0171r\u0171: Dinamikusan Modern \u2013 K\u00e9zzel k\u00e9sz\u00fclt, feh\u00e9rarany gy\u00e9m\u00e1nt gy\u0171r\u0171 a Brillancy \u00c9kszermanufakt\u00fara k\u00edn\u00e1lat\u00e1b\u00f3l \u2013\",\"breadcrumb\":{\"@id\":\"https:\/\/brillancy.hu\/product\/aurora-gyemant-gyuru\/#breadcrumb\"},\"inLanguage\":\"en-GB\",\"potentialAction\":[{\"@type\":\"ReadAction\",\"target\":[\"https:\/\/brillancy.hu\/product\/aurora-gyemant-gyuru\/\"]}]},{\"@type\":\"ImageObject\",\"inLanguage\":\"en-GB\",\"@id\":\"https:\/\/brillancy.hu\/product\/aurora-gyemant-gyuru\/#primaryimage\",\"url\":\"https:\/\/brillancy.hu\/wp-content\/uploads\/2025\/01\/20250616_1731_Elegant-Diamond-Ring_remix_01jxwns9pdfrvt3s606cpv6k39-1.png\",\"contentUrl\":\"https:\/\/brillancy.hu\/wp-content\/uploads\/2025\/01\/20250616_1731_Elegant-Diamond-Ring_remix_01jxwns9pdfrvt3s606cpv6k39-1.png\",\"width\":1024,\"height\":1024,\"caption\":\"Aurora Gy\u00e9m\u00e1nt gy\u0171r\u0171\"},{\"@type\":\"BreadcrumbList\",\"@id\":\"https:\/\/brillancy.hu\/product\/aurora-gyemant-gyuru\/#breadcrumb\",\"itemListElement\":[{\"@type\":\"ListItem\",\"position\":1,\"name\":\"Home\",\"item\":\"https:\/\/brillancy.hu\/\"},{\"@type\":\"ListItem\",\"position\":2,\"name\":\"Term\u00e9kek\",\"item\":\"https:\/\/brillancy.hu\/termekek\/\"},{\"@type\":\"ListItem\",\"position\":3,\"name\":\"Aurora Gy\u00e9m\u00e1nt gy\u0171r\u0171\"}]},{\"@type\":\"WebSite\",\"@id\":\"https:\/\/brillancy.hu\/#website\",\"url\":\"https:\/\/brillancy.hu\/\",\"name\":\"Brillancy\",\"description\":\"\",\"potentialAction\":[{\"@type\":\"SearchAction\",\"target\":{\"@type\":\"EntryPoint\",\"urlTemplate\":\"https:\/\/brillancy.hu\/?s={search_term_string}\"},\"query-input\":{\"@type\":\"PropertyValueSpecification\",\"valueRequired\":true,\"valueName\":\"search_term_string\"}}],\"inLanguage\":\"en-GB\"}]}<\/script>\n<!-- \/ Yoast SEO Premium plugin. -->","yoast_head_json":{"title":"Aurora Gy\u00e9m\u00e1nt gy\u0171r\u0171 - Brillancy","description":"Aurora Gy\u00e9m\u00e1nt gy\u0171r\u0171: Dinamikusan Modern \u2013 K\u00e9zzel k\u00e9sz\u00fclt, feh\u00e9rarany gy\u00e9m\u00e1nt gy\u0171r\u0171 a Brillancy \u00c9kszermanufakt\u00fara k\u00edn\u00e1lat\u00e1b\u00f3l \u2013","robots":{"index":"index","follow":"follow","max-snippet":"max-snippet:-1","max-image-preview":"max-image-preview:large","max-video-preview":"max-video-preview:-1"},"canonical":"https:\/\/brillancy.hu\/en\/product\/aurora-gyemant-gyuru\/","og_locale":"en_GB","og_type":"article","og_title":"Aurora Gy\u00e9m\u00e1nt gy\u0171r\u0171","og_description":"Aurora Gy\u00e9m\u00e1nt gy\u0171r\u0171: Dinamikusan Modern \u2013 K\u00e9zzel k\u00e9sz\u00fclt, feh\u00e9rarany gy\u00e9m\u00e1nt gy\u0171r\u0171 a Brillancy \u00c9kszermanufakt\u00fara k\u00edn\u00e1lat\u00e1b\u00f3l \u2013","og_url":"https:\/\/brillancy.hu\/en\/product\/aurora-gyemant-gyuru\/","og_site_name":"Brillancy","article_modified_time":"2025-11-10T15:16:47+00:00","og_image":[{"width":1024,"height":1024,"url":"https:\/\/brillancy.hu\/wp-content\/uploads\/2025\/01\/20250616_1731_Elegant-Diamond-Ring_remix_01jxwns9pdfrvt3s606cpv6k39-1.png","type":"image\/png"}],"twitter_card":"summary_large_image","twitter_misc":{"Estimated reading time":"2 minutes"},"schema":{"@context":"https:\/\/schema.org","@graph":[{"@type":"WebPage","@id":"https:\/\/brillancy.hu\/product\/aurora-gyemant-gyuru\/","url":"https:\/\/brillancy.hu\/product\/aurora-gyemant-gyuru\/","name":"Aurora Gy\u00e9m\u00e1nt gy\u0171r\u0171 - Brillancy","isPartOf":{"@id":"https:\/\/brillancy.hu\/#website"},"primaryImageOfPage":{"@id":"https:\/\/brillancy.hu\/product\/aurora-gyemant-gyuru\/#primaryimage"},"image":{"@id":"https:\/\/brillancy.hu\/product\/aurora-gyemant-gyuru\/#primaryimage"},"thumbnailUrl":"https:\/\/brillancy.hu\/wp-content\/uploads\/2025\/01\/20250616_1731_Elegant-Diamond-Ring_remix_01jxwns9pdfrvt3s606cpv6k39-1.png","datePublished":"2025-01-31T17:21:40+00:00","dateModified":"2025-11-10T15:16:47+00:00","description":"Aurora Gy\u00e9m\u00e1nt gy\u0171r\u0171: Dinamikusan Modern \u2013 K\u00e9zzel k\u00e9sz\u00fclt, feh\u00e9rarany gy\u00e9m\u00e1nt gy\u0171r\u0171 a Brillancy \u00c9kszermanufakt\u00fara k\u00edn\u00e1lat\u00e1b\u00f3l \u2013","breadcrumb":{"@id":"https:\/\/brillancy.hu\/product\/aurora-gyemant-gyuru\/#breadcrumb"},"inLanguage":"en-GB","potentialAction":[{"@type":"ReadAction","target":["https:\/\/brillancy.hu\/product\/aurora-gyemant-gyuru\/"]}]},{"@type":"ImageObject","inLanguage":"en-GB","@id":"https:\/\/brillancy.hu\/product\/aurora-gyemant-gyuru\/#primaryimage","url":"https:\/\/brillancy.hu\/wp-content\/uploads\/2025\/01\/20250616_1731_Elegant-Diamond-Ring_remix_01jxwns9pdfrvt3s606cpv6k39-1.png","contentUrl":"https:\/\/brillancy.hu\/wp-content\/uploads\/2025\/01\/20250616_1731_Elegant-Diamond-Ring_remix_01jxwns9pdfrvt3s606cpv6k39-1.png","width":1024,"height":1024,"caption":"Aurora Gy\u00e9m\u00e1nt gy\u0171r\u0171"},{"@type":"BreadcrumbList","@id":"https:\/\/brillancy.hu\/product\/aurora-gyemant-gyuru\/#breadcrumb","itemListElement":[{"@type":"ListItem","position":1,"name":"Home","item":"https:\/\/brillancy.hu\/"},{"@type":"ListItem","position":2,"name":"Term\u00e9kek","item":"https:\/\/brillancy.hu\/termekek\/"},{"@type":"ListItem","position":3,"name":"Aurora Gy\u00e9m\u00e1nt gy\u0171r\u0171"}]},{"@type":"WebSite","@id":"https:\/\/brillancy.hu\/#website","url":"https:\/\/brillancy.hu\/","name":"Brillancy","description":"","potentialAction":[{"@type":"SearchAction","target":{"@type":"EntryPoint","urlTemplate":"https:\/\/brillancy.hu\/?s={search_term_string}"},"query-input":{"@type":"PropertyValueSpecification","valueRequired":true,"valueName":"search_term_string"}}],"inLanguage":"en-GB"}]}},"_links":{"self":[{"href":"https:\/\/brillancy.hu\/en\/wp-json\/wp\/v2\/product\/6443","targetHints":{"allow":["GET"]}}],"collection":[{"href":"https:\/\/brillancy.hu\/en\/wp-json\/wp\/v2\/product"}],"about":[{"href":"https:\/\/brillancy.hu\/en\/wp-json\/wp\/v2\/types\/product"}],"replies":[{"embeddable":true,"href":"https:\/\/brillancy.hu\/en\/wp-json\/wp\/v2\/comments?post=6443"}],"wp:featuredmedia":[{"embeddable":true,"href":"https:\/\/brillancy.hu\/en\/wp-json\/wp\/v2\/media\/10670"}],"wp:attachment":[{"href":"https:\/\/brillancy.hu\/en\/wp-json\/wp\/v2\/media?parent=6443"}],"wp:term":[{"taxonomy":"product_brand","embeddable":true,"href":"https:\/\/brillancy.hu\/en\/wp-json\/wp\/v2\/product_brand?post=6443"},{"taxonomy":"product_cat","embeddable":true,"href":"https:\/\/brillancy.hu\/en\/wp-json\/wp\/v2\/product_cat?post=6443"},{"taxonomy":"product_tag","embeddable":true,"href":"https:\/\/brillancy.hu\/en\/wp-json\/wp\/v2\/product_tag?post=6443"}],"curies":[{"name":"wp","href":"https:\/\/api.w.org\/{rel}","templated":true}]}}