{"id":6414,"date":"2025-01-31T18:21:20","date_gmt":"2025-01-31T17:21:20","guid":{"rendered":"https:\/\/brillancy.hu\/?post_type=product&#038;p=6414"},"modified":"2025-10-17T10:56:16","modified_gmt":"2025-10-17T09:56:16","slug":"augustina-gyemant-gyuru","status":"publish","type":"product","link":"https:\/\/brillancy.hu\/en\/product\/augustina-gyemant-gyuru\/","title":{"rendered":"Augustina diamond ring"},"content":{"rendered":"<div class=\"elementor-element elementor-element-2e29cbe e-con-full e-flex e-con e-child\" data-id=\"2e29cbe\" data-element_type=\"container\" data-settings=\"{&quot;jet_parallax_layout_list&quot;:[]}\">\n<div class=\"elementor-element elementor-element-a283d58 e-con-full e-flex e-con e-child\" data-id=\"a283d58\" data-element_type=\"container\" data-settings=\"{&quot;background_background&quot;:&quot;classic&quot;,&quot;jet_parallax_layout_list&quot;:[]}\">\n<div class=\"elementor-element elementor-element-d1a81ab elementor-position-left elementor-vertical-align-middle elementor-widget elementor-widget-image-box\" data-id=\"d1a81ab\" data-element_type=\"widget\" data-widget_type=\"image-box.default\">\n<div class=\"elementor-widget-container\">\n<div class=\"elementor-image-box-wrapper\"><\/div>\n<\/div>\n<\/div>\n<\/div>\n<div class=\"elementor-element elementor-element-601a9a2 e-con-full jedv-enabled--yes e-flex e-con e-child\" data-id=\"601a9a2\" data-element_type=\"container\" data-settings=\"{&quot;background_background&quot;:&quot;classic&quot;,&quot;jet_parallax_layout_list&quot;:[]}\">\n<div class=\"elementor-element elementor-element-93d5b24 elementor-position-left elementor-vertical-align-middle elementor-widget elementor-widget-image-box\" data-id=\"93d5b24\" data-element_type=\"widget\" data-widget_type=\"image-box.default\">\n<div class=\"elementor-widget-container\">\n<div class=\"elementor-image-box-wrapper\">\n<div class=\"elementor-image-box-content\">\n<p class=\"elementor-image-box-description\"><strong>Augustina diamond ring<\/strong><\/p>\n<\/div>\n<\/div>\n<\/div>\n<\/div>\n<\/div>\n<\/div>\n<div class=\"elementor-element elementor-element-4391289 e-con-full e-flex e-con e-child\" data-id=\"4391289\" data-element_type=\"container\" data-settings=\"{&quot;background_background&quot;:&quot;classic&quot;,&quot;jet_parallax_layout_list&quot;:[]}\">\n<div class=\"elementor-element elementor-element-08bb978 elementor-widget elementor-widget-woocommerce-product-content\" data-id=\"08bb978\" data-element_type=\"widget\" data-widget_type=\"woocommerce-product-content.default\">\n<div class=\"elementor-widget-container\">\n<p><strong>The designer&#039;s recommendation:<\/strong><\/p>\n<p>Unique appearance\u00a0<strong>14 karat gold engagement ring<\/strong>,\u00a0<strong>oval cut black diamond<\/strong>. The\u00a0<strong>0,30 ct<\/strong>\u00a0<strong>weight<\/strong><strong> diamond <\/strong>a special concept in place. The usual <strong>four arms instead of three times in a four claw records<\/strong>. This design thanks to the safe holding the gem and cover him up too much, leave it to prevail in the beauty. The sleek, convex gy\u0171r\u0171s\u00edn great fit for this it&#039;s not every day a fabulous slot and the bold black diamond.<\/p>\n<ul>\n<li><b>Material:<\/b>\u00a0gold<\/li>\n<li><b>Fineness<\/b>: 585 thousandth, 14 carat<\/li>\n<li><b>Gemstone<\/b>: oval cut black diamond<\/li>\n<\/ul>\n<p>&nbsp;<\/p>\n<p><strong>Eternal life guarantee:<\/strong>\u00a0the jewelry structure of the material errors and gems<\/p>\n<p>The average production time is 10-15 working days. If you have any important date for which you want the product, please contact with us by phone +36 30 539 1179 number, or the info@brillancy.hu e-mail address.<\/p>\n<p><strong>Can be ordered in yellow, white or rose gold colors. The jewel to the gift box optional.<\/strong><\/p>\n<p><strong>I like the Agustina diamond ring, but other size diamonds or colored gems did you imagine it?<\/strong>\u00a0It&#039;s not a problem. We like to give an offer to the expected ideas. Find us confidence on the phone +36 30 539 1179 number, or the info@brillancy.hu e-mail address.<\/p>\n<p><strong>Pay scrap gold<\/strong>\u00a0Damaged, old, or never used gold hiding at home in the cupboards? Bring it in to us and it will be transferred to you the chosen jewellery price.<\/p>\n<\/div>\n<\/div>\n<\/div>","protected":false},"excerpt":{"rendered":"<p>Dynamic Modern white gold ring, black diamond Augustina Diamond ring Stunning guy Favorable price, eternal life guarantee.<\/p>","protected":false},"featured_media":11936,"comment_status":"closed","ping_status":"closed","template":"","meta":[],"product_brand":[],"product_cat":[35,17,133,32,23],"product_tag":[],"class_list":{"0":"post-6414","1":"product","2":"type-product","3":"status-publish","4":"has-post-thumbnail","6":"product_cat-egykoves","7":"product_cat-eljegyzesi-gyuruk","8":"product_cat-fekete-gyemant","9":"product_cat-modern","10":"product_cat-ovalis","12":"first","13":"instock","14":"purchasable","15":"product-type-simple"},"yoast_head":"<!-- This site is optimized with the Yoast SEO Premium plugin v27.0 (Yoast SEO v27.0) - https:\/\/yoast.com\/product\/yoast-seo-premium-wordpress\/ -->\n<title>Augustina gy\u00e9m\u00e1nt gy\u0171r\u0171 - Brillancy<\/title>\n<meta name=\"description\" content=\"Augustina gy\u00e9m\u00e1nt gy\u0171r\u0171: Egyedi megjelen\u00e9s\u0171\u00a014 kar\u00e1tos arany eljegyz\u00e9si gy\u0171r\u0171, ov\u00e1lis csiszol\u00e1s\u00fa, fekete gy\u00e9m\u00e1nttal. K\u00fcl\u00f6nlegesen mer\u00e9sz.\" \/>\n<meta name=\"robots\" content=\"index, follow, max-snippet:-1, max-image-preview:large, max-video-preview:-1\" \/>\n<link rel=\"canonical\" href=\"https:\/\/brillancy.hu\/en\/product\/augustina-gyemant-gyuru\/\" \/>\n<meta property=\"og:locale\" content=\"en_GB\" \/>\n<meta property=\"og:type\" content=\"article\" \/>\n<meta property=\"og:title\" content=\"Augustina gy\u00e9m\u00e1nt gy\u0171r\u0171\" \/>\n<meta property=\"og:description\" content=\"Augustina gy\u00e9m\u00e1nt gy\u0171r\u0171: Egyedi megjelen\u00e9s\u0171\u00a014 kar\u00e1tos arany eljegyz\u00e9si gy\u0171r\u0171, ov\u00e1lis csiszol\u00e1s\u00fa, fekete gy\u00e9m\u00e1nttal. K\u00fcl\u00f6nlegesen mer\u00e9sz.\" \/>\n<meta property=\"og:url\" content=\"https:\/\/brillancy.hu\/en\/product\/augustina-gyemant-gyuru\/\" \/>\n<meta property=\"og:site_name\" content=\"Brillancy\" \/>\n<meta property=\"article:modified_time\" content=\"2025-10-17T09:56:16+00:00\" \/>\n<meta property=\"og:image\" content=\"https:\/\/brillancy.hu\/wp-content\/uploads\/2025\/01\/20250928_1825_Elegant-Ring-Display_remix_01k68j7085f3k86t0hrmcbjk3w.png\" \/>\n\t<meta property=\"og:image:width\" content=\"1024\" \/>\n\t<meta property=\"og:image:height\" content=\"1024\" \/>\n\t<meta property=\"og:image:type\" content=\"image\/png\" \/>\n<meta name=\"twitter:card\" content=\"summary_large_image\" \/>\n<meta name=\"twitter:label1\" content=\"Estimated reading time\" \/>\n\t<meta name=\"twitter:data1\" content=\"2 minutes\" \/>\n<script type=\"application\/ld+json\" class=\"yoast-schema-graph\">{\"@context\":\"https:\/\/schema.org\",\"@graph\":[{\"@type\":\"WebPage\",\"@id\":\"https:\/\/brillancy.hu\/product\/augustina-gyemant-gyuru\/\",\"url\":\"https:\/\/brillancy.hu\/product\/augustina-gyemant-gyuru\/\",\"name\":\"Augustina gy\u00e9m\u00e1nt gy\u0171r\u0171 - Brillancy\",\"isPartOf\":{\"@id\":\"https:\/\/brillancy.hu\/#website\"},\"primaryImageOfPage\":{\"@id\":\"https:\/\/brillancy.hu\/product\/augustina-gyemant-gyuru\/#primaryimage\"},\"image\":{\"@id\":\"https:\/\/brillancy.hu\/product\/augustina-gyemant-gyuru\/#primaryimage\"},\"thumbnailUrl\":\"https:\/\/brillancy.hu\/wp-content\/uploads\/2025\/01\/20250928_1825_Elegant-Ring-Display_remix_01k68j7085f3k86t0hrmcbjk3w.png\",\"datePublished\":\"2025-01-31T17:21:20+00:00\",\"dateModified\":\"2025-10-17T09:56:16+00:00\",\"description\":\"Augustina gy\u00e9m\u00e1nt gy\u0171r\u0171: Egyedi megjelen\u00e9s\u0171\u00a014 kar\u00e1tos arany eljegyz\u00e9si gy\u0171r\u0171, ov\u00e1lis csiszol\u00e1s\u00fa, fekete gy\u00e9m\u00e1nttal. K\u00fcl\u00f6nlegesen mer\u00e9sz.\",\"breadcrumb\":{\"@id\":\"https:\/\/brillancy.hu\/product\/augustina-gyemant-gyuru\/#breadcrumb\"},\"inLanguage\":\"en-GB\",\"potentialAction\":[{\"@type\":\"ReadAction\",\"target\":[\"https:\/\/brillancy.hu\/product\/augustina-gyemant-gyuru\/\"]}]},{\"@type\":\"ImageObject\",\"inLanguage\":\"en-GB\",\"@id\":\"https:\/\/brillancy.hu\/product\/augustina-gyemant-gyuru\/#primaryimage\",\"url\":\"https:\/\/brillancy.hu\/wp-content\/uploads\/2025\/01\/20250928_1825_Elegant-Ring-Display_remix_01k68j7085f3k86t0hrmcbjk3w.png\",\"contentUrl\":\"https:\/\/brillancy.hu\/wp-content\/uploads\/2025\/01\/20250928_1825_Elegant-Ring-Display_remix_01k68j7085f3k86t0hrmcbjk3w.png\",\"width\":1024,\"height\":1024,\"caption\":\"Augustina gy\u00e9m\u00e1nt gy\u0171r\u0171\"},{\"@type\":\"BreadcrumbList\",\"@id\":\"https:\/\/brillancy.hu\/product\/augustina-gyemant-gyuru\/#breadcrumb\",\"itemListElement\":[{\"@type\":\"ListItem\",\"position\":1,\"name\":\"Home\",\"item\":\"https:\/\/brillancy.hu\/\"},{\"@type\":\"ListItem\",\"position\":2,\"name\":\"Term\u00e9kek\",\"item\":\"https:\/\/brillancy.hu\/termekek\/\"},{\"@type\":\"ListItem\",\"position\":3,\"name\":\"Augustina gy\u00e9m\u00e1nt gy\u0171r\u0171\"}]},{\"@type\":\"WebSite\",\"@id\":\"https:\/\/brillancy.hu\/#website\",\"url\":\"https:\/\/brillancy.hu\/\",\"name\":\"Brillancy\",\"description\":\"\",\"potentialAction\":[{\"@type\":\"SearchAction\",\"target\":{\"@type\":\"EntryPoint\",\"urlTemplate\":\"https:\/\/brillancy.hu\/?s={search_term_string}\"},\"query-input\":{\"@type\":\"PropertyValueSpecification\",\"valueRequired\":true,\"valueName\":\"search_term_string\"}}],\"inLanguage\":\"en-GB\"}]}<\/script>\n<!-- \/ Yoast SEO Premium plugin. -->","yoast_head_json":{"title":"Augustina gy\u00e9m\u00e1nt gy\u0171r\u0171 - Brillancy","description":"Augustina gy\u00e9m\u00e1nt gy\u0171r\u0171: Egyedi megjelen\u00e9s\u0171\u00a014 kar\u00e1tos arany eljegyz\u00e9si gy\u0171r\u0171, ov\u00e1lis csiszol\u00e1s\u00fa, fekete gy\u00e9m\u00e1nttal. K\u00fcl\u00f6nlegesen mer\u00e9sz.","robots":{"index":"index","follow":"follow","max-snippet":"max-snippet:-1","max-image-preview":"max-image-preview:large","max-video-preview":"max-video-preview:-1"},"canonical":"https:\/\/brillancy.hu\/en\/product\/augustina-gyemant-gyuru\/","og_locale":"en_GB","og_type":"article","og_title":"Augustina gy\u00e9m\u00e1nt gy\u0171r\u0171","og_description":"Augustina gy\u00e9m\u00e1nt gy\u0171r\u0171: Egyedi megjelen\u00e9s\u0171\u00a014 kar\u00e1tos arany eljegyz\u00e9si gy\u0171r\u0171, ov\u00e1lis csiszol\u00e1s\u00fa, fekete gy\u00e9m\u00e1nttal. K\u00fcl\u00f6nlegesen mer\u00e9sz.","og_url":"https:\/\/brillancy.hu\/en\/product\/augustina-gyemant-gyuru\/","og_site_name":"Brillancy","article_modified_time":"2025-10-17T09:56:16+00:00","og_image":[{"width":1024,"height":1024,"url":"https:\/\/brillancy.hu\/wp-content\/uploads\/2025\/01\/20250928_1825_Elegant-Ring-Display_remix_01k68j7085f3k86t0hrmcbjk3w.png","type":"image\/png"}],"twitter_card":"summary_large_image","twitter_misc":{"Estimated reading time":"2 minutes"},"schema":{"@context":"https:\/\/schema.org","@graph":[{"@type":"WebPage","@id":"https:\/\/brillancy.hu\/product\/augustina-gyemant-gyuru\/","url":"https:\/\/brillancy.hu\/product\/augustina-gyemant-gyuru\/","name":"Augustina gy\u00e9m\u00e1nt gy\u0171r\u0171 - Brillancy","isPartOf":{"@id":"https:\/\/brillancy.hu\/#website"},"primaryImageOfPage":{"@id":"https:\/\/brillancy.hu\/product\/augustina-gyemant-gyuru\/#primaryimage"},"image":{"@id":"https:\/\/brillancy.hu\/product\/augustina-gyemant-gyuru\/#primaryimage"},"thumbnailUrl":"https:\/\/brillancy.hu\/wp-content\/uploads\/2025\/01\/20250928_1825_Elegant-Ring-Display_remix_01k68j7085f3k86t0hrmcbjk3w.png","datePublished":"2025-01-31T17:21:20+00:00","dateModified":"2025-10-17T09:56:16+00:00","description":"Augustina gy\u00e9m\u00e1nt gy\u0171r\u0171: Egyedi megjelen\u00e9s\u0171\u00a014 kar\u00e1tos arany eljegyz\u00e9si gy\u0171r\u0171, ov\u00e1lis csiszol\u00e1s\u00fa, fekete gy\u00e9m\u00e1nttal. K\u00fcl\u00f6nlegesen mer\u00e9sz.","breadcrumb":{"@id":"https:\/\/brillancy.hu\/product\/augustina-gyemant-gyuru\/#breadcrumb"},"inLanguage":"en-GB","potentialAction":[{"@type":"ReadAction","target":["https:\/\/brillancy.hu\/product\/augustina-gyemant-gyuru\/"]}]},{"@type":"ImageObject","inLanguage":"en-GB","@id":"https:\/\/brillancy.hu\/product\/augustina-gyemant-gyuru\/#primaryimage","url":"https:\/\/brillancy.hu\/wp-content\/uploads\/2025\/01\/20250928_1825_Elegant-Ring-Display_remix_01k68j7085f3k86t0hrmcbjk3w.png","contentUrl":"https:\/\/brillancy.hu\/wp-content\/uploads\/2025\/01\/20250928_1825_Elegant-Ring-Display_remix_01k68j7085f3k86t0hrmcbjk3w.png","width":1024,"height":1024,"caption":"Augustina gy\u00e9m\u00e1nt gy\u0171r\u0171"},{"@type":"BreadcrumbList","@id":"https:\/\/brillancy.hu\/product\/augustina-gyemant-gyuru\/#breadcrumb","itemListElement":[{"@type":"ListItem","position":1,"name":"Home","item":"https:\/\/brillancy.hu\/"},{"@type":"ListItem","position":2,"name":"Term\u00e9kek","item":"https:\/\/brillancy.hu\/termekek\/"},{"@type":"ListItem","position":3,"name":"Augustina gy\u00e9m\u00e1nt gy\u0171r\u0171"}]},{"@type":"WebSite","@id":"https:\/\/brillancy.hu\/#website","url":"https:\/\/brillancy.hu\/","name":"Brillancy","description":"","potentialAction":[{"@type":"SearchAction","target":{"@type":"EntryPoint","urlTemplate":"https:\/\/brillancy.hu\/?s={search_term_string}"},"query-input":{"@type":"PropertyValueSpecification","valueRequired":true,"valueName":"search_term_string"}}],"inLanguage":"en-GB"}]}},"_links":{"self":[{"href":"https:\/\/brillancy.hu\/en\/wp-json\/wp\/v2\/product\/6414","targetHints":{"allow":["GET"]}}],"collection":[{"href":"https:\/\/brillancy.hu\/en\/wp-json\/wp\/v2\/product"}],"about":[{"href":"https:\/\/brillancy.hu\/en\/wp-json\/wp\/v2\/types\/product"}],"replies":[{"embeddable":true,"href":"https:\/\/brillancy.hu\/en\/wp-json\/wp\/v2\/comments?post=6414"}],"wp:featuredmedia":[{"embeddable":true,"href":"https:\/\/brillancy.hu\/en\/wp-json\/wp\/v2\/media\/11936"}],"wp:attachment":[{"href":"https:\/\/brillancy.hu\/en\/wp-json\/wp\/v2\/media?parent=6414"}],"wp:term":[{"taxonomy":"product_brand","embeddable":true,"href":"https:\/\/brillancy.hu\/en\/wp-json\/wp\/v2\/product_brand?post=6414"},{"taxonomy":"product_cat","embeddable":true,"href":"https:\/\/brillancy.hu\/en\/wp-json\/wp\/v2\/product_cat?post=6414"},{"taxonomy":"product_tag","embeddable":true,"href":"https:\/\/brillancy.hu\/en\/wp-json\/wp\/v2\/product_tag?post=6414"}],"curies":[{"name":"wp","href":"https:\/\/api.w.org\/{rel}","templated":true}]}}