{"id":6407,"date":"2025-01-31T18:21:19","date_gmt":"2025-01-31T17:21:19","guid":{"rendered":"https:\/\/brillancy.hu\/?post_type=product&#038;p=6407"},"modified":"2025-11-10T16:31:27","modified_gmt":"2025-11-10T15:31:27","slug":"evora-gyemant-gyuru","status":"publish","type":"product","link":"https:\/\/brillancy.hu\/en\/product\/evora-gyemant-gyuru\/","title":{"rendered":"Evora diamond ring"},"content":{"rendered":"<p><strong>Evora diamond ring<\/strong><\/p>\n<p><strong>Designer&#039;s recommendation:<\/strong><\/p>\n<p>Sophistication, lightness characteristics of this fantastic<strong>\u00a014 karat gold engagement ring<\/strong>which is a wonderful\u00a0<strong>princess cut black diamond<\/strong>\u00a0decorate. The gemstone is a\u00a0<strong>0,27 ct<\/strong>\u00a0mass\u00a0<strong>3.5 mm<\/strong> side length of wonderful\u00a0<strong>diamond<\/strong>\u00a0located, which truly exotic piece can be a jewelry box us. The socket is designed to\u00a0<strong>does not rise out of the gy\u0171r\u0171s\u00ednb\u0151l<\/strong>it&#039;s a plane, no fear of being caught in something.\u00a0<strong>Just wear this to the bold and badass piece by the Brillance of Hungarian Craft jewelry manufactory&#039;s team up!<\/strong><\/p>\n<ul>\n<li><b>Material:<\/b>\u00a0gold<\/li>\n<li><b>Fineness<\/b>: 585 thousandth, 14 carat<\/li>\n<li><b>Gemstone<\/b>: black princess cut diamond<\/li>\n<\/ul>\n<p>&nbsp;<\/p>\n<p><strong>Eternal life guarantee:<\/strong>\u00a0the jewelry structure of the material errors and gems<\/p>\n<p>The average production time is 10-15 working days. If you have any important date for which you want the product, please contact with us by phone +36 30 539 1179 number, or the info@brillancy.hu e-mail address.<\/p>\n<p><strong>Can be ordered in yellow, white or rose gold colors. The jewel to the gift box optional.<\/strong><\/p>\n<p><strong>Like the Evora diamond ring, but other size diamonds or colored gems did you imagine it?<\/strong>\u00a0It&#039;s not a problem. We like to give an offer to the expected ideas. Find us confidence on the phone +36 30 539 1179 number, or the info@brillancy.hu e-mail address.<\/p>\n<p><strong>Pay scrap gold<\/strong>\u00a0Damaged, old, or never used gold hiding at home in the cupboards? Bring it in to us and it will be transferred to you the chosen jewellery price.<\/p>","protected":false},"excerpt":{"rendered":"<p>Modern diamond ring, 14 karat gold, black, princess cut diamonds<\/p>","protected":false},"featured_media":11335,"comment_status":"closed","ping_status":"closed","template":"","meta":[],"product_brand":[],"product_cat":[35,17,133,32,24],"product_tag":[],"class_list":{"0":"post-6407","1":"product","2":"type-product","3":"status-publish","4":"has-post-thumbnail","6":"product_cat-egykoves","7":"product_cat-eljegyzesi-gyuruk","8":"product_cat-fekete-gyemant","9":"product_cat-modern","10":"product_cat-szogletes-princess","12":"first","13":"instock","14":"purchasable","15":"product-type-simple"},"yoast_head":"<!-- This site is optimized with the Yoast SEO Premium plugin v27.0 (Yoast SEO v27.0) - https:\/\/yoast.com\/product\/yoast-seo-premium-wordpress\/ -->\n<title>Evora gy\u00e9m\u00e1nt gy\u0171r\u0171 - Brillancy<\/title>\n<meta name=\"description\" content=\"Evora Gy\u00e9m\u00e1nt gy\u0171r\u0171 - Tervez\u0151 aj\u00e1nl\u00e1sa: Evora: Kifinomults\u00e1g, k\u00f6nnyeds\u00e9g jellemzik ezt a fantasztikus 14 kar\u00e1tos feh\u00e9rarany elj...\" \/>\n<meta name=\"robots\" content=\"index, follow, max-snippet:-1, max-image-preview:large, max-video-preview:-1\" \/>\n<link rel=\"canonical\" href=\"https:\/\/brillancy.hu\/en\/product\/evora-gyemant-gyuru\/\" \/>\n<meta property=\"og:locale\" content=\"en_GB\" \/>\n<meta property=\"og:type\" content=\"article\" \/>\n<meta property=\"og:title\" content=\"Evora gy\u00e9m\u00e1nt gy\u0171r\u0171\" \/>\n<meta property=\"og:description\" content=\"Evora Gy\u00e9m\u00e1nt gy\u0171r\u0171 - Tervez\u0151 aj\u00e1nl\u00e1sa: Evora: Kifinomults\u00e1g, k\u00f6nnyeds\u00e9g jellemzik ezt a fantasztikus 14 kar\u00e1tos feh\u00e9rarany elj...\" \/>\n<meta property=\"og:url\" content=\"https:\/\/brillancy.hu\/en\/product\/evora-gyemant-gyuru\/\" \/>\n<meta property=\"og:site_name\" content=\"Brillancy\" \/>\n<meta property=\"article:modified_time\" content=\"2025-11-10T15:31:27+00:00\" \/>\n<meta property=\"og:image\" content=\"https:\/\/brillancy.hu\/wp-content\/uploads\/2025\/07\/evora1.png\" \/>\n\t<meta property=\"og:image:width\" content=\"1024\" \/>\n\t<meta property=\"og:image:height\" content=\"1024\" \/>\n\t<meta property=\"og:image:type\" content=\"image\/png\" \/>\n<meta name=\"twitter:card\" content=\"summary_large_image\" \/>\n<meta name=\"twitter:label1\" content=\"Estimated reading time\" \/>\n\t<meta name=\"twitter:data1\" content=\"2 minutes\" \/>\n<script type=\"application\/ld+json\" class=\"yoast-schema-graph\">{\"@context\":\"https:\/\/schema.org\",\"@graph\":[{\"@type\":\"WebPage\",\"@id\":\"https:\/\/brillancy.hu\/product\/evora-gyemant-gyuru\/\",\"url\":\"https:\/\/brillancy.hu\/product\/evora-gyemant-gyuru\/\",\"name\":\"Evora gy\u00e9m\u00e1nt gy\u0171r\u0171 - Brillancy\",\"isPartOf\":{\"@id\":\"https:\/\/brillancy.hu\/#website\"},\"primaryImageOfPage\":{\"@id\":\"https:\/\/brillancy.hu\/product\/evora-gyemant-gyuru\/#primaryimage\"},\"image\":{\"@id\":\"https:\/\/brillancy.hu\/product\/evora-gyemant-gyuru\/#primaryimage\"},\"thumbnailUrl\":\"https:\/\/brillancy.hu\/wp-content\/uploads\/2025\/07\/evora1.png\",\"datePublished\":\"2025-01-31T17:21:19+00:00\",\"dateModified\":\"2025-11-10T15:31:27+00:00\",\"description\":\"Evora Gy\u00e9m\u00e1nt gy\u0171r\u0171 - Tervez\u0151 aj\u00e1nl\u00e1sa: Evora: Kifinomults\u00e1g, k\u00f6nnyeds\u00e9g jellemzik ezt a fantasztikus 14 kar\u00e1tos feh\u00e9rarany elj...\",\"breadcrumb\":{\"@id\":\"https:\/\/brillancy.hu\/product\/evora-gyemant-gyuru\/#breadcrumb\"},\"inLanguage\":\"en-GB\",\"potentialAction\":[{\"@type\":\"ReadAction\",\"target\":[\"https:\/\/brillancy.hu\/product\/evora-gyemant-gyuru\/\"]}]},{\"@type\":\"ImageObject\",\"inLanguage\":\"en-GB\",\"@id\":\"https:\/\/brillancy.hu\/product\/evora-gyemant-gyuru\/#primaryimage\",\"url\":\"https:\/\/brillancy.hu\/wp-content\/uploads\/2025\/07\/evora1.png\",\"contentUrl\":\"https:\/\/brillancy.hu\/wp-content\/uploads\/2025\/07\/evora1.png\",\"width\":1024,\"height\":1024,\"caption\":\"Evora Gy\u00e9m\u00e1nt gy\u0171r\u0171\"},{\"@type\":\"BreadcrumbList\",\"@id\":\"https:\/\/brillancy.hu\/product\/evora-gyemant-gyuru\/#breadcrumb\",\"itemListElement\":[{\"@type\":\"ListItem\",\"position\":1,\"name\":\"Home\",\"item\":\"https:\/\/brillancy.hu\/\"},{\"@type\":\"ListItem\",\"position\":2,\"name\":\"Term\u00e9kek\",\"item\":\"https:\/\/brillancy.hu\/termekek\/\"},{\"@type\":\"ListItem\",\"position\":3,\"name\":\"Evora gy\u00e9m\u00e1nt gy\u0171r\u0171\"}]},{\"@type\":\"WebSite\",\"@id\":\"https:\/\/brillancy.hu\/#website\",\"url\":\"https:\/\/brillancy.hu\/\",\"name\":\"Brillancy\",\"description\":\"\",\"potentialAction\":[{\"@type\":\"SearchAction\",\"target\":{\"@type\":\"EntryPoint\",\"urlTemplate\":\"https:\/\/brillancy.hu\/?s={search_term_string}\"},\"query-input\":{\"@type\":\"PropertyValueSpecification\",\"valueRequired\":true,\"valueName\":\"search_term_string\"}}],\"inLanguage\":\"en-GB\"}]}<\/script>\n<!-- \/ Yoast SEO Premium plugin. -->","yoast_head_json":{"title":"Evora gy\u00e9m\u00e1nt gy\u0171r\u0171 - Brillancy","description":"Evora Gy\u00e9m\u00e1nt gy\u0171r\u0171 - Tervez\u0151 aj\u00e1nl\u00e1sa: Evora: Kifinomults\u00e1g, k\u00f6nnyeds\u00e9g jellemzik ezt a fantasztikus 14 kar\u00e1tos feh\u00e9rarany elj...","robots":{"index":"index","follow":"follow","max-snippet":"max-snippet:-1","max-image-preview":"max-image-preview:large","max-video-preview":"max-video-preview:-1"},"canonical":"https:\/\/brillancy.hu\/en\/product\/evora-gyemant-gyuru\/","og_locale":"en_GB","og_type":"article","og_title":"Evora gy\u00e9m\u00e1nt gy\u0171r\u0171","og_description":"Evora Gy\u00e9m\u00e1nt gy\u0171r\u0171 - Tervez\u0151 aj\u00e1nl\u00e1sa: Evora: Kifinomults\u00e1g, k\u00f6nnyeds\u00e9g jellemzik ezt a fantasztikus 14 kar\u00e1tos feh\u00e9rarany elj...","og_url":"https:\/\/brillancy.hu\/en\/product\/evora-gyemant-gyuru\/","og_site_name":"Brillancy","article_modified_time":"2025-11-10T15:31:27+00:00","og_image":[{"width":1024,"height":1024,"url":"https:\/\/brillancy.hu\/wp-content\/uploads\/2025\/07\/evora1.png","type":"image\/png"}],"twitter_card":"summary_large_image","twitter_misc":{"Estimated reading time":"2 minutes"},"schema":{"@context":"https:\/\/schema.org","@graph":[{"@type":"WebPage","@id":"https:\/\/brillancy.hu\/product\/evora-gyemant-gyuru\/","url":"https:\/\/brillancy.hu\/product\/evora-gyemant-gyuru\/","name":"Evora gy\u00e9m\u00e1nt gy\u0171r\u0171 - Brillancy","isPartOf":{"@id":"https:\/\/brillancy.hu\/#website"},"primaryImageOfPage":{"@id":"https:\/\/brillancy.hu\/product\/evora-gyemant-gyuru\/#primaryimage"},"image":{"@id":"https:\/\/brillancy.hu\/product\/evora-gyemant-gyuru\/#primaryimage"},"thumbnailUrl":"https:\/\/brillancy.hu\/wp-content\/uploads\/2025\/07\/evora1.png","datePublished":"2025-01-31T17:21:19+00:00","dateModified":"2025-11-10T15:31:27+00:00","description":"Evora Gy\u00e9m\u00e1nt gy\u0171r\u0171 - Tervez\u0151 aj\u00e1nl\u00e1sa: Evora: Kifinomults\u00e1g, k\u00f6nnyeds\u00e9g jellemzik ezt a fantasztikus 14 kar\u00e1tos feh\u00e9rarany elj...","breadcrumb":{"@id":"https:\/\/brillancy.hu\/product\/evora-gyemant-gyuru\/#breadcrumb"},"inLanguage":"en-GB","potentialAction":[{"@type":"ReadAction","target":["https:\/\/brillancy.hu\/product\/evora-gyemant-gyuru\/"]}]},{"@type":"ImageObject","inLanguage":"en-GB","@id":"https:\/\/brillancy.hu\/product\/evora-gyemant-gyuru\/#primaryimage","url":"https:\/\/brillancy.hu\/wp-content\/uploads\/2025\/07\/evora1.png","contentUrl":"https:\/\/brillancy.hu\/wp-content\/uploads\/2025\/07\/evora1.png","width":1024,"height":1024,"caption":"Evora Gy\u00e9m\u00e1nt gy\u0171r\u0171"},{"@type":"BreadcrumbList","@id":"https:\/\/brillancy.hu\/product\/evora-gyemant-gyuru\/#breadcrumb","itemListElement":[{"@type":"ListItem","position":1,"name":"Home","item":"https:\/\/brillancy.hu\/"},{"@type":"ListItem","position":2,"name":"Term\u00e9kek","item":"https:\/\/brillancy.hu\/termekek\/"},{"@type":"ListItem","position":3,"name":"Evora gy\u00e9m\u00e1nt gy\u0171r\u0171"}]},{"@type":"WebSite","@id":"https:\/\/brillancy.hu\/#website","url":"https:\/\/brillancy.hu\/","name":"Brillancy","description":"","potentialAction":[{"@type":"SearchAction","target":{"@type":"EntryPoint","urlTemplate":"https:\/\/brillancy.hu\/?s={search_term_string}"},"query-input":{"@type":"PropertyValueSpecification","valueRequired":true,"valueName":"search_term_string"}}],"inLanguage":"en-GB"}]}},"_links":{"self":[{"href":"https:\/\/brillancy.hu\/en\/wp-json\/wp\/v2\/product\/6407","targetHints":{"allow":["GET"]}}],"collection":[{"href":"https:\/\/brillancy.hu\/en\/wp-json\/wp\/v2\/product"}],"about":[{"href":"https:\/\/brillancy.hu\/en\/wp-json\/wp\/v2\/types\/product"}],"replies":[{"embeddable":true,"href":"https:\/\/brillancy.hu\/en\/wp-json\/wp\/v2\/comments?post=6407"}],"wp:featuredmedia":[{"embeddable":true,"href":"https:\/\/brillancy.hu\/en\/wp-json\/wp\/v2\/media\/11335"}],"wp:attachment":[{"href":"https:\/\/brillancy.hu\/en\/wp-json\/wp\/v2\/media?parent=6407"}],"wp:term":[{"taxonomy":"product_brand","embeddable":true,"href":"https:\/\/brillancy.hu\/en\/wp-json\/wp\/v2\/product_brand?post=6407"},{"taxonomy":"product_cat","embeddable":true,"href":"https:\/\/brillancy.hu\/en\/wp-json\/wp\/v2\/product_cat?post=6407"},{"taxonomy":"product_tag","embeddable":true,"href":"https:\/\/brillancy.hu\/en\/wp-json\/wp\/v2\/product_tag?post=6407"}],"curies":[{"name":"wp","href":"https:\/\/api.w.org\/{rel}","templated":true}]}}