{"id":6406,"date":"2025-01-31T18:21:19","date_gmt":"2025-01-31T17:21:19","guid":{"rendered":"https:\/\/brillancy.hu\/?post_type=product&#038;p=6406"},"modified":"2025-11-10T15:36:07","modified_gmt":"2025-11-10T14:36:07","slug":"pollock-gyemant-gyuru","status":"publish","type":"product","link":"https:\/\/brillancy.hu\/en\/product\/pollock-gyemant-gyuru\/","title":{"rendered":"Pollock Diamond ring"},"content":{"rendered":"<p>Pollock Diamond ring<\/p>\n<p>Fine line management of <strong>14 karat white gold engagement ring, natural diamond<\/strong>. The ring is in a <strong>0,11 ct<\/strong> mass <strong>3,1 mm<\/strong> diameter <strong>princess<\/strong> cut, <strong>white diamond<\/strong> located, which truly exotic piece can be jewelry collection crazies. Thin, graceful splint has so comfortable to wear granted, but fascinated square with the lines. Is a modern woman&#039;s wardrobe with essential pieces of such a wonderful piece of jewelry. <strong>Precision-designed white gold engagement ring the Brillance of Hungarian Craft jewelry manufactory team!<\/strong><\/p>\n<ul>\n<li><strong>Material: <\/strong>gold<\/li>\n<li><strong>Fineness:<\/strong> 585 thousandth, 14 carat<\/li>\n<li><strong>Gemstone:<\/strong> princess cut diamond<\/li>\n<li><strong>Eternal life guarantee:<\/strong>\u00a0material errors and gems<\/li>\n<\/ul>\n<p><strong>Free renewal:<\/strong>\u00a0We undertake the engagement jeweled ring free scratch-free sales of five times and one time the jewel complete renovation of the purchase, within five years!<\/p>\n<p><strong>The average preparation time is 10-15 working days. The ring gift box is optional, and required free size adjust.<\/strong><\/p>\n<p><strong>Pay scrap gold<\/strong>\u00a0Damaged, old, or never used gold hiding at home in the cupboards? Bring it in to us and discounts are factored in for the selected engagement jeweled ring price.<\/p>\n<p><strong>Like the jewelry, but different quality diamonds, or colorful gems did you imagine it? It&#039;s not a problem. We like to give you an offer to the expected ideas. Find us confidence on the phone +36 30 539 1179 number, or the <\/strong><a href=\"mailto:info@brillancy.hu\"><strong><span style=\"color: blue;\">info@brillancy.hu<\/span><\/strong><\/a><strong> e-mail address.<\/strong><\/p>","protected":false},"excerpt":{"rendered":"<p>Dynamic Modern white gold ring, diamond Pollock Diamond ring Stunning guy Favorable price, eternal life guarantee.<\/p>","protected":false},"featured_media":10882,"comment_status":"closed","ping_status":"closed","template":"","meta":[],"product_brand":[],"product_cat":[35,17,39,32,24],"product_tag":[],"class_list":{"0":"post-6406","1":"product","2":"type-product","3":"status-publish","4":"has-post-thumbnail","6":"product_cat-egykoves","7":"product_cat-eljegyzesi-gyuruk","8":"product_cat-gyemant","9":"product_cat-modern","10":"product_cat-szogletes-princess","12":"first","13":"instock","14":"purchasable","15":"product-type-simple"},"yoast_head":"<!-- This site is optimized with the Yoast SEO Premium plugin v27.0 (Yoast SEO v27.0) - https:\/\/yoast.com\/product\/yoast-seo-premium-wordpress\/ -->\n<title>Pollock Gy\u00e9m\u00e1nt gy\u0171r\u0171 - Brillancy<\/title>\n<meta name=\"description\" content=\"Pollock Gy\u00e9m\u00e1nt gy\u0171r\u0171 - Tervez\u0151 aj\u00e1nl\u00e1sa: Pollock: Finom vonalvezet\u00e9s\u0171 14 kar\u00e1tos feh\u00e9rarany eljegyz\u00e9si gy\u0171r\u0171, term\u00e9szetes g...\" \/>\n<meta name=\"robots\" content=\"index, follow, max-snippet:-1, max-image-preview:large, max-video-preview:-1\" \/>\n<link rel=\"canonical\" href=\"https:\/\/brillancy.hu\/en\/product\/pollock-gyemant-gyuru\/\" \/>\n<meta property=\"og:locale\" content=\"en_GB\" \/>\n<meta property=\"og:type\" content=\"article\" \/>\n<meta property=\"og:title\" content=\"Pollock Gy\u00e9m\u00e1nt gy\u0171r\u0171\" \/>\n<meta property=\"og:description\" content=\"Pollock Gy\u00e9m\u00e1nt gy\u0171r\u0171 - Tervez\u0151 aj\u00e1nl\u00e1sa: Pollock: Finom vonalvezet\u00e9s\u0171 14 kar\u00e1tos feh\u00e9rarany eljegyz\u00e9si gy\u0171r\u0171, term\u00e9szetes g...\" \/>\n<meta property=\"og:url\" content=\"https:\/\/brillancy.hu\/en\/product\/pollock-gyemant-gyuru\/\" \/>\n<meta property=\"og:site_name\" content=\"Brillancy\" \/>\n<meta property=\"article:modified_time\" content=\"2025-11-10T14:36:07+00:00\" \/>\n<meta property=\"og:image\" content=\"https:\/\/brillancy.hu\/wp-content\/uploads\/2025\/01\/20250621_1441_Elegant-Diamond-Ring_remix_01jy981twxft3azhhxf18dcr37.png\" \/>\n\t<meta property=\"og:image:width\" content=\"1024\" \/>\n\t<meta property=\"og:image:height\" content=\"1024\" \/>\n\t<meta property=\"og:image:type\" content=\"image\/png\" \/>\n<meta name=\"twitter:card\" content=\"summary_large_image\" \/>\n<meta name=\"twitter:label1\" content=\"Estimated reading time\" \/>\n\t<meta name=\"twitter:data1\" content=\"2 minutes\" \/>\n<script type=\"application\/ld+json\" class=\"yoast-schema-graph\">{\"@context\":\"https:\/\/schema.org\",\"@graph\":[{\"@type\":\"WebPage\",\"@id\":\"https:\/\/brillancy.hu\/product\/pollock-gyemant-gyuru\/\",\"url\":\"https:\/\/brillancy.hu\/product\/pollock-gyemant-gyuru\/\",\"name\":\"Pollock Gy\u00e9m\u00e1nt gy\u0171r\u0171 - Brillancy\",\"isPartOf\":{\"@id\":\"https:\/\/brillancy.hu\/#website\"},\"primaryImageOfPage\":{\"@id\":\"https:\/\/brillancy.hu\/product\/pollock-gyemant-gyuru\/#primaryimage\"},\"image\":{\"@id\":\"https:\/\/brillancy.hu\/product\/pollock-gyemant-gyuru\/#primaryimage\"},\"thumbnailUrl\":\"https:\/\/brillancy.hu\/wp-content\/uploads\/2025\/01\/20250621_1441_Elegant-Diamond-Ring_remix_01jy981twxft3azhhxf18dcr37.png\",\"datePublished\":\"2025-01-31T17:21:19+00:00\",\"dateModified\":\"2025-11-10T14:36:07+00:00\",\"description\":\"Pollock Gy\u00e9m\u00e1nt gy\u0171r\u0171 - Tervez\u0151 aj\u00e1nl\u00e1sa: Pollock: Finom vonalvezet\u00e9s\u0171 14 kar\u00e1tos feh\u00e9rarany eljegyz\u00e9si gy\u0171r\u0171, term\u00e9szetes g...\",\"breadcrumb\":{\"@id\":\"https:\/\/brillancy.hu\/product\/pollock-gyemant-gyuru\/#breadcrumb\"},\"inLanguage\":\"en-GB\",\"potentialAction\":[{\"@type\":\"ReadAction\",\"target\":[\"https:\/\/brillancy.hu\/product\/pollock-gyemant-gyuru\/\"]}]},{\"@type\":\"ImageObject\",\"inLanguage\":\"en-GB\",\"@id\":\"https:\/\/brillancy.hu\/product\/pollock-gyemant-gyuru\/#primaryimage\",\"url\":\"https:\/\/brillancy.hu\/wp-content\/uploads\/2025\/01\/20250621_1441_Elegant-Diamond-Ring_remix_01jy981twxft3azhhxf18dcr37.png\",\"contentUrl\":\"https:\/\/brillancy.hu\/wp-content\/uploads\/2025\/01\/20250621_1441_Elegant-Diamond-Ring_remix_01jy981twxft3azhhxf18dcr37.png\",\"width\":1024,\"height\":1024,\"caption\":\"Pollock Gy\u00e9m\u00e1nt gy\u0171r\u0171\"},{\"@type\":\"BreadcrumbList\",\"@id\":\"https:\/\/brillancy.hu\/product\/pollock-gyemant-gyuru\/#breadcrumb\",\"itemListElement\":[{\"@type\":\"ListItem\",\"position\":1,\"name\":\"Home\",\"item\":\"https:\/\/brillancy.hu\/\"},{\"@type\":\"ListItem\",\"position\":2,\"name\":\"Term\u00e9kek\",\"item\":\"https:\/\/brillancy.hu\/termekek\/\"},{\"@type\":\"ListItem\",\"position\":3,\"name\":\"Pollock Gy\u00e9m\u00e1nt gy\u0171r\u0171\"}]},{\"@type\":\"WebSite\",\"@id\":\"https:\/\/brillancy.hu\/#website\",\"url\":\"https:\/\/brillancy.hu\/\",\"name\":\"Brillancy\",\"description\":\"\",\"potentialAction\":[{\"@type\":\"SearchAction\",\"target\":{\"@type\":\"EntryPoint\",\"urlTemplate\":\"https:\/\/brillancy.hu\/?s={search_term_string}\"},\"query-input\":{\"@type\":\"PropertyValueSpecification\",\"valueRequired\":true,\"valueName\":\"search_term_string\"}}],\"inLanguage\":\"en-GB\"}]}<\/script>\n<!-- \/ Yoast SEO Premium plugin. -->","yoast_head_json":{"title":"Pollock Gy\u00e9m\u00e1nt gy\u0171r\u0171 - Brillancy","description":"Pollock Gy\u00e9m\u00e1nt gy\u0171r\u0171 - Tervez\u0151 aj\u00e1nl\u00e1sa: Pollock: Finom vonalvezet\u00e9s\u0171 14 kar\u00e1tos feh\u00e9rarany eljegyz\u00e9si gy\u0171r\u0171, term\u00e9szetes g...","robots":{"index":"index","follow":"follow","max-snippet":"max-snippet:-1","max-image-preview":"max-image-preview:large","max-video-preview":"max-video-preview:-1"},"canonical":"https:\/\/brillancy.hu\/en\/product\/pollock-gyemant-gyuru\/","og_locale":"en_GB","og_type":"article","og_title":"Pollock Gy\u00e9m\u00e1nt gy\u0171r\u0171","og_description":"Pollock Gy\u00e9m\u00e1nt gy\u0171r\u0171 - Tervez\u0151 aj\u00e1nl\u00e1sa: Pollock: Finom vonalvezet\u00e9s\u0171 14 kar\u00e1tos feh\u00e9rarany eljegyz\u00e9si gy\u0171r\u0171, term\u00e9szetes g...","og_url":"https:\/\/brillancy.hu\/en\/product\/pollock-gyemant-gyuru\/","og_site_name":"Brillancy","article_modified_time":"2025-11-10T14:36:07+00:00","og_image":[{"width":1024,"height":1024,"url":"https:\/\/brillancy.hu\/wp-content\/uploads\/2025\/01\/20250621_1441_Elegant-Diamond-Ring_remix_01jy981twxft3azhhxf18dcr37.png","type":"image\/png"}],"twitter_card":"summary_large_image","twitter_misc":{"Estimated reading time":"2 minutes"},"schema":{"@context":"https:\/\/schema.org","@graph":[{"@type":"WebPage","@id":"https:\/\/brillancy.hu\/product\/pollock-gyemant-gyuru\/","url":"https:\/\/brillancy.hu\/product\/pollock-gyemant-gyuru\/","name":"Pollock Gy\u00e9m\u00e1nt gy\u0171r\u0171 - Brillancy","isPartOf":{"@id":"https:\/\/brillancy.hu\/#website"},"primaryImageOfPage":{"@id":"https:\/\/brillancy.hu\/product\/pollock-gyemant-gyuru\/#primaryimage"},"image":{"@id":"https:\/\/brillancy.hu\/product\/pollock-gyemant-gyuru\/#primaryimage"},"thumbnailUrl":"https:\/\/brillancy.hu\/wp-content\/uploads\/2025\/01\/20250621_1441_Elegant-Diamond-Ring_remix_01jy981twxft3azhhxf18dcr37.png","datePublished":"2025-01-31T17:21:19+00:00","dateModified":"2025-11-10T14:36:07+00:00","description":"Pollock Gy\u00e9m\u00e1nt gy\u0171r\u0171 - Tervez\u0151 aj\u00e1nl\u00e1sa: Pollock: Finom vonalvezet\u00e9s\u0171 14 kar\u00e1tos feh\u00e9rarany eljegyz\u00e9si gy\u0171r\u0171, term\u00e9szetes g...","breadcrumb":{"@id":"https:\/\/brillancy.hu\/product\/pollock-gyemant-gyuru\/#breadcrumb"},"inLanguage":"en-GB","potentialAction":[{"@type":"ReadAction","target":["https:\/\/brillancy.hu\/product\/pollock-gyemant-gyuru\/"]}]},{"@type":"ImageObject","inLanguage":"en-GB","@id":"https:\/\/brillancy.hu\/product\/pollock-gyemant-gyuru\/#primaryimage","url":"https:\/\/brillancy.hu\/wp-content\/uploads\/2025\/01\/20250621_1441_Elegant-Diamond-Ring_remix_01jy981twxft3azhhxf18dcr37.png","contentUrl":"https:\/\/brillancy.hu\/wp-content\/uploads\/2025\/01\/20250621_1441_Elegant-Diamond-Ring_remix_01jy981twxft3azhhxf18dcr37.png","width":1024,"height":1024,"caption":"Pollock Gy\u00e9m\u00e1nt gy\u0171r\u0171"},{"@type":"BreadcrumbList","@id":"https:\/\/brillancy.hu\/product\/pollock-gyemant-gyuru\/#breadcrumb","itemListElement":[{"@type":"ListItem","position":1,"name":"Home","item":"https:\/\/brillancy.hu\/"},{"@type":"ListItem","position":2,"name":"Term\u00e9kek","item":"https:\/\/brillancy.hu\/termekek\/"},{"@type":"ListItem","position":3,"name":"Pollock Gy\u00e9m\u00e1nt gy\u0171r\u0171"}]},{"@type":"WebSite","@id":"https:\/\/brillancy.hu\/#website","url":"https:\/\/brillancy.hu\/","name":"Brillancy","description":"","potentialAction":[{"@type":"SearchAction","target":{"@type":"EntryPoint","urlTemplate":"https:\/\/brillancy.hu\/?s={search_term_string}"},"query-input":{"@type":"PropertyValueSpecification","valueRequired":true,"valueName":"search_term_string"}}],"inLanguage":"en-GB"}]}},"_links":{"self":[{"href":"https:\/\/brillancy.hu\/en\/wp-json\/wp\/v2\/product\/6406","targetHints":{"allow":["GET"]}}],"collection":[{"href":"https:\/\/brillancy.hu\/en\/wp-json\/wp\/v2\/product"}],"about":[{"href":"https:\/\/brillancy.hu\/en\/wp-json\/wp\/v2\/types\/product"}],"replies":[{"embeddable":true,"href":"https:\/\/brillancy.hu\/en\/wp-json\/wp\/v2\/comments?post=6406"}],"wp:featuredmedia":[{"embeddable":true,"href":"https:\/\/brillancy.hu\/en\/wp-json\/wp\/v2\/media\/10882"}],"wp:attachment":[{"href":"https:\/\/brillancy.hu\/en\/wp-json\/wp\/v2\/media?parent=6406"}],"wp:term":[{"taxonomy":"product_brand","embeddable":true,"href":"https:\/\/brillancy.hu\/en\/wp-json\/wp\/v2\/product_brand?post=6406"},{"taxonomy":"product_cat","embeddable":true,"href":"https:\/\/brillancy.hu\/en\/wp-json\/wp\/v2\/product_cat?post=6406"},{"taxonomy":"product_tag","embeddable":true,"href":"https:\/\/brillancy.hu\/en\/wp-json\/wp\/v2\/product_tag?post=6406"}],"curies":[{"name":"wp","href":"https:\/\/api.w.org\/{rel}","templated":true}]}}