{"id":6378,"date":"2025-01-31T18:20:57","date_gmt":"2025-01-31T17:20:57","guid":{"rendered":"https:\/\/brillancy.hu\/?post_type=product&#038;p=6378"},"modified":"2025-10-17T10:56:16","modified_gmt":"2025-10-17T09:56:16","slug":"cornelia-gyemant-gyuru","status":"publish","type":"product","link":"https:\/\/brillancy.hu\/en\/product\/cornelia-gyemant-gyuru\/","title":{"rendered":"Cornelia Diamond ring"},"content":{"rendered":"<p>Cornelia Diamond ring<\/p>\n<p>Fun, wrapped around the lines of\u00a0<strong>white gold diamond ring is for those who are a stylish, sleek pieces, you feel and they don&#039;t like the outstanding sockets.<\/strong>\u00a0<strong>The gy\u0171r\u0171s\u00edn at the beginning and end to a brilliant cut, 3 mm diameter 0,10 ct-os, black diamond will be involved.<\/strong><\/p>\n<p>When I wear it, it looks like only two sides would affect the white gold, the gems, but actually, from the bottom safely keep. This design due to dynamic changes in the ring&#039;s appearance and accentuate the black diamond to properly represent the special, contrasting spectacle wearer&#039;s finger. Square and curved forms a wonderful game of this modern engagement ring, which is simultaneously fashionable and comfortable.<\/p>\n<ul>\n<li><strong>Material:<\/strong>\u00a0gold<\/li>\n<li><strong>Fineness<\/strong>: 585 thousandth, 14 carat<\/li>\n<li><strong>Gemstone<\/strong>: brilliant cut black diamonds<\/li>\n<li><strong>Eternal life guarantee:<\/strong>\u00a0the jewelry structure of the material errors and gems<\/li>\n<\/ul>\n<p><strong>Free renewal:<\/strong>\u00a0We take your diamond ring, free scratch-free sales of and purification of five times (once a year) the purchase within five years.<\/p>\n<p><strong>Gift box:\u00a0<\/strong>The ring is a gift in the box set, and several kinds of colors You can pick out!<\/p>\n<p><strong>Pay scrap gold<\/strong>\u00a0Damaged, old, or never used gold hiding at home in the cupboards? Bring it in to us and high count For the selected diamond ring price.<\/p>\n<p><strong>I like the diamond ring, but a different size diamonds, or colorful gems did you imagine it? It&#039;s not a problem. We like to give an offer to the expected ideas. Find us confidence on the phone +36 30 539 1179 number, or the\u00a0<\/strong><a href=\"mailto:info@brillancy.hu\"><strong>info@brillancy.hu<\/strong><\/a><strong>\u00a0e-mail address.<\/strong><\/p>","protected":false},"excerpt":{"rendered":"<p>Cornelia diamond ring \u2013 Dynamically Modern \u2013 Unique white gold diamond ring the Brillance jewelry manufactory offer \u2013 reasonable price, eternal life guarantee<\/p>","protected":false},"featured_media":11962,"comment_status":"closed","ping_status":"closed","template":"","meta":[],"product_brand":[],"product_cat":[35,17,133,22,32],"product_tag":[],"class_list":{"0":"post-6378","1":"product","2":"type-product","3":"status-publish","4":"has-post-thumbnail","6":"product_cat-egykoves","7":"product_cat-eljegyzesi-gyuruk","8":"product_cat-fekete-gyemant","9":"product_cat-kerek","10":"product_cat-modern","12":"first","13":"instock","14":"purchasable","15":"product-type-simple"},"yoast_head":"<!-- This site is optimized with the Yoast SEO Premium plugin v27.0 (Yoast SEO v27.0) - https:\/\/yoast.com\/product\/yoast-seo-premium-wordpress\/ -->\n<title>Cornelia Gy\u00e9m\u00e1nt gy\u0171r\u0171 - Brillancy<\/title>\n<meta name=\"description\" content=\"Cornelia Gy\u00e9m\u00e1nt gy\u0171r\u0171 - A tervez\u0151 aj\u00e1nl\u00e1sa: Cornelia gy\u00e9m\u00e1nt gy\u0171r\u0171:\u00a0Vid\u00e1m, tekered\u0151 vonalvezet\u00e9s\u0171\u00a0feh\u00e9rarany gy\u00e9m\u00e1nt g...\" \/>\n<meta name=\"robots\" content=\"index, follow, max-snippet:-1, max-image-preview:large, max-video-preview:-1\" \/>\n<link rel=\"canonical\" href=\"https:\/\/brillancy.hu\/en\/product\/cornelia-gyemant-gyuru\/\" \/>\n<meta property=\"og:locale\" content=\"en_GB\" \/>\n<meta property=\"og:type\" content=\"article\" \/>\n<meta property=\"og:title\" content=\"Cornelia Gy\u00e9m\u00e1nt gy\u0171r\u0171\" \/>\n<meta property=\"og:description\" content=\"Cornelia Gy\u00e9m\u00e1nt gy\u0171r\u0171 - A tervez\u0151 aj\u00e1nl\u00e1sa: Cornelia gy\u00e9m\u00e1nt gy\u0171r\u0171:\u00a0Vid\u00e1m, tekered\u0151 vonalvezet\u00e9s\u0171\u00a0feh\u00e9rarany gy\u00e9m\u00e1nt g...\" \/>\n<meta property=\"og:url\" content=\"https:\/\/brillancy.hu\/en\/product\/cornelia-gyemant-gyuru\/\" \/>\n<meta property=\"og:site_name\" content=\"Brillancy\" \/>\n<meta property=\"article:modified_time\" content=\"2025-10-17T09:56:16+00:00\" \/>\n<meta property=\"og:image\" content=\"https:\/\/brillancy.hu\/wp-content\/uploads\/2025\/01\/20250928_1924_Minimalist-Ring-Design_remix_01k68nkrppejbtrmjm6hkrq6q8.png\" \/>\n\t<meta property=\"og:image:width\" content=\"1024\" \/>\n\t<meta property=\"og:image:height\" content=\"1024\" \/>\n\t<meta property=\"og:image:type\" content=\"image\/png\" \/>\n<meta name=\"twitter:card\" content=\"summary_large_image\" \/>\n<meta name=\"twitter:label1\" content=\"Estimated reading time\" \/>\n\t<meta name=\"twitter:data1\" content=\"2 minutes\" \/>\n<script type=\"application\/ld+json\" class=\"yoast-schema-graph\">{\"@context\":\"https:\/\/schema.org\",\"@graph\":[{\"@type\":\"WebPage\",\"@id\":\"https:\/\/brillancy.hu\/product\/cornelia-gyemant-gyuru\/\",\"url\":\"https:\/\/brillancy.hu\/product\/cornelia-gyemant-gyuru\/\",\"name\":\"Cornelia Gy\u00e9m\u00e1nt gy\u0171r\u0171 - Brillancy\",\"isPartOf\":{\"@id\":\"https:\/\/brillancy.hu\/#website\"},\"primaryImageOfPage\":{\"@id\":\"https:\/\/brillancy.hu\/product\/cornelia-gyemant-gyuru\/#primaryimage\"},\"image\":{\"@id\":\"https:\/\/brillancy.hu\/product\/cornelia-gyemant-gyuru\/#primaryimage\"},\"thumbnailUrl\":\"https:\/\/brillancy.hu\/wp-content\/uploads\/2025\/01\/20250928_1924_Minimalist-Ring-Design_remix_01k68nkrppejbtrmjm6hkrq6q8.png\",\"datePublished\":\"2025-01-31T17:20:57+00:00\",\"dateModified\":\"2025-10-17T09:56:16+00:00\",\"description\":\"Cornelia Gy\u00e9m\u00e1nt gy\u0171r\u0171 - A tervez\u0151 aj\u00e1nl\u00e1sa: Cornelia gy\u00e9m\u00e1nt gy\u0171r\u0171:\u00a0Vid\u00e1m, tekered\u0151 vonalvezet\u00e9s\u0171\u00a0feh\u00e9rarany gy\u00e9m\u00e1nt g...\",\"breadcrumb\":{\"@id\":\"https:\/\/brillancy.hu\/product\/cornelia-gyemant-gyuru\/#breadcrumb\"},\"inLanguage\":\"en-GB\",\"potentialAction\":[{\"@type\":\"ReadAction\",\"target\":[\"https:\/\/brillancy.hu\/product\/cornelia-gyemant-gyuru\/\"]}]},{\"@type\":\"ImageObject\",\"inLanguage\":\"en-GB\",\"@id\":\"https:\/\/brillancy.hu\/product\/cornelia-gyemant-gyuru\/#primaryimage\",\"url\":\"https:\/\/brillancy.hu\/wp-content\/uploads\/2025\/01\/20250928_1924_Minimalist-Ring-Design_remix_01k68nkrppejbtrmjm6hkrq6q8.png\",\"contentUrl\":\"https:\/\/brillancy.hu\/wp-content\/uploads\/2025\/01\/20250928_1924_Minimalist-Ring-Design_remix_01k68nkrppejbtrmjm6hkrq6q8.png\",\"width\":1024,\"height\":1024,\"caption\":\"Cornelia Gy\u00e9m\u00e1nt gy\u0171r\u0171\"},{\"@type\":\"BreadcrumbList\",\"@id\":\"https:\/\/brillancy.hu\/product\/cornelia-gyemant-gyuru\/#breadcrumb\",\"itemListElement\":[{\"@type\":\"ListItem\",\"position\":1,\"name\":\"Home\",\"item\":\"https:\/\/brillancy.hu\/\"},{\"@type\":\"ListItem\",\"position\":2,\"name\":\"Term\u00e9kek\",\"item\":\"https:\/\/brillancy.hu\/termekek\/\"},{\"@type\":\"ListItem\",\"position\":3,\"name\":\"Cornelia Gy\u00e9m\u00e1nt gy\u0171r\u0171\"}]},{\"@type\":\"WebSite\",\"@id\":\"https:\/\/brillancy.hu\/#website\",\"url\":\"https:\/\/brillancy.hu\/\",\"name\":\"Brillancy\",\"description\":\"\",\"potentialAction\":[{\"@type\":\"SearchAction\",\"target\":{\"@type\":\"EntryPoint\",\"urlTemplate\":\"https:\/\/brillancy.hu\/?s={search_term_string}\"},\"query-input\":{\"@type\":\"PropertyValueSpecification\",\"valueRequired\":true,\"valueName\":\"search_term_string\"}}],\"inLanguage\":\"en-GB\"}]}<\/script>\n<!-- \/ Yoast SEO Premium plugin. -->","yoast_head_json":{"title":"Cornelia Gy\u00e9m\u00e1nt gy\u0171r\u0171 - Brillancy","description":"Cornelia Gy\u00e9m\u00e1nt gy\u0171r\u0171 - A tervez\u0151 aj\u00e1nl\u00e1sa: Cornelia gy\u00e9m\u00e1nt gy\u0171r\u0171:\u00a0Vid\u00e1m, tekered\u0151 vonalvezet\u00e9s\u0171\u00a0feh\u00e9rarany gy\u00e9m\u00e1nt g...","robots":{"index":"index","follow":"follow","max-snippet":"max-snippet:-1","max-image-preview":"max-image-preview:large","max-video-preview":"max-video-preview:-1"},"canonical":"https:\/\/brillancy.hu\/en\/product\/cornelia-gyemant-gyuru\/","og_locale":"en_GB","og_type":"article","og_title":"Cornelia Gy\u00e9m\u00e1nt gy\u0171r\u0171","og_description":"Cornelia Gy\u00e9m\u00e1nt gy\u0171r\u0171 - A tervez\u0151 aj\u00e1nl\u00e1sa: Cornelia gy\u00e9m\u00e1nt gy\u0171r\u0171:\u00a0Vid\u00e1m, tekered\u0151 vonalvezet\u00e9s\u0171\u00a0feh\u00e9rarany gy\u00e9m\u00e1nt g...","og_url":"https:\/\/brillancy.hu\/en\/product\/cornelia-gyemant-gyuru\/","og_site_name":"Brillancy","article_modified_time":"2025-10-17T09:56:16+00:00","og_image":[{"width":1024,"height":1024,"url":"https:\/\/brillancy.hu\/wp-content\/uploads\/2025\/01\/20250928_1924_Minimalist-Ring-Design_remix_01k68nkrppejbtrmjm6hkrq6q8.png","type":"image\/png"}],"twitter_card":"summary_large_image","twitter_misc":{"Estimated reading time":"2 minutes"},"schema":{"@context":"https:\/\/schema.org","@graph":[{"@type":"WebPage","@id":"https:\/\/brillancy.hu\/product\/cornelia-gyemant-gyuru\/","url":"https:\/\/brillancy.hu\/product\/cornelia-gyemant-gyuru\/","name":"Cornelia Gy\u00e9m\u00e1nt gy\u0171r\u0171 - Brillancy","isPartOf":{"@id":"https:\/\/brillancy.hu\/#website"},"primaryImageOfPage":{"@id":"https:\/\/brillancy.hu\/product\/cornelia-gyemant-gyuru\/#primaryimage"},"image":{"@id":"https:\/\/brillancy.hu\/product\/cornelia-gyemant-gyuru\/#primaryimage"},"thumbnailUrl":"https:\/\/brillancy.hu\/wp-content\/uploads\/2025\/01\/20250928_1924_Minimalist-Ring-Design_remix_01k68nkrppejbtrmjm6hkrq6q8.png","datePublished":"2025-01-31T17:20:57+00:00","dateModified":"2025-10-17T09:56:16+00:00","description":"Cornelia Gy\u00e9m\u00e1nt gy\u0171r\u0171 - A tervez\u0151 aj\u00e1nl\u00e1sa: Cornelia gy\u00e9m\u00e1nt gy\u0171r\u0171:\u00a0Vid\u00e1m, tekered\u0151 vonalvezet\u00e9s\u0171\u00a0feh\u00e9rarany gy\u00e9m\u00e1nt g...","breadcrumb":{"@id":"https:\/\/brillancy.hu\/product\/cornelia-gyemant-gyuru\/#breadcrumb"},"inLanguage":"en-GB","potentialAction":[{"@type":"ReadAction","target":["https:\/\/brillancy.hu\/product\/cornelia-gyemant-gyuru\/"]}]},{"@type":"ImageObject","inLanguage":"en-GB","@id":"https:\/\/brillancy.hu\/product\/cornelia-gyemant-gyuru\/#primaryimage","url":"https:\/\/brillancy.hu\/wp-content\/uploads\/2025\/01\/20250928_1924_Minimalist-Ring-Design_remix_01k68nkrppejbtrmjm6hkrq6q8.png","contentUrl":"https:\/\/brillancy.hu\/wp-content\/uploads\/2025\/01\/20250928_1924_Minimalist-Ring-Design_remix_01k68nkrppejbtrmjm6hkrq6q8.png","width":1024,"height":1024,"caption":"Cornelia Gy\u00e9m\u00e1nt gy\u0171r\u0171"},{"@type":"BreadcrumbList","@id":"https:\/\/brillancy.hu\/product\/cornelia-gyemant-gyuru\/#breadcrumb","itemListElement":[{"@type":"ListItem","position":1,"name":"Home","item":"https:\/\/brillancy.hu\/"},{"@type":"ListItem","position":2,"name":"Term\u00e9kek","item":"https:\/\/brillancy.hu\/termekek\/"},{"@type":"ListItem","position":3,"name":"Cornelia Gy\u00e9m\u00e1nt gy\u0171r\u0171"}]},{"@type":"WebSite","@id":"https:\/\/brillancy.hu\/#website","url":"https:\/\/brillancy.hu\/","name":"Brillancy","description":"","potentialAction":[{"@type":"SearchAction","target":{"@type":"EntryPoint","urlTemplate":"https:\/\/brillancy.hu\/?s={search_term_string}"},"query-input":{"@type":"PropertyValueSpecification","valueRequired":true,"valueName":"search_term_string"}}],"inLanguage":"en-GB"}]}},"_links":{"self":[{"href":"https:\/\/brillancy.hu\/en\/wp-json\/wp\/v2\/product\/6378","targetHints":{"allow":["GET"]}}],"collection":[{"href":"https:\/\/brillancy.hu\/en\/wp-json\/wp\/v2\/product"}],"about":[{"href":"https:\/\/brillancy.hu\/en\/wp-json\/wp\/v2\/types\/product"}],"replies":[{"embeddable":true,"href":"https:\/\/brillancy.hu\/en\/wp-json\/wp\/v2\/comments?post=6378"}],"wp:featuredmedia":[{"embeddable":true,"href":"https:\/\/brillancy.hu\/en\/wp-json\/wp\/v2\/media\/11962"}],"wp:attachment":[{"href":"https:\/\/brillancy.hu\/en\/wp-json\/wp\/v2\/media?parent=6378"}],"wp:term":[{"taxonomy":"product_brand","embeddable":true,"href":"https:\/\/brillancy.hu\/en\/wp-json\/wp\/v2\/product_brand?post=6378"},{"taxonomy":"product_cat","embeddable":true,"href":"https:\/\/brillancy.hu\/en\/wp-json\/wp\/v2\/product_cat?post=6378"},{"taxonomy":"product_tag","embeddable":true,"href":"https:\/\/brillancy.hu\/en\/wp-json\/wp\/v2\/product_tag?post=6378"}],"curies":[{"name":"wp","href":"https:\/\/api.w.org\/{rel}","templated":true}]}}