{"id":6377,"date":"2025-01-31T18:20:57","date_gmt":"2025-01-31T17:20:57","guid":{"rendered":"https:\/\/brillancy.hu\/?post_type=product&#038;p=6377"},"modified":"2025-10-17T10:56:16","modified_gmt":"2025-10-17T09:56:16","slug":"oxford-gyemant-gyuru","status":"publish","type":"product","link":"https:\/\/brillancy.hu\/en\/product\/oxford-gyemant-gyuru\/","title":{"rendered":"Oxford Diamond ring"},"content":{"rendered":"<p>Oxford Diamond ring<\/p>\n<p><strong>Oxford:<\/strong> A spectacular and magnificent <strong>14 karat white gold engagement ring, brilliant diamonds. The precious stones, brilliant cut diamonds are wonderful, scintillating light.<\/strong> The center is a magnificent <strong>0,30 ct<\/strong> mass<strong> 4,2 mm<\/strong> diameter <strong>black diamond<\/strong>by closing, <strong>two piece 3.2 mm<\/strong> diameter, each<strong> 0,12 ct<\/strong> mass also<strong> black diamond<\/strong>.<\/p>\n<p>A feket\u00e9n ragyog\u00f3 h\u00e1rom nagyobb gy\u00e9m\u00e1ntot \u00f6sszesen <strong>50 pieces<\/strong> less <strong>0.8 mm<\/strong> diameter <strong>white diamond<\/strong> surrounded by.<strong> The overall effect is eye-popping! Meticulous work with the Brillance of Hungarian Craft jewelry manufactory team lucky wearer like a Queen decorate!<\/strong><\/p>\n<ul>\n<li><strong>Material: <\/strong>gold<\/li>\n<li><strong>Fineness:<\/strong> 585 thousandth, 14 carat<\/li>\n<li><strong>Gemstone:<\/strong> Brilliant cut diamond<\/li>\n<li><strong>Average ring weight<\/strong>: 3,1 g<\/li>\n<li><strong>Eternal life guarantee:<\/strong>\u00a0material errors and gems<\/li>\n<\/ul>\n<p><strong>Free renewal:<\/strong>\u00a0We undertake the engagement jeweled ring free scratch-free sales of five times and one time the jewel complete renovation of the purchase, within five years!<\/p>\n<p><strong>The average preparation time is 10-15 working days. The ring gift box is optional, and required free size adjust.<\/strong><\/p>\n<p><strong>Pay scrap gold<\/strong>\u00a0Damaged, old, or never used gold hiding at home in the cupboards? Bring it in to us and discounts are factored in for the selected engagement jeweled ring price.<\/p>\n<p><strong>Like the jewelry, but different quality diamonds, or colorful gems did you imagine it? It&#039;s not a problem. We like to give you an offer to the expected ideas. Find us confidence on the phone +36 30 539 1179 number, or the <\/strong><a href=\"mailto:info@brillancy.hu\"><strong><span style=\"color: blue; text-decoration: none;\">info@brillancy.hu<\/span><\/strong><\/a><strong> e-mail address.<\/strong><\/p>","protected":false},"excerpt":{"rendered":"<p>Oxford Gy\u00e9m\u00e1nt gy\u0171r\u0171 &#8211; Dinamikusan Modern Feh\u00e9rarany gy\u0171r\u0171, gy\u00e9m\u00e1nttal Oxford Gy\u00e9m\u00e1nt gy\u0171r\u0171 Leny\u0171g\u00f6z\u00f6 fazon Kedvez\u00f6 \u00e1r, \u00f6r\u00f6k \u00e9let garancia.<\/p>","protected":false},"featured_media":11912,"comment_status":"closed","ping_status":"closed","template":"","meta":[],"product_brand":[],"product_cat":[124,21,17,39,22,32,37],"product_tag":[],"class_list":{"0":"post-6377","1":"product","2":"type-product","3":"status-publish","4":"has-post-thumbnail","6":"product_cat-dragakoves-gyuruk","7":"product_cat-ekszerek","8":"product_cat-eljegyzesi-gyuruk","9":"product_cat-gyemant","10":"product_cat-kerek","11":"product_cat-modern","12":"product_cat-tobb-koves","14":"first","15":"instock","16":"purchasable","17":"product-type-simple"},"yoast_head":"<!-- This site is optimized with the Yoast SEO Premium plugin v27.0 (Yoast SEO v27.4) - https:\/\/yoast.com\/product\/yoast-seo-premium-wordpress\/ -->\n<title>Oxford Gy\u00e9m\u00e1nt gy\u0171r\u0171 - Brillancy<\/title>\n<meta name=\"description\" content=\"Oxford Gy\u00e9m\u00e1nt gy\u0171r\u0171 - Dinamikusan Modern Feh\u00e9rarany gy\u0171r\u0171, gy\u00e9m\u00e1nttal Oxford Gy\u00e9m\u00e1nt gy\u0171r\u0171 Leny\u0171g\u00f6z\u00f6 fazon Kedvez\u00f6 \u00e1r, \u00f6r\u00f6k \u00e9let garancia.\" \/>\n<meta name=\"robots\" content=\"index, follow, max-snippet:-1, max-image-preview:large, max-video-preview:-1\" \/>\n<link rel=\"canonical\" href=\"https:\/\/brillancy.hu\/en\/product\/oxford-gyemant-gyuru\/\" \/>\n<meta property=\"og:locale\" content=\"en_GB\" \/>\n<meta property=\"og:type\" content=\"article\" \/>\n<meta property=\"og:title\" content=\"Oxford Gy\u00e9m\u00e1nt gy\u0171r\u0171\" \/>\n<meta property=\"og:description\" content=\"Oxford Gy\u00e9m\u00e1nt gy\u0171r\u0171 - Dinamikusan Modern Feh\u00e9rarany gy\u0171r\u0171, gy\u00e9m\u00e1nttal Oxford Gy\u00e9m\u00e1nt gy\u0171r\u0171 Leny\u0171g\u00f6z\u00f6 fazon Kedvez\u00f6 \u00e1r, \u00f6r\u00f6k \u00e9let garancia.\" \/>\n<meta property=\"og:url\" content=\"https:\/\/brillancy.hu\/en\/product\/oxford-gyemant-gyuru\/\" \/>\n<meta property=\"og:site_name\" content=\"Brillancy\" \/>\n<meta property=\"article:modified_time\" content=\"2025-10-17T09:56:16+00:00\" \/>\n<meta property=\"og:image\" content=\"https:\/\/brillancy.hu\/wp-content\/uploads\/2025\/01\/20250928_1202_Elegant-Ring-Display_remix_01k67watkqfwkrfz9gg4846v8n.png\" \/>\n\t<meta property=\"og:image:width\" content=\"1024\" \/>\n\t<meta property=\"og:image:height\" content=\"1024\" \/>\n\t<meta property=\"og:image:type\" content=\"image\/png\" \/>\n<meta name=\"twitter:card\" content=\"summary_large_image\" \/>\n<meta name=\"twitter:label1\" content=\"Estimated reading time\" \/>\n\t<meta name=\"twitter:data1\" content=\"2 minutes\" \/>\n<script type=\"application\/ld+json\" class=\"yoast-schema-graph\">{\"@context\":\"https:\\\/\\\/schema.org\",\"@graph\":[{\"@type\":\"WebPage\",\"@id\":\"https:\\\/\\\/brillancy.hu\\\/product\\\/oxford-gyemant-gyuru\\\/\",\"url\":\"https:\\\/\\\/brillancy.hu\\\/product\\\/oxford-gyemant-gyuru\\\/\",\"name\":\"Oxford Gy\u00e9m\u00e1nt gy\u0171r\u0171 - Brillancy\",\"isPartOf\":{\"@id\":\"https:\\\/\\\/brillancy.hu\\\/#website\"},\"primaryImageOfPage\":{\"@id\":\"https:\\\/\\\/brillancy.hu\\\/product\\\/oxford-gyemant-gyuru\\\/#primaryimage\"},\"image\":{\"@id\":\"https:\\\/\\\/brillancy.hu\\\/product\\\/oxford-gyemant-gyuru\\\/#primaryimage\"},\"thumbnailUrl\":\"https:\\\/\\\/brillancy.hu\\\/wp-content\\\/uploads\\\/2025\\\/01\\\/20250928_1202_Elegant-Ring-Display_remix_01k67watkqfwkrfz9gg4846v8n.png\",\"datePublished\":\"2025-01-31T17:20:57+00:00\",\"dateModified\":\"2025-10-17T09:56:16+00:00\",\"description\":\"Oxford Gy\u00e9m\u00e1nt gy\u0171r\u0171 - Dinamikusan Modern Feh\u00e9rarany gy\u0171r\u0171, gy\u00e9m\u00e1nttal Oxford Gy\u00e9m\u00e1nt gy\u0171r\u0171 Leny\u0171g\u00f6z\u00f6 fazon Kedvez\u00f6 \u00e1r, \u00f6r\u00f6k \u00e9let garancia.\",\"breadcrumb\":{\"@id\":\"https:\\\/\\\/brillancy.hu\\\/product\\\/oxford-gyemant-gyuru\\\/#breadcrumb\"},\"inLanguage\":\"en-GB\",\"potentialAction\":[{\"@type\":\"ReadAction\",\"target\":[\"https:\\\/\\\/brillancy.hu\\\/product\\\/oxford-gyemant-gyuru\\\/\"]}]},{\"@type\":\"ImageObject\",\"inLanguage\":\"en-GB\",\"@id\":\"https:\\\/\\\/brillancy.hu\\\/product\\\/oxford-gyemant-gyuru\\\/#primaryimage\",\"url\":\"https:\\\/\\\/brillancy.hu\\\/wp-content\\\/uploads\\\/2025\\\/01\\\/20250928_1202_Elegant-Ring-Display_remix_01k67watkqfwkrfz9gg4846v8n.png\",\"contentUrl\":\"https:\\\/\\\/brillancy.hu\\\/wp-content\\\/uploads\\\/2025\\\/01\\\/20250928_1202_Elegant-Ring-Display_remix_01k67watkqfwkrfz9gg4846v8n.png\",\"width\":1024,\"height\":1024,\"caption\":\"Oxford Gy\u00e9m\u00e1nt gy\u0171r\u0171\"},{\"@type\":\"BreadcrumbList\",\"@id\":\"https:\\\/\\\/brillancy.hu\\\/product\\\/oxford-gyemant-gyuru\\\/#breadcrumb\",\"itemListElement\":[{\"@type\":\"ListItem\",\"position\":1,\"name\":\"Home\",\"item\":\"https:\\\/\\\/brillancy.hu\\\/\"},{\"@type\":\"ListItem\",\"position\":2,\"name\":\"Term\u00e9kek\",\"item\":\"https:\\\/\\\/brillancy.hu\\\/termekek\\\/\"},{\"@type\":\"ListItem\",\"position\":3,\"name\":\"Oxford Gy\u00e9m\u00e1nt gy\u0171r\u0171\"}]},{\"@type\":\"WebSite\",\"@id\":\"https:\\\/\\\/brillancy.hu\\\/#website\",\"url\":\"https:\\\/\\\/brillancy.hu\\\/\",\"name\":\"Brillancy\",\"description\":\"\",\"potentialAction\":[{\"@type\":\"SearchAction\",\"target\":{\"@type\":\"EntryPoint\",\"urlTemplate\":\"https:\\\/\\\/brillancy.hu\\\/?s={search_term_string}\"},\"query-input\":{\"@type\":\"PropertyValueSpecification\",\"valueRequired\":true,\"valueName\":\"search_term_string\"}}],\"inLanguage\":\"en-GB\"}]}<\/script>\n<!-- \/ Yoast SEO Premium plugin. -->","yoast_head_json":{"title":"Oxford Gy\u00e9m\u00e1nt gy\u0171r\u0171 - Brillancy","description":"Oxford Gy\u00e9m\u00e1nt gy\u0171r\u0171 - Dinamikusan Modern Feh\u00e9rarany gy\u0171r\u0171, gy\u00e9m\u00e1nttal Oxford Gy\u00e9m\u00e1nt gy\u0171r\u0171 Leny\u0171g\u00f6z\u00f6 fazon Kedvez\u00f6 \u00e1r, \u00f6r\u00f6k \u00e9let garancia.","robots":{"index":"index","follow":"follow","max-snippet":"max-snippet:-1","max-image-preview":"max-image-preview:large","max-video-preview":"max-video-preview:-1"},"canonical":"https:\/\/brillancy.hu\/en\/product\/oxford-gyemant-gyuru\/","og_locale":"en_GB","og_type":"article","og_title":"Oxford Gy\u00e9m\u00e1nt gy\u0171r\u0171","og_description":"Oxford Gy\u00e9m\u00e1nt gy\u0171r\u0171 - Dinamikusan Modern Feh\u00e9rarany gy\u0171r\u0171, gy\u00e9m\u00e1nttal Oxford Gy\u00e9m\u00e1nt gy\u0171r\u0171 Leny\u0171g\u00f6z\u00f6 fazon Kedvez\u00f6 \u00e1r, \u00f6r\u00f6k \u00e9let garancia.","og_url":"https:\/\/brillancy.hu\/en\/product\/oxford-gyemant-gyuru\/","og_site_name":"Brillancy","article_modified_time":"2025-10-17T09:56:16+00:00","og_image":[{"width":1024,"height":1024,"url":"https:\/\/brillancy.hu\/wp-content\/uploads\/2025\/01\/20250928_1202_Elegant-Ring-Display_remix_01k67watkqfwkrfz9gg4846v8n.png","type":"image\/png"}],"twitter_card":"summary_large_image","twitter_misc":{"Estimated reading time":"2 minutes"},"schema":{"@context":"https:\/\/schema.org","@graph":[{"@type":"WebPage","@id":"https:\/\/brillancy.hu\/product\/oxford-gyemant-gyuru\/","url":"https:\/\/brillancy.hu\/product\/oxford-gyemant-gyuru\/","name":"Oxford Gy\u00e9m\u00e1nt gy\u0171r\u0171 - Brillancy","isPartOf":{"@id":"https:\/\/brillancy.hu\/#website"},"primaryImageOfPage":{"@id":"https:\/\/brillancy.hu\/product\/oxford-gyemant-gyuru\/#primaryimage"},"image":{"@id":"https:\/\/brillancy.hu\/product\/oxford-gyemant-gyuru\/#primaryimage"},"thumbnailUrl":"https:\/\/brillancy.hu\/wp-content\/uploads\/2025\/01\/20250928_1202_Elegant-Ring-Display_remix_01k67watkqfwkrfz9gg4846v8n.png","datePublished":"2025-01-31T17:20:57+00:00","dateModified":"2025-10-17T09:56:16+00:00","description":"Oxford Gy\u00e9m\u00e1nt gy\u0171r\u0171 - Dinamikusan Modern Feh\u00e9rarany gy\u0171r\u0171, gy\u00e9m\u00e1nttal Oxford Gy\u00e9m\u00e1nt gy\u0171r\u0171 Leny\u0171g\u00f6z\u00f6 fazon Kedvez\u00f6 \u00e1r, \u00f6r\u00f6k \u00e9let garancia.","breadcrumb":{"@id":"https:\/\/brillancy.hu\/product\/oxford-gyemant-gyuru\/#breadcrumb"},"inLanguage":"en-GB","potentialAction":[{"@type":"ReadAction","target":["https:\/\/brillancy.hu\/product\/oxford-gyemant-gyuru\/"]}]},{"@type":"ImageObject","inLanguage":"en-GB","@id":"https:\/\/brillancy.hu\/product\/oxford-gyemant-gyuru\/#primaryimage","url":"https:\/\/brillancy.hu\/wp-content\/uploads\/2025\/01\/20250928_1202_Elegant-Ring-Display_remix_01k67watkqfwkrfz9gg4846v8n.png","contentUrl":"https:\/\/brillancy.hu\/wp-content\/uploads\/2025\/01\/20250928_1202_Elegant-Ring-Display_remix_01k67watkqfwkrfz9gg4846v8n.png","width":1024,"height":1024,"caption":"Oxford Gy\u00e9m\u00e1nt gy\u0171r\u0171"},{"@type":"BreadcrumbList","@id":"https:\/\/brillancy.hu\/product\/oxford-gyemant-gyuru\/#breadcrumb","itemListElement":[{"@type":"ListItem","position":1,"name":"Home","item":"https:\/\/brillancy.hu\/"},{"@type":"ListItem","position":2,"name":"Term\u00e9kek","item":"https:\/\/brillancy.hu\/termekek\/"},{"@type":"ListItem","position":3,"name":"Oxford Gy\u00e9m\u00e1nt gy\u0171r\u0171"}]},{"@type":"WebSite","@id":"https:\/\/brillancy.hu\/#website","url":"https:\/\/brillancy.hu\/","name":"Brillancy","description":"","potentialAction":[{"@type":"SearchAction","target":{"@type":"EntryPoint","urlTemplate":"https:\/\/brillancy.hu\/?s={search_term_string}"},"query-input":{"@type":"PropertyValueSpecification","valueRequired":true,"valueName":"search_term_string"}}],"inLanguage":"en-GB"}]}},"_links":{"self":[{"href":"https:\/\/brillancy.hu\/en\/wp-json\/wp\/v2\/product\/6377","targetHints":{"allow":["GET"]}}],"collection":[{"href":"https:\/\/brillancy.hu\/en\/wp-json\/wp\/v2\/product"}],"about":[{"href":"https:\/\/brillancy.hu\/en\/wp-json\/wp\/v2\/types\/product"}],"replies":[{"embeddable":true,"href":"https:\/\/brillancy.hu\/en\/wp-json\/wp\/v2\/comments?post=6377"}],"wp:featuredmedia":[{"embeddable":true,"href":"https:\/\/brillancy.hu\/en\/wp-json\/wp\/v2\/media\/11912"}],"wp:attachment":[{"href":"https:\/\/brillancy.hu\/en\/wp-json\/wp\/v2\/media?parent=6377"}],"wp:term":[{"taxonomy":"product_brand","embeddable":true,"href":"https:\/\/brillancy.hu\/en\/wp-json\/wp\/v2\/product_brand?post=6377"},{"taxonomy":"product_cat","embeddable":true,"href":"https:\/\/brillancy.hu\/en\/wp-json\/wp\/v2\/product_cat?post=6377"},{"taxonomy":"product_tag","embeddable":true,"href":"https:\/\/brillancy.hu\/en\/wp-json\/wp\/v2\/product_tag?post=6377"}],"curies":[{"name":"wp","href":"https:\/\/api.w.org\/{rel}","templated":true}]}}