{"id":6316,"date":"2025-01-31T18:20:35","date_gmt":"2025-01-31T17:20:35","guid":{"rendered":"https:\/\/brillancy.hu\/?post_type=product&#038;p=6316"},"modified":"2025-10-17T10:56:17","modified_gmt":"2025-10-17T09:56:17","slug":"salma-feherarany-eljegyzesi-gyuru","status":"publish","type":"product","link":"https:\/\/brillancy.hu\/en\/product\/salma-feherarany-eljegyzesi-gyuru\/","title":{"rendered":"Salma white gold engagement ring"},"content":{"rendered":"<p>Salma white gold engagement ring<\/p>\n<p><strong>Salma<\/strong>: Are designed for this<strong> 14 karat white gold engagement ring<\/strong>t, who the complicated, twisted forms in contrast to something really sleek appearance of the piece you&#039;re looking for. This is the jewel in the <strong>minimalism born under<\/strong>all kinds of decorative elements from severe, straightforward lines and simplicity characteristics.<\/p>\n<p><strong>A beautiful ornament to a brilliant cut, 0,10 ct weight of 3 mm in diameter, blue diamond, which completely become one with the ring in the sense that it does not rise out of the gy\u0171r\u0171s\u00edn above. So comfortable to wear that you almost can&#039;t even tell.<\/strong> The ring width of the slot at the diamond line to the side and a nice transition narrows. Interface is available polished, or if mysterious than you want, you semigloss also we can make, both great shows.<\/p>\n<ul>\n<li><strong>Material<\/strong>: gold<\/li>\n<li><strong>Fineness<\/strong>: 585 thousandth<\/li>\n<li><strong>Gemstone<\/strong>: brilliant cut diamond<\/li>\n<\/ul>\n<p><strong>Eternal life guarantee:<\/strong>\u00a0the jewelry structure of the material errors and gems<\/p>\n<p>The average production time is 10-15 working days. If you have any important date for which you want the product, please contact with us by phone +36 30 539 1179 number, or the info@brillancy.hu e-mail address.<\/p>\n<p><strong>Can be ordered in yellow, white or rose gold colors. The jewel to the gift box optional.<\/strong><\/p>\n<p><strong>I like the Astoria diamond ring, but other size diamonds or colored gems did you imagine it?<\/strong>\u00a0It&#039;s not a problem. We like to give an offer to the expected ideas. Find us confidence on the phone +36 30 539 1179 number, or the info@brillancy.hu e-mail address.<\/p>\n<p><strong>Pay scrap gold<\/strong>\u00a0Damaged, old, or never used gold hiding at home in the cupboards? Bring it in to us and it will be transferred to you the chosen jewellery price.<\/p>","protected":false},"excerpt":{"rendered":"<p><strong>Salma feh\u00e9rarany eljegyz\u00e9si gy\u0171r\u0171\u00a0 &#8211; \u00c1lomsz\u00e9p 14 kar\u00e1tos feh\u00e9rarany eljegyz\u00e9si gy\u0171r\u0171. Kedvez\u0151 \u00e1r, \u00f6r\u00f6k \u00e9let garancia. V\u00e1logass a Brillancy Magyar K\u00e9zm\u0171ves \u00c9kszermanufakt\u00fara k\u00edn\u00e1lat\u00e1b\u00f3l!<\/strong><\/p>","protected":false},"featured_media":11923,"comment_status":"closed","ping_status":"closed","template":"","meta":[],"product_brand":[],"product_cat":[35,17,39,22,32],"product_tag":[],"class_list":{"0":"post-6316","1":"product","2":"type-product","3":"status-publish","4":"has-post-thumbnail","6":"product_cat-egykoves","7":"product_cat-eljegyzesi-gyuruk","8":"product_cat-gyemant","9":"product_cat-kerek","10":"product_cat-modern","12":"first","13":"instock","14":"purchasable","15":"product-type-simple"},"yoast_head":"<!-- This site is optimized with the Yoast SEO Premium plugin v27.0 (Yoast SEO v27.4) - https:\/\/yoast.com\/product\/yoast-seo-premium-wordpress\/ -->\n<title>Salma feh\u00e9rarany eljegyz\u00e9si gy\u0171r\u0171 - Brillancy<\/title>\n<meta name=\"description\" content=\"Salma feh\u00e9rarany eljegyz\u00e9si gy\u0171r\u0171 - \u00c1lomsz\u00e9p 14 kar\u00e1tos feh\u00e9rarany eljegyz\u00e9si gy\u0171r\u0171. Kedvez\u0151 \u00e1r, \u00f6r\u00f6k \u00e9let garancia.\" \/>\n<meta name=\"robots\" content=\"index, follow, max-snippet:-1, max-image-preview:large, max-video-preview:-1\" \/>\n<link rel=\"canonical\" href=\"https:\/\/brillancy.hu\/en\/product\/salma-feherarany-eljegyzesi-gyuru\/\" \/>\n<meta property=\"og:locale\" content=\"en_GB\" \/>\n<meta property=\"og:type\" content=\"article\" \/>\n<meta property=\"og:title\" content=\"Salma feh\u00e9rarany eljegyz\u00e9si gy\u0171r\u0171\" \/>\n<meta property=\"og:description\" content=\"Salma feh\u00e9rarany eljegyz\u00e9si gy\u0171r\u0171 - \u00c1lomsz\u00e9p 14 kar\u00e1tos feh\u00e9rarany eljegyz\u00e9si gy\u0171r\u0171. Kedvez\u0151 \u00e1r, \u00f6r\u00f6k \u00e9let garancia.\" \/>\n<meta property=\"og:url\" content=\"https:\/\/brillancy.hu\/en\/product\/salma-feherarany-eljegyzesi-gyuru\/\" \/>\n<meta property=\"og:site_name\" content=\"Brillancy\" \/>\n<meta property=\"article:modified_time\" content=\"2025-10-17T09:56:17+00:00\" \/>\n<meta property=\"og:image\" content=\"https:\/\/brillancy.hu\/wp-content\/uploads\/2025\/01\/20250928_1409_Elegant-Ring-Display_remix_01k683k4tkezg99bx9hw4fjme7.png\" \/>\n\t<meta property=\"og:image:width\" content=\"1024\" \/>\n\t<meta property=\"og:image:height\" content=\"1024\" \/>\n\t<meta property=\"og:image:type\" content=\"image\/png\" \/>\n<meta name=\"twitter:card\" content=\"summary_large_image\" \/>\n<meta name=\"twitter:label1\" content=\"Estimated reading time\" \/>\n\t<meta name=\"twitter:data1\" content=\"1 minute\" \/>\n<script type=\"application\/ld+json\" class=\"yoast-schema-graph\">{\"@context\":\"https:\\\/\\\/schema.org\",\"@graph\":[{\"@type\":\"WebPage\",\"@id\":\"https:\\\/\\\/brillancy.hu\\\/product\\\/salma-feherarany-eljegyzesi-gyuru\\\/\",\"url\":\"https:\\\/\\\/brillancy.hu\\\/product\\\/salma-feherarany-eljegyzesi-gyuru\\\/\",\"name\":\"Salma feh\u00e9rarany eljegyz\u00e9si gy\u0171r\u0171 - Brillancy\",\"isPartOf\":{\"@id\":\"https:\\\/\\\/brillancy.hu\\\/#website\"},\"primaryImageOfPage\":{\"@id\":\"https:\\\/\\\/brillancy.hu\\\/product\\\/salma-feherarany-eljegyzesi-gyuru\\\/#primaryimage\"},\"image\":{\"@id\":\"https:\\\/\\\/brillancy.hu\\\/product\\\/salma-feherarany-eljegyzesi-gyuru\\\/#primaryimage\"},\"thumbnailUrl\":\"https:\\\/\\\/brillancy.hu\\\/wp-content\\\/uploads\\\/2025\\\/01\\\/20250928_1409_Elegant-Ring-Display_remix_01k683k4tkezg99bx9hw4fjme7.png\",\"datePublished\":\"2025-01-31T17:20:35+00:00\",\"dateModified\":\"2025-10-17T09:56:17+00:00\",\"description\":\"Salma feh\u00e9rarany eljegyz\u00e9si gy\u0171r\u0171 - \u00c1lomsz\u00e9p 14 kar\u00e1tos feh\u00e9rarany eljegyz\u00e9si gy\u0171r\u0171. Kedvez\u0151 \u00e1r, \u00f6r\u00f6k \u00e9let garancia.\",\"breadcrumb\":{\"@id\":\"https:\\\/\\\/brillancy.hu\\\/product\\\/salma-feherarany-eljegyzesi-gyuru\\\/#breadcrumb\"},\"inLanguage\":\"en-GB\",\"potentialAction\":[{\"@type\":\"ReadAction\",\"target\":[\"https:\\\/\\\/brillancy.hu\\\/product\\\/salma-feherarany-eljegyzesi-gyuru\\\/\"]}]},{\"@type\":\"ImageObject\",\"inLanguage\":\"en-GB\",\"@id\":\"https:\\\/\\\/brillancy.hu\\\/product\\\/salma-feherarany-eljegyzesi-gyuru\\\/#primaryimage\",\"url\":\"https:\\\/\\\/brillancy.hu\\\/wp-content\\\/uploads\\\/2025\\\/01\\\/20250928_1409_Elegant-Ring-Display_remix_01k683k4tkezg99bx9hw4fjme7.png\",\"contentUrl\":\"https:\\\/\\\/brillancy.hu\\\/wp-content\\\/uploads\\\/2025\\\/01\\\/20250928_1409_Elegant-Ring-Display_remix_01k683k4tkezg99bx9hw4fjme7.png\",\"width\":1024,\"height\":1024,\"caption\":\"Salma feh\u00e9rarany eljegyz\u00e9si gy\u0171r\u0171\"},{\"@type\":\"BreadcrumbList\",\"@id\":\"https:\\\/\\\/brillancy.hu\\\/product\\\/salma-feherarany-eljegyzesi-gyuru\\\/#breadcrumb\",\"itemListElement\":[{\"@type\":\"ListItem\",\"position\":1,\"name\":\"Home\",\"item\":\"https:\\\/\\\/brillancy.hu\\\/\"},{\"@type\":\"ListItem\",\"position\":2,\"name\":\"Term\u00e9kek\",\"item\":\"https:\\\/\\\/brillancy.hu\\\/termekek\\\/\"},{\"@type\":\"ListItem\",\"position\":3,\"name\":\"Salma feh\u00e9rarany eljegyz\u00e9si gy\u0171r\u0171\"}]},{\"@type\":\"WebSite\",\"@id\":\"https:\\\/\\\/brillancy.hu\\\/#website\",\"url\":\"https:\\\/\\\/brillancy.hu\\\/\",\"name\":\"Brillancy\",\"description\":\"\",\"potentialAction\":[{\"@type\":\"SearchAction\",\"target\":{\"@type\":\"EntryPoint\",\"urlTemplate\":\"https:\\\/\\\/brillancy.hu\\\/?s={search_term_string}\"},\"query-input\":{\"@type\":\"PropertyValueSpecification\",\"valueRequired\":true,\"valueName\":\"search_term_string\"}}],\"inLanguage\":\"en-GB\"}]}<\/script>\n<!-- \/ Yoast SEO Premium plugin. -->","yoast_head_json":{"title":"Salma feh\u00e9rarany eljegyz\u00e9si gy\u0171r\u0171 - Brillancy","description":"Salma feh\u00e9rarany eljegyz\u00e9si gy\u0171r\u0171 - \u00c1lomsz\u00e9p 14 kar\u00e1tos feh\u00e9rarany eljegyz\u00e9si gy\u0171r\u0171. Kedvez\u0151 \u00e1r, \u00f6r\u00f6k \u00e9let garancia.","robots":{"index":"index","follow":"follow","max-snippet":"max-snippet:-1","max-image-preview":"max-image-preview:large","max-video-preview":"max-video-preview:-1"},"canonical":"https:\/\/brillancy.hu\/en\/product\/salma-feherarany-eljegyzesi-gyuru\/","og_locale":"en_GB","og_type":"article","og_title":"Salma feh\u00e9rarany eljegyz\u00e9si gy\u0171r\u0171","og_description":"Salma feh\u00e9rarany eljegyz\u00e9si gy\u0171r\u0171 - \u00c1lomsz\u00e9p 14 kar\u00e1tos feh\u00e9rarany eljegyz\u00e9si gy\u0171r\u0171. Kedvez\u0151 \u00e1r, \u00f6r\u00f6k \u00e9let garancia.","og_url":"https:\/\/brillancy.hu\/en\/product\/salma-feherarany-eljegyzesi-gyuru\/","og_site_name":"Brillancy","article_modified_time":"2025-10-17T09:56:17+00:00","og_image":[{"width":1024,"height":1024,"url":"https:\/\/brillancy.hu\/wp-content\/uploads\/2025\/01\/20250928_1409_Elegant-Ring-Display_remix_01k683k4tkezg99bx9hw4fjme7.png","type":"image\/png"}],"twitter_card":"summary_large_image","twitter_misc":{"Estimated reading time":"1 minute"},"schema":{"@context":"https:\/\/schema.org","@graph":[{"@type":"WebPage","@id":"https:\/\/brillancy.hu\/product\/salma-feherarany-eljegyzesi-gyuru\/","url":"https:\/\/brillancy.hu\/product\/salma-feherarany-eljegyzesi-gyuru\/","name":"Salma feh\u00e9rarany eljegyz\u00e9si gy\u0171r\u0171 - Brillancy","isPartOf":{"@id":"https:\/\/brillancy.hu\/#website"},"primaryImageOfPage":{"@id":"https:\/\/brillancy.hu\/product\/salma-feherarany-eljegyzesi-gyuru\/#primaryimage"},"image":{"@id":"https:\/\/brillancy.hu\/product\/salma-feherarany-eljegyzesi-gyuru\/#primaryimage"},"thumbnailUrl":"https:\/\/brillancy.hu\/wp-content\/uploads\/2025\/01\/20250928_1409_Elegant-Ring-Display_remix_01k683k4tkezg99bx9hw4fjme7.png","datePublished":"2025-01-31T17:20:35+00:00","dateModified":"2025-10-17T09:56:17+00:00","description":"Salma feh\u00e9rarany eljegyz\u00e9si gy\u0171r\u0171 - \u00c1lomsz\u00e9p 14 kar\u00e1tos feh\u00e9rarany eljegyz\u00e9si gy\u0171r\u0171. Kedvez\u0151 \u00e1r, \u00f6r\u00f6k \u00e9let garancia.","breadcrumb":{"@id":"https:\/\/brillancy.hu\/product\/salma-feherarany-eljegyzesi-gyuru\/#breadcrumb"},"inLanguage":"en-GB","potentialAction":[{"@type":"ReadAction","target":["https:\/\/brillancy.hu\/product\/salma-feherarany-eljegyzesi-gyuru\/"]}]},{"@type":"ImageObject","inLanguage":"en-GB","@id":"https:\/\/brillancy.hu\/product\/salma-feherarany-eljegyzesi-gyuru\/#primaryimage","url":"https:\/\/brillancy.hu\/wp-content\/uploads\/2025\/01\/20250928_1409_Elegant-Ring-Display_remix_01k683k4tkezg99bx9hw4fjme7.png","contentUrl":"https:\/\/brillancy.hu\/wp-content\/uploads\/2025\/01\/20250928_1409_Elegant-Ring-Display_remix_01k683k4tkezg99bx9hw4fjme7.png","width":1024,"height":1024,"caption":"Salma feh\u00e9rarany eljegyz\u00e9si gy\u0171r\u0171"},{"@type":"BreadcrumbList","@id":"https:\/\/brillancy.hu\/product\/salma-feherarany-eljegyzesi-gyuru\/#breadcrumb","itemListElement":[{"@type":"ListItem","position":1,"name":"Home","item":"https:\/\/brillancy.hu\/"},{"@type":"ListItem","position":2,"name":"Term\u00e9kek","item":"https:\/\/brillancy.hu\/termekek\/"},{"@type":"ListItem","position":3,"name":"Salma feh\u00e9rarany eljegyz\u00e9si gy\u0171r\u0171"}]},{"@type":"WebSite","@id":"https:\/\/brillancy.hu\/#website","url":"https:\/\/brillancy.hu\/","name":"Brillancy","description":"","potentialAction":[{"@type":"SearchAction","target":{"@type":"EntryPoint","urlTemplate":"https:\/\/brillancy.hu\/?s={search_term_string}"},"query-input":{"@type":"PropertyValueSpecification","valueRequired":true,"valueName":"search_term_string"}}],"inLanguage":"en-GB"}]}},"_links":{"self":[{"href":"https:\/\/brillancy.hu\/en\/wp-json\/wp\/v2\/product\/6316","targetHints":{"allow":["GET"]}}],"collection":[{"href":"https:\/\/brillancy.hu\/en\/wp-json\/wp\/v2\/product"}],"about":[{"href":"https:\/\/brillancy.hu\/en\/wp-json\/wp\/v2\/types\/product"}],"replies":[{"embeddable":true,"href":"https:\/\/brillancy.hu\/en\/wp-json\/wp\/v2\/comments?post=6316"}],"wp:featuredmedia":[{"embeddable":true,"href":"https:\/\/brillancy.hu\/en\/wp-json\/wp\/v2\/media\/11923"}],"wp:attachment":[{"href":"https:\/\/brillancy.hu\/en\/wp-json\/wp\/v2\/media?parent=6316"}],"wp:term":[{"taxonomy":"product_brand","embeddable":true,"href":"https:\/\/brillancy.hu\/en\/wp-json\/wp\/v2\/product_brand?post=6316"},{"taxonomy":"product_cat","embeddable":true,"href":"https:\/\/brillancy.hu\/en\/wp-json\/wp\/v2\/product_cat?post=6316"},{"taxonomy":"product_tag","embeddable":true,"href":"https:\/\/brillancy.hu\/en\/wp-json\/wp\/v2\/product_tag?post=6316"}],"curies":[{"name":"wp","href":"https:\/\/api.w.org\/{rel}","templated":true}]}}