{"id":6309,"date":"2025-01-31T18:20:34","date_gmt":"2025-01-31T17:20:34","guid":{"rendered":"https:\/\/brillancy.hu\/?post_type=product&#038;p=6309"},"modified":"2025-10-17T10:56:17","modified_gmt":"2025-10-17T09:56:17","slug":"tijuana-gyemant-gyuru","status":"publish","type":"product","link":"https:\/\/brillancy.hu\/en\/product\/tijuana-gyemant-gyuru\/","title":{"rendered":"Tijuana Diamond ring"},"content":{"rendered":"<p>Tijuana Diamond ring<\/p>\n<p>Egyszer\u0171, letisztult, szolid. Ezekkel a szavakkal jellemezhet\u0151 ez a feh\u00e9rarany gy\u0171r\u0171, melybe egy 0,03 carat-os, G sz\u00edn\u0171, VS1 tisztas\u00e1g\u00fa gy\u00e9m\u00e1ntot helyezt\u00fcnk. Ezt a fazont azoknak aj\u00e1nljuk, akik szeretik ha az \u00e9kszert nem kell minden nap levenni, hiszen ergonomikus kialak\u00edt\u00e1s\u00e1nak k\u00f6sz\u00f6nhet\u0151en nem zavar a h\u00e9tk\u00f6znapokban, k\u00e9nyelmes, viseletet biztos\u00edt.<\/p>\n<ul>\n<li>Diamond ring width: 2-2,3 mm<\/li>\n<li>Diamond ring material thickness: 1 mm<\/li>\n<li>Slot height: 1.5 mm<\/li>\n<li><strong>Gy\u00e9m\u00e1nt gy\u0171r\u0171 anyaga:<\/strong> gold<\/li>\n<li><strong>Fineness<\/strong>: 585 thousandth, 14 carat<\/li>\n<\/ul>\n<p><strong>Gemstone<\/strong>: brilliant cut natural diamonds<br \/>\n<strong>Eternal life guarantee:<\/strong>material errors and gems<\/p>\n<p><strong>Free renovations<\/strong>: We take your diamond ring, free scratch-free sales of five times and one time the jewel complete renovation of the purchase, within five years!<\/p>\n<p>The average preparation time is 10-15 working days. The ring gift box is optional, and, if necessary, free size to adjust.<\/p>\n<p><strong>Pay broken with gold!<\/strong>Used, pre-loved or just never used gold hiding at home in the cupboards? Bring it in to us and get a discount, trade-in you, the jewelry prices.<\/p>\n<p><strong>I like the jewelry but different quality diamond or a colored gem with you pictured it? It&#039;s not a problem. We like to give you an offer to the expected ideas. Find us with confidence!<\/strong><\/p>","protected":false},"excerpt":{"rendered":"<p>Tijuana Gy\u00e9m\u00e1nt gy\u0171r\u0171- Dinamikusan Modern Feh\u00e9rarany gy\u0171r\u0171, gy\u00e9m\u00e1nttal ,leny\u0171g\u00f6z\u00f6 fazon Kedvez\u00f6 \u00e1r, \u00f6r\u00f6k \u00e9let garancia.<\/p>","protected":false},"featured_media":11818,"comment_status":"closed","ping_status":"closed","template":"","meta":[],"product_brand":[],"product_cat":[35,17,39,22,32],"product_tag":[],"class_list":{"0":"post-6309","1":"product","2":"type-product","3":"status-publish","4":"has-post-thumbnail","6":"product_cat-egykoves","7":"product_cat-eljegyzesi-gyuruk","8":"product_cat-gyemant","9":"product_cat-kerek","10":"product_cat-modern","12":"first","13":"instock","14":"purchasable","15":"product-type-simple"},"yoast_head":"<!-- This site is optimized with the Yoast SEO Premium plugin v27.0 (Yoast SEO v27.4) - https:\/\/yoast.com\/product\/yoast-seo-premium-wordpress\/ -->\n<title>Tijuana Gy\u00e9m\u00e1nt gy\u0171r\u0171 - Brillancy<\/title>\n<meta name=\"description\" content=\"Tijuana Gy\u00e9m\u00e1nt gy\u0171r\u0171 - Dinamikusan Modern Feh\u00e9rarany gy\u0171r\u0171, gy\u00e9m\u00e1nttal . LEtisztult formavil\u00e1g, k\u00e9nyelmes elegancia. T\u00f6k\u00e9letes v\u00e1laszt\u00e1s\" \/>\n<meta name=\"robots\" content=\"index, follow, max-snippet:-1, max-image-preview:large, max-video-preview:-1\" \/>\n<link rel=\"canonical\" href=\"https:\/\/brillancy.hu\/en\/product\/tijuana-gyemant-gyuru\/\" \/>\n<meta property=\"og:locale\" content=\"en_GB\" \/>\n<meta property=\"og:type\" content=\"article\" \/>\n<meta property=\"og:title\" content=\"Tijuana Gy\u00e9m\u00e1nt gy\u0171r\u0171\" \/>\n<meta property=\"og:description\" content=\"Tijuana Gy\u00e9m\u00e1nt gy\u0171r\u0171 - Dinamikusan Modern Feh\u00e9rarany gy\u0171r\u0171, gy\u00e9m\u00e1nttal . LEtisztult formavil\u00e1g, k\u00e9nyelmes elegancia. T\u00f6k\u00e9letes v\u00e1laszt\u00e1s\" \/>\n<meta property=\"og:url\" content=\"https:\/\/brillancy.hu\/en\/product\/tijuana-gyemant-gyuru\/\" \/>\n<meta property=\"og:site_name\" content=\"Brillancy\" \/>\n<meta property=\"article:modified_time\" content=\"2025-10-17T09:56:17+00:00\" \/>\n<meta property=\"og:image\" content=\"https:\/\/brillancy.hu\/wp-content\/uploads\/2025\/01\/tijuana1.png\" \/>\n\t<meta property=\"og:image:width\" content=\"1024\" \/>\n\t<meta property=\"og:image:height\" content=\"1024\" \/>\n\t<meta property=\"og:image:type\" content=\"image\/png\" \/>\n<meta name=\"twitter:card\" content=\"summary_large_image\" \/>\n<meta name=\"twitter:label1\" content=\"Estimated reading time\" \/>\n\t<meta name=\"twitter:data1\" content=\"2 minutes\" \/>\n<script type=\"application\/ld+json\" class=\"yoast-schema-graph\">{\"@context\":\"https:\\\/\\\/schema.org\",\"@graph\":[{\"@type\":\"WebPage\",\"@id\":\"https:\\\/\\\/brillancy.hu\\\/product\\\/tijuana-gyemant-gyuru\\\/\",\"url\":\"https:\\\/\\\/brillancy.hu\\\/product\\\/tijuana-gyemant-gyuru\\\/\",\"name\":\"Tijuana Gy\u00e9m\u00e1nt gy\u0171r\u0171 - Brillancy\",\"isPartOf\":{\"@id\":\"https:\\\/\\\/brillancy.hu\\\/#website\"},\"primaryImageOfPage\":{\"@id\":\"https:\\\/\\\/brillancy.hu\\\/product\\\/tijuana-gyemant-gyuru\\\/#primaryimage\"},\"image\":{\"@id\":\"https:\\\/\\\/brillancy.hu\\\/product\\\/tijuana-gyemant-gyuru\\\/#primaryimage\"},\"thumbnailUrl\":\"https:\\\/\\\/brillancy.hu\\\/wp-content\\\/uploads\\\/2025\\\/01\\\/tijuana1.png\",\"datePublished\":\"2025-01-31T17:20:34+00:00\",\"dateModified\":\"2025-10-17T09:56:17+00:00\",\"description\":\"Tijuana Gy\u00e9m\u00e1nt gy\u0171r\u0171 - Dinamikusan Modern Feh\u00e9rarany gy\u0171r\u0171, gy\u00e9m\u00e1nttal . LEtisztult formavil\u00e1g, k\u00e9nyelmes elegancia. T\u00f6k\u00e9letes v\u00e1laszt\u00e1s\",\"breadcrumb\":{\"@id\":\"https:\\\/\\\/brillancy.hu\\\/product\\\/tijuana-gyemant-gyuru\\\/#breadcrumb\"},\"inLanguage\":\"en-GB\",\"potentialAction\":[{\"@type\":\"ReadAction\",\"target\":[\"https:\\\/\\\/brillancy.hu\\\/product\\\/tijuana-gyemant-gyuru\\\/\"]}]},{\"@type\":\"ImageObject\",\"inLanguage\":\"en-GB\",\"@id\":\"https:\\\/\\\/brillancy.hu\\\/product\\\/tijuana-gyemant-gyuru\\\/#primaryimage\",\"url\":\"https:\\\/\\\/brillancy.hu\\\/wp-content\\\/uploads\\\/2025\\\/01\\\/tijuana1.png\",\"contentUrl\":\"https:\\\/\\\/brillancy.hu\\\/wp-content\\\/uploads\\\/2025\\\/01\\\/tijuana1.png\",\"width\":1024,\"height\":1024,\"caption\":\"Tijuana Gy\u00e9m\u00e1nt gy\u0171r\u0171\"},{\"@type\":\"BreadcrumbList\",\"@id\":\"https:\\\/\\\/brillancy.hu\\\/product\\\/tijuana-gyemant-gyuru\\\/#breadcrumb\",\"itemListElement\":[{\"@type\":\"ListItem\",\"position\":1,\"name\":\"Home\",\"item\":\"https:\\\/\\\/brillancy.hu\\\/\"},{\"@type\":\"ListItem\",\"position\":2,\"name\":\"Term\u00e9kek\",\"item\":\"https:\\\/\\\/brillancy.hu\\\/termekek\\\/\"},{\"@type\":\"ListItem\",\"position\":3,\"name\":\"Tijuana Gy\u00e9m\u00e1nt gy\u0171r\u0171\"}]},{\"@type\":\"WebSite\",\"@id\":\"https:\\\/\\\/brillancy.hu\\\/#website\",\"url\":\"https:\\\/\\\/brillancy.hu\\\/\",\"name\":\"Brillancy\",\"description\":\"\",\"potentialAction\":[{\"@type\":\"SearchAction\",\"target\":{\"@type\":\"EntryPoint\",\"urlTemplate\":\"https:\\\/\\\/brillancy.hu\\\/?s={search_term_string}\"},\"query-input\":{\"@type\":\"PropertyValueSpecification\",\"valueRequired\":true,\"valueName\":\"search_term_string\"}}],\"inLanguage\":\"en-GB\"}]}<\/script>\n<!-- \/ Yoast SEO Premium plugin. -->","yoast_head_json":{"title":"Tijuana Gy\u00e9m\u00e1nt gy\u0171r\u0171 - Brillancy","description":"Tijuana Gy\u00e9m\u00e1nt gy\u0171r\u0171 - Dinamikusan Modern Feh\u00e9rarany gy\u0171r\u0171, gy\u00e9m\u00e1nttal . LEtisztult formavil\u00e1g, k\u00e9nyelmes elegancia. T\u00f6k\u00e9letes v\u00e1laszt\u00e1s","robots":{"index":"index","follow":"follow","max-snippet":"max-snippet:-1","max-image-preview":"max-image-preview:large","max-video-preview":"max-video-preview:-1"},"canonical":"https:\/\/brillancy.hu\/en\/product\/tijuana-gyemant-gyuru\/","og_locale":"en_GB","og_type":"article","og_title":"Tijuana Gy\u00e9m\u00e1nt gy\u0171r\u0171","og_description":"Tijuana Gy\u00e9m\u00e1nt gy\u0171r\u0171 - Dinamikusan Modern Feh\u00e9rarany gy\u0171r\u0171, gy\u00e9m\u00e1nttal . LEtisztult formavil\u00e1g, k\u00e9nyelmes elegancia. T\u00f6k\u00e9letes v\u00e1laszt\u00e1s","og_url":"https:\/\/brillancy.hu\/en\/product\/tijuana-gyemant-gyuru\/","og_site_name":"Brillancy","article_modified_time":"2025-10-17T09:56:17+00:00","og_image":[{"width":1024,"height":1024,"url":"https:\/\/brillancy.hu\/wp-content\/uploads\/2025\/01\/tijuana1.png","type":"image\/png"}],"twitter_card":"summary_large_image","twitter_misc":{"Estimated reading time":"2 minutes"},"schema":{"@context":"https:\/\/schema.org","@graph":[{"@type":"WebPage","@id":"https:\/\/brillancy.hu\/product\/tijuana-gyemant-gyuru\/","url":"https:\/\/brillancy.hu\/product\/tijuana-gyemant-gyuru\/","name":"Tijuana Gy\u00e9m\u00e1nt gy\u0171r\u0171 - Brillancy","isPartOf":{"@id":"https:\/\/brillancy.hu\/#website"},"primaryImageOfPage":{"@id":"https:\/\/brillancy.hu\/product\/tijuana-gyemant-gyuru\/#primaryimage"},"image":{"@id":"https:\/\/brillancy.hu\/product\/tijuana-gyemant-gyuru\/#primaryimage"},"thumbnailUrl":"https:\/\/brillancy.hu\/wp-content\/uploads\/2025\/01\/tijuana1.png","datePublished":"2025-01-31T17:20:34+00:00","dateModified":"2025-10-17T09:56:17+00:00","description":"Tijuana Gy\u00e9m\u00e1nt gy\u0171r\u0171 - Dinamikusan Modern Feh\u00e9rarany gy\u0171r\u0171, gy\u00e9m\u00e1nttal . LEtisztult formavil\u00e1g, k\u00e9nyelmes elegancia. T\u00f6k\u00e9letes v\u00e1laszt\u00e1s","breadcrumb":{"@id":"https:\/\/brillancy.hu\/product\/tijuana-gyemant-gyuru\/#breadcrumb"},"inLanguage":"en-GB","potentialAction":[{"@type":"ReadAction","target":["https:\/\/brillancy.hu\/product\/tijuana-gyemant-gyuru\/"]}]},{"@type":"ImageObject","inLanguage":"en-GB","@id":"https:\/\/brillancy.hu\/product\/tijuana-gyemant-gyuru\/#primaryimage","url":"https:\/\/brillancy.hu\/wp-content\/uploads\/2025\/01\/tijuana1.png","contentUrl":"https:\/\/brillancy.hu\/wp-content\/uploads\/2025\/01\/tijuana1.png","width":1024,"height":1024,"caption":"Tijuana Gy\u00e9m\u00e1nt gy\u0171r\u0171"},{"@type":"BreadcrumbList","@id":"https:\/\/brillancy.hu\/product\/tijuana-gyemant-gyuru\/#breadcrumb","itemListElement":[{"@type":"ListItem","position":1,"name":"Home","item":"https:\/\/brillancy.hu\/"},{"@type":"ListItem","position":2,"name":"Term\u00e9kek","item":"https:\/\/brillancy.hu\/termekek\/"},{"@type":"ListItem","position":3,"name":"Tijuana Gy\u00e9m\u00e1nt gy\u0171r\u0171"}]},{"@type":"WebSite","@id":"https:\/\/brillancy.hu\/#website","url":"https:\/\/brillancy.hu\/","name":"Brillancy","description":"","potentialAction":[{"@type":"SearchAction","target":{"@type":"EntryPoint","urlTemplate":"https:\/\/brillancy.hu\/?s={search_term_string}"},"query-input":{"@type":"PropertyValueSpecification","valueRequired":true,"valueName":"search_term_string"}}],"inLanguage":"en-GB"}]}},"_links":{"self":[{"href":"https:\/\/brillancy.hu\/en\/wp-json\/wp\/v2\/product\/6309","targetHints":{"allow":["GET"]}}],"collection":[{"href":"https:\/\/brillancy.hu\/en\/wp-json\/wp\/v2\/product"}],"about":[{"href":"https:\/\/brillancy.hu\/en\/wp-json\/wp\/v2\/types\/product"}],"replies":[{"embeddable":true,"href":"https:\/\/brillancy.hu\/en\/wp-json\/wp\/v2\/comments?post=6309"}],"wp:featuredmedia":[{"embeddable":true,"href":"https:\/\/brillancy.hu\/en\/wp-json\/wp\/v2\/media\/11818"}],"wp:attachment":[{"href":"https:\/\/brillancy.hu\/en\/wp-json\/wp\/v2\/media?parent=6309"}],"wp:term":[{"taxonomy":"product_brand","embeddable":true,"href":"https:\/\/brillancy.hu\/en\/wp-json\/wp\/v2\/product_brand?post=6309"},{"taxonomy":"product_cat","embeddable":true,"href":"https:\/\/brillancy.hu\/en\/wp-json\/wp\/v2\/product_cat?post=6309"},{"taxonomy":"product_tag","embeddable":true,"href":"https:\/\/brillancy.hu\/en\/wp-json\/wp\/v2\/product_tag?post=6309"}],"curies":[{"name":"wp","href":"https:\/\/api.w.org\/{rel}","templated":true}]}}