{"id":6262,"date":"2025-01-31T18:20:13","date_gmt":"2025-01-31T17:20:13","guid":{"rendered":"https:\/\/brillancy.hu\/?post_type=product&#038;p=6262"},"modified":"2025-11-10T15:36:26","modified_gmt":"2025-11-10T14:36:26","slug":"ceylon-brill-gyuru","status":"publish","type":"product","link":"https:\/\/brillancy.hu\/en\/product\/ceylon-brill-gyuru\/","title":{"rendered":"Ceylon Brill ring"},"content":{"rendered":"<p><strong>Ceylon Brill ring<\/strong><\/p>\n<p>Unconventional design <strong>14 karat gold engagement ring natural diamonds<\/strong>. The graceful arc gy\u0171r\u0171s\u00edn <strong>3 piece 0,05 ct<\/strong> mass <strong>2.3 mm<\/strong> diameter <strong>brilliant cut white brilliant diamond<\/strong>him around. <strong>Comfortable and elegant diamond engagement rings the Brillance of Hungarian Craft jewelry manufactory \u00f6tv\u00f6seinek recommendation!<\/strong><\/p>\n<ul>\n<li><strong>Material:<\/strong> gold<\/li>\n<li><strong>Fineness<\/strong>: 585 thousandth, 14 carat<\/li>\n<li><strong>Gemstone<\/strong>: brilliant cut natural diamonds<\/li>\n<li><strong>Eternal life guarantee:<\/strong>\u00a0material errors and gems<\/li>\n<\/ul>\n<p><strong>Free renewal:<\/strong>\u00a0We undertake the engagement jeweled ring free scratch-free sales of five times and one time the jewel complete renovation of the purchase, within five years!<\/p>\n<p><strong>The ring gift box is optional, and required free size adjust.<\/strong><\/p>\n<p><strong>Pay scrap gold<\/strong>\u00a0Damaged, old, or never used gold hiding at home in the cupboards? Bring it in to us and discounts are factored in for the selected engagement jeweled ring price.<\/p>\n<p><strong>Like the jewelry, but different quality diamonds, or colorful gems did you imagine it? It&#039;s not a problem. We like to give you an offer to the expected ideas. Find us confidence on the phone +36 30 539 1179 number, or the <\/strong><a href=\"mailto:info@brillancy.hu\"><strong>info@brillancy.hu<\/strong><\/a><strong> e-mail address.<\/strong><\/p>","protected":false},"excerpt":{"rendered":"<p>Ceylon Brill ring \u2013 Mysterious white gold diamond ring, Ceylon Brill ring. Handmade brill stone ring. Affordable price, eternal life guarantee.<\/p>","protected":false},"featured_media":10877,"comment_status":"closed","ping_status":"closed","template":"","meta":[],"product_brand":[],"product_cat":[17,39,36,22,32],"product_tag":[],"class_list":{"0":"post-6262","1":"product","2":"type-product","3":"status-publish","4":"has-post-thumbnail","6":"product_cat-eljegyzesi-gyuruk","7":"product_cat-gyemant","8":"product_cat-haromkoves","9":"product_cat-kerek","10":"product_cat-modern","12":"first","13":"instock","14":"purchasable","15":"product-type-simple"},"yoast_head":"<!-- This site is optimized with the Yoast SEO Premium plugin v27.0 (Yoast SEO v27.0) - https:\/\/yoast.com\/product\/yoast-seo-premium-wordpress\/ -->\n<title>Ceylon Brill gy\u0171r\u0171 - Brillancy<\/title>\n<meta name=\"description\" content=\"Ceylon Brill gy\u0171r\u0171 - Rendhagy\u00f3 tervez\u00e9s\u0171 14 kar\u00e1tos arany eljegyz\u00e9si gy\u0171r\u0171 term\u00e9szetes gy\u00e9m\u00e1ntokkal. A kecses \u00edv\u0171 gy\u0171r\u0171s\u00edn 3 darab brili\u00e1ns csiszol\u00e1s\u00fa..\" \/>\n<meta name=\"robots\" content=\"index, follow, max-snippet:-1, max-image-preview:large, max-video-preview:-1\" \/>\n<link rel=\"canonical\" href=\"https:\/\/brillancy.hu\/en\/product\/ceylon-brill-gyuru\/\" \/>\n<meta property=\"og:locale\" content=\"en_GB\" \/>\n<meta property=\"og:type\" content=\"article\" \/>\n<meta property=\"og:title\" content=\"Ceylon Brill gy\u0171r\u0171\" \/>\n<meta property=\"og:description\" content=\"Ceylon Brill gy\u0171r\u0171 - Rendhagy\u00f3 tervez\u00e9s\u0171 14 kar\u00e1tos arany eljegyz\u00e9si gy\u0171r\u0171 term\u00e9szetes gy\u00e9m\u00e1ntokkal. A kecses \u00edv\u0171 gy\u0171r\u0171s\u00edn 3 darab brili\u00e1ns csiszol\u00e1s\u00fa..\" \/>\n<meta property=\"og:url\" content=\"https:\/\/brillancy.hu\/en\/product\/ceylon-brill-gyuru\/\" \/>\n<meta property=\"og:site_name\" content=\"Brillancy\" \/>\n<meta property=\"article:modified_time\" content=\"2025-11-10T14:36:26+00:00\" \/>\n<meta property=\"og:image\" content=\"https:\/\/brillancy.hu\/wp-content\/uploads\/2025\/01\/20250620_1301_Elegant-Diamond-Ring_remix_01jy6fxzx2e5fvcn76yhrq34k4.png\" \/>\n\t<meta property=\"og:image:width\" content=\"1024\" \/>\n\t<meta property=\"og:image:height\" content=\"1024\" \/>\n\t<meta property=\"og:image:type\" content=\"image\/png\" \/>\n<meta name=\"twitter:card\" content=\"summary_large_image\" \/>\n<meta name=\"twitter:label1\" content=\"Estimated reading time\" \/>\n\t<meta name=\"twitter:data1\" content=\"2 minutes\" \/>\n<script type=\"application\/ld+json\" class=\"yoast-schema-graph\">{\"@context\":\"https:\/\/schema.org\",\"@graph\":[{\"@type\":\"WebPage\",\"@id\":\"https:\/\/brillancy.hu\/product\/ceylon-brill-gyuru\/\",\"url\":\"https:\/\/brillancy.hu\/product\/ceylon-brill-gyuru\/\",\"name\":\"Ceylon Brill gy\u0171r\u0171 - Brillancy\",\"isPartOf\":{\"@id\":\"https:\/\/brillancy.hu\/#website\"},\"primaryImageOfPage\":{\"@id\":\"https:\/\/brillancy.hu\/product\/ceylon-brill-gyuru\/#primaryimage\"},\"image\":{\"@id\":\"https:\/\/brillancy.hu\/product\/ceylon-brill-gyuru\/#primaryimage\"},\"thumbnailUrl\":\"https:\/\/brillancy.hu\/wp-content\/uploads\/2025\/01\/20250620_1301_Elegant-Diamond-Ring_remix_01jy6fxzx2e5fvcn76yhrq34k4.png\",\"datePublished\":\"2025-01-31T17:20:13+00:00\",\"dateModified\":\"2025-11-10T14:36:26+00:00\",\"description\":\"Ceylon Brill gy\u0171r\u0171 - Rendhagy\u00f3 tervez\u00e9s\u0171 14 kar\u00e1tos arany eljegyz\u00e9si gy\u0171r\u0171 term\u00e9szetes gy\u00e9m\u00e1ntokkal. A kecses \u00edv\u0171 gy\u0171r\u0171s\u00edn 3 darab brili\u00e1ns csiszol\u00e1s\u00fa..\",\"breadcrumb\":{\"@id\":\"https:\/\/brillancy.hu\/product\/ceylon-brill-gyuru\/#breadcrumb\"},\"inLanguage\":\"en-GB\",\"potentialAction\":[{\"@type\":\"ReadAction\",\"target\":[\"https:\/\/brillancy.hu\/product\/ceylon-brill-gyuru\/\"]}]},{\"@type\":\"ImageObject\",\"inLanguage\":\"en-GB\",\"@id\":\"https:\/\/brillancy.hu\/product\/ceylon-brill-gyuru\/#primaryimage\",\"url\":\"https:\/\/brillancy.hu\/wp-content\/uploads\/2025\/01\/20250620_1301_Elegant-Diamond-Ring_remix_01jy6fxzx2e5fvcn76yhrq34k4.png\",\"contentUrl\":\"https:\/\/brillancy.hu\/wp-content\/uploads\/2025\/01\/20250620_1301_Elegant-Diamond-Ring_remix_01jy6fxzx2e5fvcn76yhrq34k4.png\",\"width\":1024,\"height\":1024,\"caption\":\"Ceylon Brill gy\u0171r\u0171\"},{\"@type\":\"BreadcrumbList\",\"@id\":\"https:\/\/brillancy.hu\/product\/ceylon-brill-gyuru\/#breadcrumb\",\"itemListElement\":[{\"@type\":\"ListItem\",\"position\":1,\"name\":\"Home\",\"item\":\"https:\/\/brillancy.hu\/\"},{\"@type\":\"ListItem\",\"position\":2,\"name\":\"Term\u00e9kek\",\"item\":\"https:\/\/brillancy.hu\/termekek\/\"},{\"@type\":\"ListItem\",\"position\":3,\"name\":\"Ceylon Brill gy\u0171r\u0171\"}]},{\"@type\":\"WebSite\",\"@id\":\"https:\/\/brillancy.hu\/#website\",\"url\":\"https:\/\/brillancy.hu\/\",\"name\":\"Brillancy\",\"description\":\"\",\"potentialAction\":[{\"@type\":\"SearchAction\",\"target\":{\"@type\":\"EntryPoint\",\"urlTemplate\":\"https:\/\/brillancy.hu\/?s={search_term_string}\"},\"query-input\":{\"@type\":\"PropertyValueSpecification\",\"valueRequired\":true,\"valueName\":\"search_term_string\"}}],\"inLanguage\":\"en-GB\"}]}<\/script>\n<!-- \/ Yoast SEO Premium plugin. -->","yoast_head_json":{"title":"Ceylon Brill gy\u0171r\u0171 - Brillancy","description":"Ceylon Brill gy\u0171r\u0171 - Rendhagy\u00f3 tervez\u00e9s\u0171 14 kar\u00e1tos arany eljegyz\u00e9si gy\u0171r\u0171 term\u00e9szetes gy\u00e9m\u00e1ntokkal. A kecses \u00edv\u0171 gy\u0171r\u0171s\u00edn 3 darab brili\u00e1ns csiszol\u00e1s\u00fa..","robots":{"index":"index","follow":"follow","max-snippet":"max-snippet:-1","max-image-preview":"max-image-preview:large","max-video-preview":"max-video-preview:-1"},"canonical":"https:\/\/brillancy.hu\/en\/product\/ceylon-brill-gyuru\/","og_locale":"en_GB","og_type":"article","og_title":"Ceylon Brill gy\u0171r\u0171","og_description":"Ceylon Brill gy\u0171r\u0171 - Rendhagy\u00f3 tervez\u00e9s\u0171 14 kar\u00e1tos arany eljegyz\u00e9si gy\u0171r\u0171 term\u00e9szetes gy\u00e9m\u00e1ntokkal. A kecses \u00edv\u0171 gy\u0171r\u0171s\u00edn 3 darab brili\u00e1ns csiszol\u00e1s\u00fa..","og_url":"https:\/\/brillancy.hu\/en\/product\/ceylon-brill-gyuru\/","og_site_name":"Brillancy","article_modified_time":"2025-11-10T14:36:26+00:00","og_image":[{"width":1024,"height":1024,"url":"https:\/\/brillancy.hu\/wp-content\/uploads\/2025\/01\/20250620_1301_Elegant-Diamond-Ring_remix_01jy6fxzx2e5fvcn76yhrq34k4.png","type":"image\/png"}],"twitter_card":"summary_large_image","twitter_misc":{"Estimated reading time":"2 minutes"},"schema":{"@context":"https:\/\/schema.org","@graph":[{"@type":"WebPage","@id":"https:\/\/brillancy.hu\/product\/ceylon-brill-gyuru\/","url":"https:\/\/brillancy.hu\/product\/ceylon-brill-gyuru\/","name":"Ceylon Brill gy\u0171r\u0171 - Brillancy","isPartOf":{"@id":"https:\/\/brillancy.hu\/#website"},"primaryImageOfPage":{"@id":"https:\/\/brillancy.hu\/product\/ceylon-brill-gyuru\/#primaryimage"},"image":{"@id":"https:\/\/brillancy.hu\/product\/ceylon-brill-gyuru\/#primaryimage"},"thumbnailUrl":"https:\/\/brillancy.hu\/wp-content\/uploads\/2025\/01\/20250620_1301_Elegant-Diamond-Ring_remix_01jy6fxzx2e5fvcn76yhrq34k4.png","datePublished":"2025-01-31T17:20:13+00:00","dateModified":"2025-11-10T14:36:26+00:00","description":"Ceylon Brill gy\u0171r\u0171 - Rendhagy\u00f3 tervez\u00e9s\u0171 14 kar\u00e1tos arany eljegyz\u00e9si gy\u0171r\u0171 term\u00e9szetes gy\u00e9m\u00e1ntokkal. A kecses \u00edv\u0171 gy\u0171r\u0171s\u00edn 3 darab brili\u00e1ns csiszol\u00e1s\u00fa..","breadcrumb":{"@id":"https:\/\/brillancy.hu\/product\/ceylon-brill-gyuru\/#breadcrumb"},"inLanguage":"en-GB","potentialAction":[{"@type":"ReadAction","target":["https:\/\/brillancy.hu\/product\/ceylon-brill-gyuru\/"]}]},{"@type":"ImageObject","inLanguage":"en-GB","@id":"https:\/\/brillancy.hu\/product\/ceylon-brill-gyuru\/#primaryimage","url":"https:\/\/brillancy.hu\/wp-content\/uploads\/2025\/01\/20250620_1301_Elegant-Diamond-Ring_remix_01jy6fxzx2e5fvcn76yhrq34k4.png","contentUrl":"https:\/\/brillancy.hu\/wp-content\/uploads\/2025\/01\/20250620_1301_Elegant-Diamond-Ring_remix_01jy6fxzx2e5fvcn76yhrq34k4.png","width":1024,"height":1024,"caption":"Ceylon Brill gy\u0171r\u0171"},{"@type":"BreadcrumbList","@id":"https:\/\/brillancy.hu\/product\/ceylon-brill-gyuru\/#breadcrumb","itemListElement":[{"@type":"ListItem","position":1,"name":"Home","item":"https:\/\/brillancy.hu\/"},{"@type":"ListItem","position":2,"name":"Term\u00e9kek","item":"https:\/\/brillancy.hu\/termekek\/"},{"@type":"ListItem","position":3,"name":"Ceylon Brill gy\u0171r\u0171"}]},{"@type":"WebSite","@id":"https:\/\/brillancy.hu\/#website","url":"https:\/\/brillancy.hu\/","name":"Brillancy","description":"","potentialAction":[{"@type":"SearchAction","target":{"@type":"EntryPoint","urlTemplate":"https:\/\/brillancy.hu\/?s={search_term_string}"},"query-input":{"@type":"PropertyValueSpecification","valueRequired":true,"valueName":"search_term_string"}}],"inLanguage":"en-GB"}]}},"_links":{"self":[{"href":"https:\/\/brillancy.hu\/en\/wp-json\/wp\/v2\/product\/6262","targetHints":{"allow":["GET"]}}],"collection":[{"href":"https:\/\/brillancy.hu\/en\/wp-json\/wp\/v2\/product"}],"about":[{"href":"https:\/\/brillancy.hu\/en\/wp-json\/wp\/v2\/types\/product"}],"replies":[{"embeddable":true,"href":"https:\/\/brillancy.hu\/en\/wp-json\/wp\/v2\/comments?post=6262"}],"wp:featuredmedia":[{"embeddable":true,"href":"https:\/\/brillancy.hu\/en\/wp-json\/wp\/v2\/media\/10877"}],"wp:attachment":[{"href":"https:\/\/brillancy.hu\/en\/wp-json\/wp\/v2\/media?parent=6262"}],"wp:term":[{"taxonomy":"product_brand","embeddable":true,"href":"https:\/\/brillancy.hu\/en\/wp-json\/wp\/v2\/product_brand?post=6262"},{"taxonomy":"product_cat","embeddable":true,"href":"https:\/\/brillancy.hu\/en\/wp-json\/wp\/v2\/product_cat?post=6262"},{"taxonomy":"product_tag","embeddable":true,"href":"https:\/\/brillancy.hu\/en\/wp-json\/wp\/v2\/product_tag?post=6262"}],"curies":[{"name":"wp","href":"https:\/\/api.w.org\/{rel}","templated":true}]}}