{"id":6254,"date":"2025-01-31T18:20:12","date_gmt":"2025-01-31T17:20:12","guid":{"rendered":"https:\/\/brillancy.hu\/?post_type=product&#038;p=6254"},"modified":"2025-11-10T15:37:21","modified_gmt":"2025-11-10T14:37:21","slug":"pepper-brill-gyuru","status":"publish","type":"product","link":"https:\/\/brillancy.hu\/en\/product\/pepper-brill-gyuru\/","title":{"rendered":"Pepper Brill ring"},"content":{"rendered":"<p><strong>Pepper brill ring<\/strong><\/p>\n<p>Sleek design <strong>14 carat gold diamond engagement ring<\/strong>. The noble simple, wider ring splint on fine arches crafted breakthrough mystery and femininity to borrow my jewelry.<\/p>\n<p>In this special breakthrough, called the open slot in the<strong> brilliant cut, a 3.2 mm diameter 0,12 ct of natural diamonds.<\/strong> This unique design allows you to gem a lot of lights to pass and enforce a beautiful shimmer to it. This character can be without emerging the gy\u0171r\u0171s\u00edn levels of. We recommend it for all those who are comfortable jewelry you want to wear everyday, they love the timeless style and the unique appearance.<\/p>\n<ul>\n<li><strong>Material:<\/strong> gold \u2013 any color gold can be ordered<\/li>\n<li><strong>Fineness<\/strong>: 585 thousandth, 14 carat<\/li>\n<li><strong>Gemstone<\/strong>: brilliant cut natural diamonds<\/li>\n<li><strong>Eternal life guarantee:<\/strong>\u00a0the jewelry structure of the material errors and gems<\/li>\n<li><strong>Free renewal:<\/strong> We take the we have prepared brill ring free scratch-free sales of and purification of five times (once a year) the purchase within five years.<\/li>\n<\/ul>\n<p><strong>Free size adjustment:\u00a0<\/strong>If you haven&#039;t found the correct size, we will take the ring free size adjustments.<\/p>\n<p><strong>Gift box:\u00a0<\/strong>The ring is a gift in the box set, and several kinds of colors You can pick out!<\/p>\n<p><strong>Pay scrap gold<\/strong> Damaged, old, or never used gold hiding at home in the cupboards? Bring it in to us and high count For the selected brill ring price.<\/p>\n<p><strong>I like the brill ring, but larger diamonds, or colorful gems did you imagine it? It&#039;s not a problem. We like to give an offer to the expected ideas. Find us confidence on the phone +36 30 539 1179 number, or the <\/strong><a href=\"mailto:info@brillancy.hu\"><strong>info@brillancy.hu<\/strong><\/a><strong>\u00a0e-mail address.<\/strong><\/p>","protected":false},"excerpt":{"rendered":"<p>Pepper brill ring \u2013 Tempting Mystery \u2013 white gold ring, brilliant cut diamond in Brillance jewelry manufactory offer \u2013 reasonable price, eternal life guarantee<\/p>","protected":false},"featured_media":10626,"comment_status":"closed","ping_status":"closed","template":"","meta":[],"product_brand":[],"product_cat":[35,17,39,32],"product_tag":[],"class_list":{"0":"post-6254","1":"product","2":"type-product","3":"status-publish","4":"has-post-thumbnail","6":"product_cat-egykoves","7":"product_cat-eljegyzesi-gyuruk","8":"product_cat-gyemant","9":"product_cat-modern","11":"first","12":"instock","13":"purchasable","14":"product-type-simple"},"yoast_head":"<!-- This site is optimized with the Yoast SEO Premium plugin v27.0 (Yoast SEO v27.0) - https:\/\/yoast.com\/product\/yoast-seo-premium-wordpress\/ -->\n<title>Pepper Brill gy\u0171r\u0171 - Brillancy<\/title>\n<meta name=\"description\" content=\"Pepper Brill gy\u0171r\u0171 - Cs\u00e1b\u00edt\u00f3an Titokzatos \u2013 Feh\u00e9rarany gy\u0171r\u0171, brili\u00e1ns csiszol\u00e1s\u00fa gy\u00e9m\u00e1nttal a Brillancy \u00c9kszermanufakt\u00fara k\u00edn\u00e1lat\u00e1b\u00f3l\" \/>\n<meta name=\"robots\" content=\"index, follow, max-snippet:-1, max-image-preview:large, max-video-preview:-1\" \/>\n<link rel=\"canonical\" href=\"https:\/\/brillancy.hu\/en\/product\/pepper-brill-gyuru\/\" \/>\n<meta property=\"og:locale\" content=\"en_GB\" \/>\n<meta property=\"og:type\" content=\"article\" \/>\n<meta property=\"og:title\" content=\"Pepper Brill gy\u0171r\u0171\" \/>\n<meta property=\"og:description\" content=\"Pepper Brill gy\u0171r\u0171 - Cs\u00e1b\u00edt\u00f3an Titokzatos \u2013 Feh\u00e9rarany gy\u0171r\u0171, brili\u00e1ns csiszol\u00e1s\u00fa gy\u00e9m\u00e1nttal a Brillancy \u00c9kszermanufakt\u00fara k\u00edn\u00e1lat\u00e1b\u00f3l\" \/>\n<meta property=\"og:url\" content=\"https:\/\/brillancy.hu\/en\/product\/pepper-brill-gyuru\/\" \/>\n<meta property=\"og:site_name\" content=\"Brillancy\" \/>\n<meta property=\"article:modified_time\" content=\"2025-11-10T14:37:21+00:00\" \/>\n<meta property=\"og:image\" content=\"https:\/\/brillancy.hu\/wp-content\/uploads\/2025\/01\/20250616_1509_Elegans-Gyemantgyuru_remix_01jxwdnq5qftmvb1ehe42apt5v.png\" \/>\n\t<meta property=\"og:image:width\" content=\"1024\" \/>\n\t<meta property=\"og:image:height\" content=\"1024\" \/>\n\t<meta property=\"og:image:type\" content=\"image\/png\" \/>\n<meta name=\"twitter:card\" content=\"summary_large_image\" \/>\n<meta name=\"twitter:label1\" content=\"Estimated reading time\" \/>\n\t<meta name=\"twitter:data1\" content=\"2 minutes\" \/>\n<script type=\"application\/ld+json\" class=\"yoast-schema-graph\">{\"@context\":\"https:\/\/schema.org\",\"@graph\":[{\"@type\":\"WebPage\",\"@id\":\"https:\/\/brillancy.hu\/product\/pepper-brill-gyuru\/\",\"url\":\"https:\/\/brillancy.hu\/product\/pepper-brill-gyuru\/\",\"name\":\"Pepper Brill gy\u0171r\u0171 - Brillancy\",\"isPartOf\":{\"@id\":\"https:\/\/brillancy.hu\/#website\"},\"primaryImageOfPage\":{\"@id\":\"https:\/\/brillancy.hu\/product\/pepper-brill-gyuru\/#primaryimage\"},\"image\":{\"@id\":\"https:\/\/brillancy.hu\/product\/pepper-brill-gyuru\/#primaryimage\"},\"thumbnailUrl\":\"https:\/\/brillancy.hu\/wp-content\/uploads\/2025\/01\/20250616_1509_Elegans-Gyemantgyuru_remix_01jxwdnq5qftmvb1ehe42apt5v.png\",\"datePublished\":\"2025-01-31T17:20:12+00:00\",\"dateModified\":\"2025-11-10T14:37:21+00:00\",\"description\":\"Pepper Brill gy\u0171r\u0171 - Cs\u00e1b\u00edt\u00f3an Titokzatos \u2013 Feh\u00e9rarany gy\u0171r\u0171, brili\u00e1ns csiszol\u00e1s\u00fa gy\u00e9m\u00e1nttal a Brillancy \u00c9kszermanufakt\u00fara k\u00edn\u00e1lat\u00e1b\u00f3l\",\"breadcrumb\":{\"@id\":\"https:\/\/brillancy.hu\/product\/pepper-brill-gyuru\/#breadcrumb\"},\"inLanguage\":\"en-GB\",\"potentialAction\":[{\"@type\":\"ReadAction\",\"target\":[\"https:\/\/brillancy.hu\/product\/pepper-brill-gyuru\/\"]}]},{\"@type\":\"ImageObject\",\"inLanguage\":\"en-GB\",\"@id\":\"https:\/\/brillancy.hu\/product\/pepper-brill-gyuru\/#primaryimage\",\"url\":\"https:\/\/brillancy.hu\/wp-content\/uploads\/2025\/01\/20250616_1509_Elegans-Gyemantgyuru_remix_01jxwdnq5qftmvb1ehe42apt5v.png\",\"contentUrl\":\"https:\/\/brillancy.hu\/wp-content\/uploads\/2025\/01\/20250616_1509_Elegans-Gyemantgyuru_remix_01jxwdnq5qftmvb1ehe42apt5v.png\",\"width\":1024,\"height\":1024,\"caption\":\"Pepper brill gy\u0171r\u0171\"},{\"@type\":\"BreadcrumbList\",\"@id\":\"https:\/\/brillancy.hu\/product\/pepper-brill-gyuru\/#breadcrumb\",\"itemListElement\":[{\"@type\":\"ListItem\",\"position\":1,\"name\":\"Home\",\"item\":\"https:\/\/brillancy.hu\/\"},{\"@type\":\"ListItem\",\"position\":2,\"name\":\"Term\u00e9kek\",\"item\":\"https:\/\/brillancy.hu\/termekek\/\"},{\"@type\":\"ListItem\",\"position\":3,\"name\":\"Pepper Brill gy\u0171r\u0171\"}]},{\"@type\":\"WebSite\",\"@id\":\"https:\/\/brillancy.hu\/#website\",\"url\":\"https:\/\/brillancy.hu\/\",\"name\":\"Brillancy\",\"description\":\"\",\"potentialAction\":[{\"@type\":\"SearchAction\",\"target\":{\"@type\":\"EntryPoint\",\"urlTemplate\":\"https:\/\/brillancy.hu\/?s={search_term_string}\"},\"query-input\":{\"@type\":\"PropertyValueSpecification\",\"valueRequired\":true,\"valueName\":\"search_term_string\"}}],\"inLanguage\":\"en-GB\"}]}<\/script>\n<!-- \/ Yoast SEO Premium plugin. -->","yoast_head_json":{"title":"Pepper Brill gy\u0171r\u0171 - Brillancy","description":"Pepper Brill gy\u0171r\u0171 - Cs\u00e1b\u00edt\u00f3an Titokzatos \u2013 Feh\u00e9rarany gy\u0171r\u0171, brili\u00e1ns csiszol\u00e1s\u00fa gy\u00e9m\u00e1nttal a Brillancy \u00c9kszermanufakt\u00fara k\u00edn\u00e1lat\u00e1b\u00f3l","robots":{"index":"index","follow":"follow","max-snippet":"max-snippet:-1","max-image-preview":"max-image-preview:large","max-video-preview":"max-video-preview:-1"},"canonical":"https:\/\/brillancy.hu\/en\/product\/pepper-brill-gyuru\/","og_locale":"en_GB","og_type":"article","og_title":"Pepper Brill gy\u0171r\u0171","og_description":"Pepper Brill gy\u0171r\u0171 - Cs\u00e1b\u00edt\u00f3an Titokzatos \u2013 Feh\u00e9rarany gy\u0171r\u0171, brili\u00e1ns csiszol\u00e1s\u00fa gy\u00e9m\u00e1nttal a Brillancy \u00c9kszermanufakt\u00fara k\u00edn\u00e1lat\u00e1b\u00f3l","og_url":"https:\/\/brillancy.hu\/en\/product\/pepper-brill-gyuru\/","og_site_name":"Brillancy","article_modified_time":"2025-11-10T14:37:21+00:00","og_image":[{"width":1024,"height":1024,"url":"https:\/\/brillancy.hu\/wp-content\/uploads\/2025\/01\/20250616_1509_Elegans-Gyemantgyuru_remix_01jxwdnq5qftmvb1ehe42apt5v.png","type":"image\/png"}],"twitter_card":"summary_large_image","twitter_misc":{"Estimated reading time":"2 minutes"},"schema":{"@context":"https:\/\/schema.org","@graph":[{"@type":"WebPage","@id":"https:\/\/brillancy.hu\/product\/pepper-brill-gyuru\/","url":"https:\/\/brillancy.hu\/product\/pepper-brill-gyuru\/","name":"Pepper Brill gy\u0171r\u0171 - Brillancy","isPartOf":{"@id":"https:\/\/brillancy.hu\/#website"},"primaryImageOfPage":{"@id":"https:\/\/brillancy.hu\/product\/pepper-brill-gyuru\/#primaryimage"},"image":{"@id":"https:\/\/brillancy.hu\/product\/pepper-brill-gyuru\/#primaryimage"},"thumbnailUrl":"https:\/\/brillancy.hu\/wp-content\/uploads\/2025\/01\/20250616_1509_Elegans-Gyemantgyuru_remix_01jxwdnq5qftmvb1ehe42apt5v.png","datePublished":"2025-01-31T17:20:12+00:00","dateModified":"2025-11-10T14:37:21+00:00","description":"Pepper Brill gy\u0171r\u0171 - Cs\u00e1b\u00edt\u00f3an Titokzatos \u2013 Feh\u00e9rarany gy\u0171r\u0171, brili\u00e1ns csiszol\u00e1s\u00fa gy\u00e9m\u00e1nttal a Brillancy \u00c9kszermanufakt\u00fara k\u00edn\u00e1lat\u00e1b\u00f3l","breadcrumb":{"@id":"https:\/\/brillancy.hu\/product\/pepper-brill-gyuru\/#breadcrumb"},"inLanguage":"en-GB","potentialAction":[{"@type":"ReadAction","target":["https:\/\/brillancy.hu\/product\/pepper-brill-gyuru\/"]}]},{"@type":"ImageObject","inLanguage":"en-GB","@id":"https:\/\/brillancy.hu\/product\/pepper-brill-gyuru\/#primaryimage","url":"https:\/\/brillancy.hu\/wp-content\/uploads\/2025\/01\/20250616_1509_Elegans-Gyemantgyuru_remix_01jxwdnq5qftmvb1ehe42apt5v.png","contentUrl":"https:\/\/brillancy.hu\/wp-content\/uploads\/2025\/01\/20250616_1509_Elegans-Gyemantgyuru_remix_01jxwdnq5qftmvb1ehe42apt5v.png","width":1024,"height":1024,"caption":"Pepper brill gy\u0171r\u0171"},{"@type":"BreadcrumbList","@id":"https:\/\/brillancy.hu\/product\/pepper-brill-gyuru\/#breadcrumb","itemListElement":[{"@type":"ListItem","position":1,"name":"Home","item":"https:\/\/brillancy.hu\/"},{"@type":"ListItem","position":2,"name":"Term\u00e9kek","item":"https:\/\/brillancy.hu\/termekek\/"},{"@type":"ListItem","position":3,"name":"Pepper Brill gy\u0171r\u0171"}]},{"@type":"WebSite","@id":"https:\/\/brillancy.hu\/#website","url":"https:\/\/brillancy.hu\/","name":"Brillancy","description":"","potentialAction":[{"@type":"SearchAction","target":{"@type":"EntryPoint","urlTemplate":"https:\/\/brillancy.hu\/?s={search_term_string}"},"query-input":{"@type":"PropertyValueSpecification","valueRequired":true,"valueName":"search_term_string"}}],"inLanguage":"en-GB"}]}},"_links":{"self":[{"href":"https:\/\/brillancy.hu\/en\/wp-json\/wp\/v2\/product\/6254","targetHints":{"allow":["GET"]}}],"collection":[{"href":"https:\/\/brillancy.hu\/en\/wp-json\/wp\/v2\/product"}],"about":[{"href":"https:\/\/brillancy.hu\/en\/wp-json\/wp\/v2\/types\/product"}],"replies":[{"embeddable":true,"href":"https:\/\/brillancy.hu\/en\/wp-json\/wp\/v2\/comments?post=6254"}],"wp:featuredmedia":[{"embeddable":true,"href":"https:\/\/brillancy.hu\/en\/wp-json\/wp\/v2\/media\/10626"}],"wp:attachment":[{"href":"https:\/\/brillancy.hu\/en\/wp-json\/wp\/v2\/media?parent=6254"}],"wp:term":[{"taxonomy":"product_brand","embeddable":true,"href":"https:\/\/brillancy.hu\/en\/wp-json\/wp\/v2\/product_brand?post=6254"},{"taxonomy":"product_cat","embeddable":true,"href":"https:\/\/brillancy.hu\/en\/wp-json\/wp\/v2\/product_cat?post=6254"},{"taxonomy":"product_tag","embeddable":true,"href":"https:\/\/brillancy.hu\/en\/wp-json\/wp\/v2\/product_tag?post=6254"}],"curies":[{"name":"wp","href":"https:\/\/api.w.org\/{rel}","templated":true}]}}