{"id":6253,"date":"2025-01-31T18:20:12","date_gmt":"2025-01-31T17:20:12","guid":{"rendered":"https:\/\/brillancy.hu\/?post_type=product&#038;p=6253"},"modified":"2025-11-10T17:31:33","modified_gmt":"2025-11-10T16:31:33","slug":"erine-brill-gyuru","status":"publish","type":"product","link":"https:\/\/brillancy.hu\/en\/product\/erine-brill-gyuru\/","title":{"rendered":"She Brill ring"},"content":{"rendered":"<p><strong>She brill ring<\/strong><\/p>\n<p>Solid and also modern appearance <strong>14 kar\u00e1tos arany eljegyz\u00e9si gy\u0171r\u0171, term\u00e9szetes gy\u00e9m\u00e1nttal<\/strong>. Special four-claw slot in an amazing <strong>5 mm<\/strong> diameter <strong>0,50 ct<\/strong>-os<strong> brilliant cut diamond<\/strong> shiny. What&#039;s so special about this slot? Out of the ordinary after 45 degrees rotated, and soft sheets by side view of a crown reminds me of you. This unique holder fits perfectly into the sleek, slightly convex gy\u0171r\u0171s\u00edn, which does not take away the focus on the diamond. Recommended for those who like to have a jewellery sophisticated and there&#039;s a little twist.<\/p>\n<ul>\n<li><strong>Material:<\/strong>\u00a0gold<\/li>\n<li><strong>Fineness<\/strong>: 585 thousandth, 14 carat<\/li>\n<li><strong>Gemstone<\/strong>: brilliant cut natural diamonds<\/li>\n<\/ul>\n<p>&nbsp;<\/p>\n<p><strong>Eternal life guarantee:<\/strong>\u00a0the jewelry structure of the material errors and gems<\/p>\n<p><strong>Free renewal:<\/strong>\u00a0We take the we have prepared brill ring free scratch-free sales of and purification of five times (once a year) the purchase within five years.<\/p>\n<p><strong>Free size adjustment:\u00a0<\/strong>If you can't find the right size, we will adjust it for you free of charge.<\/p>\n<p><strong>Gift box:\u00a0<\/strong>We will give you a gift box with the ring, which you can choose from several colors!<\/p>\n<p><strong>Pay scrap gold<\/strong> S\u00e9r\u00fclt, megunt vagy sosem haszn\u00e1lt arany lapul otthon a szekr\u00e9ny m\u00e9ly\u00e9n? Hozd be hozz\u00e1nk \u00e9s besz\u00e1m\u00edtjuk a kiv\u00e1lasztott \u00e9kszer \u00e1r\u00e1ba.<\/p>\n<p><strong>Tetszik az Erine brill gy\u0171r\u0171, de m\u00e1s m\u00e9ret\u0171 gy\u00e9m\u00e1nttal, esetleg sz\u00ednes dr\u00e1gak\u0151vel k\u00e9pzelted el? N\u00e1lunk ez nem gond. Sz\u00edvesen adunk aj\u00e1nlatot a meg\u00e1lmodott \u00f6tleteidre. Keress minket bizalommal telefonon a +36 30 539 1179 sz\u00e1mon, vagy az <\/strong><a href=\"mailto:info@brillancy.hu\"><strong>info@brillancy.hu<\/strong><\/a><strong>\u00a0e-mail address.<\/strong><\/p>","protected":false},"excerpt":{"rendered":"<p>She brill ring \u2013 Tempting mystery \u2013 white gold ring brilliant cut diamond in Brillance jewelry manufactory offer \u2013 reasonable price, eternal life guarantee<\/p>","protected":false},"featured_media":11785,"comment_status":"closed","ping_status":"closed","template":"","meta":[],"product_brand":[],"product_cat":[35,17,39,22,33],"product_tag":[],"class_list":{"0":"post-6253","1":"product","2":"type-product","3":"status-publish","4":"has-post-thumbnail","6":"product_cat-egykoves","7":"product_cat-eljegyzesi-gyuruk","8":"product_cat-gyemant","9":"product_cat-kerek","10":"product_cat-klasszikus","12":"first","13":"instock","14":"purchasable","15":"product-type-variable"},"yoast_head":"<!-- This site is optimized with the Yoast SEO Premium plugin v27.0 (Yoast SEO v27.0) - https:\/\/yoast.com\/product\/yoast-seo-premium-wordpress\/ -->\n<title>Erine Brill gy\u0171r\u0171 - Brillancy<\/title>\n<meta name=\"description\" content=\"Erine Brill gy\u0171r\u0171 - A tervez\u0151 aj\u00e1nl\u00e1sa: Szolid \u00e9s egyben modern megjelen\u00e9s\u0171 14 kar\u00e1tos feh\u00e9rarany eljegyz\u00e9si gy\u0171r\u0171, term\u00e9szetes gy\u00e9m\u00e1nttal.\" \/>\n<meta name=\"robots\" content=\"index, follow, max-snippet:-1, max-image-preview:large, max-video-preview:-1\" \/>\n<link rel=\"canonical\" href=\"https:\/\/brillancy.hu\/en\/product\/erine-brill-gyuru\/\" \/>\n<meta property=\"og:locale\" content=\"en_GB\" \/>\n<meta property=\"og:type\" content=\"article\" \/>\n<meta property=\"og:title\" content=\"Erine Brill gy\u0171r\u0171\" \/>\n<meta property=\"og:description\" content=\"Erine Brill gy\u0171r\u0171 - A tervez\u0151 aj\u00e1nl\u00e1sa: Szolid \u00e9s egyben modern megjelen\u00e9s\u0171 14 kar\u00e1tos feh\u00e9rarany eljegyz\u00e9si gy\u0171r\u0171, term\u00e9szetes gy\u00e9m\u00e1nttal.\" \/>\n<meta property=\"og:url\" content=\"https:\/\/brillancy.hu\/en\/product\/erine-brill-gyuru\/\" \/>\n<meta property=\"og:site_name\" content=\"Brillancy\" \/>\n<meta property=\"article:modified_time\" content=\"2025-11-10T16:31:33+00:00\" \/>\n<meta property=\"og:image\" content=\"https:\/\/brillancy.hu\/wp-content\/uploads\/2025\/09\/Erine.jpg\" \/>\n\t<meta property=\"og:image:width\" content=\"1024\" \/>\n\t<meta property=\"og:image:height\" content=\"1024\" \/>\n\t<meta property=\"og:image:type\" content=\"image\/jpeg\" \/>\n<meta name=\"twitter:card\" content=\"summary_large_image\" \/>\n<meta name=\"twitter:label1\" content=\"Estimated reading time\" \/>\n\t<meta name=\"twitter:data1\" content=\"2 minutes\" \/>\n<script type=\"application\/ld+json\" class=\"yoast-schema-graph\">{\"@context\":\"https:\/\/schema.org\",\"@graph\":[{\"@type\":\"WebPage\",\"@id\":\"https:\/\/brillancy.hu\/product\/erine-brill-gyuru\/\",\"url\":\"https:\/\/brillancy.hu\/product\/erine-brill-gyuru\/\",\"name\":\"Erine Brill gy\u0171r\u0171 - Brillancy\",\"isPartOf\":{\"@id\":\"https:\/\/brillancy.hu\/#website\"},\"primaryImageOfPage\":{\"@id\":\"https:\/\/brillancy.hu\/product\/erine-brill-gyuru\/#primaryimage\"},\"image\":{\"@id\":\"https:\/\/brillancy.hu\/product\/erine-brill-gyuru\/#primaryimage\"},\"thumbnailUrl\":\"https:\/\/brillancy.hu\/wp-content\/uploads\/2025\/09\/Erine.jpg\",\"datePublished\":\"2025-01-31T17:20:12+00:00\",\"dateModified\":\"2025-11-10T16:31:33+00:00\",\"description\":\"Erine Brill gy\u0171r\u0171 - A tervez\u0151 aj\u00e1nl\u00e1sa: Szolid \u00e9s egyben modern megjelen\u00e9s\u0171 14 kar\u00e1tos feh\u00e9rarany eljegyz\u00e9si gy\u0171r\u0171, term\u00e9szetes gy\u00e9m\u00e1nttal.\",\"breadcrumb\":{\"@id\":\"https:\/\/brillancy.hu\/product\/erine-brill-gyuru\/#breadcrumb\"},\"inLanguage\":\"en-GB\",\"potentialAction\":[{\"@type\":\"ReadAction\",\"target\":[\"https:\/\/brillancy.hu\/product\/erine-brill-gyuru\/\"]}]},{\"@type\":\"ImageObject\",\"inLanguage\":\"en-GB\",\"@id\":\"https:\/\/brillancy.hu\/product\/erine-brill-gyuru\/#primaryimage\",\"url\":\"https:\/\/brillancy.hu\/wp-content\/uploads\/2025\/09\/Erine.jpg\",\"contentUrl\":\"https:\/\/brillancy.hu\/wp-content\/uploads\/2025\/09\/Erine.jpg\",\"width\":1024,\"height\":1024,\"caption\":\"Erine brill gy\u0171r\u0171\"},{\"@type\":\"BreadcrumbList\",\"@id\":\"https:\/\/brillancy.hu\/product\/erine-brill-gyuru\/#breadcrumb\",\"itemListElement\":[{\"@type\":\"ListItem\",\"position\":1,\"name\":\"Home\",\"item\":\"https:\/\/brillancy.hu\/\"},{\"@type\":\"ListItem\",\"position\":2,\"name\":\"Term\u00e9kek\",\"item\":\"https:\/\/brillancy.hu\/termekek\/\"},{\"@type\":\"ListItem\",\"position\":3,\"name\":\"Erine Brill gy\u0171r\u0171\"}]},{\"@type\":\"WebSite\",\"@id\":\"https:\/\/brillancy.hu\/#website\",\"url\":\"https:\/\/brillancy.hu\/\",\"name\":\"Brillancy\",\"description\":\"\",\"potentialAction\":[{\"@type\":\"SearchAction\",\"target\":{\"@type\":\"EntryPoint\",\"urlTemplate\":\"https:\/\/brillancy.hu\/?s={search_term_string}\"},\"query-input\":{\"@type\":\"PropertyValueSpecification\",\"valueRequired\":true,\"valueName\":\"search_term_string\"}}],\"inLanguage\":\"en-GB\"}]}<\/script>\n<!-- \/ Yoast SEO Premium plugin. -->","yoast_head_json":{"title":"Erine Brill gy\u0171r\u0171 - Brillancy","description":"Erine Brill gy\u0171r\u0171 - A tervez\u0151 aj\u00e1nl\u00e1sa: Szolid \u00e9s egyben modern megjelen\u00e9s\u0171 14 kar\u00e1tos feh\u00e9rarany eljegyz\u00e9si gy\u0171r\u0171, term\u00e9szetes gy\u00e9m\u00e1nttal.","robots":{"index":"index","follow":"follow","max-snippet":"max-snippet:-1","max-image-preview":"max-image-preview:large","max-video-preview":"max-video-preview:-1"},"canonical":"https:\/\/brillancy.hu\/en\/product\/erine-brill-gyuru\/","og_locale":"en_GB","og_type":"article","og_title":"Erine Brill gy\u0171r\u0171","og_description":"Erine Brill gy\u0171r\u0171 - A tervez\u0151 aj\u00e1nl\u00e1sa: Szolid \u00e9s egyben modern megjelen\u00e9s\u0171 14 kar\u00e1tos feh\u00e9rarany eljegyz\u00e9si gy\u0171r\u0171, term\u00e9szetes gy\u00e9m\u00e1nttal.","og_url":"https:\/\/brillancy.hu\/en\/product\/erine-brill-gyuru\/","og_site_name":"Brillancy","article_modified_time":"2025-11-10T16:31:33+00:00","og_image":[{"width":1024,"height":1024,"url":"https:\/\/brillancy.hu\/wp-content\/uploads\/2025\/09\/Erine.jpg","type":"image\/jpeg"}],"twitter_card":"summary_large_image","twitter_misc":{"Estimated reading time":"2 minutes"},"schema":{"@context":"https:\/\/schema.org","@graph":[{"@type":"WebPage","@id":"https:\/\/brillancy.hu\/product\/erine-brill-gyuru\/","url":"https:\/\/brillancy.hu\/product\/erine-brill-gyuru\/","name":"Erine Brill gy\u0171r\u0171 - Brillancy","isPartOf":{"@id":"https:\/\/brillancy.hu\/#website"},"primaryImageOfPage":{"@id":"https:\/\/brillancy.hu\/product\/erine-brill-gyuru\/#primaryimage"},"image":{"@id":"https:\/\/brillancy.hu\/product\/erine-brill-gyuru\/#primaryimage"},"thumbnailUrl":"https:\/\/brillancy.hu\/wp-content\/uploads\/2025\/09\/Erine.jpg","datePublished":"2025-01-31T17:20:12+00:00","dateModified":"2025-11-10T16:31:33+00:00","description":"Erine Brill gy\u0171r\u0171 - A tervez\u0151 aj\u00e1nl\u00e1sa: Szolid \u00e9s egyben modern megjelen\u00e9s\u0171 14 kar\u00e1tos feh\u00e9rarany eljegyz\u00e9si gy\u0171r\u0171, term\u00e9szetes gy\u00e9m\u00e1nttal.","breadcrumb":{"@id":"https:\/\/brillancy.hu\/product\/erine-brill-gyuru\/#breadcrumb"},"inLanguage":"en-GB","potentialAction":[{"@type":"ReadAction","target":["https:\/\/brillancy.hu\/product\/erine-brill-gyuru\/"]}]},{"@type":"ImageObject","inLanguage":"en-GB","@id":"https:\/\/brillancy.hu\/product\/erine-brill-gyuru\/#primaryimage","url":"https:\/\/brillancy.hu\/wp-content\/uploads\/2025\/09\/Erine.jpg","contentUrl":"https:\/\/brillancy.hu\/wp-content\/uploads\/2025\/09\/Erine.jpg","width":1024,"height":1024,"caption":"Erine brill gy\u0171r\u0171"},{"@type":"BreadcrumbList","@id":"https:\/\/brillancy.hu\/product\/erine-brill-gyuru\/#breadcrumb","itemListElement":[{"@type":"ListItem","position":1,"name":"Home","item":"https:\/\/brillancy.hu\/"},{"@type":"ListItem","position":2,"name":"Term\u00e9kek","item":"https:\/\/brillancy.hu\/termekek\/"},{"@type":"ListItem","position":3,"name":"Erine Brill gy\u0171r\u0171"}]},{"@type":"WebSite","@id":"https:\/\/brillancy.hu\/#website","url":"https:\/\/brillancy.hu\/","name":"Brillancy","description":"","potentialAction":[{"@type":"SearchAction","target":{"@type":"EntryPoint","urlTemplate":"https:\/\/brillancy.hu\/?s={search_term_string}"},"query-input":{"@type":"PropertyValueSpecification","valueRequired":true,"valueName":"search_term_string"}}],"inLanguage":"en-GB"}]}},"_links":{"self":[{"href":"https:\/\/brillancy.hu\/en\/wp-json\/wp\/v2\/product\/6253","targetHints":{"allow":["GET"]}}],"collection":[{"href":"https:\/\/brillancy.hu\/en\/wp-json\/wp\/v2\/product"}],"about":[{"href":"https:\/\/brillancy.hu\/en\/wp-json\/wp\/v2\/types\/product"}],"replies":[{"embeddable":true,"href":"https:\/\/brillancy.hu\/en\/wp-json\/wp\/v2\/comments?post=6253"}],"wp:featuredmedia":[{"embeddable":true,"href":"https:\/\/brillancy.hu\/en\/wp-json\/wp\/v2\/media\/11785"}],"wp:attachment":[{"href":"https:\/\/brillancy.hu\/en\/wp-json\/wp\/v2\/media?parent=6253"}],"wp:term":[{"taxonomy":"product_brand","embeddable":true,"href":"https:\/\/brillancy.hu\/en\/wp-json\/wp\/v2\/product_brand?post=6253"},{"taxonomy":"product_cat","embeddable":true,"href":"https:\/\/brillancy.hu\/en\/wp-json\/wp\/v2\/product_cat?post=6253"},{"taxonomy":"product_tag","embeddable":true,"href":"https:\/\/brillancy.hu\/en\/wp-json\/wp\/v2\/product_tag?post=6253"}],"curies":[{"name":"wp","href":"https:\/\/api.w.org\/{rel}","templated":true}]}}