{"id":6217,"date":"2025-01-31T18:19:51","date_gmt":"2025-01-31T17:19:51","guid":{"rendered":"https:\/\/brillancy.hu\/?post_type=product&#038;p=6217"},"modified":"2025-10-17T10:56:17","modified_gmt":"2025-10-17T09:56:17","slug":"azalea-gyemant-gyuru","status":"publish","type":"product","link":"https:\/\/brillancy.hu\/en\/product\/azalea-gyemant-gyuru\/","title":{"rendered":"Azalea Diamond ring"},"content":{"rendered":"<p><strong>Azalea diamond ring<\/strong><\/p>\n<p>The divine ones this sophisticated beautiful white gold diamond engagement ring. <strong>The glitter is mainly for the 4 mm diameter and 0.25 ct of magnificent central diamond thanks<\/strong>, which is a four-claw mount in place. Worthy of accompanying shown <strong>to further accentuate the radiance of the 1,3 mm in diameter for the small diamonds, of which a total of 10 pieces have been placed on the two sides.<\/strong> Each gemstone brilliant cut natural diamonds for a total 0,35 ct-os crowd. The gy\u0171r\u0171s\u00edn soft \u00edvelten connected with the book holder on the bottom a little break motions and gently cross the light, thus creating an even more elegant appearance borrowed the jewelry. We recommend always like ladies who have been dreaming of a really fancy diamond ring.<\/p>\n<ul>\n<li><strong>Material:<\/strong> gold -any color gold can be ordered<\/li>\n<li><strong>Fineness<\/strong>: 585 thousandth, 14 carat<\/li>\n<li><strong>Gemstone<\/strong>: brilliant cut natural diamonds<\/li>\n<li><strong>Eternal life guarantee:<\/strong>\u00a0the jewelry structure of the material errors and gems<\/li>\n<li><strong>Free renewal:<\/strong>\u00a0We take your diamond ring, free scratch-free sales of and purification of five times (once a year) the purchase within five years.<\/li>\n<li><strong>Free size adjustment: <\/strong>If you haven&#039;t found the correct size, we will take the ring free size adjustments.<\/li>\n<li><strong>Gift box: <\/strong>The ring is a gift in the box set, and several kinds of colors You can pick out!<\/li>\n<\/ul>\n<p><strong>Pay scrap gold<\/strong>\u00a0Damaged, old, or never used gold hiding at home in the cupboards? Bring it in to us and high count For the selected diamond ring price.<\/p>\n<p><strong>I like the diamond ring, but a different size diamonds, or colorful gems did you imagine it? It&#039;s not a problem. We like to give an offer to the expected ideas. Find us confidence on the phone +36 30 539 1179 number, or the\u00a0<\/strong><a href=\"mailto:info@brillancy.hu\"><strong>info@brillancy.hu<\/strong><\/a><strong>\u00a0e-mail address.<\/strong><\/p>","protected":false},"excerpt":{"rendered":"<p>Azalea diamond ring \u2013 Bold, Creative handmade, white gold diamond ring the Brillance jewelry manufactory offer \u2013 reasonable price, eternal life guarantee<\/p>","protected":false},"featured_media":10642,"comment_status":"closed","ping_status":"closed","template":"","meta":[],"product_brand":[],"product_cat":[17,39,22,33,37],"product_tag":[],"class_list":{"0":"post-6217","1":"product","2":"type-product","3":"status-publish","4":"has-post-thumbnail","6":"product_cat-eljegyzesi-gyuruk","7":"product_cat-gyemant","8":"product_cat-kerek","9":"product_cat-klasszikus","10":"product_cat-tobb-koves","12":"first","13":"instock","14":"purchasable","15":"product-type-simple"},"yoast_head":"<!-- This site is optimized with the Yoast SEO Premium plugin v27.0 (Yoast SEO v27.0) - https:\/\/yoast.com\/product\/yoast-seo-premium-wordpress\/ -->\n<title>Azalea Gy\u00e9m\u00e1nt gy\u0171r\u0171 - Brillancy<\/title>\n<meta name=\"description\" content=\"Azalea gy\u00e9m\u00e1nt gy\u0171r\u0171: A csillog\u00e1st els\u0151sorban a 4 mm \u00e1tm\u00e9r\u0151j\u0171, 0,25 ct-os, k\u00e1pr\u00e1zatos k\u00f6zponti gy\u00e9m\u00e1ntnak k\u00f6sz\u00f6nheti. Mellette az oldals\u00f3 k\u00f6vek ragyognak\" \/>\n<meta name=\"robots\" content=\"index, follow, max-snippet:-1, max-image-preview:large, max-video-preview:-1\" \/>\n<link rel=\"canonical\" href=\"https:\/\/brillancy.hu\/en\/product\/azalea-gyemant-gyuru\/\" \/>\n<meta property=\"og:locale\" content=\"en_GB\" \/>\n<meta property=\"og:type\" content=\"article\" \/>\n<meta property=\"og:title\" content=\"Azalea Gy\u00e9m\u00e1nt gy\u0171r\u0171\" \/>\n<meta property=\"og:description\" content=\"Azalea gy\u00e9m\u00e1nt gy\u0171r\u0171: A csillog\u00e1st els\u0151sorban a 4 mm \u00e1tm\u00e9r\u0151j\u0171, 0,25 ct-os, k\u00e1pr\u00e1zatos k\u00f6zponti gy\u00e9m\u00e1ntnak k\u00f6sz\u00f6nheti. Mellette az oldals\u00f3 k\u00f6vek ragyognak\" \/>\n<meta property=\"og:url\" content=\"https:\/\/brillancy.hu\/en\/product\/azalea-gyemant-gyuru\/\" \/>\n<meta property=\"og:site_name\" content=\"Brillancy\" \/>\n<meta property=\"article:modified_time\" content=\"2025-10-17T09:56:17+00:00\" \/>\n<meta property=\"og:image\" content=\"https:\/\/brillancy.hu\/wp-content\/uploads\/2025\/01\/20250616_1434_Elegant-Diamond-Ring_remix_01jxwbn69ne26tndcbjnmtf4zz.png\" \/>\n\t<meta property=\"og:image:width\" content=\"1024\" \/>\n\t<meta property=\"og:image:height\" content=\"1024\" \/>\n\t<meta property=\"og:image:type\" content=\"image\/png\" \/>\n<meta name=\"twitter:card\" content=\"summary_large_image\" \/>\n<meta name=\"twitter:label1\" content=\"Estimated reading time\" \/>\n\t<meta name=\"twitter:data1\" content=\"4 minutes\" \/>\n<script type=\"application\/ld+json\" class=\"yoast-schema-graph\">{\"@context\":\"https:\/\/schema.org\",\"@graph\":[{\"@type\":\"WebPage\",\"@id\":\"https:\/\/brillancy.hu\/product\/azalea-gyemant-gyuru\/\",\"url\":\"https:\/\/brillancy.hu\/product\/azalea-gyemant-gyuru\/\",\"name\":\"Azalea Gy\u00e9m\u00e1nt gy\u0171r\u0171 - Brillancy\",\"isPartOf\":{\"@id\":\"https:\/\/brillancy.hu\/#website\"},\"primaryImageOfPage\":{\"@id\":\"https:\/\/brillancy.hu\/product\/azalea-gyemant-gyuru\/#primaryimage\"},\"image\":{\"@id\":\"https:\/\/brillancy.hu\/product\/azalea-gyemant-gyuru\/#primaryimage\"},\"thumbnailUrl\":\"https:\/\/brillancy.hu\/wp-content\/uploads\/2025\/01\/20250616_1434_Elegant-Diamond-Ring_remix_01jxwbn69ne26tndcbjnmtf4zz.png\",\"datePublished\":\"2025-01-31T17:19:51+00:00\",\"dateModified\":\"2025-10-17T09:56:17+00:00\",\"description\":\"Azalea gy\u00e9m\u00e1nt gy\u0171r\u0171: A csillog\u00e1st els\u0151sorban a 4 mm \u00e1tm\u00e9r\u0151j\u0171, 0,25 ct-os, k\u00e1pr\u00e1zatos k\u00f6zponti gy\u00e9m\u00e1ntnak k\u00f6sz\u00f6nheti. Mellette az oldals\u00f3 k\u00f6vek ragyognak\",\"breadcrumb\":{\"@id\":\"https:\/\/brillancy.hu\/product\/azalea-gyemant-gyuru\/#breadcrumb\"},\"inLanguage\":\"en-GB\",\"potentialAction\":[{\"@type\":\"ReadAction\",\"target\":[\"https:\/\/brillancy.hu\/product\/azalea-gyemant-gyuru\/\"]}]},{\"@type\":\"ImageObject\",\"inLanguage\":\"en-GB\",\"@id\":\"https:\/\/brillancy.hu\/product\/azalea-gyemant-gyuru\/#primaryimage\",\"url\":\"https:\/\/brillancy.hu\/wp-content\/uploads\/2025\/01\/20250616_1434_Elegant-Diamond-Ring_remix_01jxwbn69ne26tndcbjnmtf4zz.png\",\"contentUrl\":\"https:\/\/brillancy.hu\/wp-content\/uploads\/2025\/01\/20250616_1434_Elegant-Diamond-Ring_remix_01jxwbn69ne26tndcbjnmtf4zz.png\",\"width\":1024,\"height\":1024,\"caption\":\"Azalea gy\u00e9m\u00e1nt gy\u0171r\u0171\"},{\"@type\":\"BreadcrumbList\",\"@id\":\"https:\/\/brillancy.hu\/product\/azalea-gyemant-gyuru\/#breadcrumb\",\"itemListElement\":[{\"@type\":\"ListItem\",\"position\":1,\"name\":\"Home\",\"item\":\"https:\/\/brillancy.hu\/\"},{\"@type\":\"ListItem\",\"position\":2,\"name\":\"Term\u00e9kek\",\"item\":\"https:\/\/brillancy.hu\/termekek\/\"},{\"@type\":\"ListItem\",\"position\":3,\"name\":\"Azalea Gy\u00e9m\u00e1nt gy\u0171r\u0171\"}]},{\"@type\":\"WebSite\",\"@id\":\"https:\/\/brillancy.hu\/#website\",\"url\":\"https:\/\/brillancy.hu\/\",\"name\":\"Brillancy\",\"description\":\"\",\"potentialAction\":[{\"@type\":\"SearchAction\",\"target\":{\"@type\":\"EntryPoint\",\"urlTemplate\":\"https:\/\/brillancy.hu\/?s={search_term_string}\"},\"query-input\":{\"@type\":\"PropertyValueSpecification\",\"valueRequired\":true,\"valueName\":\"search_term_string\"}}],\"inLanguage\":\"en-GB\"}]}<\/script>\n<!-- \/ Yoast SEO Premium plugin. -->","yoast_head_json":{"title":"Azalea Gy\u00e9m\u00e1nt gy\u0171r\u0171 - Brillancy","description":"Azalea gy\u00e9m\u00e1nt gy\u0171r\u0171: A csillog\u00e1st els\u0151sorban a 4 mm \u00e1tm\u00e9r\u0151j\u0171, 0,25 ct-os, k\u00e1pr\u00e1zatos k\u00f6zponti gy\u00e9m\u00e1ntnak k\u00f6sz\u00f6nheti. Mellette az oldals\u00f3 k\u00f6vek ragyognak","robots":{"index":"index","follow":"follow","max-snippet":"max-snippet:-1","max-image-preview":"max-image-preview:large","max-video-preview":"max-video-preview:-1"},"canonical":"https:\/\/brillancy.hu\/en\/product\/azalea-gyemant-gyuru\/","og_locale":"en_GB","og_type":"article","og_title":"Azalea Gy\u00e9m\u00e1nt gy\u0171r\u0171","og_description":"Azalea gy\u00e9m\u00e1nt gy\u0171r\u0171: A csillog\u00e1st els\u0151sorban a 4 mm \u00e1tm\u00e9r\u0151j\u0171, 0,25 ct-os, k\u00e1pr\u00e1zatos k\u00f6zponti gy\u00e9m\u00e1ntnak k\u00f6sz\u00f6nheti. Mellette az oldals\u00f3 k\u00f6vek ragyognak","og_url":"https:\/\/brillancy.hu\/en\/product\/azalea-gyemant-gyuru\/","og_site_name":"Brillancy","article_modified_time":"2025-10-17T09:56:17+00:00","og_image":[{"width":1024,"height":1024,"url":"https:\/\/brillancy.hu\/wp-content\/uploads\/2025\/01\/20250616_1434_Elegant-Diamond-Ring_remix_01jxwbn69ne26tndcbjnmtf4zz.png","type":"image\/png"}],"twitter_card":"summary_large_image","twitter_misc":{"Estimated reading time":"4 minutes"},"schema":{"@context":"https:\/\/schema.org","@graph":[{"@type":"WebPage","@id":"https:\/\/brillancy.hu\/product\/azalea-gyemant-gyuru\/","url":"https:\/\/brillancy.hu\/product\/azalea-gyemant-gyuru\/","name":"Azalea Gy\u00e9m\u00e1nt gy\u0171r\u0171 - Brillancy","isPartOf":{"@id":"https:\/\/brillancy.hu\/#website"},"primaryImageOfPage":{"@id":"https:\/\/brillancy.hu\/product\/azalea-gyemant-gyuru\/#primaryimage"},"image":{"@id":"https:\/\/brillancy.hu\/product\/azalea-gyemant-gyuru\/#primaryimage"},"thumbnailUrl":"https:\/\/brillancy.hu\/wp-content\/uploads\/2025\/01\/20250616_1434_Elegant-Diamond-Ring_remix_01jxwbn69ne26tndcbjnmtf4zz.png","datePublished":"2025-01-31T17:19:51+00:00","dateModified":"2025-10-17T09:56:17+00:00","description":"Azalea gy\u00e9m\u00e1nt gy\u0171r\u0171: A csillog\u00e1st els\u0151sorban a 4 mm \u00e1tm\u00e9r\u0151j\u0171, 0,25 ct-os, k\u00e1pr\u00e1zatos k\u00f6zponti gy\u00e9m\u00e1ntnak k\u00f6sz\u00f6nheti. Mellette az oldals\u00f3 k\u00f6vek ragyognak","breadcrumb":{"@id":"https:\/\/brillancy.hu\/product\/azalea-gyemant-gyuru\/#breadcrumb"},"inLanguage":"en-GB","potentialAction":[{"@type":"ReadAction","target":["https:\/\/brillancy.hu\/product\/azalea-gyemant-gyuru\/"]}]},{"@type":"ImageObject","inLanguage":"en-GB","@id":"https:\/\/brillancy.hu\/product\/azalea-gyemant-gyuru\/#primaryimage","url":"https:\/\/brillancy.hu\/wp-content\/uploads\/2025\/01\/20250616_1434_Elegant-Diamond-Ring_remix_01jxwbn69ne26tndcbjnmtf4zz.png","contentUrl":"https:\/\/brillancy.hu\/wp-content\/uploads\/2025\/01\/20250616_1434_Elegant-Diamond-Ring_remix_01jxwbn69ne26tndcbjnmtf4zz.png","width":1024,"height":1024,"caption":"Azalea gy\u00e9m\u00e1nt gy\u0171r\u0171"},{"@type":"BreadcrumbList","@id":"https:\/\/brillancy.hu\/product\/azalea-gyemant-gyuru\/#breadcrumb","itemListElement":[{"@type":"ListItem","position":1,"name":"Home","item":"https:\/\/brillancy.hu\/"},{"@type":"ListItem","position":2,"name":"Term\u00e9kek","item":"https:\/\/brillancy.hu\/termekek\/"},{"@type":"ListItem","position":3,"name":"Azalea Gy\u00e9m\u00e1nt gy\u0171r\u0171"}]},{"@type":"WebSite","@id":"https:\/\/brillancy.hu\/#website","url":"https:\/\/brillancy.hu\/","name":"Brillancy","description":"","potentialAction":[{"@type":"SearchAction","target":{"@type":"EntryPoint","urlTemplate":"https:\/\/brillancy.hu\/?s={search_term_string}"},"query-input":{"@type":"PropertyValueSpecification","valueRequired":true,"valueName":"search_term_string"}}],"inLanguage":"en-GB"}]}},"_links":{"self":[{"href":"https:\/\/brillancy.hu\/en\/wp-json\/wp\/v2\/product\/6217","targetHints":{"allow":["GET"]}}],"collection":[{"href":"https:\/\/brillancy.hu\/en\/wp-json\/wp\/v2\/product"}],"about":[{"href":"https:\/\/brillancy.hu\/en\/wp-json\/wp\/v2\/types\/product"}],"replies":[{"embeddable":true,"href":"https:\/\/brillancy.hu\/en\/wp-json\/wp\/v2\/comments?post=6217"}],"wp:featuredmedia":[{"embeddable":true,"href":"https:\/\/brillancy.hu\/en\/wp-json\/wp\/v2\/media\/10642"}],"wp:attachment":[{"href":"https:\/\/brillancy.hu\/en\/wp-json\/wp\/v2\/media?parent=6217"}],"wp:term":[{"taxonomy":"product_brand","embeddable":true,"href":"https:\/\/brillancy.hu\/en\/wp-json\/wp\/v2\/product_brand?post=6217"},{"taxonomy":"product_cat","embeddable":true,"href":"https:\/\/brillancy.hu\/en\/wp-json\/wp\/v2\/product_cat?post=6217"},{"taxonomy":"product_tag","embeddable":true,"href":"https:\/\/brillancy.hu\/en\/wp-json\/wp\/v2\/product_tag?post=6217"}],"curies":[{"name":"wp","href":"https:\/\/api.w.org\/{rel}","templated":true}]}}