{"id":6215,"date":"2025-01-31T18:19:51","date_gmt":"2025-01-31T17:19:51","guid":{"rendered":"https:\/\/brillancy.hu\/?post_type=product&#038;p=6215"},"modified":"2025-10-17T10:56:17","modified_gmt":"2025-10-17T09:56:17","slug":"mary-brill-gyuru","status":"publish","type":"product","link":"https:\/\/brillancy.hu\/en\/product\/mary-brill-gyuru\/","title":{"rendered":"Mary Brill ring"},"content":{"rendered":"<p><strong>Mary brill gy\u0171r\u0171<\/strong><\/p>\n<p>Captivating white gold diamond jewelry is a poem, which <strong>classic style to spice up the central diamond black color<\/strong>. This is amazing <strong>brilliant cut, 4 mm diameter gemstone<\/strong> elegantly crafted with a four claw mount is located in. Flanked by beautiful sparkle<strong> a total of ten pieces of 1,3 mm in diameter, white brill<\/strong>perfect and worthy against the pole as the black diamond.<\/p>\n<p><strong>The jewelry in a total of 0,35 ct weight diamond we booked. <\/strong>The gy\u0171r\u0171s\u00edn slightly \u00edvelten connected to the socket, the small breakthroughs and gently pass the light, and airy, graceful appearance to lend the ring. If you wonder to drop the contrasting colors and the sophisticated forms, then this is the brill ring is the right choice.<\/p>\n<ul>\n<li><strong>Material:<\/strong>\u00a0gold<\/li>\n<li><strong>Fineness<\/strong>: 585 thousandth, 14 carat<\/li>\n<li><strong>Gemstone<\/strong>: brilliant cut black and white diamond<\/li>\n<li><strong>Eternal life guarantee:<\/strong>\u00a0the jewelry structure of the material errors and gems<\/li>\n<\/ul>\n<p><strong>Free renewal:<\/strong>\u00a0We take the we have prepared brill ring free scratch-free sales of and purification of five times (once a year) the purchase within five years.<\/p>\n<p><strong>Gift box:\u00a0<\/strong>The ring is a gift in the box set, and several kinds of colors You can pick out!<\/p>\n<p><strong>Pay scrap gold<\/strong>\u00a0Damaged, old, or never used gold hiding at home in the cupboards? Bring it in to us and high count For the selected brill ring price.<\/p>\n<p><strong>I like the brill ring, but larger diamonds, or colorful gems did you imagine it? It&#039;s not a problem. We like to give an offer to the expected ideas. Find us confidence on the phone +36 30 539 1179 number, or the\u00a0<\/strong><a href=\"mailto:info@brillancy.hu\"><strong>info@brillancy.hu<\/strong><\/a><strong>\u00a0e-mail address.<\/strong><\/p>","protected":false},"excerpt":{"rendered":"<p>Mary brill ring \u2013 Tempting mystery \u2013 white gold ring brilliant cut diamond in Brillance jewelry manufactory offer \u2013 reasonable price, eternal life guarantee<\/p>","protected":false},"featured_media":11949,"comment_status":"closed","ping_status":"closed","template":"","meta":[],"product_brand":[],"product_cat":[17,133,22,32,37],"product_tag":[],"class_list":{"0":"post-6215","1":"product","2":"type-product","3":"status-publish","4":"has-post-thumbnail","6":"product_cat-eljegyzesi-gyuruk","7":"product_cat-fekete-gyemant","8":"product_cat-kerek","9":"product_cat-modern","10":"product_cat-tobb-koves","12":"first","13":"instock","14":"purchasable","15":"product-type-simple"},"yoast_head":"<!-- This site is optimized with the Yoast SEO Premium plugin v27.0 (Yoast SEO v27.0) - https:\/\/yoast.com\/product\/yoast-seo-premium-wordpress\/ -->\n<title>Mary Brill gy\u0171r\u0171 - Brillancy<\/title>\n<meta name=\"description\" content=\"Mary Brill gy\u0171r\u0171 - A tervez\u0151 aj\u00e1nl\u00e1sa: Mary brill gy\u0171r\u0171: Mag\u00e1val ragad\u00f3 feh\u00e9rarany gy\u00e9m\u00e1nt \u00e9kszerk\u00f6ltem\u00e9ny, melynek klasszik...\" \/>\n<meta name=\"robots\" content=\"index, follow, max-snippet:-1, max-image-preview:large, max-video-preview:-1\" \/>\n<link rel=\"canonical\" href=\"https:\/\/brillancy.hu\/en\/product\/mary-brill-gyuru\/\" \/>\n<meta property=\"og:locale\" content=\"en_GB\" \/>\n<meta property=\"og:type\" content=\"article\" \/>\n<meta property=\"og:title\" content=\"Mary Brill gy\u0171r\u0171\" \/>\n<meta property=\"og:description\" content=\"Mary Brill gy\u0171r\u0171 - A tervez\u0151 aj\u00e1nl\u00e1sa: Mary brill gy\u0171r\u0171: Mag\u00e1val ragad\u00f3 feh\u00e9rarany gy\u00e9m\u00e1nt \u00e9kszerk\u00f6ltem\u00e9ny, melynek klasszik...\" \/>\n<meta property=\"og:url\" content=\"https:\/\/brillancy.hu\/en\/product\/mary-brill-gyuru\/\" \/>\n<meta property=\"og:site_name\" content=\"Brillancy\" \/>\n<meta property=\"article:modified_time\" content=\"2025-10-17T09:56:17+00:00\" \/>\n<meta property=\"og:image\" content=\"https:\/\/brillancy.hu\/wp-content\/uploads\/2025\/01\/20250928_1417_Elegant-Ring-Display_remix_01k6840myyegwap5emzzkss92j.png\" \/>\n\t<meta property=\"og:image:width\" content=\"1024\" \/>\n\t<meta property=\"og:image:height\" content=\"1024\" \/>\n\t<meta property=\"og:image:type\" content=\"image\/png\" \/>\n<meta name=\"twitter:card\" content=\"summary_large_image\" \/>\n<meta name=\"twitter:label1\" content=\"Estimated reading time\" \/>\n\t<meta name=\"twitter:data1\" content=\"2 minutes\" \/>\n<script type=\"application\/ld+json\" class=\"yoast-schema-graph\">{\"@context\":\"https:\/\/schema.org\",\"@graph\":[{\"@type\":\"WebPage\",\"@id\":\"https:\/\/brillancy.hu\/product\/mary-brill-gyuru\/\",\"url\":\"https:\/\/brillancy.hu\/product\/mary-brill-gyuru\/\",\"name\":\"Mary Brill gy\u0171r\u0171 - Brillancy\",\"isPartOf\":{\"@id\":\"https:\/\/brillancy.hu\/#website\"},\"primaryImageOfPage\":{\"@id\":\"https:\/\/brillancy.hu\/product\/mary-brill-gyuru\/#primaryimage\"},\"image\":{\"@id\":\"https:\/\/brillancy.hu\/product\/mary-brill-gyuru\/#primaryimage\"},\"thumbnailUrl\":\"https:\/\/brillancy.hu\/wp-content\/uploads\/2025\/01\/20250928_1417_Elegant-Ring-Display_remix_01k6840myyegwap5emzzkss92j.png\",\"datePublished\":\"2025-01-31T17:19:51+00:00\",\"dateModified\":\"2025-10-17T09:56:17+00:00\",\"description\":\"Mary Brill gy\u0171r\u0171 - A tervez\u0151 aj\u00e1nl\u00e1sa: Mary brill gy\u0171r\u0171: Mag\u00e1val ragad\u00f3 feh\u00e9rarany gy\u00e9m\u00e1nt \u00e9kszerk\u00f6ltem\u00e9ny, melynek klasszik...\",\"breadcrumb\":{\"@id\":\"https:\/\/brillancy.hu\/product\/mary-brill-gyuru\/#breadcrumb\"},\"inLanguage\":\"en-GB\",\"potentialAction\":[{\"@type\":\"ReadAction\",\"target\":[\"https:\/\/brillancy.hu\/product\/mary-brill-gyuru\/\"]}]},{\"@type\":\"ImageObject\",\"inLanguage\":\"en-GB\",\"@id\":\"https:\/\/brillancy.hu\/product\/mary-brill-gyuru\/#primaryimage\",\"url\":\"https:\/\/brillancy.hu\/wp-content\/uploads\/2025\/01\/20250928_1417_Elegant-Ring-Display_remix_01k6840myyegwap5emzzkss92j.png\",\"contentUrl\":\"https:\/\/brillancy.hu\/wp-content\/uploads\/2025\/01\/20250928_1417_Elegant-Ring-Display_remix_01k6840myyegwap5emzzkss92j.png\",\"width\":1024,\"height\":1024,\"caption\":\"Mary Brill gy\u0171r\u0171\"},{\"@type\":\"BreadcrumbList\",\"@id\":\"https:\/\/brillancy.hu\/product\/mary-brill-gyuru\/#breadcrumb\",\"itemListElement\":[{\"@type\":\"ListItem\",\"position\":1,\"name\":\"Home\",\"item\":\"https:\/\/brillancy.hu\/\"},{\"@type\":\"ListItem\",\"position\":2,\"name\":\"Term\u00e9kek\",\"item\":\"https:\/\/brillancy.hu\/termekek\/\"},{\"@type\":\"ListItem\",\"position\":3,\"name\":\"Mary Brill gy\u0171r\u0171\"}]},{\"@type\":\"WebSite\",\"@id\":\"https:\/\/brillancy.hu\/#website\",\"url\":\"https:\/\/brillancy.hu\/\",\"name\":\"Brillancy\",\"description\":\"\",\"potentialAction\":[{\"@type\":\"SearchAction\",\"target\":{\"@type\":\"EntryPoint\",\"urlTemplate\":\"https:\/\/brillancy.hu\/?s={search_term_string}\"},\"query-input\":{\"@type\":\"PropertyValueSpecification\",\"valueRequired\":true,\"valueName\":\"search_term_string\"}}],\"inLanguage\":\"en-GB\"}]}<\/script>\n<!-- \/ Yoast SEO Premium plugin. -->","yoast_head_json":{"title":"Mary Brill gy\u0171r\u0171 - Brillancy","description":"Mary Brill gy\u0171r\u0171 - A tervez\u0151 aj\u00e1nl\u00e1sa: Mary brill gy\u0171r\u0171: Mag\u00e1val ragad\u00f3 feh\u00e9rarany gy\u00e9m\u00e1nt \u00e9kszerk\u00f6ltem\u00e9ny, melynek klasszik...","robots":{"index":"index","follow":"follow","max-snippet":"max-snippet:-1","max-image-preview":"max-image-preview:large","max-video-preview":"max-video-preview:-1"},"canonical":"https:\/\/brillancy.hu\/en\/product\/mary-brill-gyuru\/","og_locale":"en_GB","og_type":"article","og_title":"Mary Brill gy\u0171r\u0171","og_description":"Mary Brill gy\u0171r\u0171 - A tervez\u0151 aj\u00e1nl\u00e1sa: Mary brill gy\u0171r\u0171: Mag\u00e1val ragad\u00f3 feh\u00e9rarany gy\u00e9m\u00e1nt \u00e9kszerk\u00f6ltem\u00e9ny, melynek klasszik...","og_url":"https:\/\/brillancy.hu\/en\/product\/mary-brill-gyuru\/","og_site_name":"Brillancy","article_modified_time":"2025-10-17T09:56:17+00:00","og_image":[{"width":1024,"height":1024,"url":"https:\/\/brillancy.hu\/wp-content\/uploads\/2025\/01\/20250928_1417_Elegant-Ring-Display_remix_01k6840myyegwap5emzzkss92j.png","type":"image\/png"}],"twitter_card":"summary_large_image","twitter_misc":{"Estimated reading time":"2 minutes"},"schema":{"@context":"https:\/\/schema.org","@graph":[{"@type":"WebPage","@id":"https:\/\/brillancy.hu\/product\/mary-brill-gyuru\/","url":"https:\/\/brillancy.hu\/product\/mary-brill-gyuru\/","name":"Mary Brill gy\u0171r\u0171 - Brillancy","isPartOf":{"@id":"https:\/\/brillancy.hu\/#website"},"primaryImageOfPage":{"@id":"https:\/\/brillancy.hu\/product\/mary-brill-gyuru\/#primaryimage"},"image":{"@id":"https:\/\/brillancy.hu\/product\/mary-brill-gyuru\/#primaryimage"},"thumbnailUrl":"https:\/\/brillancy.hu\/wp-content\/uploads\/2025\/01\/20250928_1417_Elegant-Ring-Display_remix_01k6840myyegwap5emzzkss92j.png","datePublished":"2025-01-31T17:19:51+00:00","dateModified":"2025-10-17T09:56:17+00:00","description":"Mary Brill gy\u0171r\u0171 - A tervez\u0151 aj\u00e1nl\u00e1sa: Mary brill gy\u0171r\u0171: Mag\u00e1val ragad\u00f3 feh\u00e9rarany gy\u00e9m\u00e1nt \u00e9kszerk\u00f6ltem\u00e9ny, melynek klasszik...","breadcrumb":{"@id":"https:\/\/brillancy.hu\/product\/mary-brill-gyuru\/#breadcrumb"},"inLanguage":"en-GB","potentialAction":[{"@type":"ReadAction","target":["https:\/\/brillancy.hu\/product\/mary-brill-gyuru\/"]}]},{"@type":"ImageObject","inLanguage":"en-GB","@id":"https:\/\/brillancy.hu\/product\/mary-brill-gyuru\/#primaryimage","url":"https:\/\/brillancy.hu\/wp-content\/uploads\/2025\/01\/20250928_1417_Elegant-Ring-Display_remix_01k6840myyegwap5emzzkss92j.png","contentUrl":"https:\/\/brillancy.hu\/wp-content\/uploads\/2025\/01\/20250928_1417_Elegant-Ring-Display_remix_01k6840myyegwap5emzzkss92j.png","width":1024,"height":1024,"caption":"Mary Brill gy\u0171r\u0171"},{"@type":"BreadcrumbList","@id":"https:\/\/brillancy.hu\/product\/mary-brill-gyuru\/#breadcrumb","itemListElement":[{"@type":"ListItem","position":1,"name":"Home","item":"https:\/\/brillancy.hu\/"},{"@type":"ListItem","position":2,"name":"Term\u00e9kek","item":"https:\/\/brillancy.hu\/termekek\/"},{"@type":"ListItem","position":3,"name":"Mary Brill gy\u0171r\u0171"}]},{"@type":"WebSite","@id":"https:\/\/brillancy.hu\/#website","url":"https:\/\/brillancy.hu\/","name":"Brillancy","description":"","potentialAction":[{"@type":"SearchAction","target":{"@type":"EntryPoint","urlTemplate":"https:\/\/brillancy.hu\/?s={search_term_string}"},"query-input":{"@type":"PropertyValueSpecification","valueRequired":true,"valueName":"search_term_string"}}],"inLanguage":"en-GB"}]}},"_links":{"self":[{"href":"https:\/\/brillancy.hu\/en\/wp-json\/wp\/v2\/product\/6215","targetHints":{"allow":["GET"]}}],"collection":[{"href":"https:\/\/brillancy.hu\/en\/wp-json\/wp\/v2\/product"}],"about":[{"href":"https:\/\/brillancy.hu\/en\/wp-json\/wp\/v2\/types\/product"}],"replies":[{"embeddable":true,"href":"https:\/\/brillancy.hu\/en\/wp-json\/wp\/v2\/comments?post=6215"}],"wp:featuredmedia":[{"embeddable":true,"href":"https:\/\/brillancy.hu\/en\/wp-json\/wp\/v2\/media\/11949"}],"wp:attachment":[{"href":"https:\/\/brillancy.hu\/en\/wp-json\/wp\/v2\/media?parent=6215"}],"wp:term":[{"taxonomy":"product_brand","embeddable":true,"href":"https:\/\/brillancy.hu\/en\/wp-json\/wp\/v2\/product_brand?post=6215"},{"taxonomy":"product_cat","embeddable":true,"href":"https:\/\/brillancy.hu\/en\/wp-json\/wp\/v2\/product_cat?post=6215"},{"taxonomy":"product_tag","embeddable":true,"href":"https:\/\/brillancy.hu\/en\/wp-json\/wp\/v2\/product_tag?post=6215"}],"curies":[{"name":"wp","href":"https:\/\/api.w.org\/{rel}","templated":true}]}}