{"id":6202,"date":"2025-01-31T18:19:50","date_gmt":"2025-01-31T17:19:50","guid":{"rendered":"https:\/\/brillancy.hu\/?post_type=product&#038;p=6202"},"modified":"2025-10-17T10:56:17","modified_gmt":"2025-10-17T09:56:17","slug":"adelinda-roze-arany-eljegyzesi-gyuru","status":"publish","type":"product","link":"https:\/\/brillancy.hu\/en\/product\/adelinda-roze-arany-eljegyzesi-gyuru\/","title":{"rendered":"Adelinda rose gold engagement ring"},"content":{"rendered":"<p>Adelinda rose gold engagement ring<\/p>\n<p>Unique shape world with a stunning piece out in the <strong>14 karat rose gold diamond engagement ring<\/strong>in which not only showy, but <strong>extremely comfortable<\/strong> also. <strong>A foglalat k\u00fcl\u00f6nleges form\u00e1j\u00e1t a term\u00e9szetb\u0151l mer\u00edtett\u00fck, ugyanis egy es\u0151csepp ihlette. <\/strong><\/p>\n<p><strong>Ebbe a p\u00e1ratlan form\u00e1ba z\u00e1rtunk egy 0,30 ct-os, 4,2 mm \u00e1tm\u00e9r\u0151j\u0171 \u00e9s h\u00e1rom kisebb brili\u00e1ns csiszol\u00e1s\u00fa, k\u00e9k <\/strong><strong>diamond<\/strong>by which each other, strengthening still shining more make this an exceptional appearance jewels poem. The straight gy\u0171r\u0171s\u00edn clean is a perfect match to the soft arc, special socket. If you have been searching for a ring, which laid a spell on you sweetheart, you just found it.<\/p>\n<ul>\n<li><strong>Material: <\/strong>gold<\/li>\n<li><strong>Fineness<\/strong>: 585 thousandth, 14 carat<\/li>\n<li><strong>Gemstone<\/strong>: brilliant cut blue diamonds<\/li>\n<\/ul>\n<p><strong>Free size adjustment:\u00a0<\/strong>If you haven&#039;t found the correct size, we will take the ring free size adjustments.<\/p>\n<p><strong>Gift box:\u00a0<\/strong>The ring is a gift in the box set, and several kinds of colors You can pick out!<\/p>\n<p><strong>Pay scrap gold<\/strong>\u00a0Damaged, old, or never used gold hiding at home in the cupboards? Bring it in to us and high count For the selected engagement ring price.<\/p>\n<p><strong>I like the Lorena gold engagement ring, but a different size<\/strong><strong>maybe a different color gems did you imagine it? It&#039;s not a problem. We like to give an offer to the expected ideas. Find us confidence on the phone +36 30 539 1179 number, or the\u00a0<\/strong><a href=\"mailto:info@brillancy.hu\"><strong>info@brillancy.hu<\/strong><\/a><strong>\u00a0e-mail address.<\/strong><\/p>","protected":false},"excerpt":{"rendered":"<p>Adelinda roz\u00e9 arany eljegyz\u00e9si gy\u0171r\u0171 &#8211; Egyed\u00fcl\u00e1ll\u00f3 formavil\u00e1g\u00fa, leny\u0171g\u00f6z\u0151 sz\u00e9ps\u00e9g\u0171 darabot ismerhetsz meg ebben a 14 kar\u00e1tos roz\u00e9 aranyb\u00f3l k\u00e9sz\u00fclt gy\u00e9m\u00e1nt eljegyz\u00e9si gy\u0171r\u0171ben, mely nem csak mutat\u00f3s, de rendk\u00edv\u00fcl k\u00e9nyelmes is.<\/p>","protected":false},"featured_media":11463,"comment_status":"closed","ping_status":"closed","template":"","meta":[],"product_brand":[],"product_cat":[17,39,31,37],"product_tag":[],"class_list":{"0":"post-6202","1":"product","2":"type-product","3":"status-publish","4":"has-post-thumbnail","6":"product_cat-eljegyzesi-gyuruk","7":"product_cat-gyemant","8":"product_cat-termeszet-inspiralta","9":"product_cat-tobb-koves","11":"first","12":"instock","13":"purchasable","14":"product-type-simple"},"yoast_head":"<!-- This site is optimized with the Yoast SEO Premium plugin v27.0 (Yoast SEO v27.0) - https:\/\/yoast.com\/product\/yoast-seo-premium-wordpress\/ -->\n<title>Adelinda roz\u00e9 arany eljegyz\u00e9si gy\u0171r\u0171 - Brillancy<\/title>\n<meta name=\"description\" content=\"Adelinda roz\u00e9 arany eljegyz\u00e9si gy\u0171r\u0171 -Egyed\u00fcl\u00e1ll\u00f3 formavil\u00e1g\u00fa, gy\u00e9m\u00e1nt eljegyz\u00e9si gy\u0171r\u0171, mely nem csak mutat\u00f3s, de rendk\u00edv\u00fcl k\u00e9nyelmes is.\" \/>\n<meta name=\"robots\" content=\"index, follow, max-snippet:-1, max-image-preview:large, max-video-preview:-1\" \/>\n<link rel=\"canonical\" href=\"https:\/\/brillancy.hu\/en\/product\/adelinda-roze-arany-eljegyzesi-gyuru\/\" \/>\n<meta property=\"og:locale\" content=\"en_GB\" \/>\n<meta property=\"og:type\" content=\"article\" \/>\n<meta property=\"og:title\" content=\"Adelinda roz\u00e9 arany eljegyz\u00e9si gy\u0171r\u0171\" \/>\n<meta property=\"og:description\" content=\"Adelinda roz\u00e9 arany eljegyz\u00e9si gy\u0171r\u0171 -Egyed\u00fcl\u00e1ll\u00f3 formavil\u00e1g\u00fa, gy\u00e9m\u00e1nt eljegyz\u00e9si gy\u0171r\u0171, mely nem csak mutat\u00f3s, de rendk\u00edv\u00fcl k\u00e9nyelmes is.\" \/>\n<meta property=\"og:url\" content=\"https:\/\/brillancy.hu\/en\/product\/adelinda-roze-arany-eljegyzesi-gyuru\/\" \/>\n<meta property=\"og:site_name\" content=\"Brillancy\" \/>\n<meta property=\"article:modified_time\" content=\"2025-10-17T09:56:17+00:00\" \/>\n<meta property=\"og:image\" content=\"https:\/\/brillancy.hu\/wp-content\/uploads\/2025\/01\/adelinda.png\" \/>\n\t<meta property=\"og:image:width\" content=\"1024\" \/>\n\t<meta property=\"og:image:height\" content=\"1024\" \/>\n\t<meta property=\"og:image:type\" content=\"image\/png\" \/>\n<meta name=\"twitter:card\" content=\"summary_large_image\" \/>\n<meta name=\"twitter:label1\" content=\"Estimated reading time\" \/>\n\t<meta name=\"twitter:data1\" content=\"2 minutes\" \/>\n<script type=\"application\/ld+json\" class=\"yoast-schema-graph\">{\"@context\":\"https:\/\/schema.org\",\"@graph\":[{\"@type\":\"WebPage\",\"@id\":\"https:\/\/brillancy.hu\/product\/adelinda-roze-arany-eljegyzesi-gyuru\/\",\"url\":\"https:\/\/brillancy.hu\/product\/adelinda-roze-arany-eljegyzesi-gyuru\/\",\"name\":\"Adelinda roz\u00e9 arany eljegyz\u00e9si gy\u0171r\u0171 - Brillancy\",\"isPartOf\":{\"@id\":\"https:\/\/brillancy.hu\/#website\"},\"primaryImageOfPage\":{\"@id\":\"https:\/\/brillancy.hu\/product\/adelinda-roze-arany-eljegyzesi-gyuru\/#primaryimage\"},\"image\":{\"@id\":\"https:\/\/brillancy.hu\/product\/adelinda-roze-arany-eljegyzesi-gyuru\/#primaryimage\"},\"thumbnailUrl\":\"https:\/\/brillancy.hu\/wp-content\/uploads\/2025\/01\/adelinda.png\",\"datePublished\":\"2025-01-31T17:19:50+00:00\",\"dateModified\":\"2025-10-17T09:56:17+00:00\",\"description\":\"Adelinda roz\u00e9 arany eljegyz\u00e9si gy\u0171r\u0171 -Egyed\u00fcl\u00e1ll\u00f3 formavil\u00e1g\u00fa, gy\u00e9m\u00e1nt eljegyz\u00e9si gy\u0171r\u0171, mely nem csak mutat\u00f3s, de rendk\u00edv\u00fcl k\u00e9nyelmes is.\",\"breadcrumb\":{\"@id\":\"https:\/\/brillancy.hu\/product\/adelinda-roze-arany-eljegyzesi-gyuru\/#breadcrumb\"},\"inLanguage\":\"en-GB\",\"potentialAction\":[{\"@type\":\"ReadAction\",\"target\":[\"https:\/\/brillancy.hu\/product\/adelinda-roze-arany-eljegyzesi-gyuru\/\"]}]},{\"@type\":\"ImageObject\",\"inLanguage\":\"en-GB\",\"@id\":\"https:\/\/brillancy.hu\/product\/adelinda-roze-arany-eljegyzesi-gyuru\/#primaryimage\",\"url\":\"https:\/\/brillancy.hu\/wp-content\/uploads\/2025\/01\/adelinda.png\",\"contentUrl\":\"https:\/\/brillancy.hu\/wp-content\/uploads\/2025\/01\/adelinda.png\",\"width\":1024,\"height\":1024,\"caption\":\"Adelinda roz\u00e9 arany eljegyz\u00e9si gy\u0171r\u0171\"},{\"@type\":\"BreadcrumbList\",\"@id\":\"https:\/\/brillancy.hu\/product\/adelinda-roze-arany-eljegyzesi-gyuru\/#breadcrumb\",\"itemListElement\":[{\"@type\":\"ListItem\",\"position\":1,\"name\":\"Home\",\"item\":\"https:\/\/brillancy.hu\/\"},{\"@type\":\"ListItem\",\"position\":2,\"name\":\"Term\u00e9kek\",\"item\":\"https:\/\/brillancy.hu\/termekek\/\"},{\"@type\":\"ListItem\",\"position\":3,\"name\":\"Adelinda roz\u00e9 arany eljegyz\u00e9si gy\u0171r\u0171\"}]},{\"@type\":\"WebSite\",\"@id\":\"https:\/\/brillancy.hu\/#website\",\"url\":\"https:\/\/brillancy.hu\/\",\"name\":\"Brillancy\",\"description\":\"\",\"potentialAction\":[{\"@type\":\"SearchAction\",\"target\":{\"@type\":\"EntryPoint\",\"urlTemplate\":\"https:\/\/brillancy.hu\/?s={search_term_string}\"},\"query-input\":{\"@type\":\"PropertyValueSpecification\",\"valueRequired\":true,\"valueName\":\"search_term_string\"}}],\"inLanguage\":\"en-GB\"}]}<\/script>\n<!-- \/ Yoast SEO Premium plugin. -->","yoast_head_json":{"title":"Adelinda roz\u00e9 arany eljegyz\u00e9si gy\u0171r\u0171 - Brillancy","description":"Adelinda roz\u00e9 arany eljegyz\u00e9si gy\u0171r\u0171 -Egyed\u00fcl\u00e1ll\u00f3 formavil\u00e1g\u00fa, gy\u00e9m\u00e1nt eljegyz\u00e9si gy\u0171r\u0171, mely nem csak mutat\u00f3s, de rendk\u00edv\u00fcl k\u00e9nyelmes is.","robots":{"index":"index","follow":"follow","max-snippet":"max-snippet:-1","max-image-preview":"max-image-preview:large","max-video-preview":"max-video-preview:-1"},"canonical":"https:\/\/brillancy.hu\/en\/product\/adelinda-roze-arany-eljegyzesi-gyuru\/","og_locale":"en_GB","og_type":"article","og_title":"Adelinda roz\u00e9 arany eljegyz\u00e9si gy\u0171r\u0171","og_description":"Adelinda roz\u00e9 arany eljegyz\u00e9si gy\u0171r\u0171 -Egyed\u00fcl\u00e1ll\u00f3 formavil\u00e1g\u00fa, gy\u00e9m\u00e1nt eljegyz\u00e9si gy\u0171r\u0171, mely nem csak mutat\u00f3s, de rendk\u00edv\u00fcl k\u00e9nyelmes is.","og_url":"https:\/\/brillancy.hu\/en\/product\/adelinda-roze-arany-eljegyzesi-gyuru\/","og_site_name":"Brillancy","article_modified_time":"2025-10-17T09:56:17+00:00","og_image":[{"width":1024,"height":1024,"url":"https:\/\/brillancy.hu\/wp-content\/uploads\/2025\/01\/adelinda.png","type":"image\/png"}],"twitter_card":"summary_large_image","twitter_misc":{"Estimated reading time":"2 minutes"},"schema":{"@context":"https:\/\/schema.org","@graph":[{"@type":"WebPage","@id":"https:\/\/brillancy.hu\/product\/adelinda-roze-arany-eljegyzesi-gyuru\/","url":"https:\/\/brillancy.hu\/product\/adelinda-roze-arany-eljegyzesi-gyuru\/","name":"Adelinda roz\u00e9 arany eljegyz\u00e9si gy\u0171r\u0171 - Brillancy","isPartOf":{"@id":"https:\/\/brillancy.hu\/#website"},"primaryImageOfPage":{"@id":"https:\/\/brillancy.hu\/product\/adelinda-roze-arany-eljegyzesi-gyuru\/#primaryimage"},"image":{"@id":"https:\/\/brillancy.hu\/product\/adelinda-roze-arany-eljegyzesi-gyuru\/#primaryimage"},"thumbnailUrl":"https:\/\/brillancy.hu\/wp-content\/uploads\/2025\/01\/adelinda.png","datePublished":"2025-01-31T17:19:50+00:00","dateModified":"2025-10-17T09:56:17+00:00","description":"Adelinda roz\u00e9 arany eljegyz\u00e9si gy\u0171r\u0171 -Egyed\u00fcl\u00e1ll\u00f3 formavil\u00e1g\u00fa, gy\u00e9m\u00e1nt eljegyz\u00e9si gy\u0171r\u0171, mely nem csak mutat\u00f3s, de rendk\u00edv\u00fcl k\u00e9nyelmes is.","breadcrumb":{"@id":"https:\/\/brillancy.hu\/product\/adelinda-roze-arany-eljegyzesi-gyuru\/#breadcrumb"},"inLanguage":"en-GB","potentialAction":[{"@type":"ReadAction","target":["https:\/\/brillancy.hu\/product\/adelinda-roze-arany-eljegyzesi-gyuru\/"]}]},{"@type":"ImageObject","inLanguage":"en-GB","@id":"https:\/\/brillancy.hu\/product\/adelinda-roze-arany-eljegyzesi-gyuru\/#primaryimage","url":"https:\/\/brillancy.hu\/wp-content\/uploads\/2025\/01\/adelinda.png","contentUrl":"https:\/\/brillancy.hu\/wp-content\/uploads\/2025\/01\/adelinda.png","width":1024,"height":1024,"caption":"Adelinda roz\u00e9 arany eljegyz\u00e9si gy\u0171r\u0171"},{"@type":"BreadcrumbList","@id":"https:\/\/brillancy.hu\/product\/adelinda-roze-arany-eljegyzesi-gyuru\/#breadcrumb","itemListElement":[{"@type":"ListItem","position":1,"name":"Home","item":"https:\/\/brillancy.hu\/"},{"@type":"ListItem","position":2,"name":"Term\u00e9kek","item":"https:\/\/brillancy.hu\/termekek\/"},{"@type":"ListItem","position":3,"name":"Adelinda roz\u00e9 arany eljegyz\u00e9si gy\u0171r\u0171"}]},{"@type":"WebSite","@id":"https:\/\/brillancy.hu\/#website","url":"https:\/\/brillancy.hu\/","name":"Brillancy","description":"","potentialAction":[{"@type":"SearchAction","target":{"@type":"EntryPoint","urlTemplate":"https:\/\/brillancy.hu\/?s={search_term_string}"},"query-input":{"@type":"PropertyValueSpecification","valueRequired":true,"valueName":"search_term_string"}}],"inLanguage":"en-GB"}]}},"_links":{"self":[{"href":"https:\/\/brillancy.hu\/en\/wp-json\/wp\/v2\/product\/6202","targetHints":{"allow":["GET"]}}],"collection":[{"href":"https:\/\/brillancy.hu\/en\/wp-json\/wp\/v2\/product"}],"about":[{"href":"https:\/\/brillancy.hu\/en\/wp-json\/wp\/v2\/types\/product"}],"replies":[{"embeddable":true,"href":"https:\/\/brillancy.hu\/en\/wp-json\/wp\/v2\/comments?post=6202"}],"wp:featuredmedia":[{"embeddable":true,"href":"https:\/\/brillancy.hu\/en\/wp-json\/wp\/v2\/media\/11463"}],"wp:attachment":[{"href":"https:\/\/brillancy.hu\/en\/wp-json\/wp\/v2\/media?parent=6202"}],"wp:term":[{"taxonomy":"product_brand","embeddable":true,"href":"https:\/\/brillancy.hu\/en\/wp-json\/wp\/v2\/product_brand?post=6202"},{"taxonomy":"product_cat","embeddable":true,"href":"https:\/\/brillancy.hu\/en\/wp-json\/wp\/v2\/product_cat?post=6202"},{"taxonomy":"product_tag","embeddable":true,"href":"https:\/\/brillancy.hu\/en\/wp-json\/wp\/v2\/product_tag?post=6202"}],"curies":[{"name":"wp","href":"https:\/\/api.w.org\/{rel}","templated":true}]}}