{"id":6162,"date":"2025-01-31T18:19:29","date_gmt":"2025-01-31T17:19:29","guid":{"rendered":"https:\/\/brillancy.hu\/?post_type=product&#038;p=6162"},"modified":"2025-11-11T15:18:27","modified_gmt":"2025-11-11T14:18:27","slug":"leona-brill-gyuru","status":"publish","type":"product","link":"https:\/\/brillancy.hu\/en\/product\/leona-brill-gyuru\/","title":{"rendered":"Leona Brill ring"},"content":{"rendered":"<p><strong>Leona brill ring<\/strong><\/p>\n<p><strong>The designer&#039;s recommendation:<\/strong><\/p>\n<p>Already at first glance, it is easy to fall in love this beautiful, classic appearance, <strong>14-karat gold<\/strong>from\u00a0<strong>diamond engagement ring<\/strong>in. High rise, four-claw holder will contribute to the<strong>\u00a0brilliant cut, 0,17 ct weight of 3.5 mm in diameter, white color natural diamond<\/strong>him. This is a real light transmission slot, because it is the karma of the jewel, that side can be admired. Bathing in the sunlight, which makes it even more szikr\u00e1z\u00f3bb. The gy\u0171r\u0171s\u00edn toward the slot gently tapers towards this, the little details you have to thank for elegance and grace. We recommend it to everyone who like jewelry you are looking for, which will form the world with and gorgeous shine by charming femininity broadcast.<\/p>\n<ul>\n<li><strong>Material:<\/strong>\u00a0gold<\/li>\n<li><strong>Fineness<\/strong>: 585 thousandth, 14 carat<\/li>\n<li><strong>Gemstone<\/strong>: brilliant cut natural diamonds<\/li>\n<\/ul>\n<p>&nbsp;<\/p>\n<p><strong>Eternal life guarantee:<\/strong>\u00a0the jewelry structure of the material errors and gems<\/p>\n<p><strong>Free renewal:<\/strong>\u00a0We take the we have prepared brill ring free scratch-free sales of and purification of five times (once a year) the purchase within five years.<\/p>\n<p><strong>Free size adjustment:\u00a0<\/strong>If you haven&#039;t found the correct size, we will take the ring free size adjustments.<\/p>\n<p><strong>Gift box:\u00a0<\/strong>The ring is a gift in the box set, and several kinds of colors You can pick out!<\/p>\n<p><strong>Can be ordered in white, yellow or rose gold colors.<\/strong><\/p>\n<p><strong>I like the Leona brill ring, but a different size diamonds, or colorful gems did you imagine it?<\/strong> It&#039;s not a problem. We like to give you an offer to the expected ideas. Find us confidence on the phone +36 30 539 1179 number, or the <a href=\"mailto:info@brillancy.hu\">info@brillancy.hu<\/a>\u00a0e-mail address.<\/p>\n<p><strong>Pay scrap gold<\/strong>\u00a0Damaged, old, or never used gold hiding at home in the cupboards? Bring it in to us and it will be transferred to you the chosen jewellery price.<\/p>","protected":false},"excerpt":{"rendered":"<p>Leona brill ring \u2013 Tempting mystery \u2013 white gold ring brilliant cut diamond in Brillance jewelry manufactory offer \u2013 reasonable price, eternal life guarantee<\/p>","protected":false},"featured_media":6298,"comment_status":"closed","ping_status":"closed","template":"","meta":[],"product_brand":[],"product_cat":[35,17,39,22,33],"product_tag":[],"class_list":{"0":"post-6162","1":"product","2":"type-product","3":"status-publish","4":"has-post-thumbnail","6":"product_cat-egykoves","7":"product_cat-eljegyzesi-gyuruk","8":"product_cat-gyemant","9":"product_cat-kerek","10":"product_cat-klasszikus","12":"first","13":"instock","14":"purchasable","15":"product-type-simple"},"yoast_head":"<!-- This site is optimized with the Yoast SEO Premium plugin v27.0 (Yoast SEO v27.0) - https:\/\/yoast.com\/product\/yoast-seo-premium-wordpress\/ -->\n<title>Leona Brill gy\u0171r\u0171 - Brillancy<\/title>\n<meta name=\"description\" content=\"Leona Brill gy\u0171r\u0171 - A tervez\u0151 aj\u00e1nl\u00e1sa: Leona brill gy\u0171r\u0171: M\u00e1r els\u0151 pillant\u00e1sra k\u00f6nnyen bele lehet szeretni ebbe az \u00e1lomsz\u00e9p, ...\" \/>\n<meta name=\"robots\" content=\"index, follow, max-snippet:-1, max-image-preview:large, max-video-preview:-1\" \/>\n<link rel=\"canonical\" href=\"https:\/\/brillancy.hu\/en\/product\/leona-brill-gyuru\/\" \/>\n<meta property=\"og:locale\" content=\"en_GB\" \/>\n<meta property=\"og:type\" content=\"article\" \/>\n<meta property=\"og:title\" content=\"Leona Brill gy\u0171r\u0171\" \/>\n<meta property=\"og:description\" content=\"Leona Brill gy\u0171r\u0171 - A tervez\u0151 aj\u00e1nl\u00e1sa: Leona brill gy\u0171r\u0171: M\u00e1r els\u0151 pillant\u00e1sra k\u00f6nnyen bele lehet szeretni ebbe az \u00e1lomsz\u00e9p, ...\" \/>\n<meta property=\"og:url\" content=\"https:\/\/brillancy.hu\/en\/product\/leona-brill-gyuru\/\" \/>\n<meta property=\"og:site_name\" content=\"Brillancy\" \/>\n<meta property=\"article:modified_time\" content=\"2025-11-11T14:18:27+00:00\" \/>\n<meta property=\"og:image\" content=\"https:\/\/brillancy.hu\/wp-content\/uploads\/2025\/01\/Leona_brill_gyuru_1.jpg\" \/>\n\t<meta property=\"og:image:width\" content=\"640\" \/>\n\t<meta property=\"og:image:height\" content=\"480\" \/>\n\t<meta property=\"og:image:type\" content=\"image\/jpeg\" \/>\n<meta name=\"twitter:card\" content=\"summary_large_image\" \/>\n<meta name=\"twitter:label1\" content=\"Estimated reading time\" \/>\n\t<meta name=\"twitter:data1\" content=\"2 minutes\" \/>\n<script type=\"application\/ld+json\" class=\"yoast-schema-graph\">{\"@context\":\"https:\/\/schema.org\",\"@graph\":[{\"@type\":\"WebPage\",\"@id\":\"https:\/\/brillancy.hu\/product\/leona-brill-gyuru\/\",\"url\":\"https:\/\/brillancy.hu\/product\/leona-brill-gyuru\/\",\"name\":\"Leona Brill gy\u0171r\u0171 - Brillancy\",\"isPartOf\":{\"@id\":\"https:\/\/brillancy.hu\/#website\"},\"primaryImageOfPage\":{\"@id\":\"https:\/\/brillancy.hu\/product\/leona-brill-gyuru\/#primaryimage\"},\"image\":{\"@id\":\"https:\/\/brillancy.hu\/product\/leona-brill-gyuru\/#primaryimage\"},\"thumbnailUrl\":\"https:\/\/brillancy.hu\/wp-content\/uploads\/2025\/01\/Leona_brill_gyuru_1.jpg\",\"datePublished\":\"2025-01-31T17:19:29+00:00\",\"dateModified\":\"2025-11-11T14:18:27+00:00\",\"description\":\"Leona Brill gy\u0171r\u0171 - A tervez\u0151 aj\u00e1nl\u00e1sa: Leona brill gy\u0171r\u0171: M\u00e1r els\u0151 pillant\u00e1sra k\u00f6nnyen bele lehet szeretni ebbe az \u00e1lomsz\u00e9p, ...\",\"breadcrumb\":{\"@id\":\"https:\/\/brillancy.hu\/product\/leona-brill-gyuru\/#breadcrumb\"},\"inLanguage\":\"en-GB\",\"potentialAction\":[{\"@type\":\"ReadAction\",\"target\":[\"https:\/\/brillancy.hu\/product\/leona-brill-gyuru\/\"]}]},{\"@type\":\"ImageObject\",\"inLanguage\":\"en-GB\",\"@id\":\"https:\/\/brillancy.hu\/product\/leona-brill-gyuru\/#primaryimage\",\"url\":\"https:\/\/brillancy.hu\/wp-content\/uploads\/2025\/01\/Leona_brill_gyuru_1.jpg\",\"contentUrl\":\"https:\/\/brillancy.hu\/wp-content\/uploads\/2025\/01\/Leona_brill_gyuru_1.jpg\",\"width\":640,\"height\":480,\"caption\":\"Leona Brill gy\u0171r\u0171\"},{\"@type\":\"BreadcrumbList\",\"@id\":\"https:\/\/brillancy.hu\/product\/leona-brill-gyuru\/#breadcrumb\",\"itemListElement\":[{\"@type\":\"ListItem\",\"position\":1,\"name\":\"Home\",\"item\":\"https:\/\/brillancy.hu\/\"},{\"@type\":\"ListItem\",\"position\":2,\"name\":\"Term\u00e9kek\",\"item\":\"https:\/\/brillancy.hu\/termekek\/\"},{\"@type\":\"ListItem\",\"position\":3,\"name\":\"Leona Brill gy\u0171r\u0171\"}]},{\"@type\":\"WebSite\",\"@id\":\"https:\/\/brillancy.hu\/#website\",\"url\":\"https:\/\/brillancy.hu\/\",\"name\":\"Brillancy\",\"description\":\"\",\"potentialAction\":[{\"@type\":\"SearchAction\",\"target\":{\"@type\":\"EntryPoint\",\"urlTemplate\":\"https:\/\/brillancy.hu\/?s={search_term_string}\"},\"query-input\":{\"@type\":\"PropertyValueSpecification\",\"valueRequired\":true,\"valueName\":\"search_term_string\"}}],\"inLanguage\":\"en-GB\"}]}<\/script>\n<!-- \/ Yoast SEO Premium plugin. -->","yoast_head_json":{"title":"Leona Brill gy\u0171r\u0171 - Brillancy","description":"Leona Brill gy\u0171r\u0171 - A tervez\u0151 aj\u00e1nl\u00e1sa: Leona brill gy\u0171r\u0171: M\u00e1r els\u0151 pillant\u00e1sra k\u00f6nnyen bele lehet szeretni ebbe az \u00e1lomsz\u00e9p, ...","robots":{"index":"index","follow":"follow","max-snippet":"max-snippet:-1","max-image-preview":"max-image-preview:large","max-video-preview":"max-video-preview:-1"},"canonical":"https:\/\/brillancy.hu\/en\/product\/leona-brill-gyuru\/","og_locale":"en_GB","og_type":"article","og_title":"Leona Brill gy\u0171r\u0171","og_description":"Leona Brill gy\u0171r\u0171 - A tervez\u0151 aj\u00e1nl\u00e1sa: Leona brill gy\u0171r\u0171: M\u00e1r els\u0151 pillant\u00e1sra k\u00f6nnyen bele lehet szeretni ebbe az \u00e1lomsz\u00e9p, ...","og_url":"https:\/\/brillancy.hu\/en\/product\/leona-brill-gyuru\/","og_site_name":"Brillancy","article_modified_time":"2025-11-11T14:18:27+00:00","og_image":[{"width":640,"height":480,"url":"https:\/\/brillancy.hu\/wp-content\/uploads\/2025\/01\/Leona_brill_gyuru_1.jpg","type":"image\/jpeg"}],"twitter_card":"summary_large_image","twitter_misc":{"Estimated reading time":"2 minutes"},"schema":{"@context":"https:\/\/schema.org","@graph":[{"@type":"WebPage","@id":"https:\/\/brillancy.hu\/product\/leona-brill-gyuru\/","url":"https:\/\/brillancy.hu\/product\/leona-brill-gyuru\/","name":"Leona Brill gy\u0171r\u0171 - Brillancy","isPartOf":{"@id":"https:\/\/brillancy.hu\/#website"},"primaryImageOfPage":{"@id":"https:\/\/brillancy.hu\/product\/leona-brill-gyuru\/#primaryimage"},"image":{"@id":"https:\/\/brillancy.hu\/product\/leona-brill-gyuru\/#primaryimage"},"thumbnailUrl":"https:\/\/brillancy.hu\/wp-content\/uploads\/2025\/01\/Leona_brill_gyuru_1.jpg","datePublished":"2025-01-31T17:19:29+00:00","dateModified":"2025-11-11T14:18:27+00:00","description":"Leona Brill gy\u0171r\u0171 - A tervez\u0151 aj\u00e1nl\u00e1sa: Leona brill gy\u0171r\u0171: M\u00e1r els\u0151 pillant\u00e1sra k\u00f6nnyen bele lehet szeretni ebbe az \u00e1lomsz\u00e9p, ...","breadcrumb":{"@id":"https:\/\/brillancy.hu\/product\/leona-brill-gyuru\/#breadcrumb"},"inLanguage":"en-GB","potentialAction":[{"@type":"ReadAction","target":["https:\/\/brillancy.hu\/product\/leona-brill-gyuru\/"]}]},{"@type":"ImageObject","inLanguage":"en-GB","@id":"https:\/\/brillancy.hu\/product\/leona-brill-gyuru\/#primaryimage","url":"https:\/\/brillancy.hu\/wp-content\/uploads\/2025\/01\/Leona_brill_gyuru_1.jpg","contentUrl":"https:\/\/brillancy.hu\/wp-content\/uploads\/2025\/01\/Leona_brill_gyuru_1.jpg","width":640,"height":480,"caption":"Leona Brill gy\u0171r\u0171"},{"@type":"BreadcrumbList","@id":"https:\/\/brillancy.hu\/product\/leona-brill-gyuru\/#breadcrumb","itemListElement":[{"@type":"ListItem","position":1,"name":"Home","item":"https:\/\/brillancy.hu\/"},{"@type":"ListItem","position":2,"name":"Term\u00e9kek","item":"https:\/\/brillancy.hu\/termekek\/"},{"@type":"ListItem","position":3,"name":"Leona Brill gy\u0171r\u0171"}]},{"@type":"WebSite","@id":"https:\/\/brillancy.hu\/#website","url":"https:\/\/brillancy.hu\/","name":"Brillancy","description":"","potentialAction":[{"@type":"SearchAction","target":{"@type":"EntryPoint","urlTemplate":"https:\/\/brillancy.hu\/?s={search_term_string}"},"query-input":{"@type":"PropertyValueSpecification","valueRequired":true,"valueName":"search_term_string"}}],"inLanguage":"en-GB"}]}},"_links":{"self":[{"href":"https:\/\/brillancy.hu\/en\/wp-json\/wp\/v2\/product\/6162","targetHints":{"allow":["GET"]}}],"collection":[{"href":"https:\/\/brillancy.hu\/en\/wp-json\/wp\/v2\/product"}],"about":[{"href":"https:\/\/brillancy.hu\/en\/wp-json\/wp\/v2\/types\/product"}],"replies":[{"embeddable":true,"href":"https:\/\/brillancy.hu\/en\/wp-json\/wp\/v2\/comments?post=6162"}],"wp:featuredmedia":[{"embeddable":true,"href":"https:\/\/brillancy.hu\/en\/wp-json\/wp\/v2\/media\/6298"}],"wp:attachment":[{"href":"https:\/\/brillancy.hu\/en\/wp-json\/wp\/v2\/media?parent=6162"}],"wp:term":[{"taxonomy":"product_brand","embeddable":true,"href":"https:\/\/brillancy.hu\/en\/wp-json\/wp\/v2\/product_brand?post=6162"},{"taxonomy":"product_cat","embeddable":true,"href":"https:\/\/brillancy.hu\/en\/wp-json\/wp\/v2\/product_cat?post=6162"},{"taxonomy":"product_tag","embeddable":true,"href":"https:\/\/brillancy.hu\/en\/wp-json\/wp\/v2\/product_tag?post=6162"}],"curies":[{"name":"wp","href":"https:\/\/api.w.org\/{rel}","templated":true}]}}