{"id":6160,"date":"2025-01-31T18:19:29","date_gmt":"2025-01-31T17:19:29","guid":{"rendered":"https:\/\/brillancy.hu\/?post_type=product&#038;p=6160"},"modified":"2025-10-17T10:56:17","modified_gmt":"2025-10-17T09:56:17","slug":"cora-brill-gyuru","status":"publish","type":"product","link":"https:\/\/brillancy.hu\/en\/product\/cora-brill-gyuru\/","title":{"rendered":"Cora Brill ring"},"content":{"rendered":"<p>Cora Brill ring<\/p>\n<p><strong>\u00a0<\/strong>The heart symbol is one of the worldwide most occurring symbol, which is love and love is the expression we use. Therefore, we thought that we design a diamond ring, which is important, by all well-known symbol is repeatedly displayed. Creating l\u00e9nyes aspect was to be at once decorative and comfortable. We think we succeeded. Thus was born this <strong>the 14 karat white gold engagement ring<\/strong>.<\/p>\n<p><strong>In the middle of a bigger hickey I&#039;m twelve pieces of 1-mm-diameter diamond home<\/strong>which each sparkle and beauty of strengthen. The side of the ring yoke of two against each other by heart rest, the bigger ones and a <strong>2 mm diameter diamond decorating<\/strong>. <strong>The diamonds are natural, brilliant cut and their total weight 0,124 ct.<\/strong> Romantic personality to recommend this easy on the eyes, pretty lovely white gold brill ring, which is perfect proof of a true love, and which to wear in emphasized more turns each and every day.<\/p>\n<ul>\n<li><strong>Material:<\/strong>\u00a0gold<\/li>\n<li><strong>Fineness<\/strong>: 585 thousandth, 14 carat<\/li>\n<li><strong>Gemstone<\/strong>: brilliant cut natural diamonds<\/li>\n<li><strong>Eternal life guarantee:<\/strong>\u00a0the jewelry structure of the material errors and gems<\/li>\n<li><strong>Free renewal:<\/strong>\u00a0We take the we have prepared brill ring free scratch-free sales of and purification of five times (once a year) the purchase within five years.<\/li>\n<\/ul>\n<p><strong>Free size adjustment:\u00a0<\/strong>If you haven&#039;t found the correct size, we will take the ring free size adjustments.<\/p>\n<p><strong>Gift box:\u00a0<\/strong>The ring is a gift in the box set, and several kinds of colors You can pick out!<\/p>\n<p><strong>Pay scrap gold<\/strong>\u00a0Damaged, old, or never used gold hiding at home in the cupboards? Bring it in to us and high count For the selected brill ring price.<\/p>\n<p><strong>I like the brill ring, but larger diamonds, or colorful gems did you imagine it? It&#039;s not a problem. We like to give an offer to the expected ideas. Find us confidence on the phone +36 30 539 1179 number, or the\u00a0<\/strong><a href=\"mailto:info@brillancy.hu\"><strong>info@brillancy.hu<\/strong><\/a><strong>\u00a0e-mail address.<\/strong><\/p>","protected":false},"excerpt":{"rendered":"<p>Cora Brill gy\u0171r\u0171 -Titokzatos Feh\u00e9rarany gy\u00e9m\u00e1nt gy\u0171r\u0171, Cora Brill gy\u0171r\u0171. K\u00e9zzel k\u00e9sz\u00fclt brill k\u00f6ves gy\u0171r\u0171. Kedvez\u0151 \u00e1r, \u00f6r\u00f6k \u00e9let garancia.<\/p>","protected":false},"featured_media":11956,"comment_status":"closed","ping_status":"closed","template":"","meta":[],"product_brand":[],"product_cat":[17,39,22,32],"product_tag":[],"class_list":{"0":"post-6160","1":"product","2":"type-product","3":"status-publish","4":"has-post-thumbnail","6":"product_cat-eljegyzesi-gyuruk","7":"product_cat-gyemant","8":"product_cat-kerek","9":"product_cat-modern","11":"first","12":"instock","13":"purchasable","14":"product-type-simple"},"yoast_head":"<!-- This site is optimized with the Yoast SEO Premium plugin v27.0 (Yoast SEO v27.4) - https:\/\/yoast.com\/product\/yoast-seo-premium-wordpress\/ -->\n<title>Cora Brill gy\u0171r\u0171 - Brillancy<\/title>\n<meta name=\"description\" content=\"Cora Brill gy\u0171r\u0171 - A tervez\u0151 aj\u00e1nl\u00e1sa: Cora brill gy\u0171r\u0171: A sz\u00edv, mint szimb\u00f3lum az egyik vil\u00e1gszerte legt\u00f6bbet el\u0151fordul\u00f3 jelk...\" \/>\n<meta name=\"robots\" content=\"index, follow, max-snippet:-1, max-image-preview:large, max-video-preview:-1\" \/>\n<link rel=\"canonical\" href=\"https:\/\/brillancy.hu\/en\/product\/cora-brill-gyuru\/\" \/>\n<meta property=\"og:locale\" content=\"en_GB\" \/>\n<meta property=\"og:type\" content=\"article\" \/>\n<meta property=\"og:title\" content=\"Cora Brill gy\u0171r\u0171\" \/>\n<meta property=\"og:description\" content=\"Cora Brill gy\u0171r\u0171 - A tervez\u0151 aj\u00e1nl\u00e1sa: Cora brill gy\u0171r\u0171: A sz\u00edv, mint szimb\u00f3lum az egyik vil\u00e1gszerte legt\u00f6bbet el\u0151fordul\u00f3 jelk...\" \/>\n<meta property=\"og:url\" content=\"https:\/\/brillancy.hu\/en\/product\/cora-brill-gyuru\/\" \/>\n<meta property=\"og:site_name\" content=\"Brillancy\" \/>\n<meta property=\"article:modified_time\" content=\"2025-10-17T09:56:17+00:00\" \/>\n<meta property=\"og:image\" content=\"https:\/\/brillancy.hu\/wp-content\/uploads\/2025\/01\/20250928_1841_Heart-Ring-Elegance_remix_01k68k54c3ejm9kg0a8d5famf5.png\" \/>\n\t<meta property=\"og:image:width\" content=\"1024\" \/>\n\t<meta property=\"og:image:height\" content=\"1024\" \/>\n\t<meta property=\"og:image:type\" content=\"image\/png\" \/>\n<meta name=\"twitter:card\" content=\"summary_large_image\" \/>\n<meta name=\"twitter:label1\" content=\"Estimated reading time\" \/>\n\t<meta name=\"twitter:data1\" content=\"2 minutes\" \/>\n<script type=\"application\/ld+json\" class=\"yoast-schema-graph\">{\"@context\":\"https:\\\/\\\/schema.org\",\"@graph\":[{\"@type\":\"WebPage\",\"@id\":\"https:\\\/\\\/brillancy.hu\\\/product\\\/cora-brill-gyuru\\\/\",\"url\":\"https:\\\/\\\/brillancy.hu\\\/product\\\/cora-brill-gyuru\\\/\",\"name\":\"Cora Brill gy\u0171r\u0171 - Brillancy\",\"isPartOf\":{\"@id\":\"https:\\\/\\\/brillancy.hu\\\/#website\"},\"primaryImageOfPage\":{\"@id\":\"https:\\\/\\\/brillancy.hu\\\/product\\\/cora-brill-gyuru\\\/#primaryimage\"},\"image\":{\"@id\":\"https:\\\/\\\/brillancy.hu\\\/product\\\/cora-brill-gyuru\\\/#primaryimage\"},\"thumbnailUrl\":\"https:\\\/\\\/brillancy.hu\\\/wp-content\\\/uploads\\\/2025\\\/01\\\/20250928_1841_Heart-Ring-Elegance_remix_01k68k54c3ejm9kg0a8d5famf5.png\",\"datePublished\":\"2025-01-31T17:19:29+00:00\",\"dateModified\":\"2025-10-17T09:56:17+00:00\",\"description\":\"Cora Brill gy\u0171r\u0171 - A tervez\u0151 aj\u00e1nl\u00e1sa: Cora brill gy\u0171r\u0171: A sz\u00edv, mint szimb\u00f3lum az egyik vil\u00e1gszerte legt\u00f6bbet el\u0151fordul\u00f3 jelk...\",\"breadcrumb\":{\"@id\":\"https:\\\/\\\/brillancy.hu\\\/product\\\/cora-brill-gyuru\\\/#breadcrumb\"},\"inLanguage\":\"en-GB\",\"potentialAction\":[{\"@type\":\"ReadAction\",\"target\":[\"https:\\\/\\\/brillancy.hu\\\/product\\\/cora-brill-gyuru\\\/\"]}]},{\"@type\":\"ImageObject\",\"inLanguage\":\"en-GB\",\"@id\":\"https:\\\/\\\/brillancy.hu\\\/product\\\/cora-brill-gyuru\\\/#primaryimage\",\"url\":\"https:\\\/\\\/brillancy.hu\\\/wp-content\\\/uploads\\\/2025\\\/01\\\/20250928_1841_Heart-Ring-Elegance_remix_01k68k54c3ejm9kg0a8d5famf5.png\",\"contentUrl\":\"https:\\\/\\\/brillancy.hu\\\/wp-content\\\/uploads\\\/2025\\\/01\\\/20250928_1841_Heart-Ring-Elegance_remix_01k68k54c3ejm9kg0a8d5famf5.png\",\"width\":1024,\"height\":1024,\"caption\":\"Cora Brill gy\u0171r\u0171\"},{\"@type\":\"BreadcrumbList\",\"@id\":\"https:\\\/\\\/brillancy.hu\\\/product\\\/cora-brill-gyuru\\\/#breadcrumb\",\"itemListElement\":[{\"@type\":\"ListItem\",\"position\":1,\"name\":\"Home\",\"item\":\"https:\\\/\\\/brillancy.hu\\\/\"},{\"@type\":\"ListItem\",\"position\":2,\"name\":\"Term\u00e9kek\",\"item\":\"https:\\\/\\\/brillancy.hu\\\/termekek\\\/\"},{\"@type\":\"ListItem\",\"position\":3,\"name\":\"Cora Brill gy\u0171r\u0171\"}]},{\"@type\":\"WebSite\",\"@id\":\"https:\\\/\\\/brillancy.hu\\\/#website\",\"url\":\"https:\\\/\\\/brillancy.hu\\\/\",\"name\":\"Brillancy\",\"description\":\"\",\"potentialAction\":[{\"@type\":\"SearchAction\",\"target\":{\"@type\":\"EntryPoint\",\"urlTemplate\":\"https:\\\/\\\/brillancy.hu\\\/?s={search_term_string}\"},\"query-input\":{\"@type\":\"PropertyValueSpecification\",\"valueRequired\":true,\"valueName\":\"search_term_string\"}}],\"inLanguage\":\"en-GB\"}]}<\/script>\n<!-- \/ Yoast SEO Premium plugin. -->","yoast_head_json":{"title":"Cora Brill gy\u0171r\u0171 - Brillancy","description":"Cora Brill gy\u0171r\u0171 - A tervez\u0151 aj\u00e1nl\u00e1sa: Cora brill gy\u0171r\u0171: A sz\u00edv, mint szimb\u00f3lum az egyik vil\u00e1gszerte legt\u00f6bbet el\u0151fordul\u00f3 jelk...","robots":{"index":"index","follow":"follow","max-snippet":"max-snippet:-1","max-image-preview":"max-image-preview:large","max-video-preview":"max-video-preview:-1"},"canonical":"https:\/\/brillancy.hu\/en\/product\/cora-brill-gyuru\/","og_locale":"en_GB","og_type":"article","og_title":"Cora Brill gy\u0171r\u0171","og_description":"Cora Brill gy\u0171r\u0171 - A tervez\u0151 aj\u00e1nl\u00e1sa: Cora brill gy\u0171r\u0171: A sz\u00edv, mint szimb\u00f3lum az egyik vil\u00e1gszerte legt\u00f6bbet el\u0151fordul\u00f3 jelk...","og_url":"https:\/\/brillancy.hu\/en\/product\/cora-brill-gyuru\/","og_site_name":"Brillancy","article_modified_time":"2025-10-17T09:56:17+00:00","og_image":[{"width":1024,"height":1024,"url":"https:\/\/brillancy.hu\/wp-content\/uploads\/2025\/01\/20250928_1841_Heart-Ring-Elegance_remix_01k68k54c3ejm9kg0a8d5famf5.png","type":"image\/png"}],"twitter_card":"summary_large_image","twitter_misc":{"Estimated reading time":"2 minutes"},"schema":{"@context":"https:\/\/schema.org","@graph":[{"@type":"WebPage","@id":"https:\/\/brillancy.hu\/product\/cora-brill-gyuru\/","url":"https:\/\/brillancy.hu\/product\/cora-brill-gyuru\/","name":"Cora Brill gy\u0171r\u0171 - Brillancy","isPartOf":{"@id":"https:\/\/brillancy.hu\/#website"},"primaryImageOfPage":{"@id":"https:\/\/brillancy.hu\/product\/cora-brill-gyuru\/#primaryimage"},"image":{"@id":"https:\/\/brillancy.hu\/product\/cora-brill-gyuru\/#primaryimage"},"thumbnailUrl":"https:\/\/brillancy.hu\/wp-content\/uploads\/2025\/01\/20250928_1841_Heart-Ring-Elegance_remix_01k68k54c3ejm9kg0a8d5famf5.png","datePublished":"2025-01-31T17:19:29+00:00","dateModified":"2025-10-17T09:56:17+00:00","description":"Cora Brill gy\u0171r\u0171 - A tervez\u0151 aj\u00e1nl\u00e1sa: Cora brill gy\u0171r\u0171: A sz\u00edv, mint szimb\u00f3lum az egyik vil\u00e1gszerte legt\u00f6bbet el\u0151fordul\u00f3 jelk...","breadcrumb":{"@id":"https:\/\/brillancy.hu\/product\/cora-brill-gyuru\/#breadcrumb"},"inLanguage":"en-GB","potentialAction":[{"@type":"ReadAction","target":["https:\/\/brillancy.hu\/product\/cora-brill-gyuru\/"]}]},{"@type":"ImageObject","inLanguage":"en-GB","@id":"https:\/\/brillancy.hu\/product\/cora-brill-gyuru\/#primaryimage","url":"https:\/\/brillancy.hu\/wp-content\/uploads\/2025\/01\/20250928_1841_Heart-Ring-Elegance_remix_01k68k54c3ejm9kg0a8d5famf5.png","contentUrl":"https:\/\/brillancy.hu\/wp-content\/uploads\/2025\/01\/20250928_1841_Heart-Ring-Elegance_remix_01k68k54c3ejm9kg0a8d5famf5.png","width":1024,"height":1024,"caption":"Cora Brill gy\u0171r\u0171"},{"@type":"BreadcrumbList","@id":"https:\/\/brillancy.hu\/product\/cora-brill-gyuru\/#breadcrumb","itemListElement":[{"@type":"ListItem","position":1,"name":"Home","item":"https:\/\/brillancy.hu\/"},{"@type":"ListItem","position":2,"name":"Term\u00e9kek","item":"https:\/\/brillancy.hu\/termekek\/"},{"@type":"ListItem","position":3,"name":"Cora Brill gy\u0171r\u0171"}]},{"@type":"WebSite","@id":"https:\/\/brillancy.hu\/#website","url":"https:\/\/brillancy.hu\/","name":"Brillancy","description":"","potentialAction":[{"@type":"SearchAction","target":{"@type":"EntryPoint","urlTemplate":"https:\/\/brillancy.hu\/?s={search_term_string}"},"query-input":{"@type":"PropertyValueSpecification","valueRequired":true,"valueName":"search_term_string"}}],"inLanguage":"en-GB"}]}},"_links":{"self":[{"href":"https:\/\/brillancy.hu\/en\/wp-json\/wp\/v2\/product\/6160","targetHints":{"allow":["GET"]}}],"collection":[{"href":"https:\/\/brillancy.hu\/en\/wp-json\/wp\/v2\/product"}],"about":[{"href":"https:\/\/brillancy.hu\/en\/wp-json\/wp\/v2\/types\/product"}],"replies":[{"embeddable":true,"href":"https:\/\/brillancy.hu\/en\/wp-json\/wp\/v2\/comments?post=6160"}],"wp:featuredmedia":[{"embeddable":true,"href":"https:\/\/brillancy.hu\/en\/wp-json\/wp\/v2\/media\/11956"}],"wp:attachment":[{"href":"https:\/\/brillancy.hu\/en\/wp-json\/wp\/v2\/media?parent=6160"}],"wp:term":[{"taxonomy":"product_brand","embeddable":true,"href":"https:\/\/brillancy.hu\/en\/wp-json\/wp\/v2\/product_brand?post=6160"},{"taxonomy":"product_cat","embeddable":true,"href":"https:\/\/brillancy.hu\/en\/wp-json\/wp\/v2\/product_cat?post=6160"},{"taxonomy":"product_tag","embeddable":true,"href":"https:\/\/brillancy.hu\/en\/wp-json\/wp\/v2\/product_tag?post=6160"}],"curies":[{"name":"wp","href":"https:\/\/api.w.org\/{rel}","templated":true}]}}