{"id":6158,"date":"2025-01-31T18:19:29","date_gmt":"2025-01-31T17:19:29","guid":{"rendered":"https:\/\/brillancy.hu\/?post_type=product&#038;p=6158"},"modified":"2025-10-17T10:56:17","modified_gmt":"2025-10-17T09:56:17","slug":"memphis-gyemant-gyuru","status":"publish","type":"product","link":"https:\/\/brillancy.hu\/en\/product\/memphis-gyemant-gyuru\/","title":{"rendered":"Memphis Diamond ring"},"content":{"rendered":"<p>Memphis Diamond ring<\/p>\n<p>Eye-catching<strong> 14 karat white gold diamond ring<\/strong>which is the real guy friends.\u00a0<b><strong>The central gem is a 4 mm diameter, brilliant cut diamond, with two small, 2 mm in diameter, and a special curved, U-shaped four-claw socket.<\/strong><\/b><\/p>\n<p><b> <\/b>Diamonds can never have enough, that&#039;s why <b><strong>the ring is set on a total of 24 pieces, 1 mm in diameter small brill was implanted<\/strong><\/b>side view is also awesome glitter is revealed to the eye.\u00a0<strong>A total of 0,406 ct weight gemstone decorates the jewel.<\/strong> The center is located diamonds tale threesome, as well as the many small brill makes it really exceptional make this a gorgeous piece of jewelry, which works perfectly for any occasion.<\/p>\n<ul>\n<li><b><strong>Material:<\/strong><\/b>\u00a0gold<\/li>\n<li><b><strong>Fineness<\/strong><\/b>: 585 thousandth, 14 carat<\/li>\n<li><b><strong>Gemstone<\/strong><\/b>: brilliant cut natural diamonds<\/li>\n<li><b><strong>Eternal life guarantee:<\/strong><\/b>\u00a0the jewelry structure of the material errors and gems<\/li>\n<\/ul>\n<p><b><strong>Free size adjustment:\u00a0<\/strong><\/b>If you haven&#039;t found the correct size, we will take the ring free size adjustments.<\/p>\n<p><b><strong>Gift box:\u00a0<\/strong><\/b>The ring is a gift in the box set, and several kinds of colors You can pick out!<\/p>\n<p><b><strong>Pay scrap gold<\/strong><\/b>\u00a0Damaged, old, or never used gold hiding at home in the cupboards? Bring it in to us and high count For the selected diamond ring price.<\/p>\n<p><b><strong>I like the diamond ring, but a different size diamonds, or colorful gems did you imagine it? It&#039;s not a problem. We like to give an offer to the expected ideas. Find us confidence on the phone +36 30 539 1179 number, or the\u00a0<\/strong><\/b><a href=\"mailto:info@brillancy.hu\"><b><strong>info@brillancy.hu<\/strong><\/b><\/a><b><strong>\u00a0e-mail address.<\/strong><\/b><\/p>","protected":false},"excerpt":{"rendered":"<p>Memphis diamond ring handmade by Bold Creative \u2013 and-white golden ring with diamonds the Brillance jewelry manufactory offer \u2013 reasonable price, eternal life guarantee<\/p>","protected":false},"featured_media":11996,"comment_status":"closed","ping_status":"closed","template":"","meta":[],"product_brand":[],"product_cat":[17,39,22,32,37],"product_tag":[],"class_list":{"0":"post-6158","1":"product","2":"type-product","3":"status-publish","4":"has-post-thumbnail","6":"product_cat-eljegyzesi-gyuruk","7":"product_cat-gyemant","8":"product_cat-kerek","9":"product_cat-modern","10":"product_cat-tobb-koves","12":"first","13":"instock","14":"purchasable","15":"product-type-simple"},"yoast_head":"<!-- This site is optimized with the Yoast SEO Premium plugin v27.0 (Yoast SEO v27.0) - https:\/\/yoast.com\/product\/yoast-seo-premium-wordpress\/ -->\n<title>Memphis Gy\u00e9m\u00e1nt gy\u0171r\u0171 - Brillancy<\/title>\n<meta name=\"description\" content=\"Memphis Gy\u00e9m\u00e1nt gy\u0171r\u0171 - A tervez\u0151 aj\u00e1nl\u00e1sa: Memphis gy\u00e9m\u00e1nt gy\u0171r\u0171:\u00a0Szemet gy\u00f6ny\u00f6rk\u00f6dtet\u0151 14 kar\u00e1tos feh\u00e9rarany gy\u00e9m\u00e1nt ...\" \/>\n<meta name=\"robots\" content=\"index, follow, max-snippet:-1, max-image-preview:large, max-video-preview:-1\" \/>\n<link rel=\"canonical\" href=\"https:\/\/brillancy.hu\/en\/product\/memphis-gyemant-gyuru\/\" \/>\n<meta property=\"og:locale\" content=\"en_GB\" \/>\n<meta property=\"og:type\" content=\"article\" \/>\n<meta property=\"og:title\" content=\"Memphis Gy\u00e9m\u00e1nt gy\u0171r\u0171\" \/>\n<meta property=\"og:description\" content=\"Memphis Gy\u00e9m\u00e1nt gy\u0171r\u0171 - A tervez\u0151 aj\u00e1nl\u00e1sa: Memphis gy\u00e9m\u00e1nt gy\u0171r\u0171:\u00a0Szemet gy\u00f6ny\u00f6rk\u00f6dtet\u0151 14 kar\u00e1tos feh\u00e9rarany gy\u00e9m\u00e1nt ...\" \/>\n<meta property=\"og:url\" content=\"https:\/\/brillancy.hu\/en\/product\/memphis-gyemant-gyuru\/\" \/>\n<meta property=\"og:site_name\" content=\"Brillancy\" \/>\n<meta property=\"article:modified_time\" content=\"2025-10-17T09:56:17+00:00\" \/>\n<meta property=\"og:image\" content=\"https:\/\/brillancy.hu\/wp-content\/uploads\/2025\/01\/20251002_1436_Elegant-Ring-Display_remix_01k6jer2a5fr8syvpeyzfrhj79.png\" \/>\n\t<meta property=\"og:image:width\" content=\"1024\" \/>\n\t<meta property=\"og:image:height\" content=\"1024\" \/>\n\t<meta property=\"og:image:type\" content=\"image\/png\" \/>\n<meta name=\"twitter:card\" content=\"summary_large_image\" \/>\n<meta name=\"twitter:label1\" content=\"Estimated reading time\" \/>\n\t<meta name=\"twitter:data1\" content=\"2 minutes\" \/>\n<script type=\"application\/ld+json\" class=\"yoast-schema-graph\">{\"@context\":\"https:\/\/schema.org\",\"@graph\":[{\"@type\":\"WebPage\",\"@id\":\"https:\/\/brillancy.hu\/product\/memphis-gyemant-gyuru\/\",\"url\":\"https:\/\/brillancy.hu\/product\/memphis-gyemant-gyuru\/\",\"name\":\"Memphis Gy\u00e9m\u00e1nt gy\u0171r\u0171 - Brillancy\",\"isPartOf\":{\"@id\":\"https:\/\/brillancy.hu\/#website\"},\"primaryImageOfPage\":{\"@id\":\"https:\/\/brillancy.hu\/product\/memphis-gyemant-gyuru\/#primaryimage\"},\"image\":{\"@id\":\"https:\/\/brillancy.hu\/product\/memphis-gyemant-gyuru\/#primaryimage\"},\"thumbnailUrl\":\"https:\/\/brillancy.hu\/wp-content\/uploads\/2025\/01\/20251002_1436_Elegant-Ring-Display_remix_01k6jer2a5fr8syvpeyzfrhj79.png\",\"datePublished\":\"2025-01-31T17:19:29+00:00\",\"dateModified\":\"2025-10-17T09:56:17+00:00\",\"description\":\"Memphis Gy\u00e9m\u00e1nt gy\u0171r\u0171 - A tervez\u0151 aj\u00e1nl\u00e1sa: Memphis gy\u00e9m\u00e1nt gy\u0171r\u0171:\u00a0Szemet gy\u00f6ny\u00f6rk\u00f6dtet\u0151 14 kar\u00e1tos feh\u00e9rarany gy\u00e9m\u00e1nt ...\",\"breadcrumb\":{\"@id\":\"https:\/\/brillancy.hu\/product\/memphis-gyemant-gyuru\/#breadcrumb\"},\"inLanguage\":\"en-GB\",\"potentialAction\":[{\"@type\":\"ReadAction\",\"target\":[\"https:\/\/brillancy.hu\/product\/memphis-gyemant-gyuru\/\"]}]},{\"@type\":\"ImageObject\",\"inLanguage\":\"en-GB\",\"@id\":\"https:\/\/brillancy.hu\/product\/memphis-gyemant-gyuru\/#primaryimage\",\"url\":\"https:\/\/brillancy.hu\/wp-content\/uploads\/2025\/01\/20251002_1436_Elegant-Ring-Display_remix_01k6jer2a5fr8syvpeyzfrhj79.png\",\"contentUrl\":\"https:\/\/brillancy.hu\/wp-content\/uploads\/2025\/01\/20251002_1436_Elegant-Ring-Display_remix_01k6jer2a5fr8syvpeyzfrhj79.png\",\"width\":1024,\"height\":1024,\"caption\":\"Memphis Gy\u00e9m\u00e1nt gy\u0171r\u0171\"},{\"@type\":\"BreadcrumbList\",\"@id\":\"https:\/\/brillancy.hu\/product\/memphis-gyemant-gyuru\/#breadcrumb\",\"itemListElement\":[{\"@type\":\"ListItem\",\"position\":1,\"name\":\"Home\",\"item\":\"https:\/\/brillancy.hu\/\"},{\"@type\":\"ListItem\",\"position\":2,\"name\":\"Term\u00e9kek\",\"item\":\"https:\/\/brillancy.hu\/termekek\/\"},{\"@type\":\"ListItem\",\"position\":3,\"name\":\"Memphis Gy\u00e9m\u00e1nt gy\u0171r\u0171\"}]},{\"@type\":\"WebSite\",\"@id\":\"https:\/\/brillancy.hu\/#website\",\"url\":\"https:\/\/brillancy.hu\/\",\"name\":\"Brillancy\",\"description\":\"\",\"potentialAction\":[{\"@type\":\"SearchAction\",\"target\":{\"@type\":\"EntryPoint\",\"urlTemplate\":\"https:\/\/brillancy.hu\/?s={search_term_string}\"},\"query-input\":{\"@type\":\"PropertyValueSpecification\",\"valueRequired\":true,\"valueName\":\"search_term_string\"}}],\"inLanguage\":\"en-GB\"}]}<\/script>\n<!-- \/ Yoast SEO Premium plugin. -->","yoast_head_json":{"title":"Memphis Gy\u00e9m\u00e1nt gy\u0171r\u0171 - Brillancy","description":"Memphis Gy\u00e9m\u00e1nt gy\u0171r\u0171 - A tervez\u0151 aj\u00e1nl\u00e1sa: Memphis gy\u00e9m\u00e1nt gy\u0171r\u0171:\u00a0Szemet gy\u00f6ny\u00f6rk\u00f6dtet\u0151 14 kar\u00e1tos feh\u00e9rarany gy\u00e9m\u00e1nt ...","robots":{"index":"index","follow":"follow","max-snippet":"max-snippet:-1","max-image-preview":"max-image-preview:large","max-video-preview":"max-video-preview:-1"},"canonical":"https:\/\/brillancy.hu\/en\/product\/memphis-gyemant-gyuru\/","og_locale":"en_GB","og_type":"article","og_title":"Memphis Gy\u00e9m\u00e1nt gy\u0171r\u0171","og_description":"Memphis Gy\u00e9m\u00e1nt gy\u0171r\u0171 - A tervez\u0151 aj\u00e1nl\u00e1sa: Memphis gy\u00e9m\u00e1nt gy\u0171r\u0171:\u00a0Szemet gy\u00f6ny\u00f6rk\u00f6dtet\u0151 14 kar\u00e1tos feh\u00e9rarany gy\u00e9m\u00e1nt ...","og_url":"https:\/\/brillancy.hu\/en\/product\/memphis-gyemant-gyuru\/","og_site_name":"Brillancy","article_modified_time":"2025-10-17T09:56:17+00:00","og_image":[{"width":1024,"height":1024,"url":"https:\/\/brillancy.hu\/wp-content\/uploads\/2025\/01\/20251002_1436_Elegant-Ring-Display_remix_01k6jer2a5fr8syvpeyzfrhj79.png","type":"image\/png"}],"twitter_card":"summary_large_image","twitter_misc":{"Estimated reading time":"2 minutes"},"schema":{"@context":"https:\/\/schema.org","@graph":[{"@type":"WebPage","@id":"https:\/\/brillancy.hu\/product\/memphis-gyemant-gyuru\/","url":"https:\/\/brillancy.hu\/product\/memphis-gyemant-gyuru\/","name":"Memphis Gy\u00e9m\u00e1nt gy\u0171r\u0171 - Brillancy","isPartOf":{"@id":"https:\/\/brillancy.hu\/#website"},"primaryImageOfPage":{"@id":"https:\/\/brillancy.hu\/product\/memphis-gyemant-gyuru\/#primaryimage"},"image":{"@id":"https:\/\/brillancy.hu\/product\/memphis-gyemant-gyuru\/#primaryimage"},"thumbnailUrl":"https:\/\/brillancy.hu\/wp-content\/uploads\/2025\/01\/20251002_1436_Elegant-Ring-Display_remix_01k6jer2a5fr8syvpeyzfrhj79.png","datePublished":"2025-01-31T17:19:29+00:00","dateModified":"2025-10-17T09:56:17+00:00","description":"Memphis Gy\u00e9m\u00e1nt gy\u0171r\u0171 - A tervez\u0151 aj\u00e1nl\u00e1sa: Memphis gy\u00e9m\u00e1nt gy\u0171r\u0171:\u00a0Szemet gy\u00f6ny\u00f6rk\u00f6dtet\u0151 14 kar\u00e1tos feh\u00e9rarany gy\u00e9m\u00e1nt ...","breadcrumb":{"@id":"https:\/\/brillancy.hu\/product\/memphis-gyemant-gyuru\/#breadcrumb"},"inLanguage":"en-GB","potentialAction":[{"@type":"ReadAction","target":["https:\/\/brillancy.hu\/product\/memphis-gyemant-gyuru\/"]}]},{"@type":"ImageObject","inLanguage":"en-GB","@id":"https:\/\/brillancy.hu\/product\/memphis-gyemant-gyuru\/#primaryimage","url":"https:\/\/brillancy.hu\/wp-content\/uploads\/2025\/01\/20251002_1436_Elegant-Ring-Display_remix_01k6jer2a5fr8syvpeyzfrhj79.png","contentUrl":"https:\/\/brillancy.hu\/wp-content\/uploads\/2025\/01\/20251002_1436_Elegant-Ring-Display_remix_01k6jer2a5fr8syvpeyzfrhj79.png","width":1024,"height":1024,"caption":"Memphis Gy\u00e9m\u00e1nt gy\u0171r\u0171"},{"@type":"BreadcrumbList","@id":"https:\/\/brillancy.hu\/product\/memphis-gyemant-gyuru\/#breadcrumb","itemListElement":[{"@type":"ListItem","position":1,"name":"Home","item":"https:\/\/brillancy.hu\/"},{"@type":"ListItem","position":2,"name":"Term\u00e9kek","item":"https:\/\/brillancy.hu\/termekek\/"},{"@type":"ListItem","position":3,"name":"Memphis Gy\u00e9m\u00e1nt gy\u0171r\u0171"}]},{"@type":"WebSite","@id":"https:\/\/brillancy.hu\/#website","url":"https:\/\/brillancy.hu\/","name":"Brillancy","description":"","potentialAction":[{"@type":"SearchAction","target":{"@type":"EntryPoint","urlTemplate":"https:\/\/brillancy.hu\/?s={search_term_string}"},"query-input":{"@type":"PropertyValueSpecification","valueRequired":true,"valueName":"search_term_string"}}],"inLanguage":"en-GB"}]}},"_links":{"self":[{"href":"https:\/\/brillancy.hu\/en\/wp-json\/wp\/v2\/product\/6158","targetHints":{"allow":["GET"]}}],"collection":[{"href":"https:\/\/brillancy.hu\/en\/wp-json\/wp\/v2\/product"}],"about":[{"href":"https:\/\/brillancy.hu\/en\/wp-json\/wp\/v2\/types\/product"}],"replies":[{"embeddable":true,"href":"https:\/\/brillancy.hu\/en\/wp-json\/wp\/v2\/comments?post=6158"}],"wp:featuredmedia":[{"embeddable":true,"href":"https:\/\/brillancy.hu\/en\/wp-json\/wp\/v2\/media\/11996"}],"wp:attachment":[{"href":"https:\/\/brillancy.hu\/en\/wp-json\/wp\/v2\/media?parent=6158"}],"wp:term":[{"taxonomy":"product_brand","embeddable":true,"href":"https:\/\/brillancy.hu\/en\/wp-json\/wp\/v2\/product_brand?post=6158"},{"taxonomy":"product_cat","embeddable":true,"href":"https:\/\/brillancy.hu\/en\/wp-json\/wp\/v2\/product_cat?post=6158"},{"taxonomy":"product_tag","embeddable":true,"href":"https:\/\/brillancy.hu\/en\/wp-json\/wp\/v2\/product_tag?post=6158"}],"curies":[{"name":"wp","href":"https:\/\/api.w.org\/{rel}","templated":true}]}}