{"id":6114,"date":"2025-01-31T18:19:08","date_gmt":"2025-01-31T17:19:08","guid":{"rendered":"https:\/\/brillancy.hu\/?post_type=product&#038;p=6114"},"modified":"2025-10-17T10:56:17","modified_gmt":"2025-10-17T09:56:17","slug":"india-brill-gyuru","status":"publish","type":"product","link":"https:\/\/brillancy.hu\/en\/product\/india-brill-gyuru\/","title":{"rendered":"India Brill ring"},"content":{"rendered":"<div class=\"flex items-center gap-2.5 truncate tablet:max-w-[50%]\">\n<div class=\"truncate text-token-text-primary\"><strong>India brill gy\u0171r\u0171<\/strong><\/div>\n<div><\/div>\n<div class=\"truncate text-token-text-primary\">Egyszerre kifinomult \u00e9s k\u00e9nyelmes ez a<strong> 14 kar\u00e1tos feh\u00e9rarany brill gy\u0171r\u0171<\/strong>. T\u00f6k\u00e9letes v\u00e1laszt\u00e1s lehet, minden olyan h\u00f6lgynek, akik szeretnek a sz\u00fcrke h\u00e9tk\u00f6znapokon is ragyogni, ak\u00e1r egy csillag, ugyanis <strong>a mes\u00e9s brilleknek, vagyis brili\u00e1ns csiszol\u00e1s\u00fa gy\u00e9m\u00e1ntoknak k\u00f6sz\u00f6nhet\u0151en, ez a gy\u0171r\u0171 \u00faszik a pomp\u00e1ban. <\/strong>Letisztult vonalvezet\u00e9se miatt komfortos a visel\u00e9se \u00e9s nem kell att\u00f3l tartani, hogy b\u00e1rmibe beleakadna.<\/div>\n<div class=\"truncate text-token-text-primary\"><strong>A k\u00f6zponti dr\u00e1gak\u0151 egy k\u00e1pr\u00e1zatos 3,2 mm \u00e1tm\u00e9r\u0151j\u0171, 0,12 ct-os gy\u00e9m\u00e1nt<\/strong>, mely f\u0151szerepl\u0151 lehet an\u00e9lk\u00fcl, hogy karmos foglalat emeln\u00e9 a magasba. Az enyh\u00e9n felfel\u00e9 \u00edvel\u0151 v\u00e1llr\u00e9sz\u00e9ben \u00f6sszesen<strong> 10 darab 1,3 mm \u00e1tm\u00e9r\u0151j\u0171 gy\u00e9m\u00e1nt sorakozik, <\/strong>ez az elrendez\u00e9s \u00e9s kialak\u00edt\u00e1s lehet\u0151v\u00e9 teszi, hogy a k\u00f6z\u00e9pen elhelyezked\u0151 dr\u00e1gak\u0151re ir\u00e1ny\u00edtsa a tekintetet, hogy megkaphassa a m\u00e9lt\u00f3 figyelmet. Var\u00e1zslatos csillog\u00e1s j\u00e1rja \u00e1t ezt a gy\u00f6ny\u00f6r\u0171 \u00e9kszert.<\/div>\n<\/div>\n<ul>\n<li><strong>Anyaga:<\/strong>\u00a0arany<\/li>\n<li><strong>Finoms\u00e1ga<\/strong>: 585 ezrel\u00e9kes, 14 kar\u00e1tos<\/li>\n<li><strong>Dr\u00e1gak\u0151<\/strong>: brili\u00e1ns csiszol\u00e1s\u00fa term\u00e9szetes gy\u00e9m\u00e1nt<\/li>\n<li><strong>\u00d6r\u00f6k \u00e9let garancia:<\/strong>\u00a0az \u00e9kszer fel\u00e9p\u00edt\u00e9s\u00e9re, az anyaghib\u00e1kra \u00e9s a dr\u00e1gak\u0151re<\/li>\n<\/ul>\n<p><strong>Ingyenes fel\u00faj\u00edt\u00e1s:<\/strong>\u00a0V\u00e1llaljuk az \u00e1ltalunk k\u00e9sz\u00edtett brill gy\u0171r\u0171 ingyenes karcmentes\u00edt\u00e9s\u00e9t \u00e9s tiszt\u00edt\u00e1s\u00e1t \u00f6t alkalommal (\u00e9vente egyszer) a v\u00e1s\u00e1rl\u00e1st\u00f3l sz\u00e1m\u00edtott \u00f6t \u00e9ven bel\u00fcl.<\/p>\n<p><strong>Ingyenes m\u00e9retkorrekci\u00f3:\u00a0<\/strong>Ha nem tal\u00e1ltad el a megfelel\u0151 m\u00e9retet, mi v\u00e1llaljuk a gy\u0171r\u0171 ingyenes m\u00e9retre igaz\u00edt\u00e1s\u00e1t.<\/p>\n<p><strong>Aj\u00e1nd\u00e9k d\u00edszdoboz:\u00a0<\/strong>A gy\u0171r\u0171h\u00f6z aj\u00e1nd\u00e9kba adjuk a d\u00edszdobozt, melyet t\u00f6bb f\u00e9le sz\u00ednb\u0151l Te v\u00e1laszthatsz ki!<\/p>\n<p><strong>Fizess t\u00f6rtarannyal!<\/strong>\u00a0S\u00e9r\u00fclt, megunt vagy sosem haszn\u00e1lt arany lapul otthon a szekr\u00e9ny m\u00e9ly\u00e9n? Hozd be hozz\u00e1nk \u00e9s magasan besz\u00e1m\u00edtjuk Neked a kiv\u00e1lasztott brill gy\u0171r\u0171 \u00e1r\u00e1ba.<\/p>\n<p><strong>Tetszik ez a brill gy\u0171r\u0171, de nagyobb gy\u00e9m\u00e1nttal, esetleg sz\u00ednes dr\u00e1gak\u0151vel k\u00e9pzelted el? N\u00e1lunk ez nem gond. Sz\u00edvesen adunk aj\u00e1nlatot a meg\u00e1lmodott \u00f6tleteidre. Keress minket bizalommal telefonon a +36 30 539 1179 sz\u00e1mon, vagy az\u00a0<\/strong><a href=\"mailto:info@brillancy.hu\"><strong>info@brillancy.hu<\/strong><\/a><strong>\u00a0e-mail c\u00edmen.<\/strong><\/p>\n","protected":false},"excerpt":{"rendered":"<p>India brill ring \u2013 Tempting mystery \u2013 white gold ring brilliant cut diamond in Brillance jewelry manufactory offer \u2013 reasonable price, eternal life guarantee<\/p>","protected":false},"featured_media":11928,"comment_status":"closed","ping_status":"closed","template":"","meta":[],"product_brand":[],"product_cat":[17,39,22,32,37],"product_tag":[],"class_list":{"0":"post-6114","1":"product","2":"type-product","3":"status-publish","4":"has-post-thumbnail","6":"product_cat-eljegyzesi-gyuruk","7":"product_cat-gyemant","8":"product_cat-kerek","9":"product_cat-modern","10":"product_cat-tobb-koves","12":"first","13":"instock","14":"purchasable","15":"product-type-simple"},"yoast_head":"<!-- This site is optimized with the Yoast SEO Premium plugin v27.0 (Yoast SEO v27.4) - https:\/\/yoast.com\/product\/yoast-seo-premium-wordpress\/ -->\n<title>India Brill gy\u0171r\u0171 - Brillancy<\/title>\n<meta name=\"description\" content=\"India Brill gy\u0171r\u0171 - A tervez\u0151 aj\u00e1nl\u00e1sa: India brill gy\u0171r\u0171: Egyszerre kifinomult \u00e9s k\u00e9nyelmes ez a 14 kar\u00e1tos feh\u00e9rarany brill gy...\" \/>\n<meta name=\"robots\" content=\"index, follow, max-snippet:-1, max-image-preview:large, max-video-preview:-1\" \/>\n<link rel=\"canonical\" href=\"https:\/\/brillancy.hu\/en\/product\/india-brill-gyuru\/\" \/>\n<meta property=\"og:locale\" content=\"en_GB\" \/>\n<meta property=\"og:type\" content=\"article\" \/>\n<meta property=\"og:title\" content=\"India Brill gy\u0171r\u0171\" \/>\n<meta property=\"og:description\" content=\"India Brill gy\u0171r\u0171 - A tervez\u0151 aj\u00e1nl\u00e1sa: India brill gy\u0171r\u0171: Egyszerre kifinomult \u00e9s k\u00e9nyelmes ez a 14 kar\u00e1tos feh\u00e9rarany brill gy...\" \/>\n<meta property=\"og:url\" content=\"https:\/\/brillancy.hu\/en\/product\/india-brill-gyuru\/\" \/>\n<meta property=\"og:site_name\" content=\"Brillancy\" \/>\n<meta property=\"article:modified_time\" content=\"2025-10-17T09:56:17+00:00\" \/>\n<meta property=\"og:image\" content=\"https:\/\/brillancy.hu\/wp-content\/uploads\/2025\/01\/20250928_1421_Elegant-Ring-with-Plant_remix_01k6848jmkfz080fzkjecacttv.png\" \/>\n\t<meta property=\"og:image:width\" content=\"1024\" \/>\n\t<meta property=\"og:image:height\" content=\"1024\" \/>\n\t<meta property=\"og:image:type\" content=\"image\/png\" \/>\n<meta name=\"twitter:card\" content=\"summary_large_image\" \/>\n<meta name=\"twitter:label1\" content=\"Estimated reading time\" \/>\n\t<meta name=\"twitter:data1\" content=\"2 minutes\" \/>\n<script type=\"application\/ld+json\" class=\"yoast-schema-graph\">{\"@context\":\"https:\\\/\\\/schema.org\",\"@graph\":[{\"@type\":\"WebPage\",\"@id\":\"https:\\\/\\\/brillancy.hu\\\/product\\\/india-brill-gyuru\\\/\",\"url\":\"https:\\\/\\\/brillancy.hu\\\/product\\\/india-brill-gyuru\\\/\",\"name\":\"India Brill gy\u0171r\u0171 - Brillancy\",\"isPartOf\":{\"@id\":\"https:\\\/\\\/brillancy.hu\\\/#website\"},\"primaryImageOfPage\":{\"@id\":\"https:\\\/\\\/brillancy.hu\\\/product\\\/india-brill-gyuru\\\/#primaryimage\"},\"image\":{\"@id\":\"https:\\\/\\\/brillancy.hu\\\/product\\\/india-brill-gyuru\\\/#primaryimage\"},\"thumbnailUrl\":\"https:\\\/\\\/brillancy.hu\\\/wp-content\\\/uploads\\\/2025\\\/01\\\/20250928_1421_Elegant-Ring-with-Plant_remix_01k6848jmkfz080fzkjecacttv.png\",\"datePublished\":\"2025-01-31T17:19:08+00:00\",\"dateModified\":\"2025-10-17T09:56:17+00:00\",\"description\":\"India Brill gy\u0171r\u0171 - A tervez\u0151 aj\u00e1nl\u00e1sa: India brill gy\u0171r\u0171: Egyszerre kifinomult \u00e9s k\u00e9nyelmes ez a 14 kar\u00e1tos feh\u00e9rarany brill gy...\",\"breadcrumb\":{\"@id\":\"https:\\\/\\\/brillancy.hu\\\/product\\\/india-brill-gyuru\\\/#breadcrumb\"},\"inLanguage\":\"en-GB\",\"potentialAction\":[{\"@type\":\"ReadAction\",\"target\":[\"https:\\\/\\\/brillancy.hu\\\/product\\\/india-brill-gyuru\\\/\"]}]},{\"@type\":\"ImageObject\",\"inLanguage\":\"en-GB\",\"@id\":\"https:\\\/\\\/brillancy.hu\\\/product\\\/india-brill-gyuru\\\/#primaryimage\",\"url\":\"https:\\\/\\\/brillancy.hu\\\/wp-content\\\/uploads\\\/2025\\\/01\\\/20250928_1421_Elegant-Ring-with-Plant_remix_01k6848jmkfz080fzkjecacttv.png\",\"contentUrl\":\"https:\\\/\\\/brillancy.hu\\\/wp-content\\\/uploads\\\/2025\\\/01\\\/20250928_1421_Elegant-Ring-with-Plant_remix_01k6848jmkfz080fzkjecacttv.png\",\"width\":1024,\"height\":1024,\"caption\":\"India Brill gy\u0171r\u0171\"},{\"@type\":\"BreadcrumbList\",\"@id\":\"https:\\\/\\\/brillancy.hu\\\/product\\\/india-brill-gyuru\\\/#breadcrumb\",\"itemListElement\":[{\"@type\":\"ListItem\",\"position\":1,\"name\":\"Home\",\"item\":\"https:\\\/\\\/brillancy.hu\\\/\"},{\"@type\":\"ListItem\",\"position\":2,\"name\":\"Term\u00e9kek\",\"item\":\"https:\\\/\\\/brillancy.hu\\\/termekek\\\/\"},{\"@type\":\"ListItem\",\"position\":3,\"name\":\"India Brill gy\u0171r\u0171\"}]},{\"@type\":\"WebSite\",\"@id\":\"https:\\\/\\\/brillancy.hu\\\/#website\",\"url\":\"https:\\\/\\\/brillancy.hu\\\/\",\"name\":\"Brillancy\",\"description\":\"\",\"potentialAction\":[{\"@type\":\"SearchAction\",\"target\":{\"@type\":\"EntryPoint\",\"urlTemplate\":\"https:\\\/\\\/brillancy.hu\\\/?s={search_term_string}\"},\"query-input\":{\"@type\":\"PropertyValueSpecification\",\"valueRequired\":true,\"valueName\":\"search_term_string\"}}],\"inLanguage\":\"en-GB\"}]}<\/script>\n<!-- \/ Yoast SEO Premium plugin. -->","yoast_head_json":{"title":"India Brill gy\u0171r\u0171 - Brillancy","description":"India Brill gy\u0171r\u0171 - A tervez\u0151 aj\u00e1nl\u00e1sa: India brill gy\u0171r\u0171: Egyszerre kifinomult \u00e9s k\u00e9nyelmes ez a 14 kar\u00e1tos feh\u00e9rarany brill gy...","robots":{"index":"index","follow":"follow","max-snippet":"max-snippet:-1","max-image-preview":"max-image-preview:large","max-video-preview":"max-video-preview:-1"},"canonical":"https:\/\/brillancy.hu\/en\/product\/india-brill-gyuru\/","og_locale":"en_GB","og_type":"article","og_title":"India Brill gy\u0171r\u0171","og_description":"India Brill gy\u0171r\u0171 - A tervez\u0151 aj\u00e1nl\u00e1sa: India brill gy\u0171r\u0171: Egyszerre kifinomult \u00e9s k\u00e9nyelmes ez a 14 kar\u00e1tos feh\u00e9rarany brill gy...","og_url":"https:\/\/brillancy.hu\/en\/product\/india-brill-gyuru\/","og_site_name":"Brillancy","article_modified_time":"2025-10-17T09:56:17+00:00","og_image":[{"width":1024,"height":1024,"url":"https:\/\/brillancy.hu\/wp-content\/uploads\/2025\/01\/20250928_1421_Elegant-Ring-with-Plant_remix_01k6848jmkfz080fzkjecacttv.png","type":"image\/png"}],"twitter_card":"summary_large_image","twitter_misc":{"Estimated reading time":"2 minutes"},"schema":{"@context":"https:\/\/schema.org","@graph":[{"@type":"WebPage","@id":"https:\/\/brillancy.hu\/product\/india-brill-gyuru\/","url":"https:\/\/brillancy.hu\/product\/india-brill-gyuru\/","name":"India Brill gy\u0171r\u0171 - Brillancy","isPartOf":{"@id":"https:\/\/brillancy.hu\/#website"},"primaryImageOfPage":{"@id":"https:\/\/brillancy.hu\/product\/india-brill-gyuru\/#primaryimage"},"image":{"@id":"https:\/\/brillancy.hu\/product\/india-brill-gyuru\/#primaryimage"},"thumbnailUrl":"https:\/\/brillancy.hu\/wp-content\/uploads\/2025\/01\/20250928_1421_Elegant-Ring-with-Plant_remix_01k6848jmkfz080fzkjecacttv.png","datePublished":"2025-01-31T17:19:08+00:00","dateModified":"2025-10-17T09:56:17+00:00","description":"India Brill gy\u0171r\u0171 - A tervez\u0151 aj\u00e1nl\u00e1sa: India brill gy\u0171r\u0171: Egyszerre kifinomult \u00e9s k\u00e9nyelmes ez a 14 kar\u00e1tos feh\u00e9rarany brill gy...","breadcrumb":{"@id":"https:\/\/brillancy.hu\/product\/india-brill-gyuru\/#breadcrumb"},"inLanguage":"en-GB","potentialAction":[{"@type":"ReadAction","target":["https:\/\/brillancy.hu\/product\/india-brill-gyuru\/"]}]},{"@type":"ImageObject","inLanguage":"en-GB","@id":"https:\/\/brillancy.hu\/product\/india-brill-gyuru\/#primaryimage","url":"https:\/\/brillancy.hu\/wp-content\/uploads\/2025\/01\/20250928_1421_Elegant-Ring-with-Plant_remix_01k6848jmkfz080fzkjecacttv.png","contentUrl":"https:\/\/brillancy.hu\/wp-content\/uploads\/2025\/01\/20250928_1421_Elegant-Ring-with-Plant_remix_01k6848jmkfz080fzkjecacttv.png","width":1024,"height":1024,"caption":"India Brill gy\u0171r\u0171"},{"@type":"BreadcrumbList","@id":"https:\/\/brillancy.hu\/product\/india-brill-gyuru\/#breadcrumb","itemListElement":[{"@type":"ListItem","position":1,"name":"Home","item":"https:\/\/brillancy.hu\/"},{"@type":"ListItem","position":2,"name":"Term\u00e9kek","item":"https:\/\/brillancy.hu\/termekek\/"},{"@type":"ListItem","position":3,"name":"India Brill gy\u0171r\u0171"}]},{"@type":"WebSite","@id":"https:\/\/brillancy.hu\/#website","url":"https:\/\/brillancy.hu\/","name":"Brillancy","description":"","potentialAction":[{"@type":"SearchAction","target":{"@type":"EntryPoint","urlTemplate":"https:\/\/brillancy.hu\/?s={search_term_string}"},"query-input":{"@type":"PropertyValueSpecification","valueRequired":true,"valueName":"search_term_string"}}],"inLanguage":"en-GB"}]}},"_links":{"self":[{"href":"https:\/\/brillancy.hu\/en\/wp-json\/wp\/v2\/product\/6114","targetHints":{"allow":["GET"]}}],"collection":[{"href":"https:\/\/brillancy.hu\/en\/wp-json\/wp\/v2\/product"}],"about":[{"href":"https:\/\/brillancy.hu\/en\/wp-json\/wp\/v2\/types\/product"}],"replies":[{"embeddable":true,"href":"https:\/\/brillancy.hu\/en\/wp-json\/wp\/v2\/comments?post=6114"}],"wp:featuredmedia":[{"embeddable":true,"href":"https:\/\/brillancy.hu\/en\/wp-json\/wp\/v2\/media\/11928"}],"wp:attachment":[{"href":"https:\/\/brillancy.hu\/en\/wp-json\/wp\/v2\/media?parent=6114"}],"wp:term":[{"taxonomy":"product_brand","embeddable":true,"href":"https:\/\/brillancy.hu\/en\/wp-json\/wp\/v2\/product_brand?post=6114"},{"taxonomy":"product_cat","embeddable":true,"href":"https:\/\/brillancy.hu\/en\/wp-json\/wp\/v2\/product_cat?post=6114"},{"taxonomy":"product_tag","embeddable":true,"href":"https:\/\/brillancy.hu\/en\/wp-json\/wp\/v2\/product_tag?post=6114"}],"curies":[{"name":"wp","href":"https:\/\/api.w.org\/{rel}","templated":true}]}}