{"id":6113,"date":"2025-01-31T18:19:08","date_gmt":"2025-01-31T17:19:08","guid":{"rendered":"https:\/\/brillancy.hu\/?post_type=product&#038;p=6113"},"modified":"2025-10-17T10:56:17","modified_gmt":"2025-10-17T09:56:17","slug":"odette-brill-gyuru","status":"publish","type":"product","link":"https:\/\/brillancy.hu\/en\/product\/odette-brill-gyuru\/","title":{"rendered":"Odette Brill ring"},"content":{"rendered":"<p>Odette Brill ring<\/p>\n<p>Fun radiant, <strong>14 karat white gold diamond engagement ring<\/strong>in which combines the game of lines and the solid elegance. <strong>Screw gy\u0171r\u0171s\u00ednje a brilliant cut, 0,25 ct weight, 4 mm diameter, black diamond will be involved, so that the gold is not hugs all around, two from the opposite direction a little freedom to leave. <\/strong>Thin, soft arched lines perfectly bending the finger, so comfortable to wear on a daily basis. The perfect choice for those who have a beautiful engagement ring you&#039;re looking for, which slot do not rise out of, so you don&#039;t need to fear that anything caught in it.<\/p>\n<ul>\n<li><strong>Material: <\/strong>gold<\/li>\n<li><strong>Fineness<\/strong>: 585 thousandth, 14 carat<\/li>\n<li><strong>Gemstone<\/strong>: brilliant cut diamond<\/li>\n<li><strong>Eternal life guarantee:<\/strong>\u00a0material errors and gems<\/li>\n<\/ul>\n<p><strong>Free renewal:<\/strong>\u00a0We undertake the engagement jeweled ring free scratch-free sales of five times and one time the jewel complete renovation of the purchase, within five years!<\/p>\n<p><strong>The ring gift box is optional, and required free size adjust.<\/strong><\/p>\n<p><strong>Pay scrap gold<\/strong>\u00a0Damaged, old, or never used gold hiding at home in the cupboards? Bring it in to us and discounts are factored in for the selected engagement jeweled ring price.<\/p>\n<p><strong>Like the jewelry, but different quality diamonds, or colorful gems did you imagine it? It&#039;s not a problem. We like to give you an offer to the expected ideas. Find us confidence on the phone +36 30 539 1179 number, or the <\/strong><a href=\"mailto:info@brillancy.hu\"><strong>info@brillancy.hu<\/strong><\/a><strong> e-mail address.<\/strong><\/p>\n<p>The samples of 4 mm diameter with a rock can be viewed in the showroom. A claim may be requested 4,5 and 5 mm diameter with a diamond, too.<\/p>","protected":false},"excerpt":{"rendered":"<p>Odette Brill gy\u0171r\u0171 &#8211; Titokzatos Feh\u00e9rarany gy\u00e9m\u00e1nt gy\u0171r\u0171, Odette Brill gy\u0171r\u0171 k\u00e9zzel k\u00e9sz\u00fclt brill k\u00f6ves gy\u0171r\u0171 az igazi n\u0151 sz\u00e1m\u00e1ra. Kedvez\u0151 \u00e1r, \u00f6r\u00f6k \u00e9let garancia.<\/p>","protected":false},"featured_media":11971,"comment_status":"closed","ping_status":"closed","template":"","meta":[],"product_brand":[],"product_cat":[35,17,133,22,32],"product_tag":[],"class_list":{"0":"post-6113","1":"product","2":"type-product","3":"status-publish","4":"has-post-thumbnail","6":"product_cat-egykoves","7":"product_cat-eljegyzesi-gyuruk","8":"product_cat-fekete-gyemant","9":"product_cat-kerek","10":"product_cat-modern","12":"first","13":"instock","14":"purchasable","15":"product-type-simple"},"yoast_head":"<!-- This site is optimized with the Yoast SEO Premium plugin v27.0 (Yoast SEO v27.0) - https:\/\/yoast.com\/product\/yoast-seo-premium-wordpress\/ -->\n<title>Odette Brill gy\u0171r\u0171 - Brillancy<\/title>\n<meta name=\"description\" content=\"Odette Brill gy\u0171r\u0171 - Titokzatos Feh\u00e9rarany gy\u00e9m\u00e1nt gy\u0171r\u0171, Odette Brill gy\u0171r\u0171 k\u00e9zzel k\u00e9sz\u00fclt brill k\u00f6ves gy\u0171r\u0171 az igazi n\u0151 sz\u00e1m\u00e1ra. Kedvez\u0151 \u00e1r, \u00f6r\u00f6k \u00e9let\" \/>\n<meta name=\"robots\" content=\"index, follow, max-snippet:-1, max-image-preview:large, max-video-preview:-1\" \/>\n<link rel=\"canonical\" href=\"https:\/\/brillancy.hu\/en\/product\/odette-brill-gyuru\/\" \/>\n<meta property=\"og:locale\" content=\"en_GB\" \/>\n<meta property=\"og:type\" content=\"article\" \/>\n<meta property=\"og:title\" content=\"Odette Brill gy\u0171r\u0171\" \/>\n<meta property=\"og:description\" content=\"Odette Brill gy\u0171r\u0171 - Titokzatos Feh\u00e9rarany gy\u00e9m\u00e1nt gy\u0171r\u0171, Odette Brill gy\u0171r\u0171 k\u00e9zzel k\u00e9sz\u00fclt brill k\u00f6ves gy\u0171r\u0171 az igazi n\u0151 sz\u00e1m\u00e1ra. Kedvez\u0151 \u00e1r, \u00f6r\u00f6k \u00e9let\" \/>\n<meta property=\"og:url\" content=\"https:\/\/brillancy.hu\/en\/product\/odette-brill-gyuru\/\" \/>\n<meta property=\"og:site_name\" content=\"Brillancy\" \/>\n<meta property=\"article:modified_time\" content=\"2025-10-17T09:56:17+00:00\" \/>\n<meta property=\"og:image\" content=\"https:\/\/brillancy.hu\/wp-content\/uploads\/2025\/01\/20250929_1748_Elegant-Ring-Display_remix_01k6b2ez8xfe0tdcc7hg0pwpmq-683x1024.png\" \/>\n\t<meta property=\"og:image:width\" content=\"683\" \/>\n\t<meta property=\"og:image:height\" content=\"1024\" \/>\n\t<meta property=\"og:image:type\" content=\"image\/png\" \/>\n<meta name=\"twitter:card\" content=\"summary_large_image\" \/>\n<meta name=\"twitter:label1\" content=\"Estimated reading time\" \/>\n\t<meta name=\"twitter:data1\" content=\"2 minutes\" \/>\n<script type=\"application\/ld+json\" class=\"yoast-schema-graph\">{\"@context\":\"https:\/\/schema.org\",\"@graph\":[{\"@type\":\"WebPage\",\"@id\":\"https:\/\/brillancy.hu\/product\/odette-brill-gyuru\/\",\"url\":\"https:\/\/brillancy.hu\/product\/odette-brill-gyuru\/\",\"name\":\"Odette Brill gy\u0171r\u0171 - Brillancy\",\"isPartOf\":{\"@id\":\"https:\/\/brillancy.hu\/#website\"},\"primaryImageOfPage\":{\"@id\":\"https:\/\/brillancy.hu\/product\/odette-brill-gyuru\/#primaryimage\"},\"image\":{\"@id\":\"https:\/\/brillancy.hu\/product\/odette-brill-gyuru\/#primaryimage\"},\"thumbnailUrl\":\"https:\/\/brillancy.hu\/wp-content\/uploads\/2025\/01\/20250929_1748_Elegant-Ring-Display_remix_01k6b2ez8xfe0tdcc7hg0pwpmq.png\",\"datePublished\":\"2025-01-31T17:19:08+00:00\",\"dateModified\":\"2025-10-17T09:56:17+00:00\",\"description\":\"Odette Brill gy\u0171r\u0171 - Titokzatos Feh\u00e9rarany gy\u00e9m\u00e1nt gy\u0171r\u0171, Odette Brill gy\u0171r\u0171 k\u00e9zzel k\u00e9sz\u00fclt brill k\u00f6ves gy\u0171r\u0171 az igazi n\u0151 sz\u00e1m\u00e1ra. Kedvez\u0151 \u00e1r, \u00f6r\u00f6k \u00e9let\",\"breadcrumb\":{\"@id\":\"https:\/\/brillancy.hu\/product\/odette-brill-gyuru\/#breadcrumb\"},\"inLanguage\":\"en-GB\",\"potentialAction\":[{\"@type\":\"ReadAction\",\"target\":[\"https:\/\/brillancy.hu\/product\/odette-brill-gyuru\/\"]}]},{\"@type\":\"ImageObject\",\"inLanguage\":\"en-GB\",\"@id\":\"https:\/\/brillancy.hu\/product\/odette-brill-gyuru\/#primaryimage\",\"url\":\"https:\/\/brillancy.hu\/wp-content\/uploads\/2025\/01\/20250929_1748_Elegant-Ring-Display_remix_01k6b2ez8xfe0tdcc7hg0pwpmq.png\",\"contentUrl\":\"https:\/\/brillancy.hu\/wp-content\/uploads\/2025\/01\/20250929_1748_Elegant-Ring-Display_remix_01k6b2ez8xfe0tdcc7hg0pwpmq.png\",\"width\":1024,\"height\":1536,\"caption\":\"Odette Brill gy\u0171r\u0171\"},{\"@type\":\"BreadcrumbList\",\"@id\":\"https:\/\/brillancy.hu\/product\/odette-brill-gyuru\/#breadcrumb\",\"itemListElement\":[{\"@type\":\"ListItem\",\"position\":1,\"name\":\"Home\",\"item\":\"https:\/\/brillancy.hu\/\"},{\"@type\":\"ListItem\",\"position\":2,\"name\":\"Term\u00e9kek\",\"item\":\"https:\/\/brillancy.hu\/termekek\/\"},{\"@type\":\"ListItem\",\"position\":3,\"name\":\"Odette Brill gy\u0171r\u0171\"}]},{\"@type\":\"WebSite\",\"@id\":\"https:\/\/brillancy.hu\/#website\",\"url\":\"https:\/\/brillancy.hu\/\",\"name\":\"Brillancy\",\"description\":\"\",\"potentialAction\":[{\"@type\":\"SearchAction\",\"target\":{\"@type\":\"EntryPoint\",\"urlTemplate\":\"https:\/\/brillancy.hu\/?s={search_term_string}\"},\"query-input\":{\"@type\":\"PropertyValueSpecification\",\"valueRequired\":true,\"valueName\":\"search_term_string\"}}],\"inLanguage\":\"en-GB\"}]}<\/script>\n<!-- \/ Yoast SEO Premium plugin. -->","yoast_head_json":{"title":"Odette Brill gy\u0171r\u0171 - Brillancy","description":"Odette Brill gy\u0171r\u0171 - Titokzatos Feh\u00e9rarany gy\u00e9m\u00e1nt gy\u0171r\u0171, Odette Brill gy\u0171r\u0171 k\u00e9zzel k\u00e9sz\u00fclt brill k\u00f6ves gy\u0171r\u0171 az igazi n\u0151 sz\u00e1m\u00e1ra. Kedvez\u0151 \u00e1r, \u00f6r\u00f6k \u00e9let","robots":{"index":"index","follow":"follow","max-snippet":"max-snippet:-1","max-image-preview":"max-image-preview:large","max-video-preview":"max-video-preview:-1"},"canonical":"https:\/\/brillancy.hu\/en\/product\/odette-brill-gyuru\/","og_locale":"en_GB","og_type":"article","og_title":"Odette Brill gy\u0171r\u0171","og_description":"Odette Brill gy\u0171r\u0171 - Titokzatos Feh\u00e9rarany gy\u00e9m\u00e1nt gy\u0171r\u0171, Odette Brill gy\u0171r\u0171 k\u00e9zzel k\u00e9sz\u00fclt brill k\u00f6ves gy\u0171r\u0171 az igazi n\u0151 sz\u00e1m\u00e1ra. Kedvez\u0151 \u00e1r, \u00f6r\u00f6k \u00e9let","og_url":"https:\/\/brillancy.hu\/en\/product\/odette-brill-gyuru\/","og_site_name":"Brillancy","article_modified_time":"2025-10-17T09:56:17+00:00","og_image":[{"width":683,"height":1024,"url":"https:\/\/brillancy.hu\/wp-content\/uploads\/2025\/01\/20250929_1748_Elegant-Ring-Display_remix_01k6b2ez8xfe0tdcc7hg0pwpmq-683x1024.png","type":"image\/png"}],"twitter_card":"summary_large_image","twitter_misc":{"Estimated reading time":"2 minutes"},"schema":{"@context":"https:\/\/schema.org","@graph":[{"@type":"WebPage","@id":"https:\/\/brillancy.hu\/product\/odette-brill-gyuru\/","url":"https:\/\/brillancy.hu\/product\/odette-brill-gyuru\/","name":"Odette Brill gy\u0171r\u0171 - Brillancy","isPartOf":{"@id":"https:\/\/brillancy.hu\/#website"},"primaryImageOfPage":{"@id":"https:\/\/brillancy.hu\/product\/odette-brill-gyuru\/#primaryimage"},"image":{"@id":"https:\/\/brillancy.hu\/product\/odette-brill-gyuru\/#primaryimage"},"thumbnailUrl":"https:\/\/brillancy.hu\/wp-content\/uploads\/2025\/01\/20250929_1748_Elegant-Ring-Display_remix_01k6b2ez8xfe0tdcc7hg0pwpmq.png","datePublished":"2025-01-31T17:19:08+00:00","dateModified":"2025-10-17T09:56:17+00:00","description":"Odette Brill gy\u0171r\u0171 - Titokzatos Feh\u00e9rarany gy\u00e9m\u00e1nt gy\u0171r\u0171, Odette Brill gy\u0171r\u0171 k\u00e9zzel k\u00e9sz\u00fclt brill k\u00f6ves gy\u0171r\u0171 az igazi n\u0151 sz\u00e1m\u00e1ra. Kedvez\u0151 \u00e1r, \u00f6r\u00f6k \u00e9let","breadcrumb":{"@id":"https:\/\/brillancy.hu\/product\/odette-brill-gyuru\/#breadcrumb"},"inLanguage":"en-GB","potentialAction":[{"@type":"ReadAction","target":["https:\/\/brillancy.hu\/product\/odette-brill-gyuru\/"]}]},{"@type":"ImageObject","inLanguage":"en-GB","@id":"https:\/\/brillancy.hu\/product\/odette-brill-gyuru\/#primaryimage","url":"https:\/\/brillancy.hu\/wp-content\/uploads\/2025\/01\/20250929_1748_Elegant-Ring-Display_remix_01k6b2ez8xfe0tdcc7hg0pwpmq.png","contentUrl":"https:\/\/brillancy.hu\/wp-content\/uploads\/2025\/01\/20250929_1748_Elegant-Ring-Display_remix_01k6b2ez8xfe0tdcc7hg0pwpmq.png","width":1024,"height":1536,"caption":"Odette Brill gy\u0171r\u0171"},{"@type":"BreadcrumbList","@id":"https:\/\/brillancy.hu\/product\/odette-brill-gyuru\/#breadcrumb","itemListElement":[{"@type":"ListItem","position":1,"name":"Home","item":"https:\/\/brillancy.hu\/"},{"@type":"ListItem","position":2,"name":"Term\u00e9kek","item":"https:\/\/brillancy.hu\/termekek\/"},{"@type":"ListItem","position":3,"name":"Odette Brill gy\u0171r\u0171"}]},{"@type":"WebSite","@id":"https:\/\/brillancy.hu\/#website","url":"https:\/\/brillancy.hu\/","name":"Brillancy","description":"","potentialAction":[{"@type":"SearchAction","target":{"@type":"EntryPoint","urlTemplate":"https:\/\/brillancy.hu\/?s={search_term_string}"},"query-input":{"@type":"PropertyValueSpecification","valueRequired":true,"valueName":"search_term_string"}}],"inLanguage":"en-GB"}]}},"_links":{"self":[{"href":"https:\/\/brillancy.hu\/en\/wp-json\/wp\/v2\/product\/6113","targetHints":{"allow":["GET"]}}],"collection":[{"href":"https:\/\/brillancy.hu\/en\/wp-json\/wp\/v2\/product"}],"about":[{"href":"https:\/\/brillancy.hu\/en\/wp-json\/wp\/v2\/types\/product"}],"replies":[{"embeddable":true,"href":"https:\/\/brillancy.hu\/en\/wp-json\/wp\/v2\/comments?post=6113"}],"wp:featuredmedia":[{"embeddable":true,"href":"https:\/\/brillancy.hu\/en\/wp-json\/wp\/v2\/media\/11971"}],"wp:attachment":[{"href":"https:\/\/brillancy.hu\/en\/wp-json\/wp\/v2\/media?parent=6113"}],"wp:term":[{"taxonomy":"product_brand","embeddable":true,"href":"https:\/\/brillancy.hu\/en\/wp-json\/wp\/v2\/product_brand?post=6113"},{"taxonomy":"product_cat","embeddable":true,"href":"https:\/\/brillancy.hu\/en\/wp-json\/wp\/v2\/product_cat?post=6113"},{"taxonomy":"product_tag","embeddable":true,"href":"https:\/\/brillancy.hu\/en\/wp-json\/wp\/v2\/product_tag?post=6113"}],"curies":[{"name":"wp","href":"https:\/\/api.w.org\/{rel}","templated":true}]}}