{"id":6111,"date":"2025-01-31T18:19:08","date_gmt":"2025-01-31T17:19:08","guid":{"rendered":"https:\/\/brillancy.hu\/?post_type=product&#038;p=6111"},"modified":"2026-01-28T17:13:14","modified_gmt":"2026-01-28T16:13:14","slug":"gertrude-brill-gyuru","status":"publish","type":"product","link":"https:\/\/brillancy.hu\/en\/product\/gertrude-brill-gyuru\/","title":{"rendered":"Gertrude Brill ring"},"content":{"rendered":"<p>Gertrude Brill ring<\/p>\n<p>Classic beauty <strong>14 karat white gold<\/strong> <strong>engagement ring<\/strong>in which natural diamonds are magical sparkle really highlight the design sleek elegance. <strong>The central gem is a 0,17 ct-os, 3.5 mm white, brilliant cut diamond, which is a solid outstanding four-claw slot found in it&#039;s rightful place. Gorgeous to even more strengthen the ring splint on both sides, place, receiving a total of eight pieces of 1,3 mm diameter small brill.<\/strong> Most popular and spectacular rings is one of. If your heart&#039;s desire&#039;ve been dreaming of a sophisticated style, really queen&#039;s engagement ring, this piece is the perfect choice for you.<\/p>\n<p>Diamond ring width: 1,6-2,3 mm<\/p>\n<p>Diamond ring material thickness: 1,3-1,8 mm<\/p>\n<p>Slot height: 4.5 mm<\/p>\n<ul>\n<li><strong>Material:<\/strong> gold<\/li>\n<li><strong>Fineness<\/strong>: 585 thousandth, 14 carat<\/li>\n<li><strong>Gemstone<\/strong>: brilliant cut natural diamonds ( stone size and shape you choose)<\/li>\n<li><strong>Eternal life guarantee: <\/strong>material errors and gems<\/li>\n<\/ul>\n<p><strong>Free renewal: <\/strong>We undertake the engagement jeweled ring free scratch-free sales of five times and one time the jewel complete renovation of the purchase, within five years!<\/p>\n<p><strong>The ring gift box is optional, and required free size adjust.<\/strong><\/p>\n<p><strong>Pay scrap gold <\/strong>Damaged, old, or never used gold hiding at home in the cupboards? Bring it in to us and discounts are factored in for the selected engagement with jeweled gy\u0171r\u0171\u00e1r\u00e1ba.<\/p>\n<p><strong>Like the jewelry, but different quality diamonds, or colorful gems did you imagine it? It&#039;s not a problem. We like to give you an offer to the expected ideas. Contact us with confidence by phone +36 30539 eur 1 179 number, or the <\/strong><a href=\"mailto:info@brillancy.hu\"><strong>info@brillancy.hu<\/strong><\/a><strong> e-mail address.<\/strong><\/p>\n<p>The samples of 4 mm diameter central stone can be viewed in the showroom. A claim may be requested for 4.2 and 4.5 mm in diameter, or even larger central diamond, too.<\/p>","protected":false},"excerpt":{"rendered":"<p>Gertrude Brill ring \u2013 Mysterious white gold diamond ring handmade brill stone ring the real woman for him. Affordable price, eternal life guarantee.<\/p>","protected":false},"featured_media":10939,"comment_status":"closed","ping_status":"closed","template":"","meta":[],"product_brand":[],"product_cat":[17,39,22,33,37],"product_tag":[],"class_list":{"0":"post-6111","1":"product","2":"type-product","3":"status-publish","4":"has-post-thumbnail","6":"product_cat-eljegyzesi-gyuruk","7":"product_cat-gyemant","8":"product_cat-kerek","9":"product_cat-klasszikus","10":"product_cat-tobb-koves","12":"first","13":"instock","14":"purchasable","15":"product-type-variable"},"yoast_head":"<!-- This site is optimized with the Yoast SEO Premium plugin v27.0 (Yoast SEO v27.0) - https:\/\/yoast.com\/product\/yoast-seo-premium-wordpress\/ -->\n<title>Gertrude Brill gy\u0171r\u0171 - Brillancy<\/title>\n<meta name=\"description\" content=\"Gertrude Brill gy\u0171r\u0171 -\" \/>\n<meta name=\"robots\" content=\"index, follow, max-snippet:-1, max-image-preview:large, max-video-preview:-1\" \/>\n<link rel=\"canonical\" href=\"https:\/\/brillancy.hu\/en\/product\/gertrude-brill-gyuru\/\" \/>\n<meta property=\"og:locale\" content=\"en_GB\" \/>\n<meta property=\"og:type\" content=\"article\" \/>\n<meta property=\"og:title\" content=\"Gertrude Brill gy\u0171r\u0171\" \/>\n<meta property=\"og:description\" content=\"Gertrude Brill gy\u0171r\u0171 -\" \/>\n<meta property=\"og:url\" content=\"https:\/\/brillancy.hu\/en\/product\/gertrude-brill-gyuru\/\" \/>\n<meta property=\"og:site_name\" content=\"Brillancy\" \/>\n<meta property=\"article:modified_time\" content=\"2026-01-28T16:13:14+00:00\" \/>\n<meta property=\"og:image\" content=\"https:\/\/brillancy.hu\/wp-content\/uploads\/2025\/01\/20250624_1427_Elegant-Diamond-Ring_remix_01jygye1xsfeb967vg231pp1fw.png\" \/>\n\t<meta property=\"og:image:width\" content=\"1024\" \/>\n\t<meta property=\"og:image:height\" content=\"1024\" \/>\n\t<meta property=\"og:image:type\" content=\"image\/png\" \/>\n<meta name=\"twitter:card\" content=\"summary_large_image\" \/>\n<meta name=\"twitter:label1\" content=\"Estimated reading time\" \/>\n\t<meta name=\"twitter:data1\" content=\"2 minutes\" \/>\n<script type=\"application\/ld+json\" class=\"yoast-schema-graph\">{\"@context\":\"https:\/\/schema.org\",\"@graph\":[{\"@type\":\"WebPage\",\"@id\":\"https:\/\/brillancy.hu\/product\/gertrude-brill-gyuru\/\",\"url\":\"https:\/\/brillancy.hu\/product\/gertrude-brill-gyuru\/\",\"name\":\"Gertrude Brill gy\u0171r\u0171 - Brillancy\",\"isPartOf\":{\"@id\":\"https:\/\/brillancy.hu\/#website\"},\"primaryImageOfPage\":{\"@id\":\"https:\/\/brillancy.hu\/product\/gertrude-brill-gyuru\/#primaryimage\"},\"image\":{\"@id\":\"https:\/\/brillancy.hu\/product\/gertrude-brill-gyuru\/#primaryimage\"},\"thumbnailUrl\":\"https:\/\/brillancy.hu\/wp-content\/uploads\/2025\/01\/20250624_1427_Elegant-Diamond-Ring_remix_01jygye1xsfeb967vg231pp1fw.png\",\"datePublished\":\"2025-01-31T17:19:08+00:00\",\"dateModified\":\"2026-01-28T16:13:14+00:00\",\"description\":\"Gertrude Brill gy\u0171r\u0171 -\",\"breadcrumb\":{\"@id\":\"https:\/\/brillancy.hu\/product\/gertrude-brill-gyuru\/#breadcrumb\"},\"inLanguage\":\"en-GB\",\"potentialAction\":[{\"@type\":\"ReadAction\",\"target\":[\"https:\/\/brillancy.hu\/product\/gertrude-brill-gyuru\/\"]}]},{\"@type\":\"ImageObject\",\"inLanguage\":\"en-GB\",\"@id\":\"https:\/\/brillancy.hu\/product\/gertrude-brill-gyuru\/#primaryimage\",\"url\":\"https:\/\/brillancy.hu\/wp-content\/uploads\/2025\/01\/20250624_1427_Elegant-Diamond-Ring_remix_01jygye1xsfeb967vg231pp1fw.png\",\"contentUrl\":\"https:\/\/brillancy.hu\/wp-content\/uploads\/2025\/01\/20250624_1427_Elegant-Diamond-Ring_remix_01jygye1xsfeb967vg231pp1fw.png\",\"width\":1024,\"height\":1024,\"caption\":\"Gertrude Brill gy\u0171r\u0171\"},{\"@type\":\"BreadcrumbList\",\"@id\":\"https:\/\/brillancy.hu\/product\/gertrude-brill-gyuru\/#breadcrumb\",\"itemListElement\":[{\"@type\":\"ListItem\",\"position\":1,\"name\":\"Home\",\"item\":\"https:\/\/brillancy.hu\/\"},{\"@type\":\"ListItem\",\"position\":2,\"name\":\"Term\u00e9kek\",\"item\":\"https:\/\/brillancy.hu\/termekek\/\"},{\"@type\":\"ListItem\",\"position\":3,\"name\":\"Gertrude Brill gy\u0171r\u0171\"}]},{\"@type\":\"WebSite\",\"@id\":\"https:\/\/brillancy.hu\/#website\",\"url\":\"https:\/\/brillancy.hu\/\",\"name\":\"Brillancy\",\"description\":\"\",\"potentialAction\":[{\"@type\":\"SearchAction\",\"target\":{\"@type\":\"EntryPoint\",\"urlTemplate\":\"https:\/\/brillancy.hu\/?s={search_term_string}\"},\"query-input\":{\"@type\":\"PropertyValueSpecification\",\"valueRequired\":true,\"valueName\":\"search_term_string\"}}],\"inLanguage\":\"en-GB\"}]}<\/script>\n<!-- \/ Yoast SEO Premium plugin. -->","yoast_head_json":{"title":"Gertrude Brill gy\u0171r\u0171 - Brillancy","description":"Gertrude Brill gy\u0171r\u0171 -","robots":{"index":"index","follow":"follow","max-snippet":"max-snippet:-1","max-image-preview":"max-image-preview:large","max-video-preview":"max-video-preview:-1"},"canonical":"https:\/\/brillancy.hu\/en\/product\/gertrude-brill-gyuru\/","og_locale":"en_GB","og_type":"article","og_title":"Gertrude Brill gy\u0171r\u0171","og_description":"Gertrude Brill gy\u0171r\u0171 -","og_url":"https:\/\/brillancy.hu\/en\/product\/gertrude-brill-gyuru\/","og_site_name":"Brillancy","article_modified_time":"2026-01-28T16:13:14+00:00","og_image":[{"width":1024,"height":1024,"url":"https:\/\/brillancy.hu\/wp-content\/uploads\/2025\/01\/20250624_1427_Elegant-Diamond-Ring_remix_01jygye1xsfeb967vg231pp1fw.png","type":"image\/png"}],"twitter_card":"summary_large_image","twitter_misc":{"Estimated reading time":"2 minutes"},"schema":{"@context":"https:\/\/schema.org","@graph":[{"@type":"WebPage","@id":"https:\/\/brillancy.hu\/product\/gertrude-brill-gyuru\/","url":"https:\/\/brillancy.hu\/product\/gertrude-brill-gyuru\/","name":"Gertrude Brill gy\u0171r\u0171 - Brillancy","isPartOf":{"@id":"https:\/\/brillancy.hu\/#website"},"primaryImageOfPage":{"@id":"https:\/\/brillancy.hu\/product\/gertrude-brill-gyuru\/#primaryimage"},"image":{"@id":"https:\/\/brillancy.hu\/product\/gertrude-brill-gyuru\/#primaryimage"},"thumbnailUrl":"https:\/\/brillancy.hu\/wp-content\/uploads\/2025\/01\/20250624_1427_Elegant-Diamond-Ring_remix_01jygye1xsfeb967vg231pp1fw.png","datePublished":"2025-01-31T17:19:08+00:00","dateModified":"2026-01-28T16:13:14+00:00","description":"Gertrude Brill gy\u0171r\u0171 -","breadcrumb":{"@id":"https:\/\/brillancy.hu\/product\/gertrude-brill-gyuru\/#breadcrumb"},"inLanguage":"en-GB","potentialAction":[{"@type":"ReadAction","target":["https:\/\/brillancy.hu\/product\/gertrude-brill-gyuru\/"]}]},{"@type":"ImageObject","inLanguage":"en-GB","@id":"https:\/\/brillancy.hu\/product\/gertrude-brill-gyuru\/#primaryimage","url":"https:\/\/brillancy.hu\/wp-content\/uploads\/2025\/01\/20250624_1427_Elegant-Diamond-Ring_remix_01jygye1xsfeb967vg231pp1fw.png","contentUrl":"https:\/\/brillancy.hu\/wp-content\/uploads\/2025\/01\/20250624_1427_Elegant-Diamond-Ring_remix_01jygye1xsfeb967vg231pp1fw.png","width":1024,"height":1024,"caption":"Gertrude Brill gy\u0171r\u0171"},{"@type":"BreadcrumbList","@id":"https:\/\/brillancy.hu\/product\/gertrude-brill-gyuru\/#breadcrumb","itemListElement":[{"@type":"ListItem","position":1,"name":"Home","item":"https:\/\/brillancy.hu\/"},{"@type":"ListItem","position":2,"name":"Term\u00e9kek","item":"https:\/\/brillancy.hu\/termekek\/"},{"@type":"ListItem","position":3,"name":"Gertrude Brill gy\u0171r\u0171"}]},{"@type":"WebSite","@id":"https:\/\/brillancy.hu\/#website","url":"https:\/\/brillancy.hu\/","name":"Brillancy","description":"","potentialAction":[{"@type":"SearchAction","target":{"@type":"EntryPoint","urlTemplate":"https:\/\/brillancy.hu\/?s={search_term_string}"},"query-input":{"@type":"PropertyValueSpecification","valueRequired":true,"valueName":"search_term_string"}}],"inLanguage":"en-GB"}]}},"_links":{"self":[{"href":"https:\/\/brillancy.hu\/en\/wp-json\/wp\/v2\/product\/6111","targetHints":{"allow":["GET"]}}],"collection":[{"href":"https:\/\/brillancy.hu\/en\/wp-json\/wp\/v2\/product"}],"about":[{"href":"https:\/\/brillancy.hu\/en\/wp-json\/wp\/v2\/types\/product"}],"replies":[{"embeddable":true,"href":"https:\/\/brillancy.hu\/en\/wp-json\/wp\/v2\/comments?post=6111"}],"wp:featuredmedia":[{"embeddable":true,"href":"https:\/\/brillancy.hu\/en\/wp-json\/wp\/v2\/media\/10939"}],"wp:attachment":[{"href":"https:\/\/brillancy.hu\/en\/wp-json\/wp\/v2\/media?parent=6111"}],"wp:term":[{"taxonomy":"product_brand","embeddable":true,"href":"https:\/\/brillancy.hu\/en\/wp-json\/wp\/v2\/product_brand?post=6111"},{"taxonomy":"product_cat","embeddable":true,"href":"https:\/\/brillancy.hu\/en\/wp-json\/wp\/v2\/product_cat?post=6111"},{"taxonomy":"product_tag","embeddable":true,"href":"https:\/\/brillancy.hu\/en\/wp-json\/wp\/v2\/product_tag?post=6111"}],"curies":[{"name":"wp","href":"https:\/\/api.w.org\/{rel}","templated":true}]}}