{"id":6107,"date":"2025-01-31T18:19:08","date_gmt":"2025-01-31T17:19:08","guid":{"rendered":"https:\/\/brillancy.hu\/?post_type=product&#038;p=6107"},"modified":"2025-11-11T15:17:51","modified_gmt":"2025-11-11T14:17:51","slug":"flores-brill-gyuru","status":"publish","type":"product","link":"https:\/\/brillancy.hu\/en\/product\/flores-brill-gyuru\/","title":{"rendered":"Flores Brill ring"},"content":{"rendered":"<p><strong>Flores brill ring<\/strong>:<\/p>\n<p>Fantastic twinkle of the eye catching\u00a0<strong>14 karat<\/strong>\u00a0<strong>white gold brill ring<\/strong>t.\u00a0<strong>Most of the 0,50 ct of brilliant cut natural diamonds like the jewelry queen.<\/strong>\u00a0<strong>Around 14 pieces smaller, 0,01 ct of diamonds is located<\/strong>which are worthy subjects as enhancing the queen&#039;s beauty. The simple lines of gy\u0171r\u0171s\u00edn highlight the amazing son shining, solid arc related to the slightly-up socket, under it, and a fine through pass to cross the light. These tiny details make it even more sophisticated, the jewelry&#039;s appearance. We recommend for women the finger, who love the attention and care elegant style all add.<\/p>\n<ul>\n<li><strong>Material:<\/strong>\u00a0gold<\/li>\n<li><strong>Fineness<\/strong>: 585 thousandth, 14 carat<\/li>\n<li><strong>Gemstone<\/strong>: brilliant cut natural diamonds<\/li>\n<li><strong>Eternal life guarantee:<\/strong>\u00a0the jewelry structure of the material errors and gems<\/li>\n<\/ul>\n<p><strong>Free renewal:<\/strong> We take the we have prepared brill ring free scratch-free sales of and purification of five times (once a year) the purchase within five years.<\/p>\n<p><strong>Free size adjustment:\u00a0<\/strong>If you haven&#039;t found the correct size, we will take the ring free size adjustments.<\/p>\n<p><strong>Gift box:\u00a0<\/strong>The ring is a gift in the box set, and several kinds of colors You can pick out!<\/p>\n<p><strong>Pay scrap gold<\/strong> Damaged, old, or never used gold hiding at home in the cupboards? Bring it in to us and high count For the selected brill ring price.<\/p>\n<p><strong>I like the brill ring, but a different size diamonds, or colorful gems did you imagine it? It&#039;s not a problem. We like to give an offer to the expected ideas. Find us confidence on the phone +36 30 539 1179 number, or the <\/strong><a href=\"mailto:info@brillancy.hu\"><strong>info@brillancy.hu<\/strong><\/a><strong>\u00a0e-mail address.<\/strong><\/p>","protected":false},"excerpt":{"rendered":"<p>Flores brill ring \u2013 Tempting Mystery \u2013 white gold ring brilliant cut diamond in Brillance jewelry manufactory offer \u2013 reasonable price, eternal life guarantee<\/p>","protected":false},"featured_media":10956,"comment_status":"closed","ping_status":"closed","template":"","meta":[],"product_brand":[],"product_cat":[17,39,22,33,37],"product_tag":[],"class_list":{"0":"post-6107","1":"product","2":"type-product","3":"status-publish","4":"has-post-thumbnail","6":"product_cat-eljegyzesi-gyuruk","7":"product_cat-gyemant","8":"product_cat-kerek","9":"product_cat-klasszikus","10":"product_cat-tobb-koves","12":"first","13":"instock","14":"purchasable","15":"product-type-variable"},"yoast_head":"<!-- This site is optimized with the Yoast SEO Premium plugin v27.0 (Yoast SEO v27.4) - https:\/\/yoast.com\/product\/yoast-seo-premium-wordpress\/ -->\n<title>Flores Brill gy\u0171r\u0171 - Brillancy<\/title>\n<meta name=\"description\" content=\"Flores Brill gy\u0171r\u0171 - A tervez\u0151 aj\u00e1nl\u00e1sa: Flores brill gy\u0171r\u0171: Fantasztikus csillog\u00e1s jellemzi ezt a szemet gy\u00f6ny\u00f6rk\u00f6dtet\u0151\u00a014 ka...\" \/>\n<meta name=\"robots\" content=\"index, follow, max-snippet:-1, max-image-preview:large, max-video-preview:-1\" \/>\n<link rel=\"canonical\" href=\"https:\/\/brillancy.hu\/en\/product\/flores-brill-gyuru\/\" \/>\n<meta property=\"og:locale\" content=\"en_GB\" \/>\n<meta property=\"og:type\" content=\"article\" \/>\n<meta property=\"og:title\" content=\"Flores Brill gy\u0171r\u0171\" \/>\n<meta property=\"og:description\" content=\"Flores Brill gy\u0171r\u0171 - A tervez\u0151 aj\u00e1nl\u00e1sa: Flores brill gy\u0171r\u0171: Fantasztikus csillog\u00e1s jellemzi ezt a szemet gy\u00f6ny\u00f6rk\u00f6dtet\u0151\u00a014 ka...\" \/>\n<meta property=\"og:url\" content=\"https:\/\/brillancy.hu\/en\/product\/flores-brill-gyuru\/\" \/>\n<meta property=\"og:site_name\" content=\"Brillancy\" \/>\n<meta property=\"article:modified_time\" content=\"2025-11-11T14:17:51+00:00\" \/>\n<meta property=\"og:image\" content=\"https:\/\/brillancy.hu\/wp-content\/uploads\/2025\/01\/allec-gomes-pmEYkLIxjdw-unsplash-scaled-1.jpg\" \/>\n\t<meta property=\"og:image:width\" content=\"1920\" \/>\n\t<meta property=\"og:image:height\" content=\"2560\" \/>\n\t<meta property=\"og:image:type\" content=\"image\/jpeg\" \/>\n<meta name=\"twitter:card\" content=\"summary_large_image\" \/>\n<meta name=\"twitter:label1\" content=\"Estimated reading time\" \/>\n\t<meta name=\"twitter:data1\" content=\"2 minutes\" \/>\n<script type=\"application\/ld+json\" class=\"yoast-schema-graph\">{\"@context\":\"https:\\\/\\\/schema.org\",\"@graph\":[{\"@type\":\"WebPage\",\"@id\":\"https:\\\/\\\/brillancy.hu\\\/product\\\/flores-brill-gyuru\\\/\",\"url\":\"https:\\\/\\\/brillancy.hu\\\/product\\\/flores-brill-gyuru\\\/\",\"name\":\"Flores Brill gy\u0171r\u0171 - Brillancy\",\"isPartOf\":{\"@id\":\"https:\\\/\\\/brillancy.hu\\\/#website\"},\"primaryImageOfPage\":{\"@id\":\"https:\\\/\\\/brillancy.hu\\\/product\\\/flores-brill-gyuru\\\/#primaryimage\"},\"image\":{\"@id\":\"https:\\\/\\\/brillancy.hu\\\/product\\\/flores-brill-gyuru\\\/#primaryimage\"},\"thumbnailUrl\":\"https:\\\/\\\/brillancy.hu\\\/wp-content\\\/uploads\\\/2025\\\/01\\\/allec-gomes-pmEYkLIxjdw-unsplash-scaled-1.jpg\",\"datePublished\":\"2025-01-31T17:19:08+00:00\",\"dateModified\":\"2025-11-11T14:17:51+00:00\",\"description\":\"Flores Brill gy\u0171r\u0171 - A tervez\u0151 aj\u00e1nl\u00e1sa: Flores brill gy\u0171r\u0171: Fantasztikus csillog\u00e1s jellemzi ezt a szemet gy\u00f6ny\u00f6rk\u00f6dtet\u0151\u00a014 ka...\",\"breadcrumb\":{\"@id\":\"https:\\\/\\\/brillancy.hu\\\/product\\\/flores-brill-gyuru\\\/#breadcrumb\"},\"inLanguage\":\"en-GB\",\"potentialAction\":[{\"@type\":\"ReadAction\",\"target\":[\"https:\\\/\\\/brillancy.hu\\\/product\\\/flores-brill-gyuru\\\/\"]}]},{\"@type\":\"ImageObject\",\"inLanguage\":\"en-GB\",\"@id\":\"https:\\\/\\\/brillancy.hu\\\/product\\\/flores-brill-gyuru\\\/#primaryimage\",\"url\":\"https:\\\/\\\/brillancy.hu\\\/wp-content\\\/uploads\\\/2025\\\/01\\\/allec-gomes-pmEYkLIxjdw-unsplash-scaled-1.jpg\",\"contentUrl\":\"https:\\\/\\\/brillancy.hu\\\/wp-content\\\/uploads\\\/2025\\\/01\\\/allec-gomes-pmEYkLIxjdw-unsplash-scaled-1.jpg\",\"width\":1920,\"height\":2560,\"caption\":\"Flores Brill gy\u0171r\u0171\"},{\"@type\":\"BreadcrumbList\",\"@id\":\"https:\\\/\\\/brillancy.hu\\\/product\\\/flores-brill-gyuru\\\/#breadcrumb\",\"itemListElement\":[{\"@type\":\"ListItem\",\"position\":1,\"name\":\"Home\",\"item\":\"https:\\\/\\\/brillancy.hu\\\/\"},{\"@type\":\"ListItem\",\"position\":2,\"name\":\"Term\u00e9kek\",\"item\":\"https:\\\/\\\/brillancy.hu\\\/termekek\\\/\"},{\"@type\":\"ListItem\",\"position\":3,\"name\":\"Flores Brill gy\u0171r\u0171\"}]},{\"@type\":\"WebSite\",\"@id\":\"https:\\\/\\\/brillancy.hu\\\/#website\",\"url\":\"https:\\\/\\\/brillancy.hu\\\/\",\"name\":\"Brillancy\",\"description\":\"\",\"potentialAction\":[{\"@type\":\"SearchAction\",\"target\":{\"@type\":\"EntryPoint\",\"urlTemplate\":\"https:\\\/\\\/brillancy.hu\\\/?s={search_term_string}\"},\"query-input\":{\"@type\":\"PropertyValueSpecification\",\"valueRequired\":true,\"valueName\":\"search_term_string\"}}],\"inLanguage\":\"en-GB\"}]}<\/script>\n<!-- \/ Yoast SEO Premium plugin. -->","yoast_head_json":{"title":"Flores Brill gy\u0171r\u0171 - Brillancy","description":"Flores Brill gy\u0171r\u0171 - A tervez\u0151 aj\u00e1nl\u00e1sa: Flores brill gy\u0171r\u0171: Fantasztikus csillog\u00e1s jellemzi ezt a szemet gy\u00f6ny\u00f6rk\u00f6dtet\u0151\u00a014 ka...","robots":{"index":"index","follow":"follow","max-snippet":"max-snippet:-1","max-image-preview":"max-image-preview:large","max-video-preview":"max-video-preview:-1"},"canonical":"https:\/\/brillancy.hu\/en\/product\/flores-brill-gyuru\/","og_locale":"en_GB","og_type":"article","og_title":"Flores Brill gy\u0171r\u0171","og_description":"Flores Brill gy\u0171r\u0171 - A tervez\u0151 aj\u00e1nl\u00e1sa: Flores brill gy\u0171r\u0171: Fantasztikus csillog\u00e1s jellemzi ezt a szemet gy\u00f6ny\u00f6rk\u00f6dtet\u0151\u00a014 ka...","og_url":"https:\/\/brillancy.hu\/en\/product\/flores-brill-gyuru\/","og_site_name":"Brillancy","article_modified_time":"2025-11-11T14:17:51+00:00","og_image":[{"width":1920,"height":2560,"url":"https:\/\/brillancy.hu\/wp-content\/uploads\/2025\/01\/allec-gomes-pmEYkLIxjdw-unsplash-scaled-1.jpg","type":"image\/jpeg"}],"twitter_card":"summary_large_image","twitter_misc":{"Estimated reading time":"2 minutes"},"schema":{"@context":"https:\/\/schema.org","@graph":[{"@type":"WebPage","@id":"https:\/\/brillancy.hu\/product\/flores-brill-gyuru\/","url":"https:\/\/brillancy.hu\/product\/flores-brill-gyuru\/","name":"Flores Brill gy\u0171r\u0171 - Brillancy","isPartOf":{"@id":"https:\/\/brillancy.hu\/#website"},"primaryImageOfPage":{"@id":"https:\/\/brillancy.hu\/product\/flores-brill-gyuru\/#primaryimage"},"image":{"@id":"https:\/\/brillancy.hu\/product\/flores-brill-gyuru\/#primaryimage"},"thumbnailUrl":"https:\/\/brillancy.hu\/wp-content\/uploads\/2025\/01\/allec-gomes-pmEYkLIxjdw-unsplash-scaled-1.jpg","datePublished":"2025-01-31T17:19:08+00:00","dateModified":"2025-11-11T14:17:51+00:00","description":"Flores Brill gy\u0171r\u0171 - A tervez\u0151 aj\u00e1nl\u00e1sa: Flores brill gy\u0171r\u0171: Fantasztikus csillog\u00e1s jellemzi ezt a szemet gy\u00f6ny\u00f6rk\u00f6dtet\u0151\u00a014 ka...","breadcrumb":{"@id":"https:\/\/brillancy.hu\/product\/flores-brill-gyuru\/#breadcrumb"},"inLanguage":"en-GB","potentialAction":[{"@type":"ReadAction","target":["https:\/\/brillancy.hu\/product\/flores-brill-gyuru\/"]}]},{"@type":"ImageObject","inLanguage":"en-GB","@id":"https:\/\/brillancy.hu\/product\/flores-brill-gyuru\/#primaryimage","url":"https:\/\/brillancy.hu\/wp-content\/uploads\/2025\/01\/allec-gomes-pmEYkLIxjdw-unsplash-scaled-1.jpg","contentUrl":"https:\/\/brillancy.hu\/wp-content\/uploads\/2025\/01\/allec-gomes-pmEYkLIxjdw-unsplash-scaled-1.jpg","width":1920,"height":2560,"caption":"Flores Brill gy\u0171r\u0171"},{"@type":"BreadcrumbList","@id":"https:\/\/brillancy.hu\/product\/flores-brill-gyuru\/#breadcrumb","itemListElement":[{"@type":"ListItem","position":1,"name":"Home","item":"https:\/\/brillancy.hu\/"},{"@type":"ListItem","position":2,"name":"Term\u00e9kek","item":"https:\/\/brillancy.hu\/termekek\/"},{"@type":"ListItem","position":3,"name":"Flores Brill gy\u0171r\u0171"}]},{"@type":"WebSite","@id":"https:\/\/brillancy.hu\/#website","url":"https:\/\/brillancy.hu\/","name":"Brillancy","description":"","potentialAction":[{"@type":"SearchAction","target":{"@type":"EntryPoint","urlTemplate":"https:\/\/brillancy.hu\/?s={search_term_string}"},"query-input":{"@type":"PropertyValueSpecification","valueRequired":true,"valueName":"search_term_string"}}],"inLanguage":"en-GB"}]}},"_links":{"self":[{"href":"https:\/\/brillancy.hu\/en\/wp-json\/wp\/v2\/product\/6107","targetHints":{"allow":["GET"]}}],"collection":[{"href":"https:\/\/brillancy.hu\/en\/wp-json\/wp\/v2\/product"}],"about":[{"href":"https:\/\/brillancy.hu\/en\/wp-json\/wp\/v2\/types\/product"}],"replies":[{"embeddable":true,"href":"https:\/\/brillancy.hu\/en\/wp-json\/wp\/v2\/comments?post=6107"}],"wp:featuredmedia":[{"embeddable":true,"href":"https:\/\/brillancy.hu\/en\/wp-json\/wp\/v2\/media\/10956"}],"wp:attachment":[{"href":"https:\/\/brillancy.hu\/en\/wp-json\/wp\/v2\/media?parent=6107"}],"wp:term":[{"taxonomy":"product_brand","embeddable":true,"href":"https:\/\/brillancy.hu\/en\/wp-json\/wp\/v2\/product_brand?post=6107"},{"taxonomy":"product_cat","embeddable":true,"href":"https:\/\/brillancy.hu\/en\/wp-json\/wp\/v2\/product_cat?post=6107"},{"taxonomy":"product_tag","embeddable":true,"href":"https:\/\/brillancy.hu\/en\/wp-json\/wp\/v2\/product_tag?post=6107"}],"curies":[{"name":"wp","href":"https:\/\/api.w.org\/{rel}","templated":true}]}}