{"id":6102,"date":"2025-01-31T18:19:08","date_gmt":"2025-01-31T17:19:08","guid":{"rendered":"https:\/\/brillancy.hu\/?post_type=product&#038;p=6102"},"modified":"2025-11-10T15:11:41","modified_gmt":"2025-11-10T14:11:41","slug":"cipriana-feherarany-eljegyzesi-gyuru","status":"publish","type":"product","link":"https:\/\/brillancy.hu\/en\/product\/cipriana-feherarany-eljegyzesi-gyuru\/","title":{"rendered":"Ciprian is a white gold engagement ring"},"content":{"rendered":"<p><strong>Designer&#039;s recommendation:<\/strong><\/p>\n<p><strong>Ciprian of: <\/strong>Mystical appearance and exciting line of has become a popular model is our enemy this is the beautiful <strong>14 karat white gold engagement ring<\/strong>.<strong> Precise, beautiful hand job characteristics. Special, as the gy\u0171r\u0171s\u00edn split up, and indaszer\u0171 lines in the middle running into each other and around the 0,08 ct-os, 2.8 mm in diameter brilliant cut, black color diamonds. <\/strong>Rugged design, at the same time, charming, waving sheets of delicate, feminine pieces and a little wider fingers, too. We offer every woman a spectacular, decorative form world of and at the same time comfortable jewelry you want that little mystery taking in all of our lives.<\/p>\n<p><strong>Material: <\/strong>gold<\/p>\n<p><strong>Fineness<\/strong>: 585 thousandth, 14 carat<\/p>\n<p><strong>Gemstone<\/strong>: brilliant cut diamond<\/p>\n<p>&nbsp;<\/p>","protected":false},"excerpt":{"rendered":"<p><strong>Dreamy white gold engagement ring. Affordable price, eternal life guarantee. Choose the Brillance of Hungarian Craft jewelry manufactory offering!<\/strong><\/p>","protected":false},"featured_media":7452,"comment_status":"closed","ping_status":"closed","template":"","meta":[],"product_brand":[],"product_cat":[35,17,39,22,31],"product_tag":[],"class_list":{"0":"post-6102","1":"product","2":"type-product","3":"status-publish","4":"has-post-thumbnail","6":"product_cat-egykoves","7":"product_cat-eljegyzesi-gyuruk","8":"product_cat-gyemant","9":"product_cat-kerek","10":"product_cat-termeszet-inspiralta","12":"first","13":"instock","14":"purchasable","15":"product-type-simple"},"yoast_head":"<!-- This site is optimized with the Yoast SEO Premium plugin v27.0 (Yoast SEO v27.4) - https:\/\/yoast.com\/product\/yoast-seo-premium-wordpress\/ -->\n<title>Cipriana feh\u00e9rarany eljegyz\u00e9si gy\u0171r\u0171 - Brillancy<\/title>\n<meta name=\"description\" content=\"Cipriana feh\u00e9rarany eljegyz\u00e9si gy\u0171r\u0171 - Tervez\u0151 aj\u00e1nl\u00e1sa: Cipriana: Misztikus megjelen\u00e9s\u00e9vel \u00e9s izgalmas vonalvezet\u00e9s\u00e9vel v\u00e1lt ...\" \/>\n<meta name=\"robots\" content=\"index, follow, max-snippet:-1, max-image-preview:large, max-video-preview:-1\" \/>\n<link rel=\"canonical\" href=\"https:\/\/brillancy.hu\/en\/product\/cipriana-feherarany-eljegyzesi-gyuru\/\" \/>\n<meta property=\"og:locale\" content=\"en_GB\" \/>\n<meta property=\"og:type\" content=\"article\" \/>\n<meta property=\"og:title\" content=\"Cipriana feh\u00e9rarany eljegyz\u00e9si gy\u0171r\u0171\" \/>\n<meta property=\"og:description\" content=\"Cipriana feh\u00e9rarany eljegyz\u00e9si gy\u0171r\u0171 - Tervez\u0151 aj\u00e1nl\u00e1sa: Cipriana: Misztikus megjelen\u00e9s\u00e9vel \u00e9s izgalmas vonalvezet\u00e9s\u00e9vel v\u00e1lt ...\" \/>\n<meta property=\"og:url\" content=\"https:\/\/brillancy.hu\/en\/product\/cipriana-feherarany-eljegyzesi-gyuru\/\" \/>\n<meta property=\"og:site_name\" content=\"Brillancy\" \/>\n<meta property=\"article:modified_time\" content=\"2025-11-10T14:11:41+00:00\" \/>\n<meta property=\"og:image\" content=\"https:\/\/brillancy.hu\/wp-content\/uploads\/2025\/01\/cipriana0.jpg\" \/>\n\t<meta property=\"og:image:width\" content=\"640\" \/>\n\t<meta property=\"og:image:height\" content=\"480\" \/>\n\t<meta property=\"og:image:type\" content=\"image\/jpeg\" \/>\n<meta name=\"twitter:card\" content=\"summary_large_image\" \/>\n<meta name=\"twitter:label1\" content=\"Estimated reading time\" \/>\n\t<meta name=\"twitter:data1\" content=\"1 minute\" \/>\n<script type=\"application\/ld+json\" class=\"yoast-schema-graph\">{\"@context\":\"https:\\\/\\\/schema.org\",\"@graph\":[{\"@type\":\"WebPage\",\"@id\":\"https:\\\/\\\/brillancy.hu\\\/product\\\/cipriana-feherarany-eljegyzesi-gyuru\\\/\",\"url\":\"https:\\\/\\\/brillancy.hu\\\/product\\\/cipriana-feherarany-eljegyzesi-gyuru\\\/\",\"name\":\"Cipriana feh\u00e9rarany eljegyz\u00e9si gy\u0171r\u0171 - Brillancy\",\"isPartOf\":{\"@id\":\"https:\\\/\\\/brillancy.hu\\\/#website\"},\"primaryImageOfPage\":{\"@id\":\"https:\\\/\\\/brillancy.hu\\\/product\\\/cipriana-feherarany-eljegyzesi-gyuru\\\/#primaryimage\"},\"image\":{\"@id\":\"https:\\\/\\\/brillancy.hu\\\/product\\\/cipriana-feherarany-eljegyzesi-gyuru\\\/#primaryimage\"},\"thumbnailUrl\":\"https:\\\/\\\/brillancy.hu\\\/wp-content\\\/uploads\\\/2025\\\/01\\\/cipriana0.jpg\",\"datePublished\":\"2025-01-31T17:19:08+00:00\",\"dateModified\":\"2025-11-10T14:11:41+00:00\",\"description\":\"Cipriana feh\u00e9rarany eljegyz\u00e9si gy\u0171r\u0171 - Tervez\u0151 aj\u00e1nl\u00e1sa: Cipriana: Misztikus megjelen\u00e9s\u00e9vel \u00e9s izgalmas vonalvezet\u00e9s\u00e9vel v\u00e1lt ...\",\"breadcrumb\":{\"@id\":\"https:\\\/\\\/brillancy.hu\\\/product\\\/cipriana-feherarany-eljegyzesi-gyuru\\\/#breadcrumb\"},\"inLanguage\":\"en-GB\",\"potentialAction\":[{\"@type\":\"ReadAction\",\"target\":[\"https:\\\/\\\/brillancy.hu\\\/product\\\/cipriana-feherarany-eljegyzesi-gyuru\\\/\"]}]},{\"@type\":\"ImageObject\",\"inLanguage\":\"en-GB\",\"@id\":\"https:\\\/\\\/brillancy.hu\\\/product\\\/cipriana-feherarany-eljegyzesi-gyuru\\\/#primaryimage\",\"url\":\"https:\\\/\\\/brillancy.hu\\\/wp-content\\\/uploads\\\/2025\\\/01\\\/cipriana0.jpg\",\"contentUrl\":\"https:\\\/\\\/brillancy.hu\\\/wp-content\\\/uploads\\\/2025\\\/01\\\/cipriana0.jpg\",\"width\":640,\"height\":480,\"caption\":\"Cipriana feh\u00e9rarany eljegyz\u00e9si gy\u0171r\u0171\"},{\"@type\":\"BreadcrumbList\",\"@id\":\"https:\\\/\\\/brillancy.hu\\\/product\\\/cipriana-feherarany-eljegyzesi-gyuru\\\/#breadcrumb\",\"itemListElement\":[{\"@type\":\"ListItem\",\"position\":1,\"name\":\"Home\",\"item\":\"https:\\\/\\\/brillancy.hu\\\/\"},{\"@type\":\"ListItem\",\"position\":2,\"name\":\"Term\u00e9kek\",\"item\":\"https:\\\/\\\/brillancy.hu\\\/termekek\\\/\"},{\"@type\":\"ListItem\",\"position\":3,\"name\":\"Cipriana feh\u00e9rarany eljegyz\u00e9si gy\u0171r\u0171\"}]},{\"@type\":\"WebSite\",\"@id\":\"https:\\\/\\\/brillancy.hu\\\/#website\",\"url\":\"https:\\\/\\\/brillancy.hu\\\/\",\"name\":\"Brillancy\",\"description\":\"\",\"potentialAction\":[{\"@type\":\"SearchAction\",\"target\":{\"@type\":\"EntryPoint\",\"urlTemplate\":\"https:\\\/\\\/brillancy.hu\\\/?s={search_term_string}\"},\"query-input\":{\"@type\":\"PropertyValueSpecification\",\"valueRequired\":true,\"valueName\":\"search_term_string\"}}],\"inLanguage\":\"en-GB\"}]}<\/script>\n<!-- \/ Yoast SEO Premium plugin. -->","yoast_head_json":{"title":"Cipriana feh\u00e9rarany eljegyz\u00e9si gy\u0171r\u0171 - Brillancy","description":"Cipriana feh\u00e9rarany eljegyz\u00e9si gy\u0171r\u0171 - Tervez\u0151 aj\u00e1nl\u00e1sa: Cipriana: Misztikus megjelen\u00e9s\u00e9vel \u00e9s izgalmas vonalvezet\u00e9s\u00e9vel v\u00e1lt ...","robots":{"index":"index","follow":"follow","max-snippet":"max-snippet:-1","max-image-preview":"max-image-preview:large","max-video-preview":"max-video-preview:-1"},"canonical":"https:\/\/brillancy.hu\/en\/product\/cipriana-feherarany-eljegyzesi-gyuru\/","og_locale":"en_GB","og_type":"article","og_title":"Cipriana feh\u00e9rarany eljegyz\u00e9si gy\u0171r\u0171","og_description":"Cipriana feh\u00e9rarany eljegyz\u00e9si gy\u0171r\u0171 - Tervez\u0151 aj\u00e1nl\u00e1sa: Cipriana: Misztikus megjelen\u00e9s\u00e9vel \u00e9s izgalmas vonalvezet\u00e9s\u00e9vel v\u00e1lt ...","og_url":"https:\/\/brillancy.hu\/en\/product\/cipriana-feherarany-eljegyzesi-gyuru\/","og_site_name":"Brillancy","article_modified_time":"2025-11-10T14:11:41+00:00","og_image":[{"width":640,"height":480,"url":"https:\/\/brillancy.hu\/wp-content\/uploads\/2025\/01\/cipriana0.jpg","type":"image\/jpeg"}],"twitter_card":"summary_large_image","twitter_misc":{"Estimated reading time":"1 minute"},"schema":{"@context":"https:\/\/schema.org","@graph":[{"@type":"WebPage","@id":"https:\/\/brillancy.hu\/product\/cipriana-feherarany-eljegyzesi-gyuru\/","url":"https:\/\/brillancy.hu\/product\/cipriana-feherarany-eljegyzesi-gyuru\/","name":"Cipriana feh\u00e9rarany eljegyz\u00e9si gy\u0171r\u0171 - Brillancy","isPartOf":{"@id":"https:\/\/brillancy.hu\/#website"},"primaryImageOfPage":{"@id":"https:\/\/brillancy.hu\/product\/cipriana-feherarany-eljegyzesi-gyuru\/#primaryimage"},"image":{"@id":"https:\/\/brillancy.hu\/product\/cipriana-feherarany-eljegyzesi-gyuru\/#primaryimage"},"thumbnailUrl":"https:\/\/brillancy.hu\/wp-content\/uploads\/2025\/01\/cipriana0.jpg","datePublished":"2025-01-31T17:19:08+00:00","dateModified":"2025-11-10T14:11:41+00:00","description":"Cipriana feh\u00e9rarany eljegyz\u00e9si gy\u0171r\u0171 - Tervez\u0151 aj\u00e1nl\u00e1sa: Cipriana: Misztikus megjelen\u00e9s\u00e9vel \u00e9s izgalmas vonalvezet\u00e9s\u00e9vel v\u00e1lt ...","breadcrumb":{"@id":"https:\/\/brillancy.hu\/product\/cipriana-feherarany-eljegyzesi-gyuru\/#breadcrumb"},"inLanguage":"en-GB","potentialAction":[{"@type":"ReadAction","target":["https:\/\/brillancy.hu\/product\/cipriana-feherarany-eljegyzesi-gyuru\/"]}]},{"@type":"ImageObject","inLanguage":"en-GB","@id":"https:\/\/brillancy.hu\/product\/cipriana-feherarany-eljegyzesi-gyuru\/#primaryimage","url":"https:\/\/brillancy.hu\/wp-content\/uploads\/2025\/01\/cipriana0.jpg","contentUrl":"https:\/\/brillancy.hu\/wp-content\/uploads\/2025\/01\/cipriana0.jpg","width":640,"height":480,"caption":"Cipriana feh\u00e9rarany eljegyz\u00e9si gy\u0171r\u0171"},{"@type":"BreadcrumbList","@id":"https:\/\/brillancy.hu\/product\/cipriana-feherarany-eljegyzesi-gyuru\/#breadcrumb","itemListElement":[{"@type":"ListItem","position":1,"name":"Home","item":"https:\/\/brillancy.hu\/"},{"@type":"ListItem","position":2,"name":"Term\u00e9kek","item":"https:\/\/brillancy.hu\/termekek\/"},{"@type":"ListItem","position":3,"name":"Cipriana feh\u00e9rarany eljegyz\u00e9si gy\u0171r\u0171"}]},{"@type":"WebSite","@id":"https:\/\/brillancy.hu\/#website","url":"https:\/\/brillancy.hu\/","name":"Brillancy","description":"","potentialAction":[{"@type":"SearchAction","target":{"@type":"EntryPoint","urlTemplate":"https:\/\/brillancy.hu\/?s={search_term_string}"},"query-input":{"@type":"PropertyValueSpecification","valueRequired":true,"valueName":"search_term_string"}}],"inLanguage":"en-GB"}]}},"_links":{"self":[{"href":"https:\/\/brillancy.hu\/en\/wp-json\/wp\/v2\/product\/6102","targetHints":{"allow":["GET"]}}],"collection":[{"href":"https:\/\/brillancy.hu\/en\/wp-json\/wp\/v2\/product"}],"about":[{"href":"https:\/\/brillancy.hu\/en\/wp-json\/wp\/v2\/types\/product"}],"replies":[{"embeddable":true,"href":"https:\/\/brillancy.hu\/en\/wp-json\/wp\/v2\/comments?post=6102"}],"wp:featuredmedia":[{"embeddable":true,"href":"https:\/\/brillancy.hu\/en\/wp-json\/wp\/v2\/media\/7452"}],"wp:attachment":[{"href":"https:\/\/brillancy.hu\/en\/wp-json\/wp\/v2\/media?parent=6102"}],"wp:term":[{"taxonomy":"product_brand","embeddable":true,"href":"https:\/\/brillancy.hu\/en\/wp-json\/wp\/v2\/product_brand?post=6102"},{"taxonomy":"product_cat","embeddable":true,"href":"https:\/\/brillancy.hu\/en\/wp-json\/wp\/v2\/product_cat?post=6102"},{"taxonomy":"product_tag","embeddable":true,"href":"https:\/\/brillancy.hu\/en\/wp-json\/wp\/v2\/product_tag?post=6102"}],"curies":[{"name":"wp","href":"https:\/\/api.w.org\/{rel}","templated":true}]}}