{"id":6099,"date":"2025-01-31T18:19:07","date_gmt":"2025-01-31T17:19:07","guid":{"rendered":"https:\/\/brillancy.hu\/?post_type=product&#038;p=6099"},"modified":"2025-11-11T15:13:56","modified_gmt":"2025-11-11T14:13:56","slug":"chagall-arany-gyuru","status":"publish","type":"product","link":"https:\/\/brillancy.hu\/en\/product\/chagall-arany-gyuru\/","title":{"rendered":"Chagall Gold ring"},"content":{"rendered":"<p><strong>The designer&#039;s recommendation:<\/strong><\/p>\n<p><strong>Chagall gold ring:<\/strong> The classic elegance embodiment of this <strong>14-karat yellow gold<\/strong> made <strong>diamond engagement ring<\/strong>. Four-claw slot in the<strong> brilliant cut dazzling natural diamond, which is 0,17 ct weight of 3.5 mm in diameter.<\/strong>\u00a0<strong>The gently curved claws, you will participate safely in the gem, while barely cover, so there&#039;s plenty of light and a better enforcement of brilliant beauty.\u00a0<\/strong>The ring is special, that&#039;s not the proper form a circle, but a little drop-shaped. The tracks below until slightly wider, up, it gets smaller, so the more the diamond is directed to all eyes. Graceful lines, thanks to the great show on the finger. Recommended for those ladies who are discreet, sophisticated jewellery they want a little bit of a secret commission.<\/p>\n<p><strong>Material:<\/strong>\u00a0gold<\/p>\n<p><strong>Fineness<\/strong>: 585 thousandth, 14 carat<\/p>\n<p><strong>Gemstone<\/strong>: brilliant cut natural diamonds<\/p>\n<p><strong>Eternal life guarantee:<\/strong>\u00a0the jewelry structure of the material errors and gems<\/p>\n<p><strong>Free renewal:<\/strong>\u00a0We take the we have prepared gold ring free scratch-free sales of and purification of five times (once a year) the purchase within five years.<\/p>\n<p><strong>Free size adjustment:\u00a0<\/strong>If you haven&#039;t found the correct size, we will take the ring free size adjustments.<\/p>\n<p><strong>Gift box:\u00a0<\/strong>The ring is a gift in the box set, and several kinds of colors You can pick out!<\/p>\n<p><strong>Pay scrap gold<\/strong>\u00a0Damaged, old, or never used gold hiding at home in the cupboards? Bring it in to us and high count For the selected gold ring price.<\/p>\n<p><strong>I like the gold ring, but with larger diamonds, or colorful gems did you imagine it? It&#039;s not a problem. We like to give an offer to the expected ideas. Find us confidence on the phone +36 30 539 1179 number, or the\u00a0<\/strong><a href=\"mailto:info@brillancy.hu\"><strong>info@brillancy.hu<\/strong><\/a><strong>\u00a0e-mail address.<\/strong><\/p>","protected":false},"excerpt":{"rendered":"<p>Chagall gold ring with diamonds \u2013 Classic elegant Hand \u2013 made, unique gold ring, the Brillance jewelry manufactory offer \u2013 reasonable price, eternal life guarantee<\/p>","protected":false},"featured_media":6533,"comment_status":"closed","ping_status":"closed","template":"","meta":[],"product_brand":[],"product_cat":[35,17,39,22,33],"product_tag":[],"class_list":{"0":"post-6099","1":"product","2":"type-product","3":"status-publish","4":"has-post-thumbnail","6":"product_cat-egykoves","7":"product_cat-eljegyzesi-gyuruk","8":"product_cat-gyemant","9":"product_cat-kerek","10":"product_cat-klasszikus","12":"first","13":"instock","14":"purchasable","15":"product-type-simple"},"yoast_head":"<!-- This site is optimized with the Yoast SEO Premium plugin v27.0 (Yoast SEO v27.4) - https:\/\/yoast.com\/product\/yoast-seo-premium-wordpress\/ -->\n<title>Chagall Arany gy\u0171r\u0171 - Brillancy<\/title>\n<meta name=\"description\" content=\"Chagall Arany gy\u0171r\u0171 - A tervez\u0151 aj\u00e1nl\u00e1sa: Chagall arany gy\u0171r\u0171: A klasszikus elegancia megtestes\u00edt\u0151je ez a 14 kar\u00e1tos s\u00e1rga arany...\" \/>\n<meta name=\"robots\" content=\"index, follow, max-snippet:-1, max-image-preview:large, max-video-preview:-1\" \/>\n<link rel=\"canonical\" href=\"https:\/\/brillancy.hu\/en\/product\/chagall-arany-gyuru\/\" \/>\n<meta property=\"og:locale\" content=\"en_GB\" \/>\n<meta property=\"og:type\" content=\"article\" \/>\n<meta property=\"og:title\" content=\"Chagall Arany gy\u0171r\u0171\" \/>\n<meta property=\"og:description\" content=\"Chagall Arany gy\u0171r\u0171 - A tervez\u0151 aj\u00e1nl\u00e1sa: Chagall arany gy\u0171r\u0171: A klasszikus elegancia megtestes\u00edt\u0151je ez a 14 kar\u00e1tos s\u00e1rga arany...\" \/>\n<meta property=\"og:url\" content=\"https:\/\/brillancy.hu\/en\/product\/chagall-arany-gyuru\/\" \/>\n<meta property=\"og:site_name\" content=\"Brillancy\" \/>\n<meta property=\"article:modified_time\" content=\"2025-11-11T14:13:56+00:00\" \/>\n<meta property=\"og:image\" content=\"https:\/\/brillancy.hu\/wp-content\/uploads\/2025\/01\/Chagall_arany_gyuru_1.jpg\" \/>\n\t<meta property=\"og:image:width\" content=\"640\" \/>\n\t<meta property=\"og:image:height\" content=\"480\" \/>\n\t<meta property=\"og:image:type\" content=\"image\/jpeg\" \/>\n<meta name=\"twitter:card\" content=\"summary_large_image\" \/>\n<meta name=\"twitter:label1\" content=\"Estimated reading time\" \/>\n\t<meta name=\"twitter:data1\" content=\"2 minutes\" \/>\n<script type=\"application\/ld+json\" class=\"yoast-schema-graph\">{\"@context\":\"https:\\\/\\\/schema.org\",\"@graph\":[{\"@type\":\"WebPage\",\"@id\":\"https:\\\/\\\/brillancy.hu\\\/product\\\/chagall-arany-gyuru\\\/\",\"url\":\"https:\\\/\\\/brillancy.hu\\\/product\\\/chagall-arany-gyuru\\\/\",\"name\":\"Chagall Arany gy\u0171r\u0171 - Brillancy\",\"isPartOf\":{\"@id\":\"https:\\\/\\\/brillancy.hu\\\/#website\"},\"primaryImageOfPage\":{\"@id\":\"https:\\\/\\\/brillancy.hu\\\/product\\\/chagall-arany-gyuru\\\/#primaryimage\"},\"image\":{\"@id\":\"https:\\\/\\\/brillancy.hu\\\/product\\\/chagall-arany-gyuru\\\/#primaryimage\"},\"thumbnailUrl\":\"https:\\\/\\\/brillancy.hu\\\/wp-content\\\/uploads\\\/2025\\\/01\\\/Chagall_arany_gyuru_1.jpg\",\"datePublished\":\"2025-01-31T17:19:07+00:00\",\"dateModified\":\"2025-11-11T14:13:56+00:00\",\"description\":\"Chagall Arany gy\u0171r\u0171 - A tervez\u0151 aj\u00e1nl\u00e1sa: Chagall arany gy\u0171r\u0171: A klasszikus elegancia megtestes\u00edt\u0151je ez a 14 kar\u00e1tos s\u00e1rga arany...\",\"breadcrumb\":{\"@id\":\"https:\\\/\\\/brillancy.hu\\\/product\\\/chagall-arany-gyuru\\\/#breadcrumb\"},\"inLanguage\":\"en-GB\",\"potentialAction\":[{\"@type\":\"ReadAction\",\"target\":[\"https:\\\/\\\/brillancy.hu\\\/product\\\/chagall-arany-gyuru\\\/\"]}]},{\"@type\":\"ImageObject\",\"inLanguage\":\"en-GB\",\"@id\":\"https:\\\/\\\/brillancy.hu\\\/product\\\/chagall-arany-gyuru\\\/#primaryimage\",\"url\":\"https:\\\/\\\/brillancy.hu\\\/wp-content\\\/uploads\\\/2025\\\/01\\\/Chagall_arany_gyuru_1.jpg\",\"contentUrl\":\"https:\\\/\\\/brillancy.hu\\\/wp-content\\\/uploads\\\/2025\\\/01\\\/Chagall_arany_gyuru_1.jpg\",\"width\":640,\"height\":480,\"caption\":\"Chagall Arany gy\u0171r\u0171\"},{\"@type\":\"BreadcrumbList\",\"@id\":\"https:\\\/\\\/brillancy.hu\\\/product\\\/chagall-arany-gyuru\\\/#breadcrumb\",\"itemListElement\":[{\"@type\":\"ListItem\",\"position\":1,\"name\":\"Home\",\"item\":\"https:\\\/\\\/brillancy.hu\\\/\"},{\"@type\":\"ListItem\",\"position\":2,\"name\":\"Term\u00e9kek\",\"item\":\"https:\\\/\\\/brillancy.hu\\\/termekek\\\/\"},{\"@type\":\"ListItem\",\"position\":3,\"name\":\"Chagall Arany gy\u0171r\u0171\"}]},{\"@type\":\"WebSite\",\"@id\":\"https:\\\/\\\/brillancy.hu\\\/#website\",\"url\":\"https:\\\/\\\/brillancy.hu\\\/\",\"name\":\"Brillancy\",\"description\":\"\",\"potentialAction\":[{\"@type\":\"SearchAction\",\"target\":{\"@type\":\"EntryPoint\",\"urlTemplate\":\"https:\\\/\\\/brillancy.hu\\\/?s={search_term_string}\"},\"query-input\":{\"@type\":\"PropertyValueSpecification\",\"valueRequired\":true,\"valueName\":\"search_term_string\"}}],\"inLanguage\":\"en-GB\"}]}<\/script>\n<!-- \/ Yoast SEO Premium plugin. -->","yoast_head_json":{"title":"Chagall Arany gy\u0171r\u0171 - Brillancy","description":"Chagall Arany gy\u0171r\u0171 - A tervez\u0151 aj\u00e1nl\u00e1sa: Chagall arany gy\u0171r\u0171: A klasszikus elegancia megtestes\u00edt\u0151je ez a 14 kar\u00e1tos s\u00e1rga arany...","robots":{"index":"index","follow":"follow","max-snippet":"max-snippet:-1","max-image-preview":"max-image-preview:large","max-video-preview":"max-video-preview:-1"},"canonical":"https:\/\/brillancy.hu\/en\/product\/chagall-arany-gyuru\/","og_locale":"en_GB","og_type":"article","og_title":"Chagall Arany gy\u0171r\u0171","og_description":"Chagall Arany gy\u0171r\u0171 - A tervez\u0151 aj\u00e1nl\u00e1sa: Chagall arany gy\u0171r\u0171: A klasszikus elegancia megtestes\u00edt\u0151je ez a 14 kar\u00e1tos s\u00e1rga arany...","og_url":"https:\/\/brillancy.hu\/en\/product\/chagall-arany-gyuru\/","og_site_name":"Brillancy","article_modified_time":"2025-11-11T14:13:56+00:00","og_image":[{"width":640,"height":480,"url":"https:\/\/brillancy.hu\/wp-content\/uploads\/2025\/01\/Chagall_arany_gyuru_1.jpg","type":"image\/jpeg"}],"twitter_card":"summary_large_image","twitter_misc":{"Estimated reading time":"2 minutes"},"schema":{"@context":"https:\/\/schema.org","@graph":[{"@type":"WebPage","@id":"https:\/\/brillancy.hu\/product\/chagall-arany-gyuru\/","url":"https:\/\/brillancy.hu\/product\/chagall-arany-gyuru\/","name":"Chagall Arany gy\u0171r\u0171 - Brillancy","isPartOf":{"@id":"https:\/\/brillancy.hu\/#website"},"primaryImageOfPage":{"@id":"https:\/\/brillancy.hu\/product\/chagall-arany-gyuru\/#primaryimage"},"image":{"@id":"https:\/\/brillancy.hu\/product\/chagall-arany-gyuru\/#primaryimage"},"thumbnailUrl":"https:\/\/brillancy.hu\/wp-content\/uploads\/2025\/01\/Chagall_arany_gyuru_1.jpg","datePublished":"2025-01-31T17:19:07+00:00","dateModified":"2025-11-11T14:13:56+00:00","description":"Chagall Arany gy\u0171r\u0171 - A tervez\u0151 aj\u00e1nl\u00e1sa: Chagall arany gy\u0171r\u0171: A klasszikus elegancia megtestes\u00edt\u0151je ez a 14 kar\u00e1tos s\u00e1rga arany...","breadcrumb":{"@id":"https:\/\/brillancy.hu\/product\/chagall-arany-gyuru\/#breadcrumb"},"inLanguage":"en-GB","potentialAction":[{"@type":"ReadAction","target":["https:\/\/brillancy.hu\/product\/chagall-arany-gyuru\/"]}]},{"@type":"ImageObject","inLanguage":"en-GB","@id":"https:\/\/brillancy.hu\/product\/chagall-arany-gyuru\/#primaryimage","url":"https:\/\/brillancy.hu\/wp-content\/uploads\/2025\/01\/Chagall_arany_gyuru_1.jpg","contentUrl":"https:\/\/brillancy.hu\/wp-content\/uploads\/2025\/01\/Chagall_arany_gyuru_1.jpg","width":640,"height":480,"caption":"Chagall Arany gy\u0171r\u0171"},{"@type":"BreadcrumbList","@id":"https:\/\/brillancy.hu\/product\/chagall-arany-gyuru\/#breadcrumb","itemListElement":[{"@type":"ListItem","position":1,"name":"Home","item":"https:\/\/brillancy.hu\/"},{"@type":"ListItem","position":2,"name":"Term\u00e9kek","item":"https:\/\/brillancy.hu\/termekek\/"},{"@type":"ListItem","position":3,"name":"Chagall Arany gy\u0171r\u0171"}]},{"@type":"WebSite","@id":"https:\/\/brillancy.hu\/#website","url":"https:\/\/brillancy.hu\/","name":"Brillancy","description":"","potentialAction":[{"@type":"SearchAction","target":{"@type":"EntryPoint","urlTemplate":"https:\/\/brillancy.hu\/?s={search_term_string}"},"query-input":{"@type":"PropertyValueSpecification","valueRequired":true,"valueName":"search_term_string"}}],"inLanguage":"en-GB"}]}},"_links":{"self":[{"href":"https:\/\/brillancy.hu\/en\/wp-json\/wp\/v2\/product\/6099","targetHints":{"allow":["GET"]}}],"collection":[{"href":"https:\/\/brillancy.hu\/en\/wp-json\/wp\/v2\/product"}],"about":[{"href":"https:\/\/brillancy.hu\/en\/wp-json\/wp\/v2\/types\/product"}],"replies":[{"embeddable":true,"href":"https:\/\/brillancy.hu\/en\/wp-json\/wp\/v2\/comments?post=6099"}],"wp:featuredmedia":[{"embeddable":true,"href":"https:\/\/brillancy.hu\/en\/wp-json\/wp\/v2\/media\/6533"}],"wp:attachment":[{"href":"https:\/\/brillancy.hu\/en\/wp-json\/wp\/v2\/media?parent=6099"}],"wp:term":[{"taxonomy":"product_brand","embeddable":true,"href":"https:\/\/brillancy.hu\/en\/wp-json\/wp\/v2\/product_brand?post=6099"},{"taxonomy":"product_cat","embeddable":true,"href":"https:\/\/brillancy.hu\/en\/wp-json\/wp\/v2\/product_cat?post=6099"},{"taxonomy":"product_tag","embeddable":true,"href":"https:\/\/brillancy.hu\/en\/wp-json\/wp\/v2\/product_tag?post=6099"}],"curies":[{"name":"wp","href":"https:\/\/api.w.org\/{rel}","templated":true}]}}