{"id":6067,"date":"2025-01-31T18:18:45","date_gmt":"2025-01-31T17:18:45","guid":{"rendered":"https:\/\/brillancy.hu\/?post_type=product&#038;p=6067"},"modified":"2025-10-17T10:56:17","modified_gmt":"2025-10-17T09:56:17","slug":"swing-brill-gyuru","status":"publish","type":"product","link":"https:\/\/brillancy.hu\/en\/product\/swing-brill-gyuru\/","title":{"rendered":"Swing Brill ring"},"content":{"rendered":"<p>Swing Brill ring<\/p>\n<p><strong>Swing<\/strong>: Striking out of the ordinary completely different piece, we discover in this white gold diamond ring. Real uniqueness, which has a decorative appearance, color world will captivate the eyes.<strong> The gy\u0171r\u0171s\u00edn sides open up, and a spectacular, rugged arc related to the slightly pointy design. This exciting dynamic lines highlight the four-claw holder is placed in 3.5 mm in diameter, brilliant cut black diamonds.<\/strong> If you were worried that bold look you are not comfortable, don&#039;t do it. The design that we took care to gently follow the fingers form, thus comfortable to wear provides. We offer all the people that impress your special guy and like to wear it&#039;s not every day jewelry.<\/p>\n<ul>\n<li><strong>Material:<\/strong>gold<\/li>\n<li><strong>Fineness<\/strong>: 585 thousandth, 14 carat<\/li>\n<li><strong>Gemstone<\/strong>: fekete gy\u00e9m\u00e1nt<\/li>\n<li><strong>Eternal life guarantee:<\/strong>\u00a0material errors and gems<\/li>\n<\/ul>\n<p><strong>Free renewal:<\/strong>\u00a0We undertake the engagement jeweled ring free scratch-free sales to five times the purchase within five years!<\/p>\n<p><strong>The ring gift box is optional, and required free size adjust.<\/strong><\/p>\n<p><strong>Pay scrap gold<\/strong>\u00a0Damaged, old, or never used gold hiding at home in the cupboards? Bring it in to us and discounts are factored in for the selected engagement jeweled ring price.<\/p>\n<p><strong>Like the jewelry, but different quality diamonds, or colorful gems did you imagine it? It&#039;s not a problem. We like to give you an offer to the expected ideas. Find us confidence on the phone +36 30 539 1179 number, or the <\/strong><a href=\"mailto:info@brillancy.hu\"><strong>info@brillancy.hu<\/strong><\/a><strong> e-mail address.<\/strong><\/p>\n<p>The ring is white pebble version of the model can be viewed in the showroom.<\/p>","protected":false},"excerpt":{"rendered":"<p><strong>Swing Brill gy\u0171r\u0171: Cs\u00e1b\u00edt\u00f3an Titokzatos 14 kar\u00e1tos feh\u00e9rarany eljegyz\u00e9si gy\u0171r\u0171. Kedvez\u0151 \u00e1r, \u00f6r\u00f6k \u00e9let garancia. V\u00e1logass a Brillancy Magyar K\u00e9zm\u0171ves \u00c9kszermanufakt\u00fara k\u00edn\u00e1lat\u00e1b\u00f3l!<\/strong><\/p>","protected":false},"featured_media":11946,"comment_status":"closed","ping_status":"closed","template":"","meta":[],"product_brand":[],"product_cat":[35,17,133,22,32],"product_tag":[],"class_list":{"0":"post-6067","1":"product","2":"type-product","3":"status-publish","4":"has-post-thumbnail","6":"product_cat-egykoves","7":"product_cat-eljegyzesi-gyuruk","8":"product_cat-fekete-gyemant","9":"product_cat-kerek","10":"product_cat-modern","12":"first","13":"instock","14":"purchasable","15":"product-type-simple"},"yoast_head":"<!-- This site is optimized with the Yoast SEO Premium plugin v27.0 (Yoast SEO v27.0) - https:\/\/yoast.com\/product\/yoast-seo-premium-wordpress\/ -->\n<title>Swing Brill gy\u0171r\u0171 - Brillancy<\/title>\n<meta name=\"description\" content=\"Swing Brill gy\u0171r\u0171 - Tervez\u0151 aj\u00e1nl\u00e1sa: Swing: Figyelemfelkelt\u0151, a megszokott\u00f3l mer\u0151ben elt\u00e9r\u0151 darabot fedezhet\u00fcnk fel ebben a feh...\" \/>\n<meta name=\"robots\" content=\"index, follow, max-snippet:-1, max-image-preview:large, max-video-preview:-1\" \/>\n<link rel=\"canonical\" href=\"https:\/\/brillancy.hu\/en\/product\/swing-brill-gyuru\/\" \/>\n<meta property=\"og:locale\" content=\"en_GB\" \/>\n<meta property=\"og:type\" content=\"article\" \/>\n<meta property=\"og:title\" content=\"Swing Brill gy\u0171r\u0171\" \/>\n<meta property=\"og:description\" content=\"Swing Brill gy\u0171r\u0171 - Tervez\u0151 aj\u00e1nl\u00e1sa: Swing: Figyelemfelkelt\u0151, a megszokott\u00f3l mer\u0151ben elt\u00e9r\u0151 darabot fedezhet\u00fcnk fel ebben a feh...\" \/>\n<meta property=\"og:url\" content=\"https:\/\/brillancy.hu\/en\/product\/swing-brill-gyuru\/\" \/>\n<meta property=\"og:site_name\" content=\"Brillancy\" \/>\n<meta property=\"article:modified_time\" content=\"2025-10-17T09:56:17+00:00\" \/>\n<meta property=\"og:image\" content=\"https:\/\/brillancy.hu\/wp-content\/uploads\/2025\/01\/20250928_1837_Elegant-Ring-Design_remix_01k68jy0pjf21bkw191qqc1de7.png\" \/>\n\t<meta property=\"og:image:width\" content=\"1024\" \/>\n\t<meta property=\"og:image:height\" content=\"1024\" \/>\n\t<meta property=\"og:image:type\" content=\"image\/png\" \/>\n<meta name=\"twitter:card\" content=\"summary_large_image\" \/>\n<meta name=\"twitter:label1\" content=\"Estimated reading time\" \/>\n\t<meta name=\"twitter:data1\" content=\"2 minutes\" \/>\n<script type=\"application\/ld+json\" class=\"yoast-schema-graph\">{\"@context\":\"https:\/\/schema.org\",\"@graph\":[{\"@type\":\"WebPage\",\"@id\":\"https:\/\/brillancy.hu\/product\/swing-brill-gyuru\/\",\"url\":\"https:\/\/brillancy.hu\/product\/swing-brill-gyuru\/\",\"name\":\"Swing Brill gy\u0171r\u0171 - Brillancy\",\"isPartOf\":{\"@id\":\"https:\/\/brillancy.hu\/#website\"},\"primaryImageOfPage\":{\"@id\":\"https:\/\/brillancy.hu\/product\/swing-brill-gyuru\/#primaryimage\"},\"image\":{\"@id\":\"https:\/\/brillancy.hu\/product\/swing-brill-gyuru\/#primaryimage\"},\"thumbnailUrl\":\"https:\/\/brillancy.hu\/wp-content\/uploads\/2025\/01\/20250928_1837_Elegant-Ring-Design_remix_01k68jy0pjf21bkw191qqc1de7.png\",\"datePublished\":\"2025-01-31T17:18:45+00:00\",\"dateModified\":\"2025-10-17T09:56:17+00:00\",\"description\":\"Swing Brill gy\u0171r\u0171 - Tervez\u0151 aj\u00e1nl\u00e1sa: Swing: Figyelemfelkelt\u0151, a megszokott\u00f3l mer\u0151ben elt\u00e9r\u0151 darabot fedezhet\u00fcnk fel ebben a feh...\",\"breadcrumb\":{\"@id\":\"https:\/\/brillancy.hu\/product\/swing-brill-gyuru\/#breadcrumb\"},\"inLanguage\":\"en-GB\",\"potentialAction\":[{\"@type\":\"ReadAction\",\"target\":[\"https:\/\/brillancy.hu\/product\/swing-brill-gyuru\/\"]}]},{\"@type\":\"ImageObject\",\"inLanguage\":\"en-GB\",\"@id\":\"https:\/\/brillancy.hu\/product\/swing-brill-gyuru\/#primaryimage\",\"url\":\"https:\/\/brillancy.hu\/wp-content\/uploads\/2025\/01\/20250928_1837_Elegant-Ring-Design_remix_01k68jy0pjf21bkw191qqc1de7.png\",\"contentUrl\":\"https:\/\/brillancy.hu\/wp-content\/uploads\/2025\/01\/20250928_1837_Elegant-Ring-Design_remix_01k68jy0pjf21bkw191qqc1de7.png\",\"width\":1024,\"height\":1024,\"caption\":\"Swing Brill gy\u0171r\u0171\"},{\"@type\":\"BreadcrumbList\",\"@id\":\"https:\/\/brillancy.hu\/product\/swing-brill-gyuru\/#breadcrumb\",\"itemListElement\":[{\"@type\":\"ListItem\",\"position\":1,\"name\":\"Home\",\"item\":\"https:\/\/brillancy.hu\/\"},{\"@type\":\"ListItem\",\"position\":2,\"name\":\"Term\u00e9kek\",\"item\":\"https:\/\/brillancy.hu\/termekek\/\"},{\"@type\":\"ListItem\",\"position\":3,\"name\":\"Swing Brill gy\u0171r\u0171\"}]},{\"@type\":\"WebSite\",\"@id\":\"https:\/\/brillancy.hu\/#website\",\"url\":\"https:\/\/brillancy.hu\/\",\"name\":\"Brillancy\",\"description\":\"\",\"potentialAction\":[{\"@type\":\"SearchAction\",\"target\":{\"@type\":\"EntryPoint\",\"urlTemplate\":\"https:\/\/brillancy.hu\/?s={search_term_string}\"},\"query-input\":{\"@type\":\"PropertyValueSpecification\",\"valueRequired\":true,\"valueName\":\"search_term_string\"}}],\"inLanguage\":\"en-GB\"}]}<\/script>\n<!-- \/ Yoast SEO Premium plugin. -->","yoast_head_json":{"title":"Swing Brill gy\u0171r\u0171 - Brillancy","description":"Swing Brill gy\u0171r\u0171 - Tervez\u0151 aj\u00e1nl\u00e1sa: Swing: Figyelemfelkelt\u0151, a megszokott\u00f3l mer\u0151ben elt\u00e9r\u0151 darabot fedezhet\u00fcnk fel ebben a feh...","robots":{"index":"index","follow":"follow","max-snippet":"max-snippet:-1","max-image-preview":"max-image-preview:large","max-video-preview":"max-video-preview:-1"},"canonical":"https:\/\/brillancy.hu\/en\/product\/swing-brill-gyuru\/","og_locale":"en_GB","og_type":"article","og_title":"Swing Brill gy\u0171r\u0171","og_description":"Swing Brill gy\u0171r\u0171 - Tervez\u0151 aj\u00e1nl\u00e1sa: Swing: Figyelemfelkelt\u0151, a megszokott\u00f3l mer\u0151ben elt\u00e9r\u0151 darabot fedezhet\u00fcnk fel ebben a feh...","og_url":"https:\/\/brillancy.hu\/en\/product\/swing-brill-gyuru\/","og_site_name":"Brillancy","article_modified_time":"2025-10-17T09:56:17+00:00","og_image":[{"width":1024,"height":1024,"url":"https:\/\/brillancy.hu\/wp-content\/uploads\/2025\/01\/20250928_1837_Elegant-Ring-Design_remix_01k68jy0pjf21bkw191qqc1de7.png","type":"image\/png"}],"twitter_card":"summary_large_image","twitter_misc":{"Estimated reading time":"2 minutes"},"schema":{"@context":"https:\/\/schema.org","@graph":[{"@type":"WebPage","@id":"https:\/\/brillancy.hu\/product\/swing-brill-gyuru\/","url":"https:\/\/brillancy.hu\/product\/swing-brill-gyuru\/","name":"Swing Brill gy\u0171r\u0171 - Brillancy","isPartOf":{"@id":"https:\/\/brillancy.hu\/#website"},"primaryImageOfPage":{"@id":"https:\/\/brillancy.hu\/product\/swing-brill-gyuru\/#primaryimage"},"image":{"@id":"https:\/\/brillancy.hu\/product\/swing-brill-gyuru\/#primaryimage"},"thumbnailUrl":"https:\/\/brillancy.hu\/wp-content\/uploads\/2025\/01\/20250928_1837_Elegant-Ring-Design_remix_01k68jy0pjf21bkw191qqc1de7.png","datePublished":"2025-01-31T17:18:45+00:00","dateModified":"2025-10-17T09:56:17+00:00","description":"Swing Brill gy\u0171r\u0171 - Tervez\u0151 aj\u00e1nl\u00e1sa: Swing: Figyelemfelkelt\u0151, a megszokott\u00f3l mer\u0151ben elt\u00e9r\u0151 darabot fedezhet\u00fcnk fel ebben a feh...","breadcrumb":{"@id":"https:\/\/brillancy.hu\/product\/swing-brill-gyuru\/#breadcrumb"},"inLanguage":"en-GB","potentialAction":[{"@type":"ReadAction","target":["https:\/\/brillancy.hu\/product\/swing-brill-gyuru\/"]}]},{"@type":"ImageObject","inLanguage":"en-GB","@id":"https:\/\/brillancy.hu\/product\/swing-brill-gyuru\/#primaryimage","url":"https:\/\/brillancy.hu\/wp-content\/uploads\/2025\/01\/20250928_1837_Elegant-Ring-Design_remix_01k68jy0pjf21bkw191qqc1de7.png","contentUrl":"https:\/\/brillancy.hu\/wp-content\/uploads\/2025\/01\/20250928_1837_Elegant-Ring-Design_remix_01k68jy0pjf21bkw191qqc1de7.png","width":1024,"height":1024,"caption":"Swing Brill gy\u0171r\u0171"},{"@type":"BreadcrumbList","@id":"https:\/\/brillancy.hu\/product\/swing-brill-gyuru\/#breadcrumb","itemListElement":[{"@type":"ListItem","position":1,"name":"Home","item":"https:\/\/brillancy.hu\/"},{"@type":"ListItem","position":2,"name":"Term\u00e9kek","item":"https:\/\/brillancy.hu\/termekek\/"},{"@type":"ListItem","position":3,"name":"Swing Brill gy\u0171r\u0171"}]},{"@type":"WebSite","@id":"https:\/\/brillancy.hu\/#website","url":"https:\/\/brillancy.hu\/","name":"Brillancy","description":"","potentialAction":[{"@type":"SearchAction","target":{"@type":"EntryPoint","urlTemplate":"https:\/\/brillancy.hu\/?s={search_term_string}"},"query-input":{"@type":"PropertyValueSpecification","valueRequired":true,"valueName":"search_term_string"}}],"inLanguage":"en-GB"}]}},"_links":{"self":[{"href":"https:\/\/brillancy.hu\/en\/wp-json\/wp\/v2\/product\/6067","targetHints":{"allow":["GET"]}}],"collection":[{"href":"https:\/\/brillancy.hu\/en\/wp-json\/wp\/v2\/product"}],"about":[{"href":"https:\/\/brillancy.hu\/en\/wp-json\/wp\/v2\/types\/product"}],"replies":[{"embeddable":true,"href":"https:\/\/brillancy.hu\/en\/wp-json\/wp\/v2\/comments?post=6067"}],"wp:featuredmedia":[{"embeddable":true,"href":"https:\/\/brillancy.hu\/en\/wp-json\/wp\/v2\/media\/11946"}],"wp:attachment":[{"href":"https:\/\/brillancy.hu\/en\/wp-json\/wp\/v2\/media?parent=6067"}],"wp:term":[{"taxonomy":"product_brand","embeddable":true,"href":"https:\/\/brillancy.hu\/en\/wp-json\/wp\/v2\/product_brand?post=6067"},{"taxonomy":"product_cat","embeddable":true,"href":"https:\/\/brillancy.hu\/en\/wp-json\/wp\/v2\/product_cat?post=6067"},{"taxonomy":"product_tag","embeddable":true,"href":"https:\/\/brillancy.hu\/en\/wp-json\/wp\/v2\/product_tag?post=6067"}],"curies":[{"name":"wp","href":"https:\/\/api.w.org\/{rel}","templated":true}]}}