{"id":6065,"date":"2025-01-31T18:18:45","date_gmt":"2025-01-31T17:18:45","guid":{"rendered":"https:\/\/brillancy.hu\/?post_type=product&#038;p=6065"},"modified":"2025-10-17T10:56:17","modified_gmt":"2025-10-17T09:56:17","slug":"bordeaux-rubin-gyuru","status":"publish","type":"product","link":"https:\/\/brillancy.hu\/en\/product\/bordeaux-rubin-gyuru\/","title":{"rendered":"Bordeaux rubin gy\u0171r\u0171"},"content":{"rendered":"<p><strong>Bordeaux rubin gy\u0171r\u0171<\/strong><\/p>\n<p>Character appearance it&#039;s not every day piece can admire this<strong> 14 karat gold engagement ring<\/strong>ben. <strong>Really unique shape deservedly the most popular guy in our one of.<\/strong> A gy\u0171r\u0171s\u00edn oldalt kett\u00e9 ny\u00edlik, majd egy gy\u00f6ny\u00f6r\u0171, hat\u00e1rozott \u00edvvel k\u00f6z\u00e9pen kapcsol\u00f3dik a kiss\u00e9 cs\u00facsos kialak\u00edt\u00e1shoz. Ez a mer\u00e9sz, izgalmas formatervez\u00e9s kihangs\u00falyozza a n\u00e9gykarmos foglalatban elhelyezett<strong> 0,11 ct t\u00f6meg\u0171<\/strong><strong>, 3,1 mm \u00e1tm\u00e9r\u0151j\u0171, brili\u00e1ns csiszol\u00e1s\u00fa rubin sz\u00e9ps\u00e9g\u00e9t.<\/strong> Creating pay particular attention to the decorative outer side, and the lines gently to fit your finger, and thus comfortable to wear. Used to differ widely, spectacular jewellery that those women who would like to uniqueness to highlight.<\/p>\n<ul>\n<li><strong>Material:<\/strong> gold<\/li>\n<li><strong>Fineness<\/strong>: 585 thousandth, 14 carat<\/li>\n<li><strong>Gemstone<\/strong>: brilliant cut rubies<\/li>\n<\/ul>\n<p>&nbsp;<\/p>\n<p><strong>Eternal life guarantee:<\/strong>\u00a0the jewelry structure of the material errors and gems<\/p>\n<p><strong>Free renewal:<\/strong>\u00a0We take the we have prepared brill ring free scratch-free sales of and purification of five times (once a year) the purchase within five years.<\/p>\n<p><strong>Free size adjustment:\u00a0<\/strong>If you can't find the right size, we will adjust it for you free of charge.<\/p>\n<p><strong>Gift box:\u00a0<\/strong>We will give you a gift box with the ring, which you can choose from several colors!<\/p>\n<p><strong>Pay scrap gold<\/strong>\u00a0S\u00e9r\u00fclt, megunt vagy sosem haszn\u00e1lt arany lapul otthon a szekr\u00e9ny m\u00e9ly\u00e9n? Hozd be hozz\u00e1nk \u00e9s besz\u00e1m\u00edtjuk a kiv\u00e1lasztott \u00e9kszer \u00e1r\u00e1ba.<\/p>\n<p><strong>Tetszik a Bordeaux rubin gy\u0171r\u0171, de m\u00e1s m\u00e9ret\u0171 gy\u00e9m\u00e1nttal, esetleg sz\u00ednes dr\u00e1gak\u0151vel k\u00e9pzelted el? N\u00e1lunk ez nem gond. Sz\u00edvesen adunk aj\u00e1nlatot a meg\u00e1lmodott \u00f6tleteidre. Keress minket bizalommal telefonon a +36 30 539 1179 sz\u00e1mon, vagy az <\/strong><a href=\"mailto:info@brillancy.hu\"><strong>info@brillancy.hu<\/strong><\/a><strong>\u00a0e-mail address.<\/strong><\/p>","protected":false},"excerpt":{"rendered":"<p><strong>Bordeaux<\/strong> <strong>Artistically Sensual 14 karat rose gold engagement ring. Affordable price, eternal life guarantee. Choose the Brillance of Hungarian Craft jewelry manufactory offering!<\/strong><\/p>","protected":false},"featured_media":11806,"comment_status":"closed","ping_status":"closed","template":"","meta":[],"product_brand":[],"product_cat":[35,17,22,34,44,31],"product_tag":[],"class_list":{"0":"post-6065","1":"product","2":"type-product","3":"status-publish","4":"has-post-thumbnail","6":"product_cat-egykoves","7":"product_cat-eljegyzesi-gyuruk","8":"product_cat-kerek","9":"product_cat-kreativ","10":"product_cat-rubin","11":"product_cat-termeszet-inspiralta","13":"first","14":"instock","15":"purchasable","16":"product-type-simple"},"yoast_head":"<!-- This site is optimized with the Yoast SEO Premium plugin v27.0 (Yoast SEO v27.0) - https:\/\/yoast.com\/product\/yoast-seo-premium-wordpress\/ -->\n<title>Bordeaux rubin gy\u0171r\u0171 - Brillancy<\/title>\n<meta name=\"description\" content=\"Bordeaux rubin gy\u0171r\u0171: Karakteres megjelen\u00e9s\u00e9vel nem mindennapi darabot csod\u00e1lhatunk ebben a 14 kar\u00e1tos arany eljegyz\u00e9si gy\u0171r\u0171ben.\" \/>\n<meta name=\"robots\" content=\"index, follow, max-snippet:-1, max-image-preview:large, max-video-preview:-1\" \/>\n<link rel=\"canonical\" href=\"https:\/\/brillancy.hu\/en\/product\/bordeaux-rubin-gyuru\/\" \/>\n<meta property=\"og:locale\" content=\"en_GB\" \/>\n<meta property=\"og:type\" content=\"article\" \/>\n<meta property=\"og:title\" content=\"Bordeaux rubin gy\u0171r\u0171\" \/>\n<meta property=\"og:description\" content=\"Bordeaux rubin gy\u0171r\u0171: Karakteres megjelen\u00e9s\u00e9vel nem mindennapi darabot csod\u00e1lhatunk ebben a 14 kar\u00e1tos arany eljegyz\u00e9si gy\u0171r\u0171ben.\" \/>\n<meta property=\"og:url\" content=\"https:\/\/brillancy.hu\/en\/product\/bordeaux-rubin-gyuru\/\" \/>\n<meta property=\"og:site_name\" content=\"Brillancy\" \/>\n<meta property=\"article:modified_time\" content=\"2025-10-17T09:56:17+00:00\" \/>\n<meta property=\"og:image\" content=\"https:\/\/brillancy.hu\/wp-content\/uploads\/2025\/09\/Bordeaux.jpg\" \/>\n\t<meta property=\"og:image:width\" content=\"1024\" \/>\n\t<meta property=\"og:image:height\" content=\"1024\" \/>\n\t<meta property=\"og:image:type\" content=\"image\/jpeg\" \/>\n<meta name=\"twitter:card\" content=\"summary_large_image\" \/>\n<meta name=\"twitter:label1\" content=\"Estimated reading time\" \/>\n\t<meta name=\"twitter:data1\" content=\"2 minutes\" \/>\n<script type=\"application\/ld+json\" class=\"yoast-schema-graph\">{\"@context\":\"https:\/\/schema.org\",\"@graph\":[{\"@type\":\"WebPage\",\"@id\":\"https:\/\/brillancy.hu\/product\/bordeaux-rubin-gyuru\/\",\"url\":\"https:\/\/brillancy.hu\/product\/bordeaux-rubin-gyuru\/\",\"name\":\"Bordeaux rubin gy\u0171r\u0171 - Brillancy\",\"isPartOf\":{\"@id\":\"https:\/\/brillancy.hu\/#website\"},\"primaryImageOfPage\":{\"@id\":\"https:\/\/brillancy.hu\/product\/bordeaux-rubin-gyuru\/#primaryimage\"},\"image\":{\"@id\":\"https:\/\/brillancy.hu\/product\/bordeaux-rubin-gyuru\/#primaryimage\"},\"thumbnailUrl\":\"https:\/\/brillancy.hu\/wp-content\/uploads\/2025\/09\/Bordeaux.jpg\",\"datePublished\":\"2025-01-31T17:18:45+00:00\",\"dateModified\":\"2025-10-17T09:56:17+00:00\",\"description\":\"Bordeaux rubin gy\u0171r\u0171: Karakteres megjelen\u00e9s\u00e9vel nem mindennapi darabot csod\u00e1lhatunk ebben a 14 kar\u00e1tos arany eljegyz\u00e9si gy\u0171r\u0171ben.\",\"breadcrumb\":{\"@id\":\"https:\/\/brillancy.hu\/product\/bordeaux-rubin-gyuru\/#breadcrumb\"},\"inLanguage\":\"en-GB\",\"potentialAction\":[{\"@type\":\"ReadAction\",\"target\":[\"https:\/\/brillancy.hu\/product\/bordeaux-rubin-gyuru\/\"]}]},{\"@type\":\"ImageObject\",\"inLanguage\":\"en-GB\",\"@id\":\"https:\/\/brillancy.hu\/product\/bordeaux-rubin-gyuru\/#primaryimage\",\"url\":\"https:\/\/brillancy.hu\/wp-content\/uploads\/2025\/09\/Bordeaux.jpg\",\"contentUrl\":\"https:\/\/brillancy.hu\/wp-content\/uploads\/2025\/09\/Bordeaux.jpg\",\"width\":1024,\"height\":1024,\"caption\":\"Bordeaux rubin gy\u0171r\u0171\"},{\"@type\":\"BreadcrumbList\",\"@id\":\"https:\/\/brillancy.hu\/product\/bordeaux-rubin-gyuru\/#breadcrumb\",\"itemListElement\":[{\"@type\":\"ListItem\",\"position\":1,\"name\":\"Home\",\"item\":\"https:\/\/brillancy.hu\/\"},{\"@type\":\"ListItem\",\"position\":2,\"name\":\"Term\u00e9kek\",\"item\":\"https:\/\/brillancy.hu\/termekek\/\"},{\"@type\":\"ListItem\",\"position\":3,\"name\":\"Bordeaux rubin gy\u0171r\u0171\"}]},{\"@type\":\"WebSite\",\"@id\":\"https:\/\/brillancy.hu\/#website\",\"url\":\"https:\/\/brillancy.hu\/\",\"name\":\"Brillancy\",\"description\":\"\",\"potentialAction\":[{\"@type\":\"SearchAction\",\"target\":{\"@type\":\"EntryPoint\",\"urlTemplate\":\"https:\/\/brillancy.hu\/?s={search_term_string}\"},\"query-input\":{\"@type\":\"PropertyValueSpecification\",\"valueRequired\":true,\"valueName\":\"search_term_string\"}}],\"inLanguage\":\"en-GB\"}]}<\/script>\n<!-- \/ Yoast SEO Premium plugin. -->","yoast_head_json":{"title":"Bordeaux rubin gy\u0171r\u0171 - Brillancy","description":"Bordeaux rubin gy\u0171r\u0171: Karakteres megjelen\u00e9s\u00e9vel nem mindennapi darabot csod\u00e1lhatunk ebben a 14 kar\u00e1tos arany eljegyz\u00e9si gy\u0171r\u0171ben.","robots":{"index":"index","follow":"follow","max-snippet":"max-snippet:-1","max-image-preview":"max-image-preview:large","max-video-preview":"max-video-preview:-1"},"canonical":"https:\/\/brillancy.hu\/en\/product\/bordeaux-rubin-gyuru\/","og_locale":"en_GB","og_type":"article","og_title":"Bordeaux rubin gy\u0171r\u0171","og_description":"Bordeaux rubin gy\u0171r\u0171: Karakteres megjelen\u00e9s\u00e9vel nem mindennapi darabot csod\u00e1lhatunk ebben a 14 kar\u00e1tos arany eljegyz\u00e9si gy\u0171r\u0171ben.","og_url":"https:\/\/brillancy.hu\/en\/product\/bordeaux-rubin-gyuru\/","og_site_name":"Brillancy","article_modified_time":"2025-10-17T09:56:17+00:00","og_image":[{"width":1024,"height":1024,"url":"https:\/\/brillancy.hu\/wp-content\/uploads\/2025\/09\/Bordeaux.jpg","type":"image\/jpeg"}],"twitter_card":"summary_large_image","twitter_misc":{"Estimated reading time":"2 minutes"},"schema":{"@context":"https:\/\/schema.org","@graph":[{"@type":"WebPage","@id":"https:\/\/brillancy.hu\/product\/bordeaux-rubin-gyuru\/","url":"https:\/\/brillancy.hu\/product\/bordeaux-rubin-gyuru\/","name":"Bordeaux rubin gy\u0171r\u0171 - Brillancy","isPartOf":{"@id":"https:\/\/brillancy.hu\/#website"},"primaryImageOfPage":{"@id":"https:\/\/brillancy.hu\/product\/bordeaux-rubin-gyuru\/#primaryimage"},"image":{"@id":"https:\/\/brillancy.hu\/product\/bordeaux-rubin-gyuru\/#primaryimage"},"thumbnailUrl":"https:\/\/brillancy.hu\/wp-content\/uploads\/2025\/09\/Bordeaux.jpg","datePublished":"2025-01-31T17:18:45+00:00","dateModified":"2025-10-17T09:56:17+00:00","description":"Bordeaux rubin gy\u0171r\u0171: Karakteres megjelen\u00e9s\u00e9vel nem mindennapi darabot csod\u00e1lhatunk ebben a 14 kar\u00e1tos arany eljegyz\u00e9si gy\u0171r\u0171ben.","breadcrumb":{"@id":"https:\/\/brillancy.hu\/product\/bordeaux-rubin-gyuru\/#breadcrumb"},"inLanguage":"en-GB","potentialAction":[{"@type":"ReadAction","target":["https:\/\/brillancy.hu\/product\/bordeaux-rubin-gyuru\/"]}]},{"@type":"ImageObject","inLanguage":"en-GB","@id":"https:\/\/brillancy.hu\/product\/bordeaux-rubin-gyuru\/#primaryimage","url":"https:\/\/brillancy.hu\/wp-content\/uploads\/2025\/09\/Bordeaux.jpg","contentUrl":"https:\/\/brillancy.hu\/wp-content\/uploads\/2025\/09\/Bordeaux.jpg","width":1024,"height":1024,"caption":"Bordeaux rubin gy\u0171r\u0171"},{"@type":"BreadcrumbList","@id":"https:\/\/brillancy.hu\/product\/bordeaux-rubin-gyuru\/#breadcrumb","itemListElement":[{"@type":"ListItem","position":1,"name":"Home","item":"https:\/\/brillancy.hu\/"},{"@type":"ListItem","position":2,"name":"Term\u00e9kek","item":"https:\/\/brillancy.hu\/termekek\/"},{"@type":"ListItem","position":3,"name":"Bordeaux rubin gy\u0171r\u0171"}]},{"@type":"WebSite","@id":"https:\/\/brillancy.hu\/#website","url":"https:\/\/brillancy.hu\/","name":"Brillancy","description":"","potentialAction":[{"@type":"SearchAction","target":{"@type":"EntryPoint","urlTemplate":"https:\/\/brillancy.hu\/?s={search_term_string}"},"query-input":{"@type":"PropertyValueSpecification","valueRequired":true,"valueName":"search_term_string"}}],"inLanguage":"en-GB"}]}},"_links":{"self":[{"href":"https:\/\/brillancy.hu\/en\/wp-json\/wp\/v2\/product\/6065","targetHints":{"allow":["GET"]}}],"collection":[{"href":"https:\/\/brillancy.hu\/en\/wp-json\/wp\/v2\/product"}],"about":[{"href":"https:\/\/brillancy.hu\/en\/wp-json\/wp\/v2\/types\/product"}],"replies":[{"embeddable":true,"href":"https:\/\/brillancy.hu\/en\/wp-json\/wp\/v2\/comments?post=6065"}],"wp:featuredmedia":[{"embeddable":true,"href":"https:\/\/brillancy.hu\/en\/wp-json\/wp\/v2\/media\/11806"}],"wp:attachment":[{"href":"https:\/\/brillancy.hu\/en\/wp-json\/wp\/v2\/media?parent=6065"}],"wp:term":[{"taxonomy":"product_brand","embeddable":true,"href":"https:\/\/brillancy.hu\/en\/wp-json\/wp\/v2\/product_brand?post=6065"},{"taxonomy":"product_cat","embeddable":true,"href":"https:\/\/brillancy.hu\/en\/wp-json\/wp\/v2\/product_cat?post=6065"},{"taxonomy":"product_tag","embeddable":true,"href":"https:\/\/brillancy.hu\/en\/wp-json\/wp\/v2\/product_tag?post=6065"}],"curies":[{"name":"wp","href":"https:\/\/api.w.org\/{rel}","templated":true}]}}