{"id":6046,"date":"2025-01-31T18:18:44","date_gmt":"2025-01-31T17:18:44","guid":{"rendered":"https:\/\/brillancy.hu\/?post_type=product&#038;p=6046"},"modified":"2025-10-17T10:56:17","modified_gmt":"2025-10-17T09:56:17","slug":"skyfall-brill-gyuru","status":"publish","type":"product","link":"https:\/\/brillancy.hu\/en\/product\/skyfall-brill-gyuru\/","title":{"rendered":"Skyfall Brill ring"},"content":{"rendered":"<p><strong>Skyfall Brill ring<\/strong><\/p>\n<p>Character appearance it&#039;s not every day piece can admire this <strong>14 karat white gold<\/strong> diamond ring in. <strong>Really unique shape deservedly the most popular guy in our one of.<\/strong> The gy\u0171r\u0171s\u00edn side split open, and a beautiful, strong arc in the middle is related to the slightly pointy design. <strong>This bold, exciting design accentuate the four-claw socket placed 0,11 ct weight<\/strong><strong>, 3,1 mm in diameter, with brilliant cut white natural diamond beauty.<\/strong> Creating pay particular attention to the decorative outer side, and the lines gently to fit your finger, and thus comfortable to wear. Used to differ widely, spectacular jewellery that those women who would like to uniqueness to highlight.<\/p>\n<ul>\n<li><strong>Material:<\/strong> gold<\/li>\n<li><strong>Fineness<\/strong>: 585 thousandth, 14 carat<\/li>\n<li><strong>Gemstone<\/strong>: brilliant cut natural diamonds<\/li>\n<li><strong>Eternal life guarantee:<\/strong>\u00a0material errors and gems<\/li>\n<\/ul>\n<p><strong>Free renewal:<\/strong>\u00a0We undertake the engagement jeweled ring free scratch-free sales to five times the purchase within five years!<\/p>\n<p><strong>The ring gift box is optional, and required free size adjust.<\/strong><\/p>\n<p><strong>Pay scrap gold<\/strong>\u00a0Damaged, old, or never used gold hiding at home in the cupboards? Bring it in to us and discounts are factored in for the selected engagement jeweled ring price.<\/p>\n<p><strong>Like the jewelry, but different quality diamonds, or colorful gems did you imagine it? It&#039;s not a problem. We like to give you an offer to the expected ideas. Find us confidence on the phone +36 30 539 1179 number, or the <\/strong><a href=\"mailto:info@brillancy.hu\"><strong>info@brillancy.hu<\/strong><\/a><strong> e-mail address.<\/strong><\/p>","protected":false},"excerpt":{"rendered":"<p><strong>Skyfall Tempting Mysterious 14-karat white gold engagement ring. Affordable price, eternal life guarantee. Choose the Brillance of Hungarian Craft jewelry manufactory offering!<\/strong><\/p>","protected":false},"featured_media":11322,"comment_status":"closed","ping_status":"closed","template":"","meta":[],"product_brand":[],"product_cat":[35,17,39,22,34],"product_tag":[],"class_list":{"0":"post-6046","1":"product","2":"type-product","3":"status-publish","4":"has-post-thumbnail","6":"product_cat-egykoves","7":"product_cat-eljegyzesi-gyuruk","8":"product_cat-gyemant","9":"product_cat-kerek","10":"product_cat-kreativ","12":"first","13":"instock","14":"purchasable","15":"product-type-simple"},"yoast_head":"<!-- This site is optimized with the Yoast SEO Premium plugin v27.0 (Yoast SEO v27.4) - https:\/\/yoast.com\/product\/yoast-seo-premium-wordpress\/ -->\n<title>Skyfall Brill gy\u0171r\u0171 - Brillancy<\/title>\n<meta name=\"description\" content=\"Skyfall Brill gy\u0171r\u0171 - Tervez\u0151 aj\u00e1nl\u00e1sa: Skyfall: Karakteres megjelen\u00e9s\u00e9vel nem mindennapi darabot csod\u00e1lhatunk ebben a 14 kar\u00e1tos ...\" \/>\n<meta name=\"robots\" content=\"index, follow, max-snippet:-1, max-image-preview:large, max-video-preview:-1\" \/>\n<link rel=\"canonical\" href=\"https:\/\/brillancy.hu\/en\/product\/skyfall-brill-gyuru\/\" \/>\n<meta property=\"og:locale\" content=\"en_GB\" \/>\n<meta property=\"og:type\" content=\"article\" \/>\n<meta property=\"og:title\" content=\"Skyfall Brill gy\u0171r\u0171\" \/>\n<meta property=\"og:description\" content=\"Skyfall Brill gy\u0171r\u0171 - Tervez\u0151 aj\u00e1nl\u00e1sa: Skyfall: Karakteres megjelen\u00e9s\u00e9vel nem mindennapi darabot csod\u00e1lhatunk ebben a 14 kar\u00e1tos ...\" \/>\n<meta property=\"og:url\" content=\"https:\/\/brillancy.hu\/en\/product\/skyfall-brill-gyuru\/\" \/>\n<meta property=\"og:site_name\" content=\"Brillancy\" \/>\n<meta property=\"article:modified_time\" content=\"2025-10-17T09:56:17+00:00\" \/>\n<meta property=\"og:image\" content=\"https:\/\/brillancy.hu\/wp-content\/uploads\/2025\/01\/20250718_1509_Brilliant-Diamond-Ring_remix_01k0etc2brfa68mz9sgxt5wt8c.png\" \/>\n\t<meta property=\"og:image:width\" content=\"1024\" \/>\n\t<meta property=\"og:image:height\" content=\"1024\" \/>\n\t<meta property=\"og:image:type\" content=\"image\/png\" \/>\n<meta name=\"twitter:card\" content=\"summary_large_image\" \/>\n<meta name=\"twitter:label1\" content=\"Estimated reading time\" \/>\n\t<meta name=\"twitter:data1\" content=\"2 minutes\" \/>\n<script type=\"application\/ld+json\" class=\"yoast-schema-graph\">{\"@context\":\"https:\\\/\\\/schema.org\",\"@graph\":[{\"@type\":\"WebPage\",\"@id\":\"https:\\\/\\\/brillancy.hu\\\/product\\\/skyfall-brill-gyuru\\\/\",\"url\":\"https:\\\/\\\/brillancy.hu\\\/product\\\/skyfall-brill-gyuru\\\/\",\"name\":\"Skyfall Brill gy\u0171r\u0171 - Brillancy\",\"isPartOf\":{\"@id\":\"https:\\\/\\\/brillancy.hu\\\/#website\"},\"primaryImageOfPage\":{\"@id\":\"https:\\\/\\\/brillancy.hu\\\/product\\\/skyfall-brill-gyuru\\\/#primaryimage\"},\"image\":{\"@id\":\"https:\\\/\\\/brillancy.hu\\\/product\\\/skyfall-brill-gyuru\\\/#primaryimage\"},\"thumbnailUrl\":\"https:\\\/\\\/brillancy.hu\\\/wp-content\\\/uploads\\\/2025\\\/01\\\/20250718_1509_Brilliant-Diamond-Ring_remix_01k0etc2brfa68mz9sgxt5wt8c.png\",\"datePublished\":\"2025-01-31T17:18:44+00:00\",\"dateModified\":\"2025-10-17T09:56:17+00:00\",\"description\":\"Skyfall Brill gy\u0171r\u0171 - Tervez\u0151 aj\u00e1nl\u00e1sa: Skyfall: Karakteres megjelen\u00e9s\u00e9vel nem mindennapi darabot csod\u00e1lhatunk ebben a 14 kar\u00e1tos ...\",\"breadcrumb\":{\"@id\":\"https:\\\/\\\/brillancy.hu\\\/product\\\/skyfall-brill-gyuru\\\/#breadcrumb\"},\"inLanguage\":\"en-GB\",\"potentialAction\":[{\"@type\":\"ReadAction\",\"target\":[\"https:\\\/\\\/brillancy.hu\\\/product\\\/skyfall-brill-gyuru\\\/\"]}]},{\"@type\":\"ImageObject\",\"inLanguage\":\"en-GB\",\"@id\":\"https:\\\/\\\/brillancy.hu\\\/product\\\/skyfall-brill-gyuru\\\/#primaryimage\",\"url\":\"https:\\\/\\\/brillancy.hu\\\/wp-content\\\/uploads\\\/2025\\\/01\\\/20250718_1509_Brilliant-Diamond-Ring_remix_01k0etc2brfa68mz9sgxt5wt8c.png\",\"contentUrl\":\"https:\\\/\\\/brillancy.hu\\\/wp-content\\\/uploads\\\/2025\\\/01\\\/20250718_1509_Brilliant-Diamond-Ring_remix_01k0etc2brfa68mz9sgxt5wt8c.png\",\"width\":1024,\"height\":1024,\"caption\":\"Skyfall Brill gy\u0171r\u0171\"},{\"@type\":\"BreadcrumbList\",\"@id\":\"https:\\\/\\\/brillancy.hu\\\/product\\\/skyfall-brill-gyuru\\\/#breadcrumb\",\"itemListElement\":[{\"@type\":\"ListItem\",\"position\":1,\"name\":\"Home\",\"item\":\"https:\\\/\\\/brillancy.hu\\\/\"},{\"@type\":\"ListItem\",\"position\":2,\"name\":\"Term\u00e9kek\",\"item\":\"https:\\\/\\\/brillancy.hu\\\/termekek\\\/\"},{\"@type\":\"ListItem\",\"position\":3,\"name\":\"Skyfall Brill gy\u0171r\u0171\"}]},{\"@type\":\"WebSite\",\"@id\":\"https:\\\/\\\/brillancy.hu\\\/#website\",\"url\":\"https:\\\/\\\/brillancy.hu\\\/\",\"name\":\"Brillancy\",\"description\":\"\",\"potentialAction\":[{\"@type\":\"SearchAction\",\"target\":{\"@type\":\"EntryPoint\",\"urlTemplate\":\"https:\\\/\\\/brillancy.hu\\\/?s={search_term_string}\"},\"query-input\":{\"@type\":\"PropertyValueSpecification\",\"valueRequired\":true,\"valueName\":\"search_term_string\"}}],\"inLanguage\":\"en-GB\"}]}<\/script>\n<!-- \/ Yoast SEO Premium plugin. -->","yoast_head_json":{"title":"Skyfall Brill gy\u0171r\u0171 - Brillancy","description":"Skyfall Brill gy\u0171r\u0171 - Tervez\u0151 aj\u00e1nl\u00e1sa: Skyfall: Karakteres megjelen\u00e9s\u00e9vel nem mindennapi darabot csod\u00e1lhatunk ebben a 14 kar\u00e1tos ...","robots":{"index":"index","follow":"follow","max-snippet":"max-snippet:-1","max-image-preview":"max-image-preview:large","max-video-preview":"max-video-preview:-1"},"canonical":"https:\/\/brillancy.hu\/en\/product\/skyfall-brill-gyuru\/","og_locale":"en_GB","og_type":"article","og_title":"Skyfall Brill gy\u0171r\u0171","og_description":"Skyfall Brill gy\u0171r\u0171 - Tervez\u0151 aj\u00e1nl\u00e1sa: Skyfall: Karakteres megjelen\u00e9s\u00e9vel nem mindennapi darabot csod\u00e1lhatunk ebben a 14 kar\u00e1tos ...","og_url":"https:\/\/brillancy.hu\/en\/product\/skyfall-brill-gyuru\/","og_site_name":"Brillancy","article_modified_time":"2025-10-17T09:56:17+00:00","og_image":[{"width":1024,"height":1024,"url":"https:\/\/brillancy.hu\/wp-content\/uploads\/2025\/01\/20250718_1509_Brilliant-Diamond-Ring_remix_01k0etc2brfa68mz9sgxt5wt8c.png","type":"image\/png"}],"twitter_card":"summary_large_image","twitter_misc":{"Estimated reading time":"2 minutes"},"schema":{"@context":"https:\/\/schema.org","@graph":[{"@type":"WebPage","@id":"https:\/\/brillancy.hu\/product\/skyfall-brill-gyuru\/","url":"https:\/\/brillancy.hu\/product\/skyfall-brill-gyuru\/","name":"Skyfall Brill gy\u0171r\u0171 - Brillancy","isPartOf":{"@id":"https:\/\/brillancy.hu\/#website"},"primaryImageOfPage":{"@id":"https:\/\/brillancy.hu\/product\/skyfall-brill-gyuru\/#primaryimage"},"image":{"@id":"https:\/\/brillancy.hu\/product\/skyfall-brill-gyuru\/#primaryimage"},"thumbnailUrl":"https:\/\/brillancy.hu\/wp-content\/uploads\/2025\/01\/20250718_1509_Brilliant-Diamond-Ring_remix_01k0etc2brfa68mz9sgxt5wt8c.png","datePublished":"2025-01-31T17:18:44+00:00","dateModified":"2025-10-17T09:56:17+00:00","description":"Skyfall Brill gy\u0171r\u0171 - Tervez\u0151 aj\u00e1nl\u00e1sa: Skyfall: Karakteres megjelen\u00e9s\u00e9vel nem mindennapi darabot csod\u00e1lhatunk ebben a 14 kar\u00e1tos ...","breadcrumb":{"@id":"https:\/\/brillancy.hu\/product\/skyfall-brill-gyuru\/#breadcrumb"},"inLanguage":"en-GB","potentialAction":[{"@type":"ReadAction","target":["https:\/\/brillancy.hu\/product\/skyfall-brill-gyuru\/"]}]},{"@type":"ImageObject","inLanguage":"en-GB","@id":"https:\/\/brillancy.hu\/product\/skyfall-brill-gyuru\/#primaryimage","url":"https:\/\/brillancy.hu\/wp-content\/uploads\/2025\/01\/20250718_1509_Brilliant-Diamond-Ring_remix_01k0etc2brfa68mz9sgxt5wt8c.png","contentUrl":"https:\/\/brillancy.hu\/wp-content\/uploads\/2025\/01\/20250718_1509_Brilliant-Diamond-Ring_remix_01k0etc2brfa68mz9sgxt5wt8c.png","width":1024,"height":1024,"caption":"Skyfall Brill gy\u0171r\u0171"},{"@type":"BreadcrumbList","@id":"https:\/\/brillancy.hu\/product\/skyfall-brill-gyuru\/#breadcrumb","itemListElement":[{"@type":"ListItem","position":1,"name":"Home","item":"https:\/\/brillancy.hu\/"},{"@type":"ListItem","position":2,"name":"Term\u00e9kek","item":"https:\/\/brillancy.hu\/termekek\/"},{"@type":"ListItem","position":3,"name":"Skyfall Brill gy\u0171r\u0171"}]},{"@type":"WebSite","@id":"https:\/\/brillancy.hu\/#website","url":"https:\/\/brillancy.hu\/","name":"Brillancy","description":"","potentialAction":[{"@type":"SearchAction","target":{"@type":"EntryPoint","urlTemplate":"https:\/\/brillancy.hu\/?s={search_term_string}"},"query-input":{"@type":"PropertyValueSpecification","valueRequired":true,"valueName":"search_term_string"}}],"inLanguage":"en-GB"}]}},"_links":{"self":[{"href":"https:\/\/brillancy.hu\/en\/wp-json\/wp\/v2\/product\/6046","targetHints":{"allow":["GET"]}}],"collection":[{"href":"https:\/\/brillancy.hu\/en\/wp-json\/wp\/v2\/product"}],"about":[{"href":"https:\/\/brillancy.hu\/en\/wp-json\/wp\/v2\/types\/product"}],"replies":[{"embeddable":true,"href":"https:\/\/brillancy.hu\/en\/wp-json\/wp\/v2\/comments?post=6046"}],"wp:featuredmedia":[{"embeddable":true,"href":"https:\/\/brillancy.hu\/en\/wp-json\/wp\/v2\/media\/11322"}],"wp:attachment":[{"href":"https:\/\/brillancy.hu\/en\/wp-json\/wp\/v2\/media?parent=6046"}],"wp:term":[{"taxonomy":"product_brand","embeddable":true,"href":"https:\/\/brillancy.hu\/en\/wp-json\/wp\/v2\/product_brand?post=6046"},{"taxonomy":"product_cat","embeddable":true,"href":"https:\/\/brillancy.hu\/en\/wp-json\/wp\/v2\/product_cat?post=6046"},{"taxonomy":"product_tag","embeddable":true,"href":"https:\/\/brillancy.hu\/en\/wp-json\/wp\/v2\/product_tag?post=6046"}],"curies":[{"name":"wp","href":"https:\/\/api.w.org\/{rel}","templated":true}]}}