{"id":6044,"date":"2025-01-31T18:18:44","date_gmt":"2025-01-31T17:18:44","guid":{"rendered":"https:\/\/brillancy.hu\/?post_type=product&#038;p=6044"},"modified":"2025-11-10T14:56:09","modified_gmt":"2025-11-10T13:56:09","slug":"cymone-brill-gyuru","status":"publish","type":"product","link":"https:\/\/brillancy.hu\/en\/product\/cymone-brill-gyuru\/","title":{"rendered":"Cyma would Brill ring"},"content":{"rendered":"<p><strong>Cyma would Brill ring<\/strong><\/p>\n<p>Mystical appearance and exciting line of has become a popular model is our enemy this is the beautiful <strong>14 karat white gold brill ring<\/strong>.<strong> Precise, beautiful hand job characteristics. Special, as the gy\u0171r\u0171s\u00edn split up, and indaszer\u0171 lines in the middle running into each other and around the 0,08 ct-os, 2.8 mm in diameter brilliant cut, white sparkly natural diamonds.<\/strong> Rugged design, at the same time, charming, waving sheets of delicate, feminine pieces and a little wider fingers, too. We offer every woman a spectacular, decorative form world of and at the same time comfortable jewelry you want that little mystery taking in all of our lives.<\/p>\n<ul>\n<li><strong>Material:<\/strong> gold<\/li>\n<li><strong>Fineness<\/strong>: 585 thousandth, 14 carat<\/li>\n<li><strong>Gemstone<\/strong>: brilliant cut natural diamonds<\/li>\n<li><strong>Eternal life guarantee:<\/strong>\u00a0material errors and gems<\/li>\n<\/ul>\n<p><strong>Free renewal:<\/strong>\u00a0We undertake the engagement jeweled ring free scratch-free sales of five times and one time the jewel complete renovation of the purchase, within five years!<\/p>\n<p><strong>The ring gift box is optional, and required free size adjust.<\/strong><\/p>\n<p><strong>Pay scrap gold<\/strong>\u00a0Damaged, old, or never used gold hiding at home in the cupboards? Bring it in to us and discounts are factored in for the selected engagement jeweled ring price.<\/p>\n<p><strong>Like the jewelry, but different quality diamonds, or colorful gems did you imagine it? It&#039;s not a problem. We like to give you an offer to the expected ideas. Find us confidence on the phone +36 30 539 1179 number, or the <\/strong><a href=\"mailto:info@brillancy.hu\"><strong>info@brillancy.hu<\/strong><\/a><strong> e-mail address.<\/strong><\/p>\n<p>The sample was 2.8 mm in diameter with a rock can be viewed in the showroom. Demand can be asked 3 and 3.2 mm diameter, with diamonds too.<\/p>","protected":false},"excerpt":{"rendered":"<p>Cyma would Brill ring \u2013 Mysterious white gold diamond ring cyma would Brill ring handmade brill stone ring the real woman for him. Affordable price, eternal life guarantee.<\/p>","protected":false},"featured_media":11640,"comment_status":"closed","ping_status":"closed","template":"","meta":[],"product_brand":[],"product_cat":[19,35,17,39,22,56,31],"product_tag":[],"class_list":{"0":"post-6044","1":"product","2":"type-product","3":"status-publish","4":"has-post-thumbnail","6":"product_cat-design-ekszerek","7":"product_cat-egykoves","8":"product_cat-eljegyzesi-gyuruk","9":"product_cat-gyemant","10":"product_cat-kerek","11":"product_cat-rustic-design","12":"product_cat-termeszet-inspiralta","14":"first","15":"instock","16":"purchasable","17":"product-type-simple"},"yoast_head":"<!-- This site is optimized with the Yoast SEO Premium plugin v27.0 (Yoast SEO v27.0) - https:\/\/yoast.com\/product\/yoast-seo-premium-wordpress\/ -->\n<title>Cymone Brill gy\u0171r\u0171 - Brillancy<\/title>\n<meta name=\"description\" content=\"Cymone Brill gy\u0171r\u0171 - Titokzatos Feh\u00e9rarany gy\u00e9m\u00e1nt gy\u0171r\u0171 Cymone Brill gy\u0171r\u0171 k\u00e9zzel k\u00e9sz\u00fclt brill k\u00f6ves gy\u0171r\u0171 az igazi n\u0151 sz\u00e1m\u00e1ra.\" \/>\n<meta name=\"robots\" content=\"index, follow, max-snippet:-1, max-image-preview:large, max-video-preview:-1\" \/>\n<link rel=\"canonical\" href=\"https:\/\/brillancy.hu\/en\/product\/cymone-brill-gyuru\/\" \/>\n<meta property=\"og:locale\" content=\"en_GB\" \/>\n<meta property=\"og:type\" content=\"article\" \/>\n<meta property=\"og:title\" content=\"Cymone Brill gy\u0171r\u0171\" \/>\n<meta property=\"og:description\" content=\"Cymone Brill gy\u0171r\u0171 - Titokzatos Feh\u00e9rarany gy\u00e9m\u00e1nt gy\u0171r\u0171 Cymone Brill gy\u0171r\u0171 k\u00e9zzel k\u00e9sz\u00fclt brill k\u00f6ves gy\u0171r\u0171 az igazi n\u0151 sz\u00e1m\u00e1ra.\" \/>\n<meta property=\"og:url\" content=\"https:\/\/brillancy.hu\/en\/product\/cymone-brill-gyuru\/\" \/>\n<meta property=\"og:site_name\" content=\"Brillancy\" \/>\n<meta property=\"article:modified_time\" content=\"2025-11-10T13:56:09+00:00\" \/>\n<meta property=\"og:image\" content=\"https:\/\/brillancy.hu\/wp-content\/uploads\/2025\/01\/cymone1.png\" \/>\n\t<meta property=\"og:image:width\" content=\"1024\" \/>\n\t<meta property=\"og:image:height\" content=\"1024\" \/>\n\t<meta property=\"og:image:type\" content=\"image\/png\" \/>\n<meta name=\"twitter:card\" content=\"summary_large_image\" \/>\n<meta name=\"twitter:label1\" content=\"Estimated reading time\" \/>\n\t<meta name=\"twitter:data1\" content=\"2 minutes\" \/>\n<script type=\"application\/ld+json\" class=\"yoast-schema-graph\">{\"@context\":\"https:\/\/schema.org\",\"@graph\":[{\"@type\":\"WebPage\",\"@id\":\"https:\/\/brillancy.hu\/product\/cymone-brill-gyuru\/\",\"url\":\"https:\/\/brillancy.hu\/product\/cymone-brill-gyuru\/\",\"name\":\"Cymone Brill gy\u0171r\u0171 - Brillancy\",\"isPartOf\":{\"@id\":\"https:\/\/brillancy.hu\/#website\"},\"primaryImageOfPage\":{\"@id\":\"https:\/\/brillancy.hu\/product\/cymone-brill-gyuru\/#primaryimage\"},\"image\":{\"@id\":\"https:\/\/brillancy.hu\/product\/cymone-brill-gyuru\/#primaryimage\"},\"thumbnailUrl\":\"https:\/\/brillancy.hu\/wp-content\/uploads\/2025\/01\/cymone1.png\",\"datePublished\":\"2025-01-31T17:18:44+00:00\",\"dateModified\":\"2025-11-10T13:56:09+00:00\",\"description\":\"Cymone Brill gy\u0171r\u0171 - Titokzatos Feh\u00e9rarany gy\u00e9m\u00e1nt gy\u0171r\u0171 Cymone Brill gy\u0171r\u0171 k\u00e9zzel k\u00e9sz\u00fclt brill k\u00f6ves gy\u0171r\u0171 az igazi n\u0151 sz\u00e1m\u00e1ra.\",\"breadcrumb\":{\"@id\":\"https:\/\/brillancy.hu\/product\/cymone-brill-gyuru\/#breadcrumb\"},\"inLanguage\":\"en-GB\",\"potentialAction\":[{\"@type\":\"ReadAction\",\"target\":[\"https:\/\/brillancy.hu\/product\/cymone-brill-gyuru\/\"]}]},{\"@type\":\"ImageObject\",\"inLanguage\":\"en-GB\",\"@id\":\"https:\/\/brillancy.hu\/product\/cymone-brill-gyuru\/#primaryimage\",\"url\":\"https:\/\/brillancy.hu\/wp-content\/uploads\/2025\/01\/cymone1.png\",\"contentUrl\":\"https:\/\/brillancy.hu\/wp-content\/uploads\/2025\/01\/cymone1.png\",\"width\":1024,\"height\":1024,\"caption\":\"Cymone Brill gy\u0171r\u0171\"},{\"@type\":\"BreadcrumbList\",\"@id\":\"https:\/\/brillancy.hu\/product\/cymone-brill-gyuru\/#breadcrumb\",\"itemListElement\":[{\"@type\":\"ListItem\",\"position\":1,\"name\":\"Home\",\"item\":\"https:\/\/brillancy.hu\/\"},{\"@type\":\"ListItem\",\"position\":2,\"name\":\"Term\u00e9kek\",\"item\":\"https:\/\/brillancy.hu\/termekek\/\"},{\"@type\":\"ListItem\",\"position\":3,\"name\":\"Cymone Brill gy\u0171r\u0171\"}]},{\"@type\":\"WebSite\",\"@id\":\"https:\/\/brillancy.hu\/#website\",\"url\":\"https:\/\/brillancy.hu\/\",\"name\":\"Brillancy\",\"description\":\"\",\"potentialAction\":[{\"@type\":\"SearchAction\",\"target\":{\"@type\":\"EntryPoint\",\"urlTemplate\":\"https:\/\/brillancy.hu\/?s={search_term_string}\"},\"query-input\":{\"@type\":\"PropertyValueSpecification\",\"valueRequired\":true,\"valueName\":\"search_term_string\"}}],\"inLanguage\":\"en-GB\"}]}<\/script>\n<!-- \/ Yoast SEO Premium plugin. -->","yoast_head_json":{"title":"Cymone Brill gy\u0171r\u0171 - Brillancy","description":"Cymone Brill gy\u0171r\u0171 - Titokzatos Feh\u00e9rarany gy\u00e9m\u00e1nt gy\u0171r\u0171 Cymone Brill gy\u0171r\u0171 k\u00e9zzel k\u00e9sz\u00fclt brill k\u00f6ves gy\u0171r\u0171 az igazi n\u0151 sz\u00e1m\u00e1ra.","robots":{"index":"index","follow":"follow","max-snippet":"max-snippet:-1","max-image-preview":"max-image-preview:large","max-video-preview":"max-video-preview:-1"},"canonical":"https:\/\/brillancy.hu\/en\/product\/cymone-brill-gyuru\/","og_locale":"en_GB","og_type":"article","og_title":"Cymone Brill gy\u0171r\u0171","og_description":"Cymone Brill gy\u0171r\u0171 - Titokzatos Feh\u00e9rarany gy\u00e9m\u00e1nt gy\u0171r\u0171 Cymone Brill gy\u0171r\u0171 k\u00e9zzel k\u00e9sz\u00fclt brill k\u00f6ves gy\u0171r\u0171 az igazi n\u0151 sz\u00e1m\u00e1ra.","og_url":"https:\/\/brillancy.hu\/en\/product\/cymone-brill-gyuru\/","og_site_name":"Brillancy","article_modified_time":"2025-11-10T13:56:09+00:00","og_image":[{"width":1024,"height":1024,"url":"https:\/\/brillancy.hu\/wp-content\/uploads\/2025\/01\/cymone1.png","type":"image\/png"}],"twitter_card":"summary_large_image","twitter_misc":{"Estimated reading time":"2 minutes"},"schema":{"@context":"https:\/\/schema.org","@graph":[{"@type":"WebPage","@id":"https:\/\/brillancy.hu\/product\/cymone-brill-gyuru\/","url":"https:\/\/brillancy.hu\/product\/cymone-brill-gyuru\/","name":"Cymone Brill gy\u0171r\u0171 - Brillancy","isPartOf":{"@id":"https:\/\/brillancy.hu\/#website"},"primaryImageOfPage":{"@id":"https:\/\/brillancy.hu\/product\/cymone-brill-gyuru\/#primaryimage"},"image":{"@id":"https:\/\/brillancy.hu\/product\/cymone-brill-gyuru\/#primaryimage"},"thumbnailUrl":"https:\/\/brillancy.hu\/wp-content\/uploads\/2025\/01\/cymone1.png","datePublished":"2025-01-31T17:18:44+00:00","dateModified":"2025-11-10T13:56:09+00:00","description":"Cymone Brill gy\u0171r\u0171 - Titokzatos Feh\u00e9rarany gy\u00e9m\u00e1nt gy\u0171r\u0171 Cymone Brill gy\u0171r\u0171 k\u00e9zzel k\u00e9sz\u00fclt brill k\u00f6ves gy\u0171r\u0171 az igazi n\u0151 sz\u00e1m\u00e1ra.","breadcrumb":{"@id":"https:\/\/brillancy.hu\/product\/cymone-brill-gyuru\/#breadcrumb"},"inLanguage":"en-GB","potentialAction":[{"@type":"ReadAction","target":["https:\/\/brillancy.hu\/product\/cymone-brill-gyuru\/"]}]},{"@type":"ImageObject","inLanguage":"en-GB","@id":"https:\/\/brillancy.hu\/product\/cymone-brill-gyuru\/#primaryimage","url":"https:\/\/brillancy.hu\/wp-content\/uploads\/2025\/01\/cymone1.png","contentUrl":"https:\/\/brillancy.hu\/wp-content\/uploads\/2025\/01\/cymone1.png","width":1024,"height":1024,"caption":"Cymone Brill gy\u0171r\u0171"},{"@type":"BreadcrumbList","@id":"https:\/\/brillancy.hu\/product\/cymone-brill-gyuru\/#breadcrumb","itemListElement":[{"@type":"ListItem","position":1,"name":"Home","item":"https:\/\/brillancy.hu\/"},{"@type":"ListItem","position":2,"name":"Term\u00e9kek","item":"https:\/\/brillancy.hu\/termekek\/"},{"@type":"ListItem","position":3,"name":"Cymone Brill gy\u0171r\u0171"}]},{"@type":"WebSite","@id":"https:\/\/brillancy.hu\/#website","url":"https:\/\/brillancy.hu\/","name":"Brillancy","description":"","potentialAction":[{"@type":"SearchAction","target":{"@type":"EntryPoint","urlTemplate":"https:\/\/brillancy.hu\/?s={search_term_string}"},"query-input":{"@type":"PropertyValueSpecification","valueRequired":true,"valueName":"search_term_string"}}],"inLanguage":"en-GB"}]}},"_links":{"self":[{"href":"https:\/\/brillancy.hu\/en\/wp-json\/wp\/v2\/product\/6044","targetHints":{"allow":["GET"]}}],"collection":[{"href":"https:\/\/brillancy.hu\/en\/wp-json\/wp\/v2\/product"}],"about":[{"href":"https:\/\/brillancy.hu\/en\/wp-json\/wp\/v2\/types\/product"}],"replies":[{"embeddable":true,"href":"https:\/\/brillancy.hu\/en\/wp-json\/wp\/v2\/comments?post=6044"}],"wp:featuredmedia":[{"embeddable":true,"href":"https:\/\/brillancy.hu\/en\/wp-json\/wp\/v2\/media\/11640"}],"wp:attachment":[{"href":"https:\/\/brillancy.hu\/en\/wp-json\/wp\/v2\/media?parent=6044"}],"wp:term":[{"taxonomy":"product_brand","embeddable":true,"href":"https:\/\/brillancy.hu\/en\/wp-json\/wp\/v2\/product_brand?post=6044"},{"taxonomy":"product_cat","embeddable":true,"href":"https:\/\/brillancy.hu\/en\/wp-json\/wp\/v2\/product_cat?post=6044"},{"taxonomy":"product_tag","embeddable":true,"href":"https:\/\/brillancy.hu\/en\/wp-json\/wp\/v2\/product_tag?post=6044"}],"curies":[{"name":"wp","href":"https:\/\/api.w.org\/{rel}","templated":true}]}}