{"id":5995,"date":"2025-01-31T18:18:23","date_gmt":"2025-01-31T17:18:23","guid":{"rendered":"https:\/\/brillancy.hu\/?post_type=product&#038;p=5995"},"modified":"2025-10-17T10:56:18","modified_gmt":"2025-10-17T09:56:18","slug":"emerson-eljegyzesi-gyuru","status":"publish","type":"product","link":"https:\/\/brillancy.hu\/en\/product\/emerson-eljegyzesi-gyuru\/","title":{"rendered":"Emerson engagement ring"},"content":{"rendered":"<p><strong>Emerson engagement ring<\/strong><\/p>\n<p><strong>Designer&#039;s recommendation:<\/strong><\/p>\n<p>Amazing <strong>14 karat gold engagement ring, 9 pieces natural brilliant cut diamonds <\/strong>decked. The center diamond <strong>3 mm in diameter, with a mass of 0,10 ct<\/strong>directly next to total <strong>6 pieces of 1.5 mm in diameter, together 0,09 ct weight diamond<\/strong> shine. The two edge <strong>1-1 piece of 1.2 mm diameter small brill<\/strong> shiny. The 9 piece diamond band-light of the eye-popping spectacle. Really gorgeous gold engagement ring the Brillance of Hungarian Craft jewelry manufactory team!<\/p>\n<ul>\n<li><strong>Material:<\/strong> gold<\/li>\n<li><strong>Fineness:<\/strong> 585 thousandth, 14 carat<\/li>\n<li><strong>Gemstone:<\/strong> brilliant cut natural diamonds<\/li>\n<\/ul>\n<p><strong>Eternal life guarantee: <\/strong>material errors and gems<\/p>\n<p><strong>Free renewal: <\/strong>We undertake the engagement jeweled ring free scratch-free sales of five times and one time the jewel complete renovation of the purchase, within five years!<\/p>\n<p><strong>The ring gift box is optional, and required free size adjust.<\/strong><\/p>\n<p><strong>Pay scrap gold <\/strong>Damaged, old, or never used gold hiding at home in the cupboards? Bring it in to us and discounts are factored in for the selected engagement with jeweled gy\u0171r\u0171\u00e1r\u00e1ba.<\/p>\n<p><strong>I like the Emerson ring, but larger diamonds, or colorful gems did you imagine it? It&#039;s not a problem. We like to give you an offer to the expected ideas. Contact us with confidence by phone +36 30539 eur 1 179 number, or the <\/strong><a href=\"mailto:info@brillancy.hu\"><strong>info@brillancy.hu<\/strong><\/a><strong> e-mail address.<\/strong><\/p>","protected":false},"excerpt":{"rendered":"<p>Emerson&#039;s engagement ring \u2013 Fine line management with engagement ring Lovely Natural ladies. Emerson dazzling engagement rings affordable price, eternal life guarantee.<\/p>","protected":false},"featured_media":10647,"comment_status":"closed","ping_status":"closed","template":"","meta":[],"product_brand":[],"product_cat":[17,39,22,34,37],"product_tag":[],"class_list":{"0":"post-5995","1":"product","2":"type-product","3":"status-publish","4":"has-post-thumbnail","6":"product_cat-eljegyzesi-gyuruk","7":"product_cat-gyemant","8":"product_cat-kerek","9":"product_cat-kreativ","10":"product_cat-tobb-koves","12":"first","13":"instock","14":"purchasable","15":"product-type-simple"},"yoast_head":"<!-- This site is optimized with the Yoast SEO Premium plugin v27.0 (Yoast SEO v27.0) - https:\/\/yoast.com\/product\/yoast-seo-premium-wordpress\/ -->\n<title>Emerson eljegyz\u00e9si gy\u0171r\u0171 - Brillancy<\/title>\n<meta name=\"description\" content=\"Emerson eljegyz\u00e9si gy\u0171r\u0171 -Finom vonalvezet\u00e9s\u0171 eljegyz\u00e9si gy\u0171r\u0171 a B\u00e1josan Term\u00e9szetes h\u00f6lgyeknek. Emerson k\u00e1pr\u00e1zatos eljegyz\u00e9si gy\u0171r\u0171.\" \/>\n<meta name=\"robots\" content=\"index, follow, max-snippet:-1, max-image-preview:large, max-video-preview:-1\" \/>\n<link rel=\"canonical\" href=\"https:\/\/brillancy.hu\/en\/product\/emerson-eljegyzesi-gyuru\/\" \/>\n<meta property=\"og:locale\" content=\"en_GB\" \/>\n<meta property=\"og:type\" content=\"article\" \/>\n<meta property=\"og:title\" content=\"Emerson eljegyz\u00e9si gy\u0171r\u0171\" \/>\n<meta property=\"og:description\" content=\"Emerson eljegyz\u00e9si gy\u0171r\u0171 -Finom vonalvezet\u00e9s\u0171 eljegyz\u00e9si gy\u0171r\u0171 a B\u00e1josan Term\u00e9szetes h\u00f6lgyeknek. Emerson k\u00e1pr\u00e1zatos eljegyz\u00e9si gy\u0171r\u0171.\" \/>\n<meta property=\"og:url\" content=\"https:\/\/brillancy.hu\/en\/product\/emerson-eljegyzesi-gyuru\/\" \/>\n<meta property=\"og:site_name\" content=\"Brillancy\" \/>\n<meta property=\"article:modified_time\" content=\"2025-10-17T09:56:18+00:00\" \/>\n<meta property=\"og:image\" content=\"https:\/\/brillancy.hu\/wp-content\/uploads\/2025\/06\/20250616_1408_Elegant-Diamond-Ring_remix_01jxwa5n7dezksh3dq43j60yrz.png\" \/>\n\t<meta property=\"og:image:width\" content=\"1024\" \/>\n\t<meta property=\"og:image:height\" content=\"1024\" \/>\n\t<meta property=\"og:image:type\" content=\"image\/png\" \/>\n<meta name=\"twitter:card\" content=\"summary_large_image\" \/>\n<meta name=\"twitter:label1\" content=\"Estimated reading time\" \/>\n\t<meta name=\"twitter:data1\" content=\"3 minutes\" \/>\n<script type=\"application\/ld+json\" class=\"yoast-schema-graph\">{\"@context\":\"https:\/\/schema.org\",\"@graph\":[{\"@type\":\"WebPage\",\"@id\":\"https:\/\/brillancy.hu\/product\/emerson-eljegyzesi-gyuru\/\",\"url\":\"https:\/\/brillancy.hu\/product\/emerson-eljegyzesi-gyuru\/\",\"name\":\"Emerson eljegyz\u00e9si gy\u0171r\u0171 - Brillancy\",\"isPartOf\":{\"@id\":\"https:\/\/brillancy.hu\/#website\"},\"primaryImageOfPage\":{\"@id\":\"https:\/\/brillancy.hu\/product\/emerson-eljegyzesi-gyuru\/#primaryimage\"},\"image\":{\"@id\":\"https:\/\/brillancy.hu\/product\/emerson-eljegyzesi-gyuru\/#primaryimage\"},\"thumbnailUrl\":\"https:\/\/brillancy.hu\/wp-content\/uploads\/2025\/06\/20250616_1408_Elegant-Diamond-Ring_remix_01jxwa5n7dezksh3dq43j60yrz.png\",\"datePublished\":\"2025-01-31T17:18:23+00:00\",\"dateModified\":\"2025-10-17T09:56:18+00:00\",\"description\":\"Emerson eljegyz\u00e9si gy\u0171r\u0171 -Finom vonalvezet\u00e9s\u0171 eljegyz\u00e9si gy\u0171r\u0171 a B\u00e1josan Term\u00e9szetes h\u00f6lgyeknek. Emerson k\u00e1pr\u00e1zatos eljegyz\u00e9si gy\u0171r\u0171.\",\"breadcrumb\":{\"@id\":\"https:\/\/brillancy.hu\/product\/emerson-eljegyzesi-gyuru\/#breadcrumb\"},\"inLanguage\":\"en-GB\",\"potentialAction\":[{\"@type\":\"ReadAction\",\"target\":[\"https:\/\/brillancy.hu\/product\/emerson-eljegyzesi-gyuru\/\"]}]},{\"@type\":\"ImageObject\",\"inLanguage\":\"en-GB\",\"@id\":\"https:\/\/brillancy.hu\/product\/emerson-eljegyzesi-gyuru\/#primaryimage\",\"url\":\"https:\/\/brillancy.hu\/wp-content\/uploads\/2025\/06\/20250616_1408_Elegant-Diamond-Ring_remix_01jxwa5n7dezksh3dq43j60yrz.png\",\"contentUrl\":\"https:\/\/brillancy.hu\/wp-content\/uploads\/2025\/06\/20250616_1408_Elegant-Diamond-Ring_remix_01jxwa5n7dezksh3dq43j60yrz.png\",\"width\":1024,\"height\":1024,\"caption\":\"14 kar\u00e1tos arany eljegyz\u00e9si gy\u0171r\u0171 brili\u00e1ns csiszol\u00e1s\u00fa gy\u00e9m\u00e1ntokkal\"},{\"@type\":\"BreadcrumbList\",\"@id\":\"https:\/\/brillancy.hu\/product\/emerson-eljegyzesi-gyuru\/#breadcrumb\",\"itemListElement\":[{\"@type\":\"ListItem\",\"position\":1,\"name\":\"Home\",\"item\":\"https:\/\/brillancy.hu\/\"},{\"@type\":\"ListItem\",\"position\":2,\"name\":\"Term\u00e9kek\",\"item\":\"https:\/\/brillancy.hu\/termekek\/\"},{\"@type\":\"ListItem\",\"position\":3,\"name\":\"Emerson eljegyz\u00e9si gy\u0171r\u0171\"}]},{\"@type\":\"WebSite\",\"@id\":\"https:\/\/brillancy.hu\/#website\",\"url\":\"https:\/\/brillancy.hu\/\",\"name\":\"Brillancy\",\"description\":\"\",\"potentialAction\":[{\"@type\":\"SearchAction\",\"target\":{\"@type\":\"EntryPoint\",\"urlTemplate\":\"https:\/\/brillancy.hu\/?s={search_term_string}\"},\"query-input\":{\"@type\":\"PropertyValueSpecification\",\"valueRequired\":true,\"valueName\":\"search_term_string\"}}],\"inLanguage\":\"en-GB\"}]}<\/script>\n<!-- \/ Yoast SEO Premium plugin. -->","yoast_head_json":{"title":"Emerson eljegyz\u00e9si gy\u0171r\u0171 - Brillancy","description":"Emerson eljegyz\u00e9si gy\u0171r\u0171 -Finom vonalvezet\u00e9s\u0171 eljegyz\u00e9si gy\u0171r\u0171 a B\u00e1josan Term\u00e9szetes h\u00f6lgyeknek. Emerson k\u00e1pr\u00e1zatos eljegyz\u00e9si gy\u0171r\u0171.","robots":{"index":"index","follow":"follow","max-snippet":"max-snippet:-1","max-image-preview":"max-image-preview:large","max-video-preview":"max-video-preview:-1"},"canonical":"https:\/\/brillancy.hu\/en\/product\/emerson-eljegyzesi-gyuru\/","og_locale":"en_GB","og_type":"article","og_title":"Emerson eljegyz\u00e9si gy\u0171r\u0171","og_description":"Emerson eljegyz\u00e9si gy\u0171r\u0171 -Finom vonalvezet\u00e9s\u0171 eljegyz\u00e9si gy\u0171r\u0171 a B\u00e1josan Term\u00e9szetes h\u00f6lgyeknek. Emerson k\u00e1pr\u00e1zatos eljegyz\u00e9si gy\u0171r\u0171.","og_url":"https:\/\/brillancy.hu\/en\/product\/emerson-eljegyzesi-gyuru\/","og_site_name":"Brillancy","article_modified_time":"2025-10-17T09:56:18+00:00","og_image":[{"width":1024,"height":1024,"url":"https:\/\/brillancy.hu\/wp-content\/uploads\/2025\/06\/20250616_1408_Elegant-Diamond-Ring_remix_01jxwa5n7dezksh3dq43j60yrz.png","type":"image\/png"}],"twitter_card":"summary_large_image","twitter_misc":{"Estimated reading time":"3 minutes"},"schema":{"@context":"https:\/\/schema.org","@graph":[{"@type":"WebPage","@id":"https:\/\/brillancy.hu\/product\/emerson-eljegyzesi-gyuru\/","url":"https:\/\/brillancy.hu\/product\/emerson-eljegyzesi-gyuru\/","name":"Emerson eljegyz\u00e9si gy\u0171r\u0171 - Brillancy","isPartOf":{"@id":"https:\/\/brillancy.hu\/#website"},"primaryImageOfPage":{"@id":"https:\/\/brillancy.hu\/product\/emerson-eljegyzesi-gyuru\/#primaryimage"},"image":{"@id":"https:\/\/brillancy.hu\/product\/emerson-eljegyzesi-gyuru\/#primaryimage"},"thumbnailUrl":"https:\/\/brillancy.hu\/wp-content\/uploads\/2025\/06\/20250616_1408_Elegant-Diamond-Ring_remix_01jxwa5n7dezksh3dq43j60yrz.png","datePublished":"2025-01-31T17:18:23+00:00","dateModified":"2025-10-17T09:56:18+00:00","description":"Emerson eljegyz\u00e9si gy\u0171r\u0171 -Finom vonalvezet\u00e9s\u0171 eljegyz\u00e9si gy\u0171r\u0171 a B\u00e1josan Term\u00e9szetes h\u00f6lgyeknek. Emerson k\u00e1pr\u00e1zatos eljegyz\u00e9si gy\u0171r\u0171.","breadcrumb":{"@id":"https:\/\/brillancy.hu\/product\/emerson-eljegyzesi-gyuru\/#breadcrumb"},"inLanguage":"en-GB","potentialAction":[{"@type":"ReadAction","target":["https:\/\/brillancy.hu\/product\/emerson-eljegyzesi-gyuru\/"]}]},{"@type":"ImageObject","inLanguage":"en-GB","@id":"https:\/\/brillancy.hu\/product\/emerson-eljegyzesi-gyuru\/#primaryimage","url":"https:\/\/brillancy.hu\/wp-content\/uploads\/2025\/06\/20250616_1408_Elegant-Diamond-Ring_remix_01jxwa5n7dezksh3dq43j60yrz.png","contentUrl":"https:\/\/brillancy.hu\/wp-content\/uploads\/2025\/06\/20250616_1408_Elegant-Diamond-Ring_remix_01jxwa5n7dezksh3dq43j60yrz.png","width":1024,"height":1024,"caption":"14 kar\u00e1tos arany eljegyz\u00e9si gy\u0171r\u0171 brili\u00e1ns csiszol\u00e1s\u00fa gy\u00e9m\u00e1ntokkal"},{"@type":"BreadcrumbList","@id":"https:\/\/brillancy.hu\/product\/emerson-eljegyzesi-gyuru\/#breadcrumb","itemListElement":[{"@type":"ListItem","position":1,"name":"Home","item":"https:\/\/brillancy.hu\/"},{"@type":"ListItem","position":2,"name":"Term\u00e9kek","item":"https:\/\/brillancy.hu\/termekek\/"},{"@type":"ListItem","position":3,"name":"Emerson eljegyz\u00e9si gy\u0171r\u0171"}]},{"@type":"WebSite","@id":"https:\/\/brillancy.hu\/#website","url":"https:\/\/brillancy.hu\/","name":"Brillancy","description":"","potentialAction":[{"@type":"SearchAction","target":{"@type":"EntryPoint","urlTemplate":"https:\/\/brillancy.hu\/?s={search_term_string}"},"query-input":{"@type":"PropertyValueSpecification","valueRequired":true,"valueName":"search_term_string"}}],"inLanguage":"en-GB"}]}},"_links":{"self":[{"href":"https:\/\/brillancy.hu\/en\/wp-json\/wp\/v2\/product\/5995","targetHints":{"allow":["GET"]}}],"collection":[{"href":"https:\/\/brillancy.hu\/en\/wp-json\/wp\/v2\/product"}],"about":[{"href":"https:\/\/brillancy.hu\/en\/wp-json\/wp\/v2\/types\/product"}],"replies":[{"embeddable":true,"href":"https:\/\/brillancy.hu\/en\/wp-json\/wp\/v2\/comments?post=5995"}],"wp:featuredmedia":[{"embeddable":true,"href":"https:\/\/brillancy.hu\/en\/wp-json\/wp\/v2\/media\/10647"}],"wp:attachment":[{"href":"https:\/\/brillancy.hu\/en\/wp-json\/wp\/v2\/media?parent=5995"}],"wp:term":[{"taxonomy":"product_brand","embeddable":true,"href":"https:\/\/brillancy.hu\/en\/wp-json\/wp\/v2\/product_brand?post=5995"},{"taxonomy":"product_cat","embeddable":true,"href":"https:\/\/brillancy.hu\/en\/wp-json\/wp\/v2\/product_cat?post=5995"},{"taxonomy":"product_tag","embeddable":true,"href":"https:\/\/brillancy.hu\/en\/wp-json\/wp\/v2\/product_tag?post=5995"}],"curies":[{"name":"wp","href":"https:\/\/api.w.org\/{rel}","templated":true}]}}