{"id":5992,"date":"2025-01-31T18:18:23","date_gmt":"2025-01-31T17:18:23","guid":{"rendered":"https:\/\/brillancy.hu\/?post_type=product&#038;p=5992"},"modified":"2025-11-04T19:27:34","modified_gmt":"2025-11-04T18:27:34","slug":"americano-gyemant-gyuru","status":"publish","type":"product","link":"https:\/\/brillancy.hu\/en\/product\/americano-gyemant-gyuru\/","title":{"rendered":"Americano diamond ring"},"content":{"rendered":"<p><strong>Americano diamond ring<\/strong><\/p>\n<p><strong>Designer&#039;s recommendation:<\/strong><\/p>\n<p>Intertwined with the lines and fabulous shimmering with magic, this <strong>14-karat gold diamond ring.<\/strong> The glitter about the four-claw mount in place of <strong>0,17 ct-os, brilliant cut, natural diamonds<\/strong> take care. Rugged design ensures a stable, eternal life ring can be selected. Who is this diamond ring, gets sweetheart from, you&#039;ll never want to take it off.<\/p>\n<ul>\n<li><b>Material:<\/b>\u00a0gold<\/li>\n<li><b>Fineness<\/b><strong>:<\/strong> 585 thousandth, 14 carat<\/li>\n<li><b>Gemstone<\/b><strong>:<\/strong>\u00a0 brilliant cut diamond<\/li>\n<\/ul>\n<p>&nbsp;<\/p>\n<p><strong>Eternal life guarantee:<\/strong>\u00a0the jewelry structure of the material errors and gems<\/p>\n<p>The average production time is 10-15 working days. If you have any important date for which you want the product, please contact with us by phone +36 30 539 1179 number, or the info@brillancy.hu e-mail address.<\/p>\n<p><strong>Can be ordered in yellow, white or rose gold colors. The jewel to the gift box optional.<\/strong><\/p>\n<p><strong>I like the Americano diamond ring, but other size diamonds or colored gems did you imagine it?<\/strong>\u00a0It&#039;s not a problem. We like to give an offer to the expected ideas. Find us confidence on the phone +36 30 539 1179 number, or the info@brillancy.hu e-mail address.<\/p>\n<p><strong>Pay scrap gold<\/strong>\u00a0Damaged, old, or never used gold hiding at home in the cupboards? Bring it in to us and it will be transferred to you the chosen jewellery price.<\/p>","protected":false},"excerpt":{"rendered":"<p>Fine line diamond ring Lovely Natural ladies. Americano dazzling diamond ring Favorable price, eternal life guarantee.<\/p>","protected":false},"featured_media":10744,"comment_status":"closed","ping_status":"closed","template":"","meta":[],"product_brand":[],"product_cat":[35,17,39,22,31],"product_tag":[],"class_list":{"0":"post-5992","1":"product","2":"type-product","3":"status-publish","4":"has-post-thumbnail","6":"product_cat-egykoves","7":"product_cat-eljegyzesi-gyuruk","8":"product_cat-gyemant","9":"product_cat-kerek","10":"product_cat-termeszet-inspiralta","12":"first","13":"instock","14":"purchasable","15":"product-type-simple"},"yoast_head":"<!-- This site is optimized with the Yoast SEO Premium plugin v27.0 (Yoast SEO v27.0) - https:\/\/yoast.com\/product\/yoast-seo-premium-wordpress\/ -->\n<title>Americano gy\u00e9m\u00e1nt gy\u0171r\u0171 - Brillancy<\/title>\n<meta name=\"description\" content=\"Americano gy\u00e9m\u00e1nt gy\u0171r\u0171: Egym\u00e1sba fon\u00f3d\u00f3 vonalaival \u00e9s mes\u00e9s t\u00fcnd\u00f6kl\u00e9s\u00e9vel var\u00e1zsol el ez a 14 kar\u00e1tos aranyb\u00f3l k\u00e9sz\u00fclt gy\u00e9m\u00e1nt gy\u0171r\u0171.\" \/>\n<meta name=\"robots\" content=\"index, follow, max-snippet:-1, max-image-preview:large, max-video-preview:-1\" \/>\n<link rel=\"canonical\" href=\"https:\/\/brillancy.hu\/en\/product\/americano-gyemant-gyuru\/\" \/>\n<meta property=\"og:locale\" content=\"en_GB\" \/>\n<meta property=\"og:type\" content=\"article\" \/>\n<meta property=\"og:title\" content=\"Americano gy\u00e9m\u00e1nt gy\u0171r\u0171\" \/>\n<meta property=\"og:description\" content=\"Americano gy\u00e9m\u00e1nt gy\u0171r\u0171: Egym\u00e1sba fon\u00f3d\u00f3 vonalaival \u00e9s mes\u00e9s t\u00fcnd\u00f6kl\u00e9s\u00e9vel var\u00e1zsol el ez a 14 kar\u00e1tos aranyb\u00f3l k\u00e9sz\u00fclt gy\u00e9m\u00e1nt gy\u0171r\u0171.\" \/>\n<meta property=\"og:url\" content=\"https:\/\/brillancy.hu\/en\/product\/americano-gyemant-gyuru\/\" \/>\n<meta property=\"og:site_name\" content=\"Brillancy\" \/>\n<meta property=\"article:modified_time\" content=\"2025-11-04T18:27:34+00:00\" \/>\n<meta property=\"og:image\" content=\"https:\/\/brillancy.hu\/wp-content\/uploads\/2025\/06\/20250619_1206_Elegant-Diamond-Ring_remix_01jy3tb6w8fr38jjw45qdmjahw.png\" \/>\n\t<meta property=\"og:image:width\" content=\"1024\" \/>\n\t<meta property=\"og:image:height\" content=\"1536\" \/>\n\t<meta property=\"og:image:type\" content=\"image\/png\" \/>\n<meta name=\"twitter:card\" content=\"summary_large_image\" \/>\n<meta name=\"twitter:label1\" content=\"Estimated reading time\" \/>\n\t<meta name=\"twitter:data1\" content=\"2 minutes\" \/>\n<script type=\"application\/ld+json\" class=\"yoast-schema-graph\">{\"@context\":\"https:\/\/schema.org\",\"@graph\":[{\"@type\":\"WebPage\",\"@id\":\"https:\/\/brillancy.hu\/product\/americano-gyemant-gyuru\/\",\"url\":\"https:\/\/brillancy.hu\/product\/americano-gyemant-gyuru\/\",\"name\":\"Americano gy\u00e9m\u00e1nt gy\u0171r\u0171 - Brillancy\",\"isPartOf\":{\"@id\":\"https:\/\/brillancy.hu\/#website\"},\"primaryImageOfPage\":{\"@id\":\"https:\/\/brillancy.hu\/product\/americano-gyemant-gyuru\/#primaryimage\"},\"image\":{\"@id\":\"https:\/\/brillancy.hu\/product\/americano-gyemant-gyuru\/#primaryimage\"},\"thumbnailUrl\":\"https:\/\/brillancy.hu\/wp-content\/uploads\/2025\/06\/20250619_1206_Elegant-Diamond-Ring_remix_01jy3tb6w8fr38jjw45qdmjahw.png\",\"datePublished\":\"2025-01-31T17:18:23+00:00\",\"dateModified\":\"2025-11-04T18:27:34+00:00\",\"description\":\"Americano gy\u00e9m\u00e1nt gy\u0171r\u0171: Egym\u00e1sba fon\u00f3d\u00f3 vonalaival \u00e9s mes\u00e9s t\u00fcnd\u00f6kl\u00e9s\u00e9vel var\u00e1zsol el ez a 14 kar\u00e1tos aranyb\u00f3l k\u00e9sz\u00fclt gy\u00e9m\u00e1nt gy\u0171r\u0171.\",\"breadcrumb\":{\"@id\":\"https:\/\/brillancy.hu\/product\/americano-gyemant-gyuru\/#breadcrumb\"},\"inLanguage\":\"en-GB\",\"potentialAction\":[{\"@type\":\"ReadAction\",\"target\":[\"https:\/\/brillancy.hu\/product\/americano-gyemant-gyuru\/\"]}]},{\"@type\":\"ImageObject\",\"inLanguage\":\"en-GB\",\"@id\":\"https:\/\/brillancy.hu\/product\/americano-gyemant-gyuru\/#primaryimage\",\"url\":\"https:\/\/brillancy.hu\/wp-content\/uploads\/2025\/06\/20250619_1206_Elegant-Diamond-Ring_remix_01jy3tb6w8fr38jjw45qdmjahw.png\",\"contentUrl\":\"https:\/\/brillancy.hu\/wp-content\/uploads\/2025\/06\/20250619_1206_Elegant-Diamond-Ring_remix_01jy3tb6w8fr38jjw45qdmjahw.png\",\"width\":1024,\"height\":1536,\"caption\":\"14 kar\u00e1tos aranyb\u00f3l k\u00e9sz\u00fclt gy\u00e9m\u00e1nt gy\u0171r\u0171\"},{\"@type\":\"BreadcrumbList\",\"@id\":\"https:\/\/brillancy.hu\/product\/americano-gyemant-gyuru\/#breadcrumb\",\"itemListElement\":[{\"@type\":\"ListItem\",\"position\":1,\"name\":\"Home\",\"item\":\"https:\/\/brillancy.hu\/\"},{\"@type\":\"ListItem\",\"position\":2,\"name\":\"Term\u00e9kek\",\"item\":\"https:\/\/brillancy.hu\/termekek\/\"},{\"@type\":\"ListItem\",\"position\":3,\"name\":\"Americano gy\u00e9m\u00e1nt gy\u0171r\u0171\"}]},{\"@type\":\"WebSite\",\"@id\":\"https:\/\/brillancy.hu\/#website\",\"url\":\"https:\/\/brillancy.hu\/\",\"name\":\"Brillancy\",\"description\":\"\",\"potentialAction\":[{\"@type\":\"SearchAction\",\"target\":{\"@type\":\"EntryPoint\",\"urlTemplate\":\"https:\/\/brillancy.hu\/?s={search_term_string}\"},\"query-input\":{\"@type\":\"PropertyValueSpecification\",\"valueRequired\":true,\"valueName\":\"search_term_string\"}}],\"inLanguage\":\"en-GB\"}]}<\/script>\n<!-- \/ Yoast SEO Premium plugin. -->","yoast_head_json":{"title":"Americano gy\u00e9m\u00e1nt gy\u0171r\u0171 - Brillancy","description":"Americano gy\u00e9m\u00e1nt gy\u0171r\u0171: Egym\u00e1sba fon\u00f3d\u00f3 vonalaival \u00e9s mes\u00e9s t\u00fcnd\u00f6kl\u00e9s\u00e9vel var\u00e1zsol el ez a 14 kar\u00e1tos aranyb\u00f3l k\u00e9sz\u00fclt gy\u00e9m\u00e1nt gy\u0171r\u0171.","robots":{"index":"index","follow":"follow","max-snippet":"max-snippet:-1","max-image-preview":"max-image-preview:large","max-video-preview":"max-video-preview:-1"},"canonical":"https:\/\/brillancy.hu\/en\/product\/americano-gyemant-gyuru\/","og_locale":"en_GB","og_type":"article","og_title":"Americano gy\u00e9m\u00e1nt gy\u0171r\u0171","og_description":"Americano gy\u00e9m\u00e1nt gy\u0171r\u0171: Egym\u00e1sba fon\u00f3d\u00f3 vonalaival \u00e9s mes\u00e9s t\u00fcnd\u00f6kl\u00e9s\u00e9vel var\u00e1zsol el ez a 14 kar\u00e1tos aranyb\u00f3l k\u00e9sz\u00fclt gy\u00e9m\u00e1nt gy\u0171r\u0171.","og_url":"https:\/\/brillancy.hu\/en\/product\/americano-gyemant-gyuru\/","og_site_name":"Brillancy","article_modified_time":"2025-11-04T18:27:34+00:00","og_image":[{"width":1024,"height":1536,"url":"https:\/\/brillancy.hu\/wp-content\/uploads\/2025\/06\/20250619_1206_Elegant-Diamond-Ring_remix_01jy3tb6w8fr38jjw45qdmjahw.png","type":"image\/png"}],"twitter_card":"summary_large_image","twitter_misc":{"Estimated reading time":"2 minutes"},"schema":{"@context":"https:\/\/schema.org","@graph":[{"@type":"WebPage","@id":"https:\/\/brillancy.hu\/product\/americano-gyemant-gyuru\/","url":"https:\/\/brillancy.hu\/product\/americano-gyemant-gyuru\/","name":"Americano gy\u00e9m\u00e1nt gy\u0171r\u0171 - Brillancy","isPartOf":{"@id":"https:\/\/brillancy.hu\/#website"},"primaryImageOfPage":{"@id":"https:\/\/brillancy.hu\/product\/americano-gyemant-gyuru\/#primaryimage"},"image":{"@id":"https:\/\/brillancy.hu\/product\/americano-gyemant-gyuru\/#primaryimage"},"thumbnailUrl":"https:\/\/brillancy.hu\/wp-content\/uploads\/2025\/06\/20250619_1206_Elegant-Diamond-Ring_remix_01jy3tb6w8fr38jjw45qdmjahw.png","datePublished":"2025-01-31T17:18:23+00:00","dateModified":"2025-11-04T18:27:34+00:00","description":"Americano gy\u00e9m\u00e1nt gy\u0171r\u0171: Egym\u00e1sba fon\u00f3d\u00f3 vonalaival \u00e9s mes\u00e9s t\u00fcnd\u00f6kl\u00e9s\u00e9vel var\u00e1zsol el ez a 14 kar\u00e1tos aranyb\u00f3l k\u00e9sz\u00fclt gy\u00e9m\u00e1nt gy\u0171r\u0171.","breadcrumb":{"@id":"https:\/\/brillancy.hu\/product\/americano-gyemant-gyuru\/#breadcrumb"},"inLanguage":"en-GB","potentialAction":[{"@type":"ReadAction","target":["https:\/\/brillancy.hu\/product\/americano-gyemant-gyuru\/"]}]},{"@type":"ImageObject","inLanguage":"en-GB","@id":"https:\/\/brillancy.hu\/product\/americano-gyemant-gyuru\/#primaryimage","url":"https:\/\/brillancy.hu\/wp-content\/uploads\/2025\/06\/20250619_1206_Elegant-Diamond-Ring_remix_01jy3tb6w8fr38jjw45qdmjahw.png","contentUrl":"https:\/\/brillancy.hu\/wp-content\/uploads\/2025\/06\/20250619_1206_Elegant-Diamond-Ring_remix_01jy3tb6w8fr38jjw45qdmjahw.png","width":1024,"height":1536,"caption":"14 kar\u00e1tos aranyb\u00f3l k\u00e9sz\u00fclt gy\u00e9m\u00e1nt gy\u0171r\u0171"},{"@type":"BreadcrumbList","@id":"https:\/\/brillancy.hu\/product\/americano-gyemant-gyuru\/#breadcrumb","itemListElement":[{"@type":"ListItem","position":1,"name":"Home","item":"https:\/\/brillancy.hu\/"},{"@type":"ListItem","position":2,"name":"Term\u00e9kek","item":"https:\/\/brillancy.hu\/termekek\/"},{"@type":"ListItem","position":3,"name":"Americano gy\u00e9m\u00e1nt gy\u0171r\u0171"}]},{"@type":"WebSite","@id":"https:\/\/brillancy.hu\/#website","url":"https:\/\/brillancy.hu\/","name":"Brillancy","description":"","potentialAction":[{"@type":"SearchAction","target":{"@type":"EntryPoint","urlTemplate":"https:\/\/brillancy.hu\/?s={search_term_string}"},"query-input":{"@type":"PropertyValueSpecification","valueRequired":true,"valueName":"search_term_string"}}],"inLanguage":"en-GB"}]}},"_links":{"self":[{"href":"https:\/\/brillancy.hu\/en\/wp-json\/wp\/v2\/product\/5992","targetHints":{"allow":["GET"]}}],"collection":[{"href":"https:\/\/brillancy.hu\/en\/wp-json\/wp\/v2\/product"}],"about":[{"href":"https:\/\/brillancy.hu\/en\/wp-json\/wp\/v2\/types\/product"}],"replies":[{"embeddable":true,"href":"https:\/\/brillancy.hu\/en\/wp-json\/wp\/v2\/comments?post=5992"}],"wp:featuredmedia":[{"embeddable":true,"href":"https:\/\/brillancy.hu\/en\/wp-json\/wp\/v2\/media\/10744"}],"wp:attachment":[{"href":"https:\/\/brillancy.hu\/en\/wp-json\/wp\/v2\/media?parent=5992"}],"wp:term":[{"taxonomy":"product_brand","embeddable":true,"href":"https:\/\/brillancy.hu\/en\/wp-json\/wp\/v2\/product_brand?post=5992"},{"taxonomy":"product_cat","embeddable":true,"href":"https:\/\/brillancy.hu\/en\/wp-json\/wp\/v2\/product_cat?post=5992"},{"taxonomy":"product_tag","embeddable":true,"href":"https:\/\/brillancy.hu\/en\/wp-json\/wp\/v2\/product_tag?post=5992"}],"curies":[{"name":"wp","href":"https:\/\/api.w.org\/{rel}","templated":true}]}}