{"id":5991,"date":"2025-01-31T18:18:23","date_gmt":"2025-01-31T17:18:23","guid":{"rendered":"https:\/\/brillancy.hu\/?post_type=product&#038;p=5991"},"modified":"2025-10-17T10:56:18","modified_gmt":"2025-10-17T09:56:18","slug":"teodora-gyemant-gyuru","status":"publish","type":"product","link":"https:\/\/brillancy.hu\/en\/product\/teodora-gyemant-gyuru\/","title":{"rendered":"Teodora Diamond ring"},"content":{"rendered":"<p><strong>Teodora gy\u00e9m\u00e1nt gy\u0171r\u0171<\/strong><\/p>\n<p>This easy on the eyes <strong>14 karat white gold ring<\/strong>t at the same time typical of the innocent, laid back charm and the overwhelming boldness. Back of fine lines, the boldness of the<strong> amazing black diamonds<\/strong>in shows. The soft arched, thin gy\u0171r\u0171s\u00edn from one side of the top, the other below related to the hatkarmos socket.<strong> This lightweight, simple a great design little playful leave the jewelry elegance in and attention to the 3.5 mm in diameter, 0,17 ct-os, brilliant cut, black color diamonds guide.<\/strong> Unique and stylish appearance lends the wearer in everyday life. We offer this diamond ring, the black color and the screw forms lovers.<\/p>\n<ul>\n<li><strong>Material:<\/strong>\u00a0gold<\/li>\n<li><strong>Fineness<\/strong>: 585 thousandth, 14 carat<\/li>\n<li><strong>Gemstone<\/strong>: brilliant cut black diamonds<\/li>\n<li><strong>Eternal life guarantee:<\/strong>\u00a0the jewelry structure of the material errors and gems<\/li>\n<\/ul>\n<p><strong>Free renewal:<\/strong>\u00a0We take your diamond ring, free scratch-free sales of and purification of five times (once a year) the purchase within five years.<\/p>\n<p><strong>Free size adjustment:\u00a0<\/strong>If you haven&#039;t found the correct size, we will take the ring free size adjustments.<\/p>\n<p><strong>Gift box:\u00a0<\/strong>The ring is a gift in the box set, and several kinds of colors You can pick out!<\/p>\n<p><strong>Pay scrap gold<\/strong>\u00a0Damaged, old, or never used gold hiding at home in the cupboards? Bring it in to us and high count For the selected diamond ring price.<\/p>\n<p><strong>I like the diamond ring, but a different size diamonds, or colorful gems did you imagine it? It&#039;s not a problem. We like to give an offer to the expected ideas. Find us confidence on the phone +36 30 539 1179 number, or the\u00a0<\/strong><a href=\"mailto:info@brillancy.hu\"><strong>info@brillancy.hu<\/strong><\/a><strong>\u00a0e-mail address.<\/strong><\/p>","protected":false},"excerpt":{"rendered":"<p>Teodora diamond ring \u2013 Bold, Creative handmade, white gold diamond ring the Brillance jewelry manufactory offer \u2013 reasonable price, eternal life guarantee<\/p>","protected":false},"featured_media":11942,"comment_status":"closed","ping_status":"closed","template":"","meta":[],"product_brand":[],"product_cat":[35,17,133,22,32],"product_tag":[],"class_list":{"0":"post-5991","1":"product","2":"type-product","3":"status-publish","4":"has-post-thumbnail","6":"product_cat-egykoves","7":"product_cat-eljegyzesi-gyuruk","8":"product_cat-fekete-gyemant","9":"product_cat-kerek","10":"product_cat-modern","12":"first","13":"instock","14":"purchasable","15":"product-type-simple"},"yoast_head":"<!-- This site is optimized with the Yoast SEO Premium plugin v27.0 (Yoast SEO v27.0) - https:\/\/yoast.com\/product\/yoast-seo-premium-wordpress\/ -->\n<title>Teodora Gy\u00e9m\u00e1nt gy\u0171r\u0171 - Brillancy<\/title>\n<meta name=\"description\" content=\"Teodora Gy\u00e9m\u00e1nt gy\u0171r\u0171 - A tervez\u0151 aj\u00e1nl\u00e1sa: Teodora fekete gy\u00e9m\u00e1nt gy\u0171r\u0171: Ezt a szemreval\u00f3 14 kar\u00e1tos feh\u00e9rarany gy\u0171r\u0171t egyszerre ...\" \/>\n<meta name=\"robots\" content=\"index, follow, max-snippet:-1, max-image-preview:large, max-video-preview:-1\" \/>\n<link rel=\"canonical\" href=\"https:\/\/brillancy.hu\/en\/product\/teodora-gyemant-gyuru\/\" \/>\n<meta property=\"og:locale\" content=\"en_GB\" \/>\n<meta property=\"og:type\" content=\"article\" \/>\n<meta property=\"og:title\" content=\"Teodora Gy\u00e9m\u00e1nt gy\u0171r\u0171\" \/>\n<meta property=\"og:description\" content=\"Teodora Gy\u00e9m\u00e1nt gy\u0171r\u0171 - A tervez\u0151 aj\u00e1nl\u00e1sa: Teodora fekete gy\u00e9m\u00e1nt gy\u0171r\u0171: Ezt a szemreval\u00f3 14 kar\u00e1tos feh\u00e9rarany gy\u0171r\u0171t egyszerre ...\" \/>\n<meta property=\"og:url\" content=\"https:\/\/brillancy.hu\/en\/product\/teodora-gyemant-gyuru\/\" \/>\n<meta property=\"og:site_name\" content=\"Brillancy\" \/>\n<meta property=\"article:modified_time\" content=\"2025-10-17T09:56:18+00:00\" \/>\n<meta property=\"og:image\" content=\"https:\/\/brillancy.hu\/wp-content\/uploads\/2025\/01\/20250928_1856_Elegant-Ring-Display_remix_01k68kzdckf1d9fvneka3pvftg.png\" \/>\n\t<meta property=\"og:image:width\" content=\"1024\" \/>\n\t<meta property=\"og:image:height\" content=\"1024\" \/>\n\t<meta property=\"og:image:type\" content=\"image\/png\" \/>\n<meta name=\"twitter:card\" content=\"summary_large_image\" \/>\n<meta name=\"twitter:label1\" content=\"Estimated reading time\" \/>\n\t<meta name=\"twitter:data1\" content=\"2 minutes\" \/>\n<script type=\"application\/ld+json\" class=\"yoast-schema-graph\">{\"@context\":\"https:\/\/schema.org\",\"@graph\":[{\"@type\":\"WebPage\",\"@id\":\"https:\/\/brillancy.hu\/product\/teodora-gyemant-gyuru\/\",\"url\":\"https:\/\/brillancy.hu\/product\/teodora-gyemant-gyuru\/\",\"name\":\"Teodora Gy\u00e9m\u00e1nt gy\u0171r\u0171 - Brillancy\",\"isPartOf\":{\"@id\":\"https:\/\/brillancy.hu\/#website\"},\"primaryImageOfPage\":{\"@id\":\"https:\/\/brillancy.hu\/product\/teodora-gyemant-gyuru\/#primaryimage\"},\"image\":{\"@id\":\"https:\/\/brillancy.hu\/product\/teodora-gyemant-gyuru\/#primaryimage\"},\"thumbnailUrl\":\"https:\/\/brillancy.hu\/wp-content\/uploads\/2025\/01\/20250928_1856_Elegant-Ring-Display_remix_01k68kzdckf1d9fvneka3pvftg.png\",\"datePublished\":\"2025-01-31T17:18:23+00:00\",\"dateModified\":\"2025-10-17T09:56:18+00:00\",\"description\":\"Teodora Gy\u00e9m\u00e1nt gy\u0171r\u0171 - A tervez\u0151 aj\u00e1nl\u00e1sa: Teodora fekete gy\u00e9m\u00e1nt gy\u0171r\u0171: Ezt a szemreval\u00f3 14 kar\u00e1tos feh\u00e9rarany gy\u0171r\u0171t egyszerre ...\",\"breadcrumb\":{\"@id\":\"https:\/\/brillancy.hu\/product\/teodora-gyemant-gyuru\/#breadcrumb\"},\"inLanguage\":\"en-GB\",\"potentialAction\":[{\"@type\":\"ReadAction\",\"target\":[\"https:\/\/brillancy.hu\/product\/teodora-gyemant-gyuru\/\"]}]},{\"@type\":\"ImageObject\",\"inLanguage\":\"en-GB\",\"@id\":\"https:\/\/brillancy.hu\/product\/teodora-gyemant-gyuru\/#primaryimage\",\"url\":\"https:\/\/brillancy.hu\/wp-content\/uploads\/2025\/01\/20250928_1856_Elegant-Ring-Display_remix_01k68kzdckf1d9fvneka3pvftg.png\",\"contentUrl\":\"https:\/\/brillancy.hu\/wp-content\/uploads\/2025\/01\/20250928_1856_Elegant-Ring-Display_remix_01k68kzdckf1d9fvneka3pvftg.png\",\"width\":1024,\"height\":1024,\"caption\":\"Teodora gy\u00e9m\u00e1nt gy\u0171r\u0171\"},{\"@type\":\"BreadcrumbList\",\"@id\":\"https:\/\/brillancy.hu\/product\/teodora-gyemant-gyuru\/#breadcrumb\",\"itemListElement\":[{\"@type\":\"ListItem\",\"position\":1,\"name\":\"Home\",\"item\":\"https:\/\/brillancy.hu\/\"},{\"@type\":\"ListItem\",\"position\":2,\"name\":\"Term\u00e9kek\",\"item\":\"https:\/\/brillancy.hu\/termekek\/\"},{\"@type\":\"ListItem\",\"position\":3,\"name\":\"Teodora Gy\u00e9m\u00e1nt gy\u0171r\u0171\"}]},{\"@type\":\"WebSite\",\"@id\":\"https:\/\/brillancy.hu\/#website\",\"url\":\"https:\/\/brillancy.hu\/\",\"name\":\"Brillancy\",\"description\":\"\",\"potentialAction\":[{\"@type\":\"SearchAction\",\"target\":{\"@type\":\"EntryPoint\",\"urlTemplate\":\"https:\/\/brillancy.hu\/?s={search_term_string}\"},\"query-input\":{\"@type\":\"PropertyValueSpecification\",\"valueRequired\":true,\"valueName\":\"search_term_string\"}}],\"inLanguage\":\"en-GB\"}]}<\/script>\n<!-- \/ Yoast SEO Premium plugin. -->","yoast_head_json":{"title":"Teodora Gy\u00e9m\u00e1nt gy\u0171r\u0171 - Brillancy","description":"Teodora Gy\u00e9m\u00e1nt gy\u0171r\u0171 - A tervez\u0151 aj\u00e1nl\u00e1sa: Teodora fekete gy\u00e9m\u00e1nt gy\u0171r\u0171: Ezt a szemreval\u00f3 14 kar\u00e1tos feh\u00e9rarany gy\u0171r\u0171t egyszerre ...","robots":{"index":"index","follow":"follow","max-snippet":"max-snippet:-1","max-image-preview":"max-image-preview:large","max-video-preview":"max-video-preview:-1"},"canonical":"https:\/\/brillancy.hu\/en\/product\/teodora-gyemant-gyuru\/","og_locale":"en_GB","og_type":"article","og_title":"Teodora Gy\u00e9m\u00e1nt gy\u0171r\u0171","og_description":"Teodora Gy\u00e9m\u00e1nt gy\u0171r\u0171 - A tervez\u0151 aj\u00e1nl\u00e1sa: Teodora fekete gy\u00e9m\u00e1nt gy\u0171r\u0171: Ezt a szemreval\u00f3 14 kar\u00e1tos feh\u00e9rarany gy\u0171r\u0171t egyszerre ...","og_url":"https:\/\/brillancy.hu\/en\/product\/teodora-gyemant-gyuru\/","og_site_name":"Brillancy","article_modified_time":"2025-10-17T09:56:18+00:00","og_image":[{"width":1024,"height":1024,"url":"https:\/\/brillancy.hu\/wp-content\/uploads\/2025\/01\/20250928_1856_Elegant-Ring-Display_remix_01k68kzdckf1d9fvneka3pvftg.png","type":"image\/png"}],"twitter_card":"summary_large_image","twitter_misc":{"Estimated reading time":"2 minutes"},"schema":{"@context":"https:\/\/schema.org","@graph":[{"@type":"WebPage","@id":"https:\/\/brillancy.hu\/product\/teodora-gyemant-gyuru\/","url":"https:\/\/brillancy.hu\/product\/teodora-gyemant-gyuru\/","name":"Teodora Gy\u00e9m\u00e1nt gy\u0171r\u0171 - Brillancy","isPartOf":{"@id":"https:\/\/brillancy.hu\/#website"},"primaryImageOfPage":{"@id":"https:\/\/brillancy.hu\/product\/teodora-gyemant-gyuru\/#primaryimage"},"image":{"@id":"https:\/\/brillancy.hu\/product\/teodora-gyemant-gyuru\/#primaryimage"},"thumbnailUrl":"https:\/\/brillancy.hu\/wp-content\/uploads\/2025\/01\/20250928_1856_Elegant-Ring-Display_remix_01k68kzdckf1d9fvneka3pvftg.png","datePublished":"2025-01-31T17:18:23+00:00","dateModified":"2025-10-17T09:56:18+00:00","description":"Teodora Gy\u00e9m\u00e1nt gy\u0171r\u0171 - A tervez\u0151 aj\u00e1nl\u00e1sa: Teodora fekete gy\u00e9m\u00e1nt gy\u0171r\u0171: Ezt a szemreval\u00f3 14 kar\u00e1tos feh\u00e9rarany gy\u0171r\u0171t egyszerre ...","breadcrumb":{"@id":"https:\/\/brillancy.hu\/product\/teodora-gyemant-gyuru\/#breadcrumb"},"inLanguage":"en-GB","potentialAction":[{"@type":"ReadAction","target":["https:\/\/brillancy.hu\/product\/teodora-gyemant-gyuru\/"]}]},{"@type":"ImageObject","inLanguage":"en-GB","@id":"https:\/\/brillancy.hu\/product\/teodora-gyemant-gyuru\/#primaryimage","url":"https:\/\/brillancy.hu\/wp-content\/uploads\/2025\/01\/20250928_1856_Elegant-Ring-Display_remix_01k68kzdckf1d9fvneka3pvftg.png","contentUrl":"https:\/\/brillancy.hu\/wp-content\/uploads\/2025\/01\/20250928_1856_Elegant-Ring-Display_remix_01k68kzdckf1d9fvneka3pvftg.png","width":1024,"height":1024,"caption":"Teodora gy\u00e9m\u00e1nt gy\u0171r\u0171"},{"@type":"BreadcrumbList","@id":"https:\/\/brillancy.hu\/product\/teodora-gyemant-gyuru\/#breadcrumb","itemListElement":[{"@type":"ListItem","position":1,"name":"Home","item":"https:\/\/brillancy.hu\/"},{"@type":"ListItem","position":2,"name":"Term\u00e9kek","item":"https:\/\/brillancy.hu\/termekek\/"},{"@type":"ListItem","position":3,"name":"Teodora Gy\u00e9m\u00e1nt gy\u0171r\u0171"}]},{"@type":"WebSite","@id":"https:\/\/brillancy.hu\/#website","url":"https:\/\/brillancy.hu\/","name":"Brillancy","description":"","potentialAction":[{"@type":"SearchAction","target":{"@type":"EntryPoint","urlTemplate":"https:\/\/brillancy.hu\/?s={search_term_string}"},"query-input":{"@type":"PropertyValueSpecification","valueRequired":true,"valueName":"search_term_string"}}],"inLanguage":"en-GB"}]}},"_links":{"self":[{"href":"https:\/\/brillancy.hu\/en\/wp-json\/wp\/v2\/product\/5991","targetHints":{"allow":["GET"]}}],"collection":[{"href":"https:\/\/brillancy.hu\/en\/wp-json\/wp\/v2\/product"}],"about":[{"href":"https:\/\/brillancy.hu\/en\/wp-json\/wp\/v2\/types\/product"}],"replies":[{"embeddable":true,"href":"https:\/\/brillancy.hu\/en\/wp-json\/wp\/v2\/comments?post=5991"}],"wp:featuredmedia":[{"embeddable":true,"href":"https:\/\/brillancy.hu\/en\/wp-json\/wp\/v2\/media\/11942"}],"wp:attachment":[{"href":"https:\/\/brillancy.hu\/en\/wp-json\/wp\/v2\/media?parent=5991"}],"wp:term":[{"taxonomy":"product_brand","embeddable":true,"href":"https:\/\/brillancy.hu\/en\/wp-json\/wp\/v2\/product_brand?post=5991"},{"taxonomy":"product_cat","embeddable":true,"href":"https:\/\/brillancy.hu\/en\/wp-json\/wp\/v2\/product_cat?post=5991"},{"taxonomy":"product_tag","embeddable":true,"href":"https:\/\/brillancy.hu\/en\/wp-json\/wp\/v2\/product_tag?post=5991"}],"curies":[{"name":"wp","href":"https:\/\/api.w.org\/{rel}","templated":true}]}}