{"id":5971,"date":"2025-01-31T18:18:22","date_gmt":"2025-01-31T17:18:22","guid":{"rendered":"https:\/\/brillancy.hu\/?post_type=product&#038;p=5971"},"modified":"2025-10-17T10:56:18","modified_gmt":"2025-10-17T09:56:18","slug":"jazz-gyemant-gyuru","status":"publish","type":"product","link":"https:\/\/brillancy.hu\/en\/product\/jazz-gyemant-gyuru\/","title":{"rendered":"Jazz diamond ring"},"content":{"rendered":"<p>Jazz diamond ring<\/p>\n<p>Player lightness, captivating vibe and gorgeous shine. This is thanks to the most irresistible attractiveness is beautiful <strong>14 karat white gold<\/strong> engagement ring. <strong>The platform, hatkarmos slot in a 0,16 ct-os, 3.5 mm in diameter brilliant cut white diamond to shine like a queen. The ring rail of side twisted 0,8 mm brill are located, which is further supported by the glitter.<\/strong> The white gold and the diamonds perfect pair from and consistency of this harmonious appearance jewelry wonders. At the same time convey fun and sophisticated elegance. Get your life partner chosen lady&#039;s finger, who in this duality can be found.<\/p>\n<ul>\n<li><strong>Material:<\/strong>gold<\/li>\n<li><strong>Fineness<\/strong>: 585 thousandth, 14 carat<\/li>\n<li><strong>Gemstone<\/strong>: brilliant cut natural diamonds<\/li>\n<li><strong>Average ring weight:<\/strong>2,35 g<\/li>\n<\/ul>\n<p><strong>Eternal life guarantee:<\/strong>material errors and gems<\/p>\n<p><strong>Free renewal:<\/strong>We undertake the engagement jeweled ring free scratch-free sales of five times and one time the jewel complete renovation of the purchase, within five years!<\/p>\n<p><strong>The average preparation time is 10-15 working days. The ring gift box is optional, and required free size adjust.<\/strong><\/p>\n<p><strong>Pay scrap gold<\/strong>Damaged, old, or never used gold hiding at home in the cupboards? Bring it in to us and discounts are factored in for the selected engagement with jeweled gy\u0171r\u0171\u00e1r\u00e1ba.<\/p>\n<p><strong>Like the jewelry, but different quality diamonds, or colorful gems did you imagine it? It&#039;s not a problem. We like to give you an offer to the expected ideas. Contact us with confidence by phone +36 30539 eur 1 179 number, or the <\/strong><a href=\"mailto:info@brillancy.hu\"><strong>info@brillancy.hu<\/strong><\/a><strong> e-mail address.<\/strong><\/p>","protected":false},"excerpt":{"rendered":"<p>Jazz gy\u00e9m\u00e1nt gy\u0171r\u0171 &#8211; Finom vonalvezet\u00e9s\u0171 gy\u00e9m\u00e1nt gy\u0171r\u0171 a B\u00e1josan Term\u00e9szetes h\u00f6lgyeknek. Jazz k\u00e1pr\u00e1zatos gy\u00e9m\u00e1nt gy\u0171r\u0171 Kedvez\u0151 \u00e1r, \u00f6r\u00f6k \u00e9let garancia.<\/p>","protected":false},"featured_media":11924,"comment_status":"closed","ping_status":"closed","template":"","meta":[],"product_brand":[],"product_cat":[17,39,22,34,32,37],"product_tag":[],"class_list":{"0":"post-5971","1":"product","2":"type-product","3":"status-publish","4":"has-post-thumbnail","6":"product_cat-eljegyzesi-gyuruk","7":"product_cat-gyemant","8":"product_cat-kerek","9":"product_cat-kreativ","10":"product_cat-modern","11":"product_cat-tobb-koves","13":"first","14":"instock","15":"purchasable","16":"product-type-simple"},"yoast_head":"<!-- This site is optimized with the Yoast SEO Premium plugin v27.0 (Yoast SEO v27.0) - https:\/\/yoast.com\/product\/yoast-seo-premium-wordpress\/ -->\n<title>Jazz gy\u00e9m\u00e1nt gy\u0171r\u0171 - Brillancy<\/title>\n<meta name=\"description\" content=\"Jazz gy\u00e9m\u00e1nt gy\u0171r\u0171 - Tervez\u0151 aj\u00e1nl\u00e1sa: Jazz: J\u00e1t\u00e9kos k\u00f6nnyeds\u00e9g, mag\u00e1val ragad\u00f3 kisug\u00e1rz\u00e1s \u00e9s k\u00e1pr\u00e1zatos t\u00fcnd\u00f6kl\u00e9s. Ezek...\" \/>\n<meta name=\"robots\" content=\"index, follow, max-snippet:-1, max-image-preview:large, max-video-preview:-1\" \/>\n<link rel=\"canonical\" href=\"https:\/\/brillancy.hu\/en\/product\/jazz-gyemant-gyuru\/\" \/>\n<meta property=\"og:locale\" content=\"en_GB\" \/>\n<meta property=\"og:type\" content=\"article\" \/>\n<meta property=\"og:title\" content=\"Jazz gy\u00e9m\u00e1nt gy\u0171r\u0171\" \/>\n<meta property=\"og:description\" content=\"Jazz gy\u00e9m\u00e1nt gy\u0171r\u0171 - Tervez\u0151 aj\u00e1nl\u00e1sa: Jazz: J\u00e1t\u00e9kos k\u00f6nnyeds\u00e9g, mag\u00e1val ragad\u00f3 kisug\u00e1rz\u00e1s \u00e9s k\u00e1pr\u00e1zatos t\u00fcnd\u00f6kl\u00e9s. Ezek...\" \/>\n<meta property=\"og:url\" content=\"https:\/\/brillancy.hu\/en\/product\/jazz-gyemant-gyuru\/\" \/>\n<meta property=\"og:site_name\" content=\"Brillancy\" \/>\n<meta property=\"article:modified_time\" content=\"2025-10-17T09:56:18+00:00\" \/>\n<meta property=\"og:image\" content=\"https:\/\/brillancy.hu\/wp-content\/uploads\/2025\/01\/20250928_1411_Elegant-Diamond-Ring_remix_01k683pt63e8n9wydsnq9shz7d.png\" \/>\n\t<meta property=\"og:image:width\" content=\"1024\" \/>\n\t<meta property=\"og:image:height\" content=\"1024\" \/>\n\t<meta property=\"og:image:type\" content=\"image\/png\" \/>\n<meta name=\"twitter:card\" content=\"summary_large_image\" \/>\n<meta name=\"twitter:label1\" content=\"Estimated reading time\" \/>\n\t<meta name=\"twitter:data1\" content=\"2 minutes\" \/>\n<script type=\"application\/ld+json\" class=\"yoast-schema-graph\">{\"@context\":\"https:\/\/schema.org\",\"@graph\":[{\"@type\":\"WebPage\",\"@id\":\"https:\/\/brillancy.hu\/product\/jazz-gyemant-gyuru\/\",\"url\":\"https:\/\/brillancy.hu\/product\/jazz-gyemant-gyuru\/\",\"name\":\"Jazz gy\u00e9m\u00e1nt gy\u0171r\u0171 - Brillancy\",\"isPartOf\":{\"@id\":\"https:\/\/brillancy.hu\/#website\"},\"primaryImageOfPage\":{\"@id\":\"https:\/\/brillancy.hu\/product\/jazz-gyemant-gyuru\/#primaryimage\"},\"image\":{\"@id\":\"https:\/\/brillancy.hu\/product\/jazz-gyemant-gyuru\/#primaryimage\"},\"thumbnailUrl\":\"https:\/\/brillancy.hu\/wp-content\/uploads\/2025\/01\/20250928_1411_Elegant-Diamond-Ring_remix_01k683pt63e8n9wydsnq9shz7d.png\",\"datePublished\":\"2025-01-31T17:18:22+00:00\",\"dateModified\":\"2025-10-17T09:56:18+00:00\",\"description\":\"Jazz gy\u00e9m\u00e1nt gy\u0171r\u0171 - Tervez\u0151 aj\u00e1nl\u00e1sa: Jazz: J\u00e1t\u00e9kos k\u00f6nnyeds\u00e9g, mag\u00e1val ragad\u00f3 kisug\u00e1rz\u00e1s \u00e9s k\u00e1pr\u00e1zatos t\u00fcnd\u00f6kl\u00e9s. Ezek...\",\"breadcrumb\":{\"@id\":\"https:\/\/brillancy.hu\/product\/jazz-gyemant-gyuru\/#breadcrumb\"},\"inLanguage\":\"en-GB\",\"potentialAction\":[{\"@type\":\"ReadAction\",\"target\":[\"https:\/\/brillancy.hu\/product\/jazz-gyemant-gyuru\/\"]}]},{\"@type\":\"ImageObject\",\"inLanguage\":\"en-GB\",\"@id\":\"https:\/\/brillancy.hu\/product\/jazz-gyemant-gyuru\/#primaryimage\",\"url\":\"https:\/\/brillancy.hu\/wp-content\/uploads\/2025\/01\/20250928_1411_Elegant-Diamond-Ring_remix_01k683pt63e8n9wydsnq9shz7d.png\",\"contentUrl\":\"https:\/\/brillancy.hu\/wp-content\/uploads\/2025\/01\/20250928_1411_Elegant-Diamond-Ring_remix_01k683pt63e8n9wydsnq9shz7d.png\",\"width\":1024,\"height\":1024,\"caption\":\"Jazz gy\u00e9m\u00e1nt gy\u0171r\u0171\"},{\"@type\":\"BreadcrumbList\",\"@id\":\"https:\/\/brillancy.hu\/product\/jazz-gyemant-gyuru\/#breadcrumb\",\"itemListElement\":[{\"@type\":\"ListItem\",\"position\":1,\"name\":\"Home\",\"item\":\"https:\/\/brillancy.hu\/\"},{\"@type\":\"ListItem\",\"position\":2,\"name\":\"Term\u00e9kek\",\"item\":\"https:\/\/brillancy.hu\/termekek\/\"},{\"@type\":\"ListItem\",\"position\":3,\"name\":\"Jazz gy\u00e9m\u00e1nt gy\u0171r\u0171\"}]},{\"@type\":\"WebSite\",\"@id\":\"https:\/\/brillancy.hu\/#website\",\"url\":\"https:\/\/brillancy.hu\/\",\"name\":\"Brillancy\",\"description\":\"\",\"potentialAction\":[{\"@type\":\"SearchAction\",\"target\":{\"@type\":\"EntryPoint\",\"urlTemplate\":\"https:\/\/brillancy.hu\/?s={search_term_string}\"},\"query-input\":{\"@type\":\"PropertyValueSpecification\",\"valueRequired\":true,\"valueName\":\"search_term_string\"}}],\"inLanguage\":\"en-GB\"}]}<\/script>\n<!-- \/ Yoast SEO Premium plugin. -->","yoast_head_json":{"title":"Jazz gy\u00e9m\u00e1nt gy\u0171r\u0171 - Brillancy","description":"Jazz gy\u00e9m\u00e1nt gy\u0171r\u0171 - Tervez\u0151 aj\u00e1nl\u00e1sa: Jazz: J\u00e1t\u00e9kos k\u00f6nnyeds\u00e9g, mag\u00e1val ragad\u00f3 kisug\u00e1rz\u00e1s \u00e9s k\u00e1pr\u00e1zatos t\u00fcnd\u00f6kl\u00e9s. Ezek...","robots":{"index":"index","follow":"follow","max-snippet":"max-snippet:-1","max-image-preview":"max-image-preview:large","max-video-preview":"max-video-preview:-1"},"canonical":"https:\/\/brillancy.hu\/en\/product\/jazz-gyemant-gyuru\/","og_locale":"en_GB","og_type":"article","og_title":"Jazz gy\u00e9m\u00e1nt gy\u0171r\u0171","og_description":"Jazz gy\u00e9m\u00e1nt gy\u0171r\u0171 - Tervez\u0151 aj\u00e1nl\u00e1sa: Jazz: J\u00e1t\u00e9kos k\u00f6nnyeds\u00e9g, mag\u00e1val ragad\u00f3 kisug\u00e1rz\u00e1s \u00e9s k\u00e1pr\u00e1zatos t\u00fcnd\u00f6kl\u00e9s. Ezek...","og_url":"https:\/\/brillancy.hu\/en\/product\/jazz-gyemant-gyuru\/","og_site_name":"Brillancy","article_modified_time":"2025-10-17T09:56:18+00:00","og_image":[{"width":1024,"height":1024,"url":"https:\/\/brillancy.hu\/wp-content\/uploads\/2025\/01\/20250928_1411_Elegant-Diamond-Ring_remix_01k683pt63e8n9wydsnq9shz7d.png","type":"image\/png"}],"twitter_card":"summary_large_image","twitter_misc":{"Estimated reading time":"2 minutes"},"schema":{"@context":"https:\/\/schema.org","@graph":[{"@type":"WebPage","@id":"https:\/\/brillancy.hu\/product\/jazz-gyemant-gyuru\/","url":"https:\/\/brillancy.hu\/product\/jazz-gyemant-gyuru\/","name":"Jazz gy\u00e9m\u00e1nt gy\u0171r\u0171 - Brillancy","isPartOf":{"@id":"https:\/\/brillancy.hu\/#website"},"primaryImageOfPage":{"@id":"https:\/\/brillancy.hu\/product\/jazz-gyemant-gyuru\/#primaryimage"},"image":{"@id":"https:\/\/brillancy.hu\/product\/jazz-gyemant-gyuru\/#primaryimage"},"thumbnailUrl":"https:\/\/brillancy.hu\/wp-content\/uploads\/2025\/01\/20250928_1411_Elegant-Diamond-Ring_remix_01k683pt63e8n9wydsnq9shz7d.png","datePublished":"2025-01-31T17:18:22+00:00","dateModified":"2025-10-17T09:56:18+00:00","description":"Jazz gy\u00e9m\u00e1nt gy\u0171r\u0171 - Tervez\u0151 aj\u00e1nl\u00e1sa: Jazz: J\u00e1t\u00e9kos k\u00f6nnyeds\u00e9g, mag\u00e1val ragad\u00f3 kisug\u00e1rz\u00e1s \u00e9s k\u00e1pr\u00e1zatos t\u00fcnd\u00f6kl\u00e9s. Ezek...","breadcrumb":{"@id":"https:\/\/brillancy.hu\/product\/jazz-gyemant-gyuru\/#breadcrumb"},"inLanguage":"en-GB","potentialAction":[{"@type":"ReadAction","target":["https:\/\/brillancy.hu\/product\/jazz-gyemant-gyuru\/"]}]},{"@type":"ImageObject","inLanguage":"en-GB","@id":"https:\/\/brillancy.hu\/product\/jazz-gyemant-gyuru\/#primaryimage","url":"https:\/\/brillancy.hu\/wp-content\/uploads\/2025\/01\/20250928_1411_Elegant-Diamond-Ring_remix_01k683pt63e8n9wydsnq9shz7d.png","contentUrl":"https:\/\/brillancy.hu\/wp-content\/uploads\/2025\/01\/20250928_1411_Elegant-Diamond-Ring_remix_01k683pt63e8n9wydsnq9shz7d.png","width":1024,"height":1024,"caption":"Jazz gy\u00e9m\u00e1nt gy\u0171r\u0171"},{"@type":"BreadcrumbList","@id":"https:\/\/brillancy.hu\/product\/jazz-gyemant-gyuru\/#breadcrumb","itemListElement":[{"@type":"ListItem","position":1,"name":"Home","item":"https:\/\/brillancy.hu\/"},{"@type":"ListItem","position":2,"name":"Term\u00e9kek","item":"https:\/\/brillancy.hu\/termekek\/"},{"@type":"ListItem","position":3,"name":"Jazz gy\u00e9m\u00e1nt gy\u0171r\u0171"}]},{"@type":"WebSite","@id":"https:\/\/brillancy.hu\/#website","url":"https:\/\/brillancy.hu\/","name":"Brillancy","description":"","potentialAction":[{"@type":"SearchAction","target":{"@type":"EntryPoint","urlTemplate":"https:\/\/brillancy.hu\/?s={search_term_string}"},"query-input":{"@type":"PropertyValueSpecification","valueRequired":true,"valueName":"search_term_string"}}],"inLanguage":"en-GB"}]}},"_links":{"self":[{"href":"https:\/\/brillancy.hu\/en\/wp-json\/wp\/v2\/product\/5971","targetHints":{"allow":["GET"]}}],"collection":[{"href":"https:\/\/brillancy.hu\/en\/wp-json\/wp\/v2\/product"}],"about":[{"href":"https:\/\/brillancy.hu\/en\/wp-json\/wp\/v2\/types\/product"}],"replies":[{"embeddable":true,"href":"https:\/\/brillancy.hu\/en\/wp-json\/wp\/v2\/comments?post=5971"}],"wp:featuredmedia":[{"embeddable":true,"href":"https:\/\/brillancy.hu\/en\/wp-json\/wp\/v2\/media\/11924"}],"wp:attachment":[{"href":"https:\/\/brillancy.hu\/en\/wp-json\/wp\/v2\/media?parent=5971"}],"wp:term":[{"taxonomy":"product_brand","embeddable":true,"href":"https:\/\/brillancy.hu\/en\/wp-json\/wp\/v2\/product_brand?post=5971"},{"taxonomy":"product_cat","embeddable":true,"href":"https:\/\/brillancy.hu\/en\/wp-json\/wp\/v2\/product_cat?post=5971"},{"taxonomy":"product_tag","embeddable":true,"href":"https:\/\/brillancy.hu\/en\/wp-json\/wp\/v2\/product_tag?post=5971"}],"curies":[{"name":"wp","href":"https:\/\/api.w.org\/{rel}","templated":true}]}}