{"id":5970,"date":"2025-01-31T18:18:22","date_gmt":"2025-01-31T17:18:22","guid":{"rendered":"https:\/\/brillancy.hu\/?post_type=product&#038;p=5970"},"modified":"2025-11-08T19:33:23","modified_gmt":"2025-11-08T18:33:23","slug":"rayna-gyemant-gyuru","status":"publish","type":"product","link":"https:\/\/brillancy.hu\/en\/product\/rayna-gyemant-gyuru\/","title":{"rendered":"Rayna diamond ring"},"content":{"rendered":"<p><strong>Rayna diamond ring<\/strong><\/p>\n<p><strong>The designer&#039;s recommendation:<\/strong><\/p>\n<p>Playfully twisting with the lines and asymmetrical appearance is the <strong>14-karat gold diamond ring<\/strong>\u00a0special and they&#039;re easy on the hearts. Four-claw slot in a fabulous\u00a0<strong>brilliant cut, 4 mm in diameter and 0.25 ct of natural diamonds<\/strong>\u00a0shine. The gems in the great stresses that the claws of the ordinary after 45 degrees turned from me, and that little twist perfect for the wave form design. For those who love the it&#039;s not every day jewelry.<\/p>\n<ul>\n<li><strong>Material:<\/strong> gold<\/li>\n<li><strong>Fineness<\/strong>: 585 thousandth, 14 carat<\/li>\n<li><strong>Gemstone<\/strong>: brilliant cut natural diamonds<\/li>\n<\/ul>\n<p>&nbsp;<\/p>\n<p><strong>Eternal life guarantee:<\/strong>\u00a0the jewelry structure of the material errors and gems<\/p>\n<p><strong>Free renewal:<\/strong> We take your diamond ring, free scratch-free sales of and purification of five times (once a year) the purchase within five years.<\/p>\n<p><strong>Free size adjustment:\u00a0<\/strong>If you haven&#039;t found the correct size, we will take the ring free size adjustments.<\/p>\n<p><strong>Gift box:\u00a0<\/strong>The ring is a gift in the box set, and several kinds of colors You can pick out!<\/p>\n<p><strong>Can be ordered in white, yellow or rose gold colors.<\/strong><\/p>\n<p><strong>I like the Rayna diamond ring, but a different size diamonds, or colorful gems did you imagine it?<\/strong>\u00a0It&#039;s not a problem. We like to give you an offer to the expected ideas. Find us confidence on the phone +36 30 539 1179 number, or the\u00a0<a href=\"mailto:info@brillancy.hu\">info@brillancy.hu<\/a>\u00a0e-mail address.<\/p>\n<p><strong>Pay scrap gold<\/strong>\u00a0Damaged, old, or never used gold hiding at home in the cupboards? Bring it in to us and it will be transferred to you the chosen jewellery price.<\/p>","protected":false},"excerpt":{"rendered":"<p>Fine line diamond ring Lovely Natural ladies. Rayna dazzling diamond ring Favorable price, eternal life guarantee.<\/p>","protected":false},"featured_media":11684,"comment_status":"closed","ping_status":"closed","template":"","meta":[],"product_brand":[],"product_cat":[35,17,39,22,31],"product_tag":[],"class_list":{"0":"post-5970","1":"product","2":"type-product","3":"status-publish","4":"has-post-thumbnail","6":"product_cat-egykoves","7":"product_cat-eljegyzesi-gyuruk","8":"product_cat-gyemant","9":"product_cat-kerek","10":"product_cat-termeszet-inspiralta","12":"first","13":"instock","14":"purchasable","15":"product-type-variable"},"yoast_head":"<!-- This site is optimized with the Yoast SEO Premium plugin v27.0 (Yoast SEO v27.0) - https:\/\/yoast.com\/product\/yoast-seo-premium-wordpress\/ -->\n<title>Rayna gy\u00e9m\u00e1nt gy\u0171r\u0171 - Brillancy<\/title>\n<meta name=\"description\" content=\"J\u00e1t\u00e9kosan kanyarg\u00f3 vonalaival \u00e9s aszimmetrikus megjelen\u00e9s\u00e9vel v\u00e1lik ez a 14 kar\u00e1tos Rayna gy\u00e9m\u00e1nt gy\u0171r\u0171\u00a0k\u00fcl\u00f6nlegess\u00e9 \u00e9s lopja be mag\u00e1t k\u00f6nnyen a sz\u00edvekbe.\" \/>\n<meta name=\"robots\" content=\"index, follow, max-snippet:-1, max-image-preview:large, max-video-preview:-1\" \/>\n<link rel=\"canonical\" href=\"https:\/\/brillancy.hu\/en\/product\/rayna-gyemant-gyuru\/\" \/>\n<meta property=\"og:locale\" content=\"en_GB\" \/>\n<meta property=\"og:type\" content=\"article\" \/>\n<meta property=\"og:title\" content=\"Rayna gy\u00e9m\u00e1nt gy\u0171r\u0171\" \/>\n<meta property=\"og:description\" content=\"J\u00e1t\u00e9kosan kanyarg\u00f3 vonalaival \u00e9s aszimmetrikus megjelen\u00e9s\u00e9vel v\u00e1lik ez a 14 kar\u00e1tos Rayna gy\u00e9m\u00e1nt gy\u0171r\u0171\u00a0k\u00fcl\u00f6nlegess\u00e9 \u00e9s lopja be mag\u00e1t k\u00f6nnyen a sz\u00edvekbe.\" \/>\n<meta property=\"og:url\" content=\"https:\/\/brillancy.hu\/en\/product\/rayna-gyemant-gyuru\/\" \/>\n<meta property=\"og:site_name\" content=\"Brillancy\" \/>\n<meta property=\"article:modified_time\" content=\"2025-11-08T18:33:23+00:00\" \/>\n<meta property=\"og:image\" content=\"https:\/\/brillancy.hu\/wp-content\/uploads\/2025\/01\/rayna1.png\" \/>\n\t<meta property=\"og:image:width\" content=\"1024\" \/>\n\t<meta property=\"og:image:height\" content=\"1024\" \/>\n\t<meta property=\"og:image:type\" content=\"image\/png\" \/>\n<meta name=\"twitter:card\" content=\"summary_large_image\" \/>\n<meta name=\"twitter:label1\" content=\"Estimated reading time\" \/>\n\t<meta name=\"twitter:data1\" content=\"2 minutes\" \/>\n<script type=\"application\/ld+json\" class=\"yoast-schema-graph\">{\"@context\":\"https:\/\/schema.org\",\"@graph\":[{\"@type\":\"WebPage\",\"@id\":\"https:\/\/brillancy.hu\/product\/rayna-gyemant-gyuru\/\",\"url\":\"https:\/\/brillancy.hu\/product\/rayna-gyemant-gyuru\/\",\"name\":\"Rayna gy\u00e9m\u00e1nt gy\u0171r\u0171 - Brillancy\",\"isPartOf\":{\"@id\":\"https:\/\/brillancy.hu\/#website\"},\"primaryImageOfPage\":{\"@id\":\"https:\/\/brillancy.hu\/product\/rayna-gyemant-gyuru\/#primaryimage\"},\"image\":{\"@id\":\"https:\/\/brillancy.hu\/product\/rayna-gyemant-gyuru\/#primaryimage\"},\"thumbnailUrl\":\"https:\/\/brillancy.hu\/wp-content\/uploads\/2025\/01\/rayna1.png\",\"datePublished\":\"2025-01-31T17:18:22+00:00\",\"dateModified\":\"2025-11-08T18:33:23+00:00\",\"description\":\"J\u00e1t\u00e9kosan kanyarg\u00f3 vonalaival \u00e9s aszimmetrikus megjelen\u00e9s\u00e9vel v\u00e1lik ez a 14 kar\u00e1tos Rayna gy\u00e9m\u00e1nt gy\u0171r\u0171\u00a0k\u00fcl\u00f6nlegess\u00e9 \u00e9s lopja be mag\u00e1t k\u00f6nnyen a sz\u00edvekbe.\",\"breadcrumb\":{\"@id\":\"https:\/\/brillancy.hu\/product\/rayna-gyemant-gyuru\/#breadcrumb\"},\"inLanguage\":\"en-GB\",\"potentialAction\":[{\"@type\":\"ReadAction\",\"target\":[\"https:\/\/brillancy.hu\/product\/rayna-gyemant-gyuru\/\"]}]},{\"@type\":\"ImageObject\",\"inLanguage\":\"en-GB\",\"@id\":\"https:\/\/brillancy.hu\/product\/rayna-gyemant-gyuru\/#primaryimage\",\"url\":\"https:\/\/brillancy.hu\/wp-content\/uploads\/2025\/01\/rayna1.png\",\"contentUrl\":\"https:\/\/brillancy.hu\/wp-content\/uploads\/2025\/01\/rayna1.png\",\"width\":1024,\"height\":1024,\"caption\":\"Rayna gy\u00e9m\u00e1nt gy\u0171r\u0171\"},{\"@type\":\"BreadcrumbList\",\"@id\":\"https:\/\/brillancy.hu\/product\/rayna-gyemant-gyuru\/#breadcrumb\",\"itemListElement\":[{\"@type\":\"ListItem\",\"position\":1,\"name\":\"Home\",\"item\":\"https:\/\/brillancy.hu\/\"},{\"@type\":\"ListItem\",\"position\":2,\"name\":\"Term\u00e9kek\",\"item\":\"https:\/\/brillancy.hu\/termekek\/\"},{\"@type\":\"ListItem\",\"position\":3,\"name\":\"Rayna gy\u00e9m\u00e1nt gy\u0171r\u0171\"}]},{\"@type\":\"WebSite\",\"@id\":\"https:\/\/brillancy.hu\/#website\",\"url\":\"https:\/\/brillancy.hu\/\",\"name\":\"Brillancy\",\"description\":\"\",\"potentialAction\":[{\"@type\":\"SearchAction\",\"target\":{\"@type\":\"EntryPoint\",\"urlTemplate\":\"https:\/\/brillancy.hu\/?s={search_term_string}\"},\"query-input\":{\"@type\":\"PropertyValueSpecification\",\"valueRequired\":true,\"valueName\":\"search_term_string\"}}],\"inLanguage\":\"en-GB\"}]}<\/script>\n<!-- \/ Yoast SEO Premium plugin. -->","yoast_head_json":{"title":"Rayna gy\u00e9m\u00e1nt gy\u0171r\u0171 - Brillancy","description":"J\u00e1t\u00e9kosan kanyarg\u00f3 vonalaival \u00e9s aszimmetrikus megjelen\u00e9s\u00e9vel v\u00e1lik ez a 14 kar\u00e1tos Rayna gy\u00e9m\u00e1nt gy\u0171r\u0171\u00a0k\u00fcl\u00f6nlegess\u00e9 \u00e9s lopja be mag\u00e1t k\u00f6nnyen a sz\u00edvekbe.","robots":{"index":"index","follow":"follow","max-snippet":"max-snippet:-1","max-image-preview":"max-image-preview:large","max-video-preview":"max-video-preview:-1"},"canonical":"https:\/\/brillancy.hu\/en\/product\/rayna-gyemant-gyuru\/","og_locale":"en_GB","og_type":"article","og_title":"Rayna gy\u00e9m\u00e1nt gy\u0171r\u0171","og_description":"J\u00e1t\u00e9kosan kanyarg\u00f3 vonalaival \u00e9s aszimmetrikus megjelen\u00e9s\u00e9vel v\u00e1lik ez a 14 kar\u00e1tos Rayna gy\u00e9m\u00e1nt gy\u0171r\u0171\u00a0k\u00fcl\u00f6nlegess\u00e9 \u00e9s lopja be mag\u00e1t k\u00f6nnyen a sz\u00edvekbe.","og_url":"https:\/\/brillancy.hu\/en\/product\/rayna-gyemant-gyuru\/","og_site_name":"Brillancy","article_modified_time":"2025-11-08T18:33:23+00:00","og_image":[{"width":1024,"height":1024,"url":"https:\/\/brillancy.hu\/wp-content\/uploads\/2025\/01\/rayna1.png","type":"image\/png"}],"twitter_card":"summary_large_image","twitter_misc":{"Estimated reading time":"2 minutes"},"schema":{"@context":"https:\/\/schema.org","@graph":[{"@type":"WebPage","@id":"https:\/\/brillancy.hu\/product\/rayna-gyemant-gyuru\/","url":"https:\/\/brillancy.hu\/product\/rayna-gyemant-gyuru\/","name":"Rayna gy\u00e9m\u00e1nt gy\u0171r\u0171 - Brillancy","isPartOf":{"@id":"https:\/\/brillancy.hu\/#website"},"primaryImageOfPage":{"@id":"https:\/\/brillancy.hu\/product\/rayna-gyemant-gyuru\/#primaryimage"},"image":{"@id":"https:\/\/brillancy.hu\/product\/rayna-gyemant-gyuru\/#primaryimage"},"thumbnailUrl":"https:\/\/brillancy.hu\/wp-content\/uploads\/2025\/01\/rayna1.png","datePublished":"2025-01-31T17:18:22+00:00","dateModified":"2025-11-08T18:33:23+00:00","description":"J\u00e1t\u00e9kosan kanyarg\u00f3 vonalaival \u00e9s aszimmetrikus megjelen\u00e9s\u00e9vel v\u00e1lik ez a 14 kar\u00e1tos Rayna gy\u00e9m\u00e1nt gy\u0171r\u0171\u00a0k\u00fcl\u00f6nlegess\u00e9 \u00e9s lopja be mag\u00e1t k\u00f6nnyen a sz\u00edvekbe.","breadcrumb":{"@id":"https:\/\/brillancy.hu\/product\/rayna-gyemant-gyuru\/#breadcrumb"},"inLanguage":"en-GB","potentialAction":[{"@type":"ReadAction","target":["https:\/\/brillancy.hu\/product\/rayna-gyemant-gyuru\/"]}]},{"@type":"ImageObject","inLanguage":"en-GB","@id":"https:\/\/brillancy.hu\/product\/rayna-gyemant-gyuru\/#primaryimage","url":"https:\/\/brillancy.hu\/wp-content\/uploads\/2025\/01\/rayna1.png","contentUrl":"https:\/\/brillancy.hu\/wp-content\/uploads\/2025\/01\/rayna1.png","width":1024,"height":1024,"caption":"Rayna gy\u00e9m\u00e1nt gy\u0171r\u0171"},{"@type":"BreadcrumbList","@id":"https:\/\/brillancy.hu\/product\/rayna-gyemant-gyuru\/#breadcrumb","itemListElement":[{"@type":"ListItem","position":1,"name":"Home","item":"https:\/\/brillancy.hu\/"},{"@type":"ListItem","position":2,"name":"Term\u00e9kek","item":"https:\/\/brillancy.hu\/termekek\/"},{"@type":"ListItem","position":3,"name":"Rayna gy\u00e9m\u00e1nt gy\u0171r\u0171"}]},{"@type":"WebSite","@id":"https:\/\/brillancy.hu\/#website","url":"https:\/\/brillancy.hu\/","name":"Brillancy","description":"","potentialAction":[{"@type":"SearchAction","target":{"@type":"EntryPoint","urlTemplate":"https:\/\/brillancy.hu\/?s={search_term_string}"},"query-input":{"@type":"PropertyValueSpecification","valueRequired":true,"valueName":"search_term_string"}}],"inLanguage":"en-GB"}]}},"_links":{"self":[{"href":"https:\/\/brillancy.hu\/en\/wp-json\/wp\/v2\/product\/5970","targetHints":{"allow":["GET"]}}],"collection":[{"href":"https:\/\/brillancy.hu\/en\/wp-json\/wp\/v2\/product"}],"about":[{"href":"https:\/\/brillancy.hu\/en\/wp-json\/wp\/v2\/types\/product"}],"replies":[{"embeddable":true,"href":"https:\/\/brillancy.hu\/en\/wp-json\/wp\/v2\/comments?post=5970"}],"wp:featuredmedia":[{"embeddable":true,"href":"https:\/\/brillancy.hu\/en\/wp-json\/wp\/v2\/media\/11684"}],"wp:attachment":[{"href":"https:\/\/brillancy.hu\/en\/wp-json\/wp\/v2\/media?parent=5970"}],"wp:term":[{"taxonomy":"product_brand","embeddable":true,"href":"https:\/\/brillancy.hu\/en\/wp-json\/wp\/v2\/product_brand?post=5970"},{"taxonomy":"product_cat","embeddable":true,"href":"https:\/\/brillancy.hu\/en\/wp-json\/wp\/v2\/product_cat?post=5970"},{"taxonomy":"product_tag","embeddable":true,"href":"https:\/\/brillancy.hu\/en\/wp-json\/wp\/v2\/product_tag?post=5970"}],"curies":[{"name":"wp","href":"https:\/\/api.w.org\/{rel}","templated":true}]}}