{"id":5968,"date":"2025-01-31T18:18:22","date_gmt":"2025-01-31T17:18:22","guid":{"rendered":"https:\/\/brillancy.hu\/?post_type=product&#038;p=5968"},"modified":"2025-10-17T10:56:18","modified_gmt":"2025-10-17T09:56:18","slug":"scarlett-rubin-eljegyzesi-gyuru","status":"publish","type":"product","link":"https:\/\/brillancy.hu\/en\/product\/scarlett-rubin-eljegyzesi-gyuru\/","title":{"rendered":"Scarlett ruby engagement ring"},"content":{"rendered":"<p><strong>Scarlett ruby engagement ring<\/strong><\/p>\n<p><strong>Designer&#039;s recommendation:<\/strong><\/p>\n<p>Amazing\u00a0<strong>14 karat gold engagement ring<\/strong>by the beach squiggly waves inspired by. The dynamic, undulating lines entangled the unite the unique design, light transmission slot, in which a<strong>\u00a00,20 ct-os, 3.5 mm in diameter, brilliant cut rubies place.<\/strong> I hold the gold, the gems, like the sea in contact with the pebbles on the beach. Artistic mystery, decorative form world and cheerful playfulness is typical. These are the qualities, thanks to a very spectacular model, he immediately grabs the eyes. Massive, however, special lines, beautiful curves for a graceful, airy jewellery poem. We recommend all as individuals!<\/p>\n<ul>\n<li><strong>Material:<\/strong>\u00a0gold<\/li>\n<li><strong>Fineness<\/strong>: 585 thousandth, 14 carat<\/li>\n<li><strong>Gemstone<\/strong>: brilliant cut rubies<\/li>\n<\/ul>\n<p>&nbsp;<\/p>\n<p><strong>Eternal life guarantee:<\/strong>\u00a0the jewelry structure of the material errors and gems<\/p>\n<p><strong>Free renewal:<\/strong>\u00a0We take your engagement ring free scratch-free sales of and purification of five times (once a year) the purchase within five years.<\/p>\n<p><strong>Free size adjustment:\u00a0<\/strong>If you haven&#039;t found the correct size, we will take the ring free size adjustments.<\/p>\n<p><strong>Gift box:\u00a0<\/strong>The ring is a gift in the box set, and several kinds of colors You can pick out!<\/p>\n<p><strong>Pay scrap gold<\/strong>\u00a0Damaged, old, or never used gold hiding at home in the cupboards? Bring it in to us and high count For the selected engagement ring price.<\/p>\n<p><strong>I like the Scarlett ruby engagement ring, but a different size<\/strong><strong>maybe a different color gems did you imagine it? It&#039;s not a problem. We like to give an offer to the expected ideas. Find us confidence on the phone +36 30 539 1179 number, or the\u00a0<\/strong><a href=\"mailto:info@brillancy.hu\"><strong>info@brillancy.hu<\/strong><\/a><strong>\u00a0e-mail address.<\/strong><\/p>\n<p>&nbsp;<\/p>","protected":false},"excerpt":{"rendered":"<p>Fine line diamond ring, which any occasion perfect gift! Scarlett dazzling diamond ring, affordable price, eternal life is guaranteed!<\/p>","protected":false},"featured_media":11495,"comment_status":"closed","ping_status":"closed","template":"","meta":[],"product_brand":[],"product_cat":[35,17,22,44,31],"product_tag":[],"class_list":{"0":"post-5968","1":"product","2":"type-product","3":"status-publish","4":"has-post-thumbnail","6":"product_cat-egykoves","7":"product_cat-eljegyzesi-gyuruk","8":"product_cat-kerek","9":"product_cat-rubin","10":"product_cat-termeszet-inspiralta","12":"first","13":"instock","14":"purchasable","15":"product-type-simple"},"yoast_head":"<!-- This site is optimized with the Yoast SEO Premium plugin v27.0 (Yoast SEO v27.4) - https:\/\/yoast.com\/product\/yoast-seo-premium-wordpress\/ -->\n<title>Scarlett rubin eljegyz\u00e9si gy\u0171r\u0171 - Brillancy<\/title>\n<meta name=\"description\" content=\"Scarlett feh\u00e9rarany eljegyz\u00e9si gy\u0171r\u0171\u00c1mulatba ejt\u0151\u00a014 kar\u00e1tos aranyb\u00f3l k\u00e9sz\u00fclt eljegyz\u00e9si gy\u0171r\u0171, melyet a tengerparton tekerg\u0151 hull\u00e1mok ihlettek.\" \/>\n<meta name=\"robots\" content=\"index, follow, max-snippet:-1, max-image-preview:large, max-video-preview:-1\" \/>\n<link rel=\"canonical\" href=\"https:\/\/brillancy.hu\/en\/product\/scarlett-rubin-eljegyzesi-gyuru\/\" \/>\n<meta property=\"og:locale\" content=\"en_GB\" \/>\n<meta property=\"og:type\" content=\"article\" \/>\n<meta property=\"og:title\" content=\"Scarlett rubin eljegyz\u00e9si gy\u0171r\u0171\" \/>\n<meta property=\"og:description\" content=\"Scarlett feh\u00e9rarany eljegyz\u00e9si gy\u0171r\u0171\u00c1mulatba ejt\u0151\u00a014 kar\u00e1tos aranyb\u00f3l k\u00e9sz\u00fclt eljegyz\u00e9si gy\u0171r\u0171, melyet a tengerparton tekerg\u0151 hull\u00e1mok ihlettek.\" \/>\n<meta property=\"og:url\" content=\"https:\/\/brillancy.hu\/en\/product\/scarlett-rubin-eljegyzesi-gyuru\/\" \/>\n<meta property=\"og:site_name\" content=\"Brillancy\" \/>\n<meta property=\"article:modified_time\" content=\"2025-10-17T09:56:18+00:00\" \/>\n<meta property=\"og:image\" content=\"https:\/\/brillancy.hu\/wp-content\/uploads\/2025\/01\/scarlett.png\" \/>\n\t<meta property=\"og:image:width\" content=\"1024\" \/>\n\t<meta property=\"og:image:height\" content=\"1024\" \/>\n\t<meta property=\"og:image:type\" content=\"image\/png\" \/>\n<meta name=\"twitter:card\" content=\"summary_large_image\" \/>\n<meta name=\"twitter:label1\" content=\"Estimated reading time\" \/>\n\t<meta name=\"twitter:data1\" content=\"2 minutes\" \/>\n<script type=\"application\/ld+json\" class=\"yoast-schema-graph\">{\"@context\":\"https:\\\/\\\/schema.org\",\"@graph\":[{\"@type\":\"WebPage\",\"@id\":\"https:\\\/\\\/brillancy.hu\\\/product\\\/scarlett-rubin-eljegyzesi-gyuru\\\/\",\"url\":\"https:\\\/\\\/brillancy.hu\\\/product\\\/scarlett-rubin-eljegyzesi-gyuru\\\/\",\"name\":\"Scarlett rubin eljegyz\u00e9si gy\u0171r\u0171 - Brillancy\",\"isPartOf\":{\"@id\":\"https:\\\/\\\/brillancy.hu\\\/#website\"},\"primaryImageOfPage\":{\"@id\":\"https:\\\/\\\/brillancy.hu\\\/product\\\/scarlett-rubin-eljegyzesi-gyuru\\\/#primaryimage\"},\"image\":{\"@id\":\"https:\\\/\\\/brillancy.hu\\\/product\\\/scarlett-rubin-eljegyzesi-gyuru\\\/#primaryimage\"},\"thumbnailUrl\":\"https:\\\/\\\/brillancy.hu\\\/wp-content\\\/uploads\\\/2025\\\/01\\\/scarlett.png\",\"datePublished\":\"2025-01-31T17:18:22+00:00\",\"dateModified\":\"2025-10-17T09:56:18+00:00\",\"description\":\"Scarlett feh\u00e9rarany eljegyz\u00e9si gy\u0171r\u0171\u00c1mulatba ejt\u0151\u00a014 kar\u00e1tos aranyb\u00f3l k\u00e9sz\u00fclt eljegyz\u00e9si gy\u0171r\u0171, melyet a tengerparton tekerg\u0151 hull\u00e1mok ihlettek.\",\"breadcrumb\":{\"@id\":\"https:\\\/\\\/brillancy.hu\\\/product\\\/scarlett-rubin-eljegyzesi-gyuru\\\/#breadcrumb\"},\"inLanguage\":\"en-GB\",\"potentialAction\":[{\"@type\":\"ReadAction\",\"target\":[\"https:\\\/\\\/brillancy.hu\\\/product\\\/scarlett-rubin-eljegyzesi-gyuru\\\/\"]}]},{\"@type\":\"ImageObject\",\"inLanguage\":\"en-GB\",\"@id\":\"https:\\\/\\\/brillancy.hu\\\/product\\\/scarlett-rubin-eljegyzesi-gyuru\\\/#primaryimage\",\"url\":\"https:\\\/\\\/brillancy.hu\\\/wp-content\\\/uploads\\\/2025\\\/01\\\/scarlett.png\",\"contentUrl\":\"https:\\\/\\\/brillancy.hu\\\/wp-content\\\/uploads\\\/2025\\\/01\\\/scarlett.png\",\"width\":1024,\"height\":1024,\"caption\":\"Scarlett rubin eljegyz\u00e9si gy\u0171r\u0171\"},{\"@type\":\"BreadcrumbList\",\"@id\":\"https:\\\/\\\/brillancy.hu\\\/product\\\/scarlett-rubin-eljegyzesi-gyuru\\\/#breadcrumb\",\"itemListElement\":[{\"@type\":\"ListItem\",\"position\":1,\"name\":\"Home\",\"item\":\"https:\\\/\\\/brillancy.hu\\\/\"},{\"@type\":\"ListItem\",\"position\":2,\"name\":\"Term\u00e9kek\",\"item\":\"https:\\\/\\\/brillancy.hu\\\/termekek\\\/\"},{\"@type\":\"ListItem\",\"position\":3,\"name\":\"Scarlett rubin eljegyz\u00e9si gy\u0171r\u0171\"}]},{\"@type\":\"WebSite\",\"@id\":\"https:\\\/\\\/brillancy.hu\\\/#website\",\"url\":\"https:\\\/\\\/brillancy.hu\\\/\",\"name\":\"Brillancy\",\"description\":\"\",\"potentialAction\":[{\"@type\":\"SearchAction\",\"target\":{\"@type\":\"EntryPoint\",\"urlTemplate\":\"https:\\\/\\\/brillancy.hu\\\/?s={search_term_string}\"},\"query-input\":{\"@type\":\"PropertyValueSpecification\",\"valueRequired\":true,\"valueName\":\"search_term_string\"}}],\"inLanguage\":\"en-GB\"}]}<\/script>\n<!-- \/ Yoast SEO Premium plugin. -->","yoast_head_json":{"title":"Scarlett rubin eljegyz\u00e9si gy\u0171r\u0171 - Brillancy","description":"Scarlett feh\u00e9rarany eljegyz\u00e9si gy\u0171r\u0171\u00c1mulatba ejt\u0151\u00a014 kar\u00e1tos aranyb\u00f3l k\u00e9sz\u00fclt eljegyz\u00e9si gy\u0171r\u0171, melyet a tengerparton tekerg\u0151 hull\u00e1mok ihlettek.","robots":{"index":"index","follow":"follow","max-snippet":"max-snippet:-1","max-image-preview":"max-image-preview:large","max-video-preview":"max-video-preview:-1"},"canonical":"https:\/\/brillancy.hu\/en\/product\/scarlett-rubin-eljegyzesi-gyuru\/","og_locale":"en_GB","og_type":"article","og_title":"Scarlett rubin eljegyz\u00e9si gy\u0171r\u0171","og_description":"Scarlett feh\u00e9rarany eljegyz\u00e9si gy\u0171r\u0171\u00c1mulatba ejt\u0151\u00a014 kar\u00e1tos aranyb\u00f3l k\u00e9sz\u00fclt eljegyz\u00e9si gy\u0171r\u0171, melyet a tengerparton tekerg\u0151 hull\u00e1mok ihlettek.","og_url":"https:\/\/brillancy.hu\/en\/product\/scarlett-rubin-eljegyzesi-gyuru\/","og_site_name":"Brillancy","article_modified_time":"2025-10-17T09:56:18+00:00","og_image":[{"width":1024,"height":1024,"url":"https:\/\/brillancy.hu\/wp-content\/uploads\/2025\/01\/scarlett.png","type":"image\/png"}],"twitter_card":"summary_large_image","twitter_misc":{"Estimated reading time":"2 minutes"},"schema":{"@context":"https:\/\/schema.org","@graph":[{"@type":"WebPage","@id":"https:\/\/brillancy.hu\/product\/scarlett-rubin-eljegyzesi-gyuru\/","url":"https:\/\/brillancy.hu\/product\/scarlett-rubin-eljegyzesi-gyuru\/","name":"Scarlett rubin eljegyz\u00e9si gy\u0171r\u0171 - Brillancy","isPartOf":{"@id":"https:\/\/brillancy.hu\/#website"},"primaryImageOfPage":{"@id":"https:\/\/brillancy.hu\/product\/scarlett-rubin-eljegyzesi-gyuru\/#primaryimage"},"image":{"@id":"https:\/\/brillancy.hu\/product\/scarlett-rubin-eljegyzesi-gyuru\/#primaryimage"},"thumbnailUrl":"https:\/\/brillancy.hu\/wp-content\/uploads\/2025\/01\/scarlett.png","datePublished":"2025-01-31T17:18:22+00:00","dateModified":"2025-10-17T09:56:18+00:00","description":"Scarlett feh\u00e9rarany eljegyz\u00e9si gy\u0171r\u0171\u00c1mulatba ejt\u0151\u00a014 kar\u00e1tos aranyb\u00f3l k\u00e9sz\u00fclt eljegyz\u00e9si gy\u0171r\u0171, melyet a tengerparton tekerg\u0151 hull\u00e1mok ihlettek.","breadcrumb":{"@id":"https:\/\/brillancy.hu\/product\/scarlett-rubin-eljegyzesi-gyuru\/#breadcrumb"},"inLanguage":"en-GB","potentialAction":[{"@type":"ReadAction","target":["https:\/\/brillancy.hu\/product\/scarlett-rubin-eljegyzesi-gyuru\/"]}]},{"@type":"ImageObject","inLanguage":"en-GB","@id":"https:\/\/brillancy.hu\/product\/scarlett-rubin-eljegyzesi-gyuru\/#primaryimage","url":"https:\/\/brillancy.hu\/wp-content\/uploads\/2025\/01\/scarlett.png","contentUrl":"https:\/\/brillancy.hu\/wp-content\/uploads\/2025\/01\/scarlett.png","width":1024,"height":1024,"caption":"Scarlett rubin eljegyz\u00e9si gy\u0171r\u0171"},{"@type":"BreadcrumbList","@id":"https:\/\/brillancy.hu\/product\/scarlett-rubin-eljegyzesi-gyuru\/#breadcrumb","itemListElement":[{"@type":"ListItem","position":1,"name":"Home","item":"https:\/\/brillancy.hu\/"},{"@type":"ListItem","position":2,"name":"Term\u00e9kek","item":"https:\/\/brillancy.hu\/termekek\/"},{"@type":"ListItem","position":3,"name":"Scarlett rubin eljegyz\u00e9si gy\u0171r\u0171"}]},{"@type":"WebSite","@id":"https:\/\/brillancy.hu\/#website","url":"https:\/\/brillancy.hu\/","name":"Brillancy","description":"","potentialAction":[{"@type":"SearchAction","target":{"@type":"EntryPoint","urlTemplate":"https:\/\/brillancy.hu\/?s={search_term_string}"},"query-input":{"@type":"PropertyValueSpecification","valueRequired":true,"valueName":"search_term_string"}}],"inLanguage":"en-GB"}]}},"_links":{"self":[{"href":"https:\/\/brillancy.hu\/en\/wp-json\/wp\/v2\/product\/5968","targetHints":{"allow":["GET"]}}],"collection":[{"href":"https:\/\/brillancy.hu\/en\/wp-json\/wp\/v2\/product"}],"about":[{"href":"https:\/\/brillancy.hu\/en\/wp-json\/wp\/v2\/types\/product"}],"replies":[{"embeddable":true,"href":"https:\/\/brillancy.hu\/en\/wp-json\/wp\/v2\/comments?post=5968"}],"wp:featuredmedia":[{"embeddable":true,"href":"https:\/\/brillancy.hu\/en\/wp-json\/wp\/v2\/media\/11495"}],"wp:attachment":[{"href":"https:\/\/brillancy.hu\/en\/wp-json\/wp\/v2\/media?parent=5968"}],"wp:term":[{"taxonomy":"product_brand","embeddable":true,"href":"https:\/\/brillancy.hu\/en\/wp-json\/wp\/v2\/product_brand?post=5968"},{"taxonomy":"product_cat","embeddable":true,"href":"https:\/\/brillancy.hu\/en\/wp-json\/wp\/v2\/product_cat?post=5968"},{"taxonomy":"product_tag","embeddable":true,"href":"https:\/\/brillancy.hu\/en\/wp-json\/wp\/v2\/product_tag?post=5968"}],"curies":[{"name":"wp","href":"https:\/\/api.w.org\/{rel}","templated":true}]}}